{"id":47821,"date":"2019-08-19T15:12:40","date_gmt":"2019-08-19T13:12:40","guid":{"rendered":"http:\/\/136.144.181.85\/~nedzink\/determinarea-capacitatii-necesare-pentru-jgheaburi-si-burlane\/"},"modified":"2019-08-19T15:12:40","modified_gmt":"2019-08-19T13:12:40","slug":"determinarea-capacitatii-necesare-pentru-jgheaburi-si-burlane","status":"publish","type":"page","link":"https:\/\/www.nedzink.com\/ro\/determinarea-capacitatii-necesare-pentru-jgheaburi-si-burlane\/","title":{"rendered":"Determinarea capacit\u0103\u0163ii necesare pentru jgheaburi \u015fi burlane"},"content":{"rendered":"<h2>Cantitatea de precipita\u0163ii.<\/h2>\n<p>Rezultatele teoretice arat\u0103 c\u0103 &icirc;n Olanda intensitatea maxim\u0103 a ploii &icirc;n aceast\u0103 pozi\u021bie geografic\u0103 este de 540 &ndash; 600 (l\/s)\/ha). Dac\u0103 sistemul pluvial al unei cl\u0103diri se bazeaz\u0103 pe acest lucru, atunci sistemul pluvial nu va rev\u0103rsa. &Icirc;n termeni de standardizare s-a pus &icirc;ntrebarea dac\u0103 este realist costul unei dimensiuni mai mari de jgheab pentru o intensitate at&acirc;t de mare \u0219i pentru inconvenien\u0163a unei revers\u0103ri rare.<br \/>\nTrebuie luat\u0103 &icirc;n considerare capacitatea sistemului de canalizare public de a fi suficient pentru a acumula apa. Este de a\u015fteptat ca la fiecare 5 ani sistemul pluvial s\u0103 se reverse, ceea ce este considerat acceptabil. Acest risc implic\u0103 o intensitate a ploii de 0.03 (l\/s)\/m&sup2; sau 1.8 (l \/min)\/m&sup2;.<\/p>\n<p>Cantitatea ploii pe suprafa\u0163a de acoperi\u015f este determinat\u0103 de suprafa\u0163a efectiv\u0103 a acoperi\u015fului multiplicat\u0103 cu intensitatea ploii (i) l\/min. Dimensiunile sistemului pluvial poate fi calculat prin aceast\u0103 cantitate de ap\u0103 de ploaie care trebuie desc\u0103rcat\u0103 pe unitate de timp.<\/p>\n<h2>Calcularea dimensiunilor.<\/h2>\n<p>&Icirc;n calcularea capacit\u0103\u0163ii sistemului pluvial al unui acoperi\u015f pot fi determinate dimensiunile \u015fi num\u0103rul burlanelor. Alegerea jgheaburilor (standard) se face pe baza acestui calcul. Standardele din Olanda NEN 3215:2011 \u015fi NTR 3216:2012 servesc drept &icirc;ndrum\u0103toare pentru acest calcul.<\/p>\n<h3>&Icirc;nc\u0103rcarea ploii<\/h3>\n<p>Determinarea cantit\u0103\u0163ii de ploaie (Qh) de pe acoperi\u015f se calculeaz\u0103 cu ajutorul formulei:<\/p>\n<p>Qh =&nbsp; ( &alpha; x i ) x ( &szlig; x F )&nbsp; formula 1<br \/>\nQh =&nbsp;&nbsp; cantitatea de ploaie &icirc;n litri\/minut (l\/min.)<\/p>\n<h3>Tabel 1&nbsp; Factori de reduc\u0163ie pentru determinarea &icirc;nc\u0103rc\u0103rii burlanelor la o intensitate a ploii (i) de 1.8 (l \/ min)\/m&sup2;<\/h3>\n<p><img decoding=\"async\" alt=\"\" src=\"https:\/\/www.nedzink.com\/wp-content\/uploads\/import\/cms\/userfiles\/images\/divers\/tabel1eng.jpg\" style=\"width: 531px; height: 119px;\" \/><\/p>\n<p>Exepmple de acoperi\u0219 la fig. 1 \u0219i 2.<\/p>\n<p>&alpha;&nbsp; =&nbsp; factorul de reduc\u0163ie a intensit\u0103\u0163ii ploii pentru acoperi\u015furi plane<br \/>\n&alpha;&nbsp; =&nbsp; 0.60 acoperi\u015furi plane cu balast de pietri\u015f<br \/>\n&alpha;&nbsp; =&nbsp; 0.75 pentru alte acoperi\u015furi<br \/>\n&nbsp;&nbsp;&nbsp;&nbsp;&nbsp;&nbsp;&nbsp; Acoperi\u015furile plane descarc\u0103 apa mai &icirc;ncet, pentru toate celelalte cazuri (prin urmare toate acoperi\u015furile &icirc;n pant\u0103)<br \/>\n&nbsp;&nbsp;&nbsp;&nbsp;&nbsp;&nbsp;&nbsp; se aplic\u0103 &alpha; = 1,<br \/>\ni&nbsp;&nbsp; =&nbsp; intensitatea ploii de 1.8 litri\/minut\/m&sup2;<br \/>\n&szlig;&nbsp; =&nbsp; factorul de reduc\u0163ie pentru l\u0103\u0163imea acoperi\u015fului este determinat de panta acoperi\u015fului<br \/>\nF&nbsp; =&nbsp; suprafa\u0163a acoperi\u015fului<br \/>\n&nbsp;<\/p>\n<h3>The roof surface &ldquo;F&rdquo;<\/h3>\n<p>Figurile 1 \u0219i 2 reprezint\u0103 diverse forme de acoperi\u0219.<\/p>\n<p>Determinarea suprafe\u0163ei acoperi\u015fului &ldquo;F&rdquo;<\/p>\n<p>Suprafa\u0163a acoperi\u015fului este determinat\u0103 de lungimea (l) \u015fi l\u0103\u0163imea efectiv\u0103 (b). L\u0103\u0163imea efectiv\u0103 este determinat\u0103 de factorul de reducere &szlig;.<\/p>\n<p>L\u0103\u0163imea efectiv\u0103 a acoperi\u015fului \u015fi factorul de reducere &szlig;. Panta acoperi\u015fului &epsilon; determin\u0103 factorul de reducere &szlig;. De asemenea, pere\u0163ii contribuie la evacuarea apei pluviale ( &szlig; = 0.3). Standard, este indicat\u0103 aplicarea unei proiec\u0163ii ne-orizontale. Tabelul 1 indic\u0103 factorul de reducere pentru pante variate de acoperi\u015furi.<\/p>\n<p>Factorul de reducere &alpha; pentru acoperi\u015furi plane. Evacuarea apelor pluviale la acoperi\u015furile plane este &icirc;ncetinit\u0103. &Icirc;n acest scop, intensitatea ploii (i) de 1.8 l\/min\/m&sup2; este multiplicat\u0103 cu factorul &alpha;. Vezi tabel 1. Factorii de reducere &alpha; \u015fi &szlig; sunt &icirc;nsuma\u021bi &icirc;n tabelul 1.<\/p>\n<h2>Cantitatea total\u0103 de ap\u0103 de ploaie Qh poate fi astfel determinat\u0103 de formula 1.<\/h2>\n<h3>Dimensionarea burlanului<\/h3>\n<p>&Icirc;n primul r&acirc;nd trebuie determinat num\u0103rul de burlane (n). Cantitatea de ploaie ce trebuie evacuat\u0103 &icirc;n l\/min se afl\u0103 utiliz&acirc;nd formula 1.<\/p>\n<p>Condi\u0163ii prealabile:<\/p>\n<ul>\n<li>Num\u0103rul de burlane pe lungimea de jgheab, vezi tabel 2.<\/li>\n<li>Num\u0103rul de burlane pe m&sup2; de suprafa\u0163\u0103 de acoperi\u015f, vezi tabel 3.<\/li>\n<\/ul>\n<h3>Tabel 2.<br \/>\nNum\u0103rul min. de burlane pe lungime de jgheab.<br \/>\n&nbsp;<\/h3>\n<table border=\"1\" cellpadding=\"1\" cellspacing=\"1\" height=\"170\" width=\"348\">\n<tbody>\n<tr>\n<td>\n<p style=\"text-align: center;\">&nbsp;&nbsp;Dimensiuni&nbsp;&nbsp;<\/p>\n<\/td>\n<td>\n<p align=\"center\">Numarul minim de burlane raportat la lungimea jgheabului<\/p>\n<\/td>\n<\/tr>\n<tr>\n<td style=\"text-align: center;\">&Oslash;&nbsp;&nbsp; 70 mm&nbsp;<\/td>\n<td style=\"text-align: center;\">10 metri<\/td>\n<\/tr>\n<tr>\n<td>\n<p align=\"center\">&Oslash;&nbsp;&nbsp; 80 mm&nbsp;<\/p>\n<\/td>\n<td>\n<p align=\"center\">20 metri<\/p>\n<\/td>\n<\/tr>\n<tr>\n<td>\n<p align=\"center\">&Oslash;&nbsp;&nbsp; 100 mm&nbsp;<\/p>\n<\/td>\n<td>\n<p align=\"center\">20 metri<\/p>\n<\/td>\n<\/tr>\n<tr>\n<td>\n<p align=\"center\">&Oslash;&nbsp;&nbsp; 120 mm&nbsp;<\/p>\n<\/td>\n<td>\n<p align=\"center\">20 metri<\/p>\n<\/td>\n<\/tr>\n<\/tbody>\n<\/table>\n<p>&nbsp;<\/p>\n<h3>Tabel 3.<br \/>\nNum\u0103rul min. de burlane pe lungime de jgheab.<\/h3>\n<p><strong>Num\u0103rul min. de burlane pe lungime de jgheab.<\/strong><\/p>\n<table border=\"1\" cellpadding=\"1\" cellspacing=\"1\" height=\"93\" width=\"349\">\n<tbody>\n<tr>\n<td>\n<p align=\"center\">Suprafa\u0163a acoperi\u015fului<\/p>\n<\/td>\n<td>\n<p align=\"center\">Num\u0103rul de scurgeri<\/p>\n<\/td>\n<\/tr>\n<tr>\n<td>&nbsp;<\/td>\n<td>&nbsp;<\/td>\n<\/tr>\n<tr>\n<td>\n<p align=\"center\">&lt;100 m&sup2;&nbsp;&nbsp;<\/p>\n<\/td>\n<td>\n<p align=\"center\">min. 1<\/p>\n<\/td>\n<\/tr>\n<tr>\n<td>\n<p align=\"center\">&gt;100 m&sup2;&nbsp;&nbsp;<\/p>\n<\/td>\n<td>\n<p align=\"center\">min. 2<\/p>\n<\/td>\n<\/tr>\n<\/tbody>\n<\/table>\n<p>Pentru acoperi\u015furi plate:<br \/>\nDistan\u0163a dintre dou\u0103 elemente de drenaj trebuie limitat\u0103 de la 10 la 20 metri.<br \/>\nAmplasa\u0163i elementul la cel pu\u0163in 1 metru de col\u0163ul acoperi\u015fului.<\/p>\n<p>Cantitatea de ap\u0103 care trebuie evacuat\u0103 per burlan este&nbsp; &ldquo;Qh : n&rdquo; &icirc;n l\/min.<br \/>\n(n) = num\u0103rul scurgerilor.<\/p>\n<p>&nbsp;<\/p>\n<h3>Tabelul 4 arat\u0103 alegerea jgheabului standard de mici dimensiuni.<\/h3>\n<p>&Icirc;n func\u0163ie de circumstan\u0163e, num\u0103rul de burlane poate s\u0103 creasc\u0103.<\/p>\n<p>Jgheaburi mai mari ca cele minim necesare pot fi folosite &icirc;ntotdeauna.<\/p>\n<p>Jgheabul de acoperi\u015f trebuie a\u015fezat la baza pantei \u015fi instalat de jos &icirc;n sus.<\/p>\n<p>Pentru mai multe informa\u0163ii despre instalarea jgheabului de acoperi\u015f, vezi Manualul Tehnic NedZink.<\/p>\n<p><img decoding=\"async\" border=\"0\" src=\"https:\/\/www.nedzink.com\/wp-content\/uploads\/import\/cms\/userfiles\/images\/tz3_fig1.jpg\" \/><\/p>\n<p>&nbsp;<\/p>\n<h3>Exemple aritmetice<\/h3>\n<p>Exemplu Figura 1<\/p>\n<p>Dimensiuni.<\/p>\n<p>(L) = 22 m, (b) = 5 m, Panta acoperi\u015fului &epsilon; = 40&deg;<br \/>\nAcoperi\u015f simplu &alpha; = 1 and &szlig; = 1, vezi tabel 1<br \/>\nCalculul cantit\u0103\u0163ii de ploaie<br \/>\nQh = &alpha; x i x &szlig; x F<br \/>\n= 1 x 1,8 x 1 x (22 x 5)<br \/>\n= 198 l\/min.<\/p>\n<p>\nNum\u0103rul de burlane:<br \/>\nCondi\u0163ii prealabile<\/p>\n<ol>\n<li>num\u0103rul de scurgeri raportat la suprafa\u0163a acoperi\u015fului:<br \/>\n\tSuprafa\u0163a acoperi\u015fului (F) = 110 m2&nbsp;=&gt;&nbsp; min. 2 burlane, vezi tabel 3<\/li>\n<li>num\u0103rul de scurgeri raportat la lungimea jgheabului:<br \/>\n\tLungime jgheab 22 metri =&gt; min. 2 burlane &Oslash; 80 mm,&nbsp;vezi tabel 2. (element de dilatare necesar).<\/li>\n<\/ol>\n<p>Alegerea burlanelor:<br \/>\n2 burlane =&gt; 99 l\/min&nbsp; =&gt;&nbsp; tabel 4&nbsp; =&gt;&nbsp; &Oslash; 80 mm<\/p>\n<p>Alegerea unui jgheab &icirc;ngropat B37 sau a unui jgheab suspendat M37, vezi tabel 4 (37 indic\u0103 l\u0103\u0163imea desf\u0103\u015furat\u0103 &icirc;n cm.).<\/p>\n<p>\nTabel 4<\/p>\n<table border=\"1\" cellpadding=\"1\" cellspacing=\"1\" style=\"width: 600px;\">\n<tbody>\n<tr>\n<td>\n<p align=\"center\">Cantitatea max.<br \/>\n\t\t\tde ploaie<br \/>\n\t\t\tQh &icirc;n l\/min<\/p>\n<\/td>\n<td>\n<p align=\"center\">&Oslash; Burlan<br \/>\n\t\t\td &icirc;n mm<\/p>\n<\/td>\n<td>\n<p align=\"center\">Sec\u0163iunea transversal\u0103 min. (A)<br \/>\n\t\t\ta jgheabului<br \/>\n\t\t\tA &ge; 1.3 Di&sup2; &icirc;n cm&sup2;<\/p>\n<\/td>\n<td>\n<p align=\"center\">Cel mai mic tip de<br \/>\n\t\t\tjgheab standard **<\/p>\n<\/td>\n<\/tr>\n<tr>\n<td>\n<h3 align=\"center\">117<\/h3>\n<\/td>\n<td>\n<h3 align=\"center\">80*<\/h3>\n<\/td>\n<td>\n<h3 align=\"center\">79<\/h3>\n<\/td>\n<td>\n<h3 align=\"center\">B37 sau M37<\/h3>\n<\/td>\n<\/tr>\n<tr>\n<td>\n<h3 align=\"center\">210<\/h3>\n<\/td>\n<td>\n<h3 align=\"center\">100*<\/h3>\n<\/td>\n<td>\n<h3 align=\"center\">125<\/h3>\n<\/td>\n<td>\n<h3 align=\"center\">&nbsp;<\/h3>\n<h3 align=\"center\">B44 sau M44<\/h3>\n<\/td>\n<\/tr>\n<tr>\n<td>\n<h3 align=\"center\">338<\/h3>\n<\/td>\n<td>\n<h3 align=\"center\">120*<\/h3>\n<\/td>\n<td>\n<h3 align=\"center\">181<\/h3>\n<\/td>\n<td>\n<h3 align=\"center\">B55<\/h3>\n<\/td>\n<\/tr>\n<\/tbody>\n<\/table>\n<p>*&nbsp;&nbsp;&nbsp; burlane standard<br \/>\n**&nbsp;&nbsp; B = jgheab interior 37\/44\/55 = l\u0103\u0163imea def\u0103\u015furat\u0103 &icirc;n cm.<br \/>\n&nbsp;&nbsp;&nbsp;&nbsp; M = jgheab suspendat<br \/>\n&nbsp;&nbsp;&nbsp;&nbsp; Cotul de evacuare pentru burlan are un diametru interior (di) cu cel pu\u0163in 4 milimetri<br \/>\n&nbsp;&nbsp;&nbsp;&nbsp; mai mic dec&acirc;t diametrul nominal al burlanului. Diametrul interior al<br \/>\n&nbsp;&nbsp;&nbsp;&nbsp; cotului de evacuare determin\u0103 capacitatea de evacuare a burlanului.<\/p>\n","protected":false},"excerpt":{"rendered":"<p>Cantitatea de precipita\u0163ii. Rezultatele teoretice arat\u0103 c\u0103 &icirc;n Olanda intensitatea maxim\u0103 a ploii &icirc;n aceast\u0103 pozi\u021bie geografic\u0103 este de 540 &ndash; 600 (l\/s)\/ha). Dac\u0103 sistemul pluvial al unei cl\u0103diri se bazeaz\u0103 pe acest lucru, atunci sistemul pluvial nu va rev\u0103rsa. &Icirc;n termeni de standardizare s-a pus &icirc;ntrebarea dac\u0103 este realist costul unei dimensiuni mai mari [&hellip;]<\/p>\n","protected":false},"author":9,"featured_media":0,"parent":0,"menu_order":1120,"comment_status":"closed","ping_status":"closed","template":"template-import.php","meta":{"_acf_changed":false,"footnotes":""},"class_list":["post-47821","page","type-page","status-publish","hentry"],"acf":[],"yoast_head":"<!-- This site is optimized with the Yoast SEO plugin v26.8 - https:\/\/yoast.com\/product\/yoast-seo-wordpress\/ -->\n<title>Determinarea capacit\u0103\u0163ii necesare pentru jgheaburi \u015fi burlane \u2013 NedZink<\/title>\n<meta name=\"robots\" content=\"index, follow, max-snippet:-1, max-image-preview:large, max-video-preview:-1\" \/>\n<link rel=\"canonical\" href=\"https:\/\/www.nedzink.com\/ro\/determinarea-capacitatii-necesare-pentru-jgheaburi-si-burlane\/\" \/>\n<meta property=\"og:locale\" content=\"ro_RO\" \/>\n<meta property=\"og:type\" content=\"article\" \/>\n<meta property=\"og:title\" content=\"Determinarea capacit\u0103\u0163ii necesare pentru jgheaburi \u015fi burlane \u2013 NedZink\" \/>\n<meta property=\"og:description\" content=\"Cantitatea de precipita\u0163ii. Rezultatele teoretice arat\u0103 c\u0103 &icirc;n Olanda intensitatea maxim\u0103 a ploii &icirc;n aceast\u0103 pozi\u021bie geografic\u0103 este de 540 &ndash; 600 (l\/s)\/ha). Dac\u0103 sistemul pluvial al unei cl\u0103diri se bazeaz\u0103 pe acest lucru, atunci sistemul pluvial nu va rev\u0103rsa. &Icirc;n termeni de standardizare s-a pus &icirc;ntrebarea dac\u0103 este realist costul unei dimensiuni mai mari [&hellip;]\" \/>\n<meta property=\"og:url\" content=\"https:\/\/www.nedzink.com\/ro\/determinarea-capacitatii-necesare-pentru-jgheaburi-si-burlane\/\" \/>\n<meta property=\"og:site_name\" content=\"NedZink\" \/>\n<meta property=\"og:image\" content=\"https:\/\/www.nedzink.com\/wp-content\/uploads\/import\/cms\/userfiles\/images\/divers\/tabel1eng.jpg\" \/>\n<meta name=\"twitter:card\" content=\"summary_large_image\" \/>\n<meta name=\"twitter:label1\" content=\"Timp estimat pentru citire\" \/>\n\t<meta name=\"twitter:data1\" content=\"5 minute\" \/>\n<script type=\"application\/ld+json\" class=\"yoast-schema-graph\">{\"@context\":\"https:\/\/schema.org\",\"@graph\":[{\"@type\":\"WebPage\",\"@id\":\"https:\/\/www.nedzink.com\/ro\/determinarea-capacitatii-necesare-pentru-jgheaburi-si-burlane\/\",\"url\":\"https:\/\/www.nedzink.com\/ro\/determinarea-capacitatii-necesare-pentru-jgheaburi-si-burlane\/\",\"name\":\"Determinarea capacit\u0103\u0163ii necesare pentru jgheaburi \u015fi burlane \u2013 NedZink\",\"isPartOf\":{\"@id\":\"https:\/\/www.nedzink.com\/ro\/#website\"},\"primaryImageOfPage\":{\"@id\":\"https:\/\/www.nedzink.com\/ro\/determinarea-capacitatii-necesare-pentru-jgheaburi-si-burlane\/#primaryimage\"},\"image\":{\"@id\":\"https:\/\/www.nedzink.com\/ro\/determinarea-capacitatii-necesare-pentru-jgheaburi-si-burlane\/#primaryimage\"},\"thumbnailUrl\":\"https:\/\/www.nedzink.com\/wp-content\/uploads\/import\/cms\/userfiles\/images\/divers\/tabel1eng.jpg\",\"datePublished\":\"2019-08-19T13:12:40+00:00\",\"breadcrumb\":{\"@id\":\"https:\/\/www.nedzink.com\/ro\/determinarea-capacitatii-necesare-pentru-jgheaburi-si-burlane\/#breadcrumb\"},\"inLanguage\":\"ro-RO\",\"potentialAction\":[{\"@type\":\"ReadAction\",\"target\":[\"https:\/\/www.nedzink.com\/ro\/determinarea-capacitatii-necesare-pentru-jgheaburi-si-burlane\/\"]}]},{\"@type\":\"ImageObject\",\"inLanguage\":\"ro-RO\",\"@id\":\"https:\/\/www.nedzink.com\/ro\/determinarea-capacitatii-necesare-pentru-jgheaburi-si-burlane\/#primaryimage\",\"url\":\"https:\/\/www.nedzink.com\/wp-content\/uploads\/import\/cms\/userfiles\/images\/divers\/tabel1eng.jpg\",\"contentUrl\":\"https:\/\/www.nedzink.com\/wp-content\/uploads\/import\/cms\/userfiles\/images\/divers\/tabel1eng.jpg\"},{\"@type\":\"BreadcrumbList\",\"@id\":\"https:\/\/www.nedzink.com\/ro\/determinarea-capacitatii-necesare-pentru-jgheaburi-si-burlane\/#breadcrumb\",\"itemListElement\":[{\"@type\":\"ListItem\",\"position\":1,\"name\":\"Home\",\"item\":\"https:\/\/www.nedzink.com\/ro\/\"},{\"@type\":\"ListItem\",\"position\":2,\"name\":\"Determinarea capacit\u0103\u0163ii necesare pentru jgheaburi \u015fi burlane\"}]},{\"@type\":\"WebSite\",\"@id\":\"https:\/\/www.nedzink.com\/ro\/#website\",\"url\":\"https:\/\/www.nedzink.com\/ro\/\",\"name\":\"NedZink\",\"description\":\"Zink fabrikant\",\"publisher\":{\"@id\":\"https:\/\/www.nedzink.com\/ro\/#organization\"},\"potentialAction\":[{\"@type\":\"SearchAction\",\"target\":{\"@type\":\"EntryPoint\",\"urlTemplate\":\"https:\/\/www.nedzink.com\/ro\/?s={search_term_string}\"},\"query-input\":{\"@type\":\"PropertyValueSpecification\",\"valueRequired\":true,\"valueName\":\"search_term_string\"}}],\"inLanguage\":\"ro-RO\"},{\"@type\":\"Organization\",\"@id\":\"https:\/\/www.nedzink.com\/ro\/#organization\",\"name\":\"NedZink\",\"url\":\"https:\/\/www.nedzink.com\/ro\/\",\"logo\":{\"@type\":\"ImageObject\",\"inLanguage\":\"ro-RO\",\"@id\":\"https:\/\/www.nedzink.com\/ro\/#\/schema\/logo\/image\/\",\"url\":\"https:\/\/www.nedzink.com\/wp-content\/uploads\/2019\/08\/logo-nedzink_fc_zk.jpg\",\"contentUrl\":\"https:\/\/www.nedzink.com\/wp-content\/uploads\/2019\/08\/logo-nedzink_fc_zk.jpg\",\"width\":2160,\"height\":688,\"caption\":\"NedZink\"},\"image\":{\"@id\":\"https:\/\/www.nedzink.com\/ro\/#\/schema\/logo\/image\/\"}}]}<\/script>\n<!-- \/ Yoast SEO plugin. -->","yoast_head_json":{"title":"Determinarea capacit\u0103\u0163ii necesare pentru jgheaburi \u015fi burlane \u2013 NedZink","robots":{"index":"index","follow":"follow","max-snippet":"max-snippet:-1","max-image-preview":"max-image-preview:large","max-video-preview":"max-video-preview:-1"},"canonical":"https:\/\/www.nedzink.com\/ro\/determinarea-capacitatii-necesare-pentru-jgheaburi-si-burlane\/","og_locale":"ro_RO","og_type":"article","og_title":"Determinarea capacit\u0103\u0163ii necesare pentru jgheaburi \u015fi burlane \u2013 NedZink","og_description":"Cantitatea de precipita\u0163ii. Rezultatele teoretice arat\u0103 c\u0103 &icirc;n Olanda intensitatea maxim\u0103 a ploii &icirc;n aceast\u0103 pozi\u021bie geografic\u0103 este de 540 &ndash; 600 (l\/s)\/ha). Dac\u0103 sistemul pluvial al unei cl\u0103diri se bazeaz\u0103 pe acest lucru, atunci sistemul pluvial nu va rev\u0103rsa. &Icirc;n termeni de standardizare s-a pus &icirc;ntrebarea dac\u0103 este realist costul unei dimensiuni mai mari [&hellip;]","og_url":"https:\/\/www.nedzink.com\/ro\/determinarea-capacitatii-necesare-pentru-jgheaburi-si-burlane\/","og_site_name":"NedZink","og_image":[{"url":"https:\/\/www.nedzink.com\/wp-content\/uploads\/import\/cms\/userfiles\/images\/divers\/tabel1eng.jpg","type":"","width":"","height":""}],"twitter_card":"summary_large_image","twitter_misc":{"Timp estimat pentru citire":"5 minute"},"schema":{"@context":"https:\/\/schema.org","@graph":[{"@type":"WebPage","@id":"https:\/\/www.nedzink.com\/ro\/determinarea-capacitatii-necesare-pentru-jgheaburi-si-burlane\/","url":"https:\/\/www.nedzink.com\/ro\/determinarea-capacitatii-necesare-pentru-jgheaburi-si-burlane\/","name":"Determinarea capacit\u0103\u0163ii necesare pentru jgheaburi \u015fi burlane \u2013 NedZink","isPartOf":{"@id":"https:\/\/www.nedzink.com\/ro\/#website"},"primaryImageOfPage":{"@id":"https:\/\/www.nedzink.com\/ro\/determinarea-capacitatii-necesare-pentru-jgheaburi-si-burlane\/#primaryimage"},"image":{"@id":"https:\/\/www.nedzink.com\/ro\/determinarea-capacitatii-necesare-pentru-jgheaburi-si-burlane\/#primaryimage"},"thumbnailUrl":"https:\/\/www.nedzink.com\/wp-content\/uploads\/import\/cms\/userfiles\/images\/divers\/tabel1eng.jpg","datePublished":"2019-08-19T13:12:40+00:00","breadcrumb":{"@id":"https:\/\/www.nedzink.com\/ro\/determinarea-capacitatii-necesare-pentru-jgheaburi-si-burlane\/#breadcrumb"},"inLanguage":"ro-RO","potentialAction":[{"@type":"ReadAction","target":["https:\/\/www.nedzink.com\/ro\/determinarea-capacitatii-necesare-pentru-jgheaburi-si-burlane\/"]}]},{"@type":"ImageObject","inLanguage":"ro-RO","@id":"https:\/\/www.nedzink.com\/ro\/determinarea-capacitatii-necesare-pentru-jgheaburi-si-burlane\/#primaryimage","url":"https:\/\/www.nedzink.com\/wp-content\/uploads\/import\/cms\/userfiles\/images\/divers\/tabel1eng.jpg","contentUrl":"https:\/\/www.nedzink.com\/wp-content\/uploads\/import\/cms\/userfiles\/images\/divers\/tabel1eng.jpg"},{"@type":"BreadcrumbList","@id":"https:\/\/www.nedzink.com\/ro\/determinarea-capacitatii-necesare-pentru-jgheaburi-si-burlane\/#breadcrumb","itemListElement":[{"@type":"ListItem","position":1,"name":"Home","item":"https:\/\/www.nedzink.com\/ro\/"},{"@type":"ListItem","position":2,"name":"Determinarea capacit\u0103\u0163ii necesare pentru jgheaburi \u015fi burlane"}]},{"@type":"WebSite","@id":"https:\/\/www.nedzink.com\/ro\/#website","url":"https:\/\/www.nedzink.com\/ro\/","name":"NedZink","description":"Zink fabrikant","publisher":{"@id":"https:\/\/www.nedzink.com\/ro\/#organization"},"potentialAction":[{"@type":"SearchAction","target":{"@type":"EntryPoint","urlTemplate":"https:\/\/www.nedzink.com\/ro\/?s={search_term_string}"},"query-input":{"@type":"PropertyValueSpecification","valueRequired":true,"valueName":"search_term_string"}}],"inLanguage":"ro-RO"},{"@type":"Organization","@id":"https:\/\/www.nedzink.com\/ro\/#organization","name":"NedZink","url":"https:\/\/www.nedzink.com\/ro\/","logo":{"@type":"ImageObject","inLanguage":"ro-RO","@id":"https:\/\/www.nedzink.com\/ro\/#\/schema\/logo\/image\/","url":"https:\/\/www.nedzink.com\/wp-content\/uploads\/2019\/08\/logo-nedzink_fc_zk.jpg","contentUrl":"https:\/\/www.nedzink.com\/wp-content\/uploads\/2019\/08\/logo-nedzink_fc_zk.jpg","width":2160,"height":688,"caption":"NedZink"},"image":{"@id":"https:\/\/www.nedzink.com\/ro\/#\/schema\/logo\/image\/"}}]}},"_links":{"self":[{"href":"https:\/\/www.nedzink.com\/ro\/wp-json\/wp\/v2\/pages\/47821","targetHints":{"allow":["GET"]}}],"collection":[{"href":"https:\/\/www.nedzink.com\/ro\/wp-json\/wp\/v2\/pages"}],"about":[{"href":"https:\/\/www.nedzink.com\/ro\/wp-json\/wp\/v2\/types\/page"}],"author":[{"embeddable":true,"href":"https:\/\/www.nedzink.com\/ro\/wp-json\/wp\/v2\/users\/9"}],"replies":[{"embeddable":true,"href":"https:\/\/www.nedzink.com\/ro\/wp-json\/wp\/v2\/comments?post=47821"}],"version-history":[{"count":0,"href":"https:\/\/www.nedzink.com\/ro\/wp-json\/wp\/v2\/pages\/47821\/revisions"}],"wp:attachment":[{"href":"https:\/\/www.nedzink.com\/ro\/wp-json\/wp\/v2\/media?parent=47821"}],"curies":[{"name":"wp","href":"https:\/\/api.w.org\/{rel}","templated":true}]}}