{"id":47196,"date":"2019-08-08T14:25:54","date_gmt":"2019-08-08T12:25:54","guid":{"rendered":"http:\/\/136.144.181.85\/~nedzink\/?page_id=47196"},"modified":"2020-02-27T13:59:47","modified_gmt":"2020-02-27T12:59:47","slug":"mediul-durabilitate","status":"publish","type":"page","link":"https:\/\/www.nedzink.com\/ro\/mediul-durabilitate\/","title":{"rendered":"Mediul &#038; Durabilitate"},"content":{"rendered":"[vc_row][vc_column][mk_padding_divider][\/vc_column][\/vc_row][vc_row el_class=&#8221;home-waarom-nedzink rij-wit-schaduw&#8221;][vc_column][mk_padding_divider size=&#8221;20&#8243;][vc_column_text css=&#8221;.vc_custom_1565267149653{margin-bottom: 0px !important;}&#8221;]\n<h1>Mediul &amp; Durabilitate<\/h1>\n[\/vc_column_text][mk_padding_divider size=&#8221;20&#8243;][vc_row_inner][vc_column_inner width=&#8221;1\/2&#8243;][vc_column_text css=&#8221;.vc_custom_1582808335888{margin-bottom: 0px !important;}&#8221;]\n<h5>Mediu<\/h5>\n<p>Zincul este unul dintre cele mai fiabile metale care a fost folosit de secole \u00een (re) construc\u021bia. Aceasta include jgheaburi de zinc, conducte de scurgere a apei pluviale \u0219i placare de acoperi\u0219 \u0219i pere\u021bi. Cu o durat\u0103 de via\u021b\u0103 de peste 75 de ani, zincul nu este doar o alegere estetic\u0103, ci \u0219i \u00een prezent o alegere durabil\u0103. Pe l\u00e2ng\u0103 o durat\u0103 de via\u021b\u0103 lung\u0103, peste 95% sunt colectate \u0219i reciclate din nou dup\u0103 utilizare. Astfel, r\u0103spunde economiei circulare. Prin urmare, exist\u0103 pu\u021bine materiale de construc\u021bie al c\u0103ror echilibru de mediu este la fel de pozitiv ca \u0219i pentru zinc.<\/p>\n<p>Zincul nu este popular doar datorit\u0103 aspectului s\u0103u unic, metalul este, de asemenea, foarte func\u021bional: asigur\u0103 c\u0103 apa de ploaie este drenat\u0103 \u00een mod fiabil. Scurgerile pot provoca inconveniente majore \u0219i daune, deci acest lucru nu este cu siguran\u021b\u0103 ceva complet lipsit de importan\u021b\u0103.[\/vc_column_text][mk_padding_divider][\/vc_column_inner][vc_column_inner width=&#8221;1\/2&#8243;][vc_single_image image=&#8221;22983&#8243; img_size=&#8221;full&#8221;][mk_padding_divider][\/vc_column_inner][\/vc_row_inner][\/vc_column][\/vc_row][vc_row][vc_column][mk_padding_divider][\/vc_column][\/vc_row][vc_row el_class=&#8221;home-waarom-nedzink rij-wit-schaduw&#8221;][vc_column][mk_padding_divider size=&#8221;20&#8243;][\/vc_column][vc_column][vc_column_text css=&#8221;.vc_custom_1582808380088{margin-bottom: 0px !important;}&#8221;]\n<h5>Durabilitate<\/h5>\n<p>Zincul este un element puternic care apare \u00een mod natural \u00een mediu, precum roci, sol \u0219i ap\u0103. Prin urmare, se \u00eencadreaz\u0103 perfect \u00eentr-o societate durabil\u0103. \u00cen plus, zincul joac\u0103, de asemenea, un rol foarte important \u00een procesele biologice ale oamenilor, animalelor \u0219i plantelor.<\/p>\n<p>\u00cencredere, durat\u0103 de via\u021b\u0103 lung\u0103 \u0219i reciclabil\u0103 sunt 3 propriet\u0103\u021bi importante pe care le are zincul. \u00cen plus, este f\u0103r\u0103 \u00eentre\u021binere \u0219i asigur\u0103 scurgerea f\u0103r\u0103 probleme a apelor pluviale.[\/vc_column_text][\/vc_column][\/vc_row]\n","protected":false},"excerpt":{"rendered":"<p>[vc_row][vc_column][mk_padding_divider][\/vc_column][\/vc_row][vc_row el_class=&#8221;home-waarom-nedzink rij-wit-schaduw&#8221;][vc_column][mk_padding_divider size=&#8221;20&#8243;][vc_column_text css=&#8221;.vc_custom_1565267149653{margin-bottom: 0px !important;}&#8221;] Mediul &amp; Durabilitate [\/vc_column_text][mk_padding_divider size=&#8221;20&#8243;][vc_row_inner][vc_column_inner width=&#8221;1\/2&#8243;][vc_column_text css=&#8221;.vc_custom_1582808335888{margin-bottom: 0px !important;}&#8221;] Mediu Zincul este unul dintre cele mai fiabile metale care a fost folosit de secole \u00een (re) construc\u021bia. Aceasta include jgheaburi de zinc, conducte de scurgere a apei pluviale \u0219i placare de acoperi\u0219 \u0219i pere\u021bi. Cu o durat\u0103 de [&hellip;]<\/p>\n","protected":false},"author":4,"featured_media":0,"parent":0,"menu_order":0,"comment_status":"closed","ping_status":"closed","template":"","meta":{"_acf_changed":false,"footnotes":""},"class_list":["post-47196","page","type-page","status-publish","hentry"],"acf":[],"yoast_head":"<!-- This site is optimized with the Yoast SEO plugin v26.8 - https:\/\/yoast.com\/product\/yoast-seo-wordpress\/ -->\n<title>Mediul &amp; Durabilitate \u2013 NedZink<\/title>\n<meta name=\"robots\" content=\"index, follow, max-snippet:-1, max-image-preview:large, max-video-preview:-1\" \/>\n<link rel=\"canonical\" href=\"https:\/\/www.nedzink.com\/ro\/mediul-durabilitate\/\" \/>\n<meta property=\"og:locale\" content=\"ro_RO\" \/>\n<meta property=\"og:type\" content=\"article\" \/>\n<meta property=\"og:title\" content=\"Mediul &amp; Durabilitate \u2013 NedZink\" \/>\n<meta property=\"og:description\" content=\"[vc_row][vc_column][mk_padding_divider][\/vc_column][\/vc_row][vc_row el_class=&#8221;home-waarom-nedzink rij-wit-schaduw&#8221;][vc_column][mk_padding_divider size=&#8221;20&#8243;][vc_column_text css=&#8221;.vc_custom_1565267149653{margin-bottom: 0px !important;}&#8221;] Mediul &amp; Durabilitate [\/vc_column_text][mk_padding_divider size=&#8221;20&#8243;][vc_row_inner][vc_column_inner width=&#8221;1\/2&#8243;][vc_column_text css=&#8221;.vc_custom_1582808335888{margin-bottom: 0px !important;}&#8221;] Mediu Zincul este unul dintre cele mai fiabile metale care a fost folosit de secole \u00een (re) construc\u021bia. Aceasta include jgheaburi de zinc, conducte de scurgere a apei pluviale \u0219i placare de acoperi\u0219 \u0219i pere\u021bi. Cu o durat\u0103 de [&hellip;]\" \/>\n<meta property=\"og:url\" content=\"https:\/\/www.nedzink.com\/ro\/mediul-durabilitate\/\" \/>\n<meta property=\"og:site_name\" content=\"NedZink\" \/>\n<meta property=\"article:modified_time\" content=\"2020-02-27T12:59:47+00:00\" \/>\n<meta name=\"twitter:card\" content=\"summary_large_image\" \/>\n<meta name=\"twitter:label1\" content=\"Timp estimat pentru citire\" \/>\n\t<meta name=\"twitter:data1\" content=\"2 minute\" \/>\n<script type=\"application\/ld+json\" class=\"yoast-schema-graph\">{\"@context\":\"https:\/\/schema.org\",\"@graph\":[{\"@type\":\"WebPage\",\"@id\":\"https:\/\/www.nedzink.com\/ro\/mediul-durabilitate\/\",\"url\":\"https:\/\/www.nedzink.com\/ro\/mediul-durabilitate\/\",\"name\":\"Mediul & Durabilitate \u2013 NedZink\",\"isPartOf\":{\"@id\":\"https:\/\/www.nedzink.com\/ro\/#website\"},\"datePublished\":\"2019-08-08T12:25:54+00:00\",\"dateModified\":\"2020-02-27T12:59:47+00:00\",\"breadcrumb\":{\"@id\":\"https:\/\/www.nedzink.com\/ro\/mediul-durabilitate\/#breadcrumb\"},\"inLanguage\":\"ro-RO\",\"potentialAction\":[{\"@type\":\"ReadAction\",\"target\":[\"https:\/\/www.nedzink.com\/ro\/mediul-durabilitate\/\"]}]},{\"@type\":\"BreadcrumbList\",\"@id\":\"https:\/\/www.nedzink.com\/ro\/mediul-durabilitate\/#breadcrumb\",\"itemListElement\":[{\"@type\":\"ListItem\",\"position\":1,\"name\":\"Home\",\"item\":\"https:\/\/www.nedzink.com\/ro\/\"},{\"@type\":\"ListItem\",\"position\":2,\"name\":\"Mediul &#038; Durabilitate\"}]},{\"@type\":\"WebSite\",\"@id\":\"https:\/\/www.nedzink.com\/ro\/#website\",\"url\":\"https:\/\/www.nedzink.com\/ro\/\",\"name\":\"NedZink\",\"description\":\"Zink fabrikant\",\"publisher\":{\"@id\":\"https:\/\/www.nedzink.com\/ro\/#organization\"},\"potentialAction\":[{\"@type\":\"SearchAction\",\"target\":{\"@type\":\"EntryPoint\",\"urlTemplate\":\"https:\/\/www.nedzink.com\/ro\/?s={search_term_string}\"},\"query-input\":{\"@type\":\"PropertyValueSpecification\",\"valueRequired\":true,\"valueName\":\"search_term_string\"}}],\"inLanguage\":\"ro-RO\"},{\"@type\":\"Organization\",\"@id\":\"https:\/\/www.nedzink.com\/ro\/#organization\",\"name\":\"NedZink\",\"url\":\"https:\/\/www.nedzink.com\/ro\/\",\"logo\":{\"@type\":\"ImageObject\",\"inLanguage\":\"ro-RO\",\"@id\":\"https:\/\/www.nedzink.com\/ro\/#\/schema\/logo\/image\/\",\"url\":\"https:\/\/www.nedzink.com\/wp-content\/uploads\/2019\/08\/logo-nedzink_fc_zk.jpg\",\"contentUrl\":\"https:\/\/www.nedzink.com\/wp-content\/uploads\/2019\/08\/logo-nedzink_fc_zk.jpg\",\"width\":2160,\"height\":688,\"caption\":\"NedZink\"},\"image\":{\"@id\":\"https:\/\/www.nedzink.com\/ro\/#\/schema\/logo\/image\/\"}}]}<\/script>\n<!-- \/ Yoast SEO plugin. -->","yoast_head_json":{"title":"Mediul & Durabilitate \u2013 NedZink","robots":{"index":"index","follow":"follow","max-snippet":"max-snippet:-1","max-image-preview":"max-image-preview:large","max-video-preview":"max-video-preview:-1"},"canonical":"https:\/\/www.nedzink.com\/ro\/mediul-durabilitate\/","og_locale":"ro_RO","og_type":"article","og_title":"Mediul & Durabilitate \u2013 NedZink","og_description":"[vc_row][vc_column][mk_padding_divider][\/vc_column][\/vc_row][vc_row el_class=&#8221;home-waarom-nedzink rij-wit-schaduw&#8221;][vc_column][mk_padding_divider size=&#8221;20&#8243;][vc_column_text css=&#8221;.vc_custom_1565267149653{margin-bottom: 0px !important;}&#8221;] Mediul &amp; Durabilitate [\/vc_column_text][mk_padding_divider size=&#8221;20&#8243;][vc_row_inner][vc_column_inner width=&#8221;1\/2&#8243;][vc_column_text css=&#8221;.vc_custom_1582808335888{margin-bottom: 0px !important;}&#8221;] Mediu Zincul este unul dintre cele mai fiabile metale care a fost folosit de secole \u00een (re) construc\u021bia. Aceasta include jgheaburi de zinc, conducte de scurgere a apei pluviale \u0219i placare de acoperi\u0219 \u0219i pere\u021bi. Cu o durat\u0103 de [&hellip;]","og_url":"https:\/\/www.nedzink.com\/ro\/mediul-durabilitate\/","og_site_name":"NedZink","article_modified_time":"2020-02-27T12:59:47+00:00","twitter_card":"summary_large_image","twitter_misc":{"Timp estimat pentru citire":"2 minute"},"schema":{"@context":"https:\/\/schema.org","@graph":[{"@type":"WebPage","@id":"https:\/\/www.nedzink.com\/ro\/mediul-durabilitate\/","url":"https:\/\/www.nedzink.com\/ro\/mediul-durabilitate\/","name":"Mediul & Durabilitate \u2013 NedZink","isPartOf":{"@id":"https:\/\/www.nedzink.com\/ro\/#website"},"datePublished":"2019-08-08T12:25:54+00:00","dateModified":"2020-02-27T12:59:47+00:00","breadcrumb":{"@id":"https:\/\/www.nedzink.com\/ro\/mediul-durabilitate\/#breadcrumb"},"inLanguage":"ro-RO","potentialAction":[{"@type":"ReadAction","target":["https:\/\/www.nedzink.com\/ro\/mediul-durabilitate\/"]}]},{"@type":"BreadcrumbList","@id":"https:\/\/www.nedzink.com\/ro\/mediul-durabilitate\/#breadcrumb","itemListElement":[{"@type":"ListItem","position":1,"name":"Home","item":"https:\/\/www.nedzink.com\/ro\/"},{"@type":"ListItem","position":2,"name":"Mediul &#038; Durabilitate"}]},{"@type":"WebSite","@id":"https:\/\/www.nedzink.com\/ro\/#website","url":"https:\/\/www.nedzink.com\/ro\/","name":"NedZink","description":"Zink fabrikant","publisher":{"@id":"https:\/\/www.nedzink.com\/ro\/#organization"},"potentialAction":[{"@type":"SearchAction","target":{"@type":"EntryPoint","urlTemplate":"https:\/\/www.nedzink.com\/ro\/?s={search_term_string}"},"query-input":{"@type":"PropertyValueSpecification","valueRequired":true,"valueName":"search_term_string"}}],"inLanguage":"ro-RO"},{"@type":"Organization","@id":"https:\/\/www.nedzink.com\/ro\/#organization","name":"NedZink","url":"https:\/\/www.nedzink.com\/ro\/","logo":{"@type":"ImageObject","inLanguage":"ro-RO","@id":"https:\/\/www.nedzink.com\/ro\/#\/schema\/logo\/image\/","url":"https:\/\/www.nedzink.com\/wp-content\/uploads\/2019\/08\/logo-nedzink_fc_zk.jpg","contentUrl":"https:\/\/www.nedzink.com\/wp-content\/uploads\/2019\/08\/logo-nedzink_fc_zk.jpg","width":2160,"height":688,"caption":"NedZink"},"image":{"@id":"https:\/\/www.nedzink.com\/ro\/#\/schema\/logo\/image\/"}}]}},"_links":{"self":[{"href":"https:\/\/www.nedzink.com\/ro\/wp-json\/wp\/v2\/pages\/47196","targetHints":{"allow":["GET"]}}],"collection":[{"href":"https:\/\/www.nedzink.com\/ro\/wp-json\/wp\/v2\/pages"}],"about":[{"href":"https:\/\/www.nedzink.com\/ro\/wp-json\/wp\/v2\/types\/page"}],"author":[{"embeddable":true,"href":"https:\/\/www.nedzink.com\/ro\/wp-json\/wp\/v2\/users\/4"}],"replies":[{"embeddable":true,"href":"https:\/\/www.nedzink.com\/ro\/wp-json\/wp\/v2\/comments?post=47196"}],"version-history":[{"count":0,"href":"https:\/\/www.nedzink.com\/ro\/wp-json\/wp\/v2\/pages\/47196\/revisions"}],"wp:attachment":[{"href":"https:\/\/www.nedzink.com\/ro\/wp-json\/wp\/v2\/media?parent=47196"}],"curies":[{"name":"wp","href":"https:\/\/api.w.org\/{rel}","templated":true}]}}