{"id":46839,"date":"2019-04-19T09:15:59","date_gmt":"2019-04-19T07:15:59","guid":{"rendered":"http:\/\/136.144.181.85\/~nedzink\/materialen-kleuren\/"},"modified":"2024-09-19T20:25:24","modified_gmt":"2024-09-19T18:25:24","slug":"materiale-si-culori","status":"publish","type":"page","link":"https:\/\/www.nedzink.com\/ro\/materiale-si-culori\/","title":{"rendered":"Materiale \u0219i culori"},"content":{"rendered":"[vc_row fullwidth=&#8221;true&#8221;][vc_column] AAAAAAAAAA\n<div id=\"rev_slider_35_1_wrapper\" class=\"rev_slider_wrapper fullwidthbanner-container\" data-source=\"gallery\" style=\"margin:0px auto;background:transparent;padding:0px;margin-top:0px;margin-bottom:0px;\">\n<!-- START REVOLUTION SLIDER 5.4.8 auto mode -->\n\t<div id=\"rev_slider_35_1\" class=\"rev_slider fullwidthabanner tp-overflow-hidden\" style=\"display:none;\" data-version=\"5.4.8\">\n<ul>\t<!-- SLIDE  -->\n\t<li data-index=\"rs-103\" data-transition=\"fade\" data-slotamount=\"default\" data-hideafterloop=\"0\" data-hideslideonmobile=\"off\"  data-easein=\"default\" data-easeout=\"default\" data-masterspeed=\"300\"  data-rotate=\"0\"  data-saveperformance=\"off\"  data-title=\"Slide\" data-param1=\"\" data-param2=\"\" data-param3=\"\" data-param4=\"\" data-param5=\"\" data-param6=\"\" data-param7=\"\" data-param8=\"\" data-param9=\"\" data-param10=\"\" data-description=\"\">\n\t\t<!-- MAIN IMAGE -->\n\t\t<img loading=\"lazy\" decoding=\"async\" src=\"https:\/\/www.nedzink.com\/wp-content\/uploads\/2019\/04\/mg_5177-edit-min.jpg\"  alt=\"\" title=\"mg_5177-edit-min\"  width=\"1920\" height=\"610\" data-bgposition=\"center center\" data-bgfit=\"cover\" data-bgrepeat=\"no-repeat\" class=\"rev-slidebg\" data-no-retina>\n\t\t<!-- LAYERS -->\n\t<\/li>\n<\/ul>\n<div style=\"\" class=\"tp-static-layers\">\n\n\t\t<!-- LAYER NR. 1 -->\n\t\t<div class=\"tp-caption tp-shape tp-shapewrapper tp-layer-selectable  tp-resizeme tp-static-layer\" \n\t\t\t id=\"slider-35-layer-12\" \n\t\t\t data-x=\"1492\" \n\t\t\t data-y=\"271\" \n\t\t\t\t\t\tdata-width=\"['347']\"\n\t\t\tdata-height=\"['73']\"\n \n\t\t\tdata-type=\"shape\" \n\t\t\tdata-responsive_offset=\"on\" \n\n\t\t\tdata-startslide=\"0\" \n\t\t\tdata-endslide=\"0\" \n\t\t\tdata-frames='[{\"delay\":10,\"speed\":300,\"frame\":\"0\",\"from\":\"opacity:0;\",\"to\":\"o:1;\",\"ease\":\"Power3.easeInOut\"},{\"delay\":\"+3190\",\"speed\":300,\"frame\":\"999\",\"to\":\"opacity:0;\",\"ease\":\"Power3.easeInOut\"}]'\n\t\t\tdata-textAlign=\"['inherit','inherit','inherit','inherit']\"\n\t\t\tdata-paddingtop=\"[0,0,0,0]\"\n\t\t\tdata-paddingright=\"[0,0,0,0]\"\n\t\t\tdata-paddingbottom=\"[0,0,0,0]\"\n\t\t\tdata-paddingleft=\"[0,0,0,0]\"\n\n\t\t\tstyle=\"z-index: 5;font-family:Arial;background-color:rgba(0,0,0,0);border-color:rgb(255,255,255);border-style:solid;border-width:4px 4px 4px 4px;\"> <\/div>\n\n\t\t<!-- LAYER NR. 2 -->\n\t\t<div class=\"tp-caption tp-layer-selectable  tp-resizeme tp-static-layer\" \n\t\t\t id=\"slider-35-layer-13\" \n\t\t\t data-x=\"1511\" \n\t\t\t data-y=\"286\" \n\t\t\t\t\t\tdata-width=\"['auto']\"\n\t\t\tdata-height=\"['auto']\"\n \n\t\t\tdata-type=\"text\" \n\t\t\tdata-responsive_offset=\"on\" \n\n\t\t\tdata-startslide=\"0\" \n\t\t\tdata-endslide=\"0\" \n\t\t\tdata-frames='[{\"delay\":360,\"speed\":300,\"frame\":\"0\",\"from\":\"opacity:0;\",\"to\":\"o:1;\",\"ease\":\"Power3.easeInOut\"},{\"delay\":\"+2840\",\"speed\":300,\"frame\":\"999\",\"to\":\"opacity:0;\",\"ease\":\"Power3.easeInOut\"}]'\n\t\t\tdata-textAlign=\"['inherit','inherit','inherit','inherit']\"\n\t\t\tdata-paddingtop=\"[0,0,0,0]\"\n\t\t\tdata-paddingright=\"[0,0,0,0]\"\n\t\t\tdata-paddingbottom=\"[0,0,0,0]\"\n\t\t\tdata-paddingleft=\"[0,0,0,0]\"\n\n\t\t\tstyle=\"z-index: 6; white-space: nowrap; font-size: 36px; line-height: 36px; font-weight: 600; color: #ffffff; letter-spacing: 0px;font-family:Arial;text-shadow:0px 1px 4px rgba(79, 79, 79, 0.75);\">Materiale \u0219i culori <\/div>\n\n\t\t<!-- LAYER NR. 3 -->\n\t\t<div class=\"tp-caption tp-shape tp-shapewrapper tp-layer-selectable  tp-resizeme tp-static-layer\" \n\t\t\t id=\"slider-35-layer-14\" \n\t\t\t data-x=\"right\" data-hoffset=\"\" \n\t\t\t data-y=\"-1\" \n\t\t\t\t\t\tdata-width=\"['490']\"\n\t\t\tdata-height=\"['610']\"\n \n\t\t\tdata-type=\"shape\" \n\t\t\tdata-responsive_offset=\"on\" \n\n\t\t\tdata-startslide=\"0\" \n\t\t\tdata-endslide=\"0\" \n\t\t\tdata-frames='[{\"delay\":10,\"speed\":300,\"frame\":\"0\",\"from\":\"opacity:0;\",\"to\":\"o:1;\",\"ease\":\"Power3.easeInOut\"},{\"delay\":\"+3190\",\"speed\":300,\"frame\":\"999\",\"to\":\"opacity:0;\",\"ease\":\"Power3.easeInOut\"}]'\n\t\t\tdata-textAlign=\"['inherit','inherit','inherit','inherit']\"\n\t\t\tdata-paddingtop=\"[0,0,0,0]\"\n\t\t\tdata-paddingright=\"[0,0,0,0]\"\n\t\t\tdata-paddingbottom=\"[0,0,0,0]\"\n\t\t\tdata-paddingleft=\"[0,0,0,0]\"\n\n\t\t\tstyle=\"z-index: 7;background-color:rgba(255,255,255,0.26);\"> <\/div>\n<\/div>\n<div class=\"tp-bannertimer tp-bottom\" style=\"visibility: hidden !important;\"><\/div>\t<\/div>\n<script>\n\t\t\t\t\tvar htmlDivCss = ' #rev_slider_35_1_wrapper .tp-loader.spinner2{ background-color: #b0b0b0 !important; } ';\n\t\t\t\t\tvar htmlDiv = document.getElementById('rs-plugin-settings-inline-css');\n\t\t\t\t\tif(htmlDiv) {\n\t\t\t\t\t\thtmlDiv.innerHTML = htmlDiv.innerHTML + htmlDivCss;\n\t\t\t\t\t}\n\t\t\t\t\telse{\n\t\t\t\t\t\tvar htmlDiv = document.createElement('div');\n\t\t\t\t\t\thtmlDiv.innerHTML = '<style>' + htmlDivCss + '<\/style>';\n\t\t\t\t\t\tdocument.getElementsByTagName('head')[0].appendChild(htmlDiv.childNodes[0]);\n\t\t\t\t\t}\n\t\t\t\t\t<\/script>\n\t\t\t\t\t<\/div><!-- END REVOLUTION SLIDER -->[\/vc_column][\/vc_row][vc_row][vc_column][mk_padding_divider size=&#8221;50&#8243;][\/vc_column][\/vc_row][mk_page_section el_class=&#8221;materialenkleurenpadding&#8221; sidebar=&#8221;sidebar-1&#8243;][vc_column][vc_row_inner css=&#8221;.vc_custom_1556546889255{margin-bottom: 50px !important;padding-bottom: 35px !important;background-color: #ffffff !important;}&#8221; el_class=&#8221;rij-wit-schaduw architecten-materialen2&#8243; el_id=&#8221;naturel&#8221;][vc_column_inner el_class=&#8221;materiaalkolom&#8221; width=&#8221;3\/4&#8243;][mk_padding_divider size=&#8221;30&#8243;][vc_column_text el_class=&#8221;kleurenm&#8221; css=&#8221;.vc_custom_1558514633011{margin-bottom: 0px !important;}&#8221;]\n<h2 id=\"naturel\">NedZink NATUREL<\/h2>\n[\/vc_column_text][vc_single_image image=&#8221;32978&#8243; img_size=&#8221;full&#8221; css=&#8221;.vc_custom_1559909092531{padding-top: 0px !important;padding-bottom: 30px !important;}&#8221; el_class=&#8221;kleurenm&#8221;][vc_column_text el_class=&#8221;kleurenm&#8221; css=&#8221;.vc_custom_1565247323640{margin-bottom: 0px !important;}&#8221;]<strong>NedZink NATUREL<\/strong> este un material durabil, estetic \u0219i care nu necesit\u0103 \u00eentre\u021binere, iar aspectul s\u0103u devine tot mai atractiv \u00een timp, datorit\u0103 influen\u021bei factorilor meteorologici. Pe suprafa\u021b\u0103 se formeaz\u0103 o patin\u0103 natural\u0103 de zinc. Datorit\u0103 acestei propriet\u0103\u021bi, <strong>NedZink NATUREL<\/strong> se folose\u0219te \u00een special acolo unde se dore\u0219te ob\u021binerea unui aspect natural \u0219i viu, \u00een condi\u021bii de randament ridicat al costurilor \u0219i cu o durat\u0103 de via\u021b\u0103 \u00eendelungat\u0103.[\/vc_column_text][\/vc_column_inner][vc_column_inner width=&#8221;1\/4&#8243;][mk_padding_divider size=&#8221;75&#8243; visibility=&#8221;hidden-sm&#8221;][vc_single_image image=&#8221;53712&#8243; img_size=&#8221;275&#215;275&#8243; alignment=&#8221;center&#8221; css=&#8221;.vc_custom_1584107812311{margin-top: 1px !important;}&#8221;][\/vc_column_inner][\/vc_row_inner][vc_row_inner css=&#8221;.vc_custom_1583138725921{margin-bottom: 50px !important;padding-bottom: 35px !important;background-color: #ffffff !important;}&#8221; el_class=&#8221;rij-wit-schaduw architecten-materialen2&#8243; el_id=&#8221;neo&#8221;][vc_column_inner el_class=&#8221;materiaalkolom&#8221; width=&#8221;3\/4&#8243;][mk_padding_divider size=&#8221;30&#8243;][vc_column_text css=&#8221;.vc_custom_1583138734003{margin-bottom: 0px !important;}&#8221;]\n<h2>NedZink NEO<\/h2>\n[\/vc_column_text][vc_single_image image=&#8221;51905&#8243; img_size=&#8221;full&#8221; css=&#8221;.vc_custom_1583138768523{padding-top: 0px !important;padding-bottom: 30px !important;}&#8221;][vc_column_text css=&#8221;.vc_custom_1585641254599{margin-bottom: 0px !important;}&#8221;]<strong>NedZink NEO<\/strong> este un titan-zinc prepatinat cu o suprafa\u021b\u0103 mat\u0103, u\u0219or periat\u0103 \u0219i cu o nuan\u021b\u0103 de gri mineral.<\/p>\n<p>Suprafa\u021ba uniform\u0103 de gri mineral a <strong>NedZink NEO<\/strong> este ob\u021binut\u0103 printr-un tratament chimic al suprafe\u021bei \u00een urma procesului de laminare. Nu sunt aplicate straturi de vopsea sau lac. Este astfel simulat\u0103 structura \u0219i compozi\u021bia stratului de patin\u0103 care se formeaz\u0103 \u00een mod natural datorit\u0103 influen\u021belor meteorologice, iar propriet\u0103\u021bile naturale ale titan-zinc-ului sunt p\u0103strate \u00een totalitate.<\/p>\n<p>Dac\u0103 prefera\u021bi o suprafa\u021b\u0103 gri mineral\u0103, v\u0103 recomand\u0103m <strong>NedZink NEO<\/strong>.[\/vc_column_text][\/vc_column_inner][vc_column_inner width=&#8221;1\/4&#8243;][mk_padding_divider size=&#8221;75&#8243; visibility=&#8221;hidden-sm&#8221;][vc_single_image image=&#8221;53632&#8243; img_size=&#8221;275&#215;275&#8243; alignment=&#8221;center&#8221; css=&#8221;.vc_custom_1584107825724{margin-top: 1px !important;}&#8221;][\/vc_column_inner][\/vc_row_inner][vc_row_inner css=&#8221;.vc_custom_1585641234369{margin-bottom: 50px !important;padding-bottom: 35px !important;background-color: #ffffff !important;}&#8221; el_class=&#8221;rij-wit-schaduw architecten-materialen2&#8243; el_id=&#8221;nova&#8221;][vc_column_inner el_class=&#8221;materiaalkolom&#8221; width=&#8221;3\/4&#8243;][mk_padding_divider size=&#8221;30&#8243;][vc_column_text css=&#8221;.vc_custom_1558514699602{margin-bottom: 0px !important;}&#8221;]\n<h2>NedZink NOVA<\/h2>\n[\/vc_column_text][vc_single_image image=&#8221;32968&#8243; img_size=&#8221;full&#8221; css=&#8221;.vc_custom_1559909191304{padding-top: 0px !important;padding-bottom: 30px !important;}&#8221;][vc_column_text css=&#8221;.vc_custom_1565247367824{margin-bottom: 0px !important;}&#8221;]<strong>NedZink NOVA<\/strong> este un titan-zinc prepatinat cu o suprafa\u021b\u0103 periat\u0103 subtil\u0103 \u0219i mat\u0103, \u00eentr-o nuan\u021b\u0103 natural\u0103 medie de gri.<\/p>\n<p>Suprafa\u021ba \u00een nuan\u021b\u0103 medie de gri a produsului <strong>NedZink NOVA<\/strong> se ob\u021bine dup\u0103 tratarea chimic\u0103 \u00een urma procesului de laminare. Nu se aplic\u0103 niciun fel de strat de acoperire sau de lac. Se simuleaz\u0103 structura \u0219i compozi\u021bia patinei care se formeaz\u0103 \u00een mod natural prin influen\u021ba factorilor meteorologici \u0219i se p\u0103streaz\u0103 toate propriet\u0103\u021bile naturale ale titan-zincului.<\/p>\n<p>Dac\u0103 prefera\u021bi o suprafa\u021b\u0103 de un gri natural, v\u0103 recomand\u0103m <strong>NedZink NOVA<\/strong>.[\/vc_column_text][\/vc_column_inner][vc_column_inner width=&#8221;1\/4&#8243;][mk_padding_divider size=&#8221;75&#8243; visibility=&#8221;hidden-sm&#8221;][vc_single_image image=&#8221;53652&#8243; img_size=&#8221;275&#215;275&#8243; alignment=&#8221;center&#8221; css=&#8221;.vc_custom_1584107838470{margin-top: 1px !important;}&#8221;][\/vc_column_inner][\/vc_row_inner][vc_row_inner css=&#8221;.vc_custom_1556546906671{margin-bottom: 50px !important;padding-bottom: 35px !important;background-color: #ffffff !important;}&#8221; el_class=&#8221;rij-wit-schaduw architecten-materialen2&#8243; el_id=&#8221;noir&#8221;][vc_column_inner el_class=&#8221;materiaalkolom&#8221; width=&#8221;3\/4&#8243;][mk_padding_divider size=&#8221;30&#8243;][vc_column_text css=&#8221;.vc_custom_1558514723874{margin-bottom: 0px !important;}&#8221;]\n<h2>NedZink NOIR<\/h2>\n[\/vc_column_text][vc_single_image image=&#8221;33620&#8243; img_size=&#8221;full&#8221; css=&#8221;.vc_custom_1560320259455{padding-top: 0px !important;padding-bottom: 30px !important;}&#8221;][vc_column_text css=&#8221;.vc_custom_1565247434844{margin-bottom: 0px !important;}&#8221;]<strong>NedZink NOIR<\/strong> este un titan-zinc prepatinat \u00eentr-o nuan\u021b\u0103 de negru antracit.<\/p>\n<p><strong>NedZink NOIR<\/strong> se creeaz\u0103 prin tratarea chimic\u0103 a suprafe\u021bei dup\u0103 procesul de laminare. Se p\u0103streaz\u0103 toate caracteristicile titan-zincului. Al\u0103turi de NedZink NOVA, <strong>NedZink NOIR<\/strong> este o a doua variant\u0103 de nuan\u021b\u0103 de titan-zinc prepatinat.<\/p>\n<p>Dac\u0103 prefera\u021bi o suprafa\u021b\u0103 de culoare \u00eenchis\u0103 din prima zi, v\u0103 recomand\u0103m <strong>NedZink NOIR<\/strong>.[\/vc_column_text][\/vc_column_inner][vc_column_inner width=&#8221;1\/4&#8243;][mk_padding_divider size=&#8221;76&#8243; visibility=&#8221;hidden-sm&#8221;][vc_single_image image=&#8221;53642&#8243; img_size=&#8221;275&#215;275&#8243; alignment=&#8221;center&#8221;][\/vc_column_inner][\/vc_row_inner][vc_row_inner css=&#8221;.vc_custom_1556548069799{margin-bottom: 50px !important;padding-bottom: 35px !important;background-color: #ffffff !important;}&#8221; el_class=&#8221;rij-wit-schaduw architecten-materialen2&#8243; el_id=&#8221;nuance&#8221;][vc_column_inner el_class=&#8221;materiaalkolom&#8221; width=&#8221;3\/4&#8243;][mk_padding_divider size=&#8221;30&#8243;][vc_column_text css=&#8221;.vc_custom_1558514805794{margin-bottom: 0px !important;}&#8221;]\n<h2>NedZink NUANCE<\/h2>\n[\/vc_column_text][vc_single_image image=&#8221;32958&#8243; img_size=&#8221;full&#8221; css=&#8221;.vc_custom_1559909219123{padding-top: 0px !important;padding-bottom: 30px !important;}&#8221;][vc_column_text css=&#8221;.vc_custom_1647263342344{margin-bottom: 0px !important;}&#8221;]<strong>NedZink NUANCE<\/strong> este un titan-zinc prepatinat c\u0103ruia i s-au aplicat pigmen\u021bi. Rezultatele depind de pigmentul selectat pentru zincul prepatinat, put\u00e2ndu-se ob\u021bine nuan\u021be de albastru, ro\u0219u, maro sau verde.<\/p>\n<p>Se p\u0103streaz\u0103 neschimbate propriet\u0103\u021bile naturale ale titan-zincului: un material foarte rezistent, care nu necesit\u0103 \u00eentre\u021binere \u0219i prezint\u0103 maleabilitate excelent\u0103.<\/p>\n<p><strong>NedZink NUANCE<\/strong> se utilizeaz\u0103 cu preponderen\u021b\u0103 \u00een aplica\u021bii de construc\u021bii cu un nivel ridicat de estetic\u0103 \u0219i calitate: la exterior, pentru fa\u021bade \u0219i acoperi\u0219uri, iar la interior, pentru diverse aplica\u021bii de design.[\/vc_column_text][\/vc_column_inner][vc_column_inner width=&#8221;1\/4&#8243;][mk_padding_divider size=&#8221;76&#8243; visibility=&#8221;hidden-sm&#8221;][vc_single_image image=&#8221;106830&#8243; img_size=&#8221;275&#215;275&#8243; alignment=&#8221;center&#8221;][\/vc_column_inner][\/vc_row_inner][vc_row_inner css=&#8221;.vc_custom_1555674404577{padding-bottom: 35px !important;background-color: #ffffff !important;}&#8221; el_class=&#8221;rij-wit-schaduw architecten-materialen2&#8243; el_id=&#8221;protec&#8221;][vc_column_inner el_class=&#8221;materiaalkolom&#8221; width=&#8221;3\/4&#8243;][mk_padding_divider size=&#8221;30&#8243;][vc_column_text css=&#8221;.vc_custom_1559026275810{margin-bottom: 0px !important;}&#8221;]\n<h2>NedZink Pro-Tec<\/h2>\n[\/vc_column_text][vc_single_image image=&#8221;28513&#8243; img_size=&#8221;full&#8221; css=&#8221;.vc_custom_1557309395889{padding-top: 0px !important;padding-bottom: 30px !important;}&#8221;][vc_column_text css=&#8221;.vc_custom_1683275568568{margin-bottom: 0px !important;}&#8221;]<strong>NedZink Pro-Tec<\/strong> este un titan-zinc cu un strat de protec\u021bie pe intrados, destinat utiliz\u0103rii at\u00e2t la construc\u021bii reci, c\u00e2t \u0219i la construc\u021bii etan\u0219ate la umiditate. Stratul de protec\u021bie protejeaz\u0103 zincul \u00eempotriva efectelor vaporilor de ap\u0103 \u0219i ale altor substan\u021be.<\/p>\n<p>Propriet\u0103\u021bile de prelucrare ale zincului r\u0103m\u00e2n neschimbate. <strong>NedZink Pro-Tec<\/strong> se poate utiliza la toate sistemele standard, dar se recomand\u0103 \u00een principal pentru construc\u021bii de acoperi\u0219uri calde neventilate \u0219i etan\u0219ate la umiditate \u0219i pentru plac\u0103ri de fa\u021bade.<\/p>\n<p><strong>NedZink Pro-Tec<\/strong> este disponibil \u00een urm\u0103toarele versiuni:<br \/>\n\u2013 NedZink NATUREL Pro-Tec;<br \/>\n\u2013 NedZink NOVA Pro-Tec;<br \/>\n\u2013 NedZink NEO Pro-Tec;<br \/>\n\u2013 NedZink NOIR Pro-Tec;<br \/>\n\u2013 NedZink NUANCE Pro-Tec.[\/vc_column_text][\/vc_column_inner][vc_column_inner width=&#8221;1\/4&#8243;][mk_padding_divider size=&#8221;76&#8243; visibility=&#8221;hidden-sm&#8221;][vc_single_image image=&#8221;53702&#8243; img_size=&#8221;275&#215;275&#8243; alignment=&#8221;center&#8221;][\/vc_column_inner][\/vc_row_inner][\/vc_column][\/mk_page_section]\n","protected":false},"excerpt":{"rendered":"<p>[vc_row fullwidth=&#8221;true&#8221;][vc_column][\/vc_column][\/vc_row][vc_row][vc_column][mk_padding_divider size=&#8221;50&#8243;][\/vc_column][\/vc_row][mk_page_section el_class=&#8221;materialenkleurenpadding&#8221; sidebar=&#8221;sidebar-1&#8243;][vc_column][vc_row_inner css=&#8221;.vc_custom_1556546889255{margin-bottom: 50px !important;padding-bottom: 35px !important;background-color: #ffffff !important;}&#8221; el_class=&#8221;rij-wit-schaduw architecten-materialen2&#8243; el_id=&#8221;naturel&#8221;][vc_column_inner el_class=&#8221;materiaalkolom&#8221; width=&#8221;3\/4&#8243;][mk_padding_divider size=&#8221;30&#8243;][vc_column_text el_class=&#8221;kleurenm&#8221; css=&#8221;.vc_custom_1558514633011{margin-bottom: 0px !important;}&#8221;] NedZink NATUREL [\/vc_column_text][vc_single_image image=&#8221;32978&#8243; img_size=&#8221;full&#8221; css=&#8221;.vc_custom_1559909092531{padding-top: 0px !important;padding-bottom: 30px !important;}&#8221; el_class=&#8221;kleurenm&#8221;][vc_column_text el_class=&#8221;kleurenm&#8221; css=&#8221;.vc_custom_1565247323640{margin-bottom: 0px !important;}&#8221;]NedZink NATUREL este un material durabil, estetic \u0219i care nu necesit\u0103 \u00eentre\u021binere, iar aspectul s\u0103u devine tot mai atractiv [&hellip;]<\/p>\n","protected":false},"author":9,"featured_media":0,"parent":0,"menu_order":0,"comment_status":"closed","ping_status":"closed","template":"","meta":{"_acf_changed":false,"footnotes":""},"class_list":["post-46839","page","type-page","status-publish","hentry"],"acf":[],"yoast_head":"<!-- This site is optimized with the Yoast SEO plugin v26.8 - https:\/\/yoast.com\/product\/yoast-seo-wordpress\/ -->\n<title>Materiale \u0219i culori \u2013 NedZink<\/title>\n<meta name=\"description\" content=\"Titaanzink is verkrijgbaar in de kleuren Naturel, Nova, Noir, Composite en Nuance. Ontdek de kleuren, materialen en toepassingen van titaanzink bij NedZink.\" \/>\n<meta name=\"robots\" content=\"index, follow, max-snippet:-1, max-image-preview:large, max-video-preview:-1\" \/>\n<link rel=\"canonical\" href=\"https:\/\/www.nedzink.com\/ro\/materiale-si-culori\/\" \/>\n<meta property=\"og:locale\" content=\"ro_RO\" \/>\n<meta property=\"og:type\" content=\"article\" \/>\n<meta property=\"og:title\" content=\"Materiale \u0219i culori \u2013 NedZink\" \/>\n<meta property=\"og:description\" content=\"Titaanzink is verkrijgbaar in de kleuren Naturel, Nova, Noir, Composite en Nuance. Ontdek de kleuren, materialen en toepassingen van titaanzink bij NedZink.\" \/>\n<meta property=\"og:url\" content=\"https:\/\/www.nedzink.com\/ro\/materiale-si-culori\/\" \/>\n<meta property=\"og:site_name\" content=\"NedZink\" \/>\n<meta property=\"article:modified_time\" content=\"2024-09-19T18:25:24+00:00\" \/>\n<meta name=\"twitter:card\" content=\"summary_large_image\" \/>\n<meta name=\"twitter:label1\" content=\"Timp estimat pentru citire\" \/>\n\t<meta name=\"twitter:data1\" content=\"5 minute\" \/>\n<script type=\"application\/ld+json\" class=\"yoast-schema-graph\">{\"@context\":\"https:\/\/schema.org\",\"@graph\":[{\"@type\":\"WebPage\",\"@id\":\"https:\/\/www.nedzink.com\/ro\/materiale-si-culori\/\",\"url\":\"https:\/\/www.nedzink.com\/ro\/materiale-si-culori\/\",\"name\":\"Materiale \u0219i culori \u2013 NedZink\",\"isPartOf\":{\"@id\":\"https:\/\/www.nedzink.com\/ro\/#website\"},\"datePublished\":\"2019-04-19T07:15:59+00:00\",\"dateModified\":\"2024-09-19T18:25:24+00:00\",\"description\":\"Titaanzink is verkrijgbaar in de kleuren Naturel, Nova, Noir, Composite en Nuance. Ontdek de kleuren, materialen en toepassingen van titaanzink bij NedZink.\",\"breadcrumb\":{\"@id\":\"https:\/\/www.nedzink.com\/ro\/materiale-si-culori\/#breadcrumb\"},\"inLanguage\":\"ro-RO\",\"potentialAction\":[{\"@type\":\"ReadAction\",\"target\":[\"https:\/\/www.nedzink.com\/ro\/materiale-si-culori\/\"]}]},{\"@type\":\"BreadcrumbList\",\"@id\":\"https:\/\/www.nedzink.com\/ro\/materiale-si-culori\/#breadcrumb\",\"itemListElement\":[{\"@type\":\"ListItem\",\"position\":1,\"name\":\"Home\",\"item\":\"https:\/\/www.nedzink.com\/ro\/\"},{\"@type\":\"ListItem\",\"position\":2,\"name\":\"Materiale \u0219i culori\"}]},{\"@type\":\"WebSite\",\"@id\":\"https:\/\/www.nedzink.com\/ro\/#website\",\"url\":\"https:\/\/www.nedzink.com\/ro\/\",\"name\":\"NedZink\",\"description\":\"Zink fabrikant\",\"publisher\":{\"@id\":\"https:\/\/www.nedzink.com\/ro\/#organization\"},\"potentialAction\":[{\"@type\":\"SearchAction\",\"target\":{\"@type\":\"EntryPoint\",\"urlTemplate\":\"https:\/\/www.nedzink.com\/ro\/?s={search_term_string}\"},\"query-input\":{\"@type\":\"PropertyValueSpecification\",\"valueRequired\":true,\"valueName\":\"search_term_string\"}}],\"inLanguage\":\"ro-RO\"},{\"@type\":\"Organization\",\"@id\":\"https:\/\/www.nedzink.com\/ro\/#organization\",\"name\":\"NedZink\",\"url\":\"https:\/\/www.nedzink.com\/ro\/\",\"logo\":{\"@type\":\"ImageObject\",\"inLanguage\":\"ro-RO\",\"@id\":\"https:\/\/www.nedzink.com\/ro\/#\/schema\/logo\/image\/\",\"url\":\"https:\/\/www.nedzink.com\/wp-content\/uploads\/2019\/08\/logo-nedzink_fc_zk.jpg\",\"contentUrl\":\"https:\/\/www.nedzink.com\/wp-content\/uploads\/2019\/08\/logo-nedzink_fc_zk.jpg\",\"width\":2160,\"height\":688,\"caption\":\"NedZink\"},\"image\":{\"@id\":\"https:\/\/www.nedzink.com\/ro\/#\/schema\/logo\/image\/\"}}]}<\/script>\n<!-- \/ Yoast SEO plugin. -->","yoast_head_json":{"title":"Materiale \u0219i culori \u2013 NedZink","description":"Titaanzink is verkrijgbaar in de kleuren Naturel, Nova, Noir, Composite en Nuance. Ontdek de kleuren, materialen en toepassingen van titaanzink bij NedZink.","robots":{"index":"index","follow":"follow","max-snippet":"max-snippet:-1","max-image-preview":"max-image-preview:large","max-video-preview":"max-video-preview:-1"},"canonical":"https:\/\/www.nedzink.com\/ro\/materiale-si-culori\/","og_locale":"ro_RO","og_type":"article","og_title":"Materiale \u0219i culori \u2013 NedZink","og_description":"Titaanzink is verkrijgbaar in de kleuren Naturel, Nova, Noir, Composite en Nuance. Ontdek de kleuren, materialen en toepassingen van titaanzink bij NedZink.","og_url":"https:\/\/www.nedzink.com\/ro\/materiale-si-culori\/","og_site_name":"NedZink","article_modified_time":"2024-09-19T18:25:24+00:00","twitter_card":"summary_large_image","twitter_misc":{"Timp estimat pentru citire":"5 minute"},"schema":{"@context":"https:\/\/schema.org","@graph":[{"@type":"WebPage","@id":"https:\/\/www.nedzink.com\/ro\/materiale-si-culori\/","url":"https:\/\/www.nedzink.com\/ro\/materiale-si-culori\/","name":"Materiale \u0219i culori \u2013 NedZink","isPartOf":{"@id":"https:\/\/www.nedzink.com\/ro\/#website"},"datePublished":"2019-04-19T07:15:59+00:00","dateModified":"2024-09-19T18:25:24+00:00","description":"Titaanzink is verkrijgbaar in de kleuren Naturel, Nova, Noir, Composite en Nuance. Ontdek de kleuren, materialen en toepassingen van titaanzink bij NedZink.","breadcrumb":{"@id":"https:\/\/www.nedzink.com\/ro\/materiale-si-culori\/#breadcrumb"},"inLanguage":"ro-RO","potentialAction":[{"@type":"ReadAction","target":["https:\/\/www.nedzink.com\/ro\/materiale-si-culori\/"]}]},{"@type":"BreadcrumbList","@id":"https:\/\/www.nedzink.com\/ro\/materiale-si-culori\/#breadcrumb","itemListElement":[{"@type":"ListItem","position":1,"name":"Home","item":"https:\/\/www.nedzink.com\/ro\/"},{"@type":"ListItem","position":2,"name":"Materiale \u0219i culori"}]},{"@type":"WebSite","@id":"https:\/\/www.nedzink.com\/ro\/#website","url":"https:\/\/www.nedzink.com\/ro\/","name":"NedZink","description":"Zink fabrikant","publisher":{"@id":"https:\/\/www.nedzink.com\/ro\/#organization"},"potentialAction":[{"@type":"SearchAction","target":{"@type":"EntryPoint","urlTemplate":"https:\/\/www.nedzink.com\/ro\/?s={search_term_string}"},"query-input":{"@type":"PropertyValueSpecification","valueRequired":true,"valueName":"search_term_string"}}],"inLanguage":"ro-RO"},{"@type":"Organization","@id":"https:\/\/www.nedzink.com\/ro\/#organization","name":"NedZink","url":"https:\/\/www.nedzink.com\/ro\/","logo":{"@type":"ImageObject","inLanguage":"ro-RO","@id":"https:\/\/www.nedzink.com\/ro\/#\/schema\/logo\/image\/","url":"https:\/\/www.nedzink.com\/wp-content\/uploads\/2019\/08\/logo-nedzink_fc_zk.jpg","contentUrl":"https:\/\/www.nedzink.com\/wp-content\/uploads\/2019\/08\/logo-nedzink_fc_zk.jpg","width":2160,"height":688,"caption":"NedZink"},"image":{"@id":"https:\/\/www.nedzink.com\/ro\/#\/schema\/logo\/image\/"}}]}},"_links":{"self":[{"href":"https:\/\/www.nedzink.com\/ro\/wp-json\/wp\/v2\/pages\/46839","targetHints":{"allow":["GET"]}}],"collection":[{"href":"https:\/\/www.nedzink.com\/ro\/wp-json\/wp\/v2\/pages"}],"about":[{"href":"https:\/\/www.nedzink.com\/ro\/wp-json\/wp\/v2\/types\/page"}],"author":[{"embeddable":true,"href":"https:\/\/www.nedzink.com\/ro\/wp-json\/wp\/v2\/users\/9"}],"replies":[{"embeddable":true,"href":"https:\/\/www.nedzink.com\/ro\/wp-json\/wp\/v2\/comments?post=46839"}],"version-history":[{"count":2,"href":"https:\/\/www.nedzink.com\/ro\/wp-json\/wp\/v2\/pages\/46839\/revisions"}],"predecessor-version":[{"id":131934,"href":"https:\/\/www.nedzink.com\/ro\/wp-json\/wp\/v2\/pages\/46839\/revisions\/131934"}],"wp:attachment":[{"href":"https:\/\/www.nedzink.com\/ro\/wp-json\/wp\/v2\/media?parent=46839"}],"curies":[{"name":"wp","href":"https:\/\/api.w.org\/{rel}","templated":true}]}}