{"id":46,"date":"2019-02-27T15:34:07","date_gmt":"2019-02-27T14:34:07","guid":{"rendered":"http:\/\/136.144.181.85\/~nedzink\/home\/"},"modified":"2026-04-16T09:10:57","modified_gmt":"2026-04-16T07:10:57","slug":"home","status":"publish","type":"page","link":"https:\/\/www.nedzink.com\/ro\/","title":{"rendered":"Home"},"content":{"rendered":"[vc_row fullwidth=&#8221;true&#8221;][vc_column][vc_column_text css=&#8221;.vc_custom_1670319637890{margin-bottom: 0px !important;}&#8221;][\/vc_column_text][\/vc_column][\/vc_row][vc_row][vc_column][mk_padding_divider size=&#8221;50&#8243;][\/vc_column][\/vc_row][vc_row attached=&#8221;true&#8221; el_class=&#8221;home-branches-blokken&#8221;][vc_column width=&#8221;1\/3&#8243;][vc_column_text align=&#8221;center&#8221; el_class=&#8221;consumenten&#8221; css=&#8221;.vc_custom_1564577669988{margin-bottom: 0px !important;}&#8221;]\n<h3><a href=\"https:\/\/www.nedzink.com\/ro\/consumatori\/\">Consumatori<\/a><\/h3>\n[\/vc_column_text][\/vc_column][vc_column width=&#8221;1\/3&#8243; el_class=&#8221;architecten&#8221;][vc_column_text align=&#8221;center&#8221; css=&#8221;.vc_custom_1564577701959{margin-bottom: 0px !important;}&#8221;]\n<h3><a href=\"https:\/\/www.nedzink.com\/ro\/arhitecti\/\">Arhitec\u021bi<\/a><\/h3>\n[\/vc_column_text][\/vc_column][vc_column width=&#8221;1\/3&#8243;][vc_column_text align=&#8221;center&#8221; el_class=&#8221;installateurs&#8221; css=&#8221;.vc_custom_1564577739616{margin-bottom: 0px !important;}&#8221;]\n<h3><a href=\"https:\/\/www.nedzink.com\/ro\/instalatori\/\">Montatori \u0219i prolucr\u0103tori<\/a><\/h3>\n[\/vc_column_text][\/vc_column][\/vc_row][vc_row][vc_column][mk_padding_divider size=&#8221;50&#8243;][\/vc_column][\/vc_row][vc_row attached=&#8221;true&#8221; column_padding=&#8221;3&#8243; el_class=&#8221;home-intro rij-wit-schaduw&#8221;][vc_column width=&#8221;1\/2&#8243; offset=&#8221;vc_col-lg-4 vc_col-md-4 vc_col-xs-12&#8243;][vc_column_text css=&#8221;.vc_custom_1564577806103{margin-bottom: 0px !important;}&#8221;]\n<h1>Zincul olandez de cea mai \u00eenalt\u0103 calitate cu o experien\u021b\u0103 de peste 125 de ani. Evident, vorbim despre NedZink!<\/h1>\n[\/vc_column_text][\/vc_column][vc_column width=&#8221;1\/2&#8243; el_class=&#8221;introtekst&#8221; offset=&#8221;vc_col-lg-4 vc_col-md-4 vc_col-xs-12&#8243;][vc_column_text css=&#8221;.vc_custom_1742912901719{margin-bottom: 0px !important;}&#8221;]NedZink este principalul produc\u0103tor olandez de tabl\u0103 de titan-zinc utilizat\u0103 la placarea fa\u021badelor, la \u00eenvelitori de acoperi\u0219, la jgheaburi pentru acoperi\u0219 \u0219i la sisteme pluviale. De peste 125 de ani, NedZink fabric\u0103 produse din zinc de cea mai \u00eenalt\u0103 calitate utilizate \u00een \u00eentreaga lume la proiecte de mare \u0219i mic\u0103 anvergur\u0103.<\/p>\n<p>Ca lider de pia\u021b\u0103 \u00een \u021a\u0103rile de Jos, NedZink promoveaz\u0103 aplica\u021biile creative ale zincului. Printre op\u021biunile disponibile se num\u0103r\u0103 zincul laminat lucios (NATUREL), zincul gri prepatinat (NOVA) \u0219i zincul negru prepatinat (NOIR). Utilizarea permanent\u0103 a produsului existent pentru aplica\u021bii noi \u0219i \u00een forme noi face ca zincul s\u0103 r\u0103m\u00e2n\u0103 un produs fascinant \u0219i o surs\u0103 de inspira\u021bie. Acest lucru a dus la dezvoltarea unor produse precum NedZink Pro-Tec \u0219i NedZink NUANCE.<\/p>\n<p><em>NedZink trademarks: NedZink<sup>\u00ae<\/sup> NATUREL, NedZink<sup>\u00ae<\/sup> NEO, NedZink<sup>\u00ae<\/sup> NOVA, NedZink<sup>\u00ae<\/sup> NOIR, NedZink<sup>\u00ae<\/sup> NUANCE,\u00a0NedZink<sup>\u00ae<\/sup> Pro-Tec.<\/em>[\/vc_column_text][\/vc_column][vc_column offset=&#8221;vc_col-lg-4 vc_col-md-4 vc_col-xs-12&#8243;][vc_row_inner css=&#8221;.vc_custom_1551707105796{padding-right: 36px !important;padding-left: 36px !important;}&#8221;][vc_column_inner][vc_single_image image=&#8221;473&#8243; img_size=&#8221;full&#8221; alignment=&#8221;center&#8221;][mk_padding_divider size=&#8221;20&#8243;][vc_column_text align=&#8221;center&#8221; css=&#8221;.vc_custom_1564577876453{margin-bottom: 0px !important;}&#8221;]\n<h2>\u0218tia\u021bi c\u0103 titan-zincul este cel mai rezistent metal pentru construc\u021bii?<\/h2>\n[\/vc_column_text][vc_column_text align=&#8221;center&#8221; css=&#8221;.vc_custom_1564577930962{margin-bottom: 0px !important;}&#8221;]<span style=\"color: #009ad8;\">Datorit\u0103 propriet\u0103\u021bilor sale excelente la prelucrare, acest material este u\u0219or de aplicat \u0219i 100 % reciclabil.<\/span>[\/vc_column_text][\/vc_column_inner][\/vc_row_inner][\/vc_column][\/vc_row][vc_row][vc_column][mk_padding_divider size=&#8221;50&#8243;][\/vc_column][\/vc_row][vc_row equal_columns=&#8221;true&#8221; attached=&#8221;true&#8221; column_padding=&#8221;1&#8243; el_class=&#8221;home-projecten-nieuws rij-wit-schaduw&#8221;][vc_column width=&#8221;3\/4&#8243; el_class=&#8221;projecten&#8221;][vc_column_text css=&#8221;.vc_custom_1564577954209{margin-bottom: 0px !important;}&#8221;]\n<h2>Proiecte<\/h2>\n[\/vc_column_text][mk_blog_carousel count=&#8221;-1&#8243; cat=&#8221;41, 43, 42&#8243;][\/vc_column][vc_column width=&#8221;1\/4&#8243; el_class=&#8221;nieuws&#8221;][vc_column_text css=&#8221;.vc_custom_1564577980166{margin-bottom: 0px !important;}&#8221;]\n<h2>Nout\u0103\u021bi<\/h2>\n[\/vc_column_text][mk_blog style=&#8221;thumbnail&#8221; image_size=&#8221;full&#8221; post_count=&#8221;3&#8243; excerpt_length=&#8221;0&#8243; pagination=&#8221;false&#8221;][\/vc_column][\/vc_row][vc_row el_class=&#8221;home-projecten-nieuws-padding&#8221;][vc_column][mk_padding_divider size=&#8221;50&#8243;][\/vc_column][\/vc_row][vc_row equal_columns=&#8221;true&#8221; attached=&#8221;true&#8221; el_class=&#8221;home-waarom-nedzink rij-wit-schaduw&#8221;][vc_column][mk_padding_divider size=&#8221;30&#8243;][vc_column_text align=&#8221;center&#8221; css=&#8221;.vc_custom_1564578004722{margin-bottom: 0px !important;}&#8221;]\n<h2>De ce NedZink?<\/h2>\n[\/vc_column_text][vc_row_inner attached=&#8221;true&#8221; column_padding=&#8221;1&#8243;][vc_column_inner el_class=&#8221;waaromnedzink&#8221; width=&#8221;1\/3&#8243; offset=&#8221;vc_col-lg-2 vc_col-md-4 vc_col-xs-12&#8243;][vc_single_image image=&#8221;890&#8243; img_size=&#8221;full&#8221; alignment=&#8221;center&#8221;][vc_column_text align=&#8221;center&#8221; el_class=&#8221;titel&#8221; css=&#8221;.vc_custom_1564578024733{margin-bottom: 0px !important;}&#8221;]\n<h3>Livrare rapid\u0103<\/h3>\n[\/vc_column_text][vc_column_text align=&#8221;center&#8221; css=&#8221;.vc_custom_1564578041310{margin-bottom: 0px !important;}&#8221;]Majoritatea produselor sunt disponibile, de obicei, \u00een stoc la unul dintre depozitele noastre sau la unul dintre distribuitorii no\u0219tri din \u00eentreaga lume.[\/vc_column_text][\/vc_column_inner][vc_column_inner el_class=&#8221;waaromnedzink&#8221; width=&#8221;1\/3&#8243; offset=&#8221;vc_col-lg-2 vc_col-md-4 vc_col-xs-12&#8243;][vc_single_image image=&#8221;850&#8243; img_size=&#8221;full&#8221; alignment=&#8221;center&#8221;][vc_column_text align=&#8221;center&#8221; el_class=&#8221;titel&#8221; css=&#8221;.vc_custom_1564578055441{margin-bottom: 0px !important;}&#8221;]\n<h3>Peste 125 de ani de experien\u021b\u0103<\/h3>\n[\/vc_column_text][vc_column_text align=&#8221;center&#8221; css=&#8221;.vc_custom_1564578072505{margin-bottom: 0px !important;}&#8221;]Datorit\u0103 experien\u021bei sale de peste 125 de ani, NedZink a reu\u0219it s\u0103 \u00ee\u0219i creeze o re\u021bea intern\u0103 \u0219i extern\u0103 ampl\u0103, \u00een care au loc permanent schimburi de cuno\u0219tin\u021be \u0219i de experien\u021b\u0103.[\/vc_column_text][\/vc_column_inner][vc_column_inner el_class=&#8221;waaromnedzink&#8221; width=&#8221;1\/3&#8243; offset=&#8221;vc_col-lg-2 vc_col-md-4 vc_col-xs-12&#8243;][vc_single_image image=&#8221;870&#8243; img_size=&#8221;full&#8221; alignment=&#8221;center&#8221;][vc_column_text align=&#8221;center&#8221; el_class=&#8221;titel&#8221; css=&#8221;.vc_custom_1564578084355{margin-bottom: 0px !important;}&#8221;]\n<h3>Calitate garantat\u0103<\/h3>\n[\/vc_column_text][vc_column_text align=&#8221;center&#8221; css=&#8221;.vc_custom_1564578095581{margin-bottom: 0px !important;}&#8221;]NedZink stimuleaz\u0103 aplica\u021biile durabile \u0219i de \u00eenalt\u0103 calitate tehnic\u0103 ale zincului, oferind o garan\u021bie a calit\u0103\u021bii conform standardului NEN-EN-ISO 9001:2015.[\/vc_column_text][\/vc_column_inner][vc_column_inner el_class=&#8221;waaromnedzink&#8221; width=&#8221;1\/3&#8243; offset=&#8221;vc_col-lg-2 vc_col-md-4 vc_col-xs-12&#8243;][vc_single_image image=&#8221;900&#8243; img_size=&#8221;full&#8221; alignment=&#8221;center&#8221;][vc_column_text align=&#8221;center&#8221; el_class=&#8221;titel&#8221; css=&#8221;.vc_custom_1564578109386{margin-bottom: 0px !important;}&#8221;]\n<h3>Prezen\u021b\u0103 global\u0103<\/h3>\n[\/vc_column_text][vc_column_text align=&#8221;center&#8221; css=&#8221;.vc_custom_1564578122569{margin-bottom: 0px !important;}&#8221;]NedZink activeaz\u0103 \u00een \u00eentreaga lume! Av\u00e2nd o re\u021bea de distribu\u021bie ampl\u0103, produsele NedZink se utilizeaz\u0103 \u00een mod inovator \u0219i creativ la nivel mondial.[\/vc_column_text][\/vc_column_inner][vc_column_inner el_class=&#8221;waaromnedzink&#8221; width=&#8221;1\/3&#8243; offset=&#8221;vc_col-lg-2 vc_col-md-4 vc_col-xs-12&#8243;][vc_single_image image=&#8221;880&#8243; img_size=&#8221;full&#8221; alignment=&#8221;center&#8221;][vc_column_text align=&#8221;center&#8221; el_class=&#8221;titel&#8221; css=&#8221;.vc_custom_1564578139425{margin-bottom: 0px !important;}&#8221;]\n<h3>O cunoa\u0219tere neegalat\u0103 a pie\u021bei<\/h3>\n[\/vc_column_text][vc_column_text align=&#8221;center&#8221; css=&#8221;.vc_custom_1564578152481{margin-bottom: 0px !important;}&#8221;]Av\u00e2nd o prezen\u021b\u0103 global\u0103 \u0219i o experien\u021b\u0103 de peste 125 de ani, suntem partenerul suprem \u00een materie de cuno\u0219tin\u021be \u00een cadrul industriei.[\/vc_column_text][\/vc_column_inner][vc_column_inner el_class=&#8221;waaromnedzink&#8221; width=&#8221;1\/3&#8243; offset=&#8221;vc_col-lg-2 vc_col-md-4 vc_col-xs-12&#8243;][vc_single_image image=&#8221;860&#8243; img_size=&#8221;full&#8221; alignment=&#8221;center&#8221;][vc_column_text align=&#8221;center&#8221; el_class=&#8221;titel&#8221; css=&#8221;.vc_custom_1564578165462{margin-bottom: 0px !important;}&#8221;]\n<h3>Respectarea cuv\u00e2ntului dat<\/h3>\n[\/vc_column_text][vc_column_text align=&#8221;center&#8221; css=&#8221;.vc_custom_1564578178323{margin-bottom: 0px !important;}&#8221;]NedZink este o surs\u0103 de inspira\u021bie ca partener comercial, datorit\u0103 furniz\u0103rii fiabile de cuno\u0219tin\u021be, calitate \u0219i servicii.[\/vc_column_text][\/vc_column_inner][\/vc_row_inner][mk_padding_divider size=&#8221;30&#8243;][\/vc_column][\/vc_row][vc_row css=&#8221;.vc_custom_1556890547379{padding-top: 0px !important;padding-right: 0px !important;padding-bottom: 0px !important;padding-left: 0px !important;}&#8221;][vc_column][mk_padding_divider size=&#8221;50&#8243;][\/vc_column][\/vc_row][vc_row el_class=&#8221;home-logos-keurmerken&#8221;][vc_column][vc_column_text align=&#8221;center&#8221; css=&#8221;.vc_custom_1564578195369{margin-bottom: 0px !important;}&#8221;]\n<h2>NedZink, alegerea logic\u0103!<\/h2>\n[\/vc_column_text][mk_padding_divider size=&#8221;20&#8243;][vc_column_text align=&#8221;center&#8221; css=&#8221;.vc_custom_1776323446068{margin-bottom: 0px !important;}&#8221;]<a href=\"https:\/\/www.nedzink.com\/ro\/downloads\/#lloyd\"><img loading=\"lazy\" decoding=\"async\" class=\"alignnone wp-image-106802\" src=\"https:\/\/www.nedzink.com\/wp-content\/uploads\/2022\/03\/rva-and-iso-9001-cmyk.jpg\" alt=\"\" width=\"110\" height=\"69\" srcset=\"https:\/\/www.nedzink.com\/wp-content\/uploads\/2022\/03\/rva-and-iso-9001-cmyk.jpg 1881w, https:\/\/www.nedzink.com\/wp-content\/uploads\/2022\/03\/rva-and-iso-9001-cmyk-300x188.jpg 300w, https:\/\/www.nedzink.com\/wp-content\/uploads\/2022\/03\/rva-and-iso-9001-cmyk-1024x643.jpg 1024w, https:\/\/www.nedzink.com\/wp-content\/uploads\/2022\/03\/rva-and-iso-9001-cmyk-1536x964.jpg 1536w, https:\/\/www.nedzink.com\/wp-content\/uploads\/2022\/03\/rva-and-iso-9001-cmyk-139x87.jpg 139w, https:\/\/www.nedzink.com\/wp-content\/uploads\/2022\/03\/rva-and-iso-9001-cmyk-56x36.jpg 56w, https:\/\/www.nedzink.com\/wp-content\/uploads\/2022\/03\/rva-and-iso-9001-cmyk-212x133.jpg 212w\" sizes=\"auto, (max-width: 110px) 100vw, 110px\" \/><\/a><a href=\"https:\/\/www.komoquality.com\/\" target=\"_blank\" rel=\"noopener noreferrer\"><img loading=\"lazy\" decoding=\"async\" class=\"logohomeonder\" src=\"https:\/\/www.nedzink.com\/wp-content\/uploads\/2019\/03\/komo.png\" alt=\"\" width=\"89\" height=\"78\" \/><\/a><a href=\"https:\/\/www.kiwaregister.nl\/\"><img loading=\"lazy\" decoding=\"async\" class=\"logohomeonder\" src=\"https:\/\/www.nedzink.com\/wp-content\/uploads\/2019\/10\/kiwa.png\" alt=\"\" width=\"141\" height=\"50\" \/><\/a><a href=\"https:\/\/www.nedzink.com\/ro\/mediul\/declaratia-de-mediu\/\"><img loading=\"lazy\" decoding=\"async\" class=\"logohomeonder\" src=\"https:\/\/www.nedzink.com\/wp-content\/uploads\/2019\/03\/epd.png\" alt=\"\" width=\"165\" height=\"79\" \/><\/a>[\/vc_column_text][mk_padding_divider size=&#8221;20&#8243;][\/vc_column][\/vc_row]\n","protected":false},"excerpt":{"rendered":"<p>[vc_row fullwidth=&#8221;true&#8221;][vc_column][vc_column_text css=&#8221;.vc_custom_1670319637890{margin-bottom: 0px !important;}&#8221;][\/vc_column_text][\/vc_column][\/vc_row][vc_row][vc_column][mk_padding_divider size=&#8221;50&#8243;][\/vc_column][\/vc_row][vc_row attached=&#8221;true&#8221; el_class=&#8221;home-branches-blokken&#8221;][vc_column width=&#8221;1\/3&#8243;][vc_column_text align=&#8221;center&#8221; el_class=&#8221;consumenten&#8221; css=&#8221;.vc_custom_1564577669988{margin-bottom: 0px !important;}&#8221;] Consumatori [\/vc_column_text][\/vc_column][vc_column width=&#8221;1\/3&#8243; el_class=&#8221;architecten&#8221;][vc_column_text align=&#8221;center&#8221; css=&#8221;.vc_custom_1564577701959{margin-bottom: 0px !important;}&#8221;] Arhitec\u021bi [\/vc_column_text][\/vc_column][vc_column width=&#8221;1\/3&#8243;][vc_column_text align=&#8221;center&#8221; el_class=&#8221;installateurs&#8221; css=&#8221;.vc_custom_1564577739616{margin-bottom: 0px !important;}&#8221;] Montatori \u0219i prolucr\u0103tori [\/vc_column_text][\/vc_column][\/vc_row][vc_row][vc_column][mk_padding_divider size=&#8221;50&#8243;][\/vc_column][\/vc_row][vc_row attached=&#8221;true&#8221; column_padding=&#8221;3&#8243; el_class=&#8221;home-intro rij-wit-schaduw&#8221;][vc_column width=&#8221;1\/2&#8243; offset=&#8221;vc_col-lg-4 vc_col-md-4 vc_col-xs-12&#8243;][vc_column_text css=&#8221;.vc_custom_1564577806103{margin-bottom: 0px !important;}&#8221;] Zincul olandez de cea mai \u00eenalt\u0103 calitate cu o [&hellip;]<\/p>\n","protected":false},"author":9,"featured_media":0,"parent":0,"menu_order":0,"comment_status":"closed","ping_status":"closed","template":"","meta":{"_acf_changed":false,"footnotes":""},"class_list":["post-46","page","type-page","status-publish","hentry"],"acf":[],"yoast_head":"<!-- This site is optimized with the Yoast SEO plugin v26.8 - https:\/\/yoast.com\/product\/yoast-seo-wordpress\/ -->\n<title>Home \u2013 NedZink<\/title>\n<meta name=\"description\" content=\"NedZink is d\u00e9 Nederlandse zinkfabrikant van gewalst titaanzink voor toepassingen in gevelbekleding, dakbedekking, dakgoten en hemelwaterafvoersystemen.\" \/>\n<meta name=\"robots\" content=\"index, follow, max-snippet:-1, max-image-preview:large, max-video-preview:-1\" \/>\n<link rel=\"canonical\" href=\"https:\/\/www.nedzink.com\/ro\/\" \/>\n<meta property=\"og:locale\" content=\"ro_RO\" \/>\n<meta property=\"og:type\" content=\"article\" \/>\n<meta property=\"og:title\" content=\"Home \u2013 NedZink\" \/>\n<meta property=\"og:description\" content=\"NedZink is d\u00e9 Nederlandse zinkfabrikant van gewalst titaanzink voor toepassingen in gevelbekleding, dakbedekking, dakgoten en hemelwaterafvoersystemen.\" \/>\n<meta property=\"og:url\" content=\"https:\/\/www.nedzink.com\/ro\/\" \/>\n<meta property=\"og:site_name\" content=\"NedZink\" \/>\n<meta property=\"article:modified_time\" content=\"2026-04-16T07:10:57+00:00\" \/>\n<meta property=\"og:image\" content=\"https:\/\/www.nedzink.com\/wp-content\/uploads\/2022\/03\/rva-and-iso-9001-cmyk.jpg\" \/>\n<meta name=\"twitter:card\" content=\"summary_large_image\" \/>\n<meta name=\"twitter:label1\" content=\"Timp estimat pentru citire\" \/>\n\t<meta name=\"twitter:data1\" content=\"4 minute\" \/>\n<script type=\"application\/ld+json\" class=\"yoast-schema-graph\">{\"@context\":\"https:\/\/schema.org\",\"@graph\":[{\"@type\":\"WebPage\",\"@id\":\"https:\/\/www.nedzink.com\/ro\/\",\"url\":\"https:\/\/www.nedzink.com\/ro\/\",\"name\":\"Home \u2013 NedZink\",\"isPartOf\":{\"@id\":\"https:\/\/www.nedzink.com\/ro\/#website\"},\"primaryImageOfPage\":{\"@id\":\"https:\/\/www.nedzink.com\/ro\/#primaryimage\"},\"image\":{\"@id\":\"https:\/\/www.nedzink.com\/ro\/#primaryimage\"},\"thumbnailUrl\":\"https:\/\/www.nedzink.com\/wp-content\/uploads\/2022\/03\/rva-and-iso-9001-cmyk.jpg\",\"datePublished\":\"2019-02-27T14:34:07+00:00\",\"dateModified\":\"2026-04-16T07:10:57+00:00\",\"description\":\"NedZink is d\u00e9 Nederlandse zinkfabrikant van gewalst titaanzink voor toepassingen in gevelbekleding, dakbedekking, dakgoten en hemelwaterafvoersystemen.\",\"breadcrumb\":{\"@id\":\"https:\/\/www.nedzink.com\/ro\/#breadcrumb\"},\"inLanguage\":\"ro-RO\",\"potentialAction\":[{\"@type\":\"ReadAction\",\"target\":[\"https:\/\/www.nedzink.com\/ro\/\"]}]},{\"@type\":\"ImageObject\",\"inLanguage\":\"ro-RO\",\"@id\":\"https:\/\/www.nedzink.com\/ro\/#primaryimage\",\"url\":\"https:\/\/www.nedzink.com\/wp-content\/uploads\/2022\/03\/rva-and-iso-9001-cmyk.jpg\",\"contentUrl\":\"https:\/\/www.nedzink.com\/wp-content\/uploads\/2022\/03\/rva-and-iso-9001-cmyk.jpg\"},{\"@type\":\"BreadcrumbList\",\"@id\":\"https:\/\/www.nedzink.com\/ro\/#breadcrumb\",\"itemListElement\":[{\"@type\":\"ListItem\",\"position\":1,\"name\":\"Home\",\"item\":\"https:\/\/www.nedzink.com\/ro\/\"},{\"@type\":\"ListItem\",\"position\":2,\"name\":\"Home\"}]},{\"@type\":\"WebSite\",\"@id\":\"https:\/\/www.nedzink.com\/ro\/#website\",\"url\":\"https:\/\/www.nedzink.com\/ro\/\",\"name\":\"NedZink\",\"description\":\"Zink fabrikant\",\"publisher\":{\"@id\":\"https:\/\/www.nedzink.com\/ro\/#organization\"},\"potentialAction\":[{\"@type\":\"SearchAction\",\"target\":{\"@type\":\"EntryPoint\",\"urlTemplate\":\"https:\/\/www.nedzink.com\/ro\/?s={search_term_string}\"},\"query-input\":{\"@type\":\"PropertyValueSpecification\",\"valueRequired\":true,\"valueName\":\"search_term_string\"}}],\"inLanguage\":\"ro-RO\"},{\"@type\":\"Organization\",\"@id\":\"https:\/\/www.nedzink.com\/ro\/#organization\",\"name\":\"NedZink\",\"url\":\"https:\/\/www.nedzink.com\/ro\/\",\"logo\":{\"@type\":\"ImageObject\",\"inLanguage\":\"ro-RO\",\"@id\":\"https:\/\/www.nedzink.com\/ro\/#\/schema\/logo\/image\/\",\"url\":\"https:\/\/www.nedzink.com\/wp-content\/uploads\/2019\/08\/logo-nedzink_fc_zk.jpg\",\"contentUrl\":\"https:\/\/www.nedzink.com\/wp-content\/uploads\/2019\/08\/logo-nedzink_fc_zk.jpg\",\"width\":2160,\"height\":688,\"caption\":\"NedZink\"},\"image\":{\"@id\":\"https:\/\/www.nedzink.com\/ro\/#\/schema\/logo\/image\/\"}}]}<\/script>\n<!-- \/ Yoast SEO plugin. -->","yoast_head_json":{"title":"Home \u2013 NedZink","description":"NedZink is d\u00e9 Nederlandse zinkfabrikant van gewalst titaanzink voor toepassingen in gevelbekleding, dakbedekking, dakgoten en hemelwaterafvoersystemen.","robots":{"index":"index","follow":"follow","max-snippet":"max-snippet:-1","max-image-preview":"max-image-preview:large","max-video-preview":"max-video-preview:-1"},"canonical":"https:\/\/www.nedzink.com\/ro\/","og_locale":"ro_RO","og_type":"article","og_title":"Home \u2013 NedZink","og_description":"NedZink is d\u00e9 Nederlandse zinkfabrikant van gewalst titaanzink voor toepassingen in gevelbekleding, dakbedekking, dakgoten en hemelwaterafvoersystemen.","og_url":"https:\/\/www.nedzink.com\/ro\/","og_site_name":"NedZink","article_modified_time":"2026-04-16T07:10:57+00:00","og_image":[{"url":"https:\/\/www.nedzink.com\/wp-content\/uploads\/2022\/03\/rva-and-iso-9001-cmyk.jpg","type":"","width":"","height":""}],"twitter_card":"summary_large_image","twitter_misc":{"Timp estimat pentru citire":"4 minute"},"schema":{"@context":"https:\/\/schema.org","@graph":[{"@type":"WebPage","@id":"https:\/\/www.nedzink.com\/ro\/","url":"https:\/\/www.nedzink.com\/ro\/","name":"Home \u2013 NedZink","isPartOf":{"@id":"https:\/\/www.nedzink.com\/ro\/#website"},"primaryImageOfPage":{"@id":"https:\/\/www.nedzink.com\/ro\/#primaryimage"},"image":{"@id":"https:\/\/www.nedzink.com\/ro\/#primaryimage"},"thumbnailUrl":"https:\/\/www.nedzink.com\/wp-content\/uploads\/2022\/03\/rva-and-iso-9001-cmyk.jpg","datePublished":"2019-02-27T14:34:07+00:00","dateModified":"2026-04-16T07:10:57+00:00","description":"NedZink is d\u00e9 Nederlandse zinkfabrikant van gewalst titaanzink voor toepassingen in gevelbekleding, dakbedekking, dakgoten en hemelwaterafvoersystemen.","breadcrumb":{"@id":"https:\/\/www.nedzink.com\/ro\/#breadcrumb"},"inLanguage":"ro-RO","potentialAction":[{"@type":"ReadAction","target":["https:\/\/www.nedzink.com\/ro\/"]}]},{"@type":"ImageObject","inLanguage":"ro-RO","@id":"https:\/\/www.nedzink.com\/ro\/#primaryimage","url":"https:\/\/www.nedzink.com\/wp-content\/uploads\/2022\/03\/rva-and-iso-9001-cmyk.jpg","contentUrl":"https:\/\/www.nedzink.com\/wp-content\/uploads\/2022\/03\/rva-and-iso-9001-cmyk.jpg"},{"@type":"BreadcrumbList","@id":"https:\/\/www.nedzink.com\/ro\/#breadcrumb","itemListElement":[{"@type":"ListItem","position":1,"name":"Home","item":"https:\/\/www.nedzink.com\/ro\/"},{"@type":"ListItem","position":2,"name":"Home"}]},{"@type":"WebSite","@id":"https:\/\/www.nedzink.com\/ro\/#website","url":"https:\/\/www.nedzink.com\/ro\/","name":"NedZink","description":"Zink fabrikant","publisher":{"@id":"https:\/\/www.nedzink.com\/ro\/#organization"},"potentialAction":[{"@type":"SearchAction","target":{"@type":"EntryPoint","urlTemplate":"https:\/\/www.nedzink.com\/ro\/?s={search_term_string}"},"query-input":{"@type":"PropertyValueSpecification","valueRequired":true,"valueName":"search_term_string"}}],"inLanguage":"ro-RO"},{"@type":"Organization","@id":"https:\/\/www.nedzink.com\/ro\/#organization","name":"NedZink","url":"https:\/\/www.nedzink.com\/ro\/","logo":{"@type":"ImageObject","inLanguage":"ro-RO","@id":"https:\/\/www.nedzink.com\/ro\/#\/schema\/logo\/image\/","url":"https:\/\/www.nedzink.com\/wp-content\/uploads\/2019\/08\/logo-nedzink_fc_zk.jpg","contentUrl":"https:\/\/www.nedzink.com\/wp-content\/uploads\/2019\/08\/logo-nedzink_fc_zk.jpg","width":2160,"height":688,"caption":"NedZink"},"image":{"@id":"https:\/\/www.nedzink.com\/ro\/#\/schema\/logo\/image\/"}}]}},"_links":{"self":[{"href":"https:\/\/www.nedzink.com\/ro\/wp-json\/wp\/v2\/pages\/46","targetHints":{"allow":["GET"]}}],"collection":[{"href":"https:\/\/www.nedzink.com\/ro\/wp-json\/wp\/v2\/pages"}],"about":[{"href":"https:\/\/www.nedzink.com\/ro\/wp-json\/wp\/v2\/types\/page"}],"author":[{"embeddable":true,"href":"https:\/\/www.nedzink.com\/ro\/wp-json\/wp\/v2\/users\/9"}],"replies":[{"embeddable":true,"href":"https:\/\/www.nedzink.com\/ro\/wp-json\/wp\/v2\/comments?post=46"}],"version-history":[{"count":6,"href":"https:\/\/www.nedzink.com\/ro\/wp-json\/wp\/v2\/pages\/46\/revisions"}],"predecessor-version":[{"id":140432,"href":"https:\/\/www.nedzink.com\/ro\/wp-json\/wp\/v2\/pages\/46\/revisions\/140432"}],"wp:attachment":[{"href":"https:\/\/www.nedzink.com\/ro\/wp-json\/wp\/v2\/media?parent=46"}],"curies":[{"name":"wp","href":"https:\/\/api.w.org\/{rel}","templated":true}]}}