{"id":31907,"date":"2019-04-23T13:49:15","date_gmt":"2019-04-23T11:49:15","guid":{"rendered":"http:\/\/136.144.181.85\/~nedzink\/disclaimer\/"},"modified":"2019-06-05T12:44:09","modified_gmt":"2019-06-05T10:44:09","slug":"protectia-datelor","status":"publish","type":"page","link":"https:\/\/www.nedzink.com\/ro\/protectia-datelor\/","title":{"rendered":"Protec\u021bia datelor"},"content":{"rendered":"[vc_row equal_columns=&#8221;true&#8221; attached=&#8221;true&#8221; column_padding=&#8221;2&#8243; el_class=&#8221;rij-wit-schaduw&#8221;][vc_column][vc_row_inner is_fullwidth_content=&#8221;false&#8221;][vc_column_inner][mk_padding_divider size=&#8221;30&#8243;][vc_column_text css=&#8221;.vc_custom_1556021609675{margin-bottom: 0px !important;}&#8221;]\n<h1>Disclaimer<\/h1>\n[\/vc_column_text][mk_padding_divider size=&#8221;30&#8243;][vc_column_text css=&#8221;.vc_custom_1559731424475{margin-bottom: 0px !important;}&#8221;]\n<p class=\"contentStyle\">V\u0103 mul\u021bumim pentru vizita pe site-ul nostru. Acest site este \u00een administrarea \u0219i \u00een proprietatea NedZink BV, cu sediul \u00een Budel-Dorplein, Olanda, \u00eenregistrat\u0103 la Camera de Comer\u021b : 17067114.<\/p>\n<p class=\"contentStyle\">NedZink BV aplic\u0103 toate m\u0103surile pentru a se asigura c\u0103 tot con\u021binutul site-ului este corect \u0219i este reprezentat corect pe ecranul dumneavoastr\u0103. NedZink BV nu garanteaz\u0103 integritatea, corectitudinea sau acurate\u021bea con\u021binutului acestui site sau con\u021binutul posibilelor link-uri.<\/p>\n<p class=\"contentStyle\">Nedzink BV poate utiliza fi\u0219iere cookie pentru a recunoa\u0219te cu u\u0219urin\u021b\u0103 utilizatorii s\u0103i web \u0219i, astfel, pentru a facilita navigarea prin acest site ori de c\u00e2te ori este posibil. De asemenea, compil\u0103m statistici privind vizitatorii \u0219i naviga\u021bia. Aceste cookie-uri nu stocheaz\u0103 informa\u021bii personale. NedZink nu compileaz\u0103 date cu caracter personal dec\u00e2t dac\u0103 oferi\u021bi aceste date \u00een mod voluntar introduc\u00e2ndu-le pe cont propriu. Dac\u0103 nu dori\u021bi s\u0103 primi\u021bi cookie-uri de pe site-ul NedZink BV, pute\u021bi dezactiva modulele cookie \u00een browserul dvs.<\/p>\n<p class=\"contentStyle\">Site-ul NedZink BV poate con\u021bine hyperlink-uri c\u0103tre alte site-uri. NedZink BV nu este \u0219i nu poate fi tras\u0103 la r\u0103spundere pentru con\u021binutul \u0219i reglement\u0103rile urm\u0103rite de aceste site-uri. NedZink BV nu este r\u0103spunz\u0103toare pentru niciun fel de daune rezultate din accesibilitatea sau inaccesibilitatea acestui site \u00een nici un fel \u0219i nici de viru\u0219ii care pot afecta dispozitivele, re\u021belele, software-ul sau datele calculatoarelor.<\/p>\n<p class=\"contentStyle\">NedZink BV v\u0103 ofer\u0103 dreptul de a afi\u0219a, p\u0103stra \u0219i reproduce copii ale acestui site pentru uz personal, cu condi\u021bia s\u0103 men\u021biona\u021bi NedZink ca surs\u0103, \u00eentr-un mod u\u0219or de recunoscut.<\/p>\n<p class=\"contentStyle\">Con\u021binutul acestui site (inclusiv imagini \u0219i fotografii) nu pot fi publicate, distribuite sau \u00eenmul\u021bite f\u0103r\u0103 autoriza\u021bia exclusiv\u0103 a NedZink BV.<\/p>\n[\/vc_column_text][\/vc_column_inner][\/vc_row_inner][\/vc_column][\/vc_row]\n","protected":false},"excerpt":{"rendered":"<p>[vc_row equal_columns=&#8221;true&#8221; attached=&#8221;true&#8221; column_padding=&#8221;2&#8243; el_class=&#8221;rij-wit-schaduw&#8221;][vc_column][vc_row_inner is_fullwidth_content=&#8221;false&#8221;][vc_column_inner][mk_padding_divider size=&#8221;30&#8243;][vc_column_text css=&#8221;.vc_custom_1556021609675{margin-bottom: 0px !important;}&#8221;] Disclaimer [\/vc_column_text][mk_padding_divider size=&#8221;30&#8243;][vc_column_text css=&#8221;.vc_custom_1559731424475{margin-bottom: 0px !important;}&#8221;] V\u0103 mul\u021bumim pentru vizita pe site-ul nostru. Acest site este \u00een administrarea \u0219i \u00een proprietatea NedZink BV, cu sediul \u00een Budel-Dorplein, Olanda, \u00eenregistrat\u0103 la Camera de Comer\u021b : 17067114. NedZink BV aplic\u0103 toate m\u0103surile pentru a se asigura c\u0103 [&hellip;]<\/p>\n","protected":false},"author":9,"featured_media":0,"parent":0,"menu_order":0,"comment_status":"closed","ping_status":"closed","template":"","meta":{"_acf_changed":false,"footnotes":""},"class_list":["post-31907","page","type-page","status-publish","hentry"],"acf":[],"yoast_head":"<!-- This site is optimized with the Yoast SEO plugin v26.8 - https:\/\/yoast.com\/product\/yoast-seo-wordpress\/ -->\n<title>Protec\u021bia datelor \u2013 NedZink<\/title>\n<meta name=\"robots\" content=\"index, follow, max-snippet:-1, max-image-preview:large, max-video-preview:-1\" \/>\n<link rel=\"canonical\" href=\"https:\/\/www.nedzink.com\/ro\/protectia-datelor\/\" \/>\n<meta property=\"og:locale\" content=\"ro_RO\" \/>\n<meta property=\"og:type\" content=\"article\" \/>\n<meta property=\"og:title\" content=\"Protec\u021bia datelor \u2013 NedZink\" \/>\n<meta property=\"og:description\" content=\"[vc_row equal_columns=&#8221;true&#8221; attached=&#8221;true&#8221; column_padding=&#8221;2&#8243; el_class=&#8221;rij-wit-schaduw&#8221;][vc_column][vc_row_inner is_fullwidth_content=&#8221;false&#8221;][vc_column_inner][mk_padding_divider size=&#8221;30&#8243;][vc_column_text css=&#8221;.vc_custom_1556021609675{margin-bottom: 0px !important;}&#8221;] Disclaimer [\/vc_column_text][mk_padding_divider size=&#8221;30&#8243;][vc_column_text css=&#8221;.vc_custom_1559731424475{margin-bottom: 0px !important;}&#8221;] V\u0103 mul\u021bumim pentru vizita pe site-ul nostru. Acest site este \u00een administrarea \u0219i \u00een proprietatea NedZink BV, cu sediul \u00een Budel-Dorplein, Olanda, \u00eenregistrat\u0103 la Camera de Comer\u021b : 17067114. NedZink BV aplic\u0103 toate m\u0103surile pentru a se asigura c\u0103 [&hellip;]\" \/>\n<meta property=\"og:url\" content=\"https:\/\/www.nedzink.com\/ro\/protectia-datelor\/\" \/>\n<meta property=\"og:site_name\" content=\"NedZink\" \/>\n<meta property=\"article:modified_time\" content=\"2019-06-05T10:44:09+00:00\" \/>\n<meta name=\"twitter:card\" content=\"summary_large_image\" \/>\n<meta name=\"twitter:label1\" content=\"Timp estimat pentru citire\" \/>\n\t<meta name=\"twitter:data1\" content=\"2 minute\" \/>\n<script type=\"application\/ld+json\" class=\"yoast-schema-graph\">{\"@context\":\"https:\/\/schema.org\",\"@graph\":[{\"@type\":\"WebPage\",\"@id\":\"https:\/\/www.nedzink.com\/ro\/protectia-datelor\/\",\"url\":\"https:\/\/www.nedzink.com\/ro\/protectia-datelor\/\",\"name\":\"Protec\u021bia datelor \u2013 NedZink\",\"isPartOf\":{\"@id\":\"https:\/\/www.nedzink.com\/ro\/#website\"},\"datePublished\":\"2019-04-23T11:49:15+00:00\",\"dateModified\":\"2019-06-05T10:44:09+00:00\",\"breadcrumb\":{\"@id\":\"https:\/\/www.nedzink.com\/ro\/protectia-datelor\/#breadcrumb\"},\"inLanguage\":\"ro-RO\",\"potentialAction\":[{\"@type\":\"ReadAction\",\"target\":[\"https:\/\/www.nedzink.com\/ro\/protectia-datelor\/\"]}]},{\"@type\":\"BreadcrumbList\",\"@id\":\"https:\/\/www.nedzink.com\/ro\/protectia-datelor\/#breadcrumb\",\"itemListElement\":[{\"@type\":\"ListItem\",\"position\":1,\"name\":\"Home\",\"item\":\"https:\/\/www.nedzink.com\/ro\/\"},{\"@type\":\"ListItem\",\"position\":2,\"name\":\"Protec\u021bia datelor\"}]},{\"@type\":\"WebSite\",\"@id\":\"https:\/\/www.nedzink.com\/ro\/#website\",\"url\":\"https:\/\/www.nedzink.com\/ro\/\",\"name\":\"NedZink\",\"description\":\"Zink fabrikant\",\"publisher\":{\"@id\":\"https:\/\/www.nedzink.com\/ro\/#organization\"},\"potentialAction\":[{\"@type\":\"SearchAction\",\"target\":{\"@type\":\"EntryPoint\",\"urlTemplate\":\"https:\/\/www.nedzink.com\/ro\/?s={search_term_string}\"},\"query-input\":{\"@type\":\"PropertyValueSpecification\",\"valueRequired\":true,\"valueName\":\"search_term_string\"}}],\"inLanguage\":\"ro-RO\"},{\"@type\":\"Organization\",\"@id\":\"https:\/\/www.nedzink.com\/ro\/#organization\",\"name\":\"NedZink\",\"url\":\"https:\/\/www.nedzink.com\/ro\/\",\"logo\":{\"@type\":\"ImageObject\",\"inLanguage\":\"ro-RO\",\"@id\":\"https:\/\/www.nedzink.com\/ro\/#\/schema\/logo\/image\/\",\"url\":\"https:\/\/www.nedzink.com\/wp-content\/uploads\/2019\/08\/logo-nedzink_fc_zk.jpg\",\"contentUrl\":\"https:\/\/www.nedzink.com\/wp-content\/uploads\/2019\/08\/logo-nedzink_fc_zk.jpg\",\"width\":2160,\"height\":688,\"caption\":\"NedZink\"},\"image\":{\"@id\":\"https:\/\/www.nedzink.com\/ro\/#\/schema\/logo\/image\/\"}}]}<\/script>\n<!-- \/ Yoast SEO plugin. -->","yoast_head_json":{"title":"Protec\u021bia datelor \u2013 NedZink","robots":{"index":"index","follow":"follow","max-snippet":"max-snippet:-1","max-image-preview":"max-image-preview:large","max-video-preview":"max-video-preview:-1"},"canonical":"https:\/\/www.nedzink.com\/ro\/protectia-datelor\/","og_locale":"ro_RO","og_type":"article","og_title":"Protec\u021bia datelor \u2013 NedZink","og_description":"[vc_row equal_columns=&#8221;true&#8221; attached=&#8221;true&#8221; column_padding=&#8221;2&#8243; el_class=&#8221;rij-wit-schaduw&#8221;][vc_column][vc_row_inner is_fullwidth_content=&#8221;false&#8221;][vc_column_inner][mk_padding_divider size=&#8221;30&#8243;][vc_column_text css=&#8221;.vc_custom_1556021609675{margin-bottom: 0px !important;}&#8221;] Disclaimer [\/vc_column_text][mk_padding_divider size=&#8221;30&#8243;][vc_column_text css=&#8221;.vc_custom_1559731424475{margin-bottom: 0px !important;}&#8221;] V\u0103 mul\u021bumim pentru vizita pe site-ul nostru. Acest site este \u00een administrarea \u0219i \u00een proprietatea NedZink BV, cu sediul \u00een Budel-Dorplein, Olanda, \u00eenregistrat\u0103 la Camera de Comer\u021b : 17067114. NedZink BV aplic\u0103 toate m\u0103surile pentru a se asigura c\u0103 [&hellip;]","og_url":"https:\/\/www.nedzink.com\/ro\/protectia-datelor\/","og_site_name":"NedZink","article_modified_time":"2019-06-05T10:44:09+00:00","twitter_card":"summary_large_image","twitter_misc":{"Timp estimat pentru citire":"2 minute"},"schema":{"@context":"https:\/\/schema.org","@graph":[{"@type":"WebPage","@id":"https:\/\/www.nedzink.com\/ro\/protectia-datelor\/","url":"https:\/\/www.nedzink.com\/ro\/protectia-datelor\/","name":"Protec\u021bia datelor \u2013 NedZink","isPartOf":{"@id":"https:\/\/www.nedzink.com\/ro\/#website"},"datePublished":"2019-04-23T11:49:15+00:00","dateModified":"2019-06-05T10:44:09+00:00","breadcrumb":{"@id":"https:\/\/www.nedzink.com\/ro\/protectia-datelor\/#breadcrumb"},"inLanguage":"ro-RO","potentialAction":[{"@type":"ReadAction","target":["https:\/\/www.nedzink.com\/ro\/protectia-datelor\/"]}]},{"@type":"BreadcrumbList","@id":"https:\/\/www.nedzink.com\/ro\/protectia-datelor\/#breadcrumb","itemListElement":[{"@type":"ListItem","position":1,"name":"Home","item":"https:\/\/www.nedzink.com\/ro\/"},{"@type":"ListItem","position":2,"name":"Protec\u021bia datelor"}]},{"@type":"WebSite","@id":"https:\/\/www.nedzink.com\/ro\/#website","url":"https:\/\/www.nedzink.com\/ro\/","name":"NedZink","description":"Zink fabrikant","publisher":{"@id":"https:\/\/www.nedzink.com\/ro\/#organization"},"potentialAction":[{"@type":"SearchAction","target":{"@type":"EntryPoint","urlTemplate":"https:\/\/www.nedzink.com\/ro\/?s={search_term_string}"},"query-input":{"@type":"PropertyValueSpecification","valueRequired":true,"valueName":"search_term_string"}}],"inLanguage":"ro-RO"},{"@type":"Organization","@id":"https:\/\/www.nedzink.com\/ro\/#organization","name":"NedZink","url":"https:\/\/www.nedzink.com\/ro\/","logo":{"@type":"ImageObject","inLanguage":"ro-RO","@id":"https:\/\/www.nedzink.com\/ro\/#\/schema\/logo\/image\/","url":"https:\/\/www.nedzink.com\/wp-content\/uploads\/2019\/08\/logo-nedzink_fc_zk.jpg","contentUrl":"https:\/\/www.nedzink.com\/wp-content\/uploads\/2019\/08\/logo-nedzink_fc_zk.jpg","width":2160,"height":688,"caption":"NedZink"},"image":{"@id":"https:\/\/www.nedzink.com\/ro\/#\/schema\/logo\/image\/"}}]}},"_links":{"self":[{"href":"https:\/\/www.nedzink.com\/ro\/wp-json\/wp\/v2\/pages\/31907","targetHints":{"allow":["GET"]}}],"collection":[{"href":"https:\/\/www.nedzink.com\/ro\/wp-json\/wp\/v2\/pages"}],"about":[{"href":"https:\/\/www.nedzink.com\/ro\/wp-json\/wp\/v2\/types\/page"}],"author":[{"embeddable":true,"href":"https:\/\/www.nedzink.com\/ro\/wp-json\/wp\/v2\/users\/9"}],"replies":[{"embeddable":true,"href":"https:\/\/www.nedzink.com\/ro\/wp-json\/wp\/v2\/comments?post=31907"}],"version-history":[{"count":0,"href":"https:\/\/www.nedzink.com\/ro\/wp-json\/wp\/v2\/pages\/31907\/revisions"}],"wp:attachment":[{"href":"https:\/\/www.nedzink.com\/ro\/wp-json\/wp\/v2\/media?parent=31907"}],"curies":[{"name":"wp","href":"https:\/\/api.w.org\/{rel}","templated":true}]}}