{"id":31154,"date":"2019-06-04T14:58:35","date_gmt":"2019-06-04T12:58:35","guid":{"rendered":"http:\/\/136.144.181.85\/~nedzink\/info-si-sfaturi\/sistemul-pluvial\/burlane\/"},"modified":"2019-06-04T14:58:35","modified_gmt":"2019-06-04T12:58:35","slug":"burlane","status":"publish","type":"page","link":"https:\/\/www.nedzink.com\/ro\/burlane\/","title":{"rendered":"Burlane"},"content":{"rendered":"<h2 class=\"western\">Burlane \u015fi accesorii<\/h2>\n<h3>Specifica\u0163ii<\/h3>\n<p>Burlanele realizate din tabl\u0103 de titan-zinc NedZink NTZ&reg; trebuie s\u0103 fie conform EN 612.<\/p>\n<p>Dimensiunile standard sunt de 80 \u015fi 100 mm. Grosimea materialului este 0.65 mm. Dimensiunea &Oslash; 80 mm a burlanului este cea mai des &icirc;nt&acirc;lnit\u0103.&nbsp;<\/p>\n<p>Burlanele rectangulare sunt de asemenea des &icirc;nt&acirc;lnite. Grosimea este de 0,65 mm dac\u0103 latura mare este mai mic\u0103 de 100 mm. Grosimea este de 0,70 mm dac\u0103 una din laturi este mai mare de 100 mm. &Icirc;n cazul unui burlan rectangular cu cel pu\u021bin o latur\u0103 mai mare de 120 mm, grosimea minim\u0103 este de 0.80 mm. Lungimile standard sunt de 2 \u015fi 3 metri.<\/p>\n<p>Pot fi comandate la NedZink NTZ&reg; burlane personalizate, pe baz\u0103 de desen sau se pot confec\u021biona &icirc;n atelier de c\u0103tre tinichigiu.<\/p>\n<p>Burlanele prefabricate non-standard trebuie s\u0103 fie conform EN 612.<\/p>\n<p>Toate accesoriile de burlan pot fi comandate de la distribuitorii no\u0219tri sau pot fi confec\u021bionate &icirc;n atelier de c\u0103tre un tinichigiu din tabla de titan-zinc NedZink NTZ&reg;.<\/p>\n<h2>Br\u0103\u0163\u0103ri de burlan<\/h2>\n<p>Br\u0103\u0163\u0103rile trebuie s\u0103 fie potrivite pentru tipul \u0219i forma burlanului, iar de obicei sunt f\u0103cute din o\u0163el galvanizat la cald.<\/p>\n<h3>Prinderea br\u0103\u0163\u0103rilor<\/h3>\n<p>Br\u0103\u0163\u0103rile trebuie s\u0103 fie ata\u015fate la o distan\u0163\u0103 de maxim 2 metri, iar br\u0103\u0163ara superioar\u0103 trebuie instalat\u0103 la cel pu\u021bin 1 metru sub jgheab, vezi fig. 6.&nbsp; Dac\u0103 mi\u015fcarea jgheabului este absorbit\u0103 de c\u0103tre un element de dilatare, atunci distan\u0163a dintre br\u0103\u0163ar\u0103 \u015fi partea inferioar\u0103 a jgheabului poate fi mai mic\u0103 de 1 metru.&nbsp;<\/p>\n<h3>Instalarea burlanelor<\/h3>\n<p>Burlanele sunt prinse de sus &icirc;n jos. Burlanele sunt a\u015fezate unul &icirc;n cel\u0103lalt cu o suprapunere minim\u0103 de 50 mm. Fiecare lungime de burlan trebuie prins\u0103 cu ajutorul br\u0103\u0163\u0103rii cel pu\u0163in o dat\u0103. Br\u0103\u0163\u0103rile trebuie s\u0103 permit\u0103 dilatarea burlanului \u015fi trebuie cositorite pentru a preveni alunecarea. Cotul de burlan de la conexiunea cu jgheabul, trebuie sa se conecteze de burlan prin intermediul unui \u0219tu\u021b. Acest cot trebuie sa fie cu cel pu\u021bin 20mm sub partea inferioar\u0103 a jgheabului, astfel &icirc;nc&acirc;t sa nu existe riscul ca intreg ansamblul de burlan s\u0103 &icirc;mping\u0103 &icirc;n jgheab \u0219i s\u0103 &icirc;l deformeze. \u0218tu\u021bul care pleac\u0103 din burlan sau partea inferioar\u0103 a racordului, trebuie sa intre &icirc;n cot sau &icirc;n burlan cel pu\u021bin 50mm, a\u0219adar lungimea \u0219tu\u021bului va fi de cel pu\u021bin 70 mm. Vede\u021bi fig. 5 \u015fi 10.<\/p>\n<h2>Construc\u0163ii speciale<\/h2>\n<p>Dac\u0103 burlanele nu merg pe o linie vertical\u0103 spre canalizare, se vor integra mici buc\u0103\u021bi de burlane \u0219i coturi care vor schimba orientarea burlanului c\u0103tre punctul de evacuare. Se pot folosi burlane &icirc;ndoite, segmente cositorite sau coturi &icirc;n form\u0103 de S. &Icirc;n cazul unei solu\u021bii realizate manual cu segmente de burlan, se va lua &icirc;n considerare c\u0103 unghiul dintre dou\u0103 segmente va fi de maxim 120&deg;.<\/p>\n<p>Panta burlanului trebuie s\u0103 fie de minim 5 mm pe metru, dac\u0103 specifica\u0163iile nu spun contrariul.<\/p>\n<p><img decoding=\"async\" alt=\"\" src=\"https:\/\/www.nedzink.com\/wp-content\/uploads\/import\/cms\/userfiles\/images\/TZ1ABB05 English.JPG\" style=\"width: 632px; height: 434px;\" \/><\/p>\n<p><img decoding=\"async\" alt=\"\" src=\"https:\/\/www.nedzink.com\/wp-content\/uploads\/import\/cms\/userfiles\/images\/TZ1ABB06 English.JPG\" style=\"width: 632px; height: 434px;\" \/><\/p>\n<p><img decoding=\"async\" alt=\"\" src=\"https:\/\/www.nedzink.com\/wp-content\/uploads\/import\/cms\/userfiles\/images\/TZ1ABB10a English.JPG\" style=\"width: 632px; height: 434px;\" \/><\/p>\n<p><img decoding=\"async\" alt=\"\" src=\"https:\/\/www.nedzink.com\/wp-content\/uploads\/import\/cms\/userfiles\/images\/TZ1ABB10b English.JPG\" style=\"width: 632px; height: 482px;\" \/><\/p>\n<p>&nbsp;<\/p>\n","protected":false},"excerpt":{"rendered":"<p>Burlane \u015fi accesorii Specifica\u0163ii Burlanele realizate din tabl\u0103 de titan-zinc NedZink NTZ&reg; trebuie s\u0103 fie conform EN 612. Dimensiunile standard sunt de 80 \u015fi 100 mm. Grosimea materialului este 0.65 mm. Dimensiunea &Oslash; 80 mm a burlanului este cea mai des &icirc;nt&acirc;lnit\u0103.&nbsp; Burlanele rectangulare sunt de asemenea des &icirc;nt&acirc;lnite. Grosimea este de 0,65 mm dac\u0103 [&hellip;]<\/p>\n","protected":false},"author":9,"featured_media":0,"parent":0,"menu_order":1140,"comment_status":"closed","ping_status":"closed","template":"template-import.php","meta":{"_acf_changed":false,"footnotes":""},"class_list":["post-31154","page","type-page","status-publish","hentry"],"acf":[],"yoast_head":"<!-- This site is optimized with the Yoast SEO plugin v26.8 - https:\/\/yoast.com\/product\/yoast-seo-wordpress\/ -->\n<title>Burlane &#8211; NedZink<\/title>\n<meta name=\"robots\" content=\"index, follow, max-snippet:-1, max-image-preview:large, max-video-preview:-1\" \/>\n<link rel=\"canonical\" href=\"https:\/\/www.nedzink.com\/ro\/burlane\/\" \/>\n<meta property=\"og:locale\" content=\"ro_RO\" \/>\n<meta property=\"og:type\" content=\"article\" \/>\n<meta property=\"og:title\" content=\"Burlane &#8211; NedZink\" \/>\n<meta property=\"og:description\" content=\"Burlane \u015fi accesorii Specifica\u0163ii Burlanele realizate din tabl\u0103 de titan-zinc NedZink NTZ&reg; trebuie s\u0103 fie conform EN 612. Dimensiunile standard sunt de 80 \u015fi 100 mm. Grosimea materialului este 0.65 mm. Dimensiunea &Oslash; 80 mm a burlanului este cea mai des &icirc;nt&acirc;lnit\u0103.&nbsp; Burlanele rectangulare sunt de asemenea des &icirc;nt&acirc;lnite. Grosimea este de 0,65 mm dac\u0103 [&hellip;]\" \/>\n<meta property=\"og:url\" content=\"https:\/\/www.nedzink.com\/ro\/burlane\/\" \/>\n<meta property=\"og:site_name\" content=\"NedZink\" \/>\n<meta property=\"og:image\" content=\"https:\/\/www.nedzink.com\/wp-content\/uploads\/import\/cms\/userfiles\/images\/TZ1ABB05%20English.JPG\" \/>\n<meta name=\"twitter:card\" content=\"summary_large_image\" \/>\n<meta name=\"twitter:label1\" content=\"Timp estimat pentru citire\" \/>\n\t<meta name=\"twitter:data1\" content=\"3 minute\" \/>\n<script type=\"application\/ld+json\" class=\"yoast-schema-graph\">{\"@context\":\"https:\/\/schema.org\",\"@graph\":[{\"@type\":\"WebPage\",\"@id\":\"https:\/\/www.nedzink.com\/ro\/burlane\/\",\"url\":\"https:\/\/www.nedzink.com\/ro\/burlane\/\",\"name\":\"Burlane &#8211; NedZink\",\"isPartOf\":{\"@id\":\"https:\/\/www.nedzink.com\/ro\/#website\"},\"datePublished\":\"2019-06-04T12:58:35+00:00\",\"breadcrumb\":{\"@id\":\"https:\/\/www.nedzink.com\/ro\/burlane\/#breadcrumb\"},\"inLanguage\":\"ro-RO\",\"potentialAction\":[{\"@type\":\"ReadAction\",\"target\":[\"https:\/\/www.nedzink.com\/ro\/burlane\/\"]}]},{\"@type\":\"BreadcrumbList\",\"@id\":\"https:\/\/www.nedzink.com\/ro\/burlane\/#breadcrumb\",\"itemListElement\":[{\"@type\":\"ListItem\",\"position\":1,\"name\":\"Home\",\"item\":\"https:\/\/www.nedzink.com\/ro\/\"},{\"@type\":\"ListItem\",\"position\":2,\"name\":\"Burlane\"}]},{\"@type\":\"WebSite\",\"@id\":\"https:\/\/www.nedzink.com\/ro\/#website\",\"url\":\"https:\/\/www.nedzink.com\/ro\/\",\"name\":\"NedZink\",\"description\":\"Zink fabrikant\",\"publisher\":{\"@id\":\"https:\/\/www.nedzink.com\/ro\/#organization\"},\"potentialAction\":[{\"@type\":\"SearchAction\",\"target\":{\"@type\":\"EntryPoint\",\"urlTemplate\":\"https:\/\/www.nedzink.com\/ro\/?s={search_term_string}\"},\"query-input\":{\"@type\":\"PropertyValueSpecification\",\"valueRequired\":true,\"valueName\":\"search_term_string\"}}],\"inLanguage\":\"ro-RO\"},{\"@type\":\"Organization\",\"@id\":\"https:\/\/www.nedzink.com\/ro\/#organization\",\"name\":\"NedZink\",\"url\":\"https:\/\/www.nedzink.com\/ro\/\",\"logo\":{\"@type\":\"ImageObject\",\"inLanguage\":\"ro-RO\",\"@id\":\"https:\/\/www.nedzink.com\/ro\/#\/schema\/logo\/image\/\",\"url\":\"https:\/\/www.nedzink.com\/wp-content\/uploads\/2019\/08\/logo-nedzink_fc_zk.jpg\",\"contentUrl\":\"https:\/\/www.nedzink.com\/wp-content\/uploads\/2019\/08\/logo-nedzink_fc_zk.jpg\",\"width\":2160,\"height\":688,\"caption\":\"NedZink\"},\"image\":{\"@id\":\"https:\/\/www.nedzink.com\/ro\/#\/schema\/logo\/image\/\"}}]}<\/script>\n<!-- \/ Yoast SEO plugin. -->","yoast_head_json":{"title":"Burlane &#8211; NedZink","robots":{"index":"index","follow":"follow","max-snippet":"max-snippet:-1","max-image-preview":"max-image-preview:large","max-video-preview":"max-video-preview:-1"},"canonical":"https:\/\/www.nedzink.com\/ro\/burlane\/","og_locale":"ro_RO","og_type":"article","og_title":"Burlane &#8211; NedZink","og_description":"Burlane \u015fi accesorii Specifica\u0163ii Burlanele realizate din tabl\u0103 de titan-zinc NedZink NTZ&reg; trebuie s\u0103 fie conform EN 612. Dimensiunile standard sunt de 80 \u015fi 100 mm. Grosimea materialului este 0.65 mm. Dimensiunea &Oslash; 80 mm a burlanului este cea mai des &icirc;nt&acirc;lnit\u0103.&nbsp; Burlanele rectangulare sunt de asemenea des &icirc;nt&acirc;lnite. Grosimea este de 0,65 mm dac\u0103 [&hellip;]","og_url":"https:\/\/www.nedzink.com\/ro\/burlane\/","og_site_name":"NedZink","og_image":[{"url":"https:\/\/www.nedzink.com\/wp-content\/uploads\/import\/cms\/userfiles\/images\/TZ1ABB05 English.JPG","type":"","width":"","height":""}],"twitter_card":"summary_large_image","twitter_misc":{"Timp estimat pentru citire":"3 minute"},"schema":{"@context":"https:\/\/schema.org","@graph":[{"@type":"WebPage","@id":"https:\/\/www.nedzink.com\/ro\/burlane\/","url":"https:\/\/www.nedzink.com\/ro\/burlane\/","name":"Burlane &#8211; NedZink","isPartOf":{"@id":"https:\/\/www.nedzink.com\/ro\/#website"},"datePublished":"2019-06-04T12:58:35+00:00","breadcrumb":{"@id":"https:\/\/www.nedzink.com\/ro\/burlane\/#breadcrumb"},"inLanguage":"ro-RO","potentialAction":[{"@type":"ReadAction","target":["https:\/\/www.nedzink.com\/ro\/burlane\/"]}]},{"@type":"BreadcrumbList","@id":"https:\/\/www.nedzink.com\/ro\/burlane\/#breadcrumb","itemListElement":[{"@type":"ListItem","position":1,"name":"Home","item":"https:\/\/www.nedzink.com\/ro\/"},{"@type":"ListItem","position":2,"name":"Burlane"}]},{"@type":"WebSite","@id":"https:\/\/www.nedzink.com\/ro\/#website","url":"https:\/\/www.nedzink.com\/ro\/","name":"NedZink","description":"Zink fabrikant","publisher":{"@id":"https:\/\/www.nedzink.com\/ro\/#organization"},"potentialAction":[{"@type":"SearchAction","target":{"@type":"EntryPoint","urlTemplate":"https:\/\/www.nedzink.com\/ro\/?s={search_term_string}"},"query-input":{"@type":"PropertyValueSpecification","valueRequired":true,"valueName":"search_term_string"}}],"inLanguage":"ro-RO"},{"@type":"Organization","@id":"https:\/\/www.nedzink.com\/ro\/#organization","name":"NedZink","url":"https:\/\/www.nedzink.com\/ro\/","logo":{"@type":"ImageObject","inLanguage":"ro-RO","@id":"https:\/\/www.nedzink.com\/ro\/#\/schema\/logo\/image\/","url":"https:\/\/www.nedzink.com\/wp-content\/uploads\/2019\/08\/logo-nedzink_fc_zk.jpg","contentUrl":"https:\/\/www.nedzink.com\/wp-content\/uploads\/2019\/08\/logo-nedzink_fc_zk.jpg","width":2160,"height":688,"caption":"NedZink"},"image":{"@id":"https:\/\/www.nedzink.com\/ro\/#\/schema\/logo\/image\/"}}]}},"_links":{"self":[{"href":"https:\/\/www.nedzink.com\/ro\/wp-json\/wp\/v2\/pages\/31154","targetHints":{"allow":["GET"]}}],"collection":[{"href":"https:\/\/www.nedzink.com\/ro\/wp-json\/wp\/v2\/pages"}],"about":[{"href":"https:\/\/www.nedzink.com\/ro\/wp-json\/wp\/v2\/types\/page"}],"author":[{"embeddable":true,"href":"https:\/\/www.nedzink.com\/ro\/wp-json\/wp\/v2\/users\/9"}],"replies":[{"embeddable":true,"href":"https:\/\/www.nedzink.com\/ro\/wp-json\/wp\/v2\/comments?post=31154"}],"version-history":[{"count":0,"href":"https:\/\/www.nedzink.com\/ro\/wp-json\/wp\/v2\/pages\/31154\/revisions"}],"wp:attachment":[{"href":"https:\/\/www.nedzink.com\/ro\/wp-json\/wp\/v2\/media?parent=31154"}],"curies":[{"name":"wp","href":"https:\/\/api.w.org\/{rel}","templated":true}]}}