{"id":31130,"date":"2019-06-04T14:56:33","date_gmt":"2019-06-04T12:56:33","guid":{"rendered":"http:\/\/136.144.181.85\/~nedzink\/info-si-sfaturi\/sistemul-pluvial\/specificatii-tehnice\/"},"modified":"2019-06-04T14:56:33","modified_gmt":"2019-06-04T12:56:33","slug":"specificatii-tehnice","status":"publish","type":"page","link":"https:\/\/www.nedzink.com\/ro\/sistemul-pluvial\/specificatii-tehnice\/","title":{"rendered":"Specifica\u0163ii tehnice"},"content":{"rendered":"<p>Sistemul pluvial acoper\u0103 o gam\u0103 larg\u0103 de produse, inclusiv jgheaburile suspendate sau cele &icirc;ngropate, burlane \u0219i o gam\u0103 mare de accesorii. Produsele sunt disponibile &icirc;n titan-zinc NedZink Natural , NOVA sau NOIR.<\/p>\n<p>Pentru pia\u0163a din Olanda specifica\u0163iile tehnice ale jgheaburilor \u015fi burlanelor sunt urm\u0103toarele:<\/p>\n<h2 class=\"western\">Specifica\u0163ii standard jgheaburi NedZink<\/h2>\n<table border=\"1\" cellpadding=\"0\" cellspacing=\"0\" height=\"199\" width=\"397\">\n<tbody>\n<tr>\n<td>\n<p style=\"text-align: center;\"><strong>Jgheab &icirc;ngropat<\/strong><\/p>\n<p style=\"text-align: center;\">&nbsp;<\/p>\n<\/td>\n<td>\n<p><strong>&nbsp;<\/strong><strong>Grosime<\/strong><\/p>\n<\/td>\n<td>\n<p><strong>&nbsp; Lungime**<\/strong><\/p>\n<\/td>\n<td>\n<p><strong>&nbsp; Greutate<\/strong><\/p>\n<\/td>\n<\/tr>\n<tr>\n<td>\n<p align=\"center\">B30<\/p>\n<\/td>\n<td>\n<p align=\"center\">0,80 mm<\/p>\n<\/td>\n<td>\n<p align=\"center\">3 metri<\/p>\n<\/td>\n<td>\n<p align=\"center\">1,728 kg\/m<\/p>\n<\/td>\n<\/tr>\n<tr>\n<td>\n<p align=\"center\">B37<\/p>\n<\/td>\n<td>\n<p align=\"center\">0,80 mm<\/p>\n<\/td>\n<td>\n<p align=\"center\">3 metri<\/p>\n<\/td>\n<td>\n<p align=\"center\">2,130 kg\/m<\/p>\n<\/td>\n<\/tr>\n<tr>\n<td>\n<p align=\"center\">B44<\/p>\n<\/td>\n<td>\n<p align=\"center\">0,80 mm<\/p>\n<\/td>\n<td>\n<p align=\"center\">3 metri<\/p>\n<\/td>\n<td>\n<p align=\"center\">2,530 kg\/m<\/p>\n<\/td>\n<\/tr>\n<tr>\n<td>\n<p align=\"center\">B55<\/p>\n<\/td>\n<td>\n<p align=\"center\">0,80 mm<\/p>\n<\/td>\n<td>\n<p align=\"center\">3 metri<\/p>\n<\/td>\n<td>\n<p align=\"center\">3,170 kg\/m<\/p>\n<\/td>\n<\/tr>\n<tr>\n<td>\n<p style=\"text-align: center;\"><strong>Jgheab suspendat<\/strong><\/p>\n<p style=\"text-align: center;\">&nbsp;<\/p>\n<\/td>\n<td>\n<p>&nbsp;<\/p>\n<\/td>\n<td>\n<p>&nbsp;<\/p>\n<\/td>\n<td>\n<p>&nbsp;<\/p>\n<\/td>\n<\/tr>\n<tr>\n<td>\n<p align=\"center\">M30<\/p>\n<\/td>\n<td>\n<p align=\"center\">0,80 mm<\/p>\n<\/td>\n<td>\n<p align=\"center\">3 metri<\/p>\n<\/td>\n<td>\n<p align=\"center\">1,728 kg\/m<\/p>\n<\/td>\n<\/tr>\n<tr>\n<td>\n<p align=\"center\">M37<\/p>\n<\/td>\n<td>\n<p align=\"center\">0,80 mm<\/p>\n<\/td>\n<td>\n<p align=\"center\">3 metri<\/p>\n<\/td>\n<td>\n<p align=\"center\">2,130 kg\/m<\/p>\n<\/td>\n<\/tr>\n<tr>\n<td>\n<p align=\"center\">M44<\/p>\n<\/td>\n<td>\n<p align=\"center\">0,80 mm<\/p>\n<\/td>\n<td>\n<p align=\"center\">3 metri<\/p>\n<\/td>\n<td>\n<p align=\"center\">2,530 kg\/m<\/p>\n<\/td>\n<\/tr>\n<\/tbody>\n<\/table>\n<p><em>** Lungimea standard pentru jgheaburi NedZink prefabricate este de 3 metri. La cerere sunt disponibile jgheaburi de 6 metri lungime. <\/em><\/p>\n<h2 class=\"western\">Burlane<\/h2>\n<h3>Burlane standard<\/h3>\n<table border=\"1\" cellpadding=\"0\" cellspacing=\"0\" style=\"width: 400px\" width=\"400\">\n<tbody>\n<tr>\n<td>\n<p align=\"center\"><strong>Diametru<\/strong><\/p>\n<\/td>\n<td>\n<p align=\"center\"><strong>Greutate<\/strong><\/p>\n<\/td>\n<td>\n<p align=\"center\"><strong>Grosime<\/strong><\/p>\n<\/td>\n<td>\n<p align=\"center\"><strong>Lungime<\/strong><\/p>\n<\/td>\n<\/tr>\n<tr>\n<td>\n<p align=\"center\">70 mm<\/p>\n<\/td>\n<td>\n<p align=\"center\">1,026 kg\/m<\/p>\n<\/td>\n<td>\n<p align=\"center\">0,65 mm<\/p>\n<\/td>\n<td>\n<p align=\"center\">3 metri<\/p>\n<\/td>\n<\/tr>\n<tr>\n<td>\n<p align=\"center\">80 mm<\/p>\n<\/td>\n<td>\n<p align=\"center\">1,161 kg\/m<\/p>\n<\/td>\n<td>\n<p align=\"center\">0,65 mm<\/p>\n<\/td>\n<td>\n<p align=\"center\">3 metri<\/p>\n<\/td>\n<\/tr>\n<tr>\n<td>\n<p align=\"center\">100 mm<\/p>\n<\/td>\n<td>\n<p align=\"center\">1,451 kg\/m<\/p>\n<\/td>\n<td>\n<p align=\"center\">0,65 mm<\/p>\n<\/td>\n<td>\n<p align=\"center\">3 metri<\/p>\n<\/td>\n<\/tr>\n<\/tbody>\n<\/table>\n<p>&nbsp;<\/p>\n","protected":false},"excerpt":{"rendered":"<p>Sistemul pluvial acoper\u0103 o gam\u0103 larg\u0103 de produse, inclusiv jgheaburile suspendate sau cele &icirc;ngropate, burlane \u0219i o gam\u0103 mare de accesorii. Produsele sunt disponibile &icirc;n titan-zinc NedZink Natural , NOVA sau NOIR. Pentru pia\u0163a din Olanda specifica\u0163iile tehnice ale jgheaburilor \u015fi burlanelor sunt urm\u0103toarele: Specifica\u0163ii standard jgheaburi NedZink Jgheab &icirc;ngropat &nbsp; &nbsp;Grosime &nbsp; Lungime** &nbsp; [&hellip;]<\/p>\n","protected":false},"author":9,"featured_media":0,"parent":31110,"menu_order":1110,"comment_status":"closed","ping_status":"closed","template":"template-import.php","meta":{"_acf_changed":false,"footnotes":""},"class_list":["post-31130","page","type-page","status-publish","hentry"],"acf":[],"yoast_head":"<!-- This site is optimized with the Yoast SEO plugin v26.8 - https:\/\/yoast.com\/product\/yoast-seo-wordpress\/ -->\n<title>Specifica\u0163ii tehnice \u2013 NedZink<\/title>\n<meta name=\"robots\" content=\"index, follow, max-snippet:-1, max-image-preview:large, max-video-preview:-1\" \/>\n<link rel=\"canonical\" href=\"https:\/\/www.nedzink.com\/ro\/sistemul-pluvial\/specificatii-tehnice\/\" \/>\n<meta property=\"og:locale\" content=\"ro_RO\" \/>\n<meta property=\"og:type\" content=\"article\" \/>\n<meta property=\"og:title\" content=\"Specifica\u0163ii tehnice \u2013 NedZink\" \/>\n<meta property=\"og:description\" content=\"Sistemul pluvial acoper\u0103 o gam\u0103 larg\u0103 de produse, inclusiv jgheaburile suspendate sau cele &icirc;ngropate, burlane \u0219i o gam\u0103 mare de accesorii. Produsele sunt disponibile &icirc;n titan-zinc NedZink Natural , NOVA sau NOIR. Pentru pia\u0163a din Olanda specifica\u0163iile tehnice ale jgheaburilor \u015fi burlanelor sunt urm\u0103toarele: Specifica\u0163ii standard jgheaburi NedZink Jgheab &icirc;ngropat &nbsp; &nbsp;Grosime &nbsp; Lungime** &nbsp; [&hellip;]\" \/>\n<meta property=\"og:url\" content=\"https:\/\/www.nedzink.com\/ro\/sistemul-pluvial\/specificatii-tehnice\/\" \/>\n<meta property=\"og:site_name\" content=\"NedZink\" \/>\n<meta name=\"twitter:card\" content=\"summary_large_image\" \/>\n<meta name=\"twitter:label1\" content=\"Timp estimat pentru citire\" \/>\n\t<meta name=\"twitter:data1\" content=\"1 minut\" \/>\n<script type=\"application\/ld+json\" class=\"yoast-schema-graph\">{\"@context\":\"https:\/\/schema.org\",\"@graph\":[{\"@type\":\"WebPage\",\"@id\":\"https:\/\/www.nedzink.com\/ro\/sistemul-pluvial\/specificatii-tehnice\/\",\"url\":\"https:\/\/www.nedzink.com\/ro\/sistemul-pluvial\/specificatii-tehnice\/\",\"name\":\"Specifica\u0163ii tehnice \u2013 NedZink\",\"isPartOf\":{\"@id\":\"https:\/\/www.nedzink.com\/ro\/#website\"},\"datePublished\":\"2019-06-04T12:56:33+00:00\",\"breadcrumb\":{\"@id\":\"https:\/\/www.nedzink.com\/ro\/sistemul-pluvial\/specificatii-tehnice\/#breadcrumb\"},\"inLanguage\":\"ro-RO\",\"potentialAction\":[{\"@type\":\"ReadAction\",\"target\":[\"https:\/\/www.nedzink.com\/ro\/sistemul-pluvial\/specificatii-tehnice\/\"]}]},{\"@type\":\"BreadcrumbList\",\"@id\":\"https:\/\/www.nedzink.com\/ro\/sistemul-pluvial\/specificatii-tehnice\/#breadcrumb\",\"itemListElement\":[{\"@type\":\"ListItem\",\"position\":1,\"name\":\"Home\",\"item\":\"https:\/\/www.nedzink.com\/ro\/\"},{\"@type\":\"ListItem\",\"position\":2,\"name\":\"Sistemul pluvial\",\"item\":\"https:\/\/www.nedzink.com\/ro\/sistemul-pluvial\/\"},{\"@type\":\"ListItem\",\"position\":3,\"name\":\"Specifica\u0163ii tehnice\"}]},{\"@type\":\"WebSite\",\"@id\":\"https:\/\/www.nedzink.com\/ro\/#website\",\"url\":\"https:\/\/www.nedzink.com\/ro\/\",\"name\":\"NedZink\",\"description\":\"Zink fabrikant\",\"publisher\":{\"@id\":\"https:\/\/www.nedzink.com\/ro\/#organization\"},\"potentialAction\":[{\"@type\":\"SearchAction\",\"target\":{\"@type\":\"EntryPoint\",\"urlTemplate\":\"https:\/\/www.nedzink.com\/ro\/?s={search_term_string}\"},\"query-input\":{\"@type\":\"PropertyValueSpecification\",\"valueRequired\":true,\"valueName\":\"search_term_string\"}}],\"inLanguage\":\"ro-RO\"},{\"@type\":\"Organization\",\"@id\":\"https:\/\/www.nedzink.com\/ro\/#organization\",\"name\":\"NedZink\",\"url\":\"https:\/\/www.nedzink.com\/ro\/\",\"logo\":{\"@type\":\"ImageObject\",\"inLanguage\":\"ro-RO\",\"@id\":\"https:\/\/www.nedzink.com\/ro\/#\/schema\/logo\/image\/\",\"url\":\"https:\/\/www.nedzink.com\/wp-content\/uploads\/2019\/08\/logo-nedzink_fc_zk.jpg\",\"contentUrl\":\"https:\/\/www.nedzink.com\/wp-content\/uploads\/2019\/08\/logo-nedzink_fc_zk.jpg\",\"width\":2160,\"height\":688,\"caption\":\"NedZink\"},\"image\":{\"@id\":\"https:\/\/www.nedzink.com\/ro\/#\/schema\/logo\/image\/\"}}]}<\/script>\n<!-- \/ Yoast SEO plugin. -->","yoast_head_json":{"title":"Specifica\u0163ii tehnice \u2013 NedZink","robots":{"index":"index","follow":"follow","max-snippet":"max-snippet:-1","max-image-preview":"max-image-preview:large","max-video-preview":"max-video-preview:-1"},"canonical":"https:\/\/www.nedzink.com\/ro\/sistemul-pluvial\/specificatii-tehnice\/","og_locale":"ro_RO","og_type":"article","og_title":"Specifica\u0163ii tehnice \u2013 NedZink","og_description":"Sistemul pluvial acoper\u0103 o gam\u0103 larg\u0103 de produse, inclusiv jgheaburile suspendate sau cele &icirc;ngropate, burlane \u0219i o gam\u0103 mare de accesorii. Produsele sunt disponibile &icirc;n titan-zinc NedZink Natural , NOVA sau NOIR. Pentru pia\u0163a din Olanda specifica\u0163iile tehnice ale jgheaburilor \u015fi burlanelor sunt urm\u0103toarele: Specifica\u0163ii standard jgheaburi NedZink Jgheab &icirc;ngropat &nbsp; &nbsp;Grosime &nbsp; Lungime** &nbsp; [&hellip;]","og_url":"https:\/\/www.nedzink.com\/ro\/sistemul-pluvial\/specificatii-tehnice\/","og_site_name":"NedZink","twitter_card":"summary_large_image","twitter_misc":{"Timp estimat pentru citire":"1 minut"},"schema":{"@context":"https:\/\/schema.org","@graph":[{"@type":"WebPage","@id":"https:\/\/www.nedzink.com\/ro\/sistemul-pluvial\/specificatii-tehnice\/","url":"https:\/\/www.nedzink.com\/ro\/sistemul-pluvial\/specificatii-tehnice\/","name":"Specifica\u0163ii tehnice \u2013 NedZink","isPartOf":{"@id":"https:\/\/www.nedzink.com\/ro\/#website"},"datePublished":"2019-06-04T12:56:33+00:00","breadcrumb":{"@id":"https:\/\/www.nedzink.com\/ro\/sistemul-pluvial\/specificatii-tehnice\/#breadcrumb"},"inLanguage":"ro-RO","potentialAction":[{"@type":"ReadAction","target":["https:\/\/www.nedzink.com\/ro\/sistemul-pluvial\/specificatii-tehnice\/"]}]},{"@type":"BreadcrumbList","@id":"https:\/\/www.nedzink.com\/ro\/sistemul-pluvial\/specificatii-tehnice\/#breadcrumb","itemListElement":[{"@type":"ListItem","position":1,"name":"Home","item":"https:\/\/www.nedzink.com\/ro\/"},{"@type":"ListItem","position":2,"name":"Sistemul pluvial","item":"https:\/\/www.nedzink.com\/ro\/sistemul-pluvial\/"},{"@type":"ListItem","position":3,"name":"Specifica\u0163ii tehnice"}]},{"@type":"WebSite","@id":"https:\/\/www.nedzink.com\/ro\/#website","url":"https:\/\/www.nedzink.com\/ro\/","name":"NedZink","description":"Zink fabrikant","publisher":{"@id":"https:\/\/www.nedzink.com\/ro\/#organization"},"potentialAction":[{"@type":"SearchAction","target":{"@type":"EntryPoint","urlTemplate":"https:\/\/www.nedzink.com\/ro\/?s={search_term_string}"},"query-input":{"@type":"PropertyValueSpecification","valueRequired":true,"valueName":"search_term_string"}}],"inLanguage":"ro-RO"},{"@type":"Organization","@id":"https:\/\/www.nedzink.com\/ro\/#organization","name":"NedZink","url":"https:\/\/www.nedzink.com\/ro\/","logo":{"@type":"ImageObject","inLanguage":"ro-RO","@id":"https:\/\/www.nedzink.com\/ro\/#\/schema\/logo\/image\/","url":"https:\/\/www.nedzink.com\/wp-content\/uploads\/2019\/08\/logo-nedzink_fc_zk.jpg","contentUrl":"https:\/\/www.nedzink.com\/wp-content\/uploads\/2019\/08\/logo-nedzink_fc_zk.jpg","width":2160,"height":688,"caption":"NedZink"},"image":{"@id":"https:\/\/www.nedzink.com\/ro\/#\/schema\/logo\/image\/"}}]}},"_links":{"self":[{"href":"https:\/\/www.nedzink.com\/ro\/wp-json\/wp\/v2\/pages\/31130","targetHints":{"allow":["GET"]}}],"collection":[{"href":"https:\/\/www.nedzink.com\/ro\/wp-json\/wp\/v2\/pages"}],"about":[{"href":"https:\/\/www.nedzink.com\/ro\/wp-json\/wp\/v2\/types\/page"}],"author":[{"embeddable":true,"href":"https:\/\/www.nedzink.com\/ro\/wp-json\/wp\/v2\/users\/9"}],"replies":[{"embeddable":true,"href":"https:\/\/www.nedzink.com\/ro\/wp-json\/wp\/v2\/comments?post=31130"}],"version-history":[{"count":0,"href":"https:\/\/www.nedzink.com\/ro\/wp-json\/wp\/v2\/pages\/31130\/revisions"}],"up":[{"embeddable":true,"href":"https:\/\/www.nedzink.com\/ro\/wp-json\/wp\/v2\/pages\/31110"}],"wp:attachment":[{"href":"https:\/\/www.nedzink.com\/ro\/wp-json\/wp\/v2\/media?parent=31130"}],"curies":[{"name":"wp","href":"https:\/\/api.w.org\/{rel}","templated":true}]}}