{"id":31110,"date":"2019-06-04T14:56:27","date_gmt":"2019-06-04T12:56:27","guid":{"rendered":"http:\/\/136.144.181.85\/~nedzink\/info-si-sfaturi\/sistemul-pluvial\/"},"modified":"2019-06-04T14:56:27","modified_gmt":"2019-06-04T12:56:27","slug":"sistemul-pluvial","status":"publish","type":"page","link":"https:\/\/www.nedzink.com\/ro\/sistemul-pluvial\/","title":{"rendered":"Sistemul pluvial"},"content":{"rendered":"<p>Pentru colectarea apei de ploaie se folosesc jgheaburi. Apa de ploaie este ghidat\u0103 prin burlane c\u0103tre sistemul de canalizare sau c\u0103tre alt punct de colectare. Jgheaburile sunt produse &icirc;n diverse forme, iar utilizarea lor este variat\u0103. &Icirc;n general, jgheaburile sunt disponibile &icirc;n diverse forme \u015fi &icirc;n numeroase aplica\u0163ii. Se disting dou\u0103 tipuri importante de jgheaburi, anume jgheaburi suspendate \u015fi jgheaburi &icirc;ngropate.<\/p>\n<p>Burlanele se fabric\u0103 &icirc;n forme diferite. Cel mai des &icirc;nt&acirc;lnit este cel rotund, dar sunt disponibile \u015fi alte forme ca cele rectangulare, p\u0103trate, etc. Burlanele standard sunt &icirc;nchise prin sudur\u0103 sau prin fal\u0163 dublu. Diametrul burlanelor este evazat la un cap\u0103t pentru ca acestea s\u0103 se &icirc;mbine u\u0219or.<\/p>\n<p>Pentru completarea sistemului pluvial, jgheaburile \u015fi burlanele trebuie s\u0103 fie &icirc;mbinate cu capace de &icirc;nchidere , c&acirc;rlige, coturi, racorduri jgheab &ndash; burlan, etc.<\/p>\n","protected":false},"excerpt":{"rendered":"<p>Pentru colectarea apei de ploaie se folosesc jgheaburi. Apa de ploaie este ghidat\u0103 prin burlane c\u0103tre sistemul de canalizare sau c\u0103tre alt punct de colectare. Jgheaburile sunt produse &icirc;n diverse forme, iar utilizarea lor este variat\u0103. &Icirc;n general, jgheaburile sunt disponibile &icirc;n diverse forme \u015fi &icirc;n numeroase aplica\u0163ii. Se disting dou\u0103 tipuri importante de jgheaburi, [&hellip;]<\/p>\n","protected":false},"author":9,"featured_media":0,"parent":0,"menu_order":1090,"comment_status":"closed","ping_status":"closed","template":"template-import.php","meta":{"_acf_changed":false,"footnotes":""},"class_list":["post-31110","page","type-page","status-publish","hentry"],"acf":[],"yoast_head":"<!-- This site is optimized with the Yoast SEO plugin v26.8 - https:\/\/yoast.com\/product\/yoast-seo-wordpress\/ -->\n<title>Sistemul pluvial &#8211; NedZink<\/title>\n<meta name=\"robots\" content=\"index, follow, max-snippet:-1, max-image-preview:large, max-video-preview:-1\" \/>\n<link rel=\"canonical\" href=\"https:\/\/www.nedzink.com\/ro\/sistemul-pluvial\/\" \/>\n<meta property=\"og:locale\" content=\"ro_RO\" \/>\n<meta property=\"og:type\" content=\"article\" \/>\n<meta property=\"og:title\" content=\"Sistemul pluvial &#8211; NedZink\" \/>\n<meta property=\"og:description\" content=\"Pentru colectarea apei de ploaie se folosesc jgheaburi. Apa de ploaie este ghidat\u0103 prin burlane c\u0103tre sistemul de canalizare sau c\u0103tre alt punct de colectare. Jgheaburile sunt produse &icirc;n diverse forme, iar utilizarea lor este variat\u0103. &Icirc;n general, jgheaburile sunt disponibile &icirc;n diverse forme \u015fi &icirc;n numeroase aplica\u0163ii. Se disting dou\u0103 tipuri importante de jgheaburi, [&hellip;]\" \/>\n<meta property=\"og:url\" content=\"https:\/\/www.nedzink.com\/ro\/sistemul-pluvial\/\" \/>\n<meta property=\"og:site_name\" content=\"NedZink\" \/>\n<meta name=\"twitter:card\" content=\"summary_large_image\" \/>\n<meta name=\"twitter:label1\" content=\"Timp estimat pentru citire\" \/>\n\t<meta name=\"twitter:data1\" content=\"1 minut\" \/>\n<script type=\"application\/ld+json\" class=\"yoast-schema-graph\">{\"@context\":\"https:\/\/schema.org\",\"@graph\":[{\"@type\":\"WebPage\",\"@id\":\"https:\/\/www.nedzink.com\/ro\/sistemul-pluvial\/\",\"url\":\"https:\/\/www.nedzink.com\/ro\/sistemul-pluvial\/\",\"name\":\"Sistemul pluvial &#8211; NedZink\",\"isPartOf\":{\"@id\":\"https:\/\/www.nedzink.com\/ro\/#website\"},\"datePublished\":\"2019-06-04T12:56:27+00:00\",\"breadcrumb\":{\"@id\":\"https:\/\/www.nedzink.com\/ro\/sistemul-pluvial\/#breadcrumb\"},\"inLanguage\":\"ro-RO\",\"potentialAction\":[{\"@type\":\"ReadAction\",\"target\":[\"https:\/\/www.nedzink.com\/ro\/sistemul-pluvial\/\"]}]},{\"@type\":\"BreadcrumbList\",\"@id\":\"https:\/\/www.nedzink.com\/ro\/sistemul-pluvial\/#breadcrumb\",\"itemListElement\":[{\"@type\":\"ListItem\",\"position\":1,\"name\":\"Home\",\"item\":\"https:\/\/www.nedzink.com\/ro\/\"},{\"@type\":\"ListItem\",\"position\":2,\"name\":\"Sistemul pluvial\"}]},{\"@type\":\"WebSite\",\"@id\":\"https:\/\/www.nedzink.com\/ro\/#website\",\"url\":\"https:\/\/www.nedzink.com\/ro\/\",\"name\":\"NedZink\",\"description\":\"Zink fabrikant\",\"publisher\":{\"@id\":\"https:\/\/www.nedzink.com\/ro\/#organization\"},\"potentialAction\":[{\"@type\":\"SearchAction\",\"target\":{\"@type\":\"EntryPoint\",\"urlTemplate\":\"https:\/\/www.nedzink.com\/ro\/?s={search_term_string}\"},\"query-input\":{\"@type\":\"PropertyValueSpecification\",\"valueRequired\":true,\"valueName\":\"search_term_string\"}}],\"inLanguage\":\"ro-RO\"},{\"@type\":\"Organization\",\"@id\":\"https:\/\/www.nedzink.com\/ro\/#organization\",\"name\":\"NedZink\",\"url\":\"https:\/\/www.nedzink.com\/ro\/\",\"logo\":{\"@type\":\"ImageObject\",\"inLanguage\":\"ro-RO\",\"@id\":\"https:\/\/www.nedzink.com\/ro\/#\/schema\/logo\/image\/\",\"url\":\"https:\/\/www.nedzink.com\/wp-content\/uploads\/2019\/08\/logo-nedzink_fc_zk.jpg\",\"contentUrl\":\"https:\/\/www.nedzink.com\/wp-content\/uploads\/2019\/08\/logo-nedzink_fc_zk.jpg\",\"width\":2160,\"height\":688,\"caption\":\"NedZink\"},\"image\":{\"@id\":\"https:\/\/www.nedzink.com\/ro\/#\/schema\/logo\/image\/\"}}]}<\/script>\n<!-- \/ Yoast SEO plugin. -->","yoast_head_json":{"title":"Sistemul pluvial &#8211; NedZink","robots":{"index":"index","follow":"follow","max-snippet":"max-snippet:-1","max-image-preview":"max-image-preview:large","max-video-preview":"max-video-preview:-1"},"canonical":"https:\/\/www.nedzink.com\/ro\/sistemul-pluvial\/","og_locale":"ro_RO","og_type":"article","og_title":"Sistemul pluvial &#8211; NedZink","og_description":"Pentru colectarea apei de ploaie se folosesc jgheaburi. Apa de ploaie este ghidat\u0103 prin burlane c\u0103tre sistemul de canalizare sau c\u0103tre alt punct de colectare. Jgheaburile sunt produse &icirc;n diverse forme, iar utilizarea lor este variat\u0103. &Icirc;n general, jgheaburile sunt disponibile &icirc;n diverse forme \u015fi &icirc;n numeroase aplica\u0163ii. Se disting dou\u0103 tipuri importante de jgheaburi, [&hellip;]","og_url":"https:\/\/www.nedzink.com\/ro\/sistemul-pluvial\/","og_site_name":"NedZink","twitter_card":"summary_large_image","twitter_misc":{"Timp estimat pentru citire":"1 minut"},"schema":{"@context":"https:\/\/schema.org","@graph":[{"@type":"WebPage","@id":"https:\/\/www.nedzink.com\/ro\/sistemul-pluvial\/","url":"https:\/\/www.nedzink.com\/ro\/sistemul-pluvial\/","name":"Sistemul pluvial &#8211; NedZink","isPartOf":{"@id":"https:\/\/www.nedzink.com\/ro\/#website"},"datePublished":"2019-06-04T12:56:27+00:00","breadcrumb":{"@id":"https:\/\/www.nedzink.com\/ro\/sistemul-pluvial\/#breadcrumb"},"inLanguage":"ro-RO","potentialAction":[{"@type":"ReadAction","target":["https:\/\/www.nedzink.com\/ro\/sistemul-pluvial\/"]}]},{"@type":"BreadcrumbList","@id":"https:\/\/www.nedzink.com\/ro\/sistemul-pluvial\/#breadcrumb","itemListElement":[{"@type":"ListItem","position":1,"name":"Home","item":"https:\/\/www.nedzink.com\/ro\/"},{"@type":"ListItem","position":2,"name":"Sistemul pluvial"}]},{"@type":"WebSite","@id":"https:\/\/www.nedzink.com\/ro\/#website","url":"https:\/\/www.nedzink.com\/ro\/","name":"NedZink","description":"Zink fabrikant","publisher":{"@id":"https:\/\/www.nedzink.com\/ro\/#organization"},"potentialAction":[{"@type":"SearchAction","target":{"@type":"EntryPoint","urlTemplate":"https:\/\/www.nedzink.com\/ro\/?s={search_term_string}"},"query-input":{"@type":"PropertyValueSpecification","valueRequired":true,"valueName":"search_term_string"}}],"inLanguage":"ro-RO"},{"@type":"Organization","@id":"https:\/\/www.nedzink.com\/ro\/#organization","name":"NedZink","url":"https:\/\/www.nedzink.com\/ro\/","logo":{"@type":"ImageObject","inLanguage":"ro-RO","@id":"https:\/\/www.nedzink.com\/ro\/#\/schema\/logo\/image\/","url":"https:\/\/www.nedzink.com\/wp-content\/uploads\/2019\/08\/logo-nedzink_fc_zk.jpg","contentUrl":"https:\/\/www.nedzink.com\/wp-content\/uploads\/2019\/08\/logo-nedzink_fc_zk.jpg","width":2160,"height":688,"caption":"NedZink"},"image":{"@id":"https:\/\/www.nedzink.com\/ro\/#\/schema\/logo\/image\/"}}]}},"_links":{"self":[{"href":"https:\/\/www.nedzink.com\/ro\/wp-json\/wp\/v2\/pages\/31110","targetHints":{"allow":["GET"]}}],"collection":[{"href":"https:\/\/www.nedzink.com\/ro\/wp-json\/wp\/v2\/pages"}],"about":[{"href":"https:\/\/www.nedzink.com\/ro\/wp-json\/wp\/v2\/types\/page"}],"author":[{"embeddable":true,"href":"https:\/\/www.nedzink.com\/ro\/wp-json\/wp\/v2\/users\/9"}],"replies":[{"embeddable":true,"href":"https:\/\/www.nedzink.com\/ro\/wp-json\/wp\/v2\/comments?post=31110"}],"version-history":[{"count":0,"href":"https:\/\/www.nedzink.com\/ro\/wp-json\/wp\/v2\/pages\/31110\/revisions"}],"wp:attachment":[{"href":"https:\/\/www.nedzink.com\/ro\/wp-json\/wp\/v2\/media?parent=31110"}],"curies":[{"name":"wp","href":"https:\/\/api.w.org\/{rel}","templated":true}]}}