{"id":31090,"date":"2019-06-04T14:56:22","date_gmt":"2019-06-04T12:56:22","guid":{"rendered":"http:\/\/136.144.181.85\/~nedzink\/info-si-sfaturi\/caracteristici-constructive\/strapungeri\/"},"modified":"2019-06-04T14:56:22","modified_gmt":"2019-06-04T12:56:22","slug":"strapungeri","status":"publish","type":"page","link":"https:\/\/www.nedzink.com\/ro\/caracteristici-constructive\/strapungeri\/","title":{"rendered":"Str\u0103pungeri"},"content":{"rendered":"<p>Exist\u0103 diverse situa\u0163ii de str\u0103pungeri ale acoperi\u015fului cum sunt coloanele de aerisire, canalele de ventila\u0163ie, co\u015furile de fum , lucarnele sau luminatoarele.<\/p>\n<p>Toate aceste aplica\u0163ii trebuie s\u0103 aib\u0103 o conexiune etan\u015f\u0103 cu acoperi\u015ful de titan-zinc. De asemenea, trebuie s\u0103 aib\u0103 loc s\u0103 se dilate liber \u015fi s\u0103 fie &icirc;n acela\u015fi timp etan\u015f.<\/p>\n","protected":false},"excerpt":{"rendered":"<p>Exist\u0103 diverse situa\u0163ii de str\u0103pungeri ale acoperi\u015fului cum sunt coloanele de aerisire, canalele de ventila\u0163ie, co\u015furile de fum , lucarnele sau luminatoarele. Toate aceste aplica\u0163ii trebuie s\u0103 aib\u0103 o conexiune etan\u015f\u0103 cu acoperi\u015ful de titan-zinc. De asemenea, trebuie s\u0103 aib\u0103 loc s\u0103 se dilate liber \u015fi s\u0103 fie &icirc;n acela\u015fi timp etan\u015f.<\/p>\n","protected":false},"author":9,"featured_media":0,"parent":31010,"menu_order":1070,"comment_status":"closed","ping_status":"closed","template":"template-import.php","meta":{"_acf_changed":false,"footnotes":""},"class_list":["post-31090","page","type-page","status-publish","hentry"],"acf":[],"yoast_head":"<!-- This site is optimized with the Yoast SEO plugin v26.8 - https:\/\/yoast.com\/product\/yoast-seo-wordpress\/ -->\n<title>Str\u0103pungeri \u2013 NedZink<\/title>\n<meta name=\"description\" content=\"Dakdoorbrekingen zoals ontluchtingspijpen, ventilatiekanalen, schoorstenen, dakkapellen moeten een waterdichte aansluiting hebben met de zinken dakbedekking\" \/>\n<meta name=\"robots\" content=\"index, follow, max-snippet:-1, max-image-preview:large, max-video-preview:-1\" \/>\n<link rel=\"canonical\" href=\"https:\/\/www.nedzink.com\/ro\/caracteristici-constructive\/strapungeri\/\" \/>\n<meta property=\"og:locale\" content=\"ro_RO\" \/>\n<meta property=\"og:type\" content=\"article\" \/>\n<meta property=\"og:title\" content=\"Str\u0103pungeri \u2013 NedZink\" \/>\n<meta property=\"og:description\" content=\"Dakdoorbrekingen zoals ontluchtingspijpen, ventilatiekanalen, schoorstenen, dakkapellen moeten een waterdichte aansluiting hebben met de zinken dakbedekking\" \/>\n<meta property=\"og:url\" content=\"https:\/\/www.nedzink.com\/ro\/caracteristici-constructive\/strapungeri\/\" \/>\n<meta property=\"og:site_name\" content=\"NedZink\" \/>\n<meta name=\"twitter:card\" content=\"summary_large_image\" \/>\n<script type=\"application\/ld+json\" class=\"yoast-schema-graph\">{\"@context\":\"https:\/\/schema.org\",\"@graph\":[{\"@type\":\"WebPage\",\"@id\":\"https:\/\/www.nedzink.com\/ro\/caracteristici-constructive\/strapungeri\/\",\"url\":\"https:\/\/www.nedzink.com\/ro\/caracteristici-constructive\/strapungeri\/\",\"name\":\"Str\u0103pungeri \u2013 NedZink\",\"isPartOf\":{\"@id\":\"https:\/\/www.nedzink.com\/ro\/#website\"},\"datePublished\":\"2019-06-04T12:56:22+00:00\",\"description\":\"Dakdoorbrekingen zoals ontluchtingspijpen, ventilatiekanalen, schoorstenen, dakkapellen moeten een waterdichte aansluiting hebben met de zinken dakbedekking\",\"breadcrumb\":{\"@id\":\"https:\/\/www.nedzink.com\/ro\/caracteristici-constructive\/strapungeri\/#breadcrumb\"},\"inLanguage\":\"ro-RO\",\"potentialAction\":[{\"@type\":\"ReadAction\",\"target\":[\"https:\/\/www.nedzink.com\/ro\/caracteristici-constructive\/strapungeri\/\"]}]},{\"@type\":\"BreadcrumbList\",\"@id\":\"https:\/\/www.nedzink.com\/ro\/caracteristici-constructive\/strapungeri\/#breadcrumb\",\"itemListElement\":[{\"@type\":\"ListItem\",\"position\":1,\"name\":\"Home\",\"item\":\"https:\/\/www.nedzink.com\/ro\/\"},{\"@type\":\"ListItem\",\"position\":2,\"name\":\"Caracteristici constructive\",\"item\":\"https:\/\/www.nedzink.com\/ro\/caracteristici-constructive\/\"},{\"@type\":\"ListItem\",\"position\":3,\"name\":\"Str\u0103pungeri\"}]},{\"@type\":\"WebSite\",\"@id\":\"https:\/\/www.nedzink.com\/ro\/#website\",\"url\":\"https:\/\/www.nedzink.com\/ro\/\",\"name\":\"NedZink\",\"description\":\"Zink fabrikant\",\"publisher\":{\"@id\":\"https:\/\/www.nedzink.com\/ro\/#organization\"},\"potentialAction\":[{\"@type\":\"SearchAction\",\"target\":{\"@type\":\"EntryPoint\",\"urlTemplate\":\"https:\/\/www.nedzink.com\/ro\/?s={search_term_string}\"},\"query-input\":{\"@type\":\"PropertyValueSpecification\",\"valueRequired\":true,\"valueName\":\"search_term_string\"}}],\"inLanguage\":\"ro-RO\"},{\"@type\":\"Organization\",\"@id\":\"https:\/\/www.nedzink.com\/ro\/#organization\",\"name\":\"NedZink\",\"url\":\"https:\/\/www.nedzink.com\/ro\/\",\"logo\":{\"@type\":\"ImageObject\",\"inLanguage\":\"ro-RO\",\"@id\":\"https:\/\/www.nedzink.com\/ro\/#\/schema\/logo\/image\/\",\"url\":\"https:\/\/www.nedzink.com\/wp-content\/uploads\/2019\/08\/logo-nedzink_fc_zk.jpg\",\"contentUrl\":\"https:\/\/www.nedzink.com\/wp-content\/uploads\/2019\/08\/logo-nedzink_fc_zk.jpg\",\"width\":2160,\"height\":688,\"caption\":\"NedZink\"},\"image\":{\"@id\":\"https:\/\/www.nedzink.com\/ro\/#\/schema\/logo\/image\/\"}}]}<\/script>\n<!-- \/ Yoast SEO plugin. -->","yoast_head_json":{"title":"Str\u0103pungeri \u2013 NedZink","description":"Dakdoorbrekingen zoals ontluchtingspijpen, ventilatiekanalen, schoorstenen, dakkapellen moeten een waterdichte aansluiting hebben met de zinken dakbedekking","robots":{"index":"index","follow":"follow","max-snippet":"max-snippet:-1","max-image-preview":"max-image-preview:large","max-video-preview":"max-video-preview:-1"},"canonical":"https:\/\/www.nedzink.com\/ro\/caracteristici-constructive\/strapungeri\/","og_locale":"ro_RO","og_type":"article","og_title":"Str\u0103pungeri \u2013 NedZink","og_description":"Dakdoorbrekingen zoals ontluchtingspijpen, ventilatiekanalen, schoorstenen, dakkapellen moeten een waterdichte aansluiting hebben met de zinken dakbedekking","og_url":"https:\/\/www.nedzink.com\/ro\/caracteristici-constructive\/strapungeri\/","og_site_name":"NedZink","twitter_card":"summary_large_image","schema":{"@context":"https:\/\/schema.org","@graph":[{"@type":"WebPage","@id":"https:\/\/www.nedzink.com\/ro\/caracteristici-constructive\/strapungeri\/","url":"https:\/\/www.nedzink.com\/ro\/caracteristici-constructive\/strapungeri\/","name":"Str\u0103pungeri \u2013 NedZink","isPartOf":{"@id":"https:\/\/www.nedzink.com\/ro\/#website"},"datePublished":"2019-06-04T12:56:22+00:00","description":"Dakdoorbrekingen zoals ontluchtingspijpen, ventilatiekanalen, schoorstenen, dakkapellen moeten een waterdichte aansluiting hebben met de zinken dakbedekking","breadcrumb":{"@id":"https:\/\/www.nedzink.com\/ro\/caracteristici-constructive\/strapungeri\/#breadcrumb"},"inLanguage":"ro-RO","potentialAction":[{"@type":"ReadAction","target":["https:\/\/www.nedzink.com\/ro\/caracteristici-constructive\/strapungeri\/"]}]},{"@type":"BreadcrumbList","@id":"https:\/\/www.nedzink.com\/ro\/caracteristici-constructive\/strapungeri\/#breadcrumb","itemListElement":[{"@type":"ListItem","position":1,"name":"Home","item":"https:\/\/www.nedzink.com\/ro\/"},{"@type":"ListItem","position":2,"name":"Caracteristici constructive","item":"https:\/\/www.nedzink.com\/ro\/caracteristici-constructive\/"},{"@type":"ListItem","position":3,"name":"Str\u0103pungeri"}]},{"@type":"WebSite","@id":"https:\/\/www.nedzink.com\/ro\/#website","url":"https:\/\/www.nedzink.com\/ro\/","name":"NedZink","description":"Zink fabrikant","publisher":{"@id":"https:\/\/www.nedzink.com\/ro\/#organization"},"potentialAction":[{"@type":"SearchAction","target":{"@type":"EntryPoint","urlTemplate":"https:\/\/www.nedzink.com\/ro\/?s={search_term_string}"},"query-input":{"@type":"PropertyValueSpecification","valueRequired":true,"valueName":"search_term_string"}}],"inLanguage":"ro-RO"},{"@type":"Organization","@id":"https:\/\/www.nedzink.com\/ro\/#organization","name":"NedZink","url":"https:\/\/www.nedzink.com\/ro\/","logo":{"@type":"ImageObject","inLanguage":"ro-RO","@id":"https:\/\/www.nedzink.com\/ro\/#\/schema\/logo\/image\/","url":"https:\/\/www.nedzink.com\/wp-content\/uploads\/2019\/08\/logo-nedzink_fc_zk.jpg","contentUrl":"https:\/\/www.nedzink.com\/wp-content\/uploads\/2019\/08\/logo-nedzink_fc_zk.jpg","width":2160,"height":688,"caption":"NedZink"},"image":{"@id":"https:\/\/www.nedzink.com\/ro\/#\/schema\/logo\/image\/"}}]}},"_links":{"self":[{"href":"https:\/\/www.nedzink.com\/ro\/wp-json\/wp\/v2\/pages\/31090","targetHints":{"allow":["GET"]}}],"collection":[{"href":"https:\/\/www.nedzink.com\/ro\/wp-json\/wp\/v2\/pages"}],"about":[{"href":"https:\/\/www.nedzink.com\/ro\/wp-json\/wp\/v2\/types\/page"}],"author":[{"embeddable":true,"href":"https:\/\/www.nedzink.com\/ro\/wp-json\/wp\/v2\/users\/9"}],"replies":[{"embeddable":true,"href":"https:\/\/www.nedzink.com\/ro\/wp-json\/wp\/v2\/comments?post=31090"}],"version-history":[{"count":0,"href":"https:\/\/www.nedzink.com\/ro\/wp-json\/wp\/v2\/pages\/31090\/revisions"}],"up":[{"embeddable":true,"href":"https:\/\/www.nedzink.com\/ro\/wp-json\/wp\/v2\/pages\/31010"}],"wp:attachment":[{"href":"https:\/\/www.nedzink.com\/ro\/wp-json\/wp\/v2\/media?parent=31090"}],"curies":[{"name":"wp","href":"https:\/\/api.w.org\/{rel}","templated":true}]}}