{"id":31070,"date":"2019-06-04T14:56:17","date_gmt":"2019-06-04T12:56:17","guid":{"rendered":"http:\/\/136.144.181.85\/~nedzink\/info-si-sfaturi\/caracteristici-constructive\/profile-de-fatada\/"},"modified":"2019-06-04T14:56:17","modified_gmt":"2019-06-04T12:56:17","slug":"profile-de-fatada","status":"publish","type":"page","link":"https:\/\/www.nedzink.com\/ro\/caracteristici-constructive\/profile-de-fatada\/","title":{"rendered":"Profile de fa\u0163ad\u0103"},"content":{"rendered":"<p>Sunt disponibile modalit\u0103\u0163i diferite de \u00eenchidere a peretelui cu zinc. Folosindu-se un profil de perete se poate realiza o conexiune lateral\u0103. Pentru sistemul cu fal\u0163 vertical, panoul poate fi t\u0103iat la l\u0103\u0163imea necesar\u0103, iar formarea p\u0103r\u0163ii ridicate ajut\u0103 la conexiunea corect\u0103 cu peretele.<\/p>\n","protected":false},"excerpt":{"rendered":"<p>Sunt disponibile modalit\u0103\u0163i diferite de \u00eenchidere a peretelui cu zinc. Folosindu-se un profil de perete se poate realiza o conexiune lateral\u0103. Pentru sistemul cu fal\u0163 vertical, panoul poate fi t\u0103iat la l\u0103\u0163imea necesar\u0103, iar formarea p\u0103r\u0163ii ridicate ajut\u0103 la conexiunea corect\u0103 cu peretele.<\/p>\n","protected":false},"author":9,"featured_media":0,"parent":31010,"menu_order":1050,"comment_status":"closed","ping_status":"closed","template":"template-import.php","meta":{"_acf_changed":false,"footnotes":""},"class_list":["post-31070","page","type-page","status-publish","hentry"],"acf":[],"yoast_head":"<!-- This site is optimized with the Yoast SEO plugin v26.8 - https:\/\/yoast.com\/product\/yoast-seo-wordpress\/ -->\n<title>Profile de fa\u0163ad\u0103 \u2013 NedZink<\/title>\n<meta name=\"robots\" content=\"index, follow, max-snippet:-1, max-image-preview:large, max-video-preview:-1\" \/>\n<link rel=\"canonical\" href=\"https:\/\/www.nedzink.com\/ro\/caracteristici-constructive\/profile-de-fatada\/\" \/>\n<meta property=\"og:locale\" content=\"ro_RO\" \/>\n<meta property=\"og:type\" content=\"article\" \/>\n<meta property=\"og:title\" content=\"Profile de fa\u0163ad\u0103 \u2013 NedZink\" \/>\n<meta property=\"og:description\" content=\"Sunt disponibile modalit\u0103\u0163i diferite de \u00eenchidere a peretelui cu zinc. Folosindu-se un profil de perete se poate realiza o conexiune lateral\u0103. Pentru sistemul cu fal\u0163 vertical, panoul poate fi t\u0103iat la l\u0103\u0163imea necesar\u0103, iar formarea p\u0103r\u0163ii ridicate ajut\u0103 la conexiunea corect\u0103 cu peretele.\" \/>\n<meta property=\"og:url\" content=\"https:\/\/www.nedzink.com\/ro\/caracteristici-constructive\/profile-de-fatada\/\" \/>\n<meta property=\"og:site_name\" content=\"NedZink\" \/>\n<meta name=\"twitter:card\" content=\"summary_large_image\" \/>\n<script type=\"application\/ld+json\" class=\"yoast-schema-graph\">{\"@context\":\"https:\/\/schema.org\",\"@graph\":[{\"@type\":\"WebPage\",\"@id\":\"https:\/\/www.nedzink.com\/ro\/caracteristici-constructive\/profile-de-fatada\/\",\"url\":\"https:\/\/www.nedzink.com\/ro\/caracteristici-constructive\/profile-de-fatada\/\",\"name\":\"Profile de fa\u0163ad\u0103 \u2013 NedZink\",\"isPartOf\":{\"@id\":\"https:\/\/www.nedzink.com\/ro\/#website\"},\"datePublished\":\"2019-06-04T12:56:17+00:00\",\"breadcrumb\":{\"@id\":\"https:\/\/www.nedzink.com\/ro\/caracteristici-constructive\/profile-de-fatada\/#breadcrumb\"},\"inLanguage\":\"ro-RO\",\"potentialAction\":[{\"@type\":\"ReadAction\",\"target\":[\"https:\/\/www.nedzink.com\/ro\/caracteristici-constructive\/profile-de-fatada\/\"]}]},{\"@type\":\"BreadcrumbList\",\"@id\":\"https:\/\/www.nedzink.com\/ro\/caracteristici-constructive\/profile-de-fatada\/#breadcrumb\",\"itemListElement\":[{\"@type\":\"ListItem\",\"position\":1,\"name\":\"Home\",\"item\":\"https:\/\/www.nedzink.com\/ro\/\"},{\"@type\":\"ListItem\",\"position\":2,\"name\":\"Caracteristici constructive\",\"item\":\"https:\/\/www.nedzink.com\/ro\/caracteristici-constructive\/\"},{\"@type\":\"ListItem\",\"position\":3,\"name\":\"Profile de fa\u0163ad\u0103\"}]},{\"@type\":\"WebSite\",\"@id\":\"https:\/\/www.nedzink.com\/ro\/#website\",\"url\":\"https:\/\/www.nedzink.com\/ro\/\",\"name\":\"NedZink\",\"description\":\"Zink fabrikant\",\"publisher\":{\"@id\":\"https:\/\/www.nedzink.com\/ro\/#organization\"},\"potentialAction\":[{\"@type\":\"SearchAction\",\"target\":{\"@type\":\"EntryPoint\",\"urlTemplate\":\"https:\/\/www.nedzink.com\/ro\/?s={search_term_string}\"},\"query-input\":{\"@type\":\"PropertyValueSpecification\",\"valueRequired\":true,\"valueName\":\"search_term_string\"}}],\"inLanguage\":\"ro-RO\"},{\"@type\":\"Organization\",\"@id\":\"https:\/\/www.nedzink.com\/ro\/#organization\",\"name\":\"NedZink\",\"url\":\"https:\/\/www.nedzink.com\/ro\/\",\"logo\":{\"@type\":\"ImageObject\",\"inLanguage\":\"ro-RO\",\"@id\":\"https:\/\/www.nedzink.com\/ro\/#\/schema\/logo\/image\/\",\"url\":\"https:\/\/www.nedzink.com\/wp-content\/uploads\/2019\/08\/logo-nedzink_fc_zk.jpg\",\"contentUrl\":\"https:\/\/www.nedzink.com\/wp-content\/uploads\/2019\/08\/logo-nedzink_fc_zk.jpg\",\"width\":2160,\"height\":688,\"caption\":\"NedZink\"},\"image\":{\"@id\":\"https:\/\/www.nedzink.com\/ro\/#\/schema\/logo\/image\/\"}}]}<\/script>\n<!-- \/ Yoast SEO plugin. -->","yoast_head_json":{"title":"Profile de fa\u0163ad\u0103 \u2013 NedZink","robots":{"index":"index","follow":"follow","max-snippet":"max-snippet:-1","max-image-preview":"max-image-preview:large","max-video-preview":"max-video-preview:-1"},"canonical":"https:\/\/www.nedzink.com\/ro\/caracteristici-constructive\/profile-de-fatada\/","og_locale":"ro_RO","og_type":"article","og_title":"Profile de fa\u0163ad\u0103 \u2013 NedZink","og_description":"Sunt disponibile modalit\u0103\u0163i diferite de \u00eenchidere a peretelui cu zinc. Folosindu-se un profil de perete se poate realiza o conexiune lateral\u0103. Pentru sistemul cu fal\u0163 vertical, panoul poate fi t\u0103iat la l\u0103\u0163imea necesar\u0103, iar formarea p\u0103r\u0163ii ridicate ajut\u0103 la conexiunea corect\u0103 cu peretele.","og_url":"https:\/\/www.nedzink.com\/ro\/caracteristici-constructive\/profile-de-fatada\/","og_site_name":"NedZink","twitter_card":"summary_large_image","schema":{"@context":"https:\/\/schema.org","@graph":[{"@type":"WebPage","@id":"https:\/\/www.nedzink.com\/ro\/caracteristici-constructive\/profile-de-fatada\/","url":"https:\/\/www.nedzink.com\/ro\/caracteristici-constructive\/profile-de-fatada\/","name":"Profile de fa\u0163ad\u0103 \u2013 NedZink","isPartOf":{"@id":"https:\/\/www.nedzink.com\/ro\/#website"},"datePublished":"2019-06-04T12:56:17+00:00","breadcrumb":{"@id":"https:\/\/www.nedzink.com\/ro\/caracteristici-constructive\/profile-de-fatada\/#breadcrumb"},"inLanguage":"ro-RO","potentialAction":[{"@type":"ReadAction","target":["https:\/\/www.nedzink.com\/ro\/caracteristici-constructive\/profile-de-fatada\/"]}]},{"@type":"BreadcrumbList","@id":"https:\/\/www.nedzink.com\/ro\/caracteristici-constructive\/profile-de-fatada\/#breadcrumb","itemListElement":[{"@type":"ListItem","position":1,"name":"Home","item":"https:\/\/www.nedzink.com\/ro\/"},{"@type":"ListItem","position":2,"name":"Caracteristici constructive","item":"https:\/\/www.nedzink.com\/ro\/caracteristici-constructive\/"},{"@type":"ListItem","position":3,"name":"Profile de fa\u0163ad\u0103"}]},{"@type":"WebSite","@id":"https:\/\/www.nedzink.com\/ro\/#website","url":"https:\/\/www.nedzink.com\/ro\/","name":"NedZink","description":"Zink fabrikant","publisher":{"@id":"https:\/\/www.nedzink.com\/ro\/#organization"},"potentialAction":[{"@type":"SearchAction","target":{"@type":"EntryPoint","urlTemplate":"https:\/\/www.nedzink.com\/ro\/?s={search_term_string}"},"query-input":{"@type":"PropertyValueSpecification","valueRequired":true,"valueName":"search_term_string"}}],"inLanguage":"ro-RO"},{"@type":"Organization","@id":"https:\/\/www.nedzink.com\/ro\/#organization","name":"NedZink","url":"https:\/\/www.nedzink.com\/ro\/","logo":{"@type":"ImageObject","inLanguage":"ro-RO","@id":"https:\/\/www.nedzink.com\/ro\/#\/schema\/logo\/image\/","url":"https:\/\/www.nedzink.com\/wp-content\/uploads\/2019\/08\/logo-nedzink_fc_zk.jpg","contentUrl":"https:\/\/www.nedzink.com\/wp-content\/uploads\/2019\/08\/logo-nedzink_fc_zk.jpg","width":2160,"height":688,"caption":"NedZink"},"image":{"@id":"https:\/\/www.nedzink.com\/ro\/#\/schema\/logo\/image\/"}}]}},"_links":{"self":[{"href":"https:\/\/www.nedzink.com\/ro\/wp-json\/wp\/v2\/pages\/31070","targetHints":{"allow":["GET"]}}],"collection":[{"href":"https:\/\/www.nedzink.com\/ro\/wp-json\/wp\/v2\/pages"}],"about":[{"href":"https:\/\/www.nedzink.com\/ro\/wp-json\/wp\/v2\/types\/page"}],"author":[{"embeddable":true,"href":"https:\/\/www.nedzink.com\/ro\/wp-json\/wp\/v2\/users\/9"}],"replies":[{"embeddable":true,"href":"https:\/\/www.nedzink.com\/ro\/wp-json\/wp\/v2\/comments?post=31070"}],"version-history":[{"count":0,"href":"https:\/\/www.nedzink.com\/ro\/wp-json\/wp\/v2\/pages\/31070\/revisions"}],"up":[{"embeddable":true,"href":"https:\/\/www.nedzink.com\/ro\/wp-json\/wp\/v2\/pages\/31010"}],"wp:attachment":[{"href":"https:\/\/www.nedzink.com\/ro\/wp-json\/wp\/v2\/media?parent=31070"}],"curies":[{"name":"wp","href":"https:\/\/api.w.org\/{rel}","templated":true}]}}