{"id":31030,"date":"2019-06-04T14:56:03","date_gmt":"2019-06-04T12:56:03","guid":{"rendered":"http:\/\/136.144.181.85\/~nedzink\/info-si-sfaturi\/caracteristici-constructive\/lucarne\/"},"modified":"2019-06-04T14:56:03","modified_gmt":"2019-06-04T12:56:03","slug":"lucarne","status":"publish","type":"page","link":"https:\/\/www.nedzink.com\/ro\/lucarne\/","title":{"rendered":"Lucarne"},"content":{"rendered":"<p>La acoperirea lucarnelor cu titan- zinc, se instaleaz\u0103 mai &icirc;nt&acirc;i \u0219or\u021burile de dolie &icirc;n lungul marginilor lucarnei. Aceste dolii vor dirija apa c\u0103tre jgheaburile standard existente. \u0218or\u021burile de dolie se vor fixa pe acoperi\u015f \u015fi pe p\u0103r\u0163ile lucarnei cu ajutorul clemelor. Panourile laterale sunt manufacturate \u015fi &icirc;ndoite &icirc;napoi la partea inferioar\u0103 \u015fi &icirc;nainte la partea superioar\u0103.<\/p>\n<p>Pere\u0163ii laterali ai lucarnei sunt prin\u015fi cu cleme. Clemele inferioare sunt deja prinse, deoarece \u0219or\u021bul de dolie este prins cu acestea. Clemele din partea superioar\u0103 sunt prinse c&acirc;t mai sus posibil, chiar sub partea &icirc;n consol\u0103.<\/p>\n<p>Clemele trebuie s\u0103 permit\u0103 expansiunea \u015fi contractarea liber\u0103 a plac\u0103rii lateralelor lucarnei. &Icirc;n caz contrar tensiunea va d\u0103una zincului. Din acela\u015fi motiv este indicat ca lateralele s\u0103 fie placate cu un sistem, nu cu o singur\u0103 pies\u0103, de exemplu cu ajutorul sistemului cu fal\u0163 vertical, pentru o aplica\u0163ie mai bun\u0103, &icirc;n loc s\u0103 se fac\u0103 prin cositorire.<\/p>\n<p>O &icirc;nvelitoare a unui acoperi\u015f plan se face cu panouri t\u0103iate \u015fi pliate la dimensiunile corecte \u015fi cositorite &icirc;mpreun\u0103 &icirc;n mod corect. Partea din spate a plac\u0103rii este prins\u0103 pe toat\u0103 lungimea pe 20 mm. Pliul este apoi acoperit cu un profil de plumb. Panourile trebuie s\u0103 acopere corect aceast\u0103 margine pentru a proteja &icirc;mpotriva ploii \u015fi z\u0103pezii. Pervazul lucarnei va fi etan\u015feizat &icirc;mpotriva apei pentru a evita scurgerile din jgheab, &icirc;n special la col\u0163uri.<\/p>\n<p>&Icirc;mbin\u0103rile \u015fi conexiunile trebuie s\u0103 aib\u0103 suficient spa\u0163iu pentru a garanta mi\u015fcarea termic\u0103 a zincului. La aceast\u0103 aplica\u0163ie, &icirc;n mod special, este recomandat\u0103 aplicarea plac\u0103rilor &icirc;naintea cositoririi, t\u0103ierii sau f\u0103l\u0163uirii pentru a preveni problemele cauzate de efectele termice. Mai apoi este posibil\u0103 efectuarea corect\u0103 a detaliilor de etan\u015fare.<\/p>\n<p>&nbsp;<\/p>\n","protected":false},"excerpt":{"rendered":"<p>La acoperirea lucarnelor cu titan- zinc, se instaleaz\u0103 mai &icirc;nt&acirc;i \u0219or\u021burile de dolie &icirc;n lungul marginilor lucarnei. Aceste dolii vor dirija apa c\u0103tre jgheaburile standard existente. \u0218or\u021burile de dolie se vor fixa pe acoperi\u015f \u015fi pe p\u0103r\u0163ile lucarnei cu ajutorul clemelor. Panourile laterale sunt manufacturate \u015fi &icirc;ndoite &icirc;napoi la partea inferioar\u0103 \u015fi &icirc;nainte la partea [&hellip;]<\/p>\n","protected":false},"author":9,"featured_media":0,"parent":0,"menu_order":1010,"comment_status":"closed","ping_status":"closed","template":"template-import.php","meta":{"_acf_changed":false,"footnotes":""},"class_list":["post-31030","page","type-page","status-publish","hentry"],"acf":[],"yoast_head":"<!-- This site is optimized with the Yoast SEO plugin v26.8 - https:\/\/yoast.com\/product\/yoast-seo-wordpress\/ -->\n<title>Lucarne &#8211; NedZink<\/title>\n<meta name=\"robots\" content=\"index, follow, max-snippet:-1, max-image-preview:large, max-video-preview:-1\" \/>\n<link rel=\"canonical\" href=\"https:\/\/www.nedzink.com\/ro\/lucarne\/\" \/>\n<meta property=\"og:locale\" content=\"ro_RO\" \/>\n<meta property=\"og:type\" content=\"article\" \/>\n<meta property=\"og:title\" content=\"Lucarne &#8211; NedZink\" \/>\n<meta property=\"og:description\" content=\"La acoperirea lucarnelor cu titan- zinc, se instaleaz\u0103 mai &icirc;nt&acirc;i \u0219or\u021burile de dolie &icirc;n lungul marginilor lucarnei. Aceste dolii vor dirija apa c\u0103tre jgheaburile standard existente. \u0218or\u021burile de dolie se vor fixa pe acoperi\u015f \u015fi pe p\u0103r\u0163ile lucarnei cu ajutorul clemelor. Panourile laterale sunt manufacturate \u015fi &icirc;ndoite &icirc;napoi la partea inferioar\u0103 \u015fi &icirc;nainte la partea [&hellip;]\" \/>\n<meta property=\"og:url\" content=\"https:\/\/www.nedzink.com\/ro\/lucarne\/\" \/>\n<meta property=\"og:site_name\" content=\"NedZink\" \/>\n<meta name=\"twitter:card\" content=\"summary_large_image\" \/>\n<meta name=\"twitter:label1\" content=\"Timp estimat pentru citire\" \/>\n\t<meta name=\"twitter:data1\" content=\"2 minute\" \/>\n<script type=\"application\/ld+json\" class=\"yoast-schema-graph\">{\"@context\":\"https:\/\/schema.org\",\"@graph\":[{\"@type\":\"WebPage\",\"@id\":\"https:\/\/www.nedzink.com\/ro\/lucarne\/\",\"url\":\"https:\/\/www.nedzink.com\/ro\/lucarne\/\",\"name\":\"Lucarne &#8211; NedZink\",\"isPartOf\":{\"@id\":\"https:\/\/www.nedzink.com\/ro\/#website\"},\"datePublished\":\"2019-06-04T12:56:03+00:00\",\"breadcrumb\":{\"@id\":\"https:\/\/www.nedzink.com\/ro\/lucarne\/#breadcrumb\"},\"inLanguage\":\"ro-RO\",\"potentialAction\":[{\"@type\":\"ReadAction\",\"target\":[\"https:\/\/www.nedzink.com\/ro\/lucarne\/\"]}]},{\"@type\":\"BreadcrumbList\",\"@id\":\"https:\/\/www.nedzink.com\/ro\/lucarne\/#breadcrumb\",\"itemListElement\":[{\"@type\":\"ListItem\",\"position\":1,\"name\":\"Home\",\"item\":\"https:\/\/www.nedzink.com\/ro\/\"},{\"@type\":\"ListItem\",\"position\":2,\"name\":\"Lucarne\"}]},{\"@type\":\"WebSite\",\"@id\":\"https:\/\/www.nedzink.com\/ro\/#website\",\"url\":\"https:\/\/www.nedzink.com\/ro\/\",\"name\":\"NedZink\",\"description\":\"Zink fabrikant\",\"publisher\":{\"@id\":\"https:\/\/www.nedzink.com\/ro\/#organization\"},\"potentialAction\":[{\"@type\":\"SearchAction\",\"target\":{\"@type\":\"EntryPoint\",\"urlTemplate\":\"https:\/\/www.nedzink.com\/ro\/?s={search_term_string}\"},\"query-input\":{\"@type\":\"PropertyValueSpecification\",\"valueRequired\":true,\"valueName\":\"search_term_string\"}}],\"inLanguage\":\"ro-RO\"},{\"@type\":\"Organization\",\"@id\":\"https:\/\/www.nedzink.com\/ro\/#organization\",\"name\":\"NedZink\",\"url\":\"https:\/\/www.nedzink.com\/ro\/\",\"logo\":{\"@type\":\"ImageObject\",\"inLanguage\":\"ro-RO\",\"@id\":\"https:\/\/www.nedzink.com\/ro\/#\/schema\/logo\/image\/\",\"url\":\"https:\/\/www.nedzink.com\/wp-content\/uploads\/2019\/08\/logo-nedzink_fc_zk.jpg\",\"contentUrl\":\"https:\/\/www.nedzink.com\/wp-content\/uploads\/2019\/08\/logo-nedzink_fc_zk.jpg\",\"width\":2160,\"height\":688,\"caption\":\"NedZink\"},\"image\":{\"@id\":\"https:\/\/www.nedzink.com\/ro\/#\/schema\/logo\/image\/\"}}]}<\/script>\n<!-- \/ Yoast SEO plugin. -->","yoast_head_json":{"title":"Lucarne &#8211; NedZink","robots":{"index":"index","follow":"follow","max-snippet":"max-snippet:-1","max-image-preview":"max-image-preview:large","max-video-preview":"max-video-preview:-1"},"canonical":"https:\/\/www.nedzink.com\/ro\/lucarne\/","og_locale":"ro_RO","og_type":"article","og_title":"Lucarne &#8211; NedZink","og_description":"La acoperirea lucarnelor cu titan- zinc, se instaleaz\u0103 mai &icirc;nt&acirc;i \u0219or\u021burile de dolie &icirc;n lungul marginilor lucarnei. Aceste dolii vor dirija apa c\u0103tre jgheaburile standard existente. \u0218or\u021burile de dolie se vor fixa pe acoperi\u015f \u015fi pe p\u0103r\u0163ile lucarnei cu ajutorul clemelor. Panourile laterale sunt manufacturate \u015fi &icirc;ndoite &icirc;napoi la partea inferioar\u0103 \u015fi &icirc;nainte la partea [&hellip;]","og_url":"https:\/\/www.nedzink.com\/ro\/lucarne\/","og_site_name":"NedZink","twitter_card":"summary_large_image","twitter_misc":{"Timp estimat pentru citire":"2 minute"},"schema":{"@context":"https:\/\/schema.org","@graph":[{"@type":"WebPage","@id":"https:\/\/www.nedzink.com\/ro\/lucarne\/","url":"https:\/\/www.nedzink.com\/ro\/lucarne\/","name":"Lucarne &#8211; NedZink","isPartOf":{"@id":"https:\/\/www.nedzink.com\/ro\/#website"},"datePublished":"2019-06-04T12:56:03+00:00","breadcrumb":{"@id":"https:\/\/www.nedzink.com\/ro\/lucarne\/#breadcrumb"},"inLanguage":"ro-RO","potentialAction":[{"@type":"ReadAction","target":["https:\/\/www.nedzink.com\/ro\/lucarne\/"]}]},{"@type":"BreadcrumbList","@id":"https:\/\/www.nedzink.com\/ro\/lucarne\/#breadcrumb","itemListElement":[{"@type":"ListItem","position":1,"name":"Home","item":"https:\/\/www.nedzink.com\/ro\/"},{"@type":"ListItem","position":2,"name":"Lucarne"}]},{"@type":"WebSite","@id":"https:\/\/www.nedzink.com\/ro\/#website","url":"https:\/\/www.nedzink.com\/ro\/","name":"NedZink","description":"Zink fabrikant","publisher":{"@id":"https:\/\/www.nedzink.com\/ro\/#organization"},"potentialAction":[{"@type":"SearchAction","target":{"@type":"EntryPoint","urlTemplate":"https:\/\/www.nedzink.com\/ro\/?s={search_term_string}"},"query-input":{"@type":"PropertyValueSpecification","valueRequired":true,"valueName":"search_term_string"}}],"inLanguage":"ro-RO"},{"@type":"Organization","@id":"https:\/\/www.nedzink.com\/ro\/#organization","name":"NedZink","url":"https:\/\/www.nedzink.com\/ro\/","logo":{"@type":"ImageObject","inLanguage":"ro-RO","@id":"https:\/\/www.nedzink.com\/ro\/#\/schema\/logo\/image\/","url":"https:\/\/www.nedzink.com\/wp-content\/uploads\/2019\/08\/logo-nedzink_fc_zk.jpg","contentUrl":"https:\/\/www.nedzink.com\/wp-content\/uploads\/2019\/08\/logo-nedzink_fc_zk.jpg","width":2160,"height":688,"caption":"NedZink"},"image":{"@id":"https:\/\/www.nedzink.com\/ro\/#\/schema\/logo\/image\/"}}]}},"_links":{"self":[{"href":"https:\/\/www.nedzink.com\/ro\/wp-json\/wp\/v2\/pages\/31030","targetHints":{"allow":["GET"]}}],"collection":[{"href":"https:\/\/www.nedzink.com\/ro\/wp-json\/wp\/v2\/pages"}],"about":[{"href":"https:\/\/www.nedzink.com\/ro\/wp-json\/wp\/v2\/types\/page"}],"author":[{"embeddable":true,"href":"https:\/\/www.nedzink.com\/ro\/wp-json\/wp\/v2\/users\/9"}],"replies":[{"embeddable":true,"href":"https:\/\/www.nedzink.com\/ro\/wp-json\/wp\/v2\/comments?post=31030"}],"version-history":[{"count":0,"href":"https:\/\/www.nedzink.com\/ro\/wp-json\/wp\/v2\/pages\/31030\/revisions"}],"wp:attachment":[{"href":"https:\/\/www.nedzink.com\/ro\/wp-json\/wp\/v2\/media?parent=31030"}],"curies":[{"name":"wp","href":"https:\/\/api.w.org\/{rel}","templated":true}]}}