{"id":31000,"date":"2019-06-04T14:55:55","date_gmt":"2019-06-04T12:55:55","guid":{"rendered":"http:\/\/136.144.181.85\/~nedzink\/info-si-sfaturi\/sistemul-de-placare-a-fatadei\/sisteme-speciale\/"},"modified":"2019-06-04T14:55:55","modified_gmt":"2019-06-04T12:55:55","slug":"sisteme-speciale","status":"publish","type":"page","link":"https:\/\/www.nedzink.com\/ro\/sistemul-de-placare-a-fatadei\/sisteme-speciale\/","title":{"rendered":"Sisteme speciale"},"content":{"rendered":"<h2>Profile GDS pentru placare<\/h2>\n<p>Profilele de fa\u0163ad\u0103 GDS se potrivesc oric\u0103rui tip de construc\u0163ie, fie c\u0103 este vorba de o renovare sau de o construc\u0163ie nou\u0103.<\/p>\n<p>Profilele de placare GDS sunt clasice, elegante \u015fi contemporane &icirc;n acela\u015fi timp.<\/p>\n<p>Profilul durabil de placare GDS joac\u0103 rolul de o &rdquo;a doua piele&rdquo; pentru orice tip de cl\u0103dire. Ofer\u0103 protec\u0163ie &icirc;mpotriva radia\u0163iilor UV, ploii \u015fi v&acirc;ntului. Profilele sunt proiectate pentru o instalare u\u015foar\u0103. Profilele standard formeaz\u0103 baza plac\u0103rii fa\u0163adei cu acest sistem. De asemenea se ofer\u0103 solu\u0163ii de prindere la col\u0163urile interioare \u015fi exterioare.<\/p>\n<table border=\"0\" cellpadding=\"1\" cellspacing=\"0\">\n<tbody>\n<tr>\n<td>\n<p><u>Profil de placareGDS <\/u><\/p>\n<p><img decoding=\"async\" src=\"https:\/\/www.nedzink.com\/wp-content\/uploads\/import\/cms\/userfiles\/images\/Facade_Systems\/GDS cladding profile.JPG\" style=\"width: 100px; height: 270px;\" \/><\/p>\n<\/td>\n<td>\n<p><u>Profil de margine GDS<\/u><\/p>\n<p><img decoding=\"async\" src=\"https:\/\/www.nedzink.com\/wp-content\/uploads\/import\/cms\/userfiles\/images\/Facade_Systems\/GDS border profile.JPG\" style=\"width: 229px; height: 157px;\" \/><\/p>\n<\/td>\n<\/tr>\n<tr>\n<td>\n<p><u>Profil col\u0163 interior GDS <\/u><\/p>\n<p><img decoding=\"async\" src=\"https:\/\/www.nedzink.com\/wp-content\/uploads\/import\/cms\/userfiles\/images\/Facade_Systems\/GDS inside corner profile.JPG\" style=\"width: 156px; height: 156px;\" \/><\/p>\n<\/td>\n<td style=\"vertical-align:top\">\n<p><u>Profil exterior GDS<\/u><\/p>\n<p><strong><img decoding=\"async\" src=\"https:\/\/www.nedzink.com\/wp-content\/uploads\/import\/cms\/userfiles\/images\/Facade_Systems\/GDS outside corner profile.JPG\" style=\"width: 179px; height: 177px;\" \/><\/strong><\/p>\n<\/td>\n<\/tr>\n<\/tbody>\n<\/table>\n<p>La instalare, sunt dou\u0103 principii care trebuie s\u0103 fie respectate &icirc;ntotdeauna:<\/p>\n<ul>\n<li>Zincul se extinde \u015fi se contract\u0103 din cauza fluctua\u0163iilor de temperatur\u0103, amplasarea prinderilor se face permi\u0163\u00e2nd dilatarea<\/li>\n<li>Asigura\u0163i-v\u0103 c\u0103 este posibil\u0103 o ventilare eficient\u0103 \u00een spatele plac\u0103rii cu zinc<\/li>\n<\/ul>\n","protected":false},"excerpt":{"rendered":"<p>Profile GDS pentru placare Profilele de fa\u0163ad\u0103 GDS se potrivesc oric\u0103rui tip de construc\u0163ie, fie c\u0103 este vorba de o renovare sau de o construc\u0163ie nou\u0103. Profilele de placare GDS sunt clasice, elegante \u015fi contemporane &icirc;n acela\u015fi timp. Profilul durabil de placare GDS joac\u0103 rolul de o &rdquo;a doua piele&rdquo; pentru orice tip de cl\u0103dire. [&hellip;]<\/p>\n","protected":false},"author":9,"featured_media":0,"parent":30907,"menu_order":980,"comment_status":"closed","ping_status":"closed","template":"template-import.php","meta":{"_acf_changed":false,"footnotes":""},"class_list":["post-31000","page","type-page","status-publish","hentry"],"acf":[],"yoast_head":"<!-- This site is optimized with the Yoast SEO plugin v26.8 - https:\/\/yoast.com\/product\/yoast-seo-wordpress\/ -->\n<title>Sisteme speciale \u2013 NedZink<\/title>\n<meta name=\"robots\" content=\"index, follow, max-snippet:-1, max-image-preview:large, max-video-preview:-1\" \/>\n<link rel=\"canonical\" href=\"https:\/\/www.nedzink.com\/ro\/sistemul-de-placare-a-fatadei\/sisteme-speciale\/\" \/>\n<meta property=\"og:locale\" content=\"ro_RO\" \/>\n<meta property=\"og:type\" content=\"article\" \/>\n<meta property=\"og:title\" content=\"Sisteme speciale \u2013 NedZink\" \/>\n<meta property=\"og:description\" content=\"Profile GDS pentru placare Profilele de fa\u0163ad\u0103 GDS se potrivesc oric\u0103rui tip de construc\u0163ie, fie c\u0103 este vorba de o renovare sau de o construc\u0163ie nou\u0103. Profilele de placare GDS sunt clasice, elegante \u015fi contemporane &icirc;n acela\u015fi timp. Profilul durabil de placare GDS joac\u0103 rolul de o &rdquo;a doua piele&rdquo; pentru orice tip de cl\u0103dire. [&hellip;]\" \/>\n<meta property=\"og:url\" content=\"https:\/\/www.nedzink.com\/ro\/sistemul-de-placare-a-fatadei\/sisteme-speciale\/\" \/>\n<meta property=\"og:site_name\" content=\"NedZink\" \/>\n<meta property=\"og:image\" content=\"https:\/\/www.nedzink.com\/wp-content\/uploads\/import\/cms\/userfiles\/images\/Facade_Systems\/GDS%20cladding%20profile.JPG\" \/>\n<meta name=\"twitter:card\" content=\"summary_large_image\" \/>\n<meta name=\"twitter:label1\" content=\"Timp estimat pentru citire\" \/>\n\t<meta name=\"twitter:data1\" content=\"1 minut\" \/>\n<script type=\"application\/ld+json\" class=\"yoast-schema-graph\">{\"@context\":\"https:\/\/schema.org\",\"@graph\":[{\"@type\":\"WebPage\",\"@id\":\"https:\/\/www.nedzink.com\/ro\/sistemul-de-placare-a-fatadei\/sisteme-speciale\/\",\"url\":\"https:\/\/www.nedzink.com\/ro\/sistemul-de-placare-a-fatadei\/sisteme-speciale\/\",\"name\":\"Sisteme speciale \u2013 NedZink\",\"isPartOf\":{\"@id\":\"https:\/\/www.nedzink.com\/ro\/#website\"},\"datePublished\":\"2019-06-04T12:55:55+00:00\",\"breadcrumb\":{\"@id\":\"https:\/\/www.nedzink.com\/ro\/sistemul-de-placare-a-fatadei\/sisteme-speciale\/#breadcrumb\"},\"inLanguage\":\"ro-RO\",\"potentialAction\":[{\"@type\":\"ReadAction\",\"target\":[\"https:\/\/www.nedzink.com\/ro\/sistemul-de-placare-a-fatadei\/sisteme-speciale\/\"]}]},{\"@type\":\"BreadcrumbList\",\"@id\":\"https:\/\/www.nedzink.com\/ro\/sistemul-de-placare-a-fatadei\/sisteme-speciale\/#breadcrumb\",\"itemListElement\":[{\"@type\":\"ListItem\",\"position\":1,\"name\":\"Home\",\"item\":\"https:\/\/www.nedzink.com\/ro\/\"},{\"@type\":\"ListItem\",\"position\":2,\"name\":\"Sistemul de placare a fa\u0163adei\",\"item\":\"https:\/\/www.nedzink.com\/ro\/sistemul-de-placare-a-fatadei\/\"},{\"@type\":\"ListItem\",\"position\":3,\"name\":\"Sisteme speciale\"}]},{\"@type\":\"WebSite\",\"@id\":\"https:\/\/www.nedzink.com\/ro\/#website\",\"url\":\"https:\/\/www.nedzink.com\/ro\/\",\"name\":\"NedZink\",\"description\":\"Zink fabrikant\",\"publisher\":{\"@id\":\"https:\/\/www.nedzink.com\/ro\/#organization\"},\"potentialAction\":[{\"@type\":\"SearchAction\",\"target\":{\"@type\":\"EntryPoint\",\"urlTemplate\":\"https:\/\/www.nedzink.com\/ro\/?s={search_term_string}\"},\"query-input\":{\"@type\":\"PropertyValueSpecification\",\"valueRequired\":true,\"valueName\":\"search_term_string\"}}],\"inLanguage\":\"ro-RO\"},{\"@type\":\"Organization\",\"@id\":\"https:\/\/www.nedzink.com\/ro\/#organization\",\"name\":\"NedZink\",\"url\":\"https:\/\/www.nedzink.com\/ro\/\",\"logo\":{\"@type\":\"ImageObject\",\"inLanguage\":\"ro-RO\",\"@id\":\"https:\/\/www.nedzink.com\/ro\/#\/schema\/logo\/image\/\",\"url\":\"https:\/\/www.nedzink.com\/wp-content\/uploads\/2019\/08\/logo-nedzink_fc_zk.jpg\",\"contentUrl\":\"https:\/\/www.nedzink.com\/wp-content\/uploads\/2019\/08\/logo-nedzink_fc_zk.jpg\",\"width\":2160,\"height\":688,\"caption\":\"NedZink\"},\"image\":{\"@id\":\"https:\/\/www.nedzink.com\/ro\/#\/schema\/logo\/image\/\"}}]}<\/script>\n<!-- \/ Yoast SEO plugin. -->","yoast_head_json":{"title":"Sisteme speciale \u2013 NedZink","robots":{"index":"index","follow":"follow","max-snippet":"max-snippet:-1","max-image-preview":"max-image-preview:large","max-video-preview":"max-video-preview:-1"},"canonical":"https:\/\/www.nedzink.com\/ro\/sistemul-de-placare-a-fatadei\/sisteme-speciale\/","og_locale":"ro_RO","og_type":"article","og_title":"Sisteme speciale \u2013 NedZink","og_description":"Profile GDS pentru placare Profilele de fa\u0163ad\u0103 GDS se potrivesc oric\u0103rui tip de construc\u0163ie, fie c\u0103 este vorba de o renovare sau de o construc\u0163ie nou\u0103. Profilele de placare GDS sunt clasice, elegante \u015fi contemporane &icirc;n acela\u015fi timp. Profilul durabil de placare GDS joac\u0103 rolul de o &rdquo;a doua piele&rdquo; pentru orice tip de cl\u0103dire. [&hellip;]","og_url":"https:\/\/www.nedzink.com\/ro\/sistemul-de-placare-a-fatadei\/sisteme-speciale\/","og_site_name":"NedZink","og_image":[{"url":"https:\/\/www.nedzink.com\/wp-content\/uploads\/import\/cms\/userfiles\/images\/Facade_Systems\/GDS cladding profile.JPG","type":"","width":"","height":""}],"twitter_card":"summary_large_image","twitter_misc":{"Timp estimat pentru citire":"1 minut"},"schema":{"@context":"https:\/\/schema.org","@graph":[{"@type":"WebPage","@id":"https:\/\/www.nedzink.com\/ro\/sistemul-de-placare-a-fatadei\/sisteme-speciale\/","url":"https:\/\/www.nedzink.com\/ro\/sistemul-de-placare-a-fatadei\/sisteme-speciale\/","name":"Sisteme speciale \u2013 NedZink","isPartOf":{"@id":"https:\/\/www.nedzink.com\/ro\/#website"},"datePublished":"2019-06-04T12:55:55+00:00","breadcrumb":{"@id":"https:\/\/www.nedzink.com\/ro\/sistemul-de-placare-a-fatadei\/sisteme-speciale\/#breadcrumb"},"inLanguage":"ro-RO","potentialAction":[{"@type":"ReadAction","target":["https:\/\/www.nedzink.com\/ro\/sistemul-de-placare-a-fatadei\/sisteme-speciale\/"]}]},{"@type":"BreadcrumbList","@id":"https:\/\/www.nedzink.com\/ro\/sistemul-de-placare-a-fatadei\/sisteme-speciale\/#breadcrumb","itemListElement":[{"@type":"ListItem","position":1,"name":"Home","item":"https:\/\/www.nedzink.com\/ro\/"},{"@type":"ListItem","position":2,"name":"Sistemul de placare a fa\u0163adei","item":"https:\/\/www.nedzink.com\/ro\/sistemul-de-placare-a-fatadei\/"},{"@type":"ListItem","position":3,"name":"Sisteme speciale"}]},{"@type":"WebSite","@id":"https:\/\/www.nedzink.com\/ro\/#website","url":"https:\/\/www.nedzink.com\/ro\/","name":"NedZink","description":"Zink fabrikant","publisher":{"@id":"https:\/\/www.nedzink.com\/ro\/#organization"},"potentialAction":[{"@type":"SearchAction","target":{"@type":"EntryPoint","urlTemplate":"https:\/\/www.nedzink.com\/ro\/?s={search_term_string}"},"query-input":{"@type":"PropertyValueSpecification","valueRequired":true,"valueName":"search_term_string"}}],"inLanguage":"ro-RO"},{"@type":"Organization","@id":"https:\/\/www.nedzink.com\/ro\/#organization","name":"NedZink","url":"https:\/\/www.nedzink.com\/ro\/","logo":{"@type":"ImageObject","inLanguage":"ro-RO","@id":"https:\/\/www.nedzink.com\/ro\/#\/schema\/logo\/image\/","url":"https:\/\/www.nedzink.com\/wp-content\/uploads\/2019\/08\/logo-nedzink_fc_zk.jpg","contentUrl":"https:\/\/www.nedzink.com\/wp-content\/uploads\/2019\/08\/logo-nedzink_fc_zk.jpg","width":2160,"height":688,"caption":"NedZink"},"image":{"@id":"https:\/\/www.nedzink.com\/ro\/#\/schema\/logo\/image\/"}}]}},"_links":{"self":[{"href":"https:\/\/www.nedzink.com\/ro\/wp-json\/wp\/v2\/pages\/31000","targetHints":{"allow":["GET"]}}],"collection":[{"href":"https:\/\/www.nedzink.com\/ro\/wp-json\/wp\/v2\/pages"}],"about":[{"href":"https:\/\/www.nedzink.com\/ro\/wp-json\/wp\/v2\/types\/page"}],"author":[{"embeddable":true,"href":"https:\/\/www.nedzink.com\/ro\/wp-json\/wp\/v2\/users\/9"}],"replies":[{"embeddable":true,"href":"https:\/\/www.nedzink.com\/ro\/wp-json\/wp\/v2\/comments?post=31000"}],"version-history":[{"count":0,"href":"https:\/\/www.nedzink.com\/ro\/wp-json\/wp\/v2\/pages\/31000\/revisions"}],"up":[{"embeddable":true,"href":"https:\/\/www.nedzink.com\/ro\/wp-json\/wp\/v2\/pages\/30907"}],"wp:attachment":[{"href":"https:\/\/www.nedzink.com\/ro\/wp-json\/wp\/v2\/media?parent=31000"}],"curies":[{"name":"wp","href":"https:\/\/api.w.org\/{rel}","templated":true}]}}