{"id":30980,"date":"2019-06-04T14:55:45","date_gmt":"2019-06-04T12:55:45","guid":{"rendered":"http:\/\/136.144.181.85\/~nedzink\/info-si-sfaturi\/sistemul-de-placare-a-fatadei\/panouri-plane\/"},"modified":"2019-06-04T14:55:45","modified_gmt":"2019-06-04T12:55:45","slug":"panouri-plane","status":"publish","type":"page","link":"https:\/\/www.nedzink.com\/ro\/sistemul-de-placare-a-fatadei\/panouri-plane\/","title":{"rendered":"Panouri plane"},"content":{"rendered":"<p>Panourile rectangulare plane ofer\u0103 o solu\u0163ie de placare elegant\u0103 pentru fa\u021bade de mari dimensiuni.&nbsp; Sistemul folose\u015fte un pliu de prindere simplu pe toate cele patru p\u0103r\u0163i \u015fi poate fi instalat orizontal sau vertical. Panourile preformate sunt instalate cu cleme ascunse.<\/p>\n<p>Pentru asigurarea celei mai bune calit\u0103\u0163i \u015fi dimensiuni &icirc;n rela\u0163ie cu fa\u0163ada, panourile se pot produce personalizat.<\/p>\n<h3>Suport<\/h3>\n<p>Fa\u0163ada cu panouri plane trebuie sus\u0163inut\u0103 de o structur\u0103 din lemn, de preferat lemn de grosime 23-25 mm, f\u0103r\u0103 nut \u015fi feder. Spa\u0163iul dintre elementele de lemn trebuie s\u0103 fie de cel pu\u0163in 5 p&acirc;n\u0103 la 10 mm. Elementele pot fi a\u015fezate cu o distan\u0163\u0103 de p&acirc;n\u0103 la 100 mm, distan\u0163\u0103 determinat\u0103 de constructor.<\/p>\n<h3>Asamblare<\/h3>\n<p>Panourile rectangulare se suprapun unul peste cel\u0103lalt pe toate cele patru p\u0103r\u0163i \u015fi sunt prinse cu dispozitive de fixare ascunse \u015fi cleme. Sistemul include o gam\u0103 complet\u0103 de cleme, dispozitive de fixare, profile \u015fi elemente de &icirc;nchidere.<\/p>\n<p>Avantaje principale:&nbsp;&nbsp;&nbsp;<\/p>\n<ul>\n<li>Instalare vertical\u0103 sau orizontal\u0103<\/li>\n<li>\u00cembinare prin suprapunere cu pliu pe toate cele 4 p\u0103r\u0163i <\/li>\n<li>Prinderi ascunse <\/li>\n<li>Gam\u0103 de componente care ofer\u0103 o mare varietate de profile<\/li>\n<\/ul>\n","protected":false},"excerpt":{"rendered":"<p>Panourile rectangulare plane ofer\u0103 o solu\u0163ie de placare elegant\u0103 pentru fa\u021bade de mari dimensiuni.&nbsp; Sistemul folose\u015fte un pliu de prindere simplu pe toate cele patru p\u0103r\u0163i \u015fi poate fi instalat orizontal sau vertical. Panourile preformate sunt instalate cu cleme ascunse. Pentru asigurarea celei mai bune calit\u0103\u0163i \u015fi dimensiuni &icirc;n rela\u0163ie cu fa\u0163ada, panourile se pot [&hellip;]<\/p>\n","protected":false},"author":9,"featured_media":0,"parent":30907,"menu_order":950,"comment_status":"closed","ping_status":"closed","template":"template-import.php","meta":{"_acf_changed":false,"footnotes":""},"class_list":["post-30980","page","type-page","status-publish","hentry"],"acf":[],"yoast_head":"<!-- This site is optimized with the Yoast SEO plugin v26.8 - https:\/\/yoast.com\/product\/yoast-seo-wordpress\/ -->\n<title>Panouri plane \u2013 NedZink<\/title>\n<meta name=\"robots\" content=\"index, follow, max-snippet:-1, max-image-preview:large, max-video-preview:-1\" \/>\n<link rel=\"canonical\" href=\"https:\/\/www.nedzink.com\/ro\/sistemul-de-placare-a-fatadei\/panouri-plane\/\" \/>\n<meta property=\"og:locale\" content=\"ro_RO\" \/>\n<meta property=\"og:type\" content=\"article\" \/>\n<meta property=\"og:title\" content=\"Panouri plane \u2013 NedZink\" \/>\n<meta property=\"og:description\" content=\"Panourile rectangulare plane ofer\u0103 o solu\u0163ie de placare elegant\u0103 pentru fa\u021bade de mari dimensiuni.&nbsp; Sistemul folose\u015fte un pliu de prindere simplu pe toate cele patru p\u0103r\u0163i \u015fi poate fi instalat orizontal sau vertical. Panourile preformate sunt instalate cu cleme ascunse. Pentru asigurarea celei mai bune calit\u0103\u0163i \u015fi dimensiuni &icirc;n rela\u0163ie cu fa\u0163ada, panourile se pot [&hellip;]\" \/>\n<meta property=\"og:url\" content=\"https:\/\/www.nedzink.com\/ro\/sistemul-de-placare-a-fatadei\/panouri-plane\/\" \/>\n<meta property=\"og:site_name\" content=\"NedZink\" \/>\n<meta name=\"twitter:card\" content=\"summary_large_image\" \/>\n<meta name=\"twitter:label1\" content=\"Timp estimat pentru citire\" \/>\n\t<meta name=\"twitter:data1\" content=\"1 minut\" \/>\n<script type=\"application\/ld+json\" class=\"yoast-schema-graph\">{\"@context\":\"https:\/\/schema.org\",\"@graph\":[{\"@type\":\"WebPage\",\"@id\":\"https:\/\/www.nedzink.com\/ro\/sistemul-de-placare-a-fatadei\/panouri-plane\/\",\"url\":\"https:\/\/www.nedzink.com\/ro\/sistemul-de-placare-a-fatadei\/panouri-plane\/\",\"name\":\"Panouri plane \u2013 NedZink\",\"isPartOf\":{\"@id\":\"https:\/\/www.nedzink.com\/ro\/#website\"},\"datePublished\":\"2019-06-04T12:55:45+00:00\",\"breadcrumb\":{\"@id\":\"https:\/\/www.nedzink.com\/ro\/sistemul-de-placare-a-fatadei\/panouri-plane\/#breadcrumb\"},\"inLanguage\":\"ro-RO\",\"potentialAction\":[{\"@type\":\"ReadAction\",\"target\":[\"https:\/\/www.nedzink.com\/ro\/sistemul-de-placare-a-fatadei\/panouri-plane\/\"]}]},{\"@type\":\"BreadcrumbList\",\"@id\":\"https:\/\/www.nedzink.com\/ro\/sistemul-de-placare-a-fatadei\/panouri-plane\/#breadcrumb\",\"itemListElement\":[{\"@type\":\"ListItem\",\"position\":1,\"name\":\"Home\",\"item\":\"https:\/\/www.nedzink.com\/ro\/\"},{\"@type\":\"ListItem\",\"position\":2,\"name\":\"Sistemul de placare a fa\u0163adei\",\"item\":\"https:\/\/www.nedzink.com\/ro\/sistemul-de-placare-a-fatadei\/\"},{\"@type\":\"ListItem\",\"position\":3,\"name\":\"Panouri plane\"}]},{\"@type\":\"WebSite\",\"@id\":\"https:\/\/www.nedzink.com\/ro\/#website\",\"url\":\"https:\/\/www.nedzink.com\/ro\/\",\"name\":\"NedZink\",\"description\":\"Zink fabrikant\",\"publisher\":{\"@id\":\"https:\/\/www.nedzink.com\/ro\/#organization\"},\"potentialAction\":[{\"@type\":\"SearchAction\",\"target\":{\"@type\":\"EntryPoint\",\"urlTemplate\":\"https:\/\/www.nedzink.com\/ro\/?s={search_term_string}\"},\"query-input\":{\"@type\":\"PropertyValueSpecification\",\"valueRequired\":true,\"valueName\":\"search_term_string\"}}],\"inLanguage\":\"ro-RO\"},{\"@type\":\"Organization\",\"@id\":\"https:\/\/www.nedzink.com\/ro\/#organization\",\"name\":\"NedZink\",\"url\":\"https:\/\/www.nedzink.com\/ro\/\",\"logo\":{\"@type\":\"ImageObject\",\"inLanguage\":\"ro-RO\",\"@id\":\"https:\/\/www.nedzink.com\/ro\/#\/schema\/logo\/image\/\",\"url\":\"https:\/\/www.nedzink.com\/wp-content\/uploads\/2019\/08\/logo-nedzink_fc_zk.jpg\",\"contentUrl\":\"https:\/\/www.nedzink.com\/wp-content\/uploads\/2019\/08\/logo-nedzink_fc_zk.jpg\",\"width\":2160,\"height\":688,\"caption\":\"NedZink\"},\"image\":{\"@id\":\"https:\/\/www.nedzink.com\/ro\/#\/schema\/logo\/image\/\"}}]}<\/script>\n<!-- \/ Yoast SEO plugin. -->","yoast_head_json":{"title":"Panouri plane \u2013 NedZink","robots":{"index":"index","follow":"follow","max-snippet":"max-snippet:-1","max-image-preview":"max-image-preview:large","max-video-preview":"max-video-preview:-1"},"canonical":"https:\/\/www.nedzink.com\/ro\/sistemul-de-placare-a-fatadei\/panouri-plane\/","og_locale":"ro_RO","og_type":"article","og_title":"Panouri plane \u2013 NedZink","og_description":"Panourile rectangulare plane ofer\u0103 o solu\u0163ie de placare elegant\u0103 pentru fa\u021bade de mari dimensiuni.&nbsp; Sistemul folose\u015fte un pliu de prindere simplu pe toate cele patru p\u0103r\u0163i \u015fi poate fi instalat orizontal sau vertical. Panourile preformate sunt instalate cu cleme ascunse. Pentru asigurarea celei mai bune calit\u0103\u0163i \u015fi dimensiuni &icirc;n rela\u0163ie cu fa\u0163ada, panourile se pot [&hellip;]","og_url":"https:\/\/www.nedzink.com\/ro\/sistemul-de-placare-a-fatadei\/panouri-plane\/","og_site_name":"NedZink","twitter_card":"summary_large_image","twitter_misc":{"Timp estimat pentru citire":"1 minut"},"schema":{"@context":"https:\/\/schema.org","@graph":[{"@type":"WebPage","@id":"https:\/\/www.nedzink.com\/ro\/sistemul-de-placare-a-fatadei\/panouri-plane\/","url":"https:\/\/www.nedzink.com\/ro\/sistemul-de-placare-a-fatadei\/panouri-plane\/","name":"Panouri plane \u2013 NedZink","isPartOf":{"@id":"https:\/\/www.nedzink.com\/ro\/#website"},"datePublished":"2019-06-04T12:55:45+00:00","breadcrumb":{"@id":"https:\/\/www.nedzink.com\/ro\/sistemul-de-placare-a-fatadei\/panouri-plane\/#breadcrumb"},"inLanguage":"ro-RO","potentialAction":[{"@type":"ReadAction","target":["https:\/\/www.nedzink.com\/ro\/sistemul-de-placare-a-fatadei\/panouri-plane\/"]}]},{"@type":"BreadcrumbList","@id":"https:\/\/www.nedzink.com\/ro\/sistemul-de-placare-a-fatadei\/panouri-plane\/#breadcrumb","itemListElement":[{"@type":"ListItem","position":1,"name":"Home","item":"https:\/\/www.nedzink.com\/ro\/"},{"@type":"ListItem","position":2,"name":"Sistemul de placare a fa\u0163adei","item":"https:\/\/www.nedzink.com\/ro\/sistemul-de-placare-a-fatadei\/"},{"@type":"ListItem","position":3,"name":"Panouri plane"}]},{"@type":"WebSite","@id":"https:\/\/www.nedzink.com\/ro\/#website","url":"https:\/\/www.nedzink.com\/ro\/","name":"NedZink","description":"Zink fabrikant","publisher":{"@id":"https:\/\/www.nedzink.com\/ro\/#organization"},"potentialAction":[{"@type":"SearchAction","target":{"@type":"EntryPoint","urlTemplate":"https:\/\/www.nedzink.com\/ro\/?s={search_term_string}"},"query-input":{"@type":"PropertyValueSpecification","valueRequired":true,"valueName":"search_term_string"}}],"inLanguage":"ro-RO"},{"@type":"Organization","@id":"https:\/\/www.nedzink.com\/ro\/#organization","name":"NedZink","url":"https:\/\/www.nedzink.com\/ro\/","logo":{"@type":"ImageObject","inLanguage":"ro-RO","@id":"https:\/\/www.nedzink.com\/ro\/#\/schema\/logo\/image\/","url":"https:\/\/www.nedzink.com\/wp-content\/uploads\/2019\/08\/logo-nedzink_fc_zk.jpg","contentUrl":"https:\/\/www.nedzink.com\/wp-content\/uploads\/2019\/08\/logo-nedzink_fc_zk.jpg","width":2160,"height":688,"caption":"NedZink"},"image":{"@id":"https:\/\/www.nedzink.com\/ro\/#\/schema\/logo\/image\/"}}]}},"_links":{"self":[{"href":"https:\/\/www.nedzink.com\/ro\/wp-json\/wp\/v2\/pages\/30980","targetHints":{"allow":["GET"]}}],"collection":[{"href":"https:\/\/www.nedzink.com\/ro\/wp-json\/wp\/v2\/pages"}],"about":[{"href":"https:\/\/www.nedzink.com\/ro\/wp-json\/wp\/v2\/types\/page"}],"author":[{"embeddable":true,"href":"https:\/\/www.nedzink.com\/ro\/wp-json\/wp\/v2\/users\/9"}],"replies":[{"embeddable":true,"href":"https:\/\/www.nedzink.com\/ro\/wp-json\/wp\/v2\/comments?post=30980"}],"version-history":[{"count":0,"href":"https:\/\/www.nedzink.com\/ro\/wp-json\/wp\/v2\/pages\/30980\/revisions"}],"up":[{"embeddable":true,"href":"https:\/\/www.nedzink.com\/ro\/wp-json\/wp\/v2\/pages\/30907"}],"wp:attachment":[{"href":"https:\/\/www.nedzink.com\/ro\/wp-json\/wp\/v2\/media?parent=30980"}],"curies":[{"name":"wp","href":"https:\/\/api.w.org\/{rel}","templated":true}]}}