{"id":30970,"date":"2019-06-04T14:55:43","date_gmt":"2019-06-04T12:55:43","guid":{"rendered":"http:\/\/136.144.181.85\/~nedzink\/info-si-sfaturi\/sistemul-de-placare-a-fatadei\/casete-u-click\/"},"modified":"2019-06-04T14:55:43","modified_gmt":"2019-06-04T12:55:43","slug":"casete-u-click","status":"publish","type":"page","link":"https:\/\/www.nedzink.com\/ro\/casete-u-click\/","title":{"rendered":"Casete U-Click"},"content":{"rendered":"<p><img decoding=\"async\" src=\"https:\/\/www.nedzink.com\/wp-content\/uploads\/import\/cms\/userfiles\/images\/Facade_Systems\/kubus.jpg\" style=\"width: 280px; height: 419px; float: right; margin: 1px 10px;\" \/>Sistemul de casete &icirc;n form\u0103 de U este potrivit pentru placarea fa\u0163adelor cu materialul NedZink. Cu sistemul de casete modulare, pe l&acirc;ng\u0103 dimensiunile modelului standard de multiplu de 300 mm, este posibil\u0103 realizarea unor casete personalizate pe baz\u0103 de proiect. Sistemul este unul de casete modulare alc\u0103tuit dintr-un sistem de profile de prindere \u015fi casete, care sunt instalate &icirc;n func\u0163ie de sistemul intern de prindere \u015fi este asigurat cu prinderi fixe.<\/p>\n<h2>Descrierea tehnic\u0103<\/h2>\n<ul>\n<li>Dimensiunile caroiajului de p&acirc;n\u0103 la maxim 1800 mm<\/li>\n<li>&Icirc;mbin\u0103rile &icirc;ntre panouri sunt de 15 mm<\/li>\n<li>Sunt disponibile piese de col\u0163<\/li>\n<li>Construc\u0163ia de jos &icirc;n sus &icirc;ncepe cu un panou &icirc;ntreg la partea inferioar\u0103 \u015fi se termin\u0103 cu o pies\u0103 variabil\u0103 la partea superioar\u0103<\/li>\n<li>Grosimea panoului este de 50 mm<\/li>\n<\/ul>\n<h2>Sistemul de panouri cu casete modulare U-Click<\/h2>\n<p>Noi modalit\u0103\u0163i de utilizare a materialelor NedZink au dus la oportunit\u0103\u0163i atractive estetic pentru aplica\u0163ii ale acestui sistem de placare durabil.<\/p>\n<p>Avantajele construirii sistemului de panouri cu casete modulare &icirc;n form\u0103 de U cu click<\/p>\n<ul>\n<li>Asamblare rapid\u0103, u\u015foar\u0103 \u015fi cost eficient<\/li>\n<li>Sistem complet cu margini \u015fi col\u0163uri<\/li>\n<li>Bi-modular: Conexiuni pe toate cele 4 p\u0103r\u0163i, f\u0103r\u0103 dimensiuni prestabilite, care ofer\u0103 libertate de crea\u021bie<\/li>\n<li>Mentenan\u0163\u0103 minim\u0103, nu necesit\u0103 cur\u0103\u0163are periodic\u0103<\/li>\n<li>Ofer\u0103 valoare estetic\u0103<\/li>\n<li>Durat\u0103 lung\u0103 de via\u0163\u0103<\/li>\n<li>Valoare economic\u0103 rezidual\u0103 \u015fi reciclabil\u0103<\/li>\n<\/ul>\n<p><img decoding=\"async\" src=\"https:\/\/www.nedzink.com\/wp-content\/uploads\/import\/cms\/userfiles\/images\/Facade_Systems\/U click bevestiging.JPG\" style=\"width: 300px; height: 237px;\" \/><\/p>\n<h2>Suport<\/h2>\n<p>Sistemul de casete modulare se fixeaz\u0103 pe profile de prindere care pot fi montate pe o substructur\u0103 stabil\u0103 \u015fi plan\u0103. O caset\u0103 se fixeaz\u0103 &icirc;n \u0219uruburi pe consolele substructurii.<\/p>\n<h2>Asamblare<\/h2>\n<p>Utilizarea consolelor interioare ofer\u0103 posibilitatea asambl\u0103rii rapide, u\u015foare \u015fi eficiente. Sistemul este bi-modular, ceea ce &icirc;nseamn\u0103 conexiune pe patru p\u0103r\u0163i.<\/p>\n","protected":false},"excerpt":{"rendered":"<p>Sistemul de casete &icirc;n form\u0103 de U este potrivit pentru placarea fa\u0163adelor cu materialul NedZink. Cu sistemul de casete modulare, pe l&acirc;ng\u0103 dimensiunile modelului standard de multiplu de 300 mm, este posibil\u0103 realizarea unor casete personalizate pe baz\u0103 de proiect. Sistemul este unul de casete modulare alc\u0103tuit dintr-un sistem de profile de prindere \u015fi casete, [&hellip;]<\/p>\n","protected":false},"author":9,"featured_media":0,"parent":0,"menu_order":930,"comment_status":"closed","ping_status":"closed","template":"template-import.php","meta":{"_acf_changed":false,"footnotes":""},"class_list":["post-30970","page","type-page","status-publish","hentry"],"acf":[],"yoast_head":"<!-- This site is optimized with the Yoast SEO plugin v26.8 - https:\/\/yoast.com\/product\/yoast-seo-wordpress\/ -->\n<title>Casete U-Click \u2013 NedZink<\/title>\n<meta name=\"robots\" content=\"index, follow, max-snippet:-1, max-image-preview:large, max-video-preview:-1\" \/>\n<link rel=\"canonical\" href=\"https:\/\/www.nedzink.com\/ro\/casete-u-click\/\" \/>\n<meta property=\"og:locale\" content=\"ro_RO\" \/>\n<meta property=\"og:type\" content=\"article\" \/>\n<meta property=\"og:title\" content=\"Casete U-Click \u2013 NedZink\" \/>\n<meta property=\"og:description\" content=\"Sistemul de casete &icirc;n form\u0103 de U este potrivit pentru placarea fa\u0163adelor cu materialul NedZink. Cu sistemul de casete modulare, pe l&acirc;ng\u0103 dimensiunile modelului standard de multiplu de 300 mm, este posibil\u0103 realizarea unor casete personalizate pe baz\u0103 de proiect. Sistemul este unul de casete modulare alc\u0103tuit dintr-un sistem de profile de prindere \u015fi casete, [&hellip;]\" \/>\n<meta property=\"og:url\" content=\"https:\/\/www.nedzink.com\/ro\/casete-u-click\/\" \/>\n<meta property=\"og:site_name\" content=\"NedZink\" \/>\n<meta property=\"og:image\" content=\"https:\/\/www.nedzink.com\/wp-content\/uploads\/import\/cms\/userfiles\/images\/Facade_Systems\/kubus.jpg\" \/>\n<meta name=\"twitter:card\" content=\"summary_large_image\" \/>\n<meta name=\"twitter:label1\" content=\"Timp estimat pentru citire\" \/>\n\t<meta name=\"twitter:data1\" content=\"1 minut\" \/>\n<script type=\"application\/ld+json\" class=\"yoast-schema-graph\">{\"@context\":\"https:\/\/schema.org\",\"@graph\":[{\"@type\":\"WebPage\",\"@id\":\"https:\/\/www.nedzink.com\/ro\/casete-u-click\/\",\"url\":\"https:\/\/www.nedzink.com\/ro\/casete-u-click\/\",\"name\":\"Casete U-Click \u2013 NedZink\",\"isPartOf\":{\"@id\":\"https:\/\/www.nedzink.com\/ro\/#website\"},\"primaryImageOfPage\":{\"@id\":\"https:\/\/www.nedzink.com\/ro\/casete-u-click\/#primaryimage\"},\"image\":{\"@id\":\"https:\/\/www.nedzink.com\/ro\/casete-u-click\/#primaryimage\"},\"thumbnailUrl\":\"https:\/\/www.nedzink.com\/wp-content\/uploads\/import\/cms\/userfiles\/images\/Facade_Systems\/kubus.jpg\",\"datePublished\":\"2019-06-04T12:55:43+00:00\",\"breadcrumb\":{\"@id\":\"https:\/\/www.nedzink.com\/ro\/casete-u-click\/#breadcrumb\"},\"inLanguage\":\"ro-RO\",\"potentialAction\":[{\"@type\":\"ReadAction\",\"target\":[\"https:\/\/www.nedzink.com\/ro\/casete-u-click\/\"]}]},{\"@type\":\"ImageObject\",\"inLanguage\":\"ro-RO\",\"@id\":\"https:\/\/www.nedzink.com\/ro\/casete-u-click\/#primaryimage\",\"url\":\"https:\/\/www.nedzink.com\/wp-content\/uploads\/import\/cms\/userfiles\/images\/Facade_Systems\/kubus.jpg\",\"contentUrl\":\"https:\/\/www.nedzink.com\/wp-content\/uploads\/import\/cms\/userfiles\/images\/Facade_Systems\/kubus.jpg\"},{\"@type\":\"BreadcrumbList\",\"@id\":\"https:\/\/www.nedzink.com\/ro\/casete-u-click\/#breadcrumb\",\"itemListElement\":[{\"@type\":\"ListItem\",\"position\":1,\"name\":\"Home\",\"item\":\"https:\/\/www.nedzink.com\/ro\/\"},{\"@type\":\"ListItem\",\"position\":2,\"name\":\"Casete U-Click\"}]},{\"@type\":\"WebSite\",\"@id\":\"https:\/\/www.nedzink.com\/ro\/#website\",\"url\":\"https:\/\/www.nedzink.com\/ro\/\",\"name\":\"NedZink\",\"description\":\"Zink fabrikant\",\"publisher\":{\"@id\":\"https:\/\/www.nedzink.com\/ro\/#organization\"},\"potentialAction\":[{\"@type\":\"SearchAction\",\"target\":{\"@type\":\"EntryPoint\",\"urlTemplate\":\"https:\/\/www.nedzink.com\/ro\/?s={search_term_string}\"},\"query-input\":{\"@type\":\"PropertyValueSpecification\",\"valueRequired\":true,\"valueName\":\"search_term_string\"}}],\"inLanguage\":\"ro-RO\"},{\"@type\":\"Organization\",\"@id\":\"https:\/\/www.nedzink.com\/ro\/#organization\",\"name\":\"NedZink\",\"url\":\"https:\/\/www.nedzink.com\/ro\/\",\"logo\":{\"@type\":\"ImageObject\",\"inLanguage\":\"ro-RO\",\"@id\":\"https:\/\/www.nedzink.com\/ro\/#\/schema\/logo\/image\/\",\"url\":\"https:\/\/www.nedzink.com\/wp-content\/uploads\/2019\/08\/logo-nedzink_fc_zk.jpg\",\"contentUrl\":\"https:\/\/www.nedzink.com\/wp-content\/uploads\/2019\/08\/logo-nedzink_fc_zk.jpg\",\"width\":2160,\"height\":688,\"caption\":\"NedZink\"},\"image\":{\"@id\":\"https:\/\/www.nedzink.com\/ro\/#\/schema\/logo\/image\/\"}}]}<\/script>\n<!-- \/ Yoast SEO plugin. -->","yoast_head_json":{"title":"Casete U-Click \u2013 NedZink","robots":{"index":"index","follow":"follow","max-snippet":"max-snippet:-1","max-image-preview":"max-image-preview:large","max-video-preview":"max-video-preview:-1"},"canonical":"https:\/\/www.nedzink.com\/ro\/casete-u-click\/","og_locale":"ro_RO","og_type":"article","og_title":"Casete U-Click \u2013 NedZink","og_description":"Sistemul de casete &icirc;n form\u0103 de U este potrivit pentru placarea fa\u0163adelor cu materialul NedZink. Cu sistemul de casete modulare, pe l&acirc;ng\u0103 dimensiunile modelului standard de multiplu de 300 mm, este posibil\u0103 realizarea unor casete personalizate pe baz\u0103 de proiect. Sistemul este unul de casete modulare alc\u0103tuit dintr-un sistem de profile de prindere \u015fi casete, [&hellip;]","og_url":"https:\/\/www.nedzink.com\/ro\/casete-u-click\/","og_site_name":"NedZink","og_image":[{"url":"https:\/\/www.nedzink.com\/wp-content\/uploads\/import\/cms\/userfiles\/images\/Facade_Systems\/kubus.jpg","type":"","width":"","height":""}],"twitter_card":"summary_large_image","twitter_misc":{"Timp estimat pentru citire":"1 minut"},"schema":{"@context":"https:\/\/schema.org","@graph":[{"@type":"WebPage","@id":"https:\/\/www.nedzink.com\/ro\/casete-u-click\/","url":"https:\/\/www.nedzink.com\/ro\/casete-u-click\/","name":"Casete U-Click \u2013 NedZink","isPartOf":{"@id":"https:\/\/www.nedzink.com\/ro\/#website"},"primaryImageOfPage":{"@id":"https:\/\/www.nedzink.com\/ro\/casete-u-click\/#primaryimage"},"image":{"@id":"https:\/\/www.nedzink.com\/ro\/casete-u-click\/#primaryimage"},"thumbnailUrl":"https:\/\/www.nedzink.com\/wp-content\/uploads\/import\/cms\/userfiles\/images\/Facade_Systems\/kubus.jpg","datePublished":"2019-06-04T12:55:43+00:00","breadcrumb":{"@id":"https:\/\/www.nedzink.com\/ro\/casete-u-click\/#breadcrumb"},"inLanguage":"ro-RO","potentialAction":[{"@type":"ReadAction","target":["https:\/\/www.nedzink.com\/ro\/casete-u-click\/"]}]},{"@type":"ImageObject","inLanguage":"ro-RO","@id":"https:\/\/www.nedzink.com\/ro\/casete-u-click\/#primaryimage","url":"https:\/\/www.nedzink.com\/wp-content\/uploads\/import\/cms\/userfiles\/images\/Facade_Systems\/kubus.jpg","contentUrl":"https:\/\/www.nedzink.com\/wp-content\/uploads\/import\/cms\/userfiles\/images\/Facade_Systems\/kubus.jpg"},{"@type":"BreadcrumbList","@id":"https:\/\/www.nedzink.com\/ro\/casete-u-click\/#breadcrumb","itemListElement":[{"@type":"ListItem","position":1,"name":"Home","item":"https:\/\/www.nedzink.com\/ro\/"},{"@type":"ListItem","position":2,"name":"Casete U-Click"}]},{"@type":"WebSite","@id":"https:\/\/www.nedzink.com\/ro\/#website","url":"https:\/\/www.nedzink.com\/ro\/","name":"NedZink","description":"Zink fabrikant","publisher":{"@id":"https:\/\/www.nedzink.com\/ro\/#organization"},"potentialAction":[{"@type":"SearchAction","target":{"@type":"EntryPoint","urlTemplate":"https:\/\/www.nedzink.com\/ro\/?s={search_term_string}"},"query-input":{"@type":"PropertyValueSpecification","valueRequired":true,"valueName":"search_term_string"}}],"inLanguage":"ro-RO"},{"@type":"Organization","@id":"https:\/\/www.nedzink.com\/ro\/#organization","name":"NedZink","url":"https:\/\/www.nedzink.com\/ro\/","logo":{"@type":"ImageObject","inLanguage":"ro-RO","@id":"https:\/\/www.nedzink.com\/ro\/#\/schema\/logo\/image\/","url":"https:\/\/www.nedzink.com\/wp-content\/uploads\/2019\/08\/logo-nedzink_fc_zk.jpg","contentUrl":"https:\/\/www.nedzink.com\/wp-content\/uploads\/2019\/08\/logo-nedzink_fc_zk.jpg","width":2160,"height":688,"caption":"NedZink"},"image":{"@id":"https:\/\/www.nedzink.com\/ro\/#\/schema\/logo\/image\/"}}]}},"_links":{"self":[{"href":"https:\/\/www.nedzink.com\/ro\/wp-json\/wp\/v2\/pages\/30970","targetHints":{"allow":["GET"]}}],"collection":[{"href":"https:\/\/www.nedzink.com\/ro\/wp-json\/wp\/v2\/pages"}],"about":[{"href":"https:\/\/www.nedzink.com\/ro\/wp-json\/wp\/v2\/types\/page"}],"author":[{"embeddable":true,"href":"https:\/\/www.nedzink.com\/ro\/wp-json\/wp\/v2\/users\/9"}],"replies":[{"embeddable":true,"href":"https:\/\/www.nedzink.com\/ro\/wp-json\/wp\/v2\/comments?post=30970"}],"version-history":[{"count":0,"href":"https:\/\/www.nedzink.com\/ro\/wp-json\/wp\/v2\/pages\/30970\/revisions"}],"wp:attachment":[{"href":"https:\/\/www.nedzink.com\/ro\/wp-json\/wp\/v2\/media?parent=30970"}],"curies":[{"name":"wp","href":"https:\/\/api.w.org\/{rel}","templated":true}]}}