{"id":30960,"date":"2019-06-04T14:55:40","date_gmt":"2019-06-04T12:55:40","guid":{"rendered":"http:\/\/136.144.181.85\/~nedzink\/info-si-sfaturi\/sistemul-de-placare-a-fatadei\/panouri-cu-rost-aparent\/"},"modified":"2019-06-04T14:55:40","modified_gmt":"2019-06-04T12:55:40","slug":"panouri-cu-rost-aparent","status":"publish","type":"page","link":"https:\/\/www.nedzink.com\/ro\/sistemul-de-placare-a-fatadei\/panouri-cu-rost-aparent\/","title":{"rendered":"Panouri cu rost aparent"},"content":{"rendered":"<p>&nbsp;<\/p>\n<h2 class=\"western\">Panouri cu rost aparent<\/h2>\n<p>Sistemul de panouri cu rost aparent este potrivit pentru placarea fa\u0163adei \u015fi poate fi instalat at\u00e2t vertical c\u00e2t \u015fi orizontal. Sistemul const\u0103 \u00een foi de zinc profilate, cu l\u0103\u0163imi variabile \u00eentre 200-333 mm. Profilele sistemului de panouri cu rost aparent sunt asamblate \u00een a\u015fa mod \u00eenc\u00e2t \u00eembin\u0103rile create r\u0103m\u00e2n vizibile. Sistemul de panouri cu rost aparent este conectat prin nut \u015fi feder. Dimensiunile panourilor \u015fi ale \u00eembin\u0103rilor sunt variabile, de asemenea \u015fi lungimile panourilor cu rost aparent. L\u0103\u0163imea panoului poate fi de maxim 300 p\u00e2n\u0103 la 333mm. L\u0103\u0163imea este redus\u0103 la 200 mm pentru aplica\u0163ii \u00een zona de coast\u0103 \u015fi la \u00een\u0103l\u021bimi mari ale cl\u0103dirilor (> 25 metri.<\/p>\n<p>\u00cen general sistemul se aplic\u0103 cu o gosime de material de 1.0 mm. Exist\u0103 o solu\u0163ie standard disponibil\u0103 pentru majoritatea conexiunilor, cum  e cazul col\u0163urilor interioare \u015fi exterioare. Sunt disponibile \u0219i profile diferite, precum col\u0163arele, \u00eembin\u0103rile sau profile cu picur\u0103tor.<\/p>\n<h2>Aria de aplicare<\/h2>\n<p>Profilul ofer\u0103 posibilitatea plac\u0103rii rapide \u015fi u\u015foare cu NedZink NTZ\u00ae, datorit\u0103 folosirii panourilor prefabricate. Panourile pre-profilate sunt livrate \u00een \u015fantier, apoi sunt prinse de substructura fa\u0163adei.<\/p>\n<h2>Suport<\/h2>\n<p>Fa\u0163ada cu panouri cu rost aparent trebuie sus\u0163inut\u0103 de o substructur\u0103 de lemn, de preferat lemn de grosime 23 &#8211; 25 mm f\u0103r\u0103 nut \u015fi feder. Spa\u0163iul \u00eentre elementele din lemn trebuie s\u0103 fie de cel pu\u0163in 5 p\u00e2n\u0103 la 10 mm. Elementele pot fi a\u015fezate cu o distan\u0163\u0103 de p\u00e2n\u0103 la 100 mm, distan\u0163\u0103 determinat\u0103 de constructor. <\/p>\n<h2>Asamblare<\/h2>\n<p>Panourile profilate sunt prinse de stratul suport din lemn, folosind de preferat \u015furuburi din o\u0163el galvanizat. \u00cen func\u0163ie de tipul profilului de panou, un rost aparent este creat \u00eentre diferitele p\u0103r\u0163i, care poate fi de 5 \u015fi de 10 mm l\u0103\u0163ime. Lungimea profilului este de maxim 5000 mm. Pentru lungimi mai mari de 4000 mm, se recomand\u0103 crearea unor g\u0103uri crestate pentru a prelua schimb\u0103rile de dimensiune ale zincului.<\/p>\n","protected":false},"excerpt":{"rendered":"<p>&nbsp; Panouri cu rost aparent Sistemul de panouri cu rost aparent este potrivit pentru placarea fa\u0163adei \u015fi poate fi instalat at\u00e2t vertical c\u00e2t \u015fi orizontal. Sistemul const\u0103 \u00een foi de zinc profilate, cu l\u0103\u0163imi variabile \u00eentre 200-333 mm. Profilele sistemului de panouri cu rost aparent sunt asamblate \u00een a\u015fa mod \u00eenc\u00e2t \u00eembin\u0103rile create r\u0103m\u00e2n vizibile. [&hellip;]<\/p>\n","protected":false},"author":9,"featured_media":0,"parent":30907,"menu_order":920,"comment_status":"closed","ping_status":"closed","template":"template-import.php","meta":{"_acf_changed":false,"footnotes":""},"class_list":["post-30960","page","type-page","status-publish","hentry"],"acf":[],"yoast_head":"<!-- This site is optimized with the Yoast SEO plugin v26.8 - https:\/\/yoast.com\/product\/yoast-seo-wordpress\/ -->\n<title>Panouri cu rost aparent \u2013 NedZink<\/title>\n<meta name=\"robots\" content=\"index, follow, max-snippet:-1, max-image-preview:large, max-video-preview:-1\" \/>\n<link rel=\"canonical\" href=\"https:\/\/www.nedzink.com\/ro\/sistemul-de-placare-a-fatadei\/panouri-cu-rost-aparent\/\" \/>\n<meta property=\"og:locale\" content=\"ro_RO\" \/>\n<meta property=\"og:type\" content=\"article\" \/>\n<meta property=\"og:title\" content=\"Panouri cu rost aparent \u2013 NedZink\" \/>\n<meta property=\"og:description\" content=\"&nbsp; Panouri cu rost aparent Sistemul de panouri cu rost aparent este potrivit pentru placarea fa\u0163adei \u015fi poate fi instalat at\u00e2t vertical c\u00e2t \u015fi orizontal. Sistemul const\u0103 \u00een foi de zinc profilate, cu l\u0103\u0163imi variabile \u00eentre 200-333 mm. Profilele sistemului de panouri cu rost aparent sunt asamblate \u00een a\u015fa mod \u00eenc\u00e2t \u00eembin\u0103rile create r\u0103m\u00e2n vizibile. [&hellip;]\" \/>\n<meta property=\"og:url\" content=\"https:\/\/www.nedzink.com\/ro\/sistemul-de-placare-a-fatadei\/panouri-cu-rost-aparent\/\" \/>\n<meta property=\"og:site_name\" content=\"NedZink\" \/>\n<meta name=\"twitter:card\" content=\"summary_large_image\" \/>\n<meta name=\"twitter:label1\" content=\"Timp estimat pentru citire\" \/>\n\t<meta name=\"twitter:data1\" content=\"2 minute\" \/>\n<script type=\"application\/ld+json\" class=\"yoast-schema-graph\">{\"@context\":\"https:\/\/schema.org\",\"@graph\":[{\"@type\":\"WebPage\",\"@id\":\"https:\/\/www.nedzink.com\/ro\/sistemul-de-placare-a-fatadei\/panouri-cu-rost-aparent\/\",\"url\":\"https:\/\/www.nedzink.com\/ro\/sistemul-de-placare-a-fatadei\/panouri-cu-rost-aparent\/\",\"name\":\"Panouri cu rost aparent \u2013 NedZink\",\"isPartOf\":{\"@id\":\"https:\/\/www.nedzink.com\/ro\/#website\"},\"datePublished\":\"2019-06-04T12:55:40+00:00\",\"breadcrumb\":{\"@id\":\"https:\/\/www.nedzink.com\/ro\/sistemul-de-placare-a-fatadei\/panouri-cu-rost-aparent\/#breadcrumb\"},\"inLanguage\":\"ro-RO\",\"potentialAction\":[{\"@type\":\"ReadAction\",\"target\":[\"https:\/\/www.nedzink.com\/ro\/sistemul-de-placare-a-fatadei\/panouri-cu-rost-aparent\/\"]}]},{\"@type\":\"BreadcrumbList\",\"@id\":\"https:\/\/www.nedzink.com\/ro\/sistemul-de-placare-a-fatadei\/panouri-cu-rost-aparent\/#breadcrumb\",\"itemListElement\":[{\"@type\":\"ListItem\",\"position\":1,\"name\":\"Home\",\"item\":\"https:\/\/www.nedzink.com\/ro\/\"},{\"@type\":\"ListItem\",\"position\":2,\"name\":\"Sistemul de placare a fa\u0163adei\",\"item\":\"https:\/\/www.nedzink.com\/ro\/sistemul-de-placare-a-fatadei\/\"},{\"@type\":\"ListItem\",\"position\":3,\"name\":\"Panouri cu rost aparent\"}]},{\"@type\":\"WebSite\",\"@id\":\"https:\/\/www.nedzink.com\/ro\/#website\",\"url\":\"https:\/\/www.nedzink.com\/ro\/\",\"name\":\"NedZink\",\"description\":\"Zink fabrikant\",\"publisher\":{\"@id\":\"https:\/\/www.nedzink.com\/ro\/#organization\"},\"potentialAction\":[{\"@type\":\"SearchAction\",\"target\":{\"@type\":\"EntryPoint\",\"urlTemplate\":\"https:\/\/www.nedzink.com\/ro\/?s={search_term_string}\"},\"query-input\":{\"@type\":\"PropertyValueSpecification\",\"valueRequired\":true,\"valueName\":\"search_term_string\"}}],\"inLanguage\":\"ro-RO\"},{\"@type\":\"Organization\",\"@id\":\"https:\/\/www.nedzink.com\/ro\/#organization\",\"name\":\"NedZink\",\"url\":\"https:\/\/www.nedzink.com\/ro\/\",\"logo\":{\"@type\":\"ImageObject\",\"inLanguage\":\"ro-RO\",\"@id\":\"https:\/\/www.nedzink.com\/ro\/#\/schema\/logo\/image\/\",\"url\":\"https:\/\/www.nedzink.com\/wp-content\/uploads\/2019\/08\/logo-nedzink_fc_zk.jpg\",\"contentUrl\":\"https:\/\/www.nedzink.com\/wp-content\/uploads\/2019\/08\/logo-nedzink_fc_zk.jpg\",\"width\":2160,\"height\":688,\"caption\":\"NedZink\"},\"image\":{\"@id\":\"https:\/\/www.nedzink.com\/ro\/#\/schema\/logo\/image\/\"}}]}<\/script>\n<!-- \/ Yoast SEO plugin. -->","yoast_head_json":{"title":"Panouri cu rost aparent \u2013 NedZink","robots":{"index":"index","follow":"follow","max-snippet":"max-snippet:-1","max-image-preview":"max-image-preview:large","max-video-preview":"max-video-preview:-1"},"canonical":"https:\/\/www.nedzink.com\/ro\/sistemul-de-placare-a-fatadei\/panouri-cu-rost-aparent\/","og_locale":"ro_RO","og_type":"article","og_title":"Panouri cu rost aparent \u2013 NedZink","og_description":"&nbsp; Panouri cu rost aparent Sistemul de panouri cu rost aparent este potrivit pentru placarea fa\u0163adei \u015fi poate fi instalat at\u00e2t vertical c\u00e2t \u015fi orizontal. Sistemul const\u0103 \u00een foi de zinc profilate, cu l\u0103\u0163imi variabile \u00eentre 200-333 mm. Profilele sistemului de panouri cu rost aparent sunt asamblate \u00een a\u015fa mod \u00eenc\u00e2t \u00eembin\u0103rile create r\u0103m\u00e2n vizibile. [&hellip;]","og_url":"https:\/\/www.nedzink.com\/ro\/sistemul-de-placare-a-fatadei\/panouri-cu-rost-aparent\/","og_site_name":"NedZink","twitter_card":"summary_large_image","twitter_misc":{"Timp estimat pentru citire":"2 minute"},"schema":{"@context":"https:\/\/schema.org","@graph":[{"@type":"WebPage","@id":"https:\/\/www.nedzink.com\/ro\/sistemul-de-placare-a-fatadei\/panouri-cu-rost-aparent\/","url":"https:\/\/www.nedzink.com\/ro\/sistemul-de-placare-a-fatadei\/panouri-cu-rost-aparent\/","name":"Panouri cu rost aparent \u2013 NedZink","isPartOf":{"@id":"https:\/\/www.nedzink.com\/ro\/#website"},"datePublished":"2019-06-04T12:55:40+00:00","breadcrumb":{"@id":"https:\/\/www.nedzink.com\/ro\/sistemul-de-placare-a-fatadei\/panouri-cu-rost-aparent\/#breadcrumb"},"inLanguage":"ro-RO","potentialAction":[{"@type":"ReadAction","target":["https:\/\/www.nedzink.com\/ro\/sistemul-de-placare-a-fatadei\/panouri-cu-rost-aparent\/"]}]},{"@type":"BreadcrumbList","@id":"https:\/\/www.nedzink.com\/ro\/sistemul-de-placare-a-fatadei\/panouri-cu-rost-aparent\/#breadcrumb","itemListElement":[{"@type":"ListItem","position":1,"name":"Home","item":"https:\/\/www.nedzink.com\/ro\/"},{"@type":"ListItem","position":2,"name":"Sistemul de placare a fa\u0163adei","item":"https:\/\/www.nedzink.com\/ro\/sistemul-de-placare-a-fatadei\/"},{"@type":"ListItem","position":3,"name":"Panouri cu rost aparent"}]},{"@type":"WebSite","@id":"https:\/\/www.nedzink.com\/ro\/#website","url":"https:\/\/www.nedzink.com\/ro\/","name":"NedZink","description":"Zink fabrikant","publisher":{"@id":"https:\/\/www.nedzink.com\/ro\/#organization"},"potentialAction":[{"@type":"SearchAction","target":{"@type":"EntryPoint","urlTemplate":"https:\/\/www.nedzink.com\/ro\/?s={search_term_string}"},"query-input":{"@type":"PropertyValueSpecification","valueRequired":true,"valueName":"search_term_string"}}],"inLanguage":"ro-RO"},{"@type":"Organization","@id":"https:\/\/www.nedzink.com\/ro\/#organization","name":"NedZink","url":"https:\/\/www.nedzink.com\/ro\/","logo":{"@type":"ImageObject","inLanguage":"ro-RO","@id":"https:\/\/www.nedzink.com\/ro\/#\/schema\/logo\/image\/","url":"https:\/\/www.nedzink.com\/wp-content\/uploads\/2019\/08\/logo-nedzink_fc_zk.jpg","contentUrl":"https:\/\/www.nedzink.com\/wp-content\/uploads\/2019\/08\/logo-nedzink_fc_zk.jpg","width":2160,"height":688,"caption":"NedZink"},"image":{"@id":"https:\/\/www.nedzink.com\/ro\/#\/schema\/logo\/image\/"}}]}},"_links":{"self":[{"href":"https:\/\/www.nedzink.com\/ro\/wp-json\/wp\/v2\/pages\/30960","targetHints":{"allow":["GET"]}}],"collection":[{"href":"https:\/\/www.nedzink.com\/ro\/wp-json\/wp\/v2\/pages"}],"about":[{"href":"https:\/\/www.nedzink.com\/ro\/wp-json\/wp\/v2\/types\/page"}],"author":[{"embeddable":true,"href":"https:\/\/www.nedzink.com\/ro\/wp-json\/wp\/v2\/users\/9"}],"replies":[{"embeddable":true,"href":"https:\/\/www.nedzink.com\/ro\/wp-json\/wp\/v2\/comments?post=30960"}],"version-history":[{"count":0,"href":"https:\/\/www.nedzink.com\/ro\/wp-json\/wp\/v2\/pages\/30960\/revisions"}],"up":[{"embeddable":true,"href":"https:\/\/www.nedzink.com\/ro\/wp-json\/wp\/v2\/pages\/30907"}],"wp:attachment":[{"href":"https:\/\/www.nedzink.com\/ro\/wp-json\/wp\/v2\/media?parent=30960"}],"curies":[{"name":"wp","href":"https:\/\/api.w.org\/{rel}","templated":true}]}}