{"id":30887,"date":"2019-06-04T14:55:13","date_gmt":"2019-06-04T12:55:13","guid":{"rendered":"http:\/\/136.144.181.85\/~nedzink\/info-si-sfaturi\/sisteme-de-acoperis\/faltul-pe-sipca-din-lemn\/"},"modified":"2019-06-04T14:55:13","modified_gmt":"2019-06-04T12:55:13","slug":"faltul-pe-sipca-din-lemn","status":"publish","type":"page","link":"https:\/\/www.nedzink.com\/ro\/sisteme-de-acoperis\/faltul-pe-sipca-din-lemn\/","title":{"rendered":"Fal\u021bul pe \u0219ipc\u0103 din lemn"},"content":{"rendered":"<div>\n<h1 class=\"western\"><font size=\"5\" style=\"font-size: 18pt\">Sistemul de &icirc;nvelitoare cu \u015fipc\u0103 din lemn pentru acoperi\u0219uri \u015fi fa\u0163ade<\/font><\/h1>\n<div class=\"contentStyle\" style=\"margin: 10px 0px 10px 0px;\">\n<h1>&nbsp;<img decoding=\"async\" border=\"0\" src=\"https:\/\/www.nedzink.com\/wp-content\/uploads\/import\/cms\/userfiles\/images\/tz8abb01_english.jpg\" \/><\/h1>\n<p><img decoding=\"async\" border=\"0\" src=\"https:\/\/www.nedzink.com\/wp-content\/uploads\/import\/cms\/userfiles\/images\/tz8abb02_english.jpg\" \/><\/p>\n<h2>Fal\u021bul pe \u0219ipc\u0103<\/h2>\n<h3>Aplicare<\/h3>\n<p>Sistemul cu fal\u021b pe \u015fipc\u0103 este potrivit pentru acoperi\u015furi de dimensiuni mari \u015fi mici cu o pant\u0103 de cel pu\u0163in 3\u2070, dar \u015fi pentru fa\u0163ade. Sistemul standard de prindere pe \u015fipc\u0103 realizat cu titan-zinc NedZink const\u0103 &icirc;n panouri din tabl\u0103 cu margini ridicate de ambele p\u0103r\u0163i \u015fi separate de un element trapezoidal din lemn. Pentru acoperirea \u0219ipcilor trapezoidale din lemn, se confec\u021bioneaz\u0103 capace. Aceast\u0103 metod\u0103 ofer\u0103 acoperi\u015fului un aspect durabil \u015fi robust. Fig. 1 \u015fi 2 arat\u0103 o sec\u0163iune transversal\u0103 prin acest sistem. Grosimea titan-zincului depinde de l\u0103\u0163imea foii \u015fi &icirc;n\u0103l\u0163imea acoperi\u015fului (vezi tabelul din fig. 3).<\/p>\n<h2>Acoperi\u015ful cu &icirc;nvelitoare pe \u015fipc\u0103<\/h2>\n<p>Specifica\u0163iile componentelor standard.<\/p>\n<table border=\"0\" cellpadding=\"1\" cellspacing=\"1\" style=\"WIDTH: 100%\">\n<tbody>\n<tr>\n<td style=\"VERTICAL-ALIGN: top\">\n<p><strong>Foaia standard pentru sistemul cu \u015fipc\u0103<\/strong><\/p>\n<p>L\u0103\u0163ime<\/p>\n<p>&nbsp;<\/p>\n<p>Lungime<\/p>\n<p>Grosimea materialului<\/p>\n<\/td>\n<td>\n<p>(fig. 4)<\/p>\n<p>Maxim 890 mm cu 2 margini ridicate la minim 55mm fiecare.<br \/>\n\t\t\tDesfa\u0219urat\u0103 maxim\u0103 1000 mm<\/p>\n<p>3000 mm<\/p>\n<p>0.80 &#8211; 1.0 mm<\/p>\n<\/td>\n<td>\n<p align=\"center\"><img loading=\"lazy\" decoding=\"async\" border=\"0\" height=\"23\" src=\"https:\/\/www.nedzink.com\/wp-content\/uploads\/import\/cms\/userfiles\/images\/42_roefbaan.jpg\" style=\"WIDTH: 122px; HEIGHT: 18px\" width=\"220\" \/><\/p>\n<\/td>\n<\/tr>\n<tr>\n<td>&nbsp;&nbsp;&nbsp;<\/td>\n<td>&nbsp;<\/td>\n<td>&nbsp;<\/td>\n<\/tr>\n<tr>\n<td>\n<p><strong>Capac standard<\/strong><\/p>\n<p>Sec\u0163iune transversal\u0103<\/p>\n<p>Lungime<\/p>\n<p>material thickness<\/p>\n<\/td>\n<td>\n<p>(fig. 5)<\/p>\n<p>65 x 25 mm<\/p>\n<p>3000 mm<\/p>\n<p>0.80 &#8211; 1.0 mm<\/p>\n<\/td>\n<td>\n<p align=\"center\"><img decoding=\"async\" border=\"0\" src=\"https:\/\/www.nedzink.com\/wp-content\/uploads\/import\/cms\/userfiles\/images\/42_roefkap.jpg\" \/><\/p>\n<\/td>\n<\/tr>\n<tr>\n<td>&nbsp;<\/td>\n<td>&nbsp;<\/td>\n<td>&nbsp;<\/td>\n<\/tr>\n<tr>\n<td>\n<p><strong>\u015eor\u0163ul de strea\u015fin\u0103<\/strong><\/p>\n<p>L\u0103\u0163ime<\/p>\n<p>Grosimea materialului<\/p>\n<p>\u015eor\u0163ul de strea\u015fin\u0103 este confec\u021bionat de c\u0103tre tinichigiu.<\/p>\n<\/td>\n<td>\n<p>(fig. 6)<\/p>\n<p>330 mm<\/p>\n<p>La fel ca la capac<\/p>\n<p>&nbsp;<\/p>\n<p>&nbsp;<\/p>\n<\/td>\n<td>\n<p align=\"center\"><img decoding=\"async\" border=\"0\" src=\"https:\/\/www.nedzink.com\/wp-content\/uploads\/import\/cms\/userfiles\/images\/42_roefaansluiting.jpg\" \/><\/p>\n<\/td>\n<\/tr>\n<tr>\n<td>&nbsp;<\/td>\n<td>&nbsp;<\/td>\n<td>&nbsp;<\/td>\n<\/tr>\n<tr>\n<td>\n<p><strong>Cleme<\/strong><\/p>\n<p>L\u0103\u0163ime<\/p>\n<p>Lungime<\/p>\n<p>Grosimea materialului<\/p>\n<\/td>\n<td>\n<p>50 mm<\/p>\n<p>&gt; 220 mm<\/p>\n<p>La fel ca la capac<\/p>\n<p>&nbsp;<\/p>\n<\/td>\n<td>\n<p align=\"center\"><img decoding=\"async\" border=\"0\" src=\"https:\/\/www.nedzink.com\/wp-content\/uploads\/import\/cms\/userfiles\/images\/42_streifenhafte.jpg\" \/><\/p>\n<\/td>\n<\/tr>\n<\/tbody>\n<\/table>\n<p>Aceste cleme sunt confec\u021bionate de c\u0103tre tinichigiu. Lungimea trebuie s\u0103 aib\u0103 un mic exces, pentru a putea fi t\u0103iat\u0103 la dimensiunea exact\u0103 &icirc;n timpul montajului (vezi de asemenea sec\u0163iunea &#39;Asamblare&#39; ).<\/p>\n<table border=\"0\" cellpadding=\"1\" cellspacing=\"1\" height=\"98\" width=\"944\">\n<tbody>\n<tr>\n<td>\n<p>\u015eipca de lemn (fig. 7)<\/p>\n<p>Ob\u0163inut\u0103 de la furnizorii de lemn.<\/p>\n<p>Aceste \u015fipci trebuie s\u0103 fie drepte \u015fi dimensionate cu acurate\u0163e.<\/p>\n<p>Sec\u0163iunea transversal\u0103 trapezoidal\u0103 permite dilatarea termic\u0103 a panoului de tabl\u0103.<\/p>\n<\/td>\n<td>\n<p align=\"center\"><img decoding=\"async\" border=\"0\" src=\"https:\/\/www.nedzink.com\/wp-content\/uploads\/import\/cms\/userfiles\/images\/42_holzleiste.jpg\" \/><\/p>\n<p align=\"center\">&nbsp;<\/p>\n<\/td>\n<\/tr>\n<\/tbody>\n<\/table>\n<h3>Cerin\u0163e speciale<\/h3>\n<p>La cerere se pot furniza profile de conexiune, capace atipice \u0219i panouri pre-profilate.<\/p>\n<p><img decoding=\"async\" border=\"0\" src=\"https:\/\/www.nedzink.com\/wp-content\/uploads\/import\/cms\/userfiles\/images\/tz8abb06_english.jpg\" \/><img decoding=\"async\" border=\"0\" src=\"https:\/\/www.nedzink.com\/wp-content\/uploads\/import\/cms\/userfiles\/images\/tz8abb07_english.jpg\" \/><\/p>\n<h2 class=\"western\">Substructura<\/h2>\n<p>Sistemul cu fal\u021b pe \u015fipc\u0103 este sus\u0163inut complet de astereal\u0103 din lemn, de preferat din sc&acirc;nduri rindeluite (f\u0103r\u0103 nut \u015fi feder), cu o grosime de 20-25 mm. C&acirc;nd panta acopei\u015fului este mai mic\u0103 de 40\u2070, sc&acirc;ndurile din lemn sunt a\u0219ezate la o distan\u0163\u0103 &icirc;ntre ele de cel pu\u0163in 5 mm. Dac\u0103 panta este mai mare de 40\u2070, atunci sc&acirc;ndurile din lemn pot fi a\u015fezate la o distan\u0163\u0103 de cel mult 10 cm. &Icirc;mbin\u0103rile &icirc;ntre panourile de titan-zinc trebuie s\u0103 fie sus\u0163inute de elementele de lemn.<\/p>\n<p><em>Ventila\u0163ia: Acoperi\u015furile cu izola\u0163ie termic\u0103 trebuie s\u0103 aib\u0103 un spa\u0163iu de ventilare care s\u0103 permit\u0103 circula\u0163ia liber\u0103 a aerului sub astereala pe care este instalat\u0103 &icirc;nvelitoarea. Vezi Manualul Tehnic NedZink TZ 5. <\/em><\/p>\n<p><img decoding=\"async\" border=\"0\" src=\"https:\/\/www.nedzink.com\/wp-content\/uploads\/import\/cms\/userfiles\/images\/tz8abb9a_english.jpg\" \/><\/p>\n<p><img decoding=\"async\" border=\"0\" src=\"https:\/\/www.nedzink.com\/wp-content\/uploads\/import\/cms\/userfiles\/images\/tz8abb9b_english.jpg\" \/><\/p>\n<p><img decoding=\"async\" border=\"0\" src=\"https:\/\/www.nedzink.com\/wp-content\/uploads\/import\/cms\/userfiles\/images\/tz8abb9c_english.jpg\" \/><\/p>\n<h2 class=\"western\">Asamblare<\/h2>\n<p>Clemele trebuie ata\u015fate de \u015fipca din lemn ca &icirc;n fig. 8. Num\u0103rul de cleme \u015fi distan\u0163a maxim\u0103 dintre ele sunt date &icirc;n tabelul din fig. 3. \u015eipcile din lemn sunt fixate cu grij\u0103 de astereal\u0103 &icirc;n punctele marcate, cu partea &icirc;ngust\u0103 &icirc;n jos, de preferat cu \u015furuburi din o\u0163el galvanizat. Distan\u0163a dintre aceste \u015fipci trebuie verificat\u0103 folosind un panou de acoperi\u015f sau un \u015fablon.<\/p>\n<p>\u0218or\u0163ul de strea\u015fin\u0103 cu care trebuie &icirc;mbinat primul panou al acoperi\u015fului trebuie instalat &icirc;ntre \u015fipc\u0103 \u015fi astereal\u0103 \u015fi prins &icirc;n cuie sau \u0219uruburi (vezi fig. 9b \u015fi 9c). \u015eor\u0163ul de strea\u015fin\u0103 trebuie aliniat corect.<\/p>\n<p>Primul panou este ag\u0103\u021bat de \u015for\u0163ul de strea\u015fin\u0103. Marginile inferioare ale primului panou sunt &icirc;ndoite la unghiul acoperi\u015fului. Lungimea uzual\u0103 a primului panou este de 1 &#8211; 1.5m. Toate aceste panouri pot fi confec\u021bionate &icirc;n prealabil la atelier. Fig. 9a, 9b \u015fi 9c ilustreaz\u0103 cum panourile sunt finisate \u015fi asamblate la strea\u0219in\u0103. Se va continua pozi\u021bionarea celorlalte panouri &icirc;ntre strea\u015fin\u0103 \u015fi coam\u0103. Panourile trebuie &icirc;mbinate printr-un fal\u021b transversal sau prin cositorire, ca &icirc;n fig. 10. Un panou continuu sau din segmente cositorite nu trebuie s\u0103 dep\u0103\u015feasc\u0103 10 m lungime pentru a permite mi\u015fcarea termic\u0103.<\/p>\n<p><img decoding=\"async\" border=\"0\" src=\"https:\/\/www.nedzink.com\/wp-content\/uploads\/import\/cms\/userfiles\/images\/tz8abb10_english.jpg\" \/><\/p>\n<p><img decoding=\"async\" border=\"0\" src=\"https:\/\/www.nedzink.com\/wp-content\/uploads\/import\/cms\/userfiles\/images\/tz8abb11_english.jpg\" \/><\/p>\n<p><img decoding=\"async\" border=\"0\" src=\"https:\/\/www.nedzink.com\/wp-content\/uploads\/import\/cms\/userfiles\/images\/tz8abb12_english.jpg\" \/><\/p>\n<p>Sunt necesare cleme fixe pentru prinderea panourilor, astfel &icirc;nc&acirc;t acestea s\u0103 nu alunece. Zona de amplasare a clemelor fixe se stabile\u0219te &icirc;n func\u021bie de panta acoperi\u015fului (vezi fig. 11). Trebuie s\u0103 fie cel pu\u0163in trei cleme fixe pe o zona de cel pu\u021bin 1 metru, ca &icirc;n fig. 11. Se realizeaz\u0103 un decupaj de aproximativ 3 mm &icirc;n partea ridicat\u0103 a panoului de &icirc;nvelitoare &icirc;n zona clemelor fixe (vezi fig. 2). Clema poate fi &icirc;ntoars\u0103 &icirc;n acest decupaj, prevenind astfel alunecarea foii de zinc. Clemele r\u0103mase vor fi utilizate drept cleme mobile.<\/p>\n<p>Conexiunea la coam\u0103 (vezi fig. 12a \u015fi 12b). Pentru &icirc;nceput, partea superioar\u0103 a panoului trebuie format\u0103 ca &icirc;n fig. 12a, dup\u0103 care fiecare panou este amplasat pe pozi\u0163ie. Panoul superior care &icirc;nt&acirc;lne\u015fte coama poate \u0163ine rolul de panou de ajustare, poate avea o lungime de 1-1.5 m \u015fi poate fi realizat &icirc;n atelier.<\/p>\n<p>Conexiunea cu \u015fipca unei coame &icirc;nclinate se face &icirc;n mod similar, cu men\u021biunea c\u0103 decupajul t\u0103ieturii este oblic, pe l&acirc;ng\u0103 \u0219ipca de coam\u0103 &icirc;nclinat\u0103. Clemele vor fi &icirc;ntoarse peste partea ridicat\u0103 a panoului \u015fi t\u0103iate la o lungime de 22 mm fa\u021b\u0103 de marginea superioar\u0103 a \u015fipcii. Acest lucru permite &icirc;mpingerea &icirc;n sus a \u015fipcii. Capacele \u015fipcii sunt &icirc;mpinse &icirc;n sus de la o clem\u0103 la alta. Locul &icirc;n care capacul \u015fipcii este prins de \u015fipc\u0103 variaz\u0103 &icirc;n func\u0163ie de panta acoperi\u015fului. (vezi fig.11). Capacele pot fi &icirc;mbinate &icirc;mpreun\u0103 pe o lungime maxim\u0103 de 10 metri. Piesa de leg\u0103tur\u0103 cu coama se va cositori de capacul coamei (vezi fig. 12b).<br \/>\nLa strea\u015fin\u0103, capacul de \u0219ipc\u0103 este finisat ca &icirc;n fig 9c. O pies\u0103 de &icirc;nchidere este &icirc;mbinat\u0103 sau cositorit\u0103 de capacul \u0219ipcii \u015fi este prins\u0103 de marginea \u015for\u0163ului de strea\u0219in\u0103. Aceast\u0103 pies\u0103 de &icirc;nchidere nu trebuie cositorit\u0103 de panourile &icirc;nvecinate. Acela\u015fi lucru se aplic\u0103 foilor amplasate al\u0103turat una de alta.<\/p>\n<h2 class=\"western\">Placarea fa\u0163adelor<\/h2>\n<p>De asemenea este necesar un spa\u0163iu de ventilare. P\u0103r\u0163ile ridicate ale foilor trebuie s\u0103 fie &icirc;ntoarse pentru a &icirc;mbun\u0103t\u0103\u021bi comportamentul la factorii externi (vezi fig. 13).<\/p>\n<p><img decoding=\"async\" src=\"https:\/\/www.nedzink.com\/wp-content\/uploads\/import\/cms\/userfiles\/images\/tz8abb13_english.jpg\" style=\"border-width: 0px; border-style: solid;\" \/><\/p>\n<\/div>\n<\/div>\n","protected":false},"excerpt":{"rendered":"<p>Sistemul de &icirc;nvelitoare cu \u015fipc\u0103 din lemn pentru acoperi\u0219uri \u015fi fa\u0163ade &nbsp; Fal\u021bul pe \u0219ipc\u0103 Aplicare Sistemul cu fal\u021b pe \u015fipc\u0103 este potrivit pentru acoperi\u015furi de dimensiuni mari \u015fi mici cu o pant\u0103 de cel pu\u0163in 3\u2070, dar \u015fi pentru fa\u0163ade. Sistemul standard de prindere pe \u015fipc\u0103 realizat cu titan-zinc NedZink const\u0103 &icirc;n panouri din [&hellip;]<\/p>\n","protected":false},"author":9,"featured_media":0,"parent":30857,"menu_order":820,"comment_status":"closed","ping_status":"closed","template":"template-import.php","meta":{"_acf_changed":false,"footnotes":""},"class_list":["post-30887","page","type-page","status-publish","hentry"],"acf":[],"yoast_head":"<!-- This site is optimized with the Yoast SEO plugin v26.8 - https:\/\/yoast.com\/product\/yoast-seo-wordpress\/ -->\n<title>Fal\u021bul pe \u0219ipc\u0103 din lemn &#8211; NedZink<\/title>\n<meta name=\"robots\" content=\"index, follow, max-snippet:-1, max-image-preview:large, max-video-preview:-1\" \/>\n<link rel=\"canonical\" href=\"https:\/\/www.nedzink.com\/ro\/sisteme-de-acoperis\/faltul-pe-sipca-din-lemn\/\" \/>\n<meta property=\"og:locale\" content=\"ro_RO\" \/>\n<meta property=\"og:type\" content=\"article\" \/>\n<meta property=\"og:title\" content=\"Fal\u021bul pe \u0219ipc\u0103 din lemn &#8211; NedZink\" \/>\n<meta property=\"og:description\" content=\"Sistemul de &icirc;nvelitoare cu \u015fipc\u0103 din lemn pentru acoperi\u0219uri \u015fi fa\u0163ade &nbsp; Fal\u021bul pe \u0219ipc\u0103 Aplicare Sistemul cu fal\u021b pe \u015fipc\u0103 este potrivit pentru acoperi\u015furi de dimensiuni mari \u015fi mici cu o pant\u0103 de cel pu\u0163in 3\u2070, dar \u015fi pentru fa\u0163ade. Sistemul standard de prindere pe \u015fipc\u0103 realizat cu titan-zinc NedZink const\u0103 &icirc;n panouri din [&hellip;]\" \/>\n<meta property=\"og:url\" content=\"https:\/\/www.nedzink.com\/ro\/sisteme-de-acoperis\/faltul-pe-sipca-din-lemn\/\" \/>\n<meta property=\"og:site_name\" content=\"NedZink\" \/>\n<meta property=\"og:image\" content=\"https:\/\/www.nedzink.com\/wp-content\/uploads\/import\/cms\/userfiles\/images\/tz8abb01_english.jpg\" \/>\n<meta name=\"twitter:card\" content=\"summary_large_image\" \/>\n<meta name=\"twitter:label1\" content=\"Timp estimat pentru citire\" \/>\n\t<meta name=\"twitter:data1\" content=\"5 minute\" \/>\n<script type=\"application\/ld+json\" class=\"yoast-schema-graph\">{\"@context\":\"https:\/\/schema.org\",\"@graph\":[{\"@type\":\"WebPage\",\"@id\":\"https:\/\/www.nedzink.com\/ro\/sisteme-de-acoperis\/faltul-pe-sipca-din-lemn\/\",\"url\":\"https:\/\/www.nedzink.com\/ro\/sisteme-de-acoperis\/faltul-pe-sipca-din-lemn\/\",\"name\":\"Fal\u021bul pe \u0219ipc\u0103 din lemn &#8211; NedZink\",\"isPartOf\":{\"@id\":\"https:\/\/www.nedzink.com\/ro\/#website\"},\"primaryImageOfPage\":{\"@id\":\"https:\/\/www.nedzink.com\/ro\/sisteme-de-acoperis\/faltul-pe-sipca-din-lemn\/#primaryimage\"},\"image\":{\"@id\":\"https:\/\/www.nedzink.com\/ro\/sisteme-de-acoperis\/faltul-pe-sipca-din-lemn\/#primaryimage\"},\"thumbnailUrl\":\"https:\/\/www.nedzink.com\/wp-content\/uploads\/import\/cms\/userfiles\/images\/tz8abb01_english.jpg\",\"datePublished\":\"2019-06-04T12:55:13+00:00\",\"breadcrumb\":{\"@id\":\"https:\/\/www.nedzink.com\/ro\/sisteme-de-acoperis\/faltul-pe-sipca-din-lemn\/#breadcrumb\"},\"inLanguage\":\"ro-RO\",\"potentialAction\":[{\"@type\":\"ReadAction\",\"target\":[\"https:\/\/www.nedzink.com\/ro\/sisteme-de-acoperis\/faltul-pe-sipca-din-lemn\/\"]}]},{\"@type\":\"ImageObject\",\"inLanguage\":\"ro-RO\",\"@id\":\"https:\/\/www.nedzink.com\/ro\/sisteme-de-acoperis\/faltul-pe-sipca-din-lemn\/#primaryimage\",\"url\":\"https:\/\/www.nedzink.com\/wp-content\/uploads\/import\/cms\/userfiles\/images\/tz8abb01_english.jpg\",\"contentUrl\":\"https:\/\/www.nedzink.com\/wp-content\/uploads\/import\/cms\/userfiles\/images\/tz8abb01_english.jpg\"},{\"@type\":\"BreadcrumbList\",\"@id\":\"https:\/\/www.nedzink.com\/ro\/sisteme-de-acoperis\/faltul-pe-sipca-din-lemn\/#breadcrumb\",\"itemListElement\":[{\"@type\":\"ListItem\",\"position\":1,\"name\":\"Home\",\"item\":\"https:\/\/www.nedzink.com\/ro\/\"},{\"@type\":\"ListItem\",\"position\":2,\"name\":\"Sisteme de acoperi\u015f\",\"item\":\"https:\/\/www.nedzink.com\/ro\/sisteme-de-acoperis\/\"},{\"@type\":\"ListItem\",\"position\":3,\"name\":\"Fal\u021bul pe \u0219ipc\u0103 din lemn\"}]},{\"@type\":\"WebSite\",\"@id\":\"https:\/\/www.nedzink.com\/ro\/#website\",\"url\":\"https:\/\/www.nedzink.com\/ro\/\",\"name\":\"NedZink\",\"description\":\"Zink fabrikant\",\"publisher\":{\"@id\":\"https:\/\/www.nedzink.com\/ro\/#organization\"},\"potentialAction\":[{\"@type\":\"SearchAction\",\"target\":{\"@type\":\"EntryPoint\",\"urlTemplate\":\"https:\/\/www.nedzink.com\/ro\/?s={search_term_string}\"},\"query-input\":{\"@type\":\"PropertyValueSpecification\",\"valueRequired\":true,\"valueName\":\"search_term_string\"}}],\"inLanguage\":\"ro-RO\"},{\"@type\":\"Organization\",\"@id\":\"https:\/\/www.nedzink.com\/ro\/#organization\",\"name\":\"NedZink\",\"url\":\"https:\/\/www.nedzink.com\/ro\/\",\"logo\":{\"@type\":\"ImageObject\",\"inLanguage\":\"ro-RO\",\"@id\":\"https:\/\/www.nedzink.com\/ro\/#\/schema\/logo\/image\/\",\"url\":\"https:\/\/www.nedzink.com\/wp-content\/uploads\/2019\/08\/logo-nedzink_fc_zk.jpg\",\"contentUrl\":\"https:\/\/www.nedzink.com\/wp-content\/uploads\/2019\/08\/logo-nedzink_fc_zk.jpg\",\"width\":2160,\"height\":688,\"caption\":\"NedZink\"},\"image\":{\"@id\":\"https:\/\/www.nedzink.com\/ro\/#\/schema\/logo\/image\/\"}}]}<\/script>\n<!-- \/ Yoast SEO plugin. -->","yoast_head_json":{"title":"Fal\u021bul pe \u0219ipc\u0103 din lemn &#8211; NedZink","robots":{"index":"index","follow":"follow","max-snippet":"max-snippet:-1","max-image-preview":"max-image-preview:large","max-video-preview":"max-video-preview:-1"},"canonical":"https:\/\/www.nedzink.com\/ro\/sisteme-de-acoperis\/faltul-pe-sipca-din-lemn\/","og_locale":"ro_RO","og_type":"article","og_title":"Fal\u021bul pe \u0219ipc\u0103 din lemn &#8211; NedZink","og_description":"Sistemul de &icirc;nvelitoare cu \u015fipc\u0103 din lemn pentru acoperi\u0219uri \u015fi fa\u0163ade &nbsp; Fal\u021bul pe \u0219ipc\u0103 Aplicare Sistemul cu fal\u021b pe \u015fipc\u0103 este potrivit pentru acoperi\u015furi de dimensiuni mari \u015fi mici cu o pant\u0103 de cel pu\u0163in 3\u2070, dar \u015fi pentru fa\u0163ade. Sistemul standard de prindere pe \u015fipc\u0103 realizat cu titan-zinc NedZink const\u0103 &icirc;n panouri din [&hellip;]","og_url":"https:\/\/www.nedzink.com\/ro\/sisteme-de-acoperis\/faltul-pe-sipca-din-lemn\/","og_site_name":"NedZink","og_image":[{"url":"https:\/\/www.nedzink.com\/wp-content\/uploads\/import\/cms\/userfiles\/images\/tz8abb01_english.jpg","type":"","width":"","height":""}],"twitter_card":"summary_large_image","twitter_misc":{"Timp estimat pentru citire":"5 minute"},"schema":{"@context":"https:\/\/schema.org","@graph":[{"@type":"WebPage","@id":"https:\/\/www.nedzink.com\/ro\/sisteme-de-acoperis\/faltul-pe-sipca-din-lemn\/","url":"https:\/\/www.nedzink.com\/ro\/sisteme-de-acoperis\/faltul-pe-sipca-din-lemn\/","name":"Fal\u021bul pe \u0219ipc\u0103 din lemn &#8211; NedZink","isPartOf":{"@id":"https:\/\/www.nedzink.com\/ro\/#website"},"primaryImageOfPage":{"@id":"https:\/\/www.nedzink.com\/ro\/sisteme-de-acoperis\/faltul-pe-sipca-din-lemn\/#primaryimage"},"image":{"@id":"https:\/\/www.nedzink.com\/ro\/sisteme-de-acoperis\/faltul-pe-sipca-din-lemn\/#primaryimage"},"thumbnailUrl":"https:\/\/www.nedzink.com\/wp-content\/uploads\/import\/cms\/userfiles\/images\/tz8abb01_english.jpg","datePublished":"2019-06-04T12:55:13+00:00","breadcrumb":{"@id":"https:\/\/www.nedzink.com\/ro\/sisteme-de-acoperis\/faltul-pe-sipca-din-lemn\/#breadcrumb"},"inLanguage":"ro-RO","potentialAction":[{"@type":"ReadAction","target":["https:\/\/www.nedzink.com\/ro\/sisteme-de-acoperis\/faltul-pe-sipca-din-lemn\/"]}]},{"@type":"ImageObject","inLanguage":"ro-RO","@id":"https:\/\/www.nedzink.com\/ro\/sisteme-de-acoperis\/faltul-pe-sipca-din-lemn\/#primaryimage","url":"https:\/\/www.nedzink.com\/wp-content\/uploads\/import\/cms\/userfiles\/images\/tz8abb01_english.jpg","contentUrl":"https:\/\/www.nedzink.com\/wp-content\/uploads\/import\/cms\/userfiles\/images\/tz8abb01_english.jpg"},{"@type":"BreadcrumbList","@id":"https:\/\/www.nedzink.com\/ro\/sisteme-de-acoperis\/faltul-pe-sipca-din-lemn\/#breadcrumb","itemListElement":[{"@type":"ListItem","position":1,"name":"Home","item":"https:\/\/www.nedzink.com\/ro\/"},{"@type":"ListItem","position":2,"name":"Sisteme de acoperi\u015f","item":"https:\/\/www.nedzink.com\/ro\/sisteme-de-acoperis\/"},{"@type":"ListItem","position":3,"name":"Fal\u021bul pe \u0219ipc\u0103 din lemn"}]},{"@type":"WebSite","@id":"https:\/\/www.nedzink.com\/ro\/#website","url":"https:\/\/www.nedzink.com\/ro\/","name":"NedZink","description":"Zink fabrikant","publisher":{"@id":"https:\/\/www.nedzink.com\/ro\/#organization"},"potentialAction":[{"@type":"SearchAction","target":{"@type":"EntryPoint","urlTemplate":"https:\/\/www.nedzink.com\/ro\/?s={search_term_string}"},"query-input":{"@type":"PropertyValueSpecification","valueRequired":true,"valueName":"search_term_string"}}],"inLanguage":"ro-RO"},{"@type":"Organization","@id":"https:\/\/www.nedzink.com\/ro\/#organization","name":"NedZink","url":"https:\/\/www.nedzink.com\/ro\/","logo":{"@type":"ImageObject","inLanguage":"ro-RO","@id":"https:\/\/www.nedzink.com\/ro\/#\/schema\/logo\/image\/","url":"https:\/\/www.nedzink.com\/wp-content\/uploads\/2019\/08\/logo-nedzink_fc_zk.jpg","contentUrl":"https:\/\/www.nedzink.com\/wp-content\/uploads\/2019\/08\/logo-nedzink_fc_zk.jpg","width":2160,"height":688,"caption":"NedZink"},"image":{"@id":"https:\/\/www.nedzink.com\/ro\/#\/schema\/logo\/image\/"}}]}},"_links":{"self":[{"href":"https:\/\/www.nedzink.com\/ro\/wp-json\/wp\/v2\/pages\/30887","targetHints":{"allow":["GET"]}}],"collection":[{"href":"https:\/\/www.nedzink.com\/ro\/wp-json\/wp\/v2\/pages"}],"about":[{"href":"https:\/\/www.nedzink.com\/ro\/wp-json\/wp\/v2\/types\/page"}],"author":[{"embeddable":true,"href":"https:\/\/www.nedzink.com\/ro\/wp-json\/wp\/v2\/users\/9"}],"replies":[{"embeddable":true,"href":"https:\/\/www.nedzink.com\/ro\/wp-json\/wp\/v2\/comments?post=30887"}],"version-history":[{"count":0,"href":"https:\/\/www.nedzink.com\/ro\/wp-json\/wp\/v2\/pages\/30887\/revisions"}],"up":[{"embeddable":true,"href":"https:\/\/www.nedzink.com\/ro\/wp-json\/wp\/v2\/pages\/30857"}],"wp:attachment":[{"href":"https:\/\/www.nedzink.com\/ro\/wp-json\/wp\/v2\/media?parent=30887"}],"curies":[{"name":"wp","href":"https:\/\/api.w.org\/{rel}","templated":true}]}}