{"id":30824,"date":"2019-06-04T14:54:48","date_gmt":"2019-06-04T12:54:48","guid":{"rendered":"http:\/\/136.144.181.85\/~nedzink\/info-si-sfaturi\/substructuri\/stratul-de-separare\/"},"modified":"2019-06-04T14:54:48","modified_gmt":"2019-06-04T12:54:48","slug":"stratul-de-separare","status":"publish","type":"page","link":"https:\/\/www.nedzink.com\/ro\/stratul-de-separare\/","title":{"rendered":"Stratul de separare"},"content":{"rendered":"<h2 class=\"western\">F\u0103r\u0103 strat de separare<\/h2>\n<p>Materialul NedZink folosit pentru sisteme de &icirc;nvelitori \u015fi fa\u0163ade &icirc;ntr-o structur\u0103 ventilat\u0103 poate fi pus direct pe astereal\u0103. Astereala poate fi din sc&acirc;nduri trase, de minim 22 mm grosime, f\u0103r\u0103 &icirc;mbinare nut \u0219i feder, instalate orizontal \u0219i cu un spa\u021biu de minim 5 mm &icirc;ntre ele. Sc&acirc;ndurile vor fi fixate &icirc;n structura acoperi\u0219ului cu elemente de fixare cu cap &icirc;ngropat sau plat, astfel &icirc;nc&acirc;t acestea s\u0103 nu afecteze tabla de titan-zinc. Elementele de fixare pot fi cuie sau \u0219uruburi, obligatoriu tratate &icirc;mpotriva coroziunii (o\u021bel zincat sau inox).<\/p>\n<h2 class=\"western\">Covor de ventila\u0163ie<\/h2>\n<p>C&acirc;nd un strat de separare este parte a ansamblului constructiv, de exemplu &icirc;n sistemul cu FOAMGLAS, se poate folosi ca strat de separare un covor de ventila\u021bie. Spa\u0163iul de aer rezultat faciliteaz\u0103 uscarea treptat\u0103 a unor cantit\u0103\u0163i mici de umezeal\u0103 &icirc;nc\u0103 prezent\u0103 pe intradosul tablei de titan-zinc. Scade de asemenea posibilitatea de coroziune pe spatele titan- zincului. Spa\u0163iul nu este comparabil cu spa\u0163iul de ventilare folosit &icirc;ntr-o construc\u0163ie ventilat\u0103 \u015fi nu-l poate &icirc;nlocui func\u0163ional.<\/p>\n<p>Contacta\u021bi produc\u0103torul covorului de ventila\u021bie pentru a afla informa\u021bii referitoare la izolarea fonic\u0103 \u015fi propriet\u0103\u0163ile de reducere a zgomotului.<\/p>\n<h2 class=\"western\">Membran\u0103 cu covor de ventila\u0163ie<\/h2>\n<p>Aceasta este o membran\u0103 de difuzie permeabil\u0103 la vapori ce integreaz\u0103 \u0219i covorul de ventila\u021bie descris mai sus, ansamblu care poate fi instalat ca strat de separare &icirc;ntre &icirc;nvelitoarea din titan-zinc \u0219i astereal\u0103.<\/p>\n<p>Pentru suprafe\u021be de mici dimensiuni acest produs poate fi folosit doar ca strat de separare, nu ca spa\u0163iu de ventila\u0163ie. Spa\u0163iul nu este comparabil cu spa\u0163iul de ventilare folosit &icirc;ntr-o construc\u0163ie ventilat\u0103 \u015fi nu-l poate &icirc;nlocui func\u0163ional.<\/p>\n<p>Contacta\u021bi produc\u0103torul membranei cu covor de ventila\u021bie pentru a afla informa\u021bii referitoare la izolarea fonic\u0103 \u015fi propriet\u0103\u0163ile de reducere a zgomotului.<\/p>\n","protected":false},"excerpt":{"rendered":"<p>F\u0103r\u0103 strat de separare Materialul NedZink folosit pentru sisteme de &icirc;nvelitori \u015fi fa\u0163ade &icirc;ntr-o structur\u0103 ventilat\u0103 poate fi pus direct pe astereal\u0103. Astereala poate fi din sc&acirc;nduri trase, de minim 22 mm grosime, f\u0103r\u0103 &icirc;mbinare nut \u0219i feder, instalate orizontal \u0219i cu un spa\u021biu de minim 5 mm &icirc;ntre ele. Sc&acirc;ndurile vor fi fixate &icirc;n [&hellip;]<\/p>\n","protected":false},"author":9,"featured_media":0,"parent":0,"menu_order":760,"comment_status":"closed","ping_status":"closed","template":"template-import.php","meta":{"_acf_changed":false,"footnotes":""},"class_list":["post-30824","page","type-page","status-publish","hentry"],"acf":[],"yoast_head":"<!-- This site is optimized with the Yoast SEO plugin v26.8 - https:\/\/yoast.com\/product\/yoast-seo-wordpress\/ -->\n<title>Stratul de separare \u2013 NedZink<\/title>\n<meta name=\"robots\" content=\"index, follow, max-snippet:-1, max-image-preview:large, max-video-preview:-1\" \/>\n<link rel=\"canonical\" href=\"https:\/\/www.nedzink.com\/ro\/stratul-de-separare\/\" \/>\n<meta property=\"og:locale\" content=\"ro_RO\" \/>\n<meta property=\"og:type\" content=\"article\" \/>\n<meta property=\"og:title\" content=\"Stratul de separare \u2013 NedZink\" \/>\n<meta property=\"og:description\" content=\"F\u0103r\u0103 strat de separare Materialul NedZink folosit pentru sisteme de &icirc;nvelitori \u015fi fa\u0163ade &icirc;ntr-o structur\u0103 ventilat\u0103 poate fi pus direct pe astereal\u0103. Astereala poate fi din sc&acirc;nduri trase, de minim 22 mm grosime, f\u0103r\u0103 &icirc;mbinare nut \u0219i feder, instalate orizontal \u0219i cu un spa\u021biu de minim 5 mm &icirc;ntre ele. Sc&acirc;ndurile vor fi fixate &icirc;n [&hellip;]\" \/>\n<meta property=\"og:url\" content=\"https:\/\/www.nedzink.com\/ro\/stratul-de-separare\/\" \/>\n<meta property=\"og:site_name\" content=\"NedZink\" \/>\n<meta name=\"twitter:card\" content=\"summary_large_image\" \/>\n<meta name=\"twitter:label1\" content=\"Timp estimat pentru citire\" \/>\n\t<meta name=\"twitter:data1\" content=\"2 minute\" \/>\n<script type=\"application\/ld+json\" class=\"yoast-schema-graph\">{\"@context\":\"https:\/\/schema.org\",\"@graph\":[{\"@type\":\"WebPage\",\"@id\":\"https:\/\/www.nedzink.com\/ro\/stratul-de-separare\/\",\"url\":\"https:\/\/www.nedzink.com\/ro\/stratul-de-separare\/\",\"name\":\"Stratul de separare \u2013 NedZink\",\"isPartOf\":{\"@id\":\"https:\/\/www.nedzink.com\/ro\/#website\"},\"datePublished\":\"2019-06-04T12:54:48+00:00\",\"breadcrumb\":{\"@id\":\"https:\/\/www.nedzink.com\/ro\/stratul-de-separare\/#breadcrumb\"},\"inLanguage\":\"ro-RO\",\"potentialAction\":[{\"@type\":\"ReadAction\",\"target\":[\"https:\/\/www.nedzink.com\/ro\/stratul-de-separare\/\"]}]},{\"@type\":\"BreadcrumbList\",\"@id\":\"https:\/\/www.nedzink.com\/ro\/stratul-de-separare\/#breadcrumb\",\"itemListElement\":[{\"@type\":\"ListItem\",\"position\":1,\"name\":\"Home\",\"item\":\"https:\/\/www.nedzink.com\/ro\/\"},{\"@type\":\"ListItem\",\"position\":2,\"name\":\"Stratul de separare\"}]},{\"@type\":\"WebSite\",\"@id\":\"https:\/\/www.nedzink.com\/ro\/#website\",\"url\":\"https:\/\/www.nedzink.com\/ro\/\",\"name\":\"NedZink\",\"description\":\"Zink fabrikant\",\"publisher\":{\"@id\":\"https:\/\/www.nedzink.com\/ro\/#organization\"},\"potentialAction\":[{\"@type\":\"SearchAction\",\"target\":{\"@type\":\"EntryPoint\",\"urlTemplate\":\"https:\/\/www.nedzink.com\/ro\/?s={search_term_string}\"},\"query-input\":{\"@type\":\"PropertyValueSpecification\",\"valueRequired\":true,\"valueName\":\"search_term_string\"}}],\"inLanguage\":\"ro-RO\"},{\"@type\":\"Organization\",\"@id\":\"https:\/\/www.nedzink.com\/ro\/#organization\",\"name\":\"NedZink\",\"url\":\"https:\/\/www.nedzink.com\/ro\/\",\"logo\":{\"@type\":\"ImageObject\",\"inLanguage\":\"ro-RO\",\"@id\":\"https:\/\/www.nedzink.com\/ro\/#\/schema\/logo\/image\/\",\"url\":\"https:\/\/www.nedzink.com\/wp-content\/uploads\/2019\/08\/logo-nedzink_fc_zk.jpg\",\"contentUrl\":\"https:\/\/www.nedzink.com\/wp-content\/uploads\/2019\/08\/logo-nedzink_fc_zk.jpg\",\"width\":2160,\"height\":688,\"caption\":\"NedZink\"},\"image\":{\"@id\":\"https:\/\/www.nedzink.com\/ro\/#\/schema\/logo\/image\/\"}}]}<\/script>\n<!-- \/ Yoast SEO plugin. -->","yoast_head_json":{"title":"Stratul de separare \u2013 NedZink","robots":{"index":"index","follow":"follow","max-snippet":"max-snippet:-1","max-image-preview":"max-image-preview:large","max-video-preview":"max-video-preview:-1"},"canonical":"https:\/\/www.nedzink.com\/ro\/stratul-de-separare\/","og_locale":"ro_RO","og_type":"article","og_title":"Stratul de separare \u2013 NedZink","og_description":"F\u0103r\u0103 strat de separare Materialul NedZink folosit pentru sisteme de &icirc;nvelitori \u015fi fa\u0163ade &icirc;ntr-o structur\u0103 ventilat\u0103 poate fi pus direct pe astereal\u0103. Astereala poate fi din sc&acirc;nduri trase, de minim 22 mm grosime, f\u0103r\u0103 &icirc;mbinare nut \u0219i feder, instalate orizontal \u0219i cu un spa\u021biu de minim 5 mm &icirc;ntre ele. Sc&acirc;ndurile vor fi fixate &icirc;n [&hellip;]","og_url":"https:\/\/www.nedzink.com\/ro\/stratul-de-separare\/","og_site_name":"NedZink","twitter_card":"summary_large_image","twitter_misc":{"Timp estimat pentru citire":"2 minute"},"schema":{"@context":"https:\/\/schema.org","@graph":[{"@type":"WebPage","@id":"https:\/\/www.nedzink.com\/ro\/stratul-de-separare\/","url":"https:\/\/www.nedzink.com\/ro\/stratul-de-separare\/","name":"Stratul de separare \u2013 NedZink","isPartOf":{"@id":"https:\/\/www.nedzink.com\/ro\/#website"},"datePublished":"2019-06-04T12:54:48+00:00","breadcrumb":{"@id":"https:\/\/www.nedzink.com\/ro\/stratul-de-separare\/#breadcrumb"},"inLanguage":"ro-RO","potentialAction":[{"@type":"ReadAction","target":["https:\/\/www.nedzink.com\/ro\/stratul-de-separare\/"]}]},{"@type":"BreadcrumbList","@id":"https:\/\/www.nedzink.com\/ro\/stratul-de-separare\/#breadcrumb","itemListElement":[{"@type":"ListItem","position":1,"name":"Home","item":"https:\/\/www.nedzink.com\/ro\/"},{"@type":"ListItem","position":2,"name":"Stratul de separare"}]},{"@type":"WebSite","@id":"https:\/\/www.nedzink.com\/ro\/#website","url":"https:\/\/www.nedzink.com\/ro\/","name":"NedZink","description":"Zink fabrikant","publisher":{"@id":"https:\/\/www.nedzink.com\/ro\/#organization"},"potentialAction":[{"@type":"SearchAction","target":{"@type":"EntryPoint","urlTemplate":"https:\/\/www.nedzink.com\/ro\/?s={search_term_string}"},"query-input":{"@type":"PropertyValueSpecification","valueRequired":true,"valueName":"search_term_string"}}],"inLanguage":"ro-RO"},{"@type":"Organization","@id":"https:\/\/www.nedzink.com\/ro\/#organization","name":"NedZink","url":"https:\/\/www.nedzink.com\/ro\/","logo":{"@type":"ImageObject","inLanguage":"ro-RO","@id":"https:\/\/www.nedzink.com\/ro\/#\/schema\/logo\/image\/","url":"https:\/\/www.nedzink.com\/wp-content\/uploads\/2019\/08\/logo-nedzink_fc_zk.jpg","contentUrl":"https:\/\/www.nedzink.com\/wp-content\/uploads\/2019\/08\/logo-nedzink_fc_zk.jpg","width":2160,"height":688,"caption":"NedZink"},"image":{"@id":"https:\/\/www.nedzink.com\/ro\/#\/schema\/logo\/image\/"}}]}},"_links":{"self":[{"href":"https:\/\/www.nedzink.com\/ro\/wp-json\/wp\/v2\/pages\/30824","targetHints":{"allow":["GET"]}}],"collection":[{"href":"https:\/\/www.nedzink.com\/ro\/wp-json\/wp\/v2\/pages"}],"about":[{"href":"https:\/\/www.nedzink.com\/ro\/wp-json\/wp\/v2\/types\/page"}],"author":[{"embeddable":true,"href":"https:\/\/www.nedzink.com\/ro\/wp-json\/wp\/v2\/users\/9"}],"replies":[{"embeddable":true,"href":"https:\/\/www.nedzink.com\/ro\/wp-json\/wp\/v2\/comments?post=30824"}],"version-history":[{"count":0,"href":"https:\/\/www.nedzink.com\/ro\/wp-json\/wp\/v2\/pages\/30824\/revisions"}],"wp:attachment":[{"href":"https:\/\/www.nedzink.com\/ro\/wp-json\/wp\/v2\/media?parent=30824"}],"curies":[{"name":"wp","href":"https:\/\/api.w.org\/{rel}","templated":true}]}}