{"id":30814,"date":"2019-06-04T14:54:46","date_gmt":"2019-06-04T12:54:46","guid":{"rendered":"http:\/\/136.144.181.85\/~nedzink\/info-si-sfaturi\/substructuri\/izolatie\/"},"modified":"2019-06-04T14:54:46","modified_gmt":"2019-06-04T12:54:46","slug":"izolatie","status":"publish","type":"page","link":"https:\/\/www.nedzink.com\/ro\/izolatie\/","title":{"rendered":"Izola\u0163ie"},"content":{"rendered":"<p>Materialele de izola\u0163ie &icirc;n combina\u0163ie cu &icirc;nvelitori sau fa\u021bade NedZink, sunt &icirc;n general folosite pentru izolare termic\u0103. Ca efect adi\u0163ional se poate folosi ca protec\u0163ie &icirc;mpotriva zgomotului sau ca izolare fonic\u0103. Pe l&acirc;ng\u0103 instalarea izola\u0163iei &icirc;ntr-un sistem constructiv clasic cu ventila\u0163ie pe intrados, &icirc;n zilele noastre se poate folosi \u015fi o structur\u0103 neventilat\u0103, etan\u015f\u0103 la vapori.<\/p>\n<p>Sistemele de &icirc;nvelitori \u0219i fa\u021bade din tabl\u0103 de titan-zinc NedZink impun utilizarea unei membrane de control vapori sau o barier\u0103 de vapori sub pachetul termoizolant, precum \u0219i un spa\u021biu de separa\u021bie deasupra termoizola\u021biei.<\/p>\n<p>Exist\u0103 o gam\u0103 variat\u0103 de materiale \u0219i sisteme de termoizola\u021bie. Utilizarea oric\u0103rui tip de material termoizolant se va stabili &icirc;n func\u021bie de cerin\u021bele constructive \u0219i fizice ale fiec\u0103rei cl\u0103diri.<\/p>\n","protected":false},"excerpt":{"rendered":"<p>Materialele de izola\u0163ie &icirc;n combina\u0163ie cu &icirc;nvelitori sau fa\u021bade NedZink, sunt &icirc;n general folosite pentru izolare termic\u0103. Ca efect adi\u0163ional se poate folosi ca protec\u0163ie &icirc;mpotriva zgomotului sau ca izolare fonic\u0103. Pe l&acirc;ng\u0103 instalarea izola\u0163iei &icirc;ntr-un sistem constructiv clasic cu ventila\u0163ie pe intrados, &icirc;n zilele noastre se poate folosi \u015fi o structur\u0103 neventilat\u0103, etan\u015f\u0103 la [&hellip;]<\/p>\n","protected":false},"author":9,"featured_media":0,"parent":0,"menu_order":750,"comment_status":"closed","ping_status":"closed","template":"template-import.php","meta":{"_acf_changed":false,"footnotes":""},"class_list":["post-30814","page","type-page","status-publish","hentry"],"acf":[],"yoast_head":"<!-- This site is optimized with the Yoast SEO plugin v26.8 - https:\/\/yoast.com\/product\/yoast-seo-wordpress\/ -->\n<title>Izola\u0163ie \u2013 NedZink<\/title>\n<meta name=\"robots\" content=\"index, follow, max-snippet:-1, max-image-preview:large, max-video-preview:-1\" \/>\n<link rel=\"canonical\" href=\"https:\/\/www.nedzink.com\/ro\/izolatie\/\" \/>\n<meta property=\"og:locale\" content=\"ro_RO\" \/>\n<meta property=\"og:type\" content=\"article\" \/>\n<meta property=\"og:title\" content=\"Izola\u0163ie \u2013 NedZink\" \/>\n<meta property=\"og:description\" content=\"Materialele de izola\u0163ie &icirc;n combina\u0163ie cu &icirc;nvelitori sau fa\u021bade NedZink, sunt &icirc;n general folosite pentru izolare termic\u0103. Ca efect adi\u0163ional se poate folosi ca protec\u0163ie &icirc;mpotriva zgomotului sau ca izolare fonic\u0103. Pe l&acirc;ng\u0103 instalarea izola\u0163iei &icirc;ntr-un sistem constructiv clasic cu ventila\u0163ie pe intrados, &icirc;n zilele noastre se poate folosi \u015fi o structur\u0103 neventilat\u0103, etan\u015f\u0103 la [&hellip;]\" \/>\n<meta property=\"og:url\" content=\"https:\/\/www.nedzink.com\/ro\/izolatie\/\" \/>\n<meta property=\"og:site_name\" content=\"NedZink\" \/>\n<meta name=\"twitter:card\" content=\"summary_large_image\" \/>\n<meta name=\"twitter:label1\" content=\"Timp estimat pentru citire\" \/>\n\t<meta name=\"twitter:data1\" content=\"1 minut\" \/>\n<script type=\"application\/ld+json\" class=\"yoast-schema-graph\">{\"@context\":\"https:\/\/schema.org\",\"@graph\":[{\"@type\":\"WebPage\",\"@id\":\"https:\/\/www.nedzink.com\/ro\/izolatie\/\",\"url\":\"https:\/\/www.nedzink.com\/ro\/izolatie\/\",\"name\":\"Izola\u0163ie \u2013 NedZink\",\"isPartOf\":{\"@id\":\"https:\/\/www.nedzink.com\/ro\/#website\"},\"datePublished\":\"2019-06-04T12:54:46+00:00\",\"breadcrumb\":{\"@id\":\"https:\/\/www.nedzink.com\/ro\/izolatie\/#breadcrumb\"},\"inLanguage\":\"ro-RO\",\"potentialAction\":[{\"@type\":\"ReadAction\",\"target\":[\"https:\/\/www.nedzink.com\/ro\/izolatie\/\"]}]},{\"@type\":\"BreadcrumbList\",\"@id\":\"https:\/\/www.nedzink.com\/ro\/izolatie\/#breadcrumb\",\"itemListElement\":[{\"@type\":\"ListItem\",\"position\":1,\"name\":\"Home\",\"item\":\"https:\/\/www.nedzink.com\/ro\/\"},{\"@type\":\"ListItem\",\"position\":2,\"name\":\"Izola\u0163ie\"}]},{\"@type\":\"WebSite\",\"@id\":\"https:\/\/www.nedzink.com\/ro\/#website\",\"url\":\"https:\/\/www.nedzink.com\/ro\/\",\"name\":\"NedZink\",\"description\":\"Zink fabrikant\",\"publisher\":{\"@id\":\"https:\/\/www.nedzink.com\/ro\/#organization\"},\"potentialAction\":[{\"@type\":\"SearchAction\",\"target\":{\"@type\":\"EntryPoint\",\"urlTemplate\":\"https:\/\/www.nedzink.com\/ro\/?s={search_term_string}\"},\"query-input\":{\"@type\":\"PropertyValueSpecification\",\"valueRequired\":true,\"valueName\":\"search_term_string\"}}],\"inLanguage\":\"ro-RO\"},{\"@type\":\"Organization\",\"@id\":\"https:\/\/www.nedzink.com\/ro\/#organization\",\"name\":\"NedZink\",\"url\":\"https:\/\/www.nedzink.com\/ro\/\",\"logo\":{\"@type\":\"ImageObject\",\"inLanguage\":\"ro-RO\",\"@id\":\"https:\/\/www.nedzink.com\/ro\/#\/schema\/logo\/image\/\",\"url\":\"https:\/\/www.nedzink.com\/wp-content\/uploads\/2019\/08\/logo-nedzink_fc_zk.jpg\",\"contentUrl\":\"https:\/\/www.nedzink.com\/wp-content\/uploads\/2019\/08\/logo-nedzink_fc_zk.jpg\",\"width\":2160,\"height\":688,\"caption\":\"NedZink\"},\"image\":{\"@id\":\"https:\/\/www.nedzink.com\/ro\/#\/schema\/logo\/image\/\"}}]}<\/script>\n<!-- \/ Yoast SEO plugin. -->","yoast_head_json":{"title":"Izola\u0163ie \u2013 NedZink","robots":{"index":"index","follow":"follow","max-snippet":"max-snippet:-1","max-image-preview":"max-image-preview:large","max-video-preview":"max-video-preview:-1"},"canonical":"https:\/\/www.nedzink.com\/ro\/izolatie\/","og_locale":"ro_RO","og_type":"article","og_title":"Izola\u0163ie \u2013 NedZink","og_description":"Materialele de izola\u0163ie &icirc;n combina\u0163ie cu &icirc;nvelitori sau fa\u021bade NedZink, sunt &icirc;n general folosite pentru izolare termic\u0103. Ca efect adi\u0163ional se poate folosi ca protec\u0163ie &icirc;mpotriva zgomotului sau ca izolare fonic\u0103. Pe l&acirc;ng\u0103 instalarea izola\u0163iei &icirc;ntr-un sistem constructiv clasic cu ventila\u0163ie pe intrados, &icirc;n zilele noastre se poate folosi \u015fi o structur\u0103 neventilat\u0103, etan\u015f\u0103 la [&hellip;]","og_url":"https:\/\/www.nedzink.com\/ro\/izolatie\/","og_site_name":"NedZink","twitter_card":"summary_large_image","twitter_misc":{"Timp estimat pentru citire":"1 minut"},"schema":{"@context":"https:\/\/schema.org","@graph":[{"@type":"WebPage","@id":"https:\/\/www.nedzink.com\/ro\/izolatie\/","url":"https:\/\/www.nedzink.com\/ro\/izolatie\/","name":"Izola\u0163ie \u2013 NedZink","isPartOf":{"@id":"https:\/\/www.nedzink.com\/ro\/#website"},"datePublished":"2019-06-04T12:54:46+00:00","breadcrumb":{"@id":"https:\/\/www.nedzink.com\/ro\/izolatie\/#breadcrumb"},"inLanguage":"ro-RO","potentialAction":[{"@type":"ReadAction","target":["https:\/\/www.nedzink.com\/ro\/izolatie\/"]}]},{"@type":"BreadcrumbList","@id":"https:\/\/www.nedzink.com\/ro\/izolatie\/#breadcrumb","itemListElement":[{"@type":"ListItem","position":1,"name":"Home","item":"https:\/\/www.nedzink.com\/ro\/"},{"@type":"ListItem","position":2,"name":"Izola\u0163ie"}]},{"@type":"WebSite","@id":"https:\/\/www.nedzink.com\/ro\/#website","url":"https:\/\/www.nedzink.com\/ro\/","name":"NedZink","description":"Zink fabrikant","publisher":{"@id":"https:\/\/www.nedzink.com\/ro\/#organization"},"potentialAction":[{"@type":"SearchAction","target":{"@type":"EntryPoint","urlTemplate":"https:\/\/www.nedzink.com\/ro\/?s={search_term_string}"},"query-input":{"@type":"PropertyValueSpecification","valueRequired":true,"valueName":"search_term_string"}}],"inLanguage":"ro-RO"},{"@type":"Organization","@id":"https:\/\/www.nedzink.com\/ro\/#organization","name":"NedZink","url":"https:\/\/www.nedzink.com\/ro\/","logo":{"@type":"ImageObject","inLanguage":"ro-RO","@id":"https:\/\/www.nedzink.com\/ro\/#\/schema\/logo\/image\/","url":"https:\/\/www.nedzink.com\/wp-content\/uploads\/2019\/08\/logo-nedzink_fc_zk.jpg","contentUrl":"https:\/\/www.nedzink.com\/wp-content\/uploads\/2019\/08\/logo-nedzink_fc_zk.jpg","width":2160,"height":688,"caption":"NedZink"},"image":{"@id":"https:\/\/www.nedzink.com\/ro\/#\/schema\/logo\/image\/"}}]}},"_links":{"self":[{"href":"https:\/\/www.nedzink.com\/ro\/wp-json\/wp\/v2\/pages\/30814","targetHints":{"allow":["GET"]}}],"collection":[{"href":"https:\/\/www.nedzink.com\/ro\/wp-json\/wp\/v2\/pages"}],"about":[{"href":"https:\/\/www.nedzink.com\/ro\/wp-json\/wp\/v2\/types\/page"}],"author":[{"embeddable":true,"href":"https:\/\/www.nedzink.com\/ro\/wp-json\/wp\/v2\/users\/9"}],"replies":[{"embeddable":true,"href":"https:\/\/www.nedzink.com\/ro\/wp-json\/wp\/v2\/comments?post=30814"}],"version-history":[{"count":0,"href":"https:\/\/www.nedzink.com\/ro\/wp-json\/wp\/v2\/pages\/30814\/revisions"}],"wp:attachment":[{"href":"https:\/\/www.nedzink.com\/ro\/wp-json\/wp\/v2\/media?parent=30814"}],"curies":[{"name":"wp","href":"https:\/\/api.w.org\/{rel}","templated":true}]}}