{"id":30804,"date":"2019-06-04T14:54:44","date_gmt":"2019-06-04T12:54:44","guid":{"rendered":"http:\/\/136.144.181.85\/~nedzink\/info-si-sfaturi\/substructuri\/stratul-suport\/"},"modified":"2019-06-04T14:54:44","modified_gmt":"2019-06-04T12:54:44","slug":"stratul-suport","status":"publish","type":"page","link":"https:\/\/www.nedzink.com\/ro\/stratul-suport\/","title":{"rendered":"Stratul suport"},"content":{"rendered":"<p>Acest strat (cum este astereala) sus\u0163ine &icirc;nvelitoarea metalic\u0103 \u015fi prinderile acesteia, fiind &icirc;n contact direct at&acirc;t cu structura acoperi\u015fului c&acirc;t \u015fi cu &icirc;nvelitoarea.<\/p>\n<p>Stratul suport are urm\u0103toarele roluri &icirc;n cadrul construc\u021biei:<\/p>\n<ul>\n<li>Expunere la suc\u0163iunea v&acirc;ntului \u0219i la for\u021bele de smulgere<\/li>\n<li>Suport\u0103 greutatea acoperi\u015fului<\/li>\n<li>Expunerea la for\u0163ele externe cum este &icirc;nc\u0103rcarea din z\u0103pad\u0103<\/li>\n<li>Aspecte fizice ale cl\u0103dirii cum este efectul umezelii<\/li>\n<li>Cerin\u0163ele de protec\u0163ie la incendiu<\/li>\n<\/ul>\n<p>Cele mai utilizate sisteme de tabl\u0103 f\u0103l\u021buit\u0103 din titan-zinc se aplic\u0103 &icirc;n grosime de 0.7 mm \u0219i 0.8 mm. Aceste &icirc;nvelitori nu sunt autoportante, &icirc;n consecin\u021b\u0103 necesit\u0103 o structur\u0103 rigid\u0103 continu\u0103 care s\u0103 le sus\u021bin\u0103. Cea mai utilizat\u0103 solu\u0163ie este construirea unei structuri ventilate. Alt\u0103 variant\u0103 este proiectarea unei structuri neventilate &icirc;n diferite forme.<\/p>\n<p>Sistemul de &icirc;nvelitoare propriu NedZink poate fi folosit cu o substructur\u0103 mai pu\u0163in complex\u0103, adic\u0103 poate fi instalat pe \u0219ipci din lemn orizontale cu dimensiuni de cel pu\u021bin 25 mm x 35 mm, sau pe profile f\u0103cute din o\u0163el galvanizat sau aluminiu. &Icirc;n ambele cazuri, distan\u021ba interax dintre \u0219ipci sau profile va fi de cel mult 300 mm. Proiectantul va determina dac\u0103 \u0219ipcile sau profilele vor fi suportate de c\u0103priori din lemn sau structur\u0103 metalic\u0103.<\/p>\n","protected":false},"excerpt":{"rendered":"<p>Acest strat (cum este astereala) sus\u0163ine &icirc;nvelitoarea metalic\u0103 \u015fi prinderile acesteia, fiind &icirc;n contact direct at&acirc;t cu structura acoperi\u015fului c&acirc;t \u015fi cu &icirc;nvelitoarea. Stratul suport are urm\u0103toarele roluri &icirc;n cadrul construc\u021biei: Expunere la suc\u0163iunea v&acirc;ntului \u0219i la for\u021bele de smulgere Suport\u0103 greutatea acoperi\u015fului Expunerea la for\u0163ele externe cum este &icirc;nc\u0103rcarea din z\u0103pad\u0103 Aspecte fizice ale [&hellip;]<\/p>\n","protected":false},"author":9,"featured_media":0,"parent":0,"menu_order":740,"comment_status":"closed","ping_status":"closed","template":"template-import.php","meta":{"_acf_changed":false,"footnotes":""},"class_list":["post-30804","page","type-page","status-publish","hentry"],"acf":[],"yoast_head":"<!-- This site is optimized with the Yoast SEO plugin v26.8 - https:\/\/yoast.com\/product\/yoast-seo-wordpress\/ -->\n<title>Stratul suport \u2013 NedZink<\/title>\n<meta name=\"robots\" content=\"index, follow, max-snippet:-1, max-image-preview:large, max-video-preview:-1\" \/>\n<link rel=\"canonical\" href=\"https:\/\/www.nedzink.com\/ro\/stratul-suport\/\" \/>\n<meta property=\"og:locale\" content=\"ro_RO\" \/>\n<meta property=\"og:type\" content=\"article\" \/>\n<meta property=\"og:title\" content=\"Stratul suport \u2013 NedZink\" \/>\n<meta property=\"og:description\" content=\"Acest strat (cum este astereala) sus\u0163ine &icirc;nvelitoarea metalic\u0103 \u015fi prinderile acesteia, fiind &icirc;n contact direct at&acirc;t cu structura acoperi\u015fului c&acirc;t \u015fi cu &icirc;nvelitoarea. Stratul suport are urm\u0103toarele roluri &icirc;n cadrul construc\u021biei: Expunere la suc\u0163iunea v&acirc;ntului \u0219i la for\u021bele de smulgere Suport\u0103 greutatea acoperi\u015fului Expunerea la for\u0163ele externe cum este &icirc;nc\u0103rcarea din z\u0103pad\u0103 Aspecte fizice ale [&hellip;]\" \/>\n<meta property=\"og:url\" content=\"https:\/\/www.nedzink.com\/ro\/stratul-suport\/\" \/>\n<meta property=\"og:site_name\" content=\"NedZink\" \/>\n<meta name=\"twitter:card\" content=\"summary_large_image\" \/>\n<meta name=\"twitter:label1\" content=\"Timp estimat pentru citire\" \/>\n\t<meta name=\"twitter:data1\" content=\"1 minut\" \/>\n<script type=\"application\/ld+json\" class=\"yoast-schema-graph\">{\"@context\":\"https:\/\/schema.org\",\"@graph\":[{\"@type\":\"WebPage\",\"@id\":\"https:\/\/www.nedzink.com\/ro\/stratul-suport\/\",\"url\":\"https:\/\/www.nedzink.com\/ro\/stratul-suport\/\",\"name\":\"Stratul suport \u2013 NedZink\",\"isPartOf\":{\"@id\":\"https:\/\/www.nedzink.com\/ro\/#website\"},\"datePublished\":\"2019-06-04T12:54:44+00:00\",\"breadcrumb\":{\"@id\":\"https:\/\/www.nedzink.com\/ro\/stratul-suport\/#breadcrumb\"},\"inLanguage\":\"ro-RO\",\"potentialAction\":[{\"@type\":\"ReadAction\",\"target\":[\"https:\/\/www.nedzink.com\/ro\/stratul-suport\/\"]}]},{\"@type\":\"BreadcrumbList\",\"@id\":\"https:\/\/www.nedzink.com\/ro\/stratul-suport\/#breadcrumb\",\"itemListElement\":[{\"@type\":\"ListItem\",\"position\":1,\"name\":\"Home\",\"item\":\"https:\/\/www.nedzink.com\/ro\/\"},{\"@type\":\"ListItem\",\"position\":2,\"name\":\"Stratul suport\"}]},{\"@type\":\"WebSite\",\"@id\":\"https:\/\/www.nedzink.com\/ro\/#website\",\"url\":\"https:\/\/www.nedzink.com\/ro\/\",\"name\":\"NedZink\",\"description\":\"Zink fabrikant\",\"publisher\":{\"@id\":\"https:\/\/www.nedzink.com\/ro\/#organization\"},\"potentialAction\":[{\"@type\":\"SearchAction\",\"target\":{\"@type\":\"EntryPoint\",\"urlTemplate\":\"https:\/\/www.nedzink.com\/ro\/?s={search_term_string}\"},\"query-input\":{\"@type\":\"PropertyValueSpecification\",\"valueRequired\":true,\"valueName\":\"search_term_string\"}}],\"inLanguage\":\"ro-RO\"},{\"@type\":\"Organization\",\"@id\":\"https:\/\/www.nedzink.com\/ro\/#organization\",\"name\":\"NedZink\",\"url\":\"https:\/\/www.nedzink.com\/ro\/\",\"logo\":{\"@type\":\"ImageObject\",\"inLanguage\":\"ro-RO\",\"@id\":\"https:\/\/www.nedzink.com\/ro\/#\/schema\/logo\/image\/\",\"url\":\"https:\/\/www.nedzink.com\/wp-content\/uploads\/2019\/08\/logo-nedzink_fc_zk.jpg\",\"contentUrl\":\"https:\/\/www.nedzink.com\/wp-content\/uploads\/2019\/08\/logo-nedzink_fc_zk.jpg\",\"width\":2160,\"height\":688,\"caption\":\"NedZink\"},\"image\":{\"@id\":\"https:\/\/www.nedzink.com\/ro\/#\/schema\/logo\/image\/\"}}]}<\/script>\n<!-- \/ Yoast SEO plugin. -->","yoast_head_json":{"title":"Stratul suport \u2013 NedZink","robots":{"index":"index","follow":"follow","max-snippet":"max-snippet:-1","max-image-preview":"max-image-preview:large","max-video-preview":"max-video-preview:-1"},"canonical":"https:\/\/www.nedzink.com\/ro\/stratul-suport\/","og_locale":"ro_RO","og_type":"article","og_title":"Stratul suport \u2013 NedZink","og_description":"Acest strat (cum este astereala) sus\u0163ine &icirc;nvelitoarea metalic\u0103 \u015fi prinderile acesteia, fiind &icirc;n contact direct at&acirc;t cu structura acoperi\u015fului c&acirc;t \u015fi cu &icirc;nvelitoarea. Stratul suport are urm\u0103toarele roluri &icirc;n cadrul construc\u021biei: Expunere la suc\u0163iunea v&acirc;ntului \u0219i la for\u021bele de smulgere Suport\u0103 greutatea acoperi\u015fului Expunerea la for\u0163ele externe cum este &icirc;nc\u0103rcarea din z\u0103pad\u0103 Aspecte fizice ale [&hellip;]","og_url":"https:\/\/www.nedzink.com\/ro\/stratul-suport\/","og_site_name":"NedZink","twitter_card":"summary_large_image","twitter_misc":{"Timp estimat pentru citire":"1 minut"},"schema":{"@context":"https:\/\/schema.org","@graph":[{"@type":"WebPage","@id":"https:\/\/www.nedzink.com\/ro\/stratul-suport\/","url":"https:\/\/www.nedzink.com\/ro\/stratul-suport\/","name":"Stratul suport \u2013 NedZink","isPartOf":{"@id":"https:\/\/www.nedzink.com\/ro\/#website"},"datePublished":"2019-06-04T12:54:44+00:00","breadcrumb":{"@id":"https:\/\/www.nedzink.com\/ro\/stratul-suport\/#breadcrumb"},"inLanguage":"ro-RO","potentialAction":[{"@type":"ReadAction","target":["https:\/\/www.nedzink.com\/ro\/stratul-suport\/"]}]},{"@type":"BreadcrumbList","@id":"https:\/\/www.nedzink.com\/ro\/stratul-suport\/#breadcrumb","itemListElement":[{"@type":"ListItem","position":1,"name":"Home","item":"https:\/\/www.nedzink.com\/ro\/"},{"@type":"ListItem","position":2,"name":"Stratul suport"}]},{"@type":"WebSite","@id":"https:\/\/www.nedzink.com\/ro\/#website","url":"https:\/\/www.nedzink.com\/ro\/","name":"NedZink","description":"Zink fabrikant","publisher":{"@id":"https:\/\/www.nedzink.com\/ro\/#organization"},"potentialAction":[{"@type":"SearchAction","target":{"@type":"EntryPoint","urlTemplate":"https:\/\/www.nedzink.com\/ro\/?s={search_term_string}"},"query-input":{"@type":"PropertyValueSpecification","valueRequired":true,"valueName":"search_term_string"}}],"inLanguage":"ro-RO"},{"@type":"Organization","@id":"https:\/\/www.nedzink.com\/ro\/#organization","name":"NedZink","url":"https:\/\/www.nedzink.com\/ro\/","logo":{"@type":"ImageObject","inLanguage":"ro-RO","@id":"https:\/\/www.nedzink.com\/ro\/#\/schema\/logo\/image\/","url":"https:\/\/www.nedzink.com\/wp-content\/uploads\/2019\/08\/logo-nedzink_fc_zk.jpg","contentUrl":"https:\/\/www.nedzink.com\/wp-content\/uploads\/2019\/08\/logo-nedzink_fc_zk.jpg","width":2160,"height":688,"caption":"NedZink"},"image":{"@id":"https:\/\/www.nedzink.com\/ro\/#\/schema\/logo\/image\/"}}]}},"_links":{"self":[{"href":"https:\/\/www.nedzink.com\/ro\/wp-json\/wp\/v2\/pages\/30804","targetHints":{"allow":["GET"]}}],"collection":[{"href":"https:\/\/www.nedzink.com\/ro\/wp-json\/wp\/v2\/pages"}],"about":[{"href":"https:\/\/www.nedzink.com\/ro\/wp-json\/wp\/v2\/types\/page"}],"author":[{"embeddable":true,"href":"https:\/\/www.nedzink.com\/ro\/wp-json\/wp\/v2\/users\/9"}],"replies":[{"embeddable":true,"href":"https:\/\/www.nedzink.com\/ro\/wp-json\/wp\/v2\/comments?post=30804"}],"version-history":[{"count":0,"href":"https:\/\/www.nedzink.com\/ro\/wp-json\/wp\/v2\/pages\/30804\/revisions"}],"wp:attachment":[{"href":"https:\/\/www.nedzink.com\/ro\/wp-json\/wp\/v2\/media?parent=30804"}],"curies":[{"name":"wp","href":"https:\/\/api.w.org\/{rel}","templated":true}]}}