{"id":30774,"date":"2019-06-04T14:54:36","date_gmt":"2019-06-04T12:54:36","guid":{"rendered":"http:\/\/136.144.181.85\/~nedzink\/info-si-sfaturi\/fizica-in-constructii\/incarcarea-din-vant\/"},"modified":"2019-06-04T14:54:36","modified_gmt":"2019-06-04T12:54:36","slug":"incarcarea-din-vant","status":"publish","type":"page","link":"https:\/\/www.nedzink.com\/ro\/incarcarea-din-vant\/","title":{"rendered":"\u00cenc\u0103rcarea din v\u00e2nt"},"content":{"rendered":"<p>Cerin\u0163ele pentru &icirc;nc\u0103rcarea la v&acirc;nt, pe care o construc\u0163ie trebuie s\u0103 le &icirc;ndeplineasc\u0103, sunt descrise &icirc;n standardele na\u021bionale &icirc;n construc\u021bii ale fiec\u0103rei t\u0103ri. Sistemele tradi\u0163ionale sus\u0163inute integral, ca fal\u0163ul vertical sau sistemul de &icirc;mbinare cu \u015fipc\u0103, vor fi supuse fenomenului de suc\u0163iune a v&acirc;ntului. Pentru structurile &icirc;n consol\u0103, presiunea v&acirc;ntului, greutatea \u015fi &icirc;n consecin\u0163\u0103 devia\u0163ia materialului trebuie luate &icirc;n considerare. Pe l&acirc;ng\u0103 metoda de prindere, este foarte important \u0219i sistemul de &icirc;nvelitoare. Suc\u0163iunea v&acirc;ntului care are loc &icirc;ntr-un perete sau &icirc;ntr-o &icirc;nvelitoare depinde de &icirc;n\u0103l\u0163imea \u015fi forma cl\u0103dirii.<\/p>\n<p>Suc\u0163iunea v&acirc;ntului este reprezentat\u0103 de o for\u021b\u0103 uniform distribuit\u0103 &icirc;n Newton pe m&sup2;, perpendicular\u0103 pe o suprafa\u0163\u0103. Calculul suc\u0163iunii v&acirc;ntului, depinz&acirc;nd de altitudine \u015fi de diferen\u0163ele de zone sunt &icirc;nregistrate \u0219i descrise &icirc;n normativele fiec\u0103rei \u021b\u0103ri.<\/p>\n","protected":false},"excerpt":{"rendered":"<p>Cerin\u0163ele pentru &icirc;nc\u0103rcarea la v&acirc;nt, pe care o construc\u0163ie trebuie s\u0103 le &icirc;ndeplineasc\u0103, sunt descrise &icirc;n standardele na\u021bionale &icirc;n construc\u021bii ale fiec\u0103rei t\u0103ri. Sistemele tradi\u0163ionale sus\u0163inute integral, ca fal\u0163ul vertical sau sistemul de &icirc;mbinare cu \u015fipc\u0103, vor fi supuse fenomenului de suc\u0163iune a v&acirc;ntului. Pentru structurile &icirc;n consol\u0103, presiunea v&acirc;ntului, greutatea \u015fi &icirc;n consecin\u0163\u0103 devia\u0163ia [&hellip;]<\/p>\n","protected":false},"author":9,"featured_media":0,"parent":0,"menu_order":710,"comment_status":"closed","ping_status":"closed","template":"template-import.php","meta":{"_acf_changed":false,"footnotes":""},"class_list":["post-30774","page","type-page","status-publish","hentry"],"acf":[],"yoast_head":"<!-- This site is optimized with the Yoast SEO plugin v26.8 - https:\/\/yoast.com\/product\/yoast-seo-wordpress\/ -->\n<title>\u00cenc\u0103rcarea din v\u00e2nt \u2013 NedZink<\/title>\n<meta name=\"robots\" content=\"index, follow, max-snippet:-1, max-image-preview:large, max-video-preview:-1\" \/>\n<link rel=\"canonical\" href=\"https:\/\/www.nedzink.com\/ro\/incarcarea-din-vant\/\" \/>\n<meta property=\"og:locale\" content=\"ro_RO\" \/>\n<meta property=\"og:type\" content=\"article\" \/>\n<meta property=\"og:title\" content=\"\u00cenc\u0103rcarea din v\u00e2nt \u2013 NedZink\" \/>\n<meta property=\"og:description\" content=\"Cerin\u0163ele pentru &icirc;nc\u0103rcarea la v&acirc;nt, pe care o construc\u0163ie trebuie s\u0103 le &icirc;ndeplineasc\u0103, sunt descrise &icirc;n standardele na\u021bionale &icirc;n construc\u021bii ale fiec\u0103rei t\u0103ri. Sistemele tradi\u0163ionale sus\u0163inute integral, ca fal\u0163ul vertical sau sistemul de &icirc;mbinare cu \u015fipc\u0103, vor fi supuse fenomenului de suc\u0163iune a v&acirc;ntului. Pentru structurile &icirc;n consol\u0103, presiunea v&acirc;ntului, greutatea \u015fi &icirc;n consecin\u0163\u0103 devia\u0163ia [&hellip;]\" \/>\n<meta property=\"og:url\" content=\"https:\/\/www.nedzink.com\/ro\/incarcarea-din-vant\/\" \/>\n<meta property=\"og:site_name\" content=\"NedZink\" \/>\n<meta name=\"twitter:card\" content=\"summary_large_image\" \/>\n<meta name=\"twitter:label1\" content=\"Timp estimat pentru citire\" \/>\n\t<meta name=\"twitter:data1\" content=\"1 minut\" \/>\n<script type=\"application\/ld+json\" class=\"yoast-schema-graph\">{\"@context\":\"https:\/\/schema.org\",\"@graph\":[{\"@type\":\"WebPage\",\"@id\":\"https:\/\/www.nedzink.com\/ro\/incarcarea-din-vant\/\",\"url\":\"https:\/\/www.nedzink.com\/ro\/incarcarea-din-vant\/\",\"name\":\"\u00cenc\u0103rcarea din v\u00e2nt \u2013 NedZink\",\"isPartOf\":{\"@id\":\"https:\/\/www.nedzink.com\/ro\/#website\"},\"datePublished\":\"2019-06-04T12:54:36+00:00\",\"breadcrumb\":{\"@id\":\"https:\/\/www.nedzink.com\/ro\/incarcarea-din-vant\/#breadcrumb\"},\"inLanguage\":\"ro-RO\",\"potentialAction\":[{\"@type\":\"ReadAction\",\"target\":[\"https:\/\/www.nedzink.com\/ro\/incarcarea-din-vant\/\"]}]},{\"@type\":\"BreadcrumbList\",\"@id\":\"https:\/\/www.nedzink.com\/ro\/incarcarea-din-vant\/#breadcrumb\",\"itemListElement\":[{\"@type\":\"ListItem\",\"position\":1,\"name\":\"Home\",\"item\":\"https:\/\/www.nedzink.com\/ro\/\"},{\"@type\":\"ListItem\",\"position\":2,\"name\":\"\u00cenc\u0103rcarea din v\u00e2nt\"}]},{\"@type\":\"WebSite\",\"@id\":\"https:\/\/www.nedzink.com\/ro\/#website\",\"url\":\"https:\/\/www.nedzink.com\/ro\/\",\"name\":\"NedZink\",\"description\":\"Zink fabrikant\",\"publisher\":{\"@id\":\"https:\/\/www.nedzink.com\/ro\/#organization\"},\"potentialAction\":[{\"@type\":\"SearchAction\",\"target\":{\"@type\":\"EntryPoint\",\"urlTemplate\":\"https:\/\/www.nedzink.com\/ro\/?s={search_term_string}\"},\"query-input\":{\"@type\":\"PropertyValueSpecification\",\"valueRequired\":true,\"valueName\":\"search_term_string\"}}],\"inLanguage\":\"ro-RO\"},{\"@type\":\"Organization\",\"@id\":\"https:\/\/www.nedzink.com\/ro\/#organization\",\"name\":\"NedZink\",\"url\":\"https:\/\/www.nedzink.com\/ro\/\",\"logo\":{\"@type\":\"ImageObject\",\"inLanguage\":\"ro-RO\",\"@id\":\"https:\/\/www.nedzink.com\/ro\/#\/schema\/logo\/image\/\",\"url\":\"https:\/\/www.nedzink.com\/wp-content\/uploads\/2019\/08\/logo-nedzink_fc_zk.jpg\",\"contentUrl\":\"https:\/\/www.nedzink.com\/wp-content\/uploads\/2019\/08\/logo-nedzink_fc_zk.jpg\",\"width\":2160,\"height\":688,\"caption\":\"NedZink\"},\"image\":{\"@id\":\"https:\/\/www.nedzink.com\/ro\/#\/schema\/logo\/image\/\"}}]}<\/script>\n<!-- \/ Yoast SEO plugin. -->","yoast_head_json":{"title":"\u00cenc\u0103rcarea din v\u00e2nt \u2013 NedZink","robots":{"index":"index","follow":"follow","max-snippet":"max-snippet:-1","max-image-preview":"max-image-preview:large","max-video-preview":"max-video-preview:-1"},"canonical":"https:\/\/www.nedzink.com\/ro\/incarcarea-din-vant\/","og_locale":"ro_RO","og_type":"article","og_title":"\u00cenc\u0103rcarea din v\u00e2nt \u2013 NedZink","og_description":"Cerin\u0163ele pentru &icirc;nc\u0103rcarea la v&acirc;nt, pe care o construc\u0163ie trebuie s\u0103 le &icirc;ndeplineasc\u0103, sunt descrise &icirc;n standardele na\u021bionale &icirc;n construc\u021bii ale fiec\u0103rei t\u0103ri. Sistemele tradi\u0163ionale sus\u0163inute integral, ca fal\u0163ul vertical sau sistemul de &icirc;mbinare cu \u015fipc\u0103, vor fi supuse fenomenului de suc\u0163iune a v&acirc;ntului. Pentru structurile &icirc;n consol\u0103, presiunea v&acirc;ntului, greutatea \u015fi &icirc;n consecin\u0163\u0103 devia\u0163ia [&hellip;]","og_url":"https:\/\/www.nedzink.com\/ro\/incarcarea-din-vant\/","og_site_name":"NedZink","twitter_card":"summary_large_image","twitter_misc":{"Timp estimat pentru citire":"1 minut"},"schema":{"@context":"https:\/\/schema.org","@graph":[{"@type":"WebPage","@id":"https:\/\/www.nedzink.com\/ro\/incarcarea-din-vant\/","url":"https:\/\/www.nedzink.com\/ro\/incarcarea-din-vant\/","name":"\u00cenc\u0103rcarea din v\u00e2nt \u2013 NedZink","isPartOf":{"@id":"https:\/\/www.nedzink.com\/ro\/#website"},"datePublished":"2019-06-04T12:54:36+00:00","breadcrumb":{"@id":"https:\/\/www.nedzink.com\/ro\/incarcarea-din-vant\/#breadcrumb"},"inLanguage":"ro-RO","potentialAction":[{"@type":"ReadAction","target":["https:\/\/www.nedzink.com\/ro\/incarcarea-din-vant\/"]}]},{"@type":"BreadcrumbList","@id":"https:\/\/www.nedzink.com\/ro\/incarcarea-din-vant\/#breadcrumb","itemListElement":[{"@type":"ListItem","position":1,"name":"Home","item":"https:\/\/www.nedzink.com\/ro\/"},{"@type":"ListItem","position":2,"name":"\u00cenc\u0103rcarea din v\u00e2nt"}]},{"@type":"WebSite","@id":"https:\/\/www.nedzink.com\/ro\/#website","url":"https:\/\/www.nedzink.com\/ro\/","name":"NedZink","description":"Zink fabrikant","publisher":{"@id":"https:\/\/www.nedzink.com\/ro\/#organization"},"potentialAction":[{"@type":"SearchAction","target":{"@type":"EntryPoint","urlTemplate":"https:\/\/www.nedzink.com\/ro\/?s={search_term_string}"},"query-input":{"@type":"PropertyValueSpecification","valueRequired":true,"valueName":"search_term_string"}}],"inLanguage":"ro-RO"},{"@type":"Organization","@id":"https:\/\/www.nedzink.com\/ro\/#organization","name":"NedZink","url":"https:\/\/www.nedzink.com\/ro\/","logo":{"@type":"ImageObject","inLanguage":"ro-RO","@id":"https:\/\/www.nedzink.com\/ro\/#\/schema\/logo\/image\/","url":"https:\/\/www.nedzink.com\/wp-content\/uploads\/2019\/08\/logo-nedzink_fc_zk.jpg","contentUrl":"https:\/\/www.nedzink.com\/wp-content\/uploads\/2019\/08\/logo-nedzink_fc_zk.jpg","width":2160,"height":688,"caption":"NedZink"},"image":{"@id":"https:\/\/www.nedzink.com\/ro\/#\/schema\/logo\/image\/"}}]}},"_links":{"self":[{"href":"https:\/\/www.nedzink.com\/ro\/wp-json\/wp\/v2\/pages\/30774","targetHints":{"allow":["GET"]}}],"collection":[{"href":"https:\/\/www.nedzink.com\/ro\/wp-json\/wp\/v2\/pages"}],"about":[{"href":"https:\/\/www.nedzink.com\/ro\/wp-json\/wp\/v2\/types\/page"}],"author":[{"embeddable":true,"href":"https:\/\/www.nedzink.com\/ro\/wp-json\/wp\/v2\/users\/9"}],"replies":[{"embeddable":true,"href":"https:\/\/www.nedzink.com\/ro\/wp-json\/wp\/v2\/comments?post=30774"}],"version-history":[{"count":0,"href":"https:\/\/www.nedzink.com\/ro\/wp-json\/wp\/v2\/pages\/30774\/revisions"}],"wp:attachment":[{"href":"https:\/\/www.nedzink.com\/ro\/wp-json\/wp\/v2\/media?parent=30774"}],"curies":[{"name":"wp","href":"https:\/\/api.w.org\/{rel}","templated":true}]}}