{"id":30764,"date":"2019-06-04T14:54:33","date_gmt":"2019-06-04T12:54:33","guid":{"rendered":"http:\/\/136.144.181.85\/~nedzink\/info-si-sfaturi\/fizica-in-constructii\/sunet\/"},"modified":"2019-06-04T14:54:33","modified_gmt":"2019-06-04T12:54:33","slug":"sunet","status":"publish","type":"page","link":"https:\/\/www.nedzink.com\/ro\/sunet\/","title":{"rendered":"Sunet"},"content":{"rendered":"<p>Acoperi\u015ful metalic poate genera zgomot din cauza grindinei sau a ploii abundente. Cu o structur\u0103 suport continu\u0103 (astereal\u0103, placaj, etc) acest efect este diminuat semnificativ. Se poate ob\u021bine o \u0219i mai bun\u0103 izolare fonic\u0103 aplic&acirc;nd un covor de ventila\u021bie sub &icirc;nvelitoare, iar acest sistem ajut\u0103 la o mai bun\u0103 ventila\u021bie a tablei de titan-zinc.<\/p>\n","protected":false},"excerpt":{"rendered":"<p>Acoperi\u015ful metalic poate genera zgomot din cauza grindinei sau a ploii abundente. Cu o structur\u0103 suport continu\u0103 (astereal\u0103, placaj, etc) acest efect este diminuat semnificativ. Se poate ob\u021bine o \u0219i mai bun\u0103 izolare fonic\u0103 aplic&acirc;nd un covor de ventila\u021bie sub &icirc;nvelitoare, iar acest sistem ajut\u0103 la o mai bun\u0103 ventila\u021bie a tablei de titan-zinc.<\/p>\n","protected":false},"author":9,"featured_media":0,"parent":0,"menu_order":700,"comment_status":"closed","ping_status":"closed","template":"template-import.php","meta":{"_acf_changed":false,"footnotes":""},"class_list":["post-30764","page","type-page","status-publish","hentry"],"acf":[],"yoast_head":"<!-- This site is optimized with the Yoast SEO plugin v26.8 - https:\/\/yoast.com\/product\/yoast-seo-wordpress\/ -->\n<title>Sunet \u2013 NedZink<\/title>\n<meta name=\"robots\" content=\"index, follow, max-snippet:-1, max-image-preview:large, max-video-preview:-1\" \/>\n<link rel=\"canonical\" href=\"https:\/\/www.nedzink.com\/ro\/sunet\/\" \/>\n<meta property=\"og:locale\" content=\"ro_RO\" \/>\n<meta property=\"og:type\" content=\"article\" \/>\n<meta property=\"og:title\" content=\"Sunet \u2013 NedZink\" \/>\n<meta property=\"og:description\" content=\"Acoperi\u015ful metalic poate genera zgomot din cauza grindinei sau a ploii abundente. Cu o structur\u0103 suport continu\u0103 (astereal\u0103, placaj, etc) acest efect este diminuat semnificativ. Se poate ob\u021bine o \u0219i mai bun\u0103 izolare fonic\u0103 aplic&acirc;nd un covor de ventila\u021bie sub &icirc;nvelitoare, iar acest sistem ajut\u0103 la o mai bun\u0103 ventila\u021bie a tablei de titan-zinc.\" \/>\n<meta property=\"og:url\" content=\"https:\/\/www.nedzink.com\/ro\/sunet\/\" \/>\n<meta property=\"og:site_name\" content=\"NedZink\" \/>\n<meta name=\"twitter:card\" content=\"summary_large_image\" \/>\n<script type=\"application\/ld+json\" class=\"yoast-schema-graph\">{\"@context\":\"https:\/\/schema.org\",\"@graph\":[{\"@type\":\"WebPage\",\"@id\":\"https:\/\/www.nedzink.com\/ro\/sunet\/\",\"url\":\"https:\/\/www.nedzink.com\/ro\/sunet\/\",\"name\":\"Sunet \u2013 NedZink\",\"isPartOf\":{\"@id\":\"https:\/\/www.nedzink.com\/ro\/#website\"},\"datePublished\":\"2019-06-04T12:54:33+00:00\",\"breadcrumb\":{\"@id\":\"https:\/\/www.nedzink.com\/ro\/sunet\/#breadcrumb\"},\"inLanguage\":\"ro-RO\",\"potentialAction\":[{\"@type\":\"ReadAction\",\"target\":[\"https:\/\/www.nedzink.com\/ro\/sunet\/\"]}]},{\"@type\":\"BreadcrumbList\",\"@id\":\"https:\/\/www.nedzink.com\/ro\/sunet\/#breadcrumb\",\"itemListElement\":[{\"@type\":\"ListItem\",\"position\":1,\"name\":\"Home\",\"item\":\"https:\/\/www.nedzink.com\/ro\/\"},{\"@type\":\"ListItem\",\"position\":2,\"name\":\"Sunet\"}]},{\"@type\":\"WebSite\",\"@id\":\"https:\/\/www.nedzink.com\/ro\/#website\",\"url\":\"https:\/\/www.nedzink.com\/ro\/\",\"name\":\"NedZink\",\"description\":\"Zink fabrikant\",\"publisher\":{\"@id\":\"https:\/\/www.nedzink.com\/ro\/#organization\"},\"potentialAction\":[{\"@type\":\"SearchAction\",\"target\":{\"@type\":\"EntryPoint\",\"urlTemplate\":\"https:\/\/www.nedzink.com\/ro\/?s={search_term_string}\"},\"query-input\":{\"@type\":\"PropertyValueSpecification\",\"valueRequired\":true,\"valueName\":\"search_term_string\"}}],\"inLanguage\":\"ro-RO\"},{\"@type\":\"Organization\",\"@id\":\"https:\/\/www.nedzink.com\/ro\/#organization\",\"name\":\"NedZink\",\"url\":\"https:\/\/www.nedzink.com\/ro\/\",\"logo\":{\"@type\":\"ImageObject\",\"inLanguage\":\"ro-RO\",\"@id\":\"https:\/\/www.nedzink.com\/ro\/#\/schema\/logo\/image\/\",\"url\":\"https:\/\/www.nedzink.com\/wp-content\/uploads\/2019\/08\/logo-nedzink_fc_zk.jpg\",\"contentUrl\":\"https:\/\/www.nedzink.com\/wp-content\/uploads\/2019\/08\/logo-nedzink_fc_zk.jpg\",\"width\":2160,\"height\":688,\"caption\":\"NedZink\"},\"image\":{\"@id\":\"https:\/\/www.nedzink.com\/ro\/#\/schema\/logo\/image\/\"}}]}<\/script>\n<!-- \/ Yoast SEO plugin. -->","yoast_head_json":{"title":"Sunet \u2013 NedZink","robots":{"index":"index","follow":"follow","max-snippet":"max-snippet:-1","max-image-preview":"max-image-preview:large","max-video-preview":"max-video-preview:-1"},"canonical":"https:\/\/www.nedzink.com\/ro\/sunet\/","og_locale":"ro_RO","og_type":"article","og_title":"Sunet \u2013 NedZink","og_description":"Acoperi\u015ful metalic poate genera zgomot din cauza grindinei sau a ploii abundente. Cu o structur\u0103 suport continu\u0103 (astereal\u0103, placaj, etc) acest efect este diminuat semnificativ. Se poate ob\u021bine o \u0219i mai bun\u0103 izolare fonic\u0103 aplic&acirc;nd un covor de ventila\u021bie sub &icirc;nvelitoare, iar acest sistem ajut\u0103 la o mai bun\u0103 ventila\u021bie a tablei de titan-zinc.","og_url":"https:\/\/www.nedzink.com\/ro\/sunet\/","og_site_name":"NedZink","twitter_card":"summary_large_image","schema":{"@context":"https:\/\/schema.org","@graph":[{"@type":"WebPage","@id":"https:\/\/www.nedzink.com\/ro\/sunet\/","url":"https:\/\/www.nedzink.com\/ro\/sunet\/","name":"Sunet \u2013 NedZink","isPartOf":{"@id":"https:\/\/www.nedzink.com\/ro\/#website"},"datePublished":"2019-06-04T12:54:33+00:00","breadcrumb":{"@id":"https:\/\/www.nedzink.com\/ro\/sunet\/#breadcrumb"},"inLanguage":"ro-RO","potentialAction":[{"@type":"ReadAction","target":["https:\/\/www.nedzink.com\/ro\/sunet\/"]}]},{"@type":"BreadcrumbList","@id":"https:\/\/www.nedzink.com\/ro\/sunet\/#breadcrumb","itemListElement":[{"@type":"ListItem","position":1,"name":"Home","item":"https:\/\/www.nedzink.com\/ro\/"},{"@type":"ListItem","position":2,"name":"Sunet"}]},{"@type":"WebSite","@id":"https:\/\/www.nedzink.com\/ro\/#website","url":"https:\/\/www.nedzink.com\/ro\/","name":"NedZink","description":"Zink fabrikant","publisher":{"@id":"https:\/\/www.nedzink.com\/ro\/#organization"},"potentialAction":[{"@type":"SearchAction","target":{"@type":"EntryPoint","urlTemplate":"https:\/\/www.nedzink.com\/ro\/?s={search_term_string}"},"query-input":{"@type":"PropertyValueSpecification","valueRequired":true,"valueName":"search_term_string"}}],"inLanguage":"ro-RO"},{"@type":"Organization","@id":"https:\/\/www.nedzink.com\/ro\/#organization","name":"NedZink","url":"https:\/\/www.nedzink.com\/ro\/","logo":{"@type":"ImageObject","inLanguage":"ro-RO","@id":"https:\/\/www.nedzink.com\/ro\/#\/schema\/logo\/image\/","url":"https:\/\/www.nedzink.com\/wp-content\/uploads\/2019\/08\/logo-nedzink_fc_zk.jpg","contentUrl":"https:\/\/www.nedzink.com\/wp-content\/uploads\/2019\/08\/logo-nedzink_fc_zk.jpg","width":2160,"height":688,"caption":"NedZink"},"image":{"@id":"https:\/\/www.nedzink.com\/ro\/#\/schema\/logo\/image\/"}}]}},"_links":{"self":[{"href":"https:\/\/www.nedzink.com\/ro\/wp-json\/wp\/v2\/pages\/30764","targetHints":{"allow":["GET"]}}],"collection":[{"href":"https:\/\/www.nedzink.com\/ro\/wp-json\/wp\/v2\/pages"}],"about":[{"href":"https:\/\/www.nedzink.com\/ro\/wp-json\/wp\/v2\/types\/page"}],"author":[{"embeddable":true,"href":"https:\/\/www.nedzink.com\/ro\/wp-json\/wp\/v2\/users\/9"}],"replies":[{"embeddable":true,"href":"https:\/\/www.nedzink.com\/ro\/wp-json\/wp\/v2\/comments?post=30764"}],"version-history":[{"count":0,"href":"https:\/\/www.nedzink.com\/ro\/wp-json\/wp\/v2\/pages\/30764\/revisions"}],"wp:attachment":[{"href":"https:\/\/www.nedzink.com\/ro\/wp-json\/wp\/v2\/media?parent=30764"}],"curies":[{"name":"wp","href":"https:\/\/api.w.org\/{rel}","templated":true}]}}