{"id":30740,"date":"2019-06-04T14:54:24","date_gmt":"2019-06-04T12:54:24","guid":{"rendered":"http:\/\/136.144.181.85\/~nedzink\/info-si-sfaturi\/fizica-in-constructii\/structura-ventilata\/"},"modified":"2020-03-02T15:22:32","modified_gmt":"2020-03-02T14:22:32","slug":"structura-ventilata","status":"publish","type":"page","link":"https:\/\/www.nedzink.com\/ro\/structura-ventilata\/","title":{"rendered":"Structur\u0103 ventilat\u0103"},"content":{"rendered":"[vc_row][vc_column][vc_column_text css=&#8221;.vc_custom_1583158950272{margin-bottom: 0px !important;}&#8221;]Calitatea \u015fi exploatarea pe durata vie\u0163ii unui acoperi\u015f din titan-zinc depinde \u00een primul r\u00e2nd de proiectarea \u015fi execu\u0163ia structurii acoperi\u015fului ca \u00eentreg \u015fi \u00een al doilea r\u00e2nd de titan-zinc \u00een sine. C\u00e2nd acoperi\u015ful este izolat, un sistem de ventilare \u00eencorporat pe intrados este singura metod\u0103 recomandat\u0103 de c\u0103tre NedZink B.V. pentru \u00eenvelitori realizate de NedZink. Dac\u0103 acoperi\u015ful este corect construit, orice coroziune a materialelor de zinc cauzat\u0103 de condensul apei din interior este practic eliminat.<\/p>\n<table style=\"width: 400px;\" border=\"1\" cellspacing=\"0\" cellpadding=\"10\">\n<tbody>\n<tr>\n<td>\n<p style=\"margin-bottom: 0cm; line-height: 100%;\">Din punct de vedere structural, proiectarea unui acoperi\u015f de titan-zinc este \u00een principiu similar\u0103 cu cea a unei fa\u0163ade. \u00cen aceast\u0103 recomandare tehnic\u0103 am discutat doar de acoperi\u015furi care au o pant\u0103 \u00eentre 3\u00b0 \u015fi 90\u00b0. Acoperi\u015furile plane sau cu o pant\u0103 mai mic\u0103 de 3\u00b0 trebuie , pe c\u00e2t posibil, s\u0103 nu fie realizate din titan-zinc dec\u00e2t dac\u0103 aria acoperi\u015fului este mai mic\u0103 de 15 mp, de exemplu peste lucarne \u015fi copertine.<\/p>\n<\/td>\n<\/tr>\n<\/tbody>\n<\/table>\n<p align=\"left\"><img decoding=\"async\" style=\"border-width: 0px; border-style: solid; width: 632px; height: 434px;\" src=\"https:\/\/www.nedzink.com\/wp-content\/uploads\/import\/cms\/userfiles\/images\/tz5_picture_01.jpg\" \/><\/p>\n<p>Principiul de construire este ilustrat \u00een fig. 1<br \/>\nComponentele identificate dinspre interior:<\/p>\n<ol>\n<li>\n<div align=\"left\">Tavan \u2013 orice tip, de\u015fi trebuie s\u0103 suporte materialul izolator sau s\u0103 aib\u0103 izola\u0163ia ata\u015fat\u0103.<\/div>\n<\/li>\n<li>\n<div align=\"left\">Membran\u0103 de control vapori metalic\u0103 sau cu microfilm de plastic.<\/div>\n<\/li>\n<li>\n<div align=\"left\">C\u0103priori de sus\u0163inere \u2013 din lemn \u00een general.<\/div>\n<\/li>\n<li>\n<div align=\"left\">Material termoizolant. Este mai bine dac\u0103 acesta se pune continuu sub c\u0103priori, dar aceasta necesit\u0103 o construc\u0163ie diferit\u0103.<br \/>\nGrosimea stratului de izolare depinde de materialul folosit \u015fi de gradul de izola\u0163ie necesar.<\/div>\n<\/li>\n<li>\n<div align=\"left\">Spa\u0163iul de ventilare: grosimea depinde de panta acoperi\u015fului (vezi tabel).<\/div>\n<\/li>\n<li>\n<div align=\"left\">Astereal\u0103: Dac\u0103 se folose\u015fte titan-zinc se prefer\u0103 material lemnos cu elemente de minim 22 mm grosime.<br \/>\nTrebuie s\u0103 fie un spa\u0163iu de minim 5 mm \u00eentre elementele de lemn. Dac\u0103 panta dep\u0103\u015fe\u015fte 45\u00b0,\u00a0substructura poate fi din panouri de lemn cu spa\u0163iu \u00eentre ele de p\u00e2n\u0103 la 10 cm.<br \/>\nCuiele trebuie s\u0103 fie ascunse pentru a preveni contactul cu zincul. Ideal, cuiele trebuie s\u0103 fie galvanizate.<\/div>\n<\/li>\n<li>\n<div align=\"left\">Tipul de sistem de \u00eenvelitoare NedZink : Principalele op\u0163iuni sunt: sistemul de prindere cu ajutorul unei \u015fipci, fal\u0163ul vertical, sistemul de panou ( finisaj pe diagonal\u0103) \u015fi sistemul NedZink.<\/div>\n<\/li>\n<\/ol>\n<p>&nbsp;<\/p>\n<h2>Cum se formeaz\u0103 condensul apei<\/h2>\n<h3>Aspecte de proiectare<\/h3>\n<p><img decoding=\"async\" style=\"border-width: 0px; border-style: solid; width: 632px; height: 434px;\" src=\"https:\/\/www.nedzink.com\/wp-content\/uploads\/import\/cms\/userfiles\/images\/tz5_picture_02.jpg\" \/><\/p>\n<h3>Fig. 2 Curba temperaturii \u015fi presiunea vaporilor de ap\u0103 \u00eentr-o structur\u0103 ventilat\u0103<\/h3>\n<p>Acoperi\u015furile sunt supuse stresului produs de for\u0163ele mecanice, dar \u015fi de aspectele fizice ale cl\u0103dirii. Acestea includ temperaturile fluctuante, care pot varia \u00eentre &#8211; 20\u00b0 C \u015fi + 80\u00b0 C, \u015fi diferen\u0163ele dintre umiditatea aerului din interior \u015fi exterior.<\/p>\n<p>\u00cen situa\u0163ia des \u00eent\u00e2lnit\u0103, c\u00e2nd temperatura intern\u0103 (Ti) este mai mare ca temperatura extern\u0103(Te), se \u00eent\u00e2mpl\u0103 ca umiditatea aerului din interior s\u0103 fie mai mare ca cea din exterior (vezi fig.2)<\/p>\n<p>Diferen\u0163a de presiune (Pi \u2013 Pe) face ca vaporii s\u0103 se deplaseze prin structura acoperi\u015fului din interior c\u0103tre exterior. Dac\u0103 acoperi\u015ful nu este construit corect, condensul sau \u00eenghe\u0163ul se vor forma pe interiorul relativ rece al titan-zincului.<\/p>\n<h3>Deteriorarea \u015fi preven\u0163ia<\/h3>\n<p>Condensul excesiv poate d\u0103una \u00een mai multe moduri. De exemplu, poate d\u0103una titan-zincului pe intrados ca rezultat al coroziunii, sau s\u0103 d\u0103uneze din cauza umidit\u0103\u0163ii \u00een unele p\u0103r\u0163i ale structurii suport (coroziunea metalului, putrezirea sau muceg\u0103irea lemnului). Etan\u015farea total\u0103 \u00een interior nu este solu\u0163ia corect\u0103: \u00een practic\u0103 nu se poate face, \u015fi \u00een termenii regl\u0103rii umidit\u0103\u0163ii nu este de dorit acest lucru.<\/p>\n<p>\u00cen m\u0103sura ob\u0163inerii unei mi\u015fc\u0103ri optime a vaporilor \u015fi pentru a evita riscul de stric\u0103ciuni, trebuie urma\u021bi doi pa\u015fi pentru realizarea acestui lucru:<\/p>\n<ol>\n<li>La interiorul izola\u0163iei termice se pune o membran\u0103 de control vapori<\/li>\n<li>Se prevede un spa\u0163iu de ventilare \u00een exteriorul izola\u0163iei termice pentru a permite ventilarea cu aerul exterior<\/li>\n<\/ol>\n<h3>A.Membrana de control vapori<\/h3>\n<p>Aceast\u0103 membran\u0103 este necesar\u0103:<\/p>\n<ol>\n<li>Pentru a permite transferul c\u0103tre exterior a unei cantit\u0103\u021bi optime de vapori veni\u0163i dinspre interior (vapori produ\u015fi de ocupan\u0163i). Se recomand\u0103 utilizarea unei membrane care controleaz\u0103 transmiterea vaporilor, cu o valoare Sd = 10.<\/li>\n<li>Pentru a face structura etan\u015f\u0103 la uscare \u015fi pentru a preveni ca aerul din interior s\u0103 circule direct prin spa\u0163iul de ventilare. Spa\u0163iul de ventilare este \u00een contact direct cu aerul din exterior, astfel c\u0103 aerul poate circula prin g\u0103urile sau spa\u0163iile prost etan\u015fate ale acesteia.<\/li>\n<\/ol>\n<p>Membrana de control vapori nu este necesar\u0103 \u00een toate situa\u021biile. De exemplu unde structura de sub spa\u0163iul de ventilare are o valoare a controlului de vapori mai mare de 10. Totu\u015fi, \u00een aceste cazuri, sec\u0163iunea de ventila\u0163ie \u015fi deschiderile de ventia\u0163ie ale aerului trebuie sa corespund\u0103 valorilor din tabel, iar protec\u021bia trebuie prevazut\u0103 pentru a etan\u0219a cr\u0103p\u0103turile dintre spa\u0163iul de ventilare \u015fi spa\u0163iul interior.<\/p>\n<h3>B. Spa\u0163iul de ventilare<\/h3>\n<p>Spa\u0163iul de ventilare trebuie sa fie \u00een contact direct cu aerul exterior prin guri de ventilare \u00een cel mai jos \u015fi \u00een cel mai sus punct al acoperi\u015fului sau fa\u0163adei. Aerul va avea liber\u0103 circula\u0163ie prin aceste deschideri, f\u0103r\u0103 obstacole majore. Dimensiunile necesare ale spa\u0163iului \u015fi gurilor de ventila\u0163ie sunt detaliate \u00een urm\u0103torul tabel:<\/p>\n<h3>Table<\/h3>\n<table style=\"width: 600px;\" border=\"1\" cellspacing=\"0\" cellpadding=\"0\">\n<tbody>\n<tr>\n<td>\n<p align=\"center\">Pant\u0103<\/p>\n<\/td>\n<td>\n<p align=\"center\">L\u0103\u0163imea minim\u0103 a spa\u0163iului de ventilare<\/p>\n<\/td>\n<td>\n<p align=\"center\">Sec\u0163iunea minim\u0103 de ventila\u0163ie a deschiderilor de sus \u015fi jos pe mp de acoperi\u015f<\/p>\n<\/td>\n<\/tr>\n<tr>\n<td>\n<p align=\"center\">Sub 3\u00b0<\/p>\n<p align=\"center\">3\u00b0 &#8211; 20\u00b0<\/p>\n<p align=\"center\">Peste 20\u00b0<\/p>\n<\/td>\n<td>\n<p align=\"center\">10 cm<\/p>\n<p align=\"center\">10 cm<\/p>\n<p align=\"center\">5 cm<\/p>\n<\/td>\n<td>\n<p align=\"center\">25 cm\u00b2<\/p>\n<p align=\"center\">20 cm\u00b2<\/p>\n<p align=\"center\">10 cm\u00b2<\/p>\n<\/td>\n<\/tr>\n<\/tbody>\n<\/table>\n<p>&nbsp;<\/p>\n<p>\u00cen prezen\u0163a unui nivel mai mare de umiditate, \u00een cazul unei temperaturi de 20\u00b0C \u015fi o umiditate relativ\u0103 de 60%<br \/>\n(presiune vapori &gt; Ps = 1400 Pa), panta minim\u0103 recomandat\u0103 este de 7\u00b0.<\/p>\n<h3>Execu\u0163ie<\/h3>\n<p>Sfaturile oferite mai sus se aplic\u0103 \u00een majoritatea cazurilor. Detaliile de acoperi\u015f \u015fi de fa\u0163ad\u0103 ilustreaz\u0103 clar modul \u00een care trebuie construite aceste zone. Cu toate acestea, experien\u0163a ne-a dovedit c\u0103 o serie de detalii de execu\u0163ie nu pot fi g\u00e2ndite de la \u00eenceput, fiind l\u0103sate spre rezolvare \u00een \u015fantier de c\u0103tre montatori. \u00cen astfel de cazuri, se \u00eent\u00e2mpl\u0103 adeseori ca \u00een anumite puncte sec\u0163iunile de ventila\u0163ie s\u0103 fie prea mici sau blocate complet (de ex. la ferestre de mansard\u0103 sau lucarne). Recomand\u0103m totu\u015fi s\u0103 se respecte pe c\u00e2t posibil principiile de ventila\u0163ie ale acoperi\u015fului sau fa\u0163adei, deoarece acestea sunt singurele modalit\u0103\u0163i de asiguarare a evacu\u0103rii vaporilor de sub \u00eenvelitoare.[\/vc_column_text][\/vc_column][\/vc_row]\n","protected":false},"excerpt":{"rendered":"<p>[vc_row][vc_column][vc_column_text css=&#8221;.vc_custom_1583158950272{margin-bottom: 0px !important;}&#8221;]Calitatea \u015fi exploatarea pe durata vie\u0163ii unui acoperi\u015f din titan-zinc depinde \u00een primul r\u00e2nd de proiectarea \u015fi execu\u0163ia structurii acoperi\u015fului ca \u00eentreg \u015fi \u00een al doilea r\u00e2nd de titan-zinc \u00een sine. C\u00e2nd acoperi\u015ful este izolat, un sistem de ventilare \u00eencorporat pe intrados este singura metod\u0103 recomandat\u0103 de c\u0103tre NedZink B.V. pentru \u00eenvelitori [&hellip;]<\/p>\n","protected":false},"author":9,"featured_media":0,"parent":0,"menu_order":680,"comment_status":"closed","ping_status":"closed","template":"template-import.php","meta":{"_acf_changed":false,"footnotes":""},"class_list":["post-30740","page","type-page","status-publish","hentry"],"acf":[],"yoast_head":"<!-- This site is optimized with the Yoast SEO plugin v26.8 - https:\/\/yoast.com\/product\/yoast-seo-wordpress\/ -->\n<title>Structur\u0103 ventilat\u0103 \u2013 NedZink<\/title>\n<meta name=\"robots\" content=\"index, follow, max-snippet:-1, max-image-preview:large, max-video-preview:-1\" \/>\n<link rel=\"canonical\" href=\"https:\/\/www.nedzink.com\/ro\/structura-ventilata\/\" \/>\n<meta property=\"og:locale\" content=\"ro_RO\" \/>\n<meta property=\"og:type\" content=\"article\" \/>\n<meta property=\"og:title\" content=\"Structur\u0103 ventilat\u0103 \u2013 NedZink\" \/>\n<meta property=\"og:description\" content=\"[vc_row][vc_column][vc_column_text css=&#8221;.vc_custom_1583158950272{margin-bottom: 0px !important;}&#8221;]Calitatea \u015fi exploatarea pe durata vie\u0163ii unui acoperi\u015f din titan-zinc depinde \u00een primul r\u00e2nd de proiectarea \u015fi execu\u0163ia structurii acoperi\u015fului ca \u00eentreg \u015fi \u00een al doilea r\u00e2nd de titan-zinc \u00een sine. C\u00e2nd acoperi\u015ful este izolat, un sistem de ventilare \u00eencorporat pe intrados este singura metod\u0103 recomandat\u0103 de c\u0103tre NedZink B.V. pentru \u00eenvelitori [&hellip;]\" \/>\n<meta property=\"og:url\" content=\"https:\/\/www.nedzink.com\/ro\/structura-ventilata\/\" \/>\n<meta property=\"og:site_name\" content=\"NedZink\" \/>\n<meta property=\"article:modified_time\" content=\"2020-03-02T14:22:32+00:00\" \/>\n<meta property=\"og:image\" content=\"https:\/\/www.nedzink.com\/wp-content\/uploads\/import\/cms\/userfiles\/images\/tz5_picture_01.jpg\" \/>\n<meta name=\"twitter:card\" content=\"summary_large_image\" \/>\n<meta name=\"twitter:label1\" content=\"Timp estimat pentru citire\" \/>\n\t<meta name=\"twitter:data1\" content=\"5 minute\" \/>\n<script type=\"application\/ld+json\" class=\"yoast-schema-graph\">{\"@context\":\"https:\/\/schema.org\",\"@graph\":[{\"@type\":\"WebPage\",\"@id\":\"https:\/\/www.nedzink.com\/ro\/structura-ventilata\/\",\"url\":\"https:\/\/www.nedzink.com\/ro\/structura-ventilata\/\",\"name\":\"Structur\u0103 ventilat\u0103 \u2013 NedZink\",\"isPartOf\":{\"@id\":\"https:\/\/www.nedzink.com\/ro\/#website\"},\"primaryImageOfPage\":{\"@id\":\"https:\/\/www.nedzink.com\/ro\/structura-ventilata\/#primaryimage\"},\"image\":{\"@id\":\"https:\/\/www.nedzink.com\/ro\/structura-ventilata\/#primaryimage\"},\"thumbnailUrl\":\"https:\/\/www.nedzink.com\/wp-content\/uploads\/import\/cms\/userfiles\/images\/tz5_picture_01.jpg\",\"datePublished\":\"2019-06-04T12:54:24+00:00\",\"dateModified\":\"2020-03-02T14:22:32+00:00\",\"breadcrumb\":{\"@id\":\"https:\/\/www.nedzink.com\/ro\/structura-ventilata\/#breadcrumb\"},\"inLanguage\":\"ro-RO\",\"potentialAction\":[{\"@type\":\"ReadAction\",\"target\":[\"https:\/\/www.nedzink.com\/ro\/structura-ventilata\/\"]}]},{\"@type\":\"ImageObject\",\"inLanguage\":\"ro-RO\",\"@id\":\"https:\/\/www.nedzink.com\/ro\/structura-ventilata\/#primaryimage\",\"url\":\"https:\/\/www.nedzink.com\/wp-content\/uploads\/import\/cms\/userfiles\/images\/tz5_picture_01.jpg\",\"contentUrl\":\"https:\/\/www.nedzink.com\/wp-content\/uploads\/import\/cms\/userfiles\/images\/tz5_picture_01.jpg\"},{\"@type\":\"BreadcrumbList\",\"@id\":\"https:\/\/www.nedzink.com\/ro\/structura-ventilata\/#breadcrumb\",\"itemListElement\":[{\"@type\":\"ListItem\",\"position\":1,\"name\":\"Home\",\"item\":\"https:\/\/www.nedzink.com\/ro\/\"},{\"@type\":\"ListItem\",\"position\":2,\"name\":\"Structur\u0103 ventilat\u0103\"}]},{\"@type\":\"WebSite\",\"@id\":\"https:\/\/www.nedzink.com\/ro\/#website\",\"url\":\"https:\/\/www.nedzink.com\/ro\/\",\"name\":\"NedZink\",\"description\":\"Zink fabrikant\",\"publisher\":{\"@id\":\"https:\/\/www.nedzink.com\/ro\/#organization\"},\"potentialAction\":[{\"@type\":\"SearchAction\",\"target\":{\"@type\":\"EntryPoint\",\"urlTemplate\":\"https:\/\/www.nedzink.com\/ro\/?s={search_term_string}\"},\"query-input\":{\"@type\":\"PropertyValueSpecification\",\"valueRequired\":true,\"valueName\":\"search_term_string\"}}],\"inLanguage\":\"ro-RO\"},{\"@type\":\"Organization\",\"@id\":\"https:\/\/www.nedzink.com\/ro\/#organization\",\"name\":\"NedZink\",\"url\":\"https:\/\/www.nedzink.com\/ro\/\",\"logo\":{\"@type\":\"ImageObject\",\"inLanguage\":\"ro-RO\",\"@id\":\"https:\/\/www.nedzink.com\/ro\/#\/schema\/logo\/image\/\",\"url\":\"https:\/\/www.nedzink.com\/wp-content\/uploads\/2019\/08\/logo-nedzink_fc_zk.jpg\",\"contentUrl\":\"https:\/\/www.nedzink.com\/wp-content\/uploads\/2019\/08\/logo-nedzink_fc_zk.jpg\",\"width\":2160,\"height\":688,\"caption\":\"NedZink\"},\"image\":{\"@id\":\"https:\/\/www.nedzink.com\/ro\/#\/schema\/logo\/image\/\"}}]}<\/script>\n<!-- \/ Yoast SEO plugin. -->","yoast_head_json":{"title":"Structur\u0103 ventilat\u0103 \u2013 NedZink","robots":{"index":"index","follow":"follow","max-snippet":"max-snippet:-1","max-image-preview":"max-image-preview:large","max-video-preview":"max-video-preview:-1"},"canonical":"https:\/\/www.nedzink.com\/ro\/structura-ventilata\/","og_locale":"ro_RO","og_type":"article","og_title":"Structur\u0103 ventilat\u0103 \u2013 NedZink","og_description":"[vc_row][vc_column][vc_column_text css=&#8221;.vc_custom_1583158950272{margin-bottom: 0px !important;}&#8221;]Calitatea \u015fi exploatarea pe durata vie\u0163ii unui acoperi\u015f din titan-zinc depinde \u00een primul r\u00e2nd de proiectarea \u015fi execu\u0163ia structurii acoperi\u015fului ca \u00eentreg \u015fi \u00een al doilea r\u00e2nd de titan-zinc \u00een sine. C\u00e2nd acoperi\u015ful este izolat, un sistem de ventilare \u00eencorporat pe intrados este singura metod\u0103 recomandat\u0103 de c\u0103tre NedZink B.V. pentru \u00eenvelitori [&hellip;]","og_url":"https:\/\/www.nedzink.com\/ro\/structura-ventilata\/","og_site_name":"NedZink","article_modified_time":"2020-03-02T14:22:32+00:00","og_image":[{"url":"https:\/\/www.nedzink.com\/wp-content\/uploads\/import\/cms\/userfiles\/images\/tz5_picture_01.jpg","type":"","width":"","height":""}],"twitter_card":"summary_large_image","twitter_misc":{"Timp estimat pentru citire":"5 minute"},"schema":{"@context":"https:\/\/schema.org","@graph":[{"@type":"WebPage","@id":"https:\/\/www.nedzink.com\/ro\/structura-ventilata\/","url":"https:\/\/www.nedzink.com\/ro\/structura-ventilata\/","name":"Structur\u0103 ventilat\u0103 \u2013 NedZink","isPartOf":{"@id":"https:\/\/www.nedzink.com\/ro\/#website"},"primaryImageOfPage":{"@id":"https:\/\/www.nedzink.com\/ro\/structura-ventilata\/#primaryimage"},"image":{"@id":"https:\/\/www.nedzink.com\/ro\/structura-ventilata\/#primaryimage"},"thumbnailUrl":"https:\/\/www.nedzink.com\/wp-content\/uploads\/import\/cms\/userfiles\/images\/tz5_picture_01.jpg","datePublished":"2019-06-04T12:54:24+00:00","dateModified":"2020-03-02T14:22:32+00:00","breadcrumb":{"@id":"https:\/\/www.nedzink.com\/ro\/structura-ventilata\/#breadcrumb"},"inLanguage":"ro-RO","potentialAction":[{"@type":"ReadAction","target":["https:\/\/www.nedzink.com\/ro\/structura-ventilata\/"]}]},{"@type":"ImageObject","inLanguage":"ro-RO","@id":"https:\/\/www.nedzink.com\/ro\/structura-ventilata\/#primaryimage","url":"https:\/\/www.nedzink.com\/wp-content\/uploads\/import\/cms\/userfiles\/images\/tz5_picture_01.jpg","contentUrl":"https:\/\/www.nedzink.com\/wp-content\/uploads\/import\/cms\/userfiles\/images\/tz5_picture_01.jpg"},{"@type":"BreadcrumbList","@id":"https:\/\/www.nedzink.com\/ro\/structura-ventilata\/#breadcrumb","itemListElement":[{"@type":"ListItem","position":1,"name":"Home","item":"https:\/\/www.nedzink.com\/ro\/"},{"@type":"ListItem","position":2,"name":"Structur\u0103 ventilat\u0103"}]},{"@type":"WebSite","@id":"https:\/\/www.nedzink.com\/ro\/#website","url":"https:\/\/www.nedzink.com\/ro\/","name":"NedZink","description":"Zink fabrikant","publisher":{"@id":"https:\/\/www.nedzink.com\/ro\/#organization"},"potentialAction":[{"@type":"SearchAction","target":{"@type":"EntryPoint","urlTemplate":"https:\/\/www.nedzink.com\/ro\/?s={search_term_string}"},"query-input":{"@type":"PropertyValueSpecification","valueRequired":true,"valueName":"search_term_string"}}],"inLanguage":"ro-RO"},{"@type":"Organization","@id":"https:\/\/www.nedzink.com\/ro\/#organization","name":"NedZink","url":"https:\/\/www.nedzink.com\/ro\/","logo":{"@type":"ImageObject","inLanguage":"ro-RO","@id":"https:\/\/www.nedzink.com\/ro\/#\/schema\/logo\/image\/","url":"https:\/\/www.nedzink.com\/wp-content\/uploads\/2019\/08\/logo-nedzink_fc_zk.jpg","contentUrl":"https:\/\/www.nedzink.com\/wp-content\/uploads\/2019\/08\/logo-nedzink_fc_zk.jpg","width":2160,"height":688,"caption":"NedZink"},"image":{"@id":"https:\/\/www.nedzink.com\/ro\/#\/schema\/logo\/image\/"}}]}},"_links":{"self":[{"href":"https:\/\/www.nedzink.com\/ro\/wp-json\/wp\/v2\/pages\/30740","targetHints":{"allow":["GET"]}}],"collection":[{"href":"https:\/\/www.nedzink.com\/ro\/wp-json\/wp\/v2\/pages"}],"about":[{"href":"https:\/\/www.nedzink.com\/ro\/wp-json\/wp\/v2\/types\/page"}],"author":[{"embeddable":true,"href":"https:\/\/www.nedzink.com\/ro\/wp-json\/wp\/v2\/users\/9"}],"replies":[{"embeddable":true,"href":"https:\/\/www.nedzink.com\/ro\/wp-json\/wp\/v2\/comments?post=30740"}],"version-history":[{"count":0,"href":"https:\/\/www.nedzink.com\/ro\/wp-json\/wp\/v2\/pages\/30740\/revisions"}],"wp:attachment":[{"href":"https:\/\/www.nedzink.com\/ro\/wp-json\/wp\/v2\/media?parent=30740"}],"curies":[{"name":"wp","href":"https:\/\/api.w.org\/{rel}","templated":true}]}}