{"id":30730,"date":"2019-06-04T14:54:21","date_gmt":"2019-06-04T12:54:21","guid":{"rendered":"http:\/\/136.144.181.85\/~nedzink\/info-si-sfaturi\/fizica-in-constructii\/transferul-vaporilor\/"},"modified":"2019-06-04T14:54:21","modified_gmt":"2019-06-04T12:54:21","slug":"transferul-vaporilor","status":"publish","type":"page","link":"https:\/\/www.nedzink.com\/ro\/transferul-vaporilor\/","title":{"rendered":"Transferul vaporilor"},"content":{"rendered":"<h2 class=\"western\">Condensarea apei<\/h2>\n<p>Acoperi\u015furile sunt supuse stresului produs de for\u0163ele mecanice, dar \u015fi de aspectele fizice ale cl\u0103dirii. Acestea includ temperaturile fluctuante, care pot varia &icirc;ntre &#8211; 20&deg; C \u015fi + 80&deg; C, \u015fi diferen\u0163ele dintre umiditatea aerului din interior \u015fi exterior.<\/p>\n<p>&Icirc;n situa\u0163ia des &icirc;nt&acirc;lnit\u0103, c&acirc;nd temperatura intern\u0103 (Ti) este mai mare ca temperatura extern\u0103(Te), se &icirc;nt&acirc;mpl\u0103 ca umiditatea aerului din interior s\u0103 fie mai mare ca cea din exterior (vezi fig.2)<\/p>\n<p>Diferen\u0163a de presiune (Pi &ndash; Pe) face ca vaporii s\u0103 se deplaseze prin structura acoperi\u015fului din interior c\u0103tre exterior. Dac\u0103 acoperi\u015ful nu este construit corect, condensul sau &icirc;nghe\u0163ul se vor forma pe interiorul relativ rece al titan-zincului.<\/p>\n<h3>Deteriorarea \u015fi preven\u0163ia<\/h3>\n<p>Condensul excesiv poate d\u0103una &icirc;n mai multe moduri. De exemplu, poate d\u0103una titan-zincului pe intrados ca rezultat al coroziunii, sau s\u0103 d\u0103uneze din cauza umidit\u0103\u0163ii &icirc;n unele p\u0103r\u0163i ale structurii suport (coroziunea metalului, putrezirea sau muceg\u0103irea lemnului).&nbsp; Etan\u015farea total\u0103 &icirc;n interior nu este solu\u0163ia corect\u0103: &icirc;n practic\u0103 nu se poate face, \u015fi &icirc;n termenii regl\u0103rii umidit\u0103\u0163ii nu este de dorit acest lucru.<\/p>\n<p>&Icirc;n m\u0103sura ob\u0163inerii unei mi\u015fc\u0103ri optime a vaporilor \u015fi pentru a evita riscul de stric\u0103ciuni, trebuie urma\u021bi doi pa\u015fi pentru realizarea acestui lucru: &nbsp;<\/p>\n<ol>\n<li>La interiorul izola\u0163iei termice se pune o membran\u0103 de control vapori<\/li>\n<li>Se prevede un spa\u0163iu de ventilare &icirc;n exteriorul izola\u0163iei termice pentru a permite ventilarea cu aerul exterior<\/li>\n<\/ol>\n<p>\n<img decoding=\"async\" alt=\"\" src=\"https:\/\/www.nedzink.com\/wp-content\/uploads\/import\/cms\/userfiles\/images\/figures-en\/image001.jpg\" style=\"width: 632px; height: 434px;\" \/><\/p>\n","protected":false},"excerpt":{"rendered":"<p>Condensarea apei Acoperi\u015furile sunt supuse stresului produs de for\u0163ele mecanice, dar \u015fi de aspectele fizice ale cl\u0103dirii. Acestea includ temperaturile fluctuante, care pot varia &icirc;ntre &#8211; 20&deg; C \u015fi + 80&deg; C, \u015fi diferen\u0163ele dintre umiditatea aerului din interior \u015fi exterior. &Icirc;n situa\u0163ia des &icirc;nt&acirc;lnit\u0103, c&acirc;nd temperatura intern\u0103 (Ti) este mai mare ca temperatura extern\u0103(Te), [&hellip;]<\/p>\n","protected":false},"author":9,"featured_media":0,"parent":0,"menu_order":670,"comment_status":"closed","ping_status":"closed","template":"template-import.php","meta":{"_acf_changed":false,"footnotes":""},"class_list":["post-30730","page","type-page","status-publish","hentry"],"acf":[],"yoast_head":"<!-- This site is optimized with the Yoast SEO plugin v26.8 - https:\/\/yoast.com\/product\/yoast-seo-wordpress\/ -->\n<title>Transferul vaporilor &#8211; NedZink<\/title>\n<meta name=\"robots\" content=\"index, follow, max-snippet:-1, max-image-preview:large, max-video-preview:-1\" \/>\n<link rel=\"canonical\" href=\"https:\/\/www.nedzink.com\/ro\/transferul-vaporilor\/\" \/>\n<meta property=\"og:locale\" content=\"ro_RO\" \/>\n<meta property=\"og:type\" content=\"article\" \/>\n<meta property=\"og:title\" content=\"Transferul vaporilor &#8211; NedZink\" \/>\n<meta property=\"og:description\" content=\"Condensarea apei Acoperi\u015furile sunt supuse stresului produs de for\u0163ele mecanice, dar \u015fi de aspectele fizice ale cl\u0103dirii. Acestea includ temperaturile fluctuante, care pot varia &icirc;ntre &#8211; 20&deg; C \u015fi + 80&deg; C, \u015fi diferen\u0163ele dintre umiditatea aerului din interior \u015fi exterior. &Icirc;n situa\u0163ia des &icirc;nt&acirc;lnit\u0103, c&acirc;nd temperatura intern\u0103 (Ti) este mai mare ca temperatura extern\u0103(Te), [&hellip;]\" \/>\n<meta property=\"og:url\" content=\"https:\/\/www.nedzink.com\/ro\/transferul-vaporilor\/\" \/>\n<meta property=\"og:site_name\" content=\"NedZink\" \/>\n<meta property=\"og:image\" content=\"https:\/\/www.nedzink.com\/wp-content\/uploads\/import\/cms\/userfiles\/images\/figures-en\/image001.jpg\" \/>\n<meta name=\"twitter:card\" content=\"summary_large_image\" \/>\n<meta name=\"twitter:label1\" content=\"Timp estimat pentru citire\" \/>\n\t<meta name=\"twitter:data1\" content=\"1 minut\" \/>\n<script type=\"application\/ld+json\" class=\"yoast-schema-graph\">{\"@context\":\"https:\/\/schema.org\",\"@graph\":[{\"@type\":\"WebPage\",\"@id\":\"https:\/\/www.nedzink.com\/ro\/transferul-vaporilor\/\",\"url\":\"https:\/\/www.nedzink.com\/ro\/transferul-vaporilor\/\",\"name\":\"Transferul vaporilor &#8211; NedZink\",\"isPartOf\":{\"@id\":\"https:\/\/www.nedzink.com\/ro\/#website\"},\"primaryImageOfPage\":{\"@id\":\"https:\/\/www.nedzink.com\/ro\/transferul-vaporilor\/#primaryimage\"},\"image\":{\"@id\":\"https:\/\/www.nedzink.com\/ro\/transferul-vaporilor\/#primaryimage\"},\"thumbnailUrl\":\"https:\/\/www.nedzink.com\/wp-content\/uploads\/import\/cms\/userfiles\/images\/figures-en\/image001.jpg\",\"datePublished\":\"2019-06-04T12:54:21+00:00\",\"breadcrumb\":{\"@id\":\"https:\/\/www.nedzink.com\/ro\/transferul-vaporilor\/#breadcrumb\"},\"inLanguage\":\"ro-RO\",\"potentialAction\":[{\"@type\":\"ReadAction\",\"target\":[\"https:\/\/www.nedzink.com\/ro\/transferul-vaporilor\/\"]}]},{\"@type\":\"ImageObject\",\"inLanguage\":\"ro-RO\",\"@id\":\"https:\/\/www.nedzink.com\/ro\/transferul-vaporilor\/#primaryimage\",\"url\":\"https:\/\/www.nedzink.com\/wp-content\/uploads\/import\/cms\/userfiles\/images\/figures-en\/image001.jpg\",\"contentUrl\":\"https:\/\/www.nedzink.com\/wp-content\/uploads\/import\/cms\/userfiles\/images\/figures-en\/image001.jpg\"},{\"@type\":\"BreadcrumbList\",\"@id\":\"https:\/\/www.nedzink.com\/ro\/transferul-vaporilor\/#breadcrumb\",\"itemListElement\":[{\"@type\":\"ListItem\",\"position\":1,\"name\":\"Home\",\"item\":\"https:\/\/www.nedzink.com\/ro\/\"},{\"@type\":\"ListItem\",\"position\":2,\"name\":\"Transferul vaporilor\"}]},{\"@type\":\"WebSite\",\"@id\":\"https:\/\/www.nedzink.com\/ro\/#website\",\"url\":\"https:\/\/www.nedzink.com\/ro\/\",\"name\":\"NedZink\",\"description\":\"Zink fabrikant\",\"publisher\":{\"@id\":\"https:\/\/www.nedzink.com\/ro\/#organization\"},\"potentialAction\":[{\"@type\":\"SearchAction\",\"target\":{\"@type\":\"EntryPoint\",\"urlTemplate\":\"https:\/\/www.nedzink.com\/ro\/?s={search_term_string}\"},\"query-input\":{\"@type\":\"PropertyValueSpecification\",\"valueRequired\":true,\"valueName\":\"search_term_string\"}}],\"inLanguage\":\"ro-RO\"},{\"@type\":\"Organization\",\"@id\":\"https:\/\/www.nedzink.com\/ro\/#organization\",\"name\":\"NedZink\",\"url\":\"https:\/\/www.nedzink.com\/ro\/\",\"logo\":{\"@type\":\"ImageObject\",\"inLanguage\":\"ro-RO\",\"@id\":\"https:\/\/www.nedzink.com\/ro\/#\/schema\/logo\/image\/\",\"url\":\"https:\/\/www.nedzink.com\/wp-content\/uploads\/2019\/08\/logo-nedzink_fc_zk.jpg\",\"contentUrl\":\"https:\/\/www.nedzink.com\/wp-content\/uploads\/2019\/08\/logo-nedzink_fc_zk.jpg\",\"width\":2160,\"height\":688,\"caption\":\"NedZink\"},\"image\":{\"@id\":\"https:\/\/www.nedzink.com\/ro\/#\/schema\/logo\/image\/\"}}]}<\/script>\n<!-- \/ Yoast SEO plugin. -->","yoast_head_json":{"title":"Transferul vaporilor &#8211; NedZink","robots":{"index":"index","follow":"follow","max-snippet":"max-snippet:-1","max-image-preview":"max-image-preview:large","max-video-preview":"max-video-preview:-1"},"canonical":"https:\/\/www.nedzink.com\/ro\/transferul-vaporilor\/","og_locale":"ro_RO","og_type":"article","og_title":"Transferul vaporilor &#8211; NedZink","og_description":"Condensarea apei Acoperi\u015furile sunt supuse stresului produs de for\u0163ele mecanice, dar \u015fi de aspectele fizice ale cl\u0103dirii. Acestea includ temperaturile fluctuante, care pot varia &icirc;ntre &#8211; 20&deg; C \u015fi + 80&deg; C, \u015fi diferen\u0163ele dintre umiditatea aerului din interior \u015fi exterior. &Icirc;n situa\u0163ia des &icirc;nt&acirc;lnit\u0103, c&acirc;nd temperatura intern\u0103 (Ti) este mai mare ca temperatura extern\u0103(Te), [&hellip;]","og_url":"https:\/\/www.nedzink.com\/ro\/transferul-vaporilor\/","og_site_name":"NedZink","og_image":[{"url":"https:\/\/www.nedzink.com\/wp-content\/uploads\/import\/cms\/userfiles\/images\/figures-en\/image001.jpg","type":"","width":"","height":""}],"twitter_card":"summary_large_image","twitter_misc":{"Timp estimat pentru citire":"1 minut"},"schema":{"@context":"https:\/\/schema.org","@graph":[{"@type":"WebPage","@id":"https:\/\/www.nedzink.com\/ro\/transferul-vaporilor\/","url":"https:\/\/www.nedzink.com\/ro\/transferul-vaporilor\/","name":"Transferul vaporilor &#8211; NedZink","isPartOf":{"@id":"https:\/\/www.nedzink.com\/ro\/#website"},"primaryImageOfPage":{"@id":"https:\/\/www.nedzink.com\/ro\/transferul-vaporilor\/#primaryimage"},"image":{"@id":"https:\/\/www.nedzink.com\/ro\/transferul-vaporilor\/#primaryimage"},"thumbnailUrl":"https:\/\/www.nedzink.com\/wp-content\/uploads\/import\/cms\/userfiles\/images\/figures-en\/image001.jpg","datePublished":"2019-06-04T12:54:21+00:00","breadcrumb":{"@id":"https:\/\/www.nedzink.com\/ro\/transferul-vaporilor\/#breadcrumb"},"inLanguage":"ro-RO","potentialAction":[{"@type":"ReadAction","target":["https:\/\/www.nedzink.com\/ro\/transferul-vaporilor\/"]}]},{"@type":"ImageObject","inLanguage":"ro-RO","@id":"https:\/\/www.nedzink.com\/ro\/transferul-vaporilor\/#primaryimage","url":"https:\/\/www.nedzink.com\/wp-content\/uploads\/import\/cms\/userfiles\/images\/figures-en\/image001.jpg","contentUrl":"https:\/\/www.nedzink.com\/wp-content\/uploads\/import\/cms\/userfiles\/images\/figures-en\/image001.jpg"},{"@type":"BreadcrumbList","@id":"https:\/\/www.nedzink.com\/ro\/transferul-vaporilor\/#breadcrumb","itemListElement":[{"@type":"ListItem","position":1,"name":"Home","item":"https:\/\/www.nedzink.com\/ro\/"},{"@type":"ListItem","position":2,"name":"Transferul vaporilor"}]},{"@type":"WebSite","@id":"https:\/\/www.nedzink.com\/ro\/#website","url":"https:\/\/www.nedzink.com\/ro\/","name":"NedZink","description":"Zink fabrikant","publisher":{"@id":"https:\/\/www.nedzink.com\/ro\/#organization"},"potentialAction":[{"@type":"SearchAction","target":{"@type":"EntryPoint","urlTemplate":"https:\/\/www.nedzink.com\/ro\/?s={search_term_string}"},"query-input":{"@type":"PropertyValueSpecification","valueRequired":true,"valueName":"search_term_string"}}],"inLanguage":"ro-RO"},{"@type":"Organization","@id":"https:\/\/www.nedzink.com\/ro\/#organization","name":"NedZink","url":"https:\/\/www.nedzink.com\/ro\/","logo":{"@type":"ImageObject","inLanguage":"ro-RO","@id":"https:\/\/www.nedzink.com\/ro\/#\/schema\/logo\/image\/","url":"https:\/\/www.nedzink.com\/wp-content\/uploads\/2019\/08\/logo-nedzink_fc_zk.jpg","contentUrl":"https:\/\/www.nedzink.com\/wp-content\/uploads\/2019\/08\/logo-nedzink_fc_zk.jpg","width":2160,"height":688,"caption":"NedZink"},"image":{"@id":"https:\/\/www.nedzink.com\/ro\/#\/schema\/logo\/image\/"}}]}},"_links":{"self":[{"href":"https:\/\/www.nedzink.com\/ro\/wp-json\/wp\/v2\/pages\/30730","targetHints":{"allow":["GET"]}}],"collection":[{"href":"https:\/\/www.nedzink.com\/ro\/wp-json\/wp\/v2\/pages"}],"about":[{"href":"https:\/\/www.nedzink.com\/ro\/wp-json\/wp\/v2\/types\/page"}],"author":[{"embeddable":true,"href":"https:\/\/www.nedzink.com\/ro\/wp-json\/wp\/v2\/users\/9"}],"replies":[{"embeddable":true,"href":"https:\/\/www.nedzink.com\/ro\/wp-json\/wp\/v2\/comments?post=30730"}],"version-history":[{"count":0,"href":"https:\/\/www.nedzink.com\/ro\/wp-json\/wp\/v2\/pages\/30730\/revisions"}],"wp:attachment":[{"href":"https:\/\/www.nedzink.com\/ro\/wp-json\/wp\/v2\/media?parent=30730"}],"curies":[{"name":"wp","href":"https:\/\/api.w.org\/{rel}","templated":true}]}}