{"id":30700,"date":"2019-06-04T14:54:14","date_gmt":"2019-06-04T12:54:14","guid":{"rendered":"http:\/\/136.144.181.85\/~nedzink\/info-si-sfaturi\/ghid-de-procesare-si-instalare\/masini-si-unelte\/utilaje\/"},"modified":"2019-06-04T14:54:14","modified_gmt":"2019-06-04T12:54:14","slug":"utilaje","status":"publish","type":"page","link":"https:\/\/www.nedzink.com\/ro\/utilaje\/","title":{"rendered":"Utilaje"},"content":{"rendered":"<p>&Icirc;n orice companie de tinichigerie &icirc;n construc\u021bii este necesar\u0103 achizi\u0163ionarea ma\u015finilor pentru prelucrarea tablei. Aceste ma\u015fini sunt plasate &icirc;ntr-un atelier bine echipat sau sunt folosite pe \u015fantier. Pentru producerea unor panouri de dimensiuni speciale, pot fi necesare utilaje specifice pentru profilare \u015fi &icirc;ndoire.<\/p>\n<p>Pot fi necesare urm\u0103toarele ma\u015fini:<\/p>\n<ul>\n<li>Ma\u015fini de profilare pentru profilarea panourilor de mici dimensiuni, conice sau convergente p\u00e2n\u0103 la un punct<\/li>\n<li>Ma\u015fini de f\u0103l\u0163uit pentru \u00eenchiderea fal\u0163urilor \u00een unghi drept sau fal\u0163 dublu vertical<\/li>\n<li>Ma\u015fini de \u00eendoit marginile<\/li>\n<li>Sisteme de despicare pentru t\u0103ieri longitudinale \u015fi sisteme de t\u0103iere la lungime<\/li>\n<li>Ma\u015fini speciale pentru \u00eendoirea marginilor \u015fi dispozitive de t\u0103iere<\/li>\n<li>Derulatoare de rulouri<\/li>\n<li>Ma\u015fini de crestare pentru t\u0103ierea diferitelor panouri la partea superioar\u0103 a plac\u0103rilor de pere\u0163i, jgheab sau perete<\/li>\n<li>Ma\u015fini de zencuit sau frezat<\/li>\n<\/ul>\n","protected":false},"excerpt":{"rendered":"<p>&Icirc;n orice companie de tinichigerie &icirc;n construc\u021bii este necesar\u0103 achizi\u0163ionarea ma\u015finilor pentru prelucrarea tablei. Aceste ma\u015fini sunt plasate &icirc;ntr-un atelier bine echipat sau sunt folosite pe \u015fantier. Pentru producerea unor panouri de dimensiuni speciale, pot fi necesare utilaje specifice pentru profilare \u015fi &icirc;ndoire. Pot fi necesare urm\u0103toarele ma\u015fini: Ma\u015fini de profilare pentru profilarea panourilor de [&hellip;]<\/p>\n","protected":false},"author":9,"featured_media":0,"parent":0,"menu_order":640,"comment_status":"closed","ping_status":"closed","template":"template-import.php","meta":{"_acf_changed":false,"footnotes":""},"class_list":["post-30700","page","type-page","status-publish","hentry"],"acf":[],"yoast_head":"<!-- This site is optimized with the Yoast SEO plugin v26.8 - https:\/\/yoast.com\/product\/yoast-seo-wordpress\/ -->\n<title>Utilaje \u2013 NedZink<\/title>\n<meta name=\"robots\" content=\"index, follow, max-snippet:-1, max-image-preview:large, max-video-preview:-1\" \/>\n<link rel=\"canonical\" href=\"https:\/\/www.nedzink.com\/ro\/utilaje\/\" \/>\n<meta property=\"og:locale\" content=\"ro_RO\" \/>\n<meta property=\"og:type\" content=\"article\" \/>\n<meta property=\"og:title\" content=\"Utilaje \u2013 NedZink\" \/>\n<meta property=\"og:description\" content=\"&Icirc;n orice companie de tinichigerie &icirc;n construc\u021bii este necesar\u0103 achizi\u0163ionarea ma\u015finilor pentru prelucrarea tablei. Aceste ma\u015fini sunt plasate &icirc;ntr-un atelier bine echipat sau sunt folosite pe \u015fantier. Pentru producerea unor panouri de dimensiuni speciale, pot fi necesare utilaje specifice pentru profilare \u015fi &icirc;ndoire. Pot fi necesare urm\u0103toarele ma\u015fini: Ma\u015fini de profilare pentru profilarea panourilor de [&hellip;]\" \/>\n<meta property=\"og:url\" content=\"https:\/\/www.nedzink.com\/ro\/utilaje\/\" \/>\n<meta property=\"og:site_name\" content=\"NedZink\" \/>\n<meta name=\"twitter:card\" content=\"summary_large_image\" \/>\n<meta name=\"twitter:label1\" content=\"Timp estimat pentru citire\" \/>\n\t<meta name=\"twitter:data1\" content=\"1 minut\" \/>\n<script type=\"application\/ld+json\" class=\"yoast-schema-graph\">{\"@context\":\"https:\/\/schema.org\",\"@graph\":[{\"@type\":\"WebPage\",\"@id\":\"https:\/\/www.nedzink.com\/ro\/utilaje\/\",\"url\":\"https:\/\/www.nedzink.com\/ro\/utilaje\/\",\"name\":\"Utilaje \u2013 NedZink\",\"isPartOf\":{\"@id\":\"https:\/\/www.nedzink.com\/ro\/#website\"},\"datePublished\":\"2019-06-04T12:54:14+00:00\",\"breadcrumb\":{\"@id\":\"https:\/\/www.nedzink.com\/ro\/utilaje\/#breadcrumb\"},\"inLanguage\":\"ro-RO\",\"potentialAction\":[{\"@type\":\"ReadAction\",\"target\":[\"https:\/\/www.nedzink.com\/ro\/utilaje\/\"]}]},{\"@type\":\"BreadcrumbList\",\"@id\":\"https:\/\/www.nedzink.com\/ro\/utilaje\/#breadcrumb\",\"itemListElement\":[{\"@type\":\"ListItem\",\"position\":1,\"name\":\"Home\",\"item\":\"https:\/\/www.nedzink.com\/ro\/\"},{\"@type\":\"ListItem\",\"position\":2,\"name\":\"Utilaje\"}]},{\"@type\":\"WebSite\",\"@id\":\"https:\/\/www.nedzink.com\/ro\/#website\",\"url\":\"https:\/\/www.nedzink.com\/ro\/\",\"name\":\"NedZink\",\"description\":\"Zink fabrikant\",\"publisher\":{\"@id\":\"https:\/\/www.nedzink.com\/ro\/#organization\"},\"potentialAction\":[{\"@type\":\"SearchAction\",\"target\":{\"@type\":\"EntryPoint\",\"urlTemplate\":\"https:\/\/www.nedzink.com\/ro\/?s={search_term_string}\"},\"query-input\":{\"@type\":\"PropertyValueSpecification\",\"valueRequired\":true,\"valueName\":\"search_term_string\"}}],\"inLanguage\":\"ro-RO\"},{\"@type\":\"Organization\",\"@id\":\"https:\/\/www.nedzink.com\/ro\/#organization\",\"name\":\"NedZink\",\"url\":\"https:\/\/www.nedzink.com\/ro\/\",\"logo\":{\"@type\":\"ImageObject\",\"inLanguage\":\"ro-RO\",\"@id\":\"https:\/\/www.nedzink.com\/ro\/#\/schema\/logo\/image\/\",\"url\":\"https:\/\/www.nedzink.com\/wp-content\/uploads\/2019\/08\/logo-nedzink_fc_zk.jpg\",\"contentUrl\":\"https:\/\/www.nedzink.com\/wp-content\/uploads\/2019\/08\/logo-nedzink_fc_zk.jpg\",\"width\":2160,\"height\":688,\"caption\":\"NedZink\"},\"image\":{\"@id\":\"https:\/\/www.nedzink.com\/ro\/#\/schema\/logo\/image\/\"}}]}<\/script>\n<!-- \/ Yoast SEO plugin. -->","yoast_head_json":{"title":"Utilaje \u2013 NedZink","robots":{"index":"index","follow":"follow","max-snippet":"max-snippet:-1","max-image-preview":"max-image-preview:large","max-video-preview":"max-video-preview:-1"},"canonical":"https:\/\/www.nedzink.com\/ro\/utilaje\/","og_locale":"ro_RO","og_type":"article","og_title":"Utilaje \u2013 NedZink","og_description":"&Icirc;n orice companie de tinichigerie &icirc;n construc\u021bii este necesar\u0103 achizi\u0163ionarea ma\u015finilor pentru prelucrarea tablei. Aceste ma\u015fini sunt plasate &icirc;ntr-un atelier bine echipat sau sunt folosite pe \u015fantier. Pentru producerea unor panouri de dimensiuni speciale, pot fi necesare utilaje specifice pentru profilare \u015fi &icirc;ndoire. Pot fi necesare urm\u0103toarele ma\u015fini: Ma\u015fini de profilare pentru profilarea panourilor de [&hellip;]","og_url":"https:\/\/www.nedzink.com\/ro\/utilaje\/","og_site_name":"NedZink","twitter_card":"summary_large_image","twitter_misc":{"Timp estimat pentru citire":"1 minut"},"schema":{"@context":"https:\/\/schema.org","@graph":[{"@type":"WebPage","@id":"https:\/\/www.nedzink.com\/ro\/utilaje\/","url":"https:\/\/www.nedzink.com\/ro\/utilaje\/","name":"Utilaje \u2013 NedZink","isPartOf":{"@id":"https:\/\/www.nedzink.com\/ro\/#website"},"datePublished":"2019-06-04T12:54:14+00:00","breadcrumb":{"@id":"https:\/\/www.nedzink.com\/ro\/utilaje\/#breadcrumb"},"inLanguage":"ro-RO","potentialAction":[{"@type":"ReadAction","target":["https:\/\/www.nedzink.com\/ro\/utilaje\/"]}]},{"@type":"BreadcrumbList","@id":"https:\/\/www.nedzink.com\/ro\/utilaje\/#breadcrumb","itemListElement":[{"@type":"ListItem","position":1,"name":"Home","item":"https:\/\/www.nedzink.com\/ro\/"},{"@type":"ListItem","position":2,"name":"Utilaje"}]},{"@type":"WebSite","@id":"https:\/\/www.nedzink.com\/ro\/#website","url":"https:\/\/www.nedzink.com\/ro\/","name":"NedZink","description":"Zink fabrikant","publisher":{"@id":"https:\/\/www.nedzink.com\/ro\/#organization"},"potentialAction":[{"@type":"SearchAction","target":{"@type":"EntryPoint","urlTemplate":"https:\/\/www.nedzink.com\/ro\/?s={search_term_string}"},"query-input":{"@type":"PropertyValueSpecification","valueRequired":true,"valueName":"search_term_string"}}],"inLanguage":"ro-RO"},{"@type":"Organization","@id":"https:\/\/www.nedzink.com\/ro\/#organization","name":"NedZink","url":"https:\/\/www.nedzink.com\/ro\/","logo":{"@type":"ImageObject","inLanguage":"ro-RO","@id":"https:\/\/www.nedzink.com\/ro\/#\/schema\/logo\/image\/","url":"https:\/\/www.nedzink.com\/wp-content\/uploads\/2019\/08\/logo-nedzink_fc_zk.jpg","contentUrl":"https:\/\/www.nedzink.com\/wp-content\/uploads\/2019\/08\/logo-nedzink_fc_zk.jpg","width":2160,"height":688,"caption":"NedZink"},"image":{"@id":"https:\/\/www.nedzink.com\/ro\/#\/schema\/logo\/image\/"}}]}},"_links":{"self":[{"href":"https:\/\/www.nedzink.com\/ro\/wp-json\/wp\/v2\/pages\/30700","targetHints":{"allow":["GET"]}}],"collection":[{"href":"https:\/\/www.nedzink.com\/ro\/wp-json\/wp\/v2\/pages"}],"about":[{"href":"https:\/\/www.nedzink.com\/ro\/wp-json\/wp\/v2\/types\/page"}],"author":[{"embeddable":true,"href":"https:\/\/www.nedzink.com\/ro\/wp-json\/wp\/v2\/users\/9"}],"replies":[{"embeddable":true,"href":"https:\/\/www.nedzink.com\/ro\/wp-json\/wp\/v2\/comments?post=30700"}],"version-history":[{"count":0,"href":"https:\/\/www.nedzink.com\/ro\/wp-json\/wp\/v2\/pages\/30700\/revisions"}],"wp:attachment":[{"href":"https:\/\/www.nedzink.com\/ro\/wp-json\/wp\/v2\/media?parent=30700"}],"curies":[{"name":"wp","href":"https:\/\/api.w.org\/{rel}","templated":true}]}}