{"id":30690,"date":"2019-06-04T14:54:11","date_gmt":"2019-06-04T12:54:11","guid":{"rendered":"http:\/\/136.144.181.85\/~nedzink\/info-si-sfaturi\/ghid-de-procesare-si-instalare\/masini-si-unelte\/unelte\/"},"modified":"2019-06-04T14:54:11","modified_gmt":"2019-06-04T12:54:11","slug":"unelte","status":"publish","type":"page","link":"https:\/\/www.nedzink.com\/ro\/unelte\/","title":{"rendered":"Unelte"},"content":{"rendered":"<h2>T\u0103ierea<\/h2>\n<p>Pentru t\u0103ierea foilor de zinc sunt disponibile unelte metalice specifice pentru a u\u015fura \u015fi gr\u0103bi munca. Pentru t\u0103ierea dreapt\u0103 a pieselor lungi, se folosesc foarfecile drepte \u015fi foarfeci Pelican. Pentru t\u0103ierea &icirc;n forme rotunde sunt folosite \u015fabloane \u015fi foarfeci speciale pentru locuri greu accesibile, foarfeci pentru g\u0103urire cu forme \u0219i v&acirc;rf curbat. Aceste foarfeci sunt disponibile &icirc;n versiuni de dreapta \u015fi de st&acirc;nga. Aceasta nu &icirc;nseamn\u0103 c\u0103 sunt foarfeci pentru dreptaci sau st&acirc;ngaci, ci moduri de t\u0103iere a formelor astfel ca piesa de lucru s\u0103 nu se distorsioneze.<\/p>\n<h2>Umplerea, \u0219lefuirea \u015fi t\u0103ierea<\/h2>\n<p>La cositorirea zincului vechi, suprafa\u0163a trebuie cur\u0103\u0163at\u0103 temeinic p&acirc;n\u0103 c&acirc;nd este restaurat\u0103 str\u0103lucirea metalic\u0103 specific\u0103 zincului nou. Acest lucru se poate realiza prin r\u0103zuire \u015fi\/sau sablare. Se poate folosi o r\u0103zuitoare sau o lam\u0103 de form\u0103 triunghiular\u0103 care ascute p&acirc;n\u0103 la un anumit punct. T\u0103ierea se face cu ajutorul unui fier\u0103str\u0103u pentru metale, ce realizeaz\u0103 o t\u0103iere &icirc;n unghi ascu\u0163it sau o t\u0103iere la lungimea dorit\u0103. Montatorul de titan-zinc &icirc;nt&acirc;lne\u0219te adeseori cazuri de jgheab &icirc;ngropat &icirc;n suport din lemn, asftel c\u0103 trebuie s\u0103 fie echipat \u0219i cu unelte pentru prelucrarea lemnului.<\/p>\n<h2>&Icirc;ndoirea \u015fi f\u0103l\u0163uirea<\/h2>\n<p>Pentru &icirc;ndoirea zincului cu dimensiuni mici se folosesc cle\u015ftii de fal\u0163uri, de la 40 mm la 1000 mm. Cle\u015ftii mai la\u0163i de 200 mm sunt folosi\u0163i &icirc;n principal pentru &icirc;ndoirea foilor la marginea coamei \u015fi a strea\u015finei. Pentru ajustarea marginilor se folose\u0219te o prism\u0103 din lemn sau ciocan din lemn \/ PVC. Nu folosi\u0163i un ciocan din fier, pentru c\u0103 acesta va &icirc;ntinde \u0219i sub\u021bia materialul. Profilarea se poate face &icirc;n mod principal &icirc;n atelier cu ma\u015finile potrivite.<\/p>\n<h2>Formarea metalic\u0103, laminarea \u015fi &icirc;ntinderea<\/h2>\n<p>Aceste tehnici sunt folosite pentru a manufactura ornamente, accesorii \u015fi articole variate. Se folosesc ciocane speciale pentru a da form\u0103 zincului pe o suprafa\u0163\u0103 din o\u0163el, &icirc;ncep&acirc;nd &icirc;ncet \u015fi construind pas cu pas, cu r\u0103bdare \u015fi pricepere.<\/p>\n<h2>Forme rotunde<\/h2>\n<p>Jgheaburile suspendate \u015fi burlanele sunt fabricate u\u015for cu ajutorul ma\u015finilor. Uneltele de &icirc;ndoire \u015fi ma\u015finile pot profila foaia de zinc &icirc;n forma rotund\u0103 dorit\u0103.<\/p>\n<p>Uneltele de m\u0103surare necesare:<\/p>\n<ul>\n<li>metru pliant, din lemn, lungime 1 metru<\/li>\n<li>raportor<\/li>\n<li>echer cu bra\u0163 mobil<\/li>\n<li>compas<\/li>\n<li>punctator din fier<\/li>\n<li>nivel\u0103 cu bul\u0103 de aer<\/li>\n<li>marcator<\/li>\n<\/ul>\n<p>&nbsp;<\/p>\n","protected":false},"excerpt":{"rendered":"<p>T\u0103ierea Pentru t\u0103ierea foilor de zinc sunt disponibile unelte metalice specifice pentru a u\u015fura \u015fi gr\u0103bi munca. Pentru t\u0103ierea dreapt\u0103 a pieselor lungi, se folosesc foarfecile drepte \u015fi foarfeci Pelican. Pentru t\u0103ierea &icirc;n forme rotunde sunt folosite \u015fabloane \u015fi foarfeci speciale pentru locuri greu accesibile, foarfeci pentru g\u0103urire cu forme \u0219i v&acirc;rf curbat. Aceste foarfeci [&hellip;]<\/p>\n","protected":false},"author":9,"featured_media":0,"parent":0,"menu_order":630,"comment_status":"closed","ping_status":"closed","template":"template-import.php","meta":{"_acf_changed":false,"footnotes":""},"class_list":["post-30690","page","type-page","status-publish","hentry"],"acf":[],"yoast_head":"<!-- This site is optimized with the Yoast SEO plugin v26.8 - https:\/\/yoast.com\/product\/yoast-seo-wordpress\/ -->\n<title>Unelte \u2013 NedZink<\/title>\n<meta name=\"robots\" content=\"index, follow, max-snippet:-1, max-image-preview:large, max-video-preview:-1\" \/>\n<link rel=\"canonical\" href=\"https:\/\/www.nedzink.com\/ro\/unelte\/\" \/>\n<meta property=\"og:locale\" content=\"ro_RO\" \/>\n<meta property=\"og:type\" content=\"article\" \/>\n<meta property=\"og:title\" content=\"Unelte \u2013 NedZink\" \/>\n<meta property=\"og:description\" content=\"T\u0103ierea Pentru t\u0103ierea foilor de zinc sunt disponibile unelte metalice specifice pentru a u\u015fura \u015fi gr\u0103bi munca. Pentru t\u0103ierea dreapt\u0103 a pieselor lungi, se folosesc foarfecile drepte \u015fi foarfeci Pelican. Pentru t\u0103ierea &icirc;n forme rotunde sunt folosite \u015fabloane \u015fi foarfeci speciale pentru locuri greu accesibile, foarfeci pentru g\u0103urire cu forme \u0219i v&acirc;rf curbat. Aceste foarfeci [&hellip;]\" \/>\n<meta property=\"og:url\" content=\"https:\/\/www.nedzink.com\/ro\/unelte\/\" \/>\n<meta property=\"og:site_name\" content=\"NedZink\" \/>\n<meta name=\"twitter:card\" content=\"summary_large_image\" \/>\n<meta name=\"twitter:label1\" content=\"Timp estimat pentru citire\" \/>\n\t<meta name=\"twitter:data1\" content=\"2 minute\" \/>\n<script type=\"application\/ld+json\" class=\"yoast-schema-graph\">{\"@context\":\"https:\/\/schema.org\",\"@graph\":[{\"@type\":\"WebPage\",\"@id\":\"https:\/\/www.nedzink.com\/ro\/unelte\/\",\"url\":\"https:\/\/www.nedzink.com\/ro\/unelte\/\",\"name\":\"Unelte \u2013 NedZink\",\"isPartOf\":{\"@id\":\"https:\/\/www.nedzink.com\/ro\/#website\"},\"datePublished\":\"2019-06-04T12:54:11+00:00\",\"breadcrumb\":{\"@id\":\"https:\/\/www.nedzink.com\/ro\/unelte\/#breadcrumb\"},\"inLanguage\":\"ro-RO\",\"potentialAction\":[{\"@type\":\"ReadAction\",\"target\":[\"https:\/\/www.nedzink.com\/ro\/unelte\/\"]}]},{\"@type\":\"BreadcrumbList\",\"@id\":\"https:\/\/www.nedzink.com\/ro\/unelte\/#breadcrumb\",\"itemListElement\":[{\"@type\":\"ListItem\",\"position\":1,\"name\":\"Home\",\"item\":\"https:\/\/www.nedzink.com\/ro\/\"},{\"@type\":\"ListItem\",\"position\":2,\"name\":\"Unelte\"}]},{\"@type\":\"WebSite\",\"@id\":\"https:\/\/www.nedzink.com\/ro\/#website\",\"url\":\"https:\/\/www.nedzink.com\/ro\/\",\"name\":\"NedZink\",\"description\":\"Zink fabrikant\",\"publisher\":{\"@id\":\"https:\/\/www.nedzink.com\/ro\/#organization\"},\"potentialAction\":[{\"@type\":\"SearchAction\",\"target\":{\"@type\":\"EntryPoint\",\"urlTemplate\":\"https:\/\/www.nedzink.com\/ro\/?s={search_term_string}\"},\"query-input\":{\"@type\":\"PropertyValueSpecification\",\"valueRequired\":true,\"valueName\":\"search_term_string\"}}],\"inLanguage\":\"ro-RO\"},{\"@type\":\"Organization\",\"@id\":\"https:\/\/www.nedzink.com\/ro\/#organization\",\"name\":\"NedZink\",\"url\":\"https:\/\/www.nedzink.com\/ro\/\",\"logo\":{\"@type\":\"ImageObject\",\"inLanguage\":\"ro-RO\",\"@id\":\"https:\/\/www.nedzink.com\/ro\/#\/schema\/logo\/image\/\",\"url\":\"https:\/\/www.nedzink.com\/wp-content\/uploads\/2019\/08\/logo-nedzink_fc_zk.jpg\",\"contentUrl\":\"https:\/\/www.nedzink.com\/wp-content\/uploads\/2019\/08\/logo-nedzink_fc_zk.jpg\",\"width\":2160,\"height\":688,\"caption\":\"NedZink\"},\"image\":{\"@id\":\"https:\/\/www.nedzink.com\/ro\/#\/schema\/logo\/image\/\"}}]}<\/script>\n<!-- \/ Yoast SEO plugin. -->","yoast_head_json":{"title":"Unelte \u2013 NedZink","robots":{"index":"index","follow":"follow","max-snippet":"max-snippet:-1","max-image-preview":"max-image-preview:large","max-video-preview":"max-video-preview:-1"},"canonical":"https:\/\/www.nedzink.com\/ro\/unelte\/","og_locale":"ro_RO","og_type":"article","og_title":"Unelte \u2013 NedZink","og_description":"T\u0103ierea Pentru t\u0103ierea foilor de zinc sunt disponibile unelte metalice specifice pentru a u\u015fura \u015fi gr\u0103bi munca. Pentru t\u0103ierea dreapt\u0103 a pieselor lungi, se folosesc foarfecile drepte \u015fi foarfeci Pelican. Pentru t\u0103ierea &icirc;n forme rotunde sunt folosite \u015fabloane \u015fi foarfeci speciale pentru locuri greu accesibile, foarfeci pentru g\u0103urire cu forme \u0219i v&acirc;rf curbat. Aceste foarfeci [&hellip;]","og_url":"https:\/\/www.nedzink.com\/ro\/unelte\/","og_site_name":"NedZink","twitter_card":"summary_large_image","twitter_misc":{"Timp estimat pentru citire":"2 minute"},"schema":{"@context":"https:\/\/schema.org","@graph":[{"@type":"WebPage","@id":"https:\/\/www.nedzink.com\/ro\/unelte\/","url":"https:\/\/www.nedzink.com\/ro\/unelte\/","name":"Unelte \u2013 NedZink","isPartOf":{"@id":"https:\/\/www.nedzink.com\/ro\/#website"},"datePublished":"2019-06-04T12:54:11+00:00","breadcrumb":{"@id":"https:\/\/www.nedzink.com\/ro\/unelte\/#breadcrumb"},"inLanguage":"ro-RO","potentialAction":[{"@type":"ReadAction","target":["https:\/\/www.nedzink.com\/ro\/unelte\/"]}]},{"@type":"BreadcrumbList","@id":"https:\/\/www.nedzink.com\/ro\/unelte\/#breadcrumb","itemListElement":[{"@type":"ListItem","position":1,"name":"Home","item":"https:\/\/www.nedzink.com\/ro\/"},{"@type":"ListItem","position":2,"name":"Unelte"}]},{"@type":"WebSite","@id":"https:\/\/www.nedzink.com\/ro\/#website","url":"https:\/\/www.nedzink.com\/ro\/","name":"NedZink","description":"Zink fabrikant","publisher":{"@id":"https:\/\/www.nedzink.com\/ro\/#organization"},"potentialAction":[{"@type":"SearchAction","target":{"@type":"EntryPoint","urlTemplate":"https:\/\/www.nedzink.com\/ro\/?s={search_term_string}"},"query-input":{"@type":"PropertyValueSpecification","valueRequired":true,"valueName":"search_term_string"}}],"inLanguage":"ro-RO"},{"@type":"Organization","@id":"https:\/\/www.nedzink.com\/ro\/#organization","name":"NedZink","url":"https:\/\/www.nedzink.com\/ro\/","logo":{"@type":"ImageObject","inLanguage":"ro-RO","@id":"https:\/\/www.nedzink.com\/ro\/#\/schema\/logo\/image\/","url":"https:\/\/www.nedzink.com\/wp-content\/uploads\/2019\/08\/logo-nedzink_fc_zk.jpg","contentUrl":"https:\/\/www.nedzink.com\/wp-content\/uploads\/2019\/08\/logo-nedzink_fc_zk.jpg","width":2160,"height":688,"caption":"NedZink"},"image":{"@id":"https:\/\/www.nedzink.com\/ro\/#\/schema\/logo\/image\/"}}]}},"_links":{"self":[{"href":"https:\/\/www.nedzink.com\/ro\/wp-json\/wp\/v2\/pages\/30690","targetHints":{"allow":["GET"]}}],"collection":[{"href":"https:\/\/www.nedzink.com\/ro\/wp-json\/wp\/v2\/pages"}],"about":[{"href":"https:\/\/www.nedzink.com\/ro\/wp-json\/wp\/v2\/types\/page"}],"author":[{"embeddable":true,"href":"https:\/\/www.nedzink.com\/ro\/wp-json\/wp\/v2\/users\/9"}],"replies":[{"embeddable":true,"href":"https:\/\/www.nedzink.com\/ro\/wp-json\/wp\/v2\/comments?post=30690"}],"version-history":[{"count":0,"href":"https:\/\/www.nedzink.com\/ro\/wp-json\/wp\/v2\/pages\/30690\/revisions"}],"wp:attachment":[{"href":"https:\/\/www.nedzink.com\/ro\/wp-json\/wp\/v2\/media?parent=30690"}],"curies":[{"name":"wp","href":"https:\/\/api.w.org\/{rel}","templated":true}]}}