{"id":30650,"date":"2019-06-04T14:54:02","date_gmt":"2019-06-04T12:54:02","guid":{"rendered":"http:\/\/136.144.181.85\/~nedzink\/info-si-sfaturi\/ghid-de-procesare-si-instalare\/prinderea\/"},"modified":"2019-06-04T14:54:02","modified_gmt":"2019-06-04T12:54:02","slug":"prinderea","status":"publish","type":"page","link":"https:\/\/www.nedzink.com\/ro\/prinderea\/","title":{"rendered":"Prinderea"},"content":{"rendered":"<h3>Prinderea direct\u0103<\/h3>\n<p>O prindere direct de structura suport trebuie&nbsp; evitat\u0103 pe c&acirc;t posibil. Din cauza acestei prinderi prin cuie, \u015furuburi sau capsare, se limiteaz\u0103 abilitarea de expansiune a foilor de zinc. Recomand\u0103m ca lungimea foilor de zinc s\u0103 fie de maxim 3 metri. Trebuie avut\u0103 &icirc;n vedere c\u0103 o prindere fix\u0103 duce la str&acirc;mbarea sau chiar la ruperea zincului. Aceasta rezult\u0103 &icirc;n deformarea vizual\u0103 sau chiar \u015fi daune produse de umezeal\u0103.<\/p>\n<h3>Prinderea indirect\u0103<\/h3>\n<p>Pentru a permite expansiunea liniar\u0103 a materialului este de preferat o prindere indirect\u0103. Exist\u0103 diverse tipuri de cleme disponibile &icirc;n func\u0163ie de sistemul de punere &icirc;n oper\u0103:<\/p>\n<ul>\n<li>Cleme fixe \u015fi mobile pentru sistemul de prindere cu fal\u0163 vertical<\/li>\n<li>Cleme mobile sudate pentru placarea cu fal\u0163 orizontal<\/li>\n<li>Cleme fixe \u015fi mobile pentru prinderea solzilor<\/li>\n<li>Cleme fixe \u015fi mobile pentru sistemul de prindere cu ajutorul \u015fipcilor<\/li>\n<\/ul>\n<p>Puterea de prindere a clemei de substructur\u0103 este influen\u021bat\u0103 direct de prinderea aleas\u0103 (\u015furuburi din o\u0163el inoxidabil, cuie, capse galvanizate).<\/p>\n<h3>&Icirc;mbin\u0103ri cu adeziv<\/h3>\n<p>C&acirc;nd se aplic\u0103 o prindere din zinc de substructur\u0103, este de preferat un adeziv f\u0103r\u0103 componente acide. Pentru procesarea acestor adezivi trebuie consultate instruc\u0163iunile produc\u0103torului\/furnizorului. Pentru cl\u0103dirile care sunt &icirc;nclinate spre fa\u0163\u0103 este necesar\u0103 o prindere mecanic\u0103 adi\u0163ional\u0103.<\/p>\n","protected":false},"excerpt":{"rendered":"<p>Prinderea direct\u0103 O prindere direct de structura suport trebuie&nbsp; evitat\u0103 pe c&acirc;t posibil. Din cauza acestei prinderi prin cuie, \u015furuburi sau capsare, se limiteaz\u0103 abilitarea de expansiune a foilor de zinc. Recomand\u0103m ca lungimea foilor de zinc s\u0103 fie de maxim 3 metri. Trebuie avut\u0103 &icirc;n vedere c\u0103 o prindere fix\u0103 duce la str&acirc;mbarea sau [&hellip;]<\/p>\n","protected":false},"author":9,"featured_media":0,"parent":0,"menu_order":590,"comment_status":"closed","ping_status":"closed","template":"template-import.php","meta":{"_acf_changed":false,"footnotes":""},"class_list":["post-30650","page","type-page","status-publish","hentry"],"acf":[],"yoast_head":"<!-- This site is optimized with the Yoast SEO plugin v26.8 - https:\/\/yoast.com\/product\/yoast-seo-wordpress\/ -->\n<title>Prinderea \u2013 NedZink<\/title>\n<meta name=\"robots\" content=\"index, follow, max-snippet:-1, max-image-preview:large, max-video-preview:-1\" \/>\n<link rel=\"canonical\" href=\"https:\/\/www.nedzink.com\/ro\/prinderea\/\" \/>\n<meta property=\"og:locale\" content=\"ro_RO\" \/>\n<meta property=\"og:type\" content=\"article\" \/>\n<meta property=\"og:title\" content=\"Prinderea \u2013 NedZink\" \/>\n<meta property=\"og:description\" content=\"Prinderea direct\u0103 O prindere direct de structura suport trebuie&nbsp; evitat\u0103 pe c&acirc;t posibil. Din cauza acestei prinderi prin cuie, \u015furuburi sau capsare, se limiteaz\u0103 abilitarea de expansiune a foilor de zinc. Recomand\u0103m ca lungimea foilor de zinc s\u0103 fie de maxim 3 metri. Trebuie avut\u0103 &icirc;n vedere c\u0103 o prindere fix\u0103 duce la str&acirc;mbarea sau [&hellip;]\" \/>\n<meta property=\"og:url\" content=\"https:\/\/www.nedzink.com\/ro\/prinderea\/\" \/>\n<meta property=\"og:site_name\" content=\"NedZink\" \/>\n<meta name=\"twitter:card\" content=\"summary_large_image\" \/>\n<meta name=\"twitter:label1\" content=\"Timp estimat pentru citire\" \/>\n\t<meta name=\"twitter:data1\" content=\"1 minut\" \/>\n<script type=\"application\/ld+json\" class=\"yoast-schema-graph\">{\"@context\":\"https:\/\/schema.org\",\"@graph\":[{\"@type\":\"WebPage\",\"@id\":\"https:\/\/www.nedzink.com\/ro\/prinderea\/\",\"url\":\"https:\/\/www.nedzink.com\/ro\/prinderea\/\",\"name\":\"Prinderea \u2013 NedZink\",\"isPartOf\":{\"@id\":\"https:\/\/www.nedzink.com\/ro\/#website\"},\"datePublished\":\"2019-06-04T12:54:02+00:00\",\"breadcrumb\":{\"@id\":\"https:\/\/www.nedzink.com\/ro\/prinderea\/#breadcrumb\"},\"inLanguage\":\"ro-RO\",\"potentialAction\":[{\"@type\":\"ReadAction\",\"target\":[\"https:\/\/www.nedzink.com\/ro\/prinderea\/\"]}]},{\"@type\":\"BreadcrumbList\",\"@id\":\"https:\/\/www.nedzink.com\/ro\/prinderea\/#breadcrumb\",\"itemListElement\":[{\"@type\":\"ListItem\",\"position\":1,\"name\":\"Home\",\"item\":\"https:\/\/www.nedzink.com\/ro\/\"},{\"@type\":\"ListItem\",\"position\":2,\"name\":\"Prinderea\"}]},{\"@type\":\"WebSite\",\"@id\":\"https:\/\/www.nedzink.com\/ro\/#website\",\"url\":\"https:\/\/www.nedzink.com\/ro\/\",\"name\":\"NedZink\",\"description\":\"Zink fabrikant\",\"publisher\":{\"@id\":\"https:\/\/www.nedzink.com\/ro\/#organization\"},\"potentialAction\":[{\"@type\":\"SearchAction\",\"target\":{\"@type\":\"EntryPoint\",\"urlTemplate\":\"https:\/\/www.nedzink.com\/ro\/?s={search_term_string}\"},\"query-input\":{\"@type\":\"PropertyValueSpecification\",\"valueRequired\":true,\"valueName\":\"search_term_string\"}}],\"inLanguage\":\"ro-RO\"},{\"@type\":\"Organization\",\"@id\":\"https:\/\/www.nedzink.com\/ro\/#organization\",\"name\":\"NedZink\",\"url\":\"https:\/\/www.nedzink.com\/ro\/\",\"logo\":{\"@type\":\"ImageObject\",\"inLanguage\":\"ro-RO\",\"@id\":\"https:\/\/www.nedzink.com\/ro\/#\/schema\/logo\/image\/\",\"url\":\"https:\/\/www.nedzink.com\/wp-content\/uploads\/2019\/08\/logo-nedzink_fc_zk.jpg\",\"contentUrl\":\"https:\/\/www.nedzink.com\/wp-content\/uploads\/2019\/08\/logo-nedzink_fc_zk.jpg\",\"width\":2160,\"height\":688,\"caption\":\"NedZink\"},\"image\":{\"@id\":\"https:\/\/www.nedzink.com\/ro\/#\/schema\/logo\/image\/\"}}]}<\/script>\n<!-- \/ Yoast SEO plugin. -->","yoast_head_json":{"title":"Prinderea \u2013 NedZink","robots":{"index":"index","follow":"follow","max-snippet":"max-snippet:-1","max-image-preview":"max-image-preview:large","max-video-preview":"max-video-preview:-1"},"canonical":"https:\/\/www.nedzink.com\/ro\/prinderea\/","og_locale":"ro_RO","og_type":"article","og_title":"Prinderea \u2013 NedZink","og_description":"Prinderea direct\u0103 O prindere direct de structura suport trebuie&nbsp; evitat\u0103 pe c&acirc;t posibil. Din cauza acestei prinderi prin cuie, \u015furuburi sau capsare, se limiteaz\u0103 abilitarea de expansiune a foilor de zinc. Recomand\u0103m ca lungimea foilor de zinc s\u0103 fie de maxim 3 metri. Trebuie avut\u0103 &icirc;n vedere c\u0103 o prindere fix\u0103 duce la str&acirc;mbarea sau [&hellip;]","og_url":"https:\/\/www.nedzink.com\/ro\/prinderea\/","og_site_name":"NedZink","twitter_card":"summary_large_image","twitter_misc":{"Timp estimat pentru citire":"1 minut"},"schema":{"@context":"https:\/\/schema.org","@graph":[{"@type":"WebPage","@id":"https:\/\/www.nedzink.com\/ro\/prinderea\/","url":"https:\/\/www.nedzink.com\/ro\/prinderea\/","name":"Prinderea \u2013 NedZink","isPartOf":{"@id":"https:\/\/www.nedzink.com\/ro\/#website"},"datePublished":"2019-06-04T12:54:02+00:00","breadcrumb":{"@id":"https:\/\/www.nedzink.com\/ro\/prinderea\/#breadcrumb"},"inLanguage":"ro-RO","potentialAction":[{"@type":"ReadAction","target":["https:\/\/www.nedzink.com\/ro\/prinderea\/"]}]},{"@type":"BreadcrumbList","@id":"https:\/\/www.nedzink.com\/ro\/prinderea\/#breadcrumb","itemListElement":[{"@type":"ListItem","position":1,"name":"Home","item":"https:\/\/www.nedzink.com\/ro\/"},{"@type":"ListItem","position":2,"name":"Prinderea"}]},{"@type":"WebSite","@id":"https:\/\/www.nedzink.com\/ro\/#website","url":"https:\/\/www.nedzink.com\/ro\/","name":"NedZink","description":"Zink fabrikant","publisher":{"@id":"https:\/\/www.nedzink.com\/ro\/#organization"},"potentialAction":[{"@type":"SearchAction","target":{"@type":"EntryPoint","urlTemplate":"https:\/\/www.nedzink.com\/ro\/?s={search_term_string}"},"query-input":{"@type":"PropertyValueSpecification","valueRequired":true,"valueName":"search_term_string"}}],"inLanguage":"ro-RO"},{"@type":"Organization","@id":"https:\/\/www.nedzink.com\/ro\/#organization","name":"NedZink","url":"https:\/\/www.nedzink.com\/ro\/","logo":{"@type":"ImageObject","inLanguage":"ro-RO","@id":"https:\/\/www.nedzink.com\/ro\/#\/schema\/logo\/image\/","url":"https:\/\/www.nedzink.com\/wp-content\/uploads\/2019\/08\/logo-nedzink_fc_zk.jpg","contentUrl":"https:\/\/www.nedzink.com\/wp-content\/uploads\/2019\/08\/logo-nedzink_fc_zk.jpg","width":2160,"height":688,"caption":"NedZink"},"image":{"@id":"https:\/\/www.nedzink.com\/ro\/#\/schema\/logo\/image\/"}}]}},"_links":{"self":[{"href":"https:\/\/www.nedzink.com\/ro\/wp-json\/wp\/v2\/pages\/30650","targetHints":{"allow":["GET"]}}],"collection":[{"href":"https:\/\/www.nedzink.com\/ro\/wp-json\/wp\/v2\/pages"}],"about":[{"href":"https:\/\/www.nedzink.com\/ro\/wp-json\/wp\/v2\/types\/page"}],"author":[{"embeddable":true,"href":"https:\/\/www.nedzink.com\/ro\/wp-json\/wp\/v2\/users\/9"}],"replies":[{"embeddable":true,"href":"https:\/\/www.nedzink.com\/ro\/wp-json\/wp\/v2\/comments?post=30650"}],"version-history":[{"count":0,"href":"https:\/\/www.nedzink.com\/ro\/wp-json\/wp\/v2\/pages\/30650\/revisions"}],"wp:attachment":[{"href":"https:\/\/www.nedzink.com\/ro\/wp-json\/wp\/v2\/media?parent=30650"}],"curies":[{"name":"wp","href":"https:\/\/api.w.org\/{rel}","templated":true}]}}