{"id":30640,"date":"2019-06-04T14:54:00","date_gmt":"2019-06-04T12:54:00","guid":{"rendered":"http:\/\/136.144.181.85\/~nedzink\/info-si-sfaturi\/ghid-de-procesare-si-instalare\/tehnici-de-procesare\/"},"modified":"2019-06-04T14:54:00","modified_gmt":"2019-06-04T12:54:00","slug":"tehnici-de-procesare","status":"publish","type":"page","link":"https:\/\/www.nedzink.com\/ro\/tehnici-de-procesare\/","title":{"rendered":"Tehnici de procesare"},"content":{"rendered":"<h2>T\u0103iere<\/h2>\n<p>Pentru t\u0103ierea foilor de zinc sunt disponibile unelte metalice specifice pentru a u\u015fura \u015fi gr\u0103bi munca. Pentru t\u0103ierea pieselor lungi \u0219i drepte se folosesc foarfecile drepte \u015fi foarfeci Pelican. Pentru t\u0103ierea &icirc;n forme rotunde sunt folosite \u015fabloane \u015fi foarfeci speciale pentru locuri greu accesibile sau foarfeci pentru g\u0103urire cu forme cu v&acirc;rf curbat. Aceste foarfeci sunt disponibile &icirc;n versiuni de dreapta \u015fi de st&acirc;nga. Aceasta nu &icirc;nseamn\u0103 foarfeci pentru dreptaci sau st&acirc;ngaci, ci moduri de t\u0103iere a formelor astfel &icirc;nc&acirc;t piesa de lucru s\u0103 nu se distorsioneze.<\/p>\n<h2>Profilare<\/h2>\n<p>Pentru &icirc;ndoirea zincului cu dimensiuni mici se folosesc cle\u015ftii de fal\u0163uri, de la 40 mm la 1000 mm. Cle\u015ftii mai la\u0163i de 200 mm sunt folosi\u0163i &icirc;n principal pentru &icirc;ndoirea foilor la marginea coamei \u015fi a strea\u015finei. Pentru ajustarea marginilor se folose\u0219te o prism\u0103 din lemn sau ciocan din lemn \/ PVC. Nu folosi\u0163i un ciocan din fier, deoarece acesta va &icirc;ntinde \u0219i sub\u021bia materialul. Profilarea se poate face &icirc;n atelier cu utilaje adecvate.<\/p>\n<h2>Forme rotunde<\/h2>\n<p>Jgheaburile suspendate \u015fi burlanele sunt fabricate u\u015for cu ajutorul utilajelor. Uneltele de &icirc;ndoire \u015fi utilajele pot profila foaia de zinc &icirc;n forma dorit\u0103.<\/p>\n<h2>Fal\u0163ul vertical<\/h2>\n<p>Fal\u0163ul dublu vertical face posibil\u0103 &icirc;nvelirea unui acoperi\u015f sau a unei fa\u0163ade cu foi &icirc;mbinate mecanic, cu forma prestabilit\u0103, reduc&acirc;nd &icirc;mbinarea manual\u0103 la minimum. Foile t\u0103iate &icirc;n form\u0103 sunt furnizate &icirc;n dimensiuni standard \u015fi &icirc;nchise mecanic sau manual &icirc;n fal\u0163 vertical simplu sau dublu.<\/p>\n<h3>Unelte<\/h3>\n<p>&Icirc;n afar\u0103 de uneltele uzuale de lucru cu zincul pentru acest sistem sunt necesare urm\u0103toarele:<\/p>\n<ul>\n<li>&Icirc;nchiz\u0103tor fal\u0163uri simplu<\/li>\n<li>&Icirc;nchiz\u0103tor fal\u0163uri dublu<\/li>\n<li>&Icirc;nchiz\u0103tor strea\u015fin\u0103 cu f\u0103lci<\/li>\n<li>&Icirc;ndoitor la strea\u015fin\u0103<\/li>\n<\/ul>\n<h3>Dilatarea termic\u0103<\/h3>\n<p>Foile se extind \u015fi se contract\u0103 &icirc;n func\u0163ie de temperatur\u0103. Acest lucru &icirc;nseamn\u0103 c\u0103 lungimea foii nu trebuie s\u0103 dep\u0103\u015feasc\u0103 10 metri. Dac\u0103 se dep\u0103\u015fesc cei 10 metri este necesar\u0103 ad\u0103ugarea unei &icirc;mbin\u0103ri transversale. Pentru a permite mi\u015fcarea termic\u0103, tipul &icirc;mbin\u0103rii depinde de panta acoperi\u015fului. La aceast\u0103 &icirc;mbinare, o parte din profil este decupat\u0103 pentru a preveni &icirc;ngro\u015farea fal\u021bului de &icirc;mbinare.<\/p>\n<h3>Placarea fa\u0163adei<\/h3>\n<p>La folosirea pentru placarea fa\u0163adelor, sistemul cu fal\u0163 vertical necesit\u0103 un spa\u021biu de ventilare sub titan-zinc. Metoda de lucru la fa\u0163ade corespunde celei folosite la &icirc;nvelitoare. Fal\u0163ul vertical simplu este folosit mai des la fa\u0163ade dec&acirc;t la &icirc;nvelitori.<\/p>\n<h2>&Icirc;n\u015furubarea, capsarea, prinderea &icirc;n cuie<\/h2>\n<p>C&acirc;nd foaia de zinc este prins\u0103 direct de substructur\u0103, se folosesc de obicei \u015furuburi sau cuie. \u015euruburile sunt din o\u0163el galvanizat sau o\u0163el inoxidabil, iar cuiele vor fi galvanizate. Din cauza efectelor termice ale zincului, materialul se va extinde \u015fi contracta, astfel c\u0103 foile nu trebuie fixate direct de substructur\u0103 mai mult de un metru lungime &icirc;n total. Celelalte fix\u0103ri trebuie s\u0103 fie mobile.<\/p>\n<h3>Cleme<\/h3>\n<p>Clema este o band\u0103 de zinc sau din alt metal compatibil, care se prinde &icirc;ntr-o parte de substructur\u0103 prin cuie sau \u015furuburi \u015fi de cealalt\u0103 parte de zinc prin &icirc;mbinare. Zincul se poate deplasa cu u\u015furin\u0163\u0103. &Icirc;n cazul unei structuri verticale sau &icirc;nclinate este folosit\u0103 o &icirc;mbinare prin f\u0103l\u0163uire pentru a preveni alunecarea &icirc;n jos. C&acirc;teodat\u0103 clemele sunt sudate direct de zinc, cum este &icirc;n cazul solzilor. Pentru fixarea sistemului standard de fal\u0163 vertical sau a fal\u021bului pe \u015fipci, clemele sunt concepute fixe \u015fi mobile pentru a prinde aceste sisteme de structur\u0103. De exemplu,&nbsp; clemele mobile ale sistemului cu fal\u0163 vertical sunt alc\u0103tuite din dou\u0103 p\u0103r\u0163i interconectate.&nbsp; Pentru sistemul cu fal\u021b pe \u0219ipc\u0103 se pot folosi clemele fixe \u015fi mobile.<\/p>\n<p>&Icirc;n mod uzual, clemele sunt realizate din zinc de aceea\u015fi grosime (sau mai groase) ca materialul instalat, dar pot fi din o\u0163el inoxidabil c&acirc;nd este necesar\u0103 o for\u0163\u0103 \u015fi o rigiditate mai mare. Clemele fixeaz\u0103 foile\/sistemul de substrat. Clemele preiau for\u0163ele cauzate de greutatea construc\u0163iei, suc\u0163iunea \u015fi &icirc;nc\u0103rcarea v&acirc;ntului. Aceste for\u0163e depind de suprafa\u0163\u0103 (metri p\u0103tra\u0163i), loca\u0163ia geografic\u0103 \u015fi &icirc;n\u0103l\u0163imea cl\u0103dirii. Tabelul din informa\u0163iile tehnice se refer\u0103 doar la Olanda.<\/p>\n<h3>C&acirc;rligele de jgheab \u0219i br\u0103\u021b\u0103rile de burlan<\/h3>\n<p>Pentru fixarea jgheaburilor, burlanelor \u015fi a capacelor care nu sunt montate direct pe structura cl\u0103dirii se folosesc c&acirc;rlige sau br\u0103\u021b\u0103ri. Acestea sus\u0163in sistemul pe structur\u0103, c&acirc;teodat\u0103 combinate cu cleme. C&acirc;rligele sunt ata\u015fate de structur\u0103 cu cel pu\u0163in dou\u0103 \u015furuburi (o\u0163el galvanizat sau o\u0163el inoxidabil) \u015fi sunt din o\u0163el galvanizat. Num\u0103rul c&acirc;rligelor \u015fi distan\u0163a dintre acestea poate diferi &icirc;n func\u0163ie de principiile de procesare ale furnizorului sau &icirc;n func\u0163ie de calculele for\u0163elor determinate. Cerin\u0163ele minime ale c&acirc;rligelor jgheaburilor pentru Olanda sunt descrise &icirc;n NEN 7065.<\/p>\n<h2>Manufactura clemelor, c&acirc;rligelor \u0219i br\u0103\u021b\u0103rilor<\/h2>\n<p>Clemele, c&acirc;rligele sau br\u0103\u021b\u0103rile standard pot fi achizi\u0163ionate de la reprezentan\u0163ii NedZink. Pentru dimensiuni diferite fa\u0163\u0103 de cele standard, se pot realiza conform desenelor. Clemele de zinc se pot face din resturi de tabl\u0103 de zinc folosit\u0103 pentru &icirc;nvelitori \u015fi jgheaburi. L\u0103\u0163imea minim\u0103 a clemei de zinc este de 40 mm \u015fi grosimea minim\u0103 de 0,80 mm. De obicei clemele sunt t\u0103iate la dimensiune pe \u015fantier la asamblare.<\/p>\n<p>Pentru c&acirc;rlige este necesar\u0103 o platband\u0103 din o\u021bel galvanizat cu o l\u0103\u0163ime de 30 mm \u015fi o grosime cuprins\u0103 &icirc;ntre 5 \u0219i 10 mm, depinz&acirc;nd de for\u0163a cerut\u0103 de c&acirc;rlig. &Icirc;n mod normal c&acirc;rligele jgheabului sunt galvanizate iar pentru Rom&acirc;nia se aplica normativul SR EN 1462:2006. Forma c&acirc;rligului de jgheab este determinat\u0103 de forma&nbsp; jgheabului acoperi\u015fului, de asemenea \u015fi modul de prindere.<\/p>\n<p>Forma standard sau non-standard a c&acirc;rligelor de jgheab trebuie ajustat\u0103 cu forma peretelui, panta necesar\u0103, panta acoperi\u015fului \u015fi pozi\u0163ia jgheabului care trebuie instalat (&icirc;n\u0103l\u0163imea din spate mai mare ca &icirc;n\u0103l\u0163imea din fa\u021b\u0103).<\/p>\n","protected":false},"excerpt":{"rendered":"<p>T\u0103iere Pentru t\u0103ierea foilor de zinc sunt disponibile unelte metalice specifice pentru a u\u015fura \u015fi gr\u0103bi munca. Pentru t\u0103ierea pieselor lungi \u0219i drepte se folosesc foarfecile drepte \u015fi foarfeci Pelican. Pentru t\u0103ierea &icirc;n forme rotunde sunt folosite \u015fabloane \u015fi foarfeci speciale pentru locuri greu accesibile sau foarfeci pentru g\u0103urire cu forme cu v&acirc;rf curbat. Aceste [&hellip;]<\/p>\n","protected":false},"author":9,"featured_media":0,"parent":0,"menu_order":580,"comment_status":"closed","ping_status":"closed","template":"template-import.php","meta":{"_acf_changed":false,"footnotes":""},"class_list":["post-30640","page","type-page","status-publish","hentry"],"acf":[],"yoast_head":"<!-- This site is optimized with the Yoast SEO plugin v26.8 - https:\/\/yoast.com\/product\/yoast-seo-wordpress\/ -->\n<title>Tehnici de procesare \u2013 NedZink<\/title>\n<meta name=\"robots\" content=\"index, follow, max-snippet:-1, max-image-preview:large, max-video-preview:-1\" \/>\n<link rel=\"canonical\" href=\"https:\/\/www.nedzink.com\/ro\/tehnici-de-procesare\/\" \/>\n<meta property=\"og:locale\" content=\"ro_RO\" \/>\n<meta property=\"og:type\" content=\"article\" \/>\n<meta property=\"og:title\" content=\"Tehnici de procesare \u2013 NedZink\" \/>\n<meta property=\"og:description\" content=\"T\u0103iere Pentru t\u0103ierea foilor de zinc sunt disponibile unelte metalice specifice pentru a u\u015fura \u015fi gr\u0103bi munca. Pentru t\u0103ierea pieselor lungi \u0219i drepte se folosesc foarfecile drepte \u015fi foarfeci Pelican. Pentru t\u0103ierea &icirc;n forme rotunde sunt folosite \u015fabloane \u015fi foarfeci speciale pentru locuri greu accesibile sau foarfeci pentru g\u0103urire cu forme cu v&acirc;rf curbat. Aceste [&hellip;]\" \/>\n<meta property=\"og:url\" content=\"https:\/\/www.nedzink.com\/ro\/tehnici-de-procesare\/\" \/>\n<meta property=\"og:site_name\" content=\"NedZink\" \/>\n<meta name=\"twitter:card\" content=\"summary_large_image\" \/>\n<meta name=\"twitter:label1\" content=\"Timp estimat pentru citire\" \/>\n\t<meta name=\"twitter:data1\" content=\"5 minute\" \/>\n<script type=\"application\/ld+json\" class=\"yoast-schema-graph\">{\"@context\":\"https:\/\/schema.org\",\"@graph\":[{\"@type\":\"WebPage\",\"@id\":\"https:\/\/www.nedzink.com\/ro\/tehnici-de-procesare\/\",\"url\":\"https:\/\/www.nedzink.com\/ro\/tehnici-de-procesare\/\",\"name\":\"Tehnici de procesare \u2013 NedZink\",\"isPartOf\":{\"@id\":\"https:\/\/www.nedzink.com\/ro\/#website\"},\"datePublished\":\"2019-06-04T12:54:00+00:00\",\"breadcrumb\":{\"@id\":\"https:\/\/www.nedzink.com\/ro\/tehnici-de-procesare\/#breadcrumb\"},\"inLanguage\":\"ro-RO\",\"potentialAction\":[{\"@type\":\"ReadAction\",\"target\":[\"https:\/\/www.nedzink.com\/ro\/tehnici-de-procesare\/\"]}]},{\"@type\":\"BreadcrumbList\",\"@id\":\"https:\/\/www.nedzink.com\/ro\/tehnici-de-procesare\/#breadcrumb\",\"itemListElement\":[{\"@type\":\"ListItem\",\"position\":1,\"name\":\"Home\",\"item\":\"https:\/\/www.nedzink.com\/ro\/\"},{\"@type\":\"ListItem\",\"position\":2,\"name\":\"Tehnici de procesare\"}]},{\"@type\":\"WebSite\",\"@id\":\"https:\/\/www.nedzink.com\/ro\/#website\",\"url\":\"https:\/\/www.nedzink.com\/ro\/\",\"name\":\"NedZink\",\"description\":\"Zink fabrikant\",\"publisher\":{\"@id\":\"https:\/\/www.nedzink.com\/ro\/#organization\"},\"potentialAction\":[{\"@type\":\"SearchAction\",\"target\":{\"@type\":\"EntryPoint\",\"urlTemplate\":\"https:\/\/www.nedzink.com\/ro\/?s={search_term_string}\"},\"query-input\":{\"@type\":\"PropertyValueSpecification\",\"valueRequired\":true,\"valueName\":\"search_term_string\"}}],\"inLanguage\":\"ro-RO\"},{\"@type\":\"Organization\",\"@id\":\"https:\/\/www.nedzink.com\/ro\/#organization\",\"name\":\"NedZink\",\"url\":\"https:\/\/www.nedzink.com\/ro\/\",\"logo\":{\"@type\":\"ImageObject\",\"inLanguage\":\"ro-RO\",\"@id\":\"https:\/\/www.nedzink.com\/ro\/#\/schema\/logo\/image\/\",\"url\":\"https:\/\/www.nedzink.com\/wp-content\/uploads\/2019\/08\/logo-nedzink_fc_zk.jpg\",\"contentUrl\":\"https:\/\/www.nedzink.com\/wp-content\/uploads\/2019\/08\/logo-nedzink_fc_zk.jpg\",\"width\":2160,\"height\":688,\"caption\":\"NedZink\"},\"image\":{\"@id\":\"https:\/\/www.nedzink.com\/ro\/#\/schema\/logo\/image\/\"}}]}<\/script>\n<!-- \/ Yoast SEO plugin. -->","yoast_head_json":{"title":"Tehnici de procesare \u2013 NedZink","robots":{"index":"index","follow":"follow","max-snippet":"max-snippet:-1","max-image-preview":"max-image-preview:large","max-video-preview":"max-video-preview:-1"},"canonical":"https:\/\/www.nedzink.com\/ro\/tehnici-de-procesare\/","og_locale":"ro_RO","og_type":"article","og_title":"Tehnici de procesare \u2013 NedZink","og_description":"T\u0103iere Pentru t\u0103ierea foilor de zinc sunt disponibile unelte metalice specifice pentru a u\u015fura \u015fi gr\u0103bi munca. Pentru t\u0103ierea pieselor lungi \u0219i drepte se folosesc foarfecile drepte \u015fi foarfeci Pelican. Pentru t\u0103ierea &icirc;n forme rotunde sunt folosite \u015fabloane \u015fi foarfeci speciale pentru locuri greu accesibile sau foarfeci pentru g\u0103urire cu forme cu v&acirc;rf curbat. Aceste [&hellip;]","og_url":"https:\/\/www.nedzink.com\/ro\/tehnici-de-procesare\/","og_site_name":"NedZink","twitter_card":"summary_large_image","twitter_misc":{"Timp estimat pentru citire":"5 minute"},"schema":{"@context":"https:\/\/schema.org","@graph":[{"@type":"WebPage","@id":"https:\/\/www.nedzink.com\/ro\/tehnici-de-procesare\/","url":"https:\/\/www.nedzink.com\/ro\/tehnici-de-procesare\/","name":"Tehnici de procesare \u2013 NedZink","isPartOf":{"@id":"https:\/\/www.nedzink.com\/ro\/#website"},"datePublished":"2019-06-04T12:54:00+00:00","breadcrumb":{"@id":"https:\/\/www.nedzink.com\/ro\/tehnici-de-procesare\/#breadcrumb"},"inLanguage":"ro-RO","potentialAction":[{"@type":"ReadAction","target":["https:\/\/www.nedzink.com\/ro\/tehnici-de-procesare\/"]}]},{"@type":"BreadcrumbList","@id":"https:\/\/www.nedzink.com\/ro\/tehnici-de-procesare\/#breadcrumb","itemListElement":[{"@type":"ListItem","position":1,"name":"Home","item":"https:\/\/www.nedzink.com\/ro\/"},{"@type":"ListItem","position":2,"name":"Tehnici de procesare"}]},{"@type":"WebSite","@id":"https:\/\/www.nedzink.com\/ro\/#website","url":"https:\/\/www.nedzink.com\/ro\/","name":"NedZink","description":"Zink fabrikant","publisher":{"@id":"https:\/\/www.nedzink.com\/ro\/#organization"},"potentialAction":[{"@type":"SearchAction","target":{"@type":"EntryPoint","urlTemplate":"https:\/\/www.nedzink.com\/ro\/?s={search_term_string}"},"query-input":{"@type":"PropertyValueSpecification","valueRequired":true,"valueName":"search_term_string"}}],"inLanguage":"ro-RO"},{"@type":"Organization","@id":"https:\/\/www.nedzink.com\/ro\/#organization","name":"NedZink","url":"https:\/\/www.nedzink.com\/ro\/","logo":{"@type":"ImageObject","inLanguage":"ro-RO","@id":"https:\/\/www.nedzink.com\/ro\/#\/schema\/logo\/image\/","url":"https:\/\/www.nedzink.com\/wp-content\/uploads\/2019\/08\/logo-nedzink_fc_zk.jpg","contentUrl":"https:\/\/www.nedzink.com\/wp-content\/uploads\/2019\/08\/logo-nedzink_fc_zk.jpg","width":2160,"height":688,"caption":"NedZink"},"image":{"@id":"https:\/\/www.nedzink.com\/ro\/#\/schema\/logo\/image\/"}}]}},"_links":{"self":[{"href":"https:\/\/www.nedzink.com\/ro\/wp-json\/wp\/v2\/pages\/30640","targetHints":{"allow":["GET"]}}],"collection":[{"href":"https:\/\/www.nedzink.com\/ro\/wp-json\/wp\/v2\/pages"}],"about":[{"href":"https:\/\/www.nedzink.com\/ro\/wp-json\/wp\/v2\/types\/page"}],"author":[{"embeddable":true,"href":"https:\/\/www.nedzink.com\/ro\/wp-json\/wp\/v2\/users\/9"}],"replies":[{"embeddable":true,"href":"https:\/\/www.nedzink.com\/ro\/wp-json\/wp\/v2\/comments?post=30640"}],"version-history":[{"count":0,"href":"https:\/\/www.nedzink.com\/ro\/wp-json\/wp\/v2\/pages\/30640\/revisions"}],"wp:attachment":[{"href":"https:\/\/www.nedzink.com\/ro\/wp-json\/wp\/v2\/media?parent=30640"}],"curies":[{"name":"wp","href":"https:\/\/api.w.org\/{rel}","templated":true}]}}