{"id":30630,"date":"2019-06-04T14:53:57","date_gmt":"2019-06-04T12:53:57","guid":{"rendered":"http:\/\/136.144.181.85\/~nedzink\/info-si-sfaturi\/ghid-de-procesare-si-instalare\/ghiduri-de-procesare\/nedzink-nuance\/"},"modified":"2019-06-04T14:53:57","modified_gmt":"2019-06-04T12:53:57","slug":"nedzink-nuance","status":"publish","type":"page","link":"https:\/\/www.nedzink.com\/ro\/nedzink-nuance\/","title":{"rendered":"NedZink NUANCE"},"content":{"rendered":"<p><strong>Pentru NedZink NUANCE, pe l&acirc;ng\u0103 cerin\u0163ele de procesare generale pentru Nedzink NATURAL, NOVA \u015fi NOIR se aplic\u0103 tehnici de procesare adi\u0163ionale.<\/strong><\/p>\n<h3 class=\"western\">Suprafa\u0163a<\/h3>\n<p>Propriet\u0103\u0163ile mecanice ale materialului sunt 100% identice cu cele ale NedZink NATURAL, NOVA&nbsp;\u015fi NOIR.<\/p>\n<p>NedZink NUANCE&nbsp;este un titan-zinc pre-patinat c\u0103ruia i se aplic\u0103 pigmen\u0163i de culoare.&nbsp;Rezultatele depind de pigmentul selectat pentru pre-patinarea zincului cu nuan\u0163e de culoare albastr\u0103, ro\u015fie sau verde. Ace\u015fti pigmen\u0163i asigur\u0103 o protec\u0163ie suplimentar\u0103 titan-zincului.<\/p>\n<p>NedZink NUANCE este un produs natural \u015fi &icirc;n consecin\u0163\u0103 pot ap\u0103rea diferen\u0163e mici de nuan\u0163\u0103. Printr-un proces unic de fabrica\u0163ie rezult\u0103 o culoare uniform\u0103, dar exist\u0103 posibilitatea ca nuan\u0163a s\u0103 varieze (legat\u0103 de lotul de fabrica\u0163ie). Se recomand\u0103 folosirea materialului din acela\u015fi lot de fabrica\u0163ie pentru fiecare proiect &icirc;n parte pentru a evita varia\u0163iile de nuan\u0163\u0103. Num\u0103rul lotului de produc\u0163ie este marcat pe partea din spate a materialului.<\/p>\n<p>Asambla\u0163i mereu NedZink NUANCE &icirc;n aceea\u015fi direc\u0163ie de laminare pentru a evita varia\u0163iile de culoare. Direc\u0163ia asambl\u0103rii este indicat\u0103 prin s\u0103ge\u0163i pe spatele materialului. Aceast\u0103 direc\u0163ie trebuie verificat\u0103 &icirc;nainte de punerea &icirc;n oper\u0103 a materialului.<\/p>\n<p>Dup\u0103 mul\u0163i ani, pigmen\u0163ii NedZink NUANCE vor disp\u0103rea treptat \u015fi culoarea pre-patinat\u0103 NedZink Nova va ap\u0103rea pe suprafa\u0163\u0103. Durabilitatea pigmen\u0163ilor este influen\u021bat\u0103 de factorii de mediu, cum ar fi loca\u0163ia cl\u0103dirii, temperatura, expunerea UV \u015fi calitatea aerului. Deteriorarea, perforarea \u015fi factori adver\u015fi ai mediului pot mic\u015fora semnificativ durata de via\u0163\u0103 a pigmen\u0163ilor.<\/p>\n<h3 class=\"western\">Procesarea<\/h3>\n<p>Modelarea \u015fi profilarea trebuie f\u0103cut\u0103 cu raz\u0103 de &icirc;ndoire de minim 2 mm (raz\u0103 interioar\u0103) la o grosime a materialului de 0,70mm. Deteriorarea \u0219i zg&acirc;rierea ad&acirc;nc\u0103 a acoperirii &icirc;n timpul proces\u0103rii trebuie evitate. Dac\u0103 este necesar, uneltele \u015fi ma\u015finile trebuie cur\u0103\u0163ate anticipat \u015fi &icirc;n special marginile ascu\u0163ite trebuie &icirc;nl\u0103turate pentru a evita riscul de deteriorare.<\/p>\n<h3 class=\"western\">Cositorirea<\/h3>\n<p>Pentru a cositori adecvat NedZink NUANCE, suprafa\u0163a trebuie cur\u0103\u0163at\u0103 de pigmen\u0163ii \u015fi stratul de patin\u0103 p&acirc;n\u0103 c&acirc;nd suprafa\u0163a clar\u0103 metalic\u0103 a NedZink NATURAL este vizibil\u0103. Pigmen\u0163ii \u015fi stratul de prepatin\u0103 trebuie &icirc;ndep\u0103rtate mecanic (sablare) p&acirc;n\u0103 c&acirc;nd suprafa\u0163a neted\u0103 metalic\u0103 este vizibil\u0103. Suprafe\u0163ele preg\u0103tite astfel sunt cositorite similar titan-zincului natural.<\/p>\n<h3 class=\"western\">Folia de protec\u0163ie<\/h3>\n<p>La cerere, NedZink NUANCE poate fi livrat cu o folie de protec\u0163ie temporar\u0103 pentru a reduce \u015fansele de degradare &icirc;n timpul proces\u0103rii \u015fi manipul\u0103rii. Folia nu este permanent rezistent\u0103 la UV \u015fi este destinat\u0103 doar pentru o protec\u0163ie temporar\u0103. Folia trebuie &icirc;ndep\u0103rtat\u0103 imediat dup\u0103 punerea &icirc;n oper\u0103, &icirc;n \u015fantier. Temperatura zincului trebuie sa fie de cel pu\u0163in 7&deg;C atunci c&acirc;nd folia este &icirc;ndep\u0103rtat\u0103. Folia trebuie &icirc;ndep\u0103rtat\u0103 &icirc;naintea &icirc;nchiderii fal\u0163urilor cum sunt fal\u0163urile verticale. Umiditatea dintre zinc \u015fi folie trebuie evitat\u0103. Dac\u0103 NedZink NUANCE este comandat f\u0103r\u0103 folie, materialul este expus la zg&acirc;rieturi &icirc;n timpul manipul\u0103rii.<\/p>\n<p><strong>Pentru NedZink NUANCE se aplic\u0103 cerin\u0163ele de procesare standard ca pentru Nedzink NATURAL, NOVA \u015fi NOIR.<\/strong><\/p>\n<h2 class=\"western\">Caracteristicile materialului<\/h2>\n<p>NedZink NATURAL este un titan-zinc brut produs conform EN 988 \u015fi certificat de Lloyd&#39;s Register. NedZink NATURAL are un aspect natural. NedZink NOVA \u015fi NedZink NOIR sunt tipuri de zinc pre-patinat produse printr-un proces de fosfatare. Materialul de baz\u0103 este titan-zinc natural produs de NedZink. Fosfat&acirc;nd materialul, rezult\u0103 o suprafa\u0163\u0103 apropiat\u0103 de patina care se formeaz\u0103 &icirc;n mod natural. Toate propriet\u0103\u0163ile zincului r\u0103m&acirc;n neschimbate &icirc;n acest proces.<\/p>\n<p>Ca orice metal &icirc;n rulouri, inlusiv tabla de titan-zinc are anumite tensiuni &icirc;ntr-o form\u0103 sau alta. Aceasta este o consecin\u0163\u0103 a procesului de rulare. Cu ajutorul unor tehnici moderne, aceste tensiuni sunt reduse la minim. Cu toate acestea, pot ap\u0103rea anumite tensiuni, cu un grad mai mic, dup\u0103 ce materialul se va procesa de c\u0103tre ter\u0163e p\u0103r\u0163i.<\/p>\n<h2 class=\"western\">Protec\u0163ia suprafe\u0163ei<\/h2>\n<p>NedZink Natural este livrat cu suprafa\u0163\u0103 metalic\u0103 str\u0103lucitoare, &icirc;n role sau foi. Expunerea la aerul exterior \u0219i umiditate duce la formarea unui strat de carbonat de zinc, denumit patin\u0103. Acest proces &icirc;ncepe imediat dup\u0103 punerea &icirc;n oper\u0103 \u015fi va continua p&acirc;n\u0103 la formarea unei patine uniforme. Ini\u0163ial, stratul de patin\u0103 poate avea un aspect p\u0103tat, neuniform. Aceasta este &icirc;n special vizibil\u0103 pe suprafe\u0163e verticale cum sunt fa\u0163adele.<\/p>\n<p>NedZink NOVA \u0219i NedZink NOIR sunt produse naturale, &icirc;n consecin\u0163\u0103 pot ap\u0103rea diferen\u0163e de nuan\u0163\u0103. Procesul unic de produc\u0163ie NedZink asigur\u0103 o culoare extrem de uniform\u0103, &icirc;ns\u0103 exist\u0103 posibilitatea unor varia\u0163ii de nuan\u0163\u0103, &icirc;n special la loturi de produc\u0163ie diferite. Pentru a evita varia\u0163iile de culoare &icirc;n cadrul unui proiect de fa\u021bad\u0103 sau acoperi\u015f, se recomand\u0103 utilizarea materialului provenit din acela\u015fi lot. Num\u0103rul lotului de produc\u0163ie este inscrip\u021bionat pe intradosul tablei.<\/p>\n<p>Materialele NedZink NOVA \u0219i NedZink NOIR se monteaz\u0103 &icirc;n aceea\u015fi direc\u0163ie cu direc\u0163ia de laminare (pentru a evita varia\u0163iile de culoare \u015fi a limita tensiunile metalului). Direc\u0163ia de laminare este indicat\u0103 prin s\u0103ge\u0163i pe intradosul materialului. Direc\u0163ia de laminare trebuie verificat\u0103 &icirc;nainte de punerea &icirc;n oper\u0103 a materialului.<\/p>\n<h2 class=\"western\">Depunerile de sare<\/h2>\n<p>&Icirc;ntr-un climat maritim sarea din atmosfer\u0103 \u0219i\/sau din ap\u0103 poate reac\u0163iona cu zincul \u015fi poate forma o clorur\u0103 de zinc pe suprafa\u0163a acestuia, ce nu poate fi sp\u0103lat\u0103 de apa de ploaie. Aceasta are aspectul unor pete albe permanente. Aceste pete albe nu au impact asupra func\u0163ionalit\u0103\u0163ii zincului. &Icirc;n absen\u0163a ploii sau pe suprafe\u0163ele ferite de ploaie este necesar\u0103 cur\u0103\u0163area regulat\u0103 cu ap\u0103 cald\u0103. NedZink nu este responsabil pentru efectele depozitelor de sare pe produsele sale.<\/p>\n<h2 class=\"western\">Protec\u0163ia anti-amprente (AFP)<\/h2>\n<p>Pe tabla de titan-zinc NedZink se aplic\u0103 o acoperire &icirc;mpotriva amprentelor pentru a preveni urmele de degete &icirc;n timpul instal\u0103rii \u015fi pentru a optimiza procesul mecanic. Aceast\u0103 acoperire ofer\u0103 materialului o u\u015foar\u0103 str\u0103lucire care va disp\u0103rea &icirc;n timp.<\/p>\n<h2 class=\"western\">Folia de protec\u0163ie<\/h2>\n<p>La cerere, NedZink NOVA poate fi livrat cu o folie de protec\u0163ie temporar\u0103 pentru a reduce \u015fansele de degradare &icirc;n timpul proces\u0103rii \u015fi manipul\u0103rii. NedZink NOIR este livrat standard cu aceast\u0103 folie de protec\u0163ie. Folia nu este rezistent\u0103 permanent la UV ci este &icirc;n scopul unei protec\u0163ii temporare. Folia trebuie &icirc;ndep\u0103rtat\u0103 imediat dup\u0103 punerea &icirc;n oper\u0103, &icirc;n \u015fantier. Temperatura zincului trebuie sa fie de cel pu\u0163in 7&deg;C atunci c&acirc;nd folia este &icirc;ndep\u0103rtat\u0103. Folia trebuie &icirc;ndep\u0103rtat\u0103 &icirc;naintea &icirc;nchiderii fal\u0163urilor (cel pu\u0163in &icirc;n zona fal\u0163urilor). Umiditatea dintre zinc \u015fi folie trebuie evitat\u0103. Dac\u0103 NedZink NOVA sau NedZink NOIR sunt comandate f\u0103r\u0103 folie, materialul este expus la zg&acirc;rieturi &icirc;n timpul manipul\u0103rii.<\/p>\n<h2 class=\"western\">Instalare<\/h2>\n<p>Titanium zinc from NedZink can be used in ventilated and unventilated applications. In all cases (either ventilated or unventilated) the recommendations as stated on www.nedzink.com or in the technical instruction handbook from NedZink must be followed.<\/p>\n<p>Zinc is a metal that expands and contracts with changes in temperature. In all cases, there must be an allowance for the free thermal expansion of the material when installed.<\/p>\n<h2>Titanium zinc and other materials<\/h2>\n<ul>\n<li>Because of the difference in electrolytic potential, titanium zinc may not be used together with the following metals: copper &ndash; lead &ndash; iron &ndash; gold &ndash; platinum &ndash; silver &ndash; nickel &ndash; cobalt &ndash; cadmium &ndash; chrome &ndash; tin &ndash; palladium &ndash; mercury<\/li>\n<li>Direct contact with new concrete, lime, bitumen, mortar (and other products that contain cement) must be avoided at all times.<\/li>\n<li>In connection with leaching, titanium zinc may not be used in combination with thatched roofs or Western Red Cedar wood. For other wood types, please refer to www.nedzink.com or the technical instruction hand book from NedZink.<\/li>\n<li>Zinc is not recommended for use in combination with the following types of glue: acidic silicones and epoxies, urea\/melamine glues, phenol-formaldehyde glues.<\/li>\n<\/ul>\n<h2 class=\"western\">Cositorire<\/h2>\n<p>Un avantaj major al produselor NedZink este posibilitatea de a fi cositorite la &icirc;mbin\u0103ri. &Icirc;n locurile &icirc;n care este necesar\u0103 o &icirc;mbinare etan\u015f\u0103 (de exemplu la jgheaburi), cositorirea este realizat\u0103 cu ajutorul unui ciocan de lipit din cupru \u015fi cositor-plumb, &icirc;mpreuna cu utilizarea corect\u0103 a unei solu\u0163ii de flux.<br \/>\nNedZink NOVA \u0219i NedZink NOIR pot fi cositorite &icirc;n acela\u015fi mod ca zincul nou, dar necesit\u0103 o aten\u0163ie special\u0103. Pentru a ob\u021bine o &icirc;mbinare bun\u0103 prin cositorire, finisajul pre-patinat de pe suprafa\u0163a ce urmeaz\u0103 a fi cositorit\u0103 trebuie &icirc;ndep\u0103rtat complet. Acest lucru poate fi realizat prin \u015flefuire sau frecare cu solu\u0163ie de flux, se a\u015fteapt\u0103 c&acirc;teva minute dup\u0103 care se &icirc;ndeparteaz\u0103 cu o c&acirc;rp\u0103 uscat\u0103. Exist\u0103 mai multe m\u0103rci de solu\u0163ii de flux potrivite titan-zincului care pot produce rezultate bune. Pentru mai multe sfaturi asupra cositoririi consulta\u0163i www.nedzink.com<\/p>\n<h2 class=\"western\">Procesarea mecanic\u0103<\/h2>\n<p><font face=\"Times, serif\"><font size=\"2\" style=\"font-size: 10pt\"><font face=\"Arial, serif\"><span lang=\"en-GB\">Sub o temperatur\u0103 de 7&deg;C a materialului, zincul nu poate fi deformat mecanic pentru a evita deteriorarea acestuia (ex. apari\u0163ia micro-fisurilor). <\/span><\/font><\/font><\/font><\/p>\n<h2 class=\"western\">Transport \u015fi depozitare<\/h2>\n<p>Tabla de titan-zinc trebuie ambalat\u0103 adecvat pentru a evita deteriorarea &icirc;n timpul transportului. Produsele NedZink trebuie transportate &icirc;n condi\u0163ii uscate \u015fi ventilate. Foile \u015fi rolele trebuie protejate &icirc;mpotriva deterior\u0103rilor din timpul transportului (zg&acirc;rieturi, crest\u0103ri).<\/p>\n<p>Materialul NedZink trebuie depozitat &icirc;ntr-un spa\u021biu uscat, ventilat \u015fi protejat &icirc;mpotriva degrad\u0103rii, &icirc;n special &icirc;mpotriva umidit\u0103\u0163ii mari din aer. Depozitarea exterioar\u0103 nu este recomandat\u0103.<\/p>\n<p>NedZink B.V.<\/p>\n<p><em><span style=\"font-size:10px;\">Pentru mai multe informa\u0163ii despre produsele NedZink, consulta\u0163i manualul de instruc\u0163iuni NedZink. Manualul se poate downloada de pe <a href=\"https:\/\/www.nedzink.com\/\">www.nedzink.com<\/a> . Putem trimite \u015fi o copie pe mail. Regulamentele de procesare sunt produse cu cea mai mare grij\u0103. Toate informa\u0163iile specificate &icirc;n aceste reglement\u0103ri sunt &icirc;n concordan\u0163\u0103 cu ultimele tehnologii din domeniu \u015fi ofer\u0103 informa\u0163ii despre produsele noastre \u015fi modul de utilizare a acestora. Nu este permis\u0103 abaterea de la aceste reguli.<\/span><\/em><\/p>\n<p><a href=\"https:\/\/www.nedzink.com\/wp-content\/uploads\/import\/cms\/userfiles\/files\/downloads\/en\/Processing-regulations-NedZink-NUANCE.pdf\">Desc\u0103rcare Ghid de procesare&nbsp;NedZink NUANCE<\/a><\/p>\n","protected":false},"excerpt":{"rendered":"<p>Pentru NedZink NUANCE, pe l&acirc;ng\u0103 cerin\u0163ele de procesare generale pentru Nedzink NATURAL, NOVA \u015fi NOIR se aplic\u0103 tehnici de procesare adi\u0163ionale. Suprafa\u0163a Propriet\u0103\u0163ile mecanice ale materialului sunt 100% identice cu cele ale NedZink NATURAL, NOVA&nbsp;\u015fi NOIR. NedZink NUANCE&nbsp;este un titan-zinc pre-patinat c\u0103ruia i se aplic\u0103 pigmen\u0163i de culoare.&nbsp;Rezultatele depind de pigmentul selectat pentru pre-patinarea zincului [&hellip;]<\/p>\n","protected":false},"author":9,"featured_media":0,"parent":0,"menu_order":990,"comment_status":"closed","ping_status":"closed","template":"template-import.php","meta":{"_acf_changed":false,"footnotes":""},"class_list":["post-30630","page","type-page","status-publish","hentry"],"acf":[],"yoast_head":"<!-- This site is optimized with the Yoast SEO plugin v26.8 - https:\/\/yoast.com\/product\/yoast-seo-wordpress\/ -->\n<title>NedZink NUANCE \u2013 NedZink<\/title>\n<meta name=\"robots\" content=\"index, follow, max-snippet:-1, max-image-preview:large, max-video-preview:-1\" \/>\n<link rel=\"canonical\" href=\"https:\/\/www.nedzink.com\/ro\/nedzink-nuance\/\" \/>\n<meta property=\"og:locale\" content=\"ro_RO\" \/>\n<meta property=\"og:type\" content=\"article\" \/>\n<meta property=\"og:title\" content=\"NedZink NUANCE \u2013 NedZink\" \/>\n<meta property=\"og:description\" content=\"Pentru NedZink NUANCE, pe l&acirc;ng\u0103 cerin\u0163ele de procesare generale pentru Nedzink NATURAL, NOVA \u015fi NOIR se aplic\u0103 tehnici de procesare adi\u0163ionale. Suprafa\u0163a Propriet\u0103\u0163ile mecanice ale materialului sunt 100% identice cu cele ale NedZink NATURAL, NOVA&nbsp;\u015fi NOIR. NedZink NUANCE&nbsp;este un titan-zinc pre-patinat c\u0103ruia i se aplic\u0103 pigmen\u0163i de culoare.&nbsp;Rezultatele depind de pigmentul selectat pentru pre-patinarea zincului [&hellip;]\" \/>\n<meta property=\"og:url\" content=\"https:\/\/www.nedzink.com\/ro\/nedzink-nuance\/\" \/>\n<meta property=\"og:site_name\" content=\"NedZink\" \/>\n<meta name=\"twitter:card\" content=\"summary_large_image\" \/>\n<meta name=\"twitter:label1\" content=\"Timp estimat pentru citire\" \/>\n\t<meta name=\"twitter:data1\" content=\"9 minute\" \/>\n<script type=\"application\/ld+json\" class=\"yoast-schema-graph\">{\"@context\":\"https:\/\/schema.org\",\"@graph\":[{\"@type\":\"WebPage\",\"@id\":\"https:\/\/www.nedzink.com\/ro\/nedzink-nuance\/\",\"url\":\"https:\/\/www.nedzink.com\/ro\/nedzink-nuance\/\",\"name\":\"NedZink NUANCE \u2013 NedZink\",\"isPartOf\":{\"@id\":\"https:\/\/www.nedzink.com\/ro\/#website\"},\"datePublished\":\"2019-06-04T12:53:57+00:00\",\"breadcrumb\":{\"@id\":\"https:\/\/www.nedzink.com\/ro\/nedzink-nuance\/#breadcrumb\"},\"inLanguage\":\"ro-RO\",\"potentialAction\":[{\"@type\":\"ReadAction\",\"target\":[\"https:\/\/www.nedzink.com\/ro\/nedzink-nuance\/\"]}]},{\"@type\":\"BreadcrumbList\",\"@id\":\"https:\/\/www.nedzink.com\/ro\/nedzink-nuance\/#breadcrumb\",\"itemListElement\":[{\"@type\":\"ListItem\",\"position\":1,\"name\":\"Home\",\"item\":\"https:\/\/www.nedzink.com\/ro\/\"},{\"@type\":\"ListItem\",\"position\":2,\"name\":\"NedZink NUANCE\"}]},{\"@type\":\"WebSite\",\"@id\":\"https:\/\/www.nedzink.com\/ro\/#website\",\"url\":\"https:\/\/www.nedzink.com\/ro\/\",\"name\":\"NedZink\",\"description\":\"Zink fabrikant\",\"publisher\":{\"@id\":\"https:\/\/www.nedzink.com\/ro\/#organization\"},\"potentialAction\":[{\"@type\":\"SearchAction\",\"target\":{\"@type\":\"EntryPoint\",\"urlTemplate\":\"https:\/\/www.nedzink.com\/ro\/?s={search_term_string}\"},\"query-input\":{\"@type\":\"PropertyValueSpecification\",\"valueRequired\":true,\"valueName\":\"search_term_string\"}}],\"inLanguage\":\"ro-RO\"},{\"@type\":\"Organization\",\"@id\":\"https:\/\/www.nedzink.com\/ro\/#organization\",\"name\":\"NedZink\",\"url\":\"https:\/\/www.nedzink.com\/ro\/\",\"logo\":{\"@type\":\"ImageObject\",\"inLanguage\":\"ro-RO\",\"@id\":\"https:\/\/www.nedzink.com\/ro\/#\/schema\/logo\/image\/\",\"url\":\"https:\/\/www.nedzink.com\/wp-content\/uploads\/2019\/08\/logo-nedzink_fc_zk.jpg\",\"contentUrl\":\"https:\/\/www.nedzink.com\/wp-content\/uploads\/2019\/08\/logo-nedzink_fc_zk.jpg\",\"width\":2160,\"height\":688,\"caption\":\"NedZink\"},\"image\":{\"@id\":\"https:\/\/www.nedzink.com\/ro\/#\/schema\/logo\/image\/\"}}]}<\/script>\n<!-- \/ Yoast SEO plugin. -->","yoast_head_json":{"title":"NedZink NUANCE \u2013 NedZink","robots":{"index":"index","follow":"follow","max-snippet":"max-snippet:-1","max-image-preview":"max-image-preview:large","max-video-preview":"max-video-preview:-1"},"canonical":"https:\/\/www.nedzink.com\/ro\/nedzink-nuance\/","og_locale":"ro_RO","og_type":"article","og_title":"NedZink NUANCE \u2013 NedZink","og_description":"Pentru NedZink NUANCE, pe l&acirc;ng\u0103 cerin\u0163ele de procesare generale pentru Nedzink NATURAL, NOVA \u015fi NOIR se aplic\u0103 tehnici de procesare adi\u0163ionale. Suprafa\u0163a Propriet\u0103\u0163ile mecanice ale materialului sunt 100% identice cu cele ale NedZink NATURAL, NOVA&nbsp;\u015fi NOIR. NedZink NUANCE&nbsp;este un titan-zinc pre-patinat c\u0103ruia i se aplic\u0103 pigmen\u0163i de culoare.&nbsp;Rezultatele depind de pigmentul selectat pentru pre-patinarea zincului [&hellip;]","og_url":"https:\/\/www.nedzink.com\/ro\/nedzink-nuance\/","og_site_name":"NedZink","twitter_card":"summary_large_image","twitter_misc":{"Timp estimat pentru citire":"9 minute"},"schema":{"@context":"https:\/\/schema.org","@graph":[{"@type":"WebPage","@id":"https:\/\/www.nedzink.com\/ro\/nedzink-nuance\/","url":"https:\/\/www.nedzink.com\/ro\/nedzink-nuance\/","name":"NedZink NUANCE \u2013 NedZink","isPartOf":{"@id":"https:\/\/www.nedzink.com\/ro\/#website"},"datePublished":"2019-06-04T12:53:57+00:00","breadcrumb":{"@id":"https:\/\/www.nedzink.com\/ro\/nedzink-nuance\/#breadcrumb"},"inLanguage":"ro-RO","potentialAction":[{"@type":"ReadAction","target":["https:\/\/www.nedzink.com\/ro\/nedzink-nuance\/"]}]},{"@type":"BreadcrumbList","@id":"https:\/\/www.nedzink.com\/ro\/nedzink-nuance\/#breadcrumb","itemListElement":[{"@type":"ListItem","position":1,"name":"Home","item":"https:\/\/www.nedzink.com\/ro\/"},{"@type":"ListItem","position":2,"name":"NedZink NUANCE"}]},{"@type":"WebSite","@id":"https:\/\/www.nedzink.com\/ro\/#website","url":"https:\/\/www.nedzink.com\/ro\/","name":"NedZink","description":"Zink fabrikant","publisher":{"@id":"https:\/\/www.nedzink.com\/ro\/#organization"},"potentialAction":[{"@type":"SearchAction","target":{"@type":"EntryPoint","urlTemplate":"https:\/\/www.nedzink.com\/ro\/?s={search_term_string}"},"query-input":{"@type":"PropertyValueSpecification","valueRequired":true,"valueName":"search_term_string"}}],"inLanguage":"ro-RO"},{"@type":"Organization","@id":"https:\/\/www.nedzink.com\/ro\/#organization","name":"NedZink","url":"https:\/\/www.nedzink.com\/ro\/","logo":{"@type":"ImageObject","inLanguage":"ro-RO","@id":"https:\/\/www.nedzink.com\/ro\/#\/schema\/logo\/image\/","url":"https:\/\/www.nedzink.com\/wp-content\/uploads\/2019\/08\/logo-nedzink_fc_zk.jpg","contentUrl":"https:\/\/www.nedzink.com\/wp-content\/uploads\/2019\/08\/logo-nedzink_fc_zk.jpg","width":2160,"height":688,"caption":"NedZink"},"image":{"@id":"https:\/\/www.nedzink.com\/ro\/#\/schema\/logo\/image\/"}}]}},"_links":{"self":[{"href":"https:\/\/www.nedzink.com\/ro\/wp-json\/wp\/v2\/pages\/30630","targetHints":{"allow":["GET"]}}],"collection":[{"href":"https:\/\/www.nedzink.com\/ro\/wp-json\/wp\/v2\/pages"}],"about":[{"href":"https:\/\/www.nedzink.com\/ro\/wp-json\/wp\/v2\/types\/page"}],"author":[{"embeddable":true,"href":"https:\/\/www.nedzink.com\/ro\/wp-json\/wp\/v2\/users\/9"}],"replies":[{"embeddable":true,"href":"https:\/\/www.nedzink.com\/ro\/wp-json\/wp\/v2\/comments?post=30630"}],"version-history":[{"count":0,"href":"https:\/\/www.nedzink.com\/ro\/wp-json\/wp\/v2\/pages\/30630\/revisions"}],"wp:attachment":[{"href":"https:\/\/www.nedzink.com\/ro\/wp-json\/wp\/v2\/media?parent=30630"}],"curies":[{"name":"wp","href":"https:\/\/api.w.org\/{rel}","templated":true}]}}