{"id":30580,"date":"2019-06-04T14:53:42","date_gmt":"2019-06-04T12:53:42","guid":{"rendered":"http:\/\/136.144.181.85\/~nedzink\/info-si-sfaturi\/ghid-de-procesare-si-instalare\/ghiduri-de-procesare\/nedzink-nova\/"},"modified":"2019-06-04T14:53:42","modified_gmt":"2019-06-04T12:53:42","slug":"nedzink-nova","status":"publish","type":"page","link":"https:\/\/www.nedzink.com\/ro\/nedzink-nova\/","title":{"rendered":"NedZink NOVA"},"content":{"rendered":"<p><strong>Fi\u015fa tehnic\u0103 a acestui produs este destinat\u0103 furniz\u0103rii de informa\u0163ii importante \u015fi cerin\u0163e de procesare pentru NedZink NATURAL, NedZink NOVA \u015fi NedZink NOIR.<\/strong><\/p>\n<h2 class=\"western\">Caracteristicile materialului<\/h2>\n<p>NedZink NATURAL este un titan-zinc brut produs conform EN 988 \u015fi certificat de Lloyd&#39;s Register. NedZink NATURAL are un aspect natural. NedZink NOVA \u015fi NedZink NOIR sunt tipuri de zinc pre-patinat produse printr-un proces de fosfatare. Materialul de baz\u0103 este titan-zinc natural produs de NedZink. Fosfat&acirc;nd materialul, rezult\u0103 o suprafa\u0163\u0103 apropiat\u0103 de patina care se formeaz\u0103 &icirc;n mod natural. Toate propriet\u0103\u0163ile zincului r\u0103m&acirc;n neschimbate &icirc;n acest proces.<\/p>\n<p>Ca orice metal &icirc;n rulouri, inlusiv tabla de titan-zinc are anumite tensiuni &icirc;ntr-o form\u0103 sau alta. Aceasta este o consecin\u0163\u0103 a procesului de rulare. Cu ajutorul unor tehnici moderne, aceste tensiuni sunt reduse la minim. Cu toate acestea, pot ap\u0103rea anumite tensiuni, cu un grad mai mic, dup\u0103 ce materialul se va procesa de c\u0103tre ter\u0163e p\u0103r\u0163i.<\/p>\n<h2 class=\"western\">Protec\u0163ia suprafe\u0163ei<\/h2>\n<p>NedZink Natural este livrat cu suprafa\u0163\u0103 metalic\u0103 str\u0103lucitoare, &icirc;n role sau foi. Expunerea la aerul exterior \u0219i umiditate duce la formarea unui strat de carbonat de zinc, denumit patin\u0103. Acest proces &icirc;ncepe imediat dup\u0103 punerea &icirc;n oper\u0103 \u015fi va continua p&acirc;n\u0103 la formarea unei patine uniforme. Ini\u0163ial, stratul de patin\u0103 poate avea un aspect p\u0103tat, neuniform. Aceasta este &icirc;n special vizibil\u0103 pe suprafe\u0163e verticale cum sunt fa\u0163adele.<\/p>\n<p>NedZink NOVA \u0219i NedZink NOIR sunt produse naturale, &icirc;n consecin\u0163\u0103 pot ap\u0103rea diferen\u0163e de nuan\u0163\u0103. Procesul unic de produc\u0163ie NedZink asigur\u0103 o culoare extrem de uniform\u0103, &icirc;ns\u0103 exist\u0103 posibilitatea unor varia\u0163ii de nuan\u0163\u0103, &icirc;n special la loturi de produc\u0163ie diferite. Pentru a evita varia\u0163iile de culoare &icirc;n cadrul unui proiect de fa\u021bad\u0103 sau acoperi\u015f, se recomand\u0103 utilizarea materialului provenit din acela\u015fi lot. Num\u0103rul lotului de produc\u0163ie este inscrip\u021bionat pe intradosul tablei.<\/p>\n<p>Materialele NedZink NOVA \u0219i NedZink NOIR se monteaz\u0103 &icirc;n aceea\u015fi direc\u0163ie cu direc\u0163ia de laminare (pentru a evita varia\u0163iile de culoare \u015fi a limita tensiunile metalului). Direc\u0163ia de laminare este indicat\u0103 prin s\u0103ge\u0163i pe intradosul materialului. Direc\u0163ia de laminare trebuie verificat\u0103 &icirc;nainte de punerea &icirc;n oper\u0103 a materialului.<\/p>\n<h2 class=\"western\">Depunerile de sare<\/h2>\n<p>&Icirc;ntr-un climat maritim sarea din atmosfer\u0103 \u0219i\/sau din ap\u0103 poate reac\u0163iona cu zincul \u015fi poate forma o clorur\u0103 de zinc pe suprafa\u0163a acestuia, ce nu poate fi sp\u0103lat\u0103 de apa de ploaie. Aceasta are aspectul unor pete albe permanente. Aceste pete albe nu au impact asupra func\u0163ionalit\u0103\u0163ii zincului. &Icirc;n absen\u0163a ploii sau pe suprafe\u0163ele ferite de ploaie este necesar\u0103 cur\u0103\u0163area regulat\u0103 cu ap\u0103 cald\u0103. NedZink nu este responsabil pentru efectele depozitelor de sare pe produsele sale.<\/p>\n<h2 class=\"western\">Protec\u0163ia anti-amprente (AFP)<\/h2>\n<p>Pe tabla de titan-zinc NedZink se aplic\u0103 o acoperire &icirc;mpotriva amprentelor pentru a preveni urmele de degete &icirc;n timpul instal\u0103rii \u015fi pentru a optimiza procesul mecanic. Aceast\u0103 acoperire ofer\u0103 materialului o u\u015foar\u0103 str\u0103lucire care va disp\u0103rea &icirc;n timp.<\/p>\n<h2 class=\"western\">Folia de protec\u0163ie<\/h2>\n<p>La cerere, NedZink NOVA poate fi livrat cu o folie de protec\u0163ie temporar\u0103 pentru a reduce \u015fansele de degradare &icirc;n timpul proces\u0103rii \u015fi manipul\u0103rii. NedZink NOIR este livrat standard cu aceast\u0103 folie de protec\u0163ie. Folia nu este rezistent\u0103 permanent la UV ci este &icirc;n scopul unei protec\u0163ii temporare. Folia trebuie &icirc;ndep\u0103rtat\u0103 imediat dup\u0103 punerea &icirc;n oper\u0103, &icirc;n \u015fantier. Temperatura zincului trebuie sa fie de cel pu\u0163in 7&deg;C atunci c&acirc;nd folia este &icirc;ndep\u0103rtat\u0103. Folia trebuie &icirc;ndep\u0103rtat\u0103 &icirc;naintea &icirc;nchiderii fal\u0163urilor (cel pu\u0163in &icirc;n zona fal\u0163urilor). Umiditatea dintre zinc \u015fi folie trebuie evitat\u0103. Dac\u0103 NedZink NOVA sau NedZink NOIR sunt comandate f\u0103r\u0103 folie, materialul este expus la zg&acirc;rieturi &icirc;n timpul manipul\u0103rii.&nbsp;<\/p>\n<h2 class=\"western\">Instalare<\/h2>\n<p>Titan-zincul NedZink poate fi aplicat pe structuri ventilate sau neventilate. &Icirc;n oricare dintre cazuri (ventilate sau neventilate), trebuie respectate recomand\u0103rile \u015fi instruc\u0163iunile tehnice aflate pe site-ul www.nedzink.com.<\/p>\n<p>Zincul este un material care se dilat\u0103 \u015fi se contract\u0103 &icirc;n func\u0163ie de schimb\u0103rile de temperatur\u0103.<br \/>\nIn oricare dintre cazuri, trebuie asigurat\u0103 o expansiune termic\u0103 liber\u0103 a materialului atunci c&acirc;nd este pus &icirc;n oper\u0103.<\/p>\n<h2 class=\"western\">Titan-zincul \u015fi alte materiale<\/h2>\n<ul>\n<li>Din cauza diferen\u0163elor de poten\u0163ial electrolitic, titan-zincul nu poate fi folosit &icirc;mpreun\u0103 cu urm\u0103toarele metale: cupru, plumb, fier, aur, platina, argint, nichel, cobalt, cadmiu, crom, staniu, paladiu, mercur.<\/li>\n<li>Contactul direct cu betonul proasp\u0103t, varul, bitumul, mortarul (\u015fi alte produse care con\u0163in ciment) trebuie &icirc;ntotdeauna evitat.<\/li>\n<li>Titan-zincul nu poate fi utilizat &icirc;n contact cu acoperi\u015furile din stuf, paie, etc. sau cu lemnul de cedru ro\u015fu occidental. Pentru alte tipuri de lemn, consulta\u0163i www.nedzink.com sau instruc\u0163iunile tehnice din Manualul Tehnic NedZink.<\/li>\n<li>Zincul nu este recomandat pentru utilizare &icirc;n combina\u0163ie cu urm\u0103toarele tipuri de adezivi: silicon acrilic, r\u0103\u015fin\u0103 epoxidic\u0103, adeziv ureic\/melamin\u0103, adeziv fenol-formaldehidic.<\/li>\n<\/ul>\n<h2>Cositorire<\/h2>\n<p>Un avantaj major al produselor NedZink este posibilitatea de a fi cositorite la &icirc;mbin\u0103ri. &Icirc;n locurile &icirc;n care este necesar\u0103 o &icirc;mbinare etan\u015f\u0103 (de exemplu la jgheaburi), cositorirea este realizat\u0103 cu ajutorul unui ciocan de lipit din cupru \u015fi cositor-plumb, &icirc;mpreuna cu utilizarea corect\u0103 a unei solu\u0163ii de flux.<\/p>\n<p>NedZink NOVA \u0219i NedZink NOIR pot fi cositorite &icirc;n acela\u015fi mod ca zincul nou, dar necesit\u0103 o aten\u0163ie special\u0103. Pentru a ob\u021bine o &icirc;mbinare bun\u0103 prin cositorire, finisajul pre-patinat de pe suprafa\u0163a ce urmeaz\u0103 a fi cositorit\u0103 trebuie &icirc;ndep\u0103rtat complet. Acest lucru poate fi realizat prin \u015flefuire sau frecare cu solu\u0163ie de flux, se a\u015fteapt\u0103 c&acirc;teva minute dup\u0103 care se &icirc;ndeparteaz\u0103 cu o c&acirc;rp\u0103 uscat\u0103. Exist\u0103 mai multe m\u0103rci de solu\u0163ii de flux potrivite titan-zincului care pot produce rezultate bune. Pentru mai multe sfaturi asupra cositoririi consulta\u0163i www.nedzink.com<\/p>\n<h2 class=\"western\">Procesarea mecanic\u0103<\/h2>\n<p><font face=\"Times, serif\"><font size=\"2\" style=\"font-size: 10pt\"><font face=\"Arial, serif\"><span lang=\"en-GB\">Sub o temperatur\u0103 de 7&deg;C a materialului, zincul nu poate fi deformat mecanic pentru a evita deteriorarea acestuia (ex. apari\u0163ia micro-fisurilor). <\/span><\/font><\/font><\/font><\/p>\n<h2 class=\"western\">Transport \u015fi depozitare<\/h2>\n<p>Tabla de titan-zinc trebuie ambalat\u0103 adecvat pentru a evita deteriorarea &icirc;n timpul transportului. Produsele NedZink trebuie transportate &icirc;n condi\u0163ii uscate \u015fi ventilate. Foile \u015fi rolele trebuie protejate &icirc;mpotriva deterior\u0103rilor din timpul transportului (zg&acirc;rieturi, crest\u0103ri).<\/p>\n<p>Materialul NedZink trebuie depozitat &icirc;ntr-un spa\u021biu uscat, ventilat \u015fi protejat &icirc;mpotriva degrad\u0103rii, &icirc;n special &icirc;mpotriva umidit\u0103\u0163ii mari din aer. Depozitarea exterioar\u0103 nu este recomandat\u0103.<\/p>\n<p>NedZink B.V.<\/p>\n<p><em><span style=\"font-size:10px;\">Pentru mai multe informa\u0163ii despre produsele NedZink, consulta\u0163i manualul de instruc\u0163iuni NedZink. Manualul se poate downloada de pe <a href=\"https:\/\/www.nedzink.com\/\">www.nedzink.com<\/a> . Putem trimite \u015fi o copie pe mail. Regulamentele de procesare sunt produse cu cea mai mare grij\u0103. Toate informa\u0163iile specificate &icirc;n aceste reglement\u0103ri sunt &icirc;n concordan\u0163\u0103 cu ultimele tehnologii din domeniu \u015fi ofer\u0103 informa\u0163ii despre produsele noastre \u015fi modul de utilizare a acestora. Nu este permis\u0103 abaterea de la aceste reguli.<\/span><\/em><\/p>\n<p><a href=\"https:\/\/www.nedzink.com\/wp-content\/uploads\/import\/cms\/userfiles\/files\/downloads\/en\/Verwerkingsvoorschriften-NedZink-ENG-def.pdf\">Desc\u0103rcare Ghid de procesare&nbsp;NedZink NATURAL, NOVA \u015fi NOIR<\/a><\/p>\n","protected":false},"excerpt":{"rendered":"<p>Fi\u015fa tehnic\u0103 a acestui produs este destinat\u0103 furniz\u0103rii de informa\u0163ii importante \u015fi cerin\u0163e de procesare pentru NedZink NATURAL, NedZink NOVA \u015fi NedZink NOIR. Caracteristicile materialului NedZink NATURAL este un titan-zinc brut produs conform EN 988 \u015fi certificat de Lloyd&#39;s Register. NedZink NATURAL are un aspect natural. NedZink NOVA \u015fi NedZink NOIR sunt tipuri de zinc [&hellip;]<\/p>\n","protected":false},"author":9,"featured_media":0,"parent":0,"menu_order":530,"comment_status":"closed","ping_status":"closed","template":"template-import.php","meta":{"_acf_changed":false,"footnotes":""},"class_list":["post-30580","page","type-page","status-publish","hentry"],"acf":[],"yoast_head":"<!-- This site is optimized with the Yoast SEO plugin v26.8 - https:\/\/yoast.com\/product\/yoast-seo-wordpress\/ -->\n<title>NedZink NOVA \u2013 NedZink<\/title>\n<meta name=\"robots\" content=\"index, follow, max-snippet:-1, max-image-preview:large, max-video-preview:-1\" \/>\n<link rel=\"canonical\" href=\"https:\/\/www.nedzink.com\/ro\/nedzink-nova\/\" \/>\n<meta property=\"og:locale\" content=\"ro_RO\" \/>\n<meta property=\"og:type\" content=\"article\" \/>\n<meta property=\"og:title\" content=\"NedZink NOVA \u2013 NedZink\" \/>\n<meta property=\"og:description\" content=\"Fi\u015fa tehnic\u0103 a acestui produs este destinat\u0103 furniz\u0103rii de informa\u0163ii importante \u015fi cerin\u0163e de procesare pentru NedZink NATURAL, NedZink NOVA \u015fi NedZink NOIR. Caracteristicile materialului NedZink NATURAL este un titan-zinc brut produs conform EN 988 \u015fi certificat de Lloyd&#039;s Register. NedZink NATURAL are un aspect natural. NedZink NOVA \u015fi NedZink NOIR sunt tipuri de zinc [&hellip;]\" \/>\n<meta property=\"og:url\" content=\"https:\/\/www.nedzink.com\/ro\/nedzink-nova\/\" \/>\n<meta property=\"og:site_name\" content=\"NedZink\" \/>\n<meta name=\"twitter:card\" content=\"summary_large_image\" \/>\n<meta name=\"twitter:label1\" content=\"Timp estimat pentru citire\" \/>\n\t<meta name=\"twitter:data1\" content=\"6 minute\" \/>\n<script type=\"application\/ld+json\" class=\"yoast-schema-graph\">{\"@context\":\"https:\/\/schema.org\",\"@graph\":[{\"@type\":\"WebPage\",\"@id\":\"https:\/\/www.nedzink.com\/ro\/nedzink-nova\/\",\"url\":\"https:\/\/www.nedzink.com\/ro\/nedzink-nova\/\",\"name\":\"NedZink NOVA \u2013 NedZink\",\"isPartOf\":{\"@id\":\"https:\/\/www.nedzink.com\/ro\/#website\"},\"datePublished\":\"2019-06-04T12:53:42+00:00\",\"breadcrumb\":{\"@id\":\"https:\/\/www.nedzink.com\/ro\/nedzink-nova\/#breadcrumb\"},\"inLanguage\":\"ro-RO\",\"potentialAction\":[{\"@type\":\"ReadAction\",\"target\":[\"https:\/\/www.nedzink.com\/ro\/nedzink-nova\/\"]}]},{\"@type\":\"BreadcrumbList\",\"@id\":\"https:\/\/www.nedzink.com\/ro\/nedzink-nova\/#breadcrumb\",\"itemListElement\":[{\"@type\":\"ListItem\",\"position\":1,\"name\":\"Home\",\"item\":\"https:\/\/www.nedzink.com\/ro\/\"},{\"@type\":\"ListItem\",\"position\":2,\"name\":\"NedZink NOVA\"}]},{\"@type\":\"WebSite\",\"@id\":\"https:\/\/www.nedzink.com\/ro\/#website\",\"url\":\"https:\/\/www.nedzink.com\/ro\/\",\"name\":\"NedZink\",\"description\":\"Zink fabrikant\",\"publisher\":{\"@id\":\"https:\/\/www.nedzink.com\/ro\/#organization\"},\"potentialAction\":[{\"@type\":\"SearchAction\",\"target\":{\"@type\":\"EntryPoint\",\"urlTemplate\":\"https:\/\/www.nedzink.com\/ro\/?s={search_term_string}\"},\"query-input\":{\"@type\":\"PropertyValueSpecification\",\"valueRequired\":true,\"valueName\":\"search_term_string\"}}],\"inLanguage\":\"ro-RO\"},{\"@type\":\"Organization\",\"@id\":\"https:\/\/www.nedzink.com\/ro\/#organization\",\"name\":\"NedZink\",\"url\":\"https:\/\/www.nedzink.com\/ro\/\",\"logo\":{\"@type\":\"ImageObject\",\"inLanguage\":\"ro-RO\",\"@id\":\"https:\/\/www.nedzink.com\/ro\/#\/schema\/logo\/image\/\",\"url\":\"https:\/\/www.nedzink.com\/wp-content\/uploads\/2019\/08\/logo-nedzink_fc_zk.jpg\",\"contentUrl\":\"https:\/\/www.nedzink.com\/wp-content\/uploads\/2019\/08\/logo-nedzink_fc_zk.jpg\",\"width\":2160,\"height\":688,\"caption\":\"NedZink\"},\"image\":{\"@id\":\"https:\/\/www.nedzink.com\/ro\/#\/schema\/logo\/image\/\"}}]}<\/script>\n<!-- \/ Yoast SEO plugin. -->","yoast_head_json":{"title":"NedZink NOVA \u2013 NedZink","robots":{"index":"index","follow":"follow","max-snippet":"max-snippet:-1","max-image-preview":"max-image-preview:large","max-video-preview":"max-video-preview:-1"},"canonical":"https:\/\/www.nedzink.com\/ro\/nedzink-nova\/","og_locale":"ro_RO","og_type":"article","og_title":"NedZink NOVA \u2013 NedZink","og_description":"Fi\u015fa tehnic\u0103 a acestui produs este destinat\u0103 furniz\u0103rii de informa\u0163ii importante \u015fi cerin\u0163e de procesare pentru NedZink NATURAL, NedZink NOVA \u015fi NedZink NOIR. Caracteristicile materialului NedZink NATURAL este un titan-zinc brut produs conform EN 988 \u015fi certificat de Lloyd&#39;s Register. NedZink NATURAL are un aspect natural. NedZink NOVA \u015fi NedZink NOIR sunt tipuri de zinc [&hellip;]","og_url":"https:\/\/www.nedzink.com\/ro\/nedzink-nova\/","og_site_name":"NedZink","twitter_card":"summary_large_image","twitter_misc":{"Timp estimat pentru citire":"6 minute"},"schema":{"@context":"https:\/\/schema.org","@graph":[{"@type":"WebPage","@id":"https:\/\/www.nedzink.com\/ro\/nedzink-nova\/","url":"https:\/\/www.nedzink.com\/ro\/nedzink-nova\/","name":"NedZink NOVA \u2013 NedZink","isPartOf":{"@id":"https:\/\/www.nedzink.com\/ro\/#website"},"datePublished":"2019-06-04T12:53:42+00:00","breadcrumb":{"@id":"https:\/\/www.nedzink.com\/ro\/nedzink-nova\/#breadcrumb"},"inLanguage":"ro-RO","potentialAction":[{"@type":"ReadAction","target":["https:\/\/www.nedzink.com\/ro\/nedzink-nova\/"]}]},{"@type":"BreadcrumbList","@id":"https:\/\/www.nedzink.com\/ro\/nedzink-nova\/#breadcrumb","itemListElement":[{"@type":"ListItem","position":1,"name":"Home","item":"https:\/\/www.nedzink.com\/ro\/"},{"@type":"ListItem","position":2,"name":"NedZink NOVA"}]},{"@type":"WebSite","@id":"https:\/\/www.nedzink.com\/ro\/#website","url":"https:\/\/www.nedzink.com\/ro\/","name":"NedZink","description":"Zink fabrikant","publisher":{"@id":"https:\/\/www.nedzink.com\/ro\/#organization"},"potentialAction":[{"@type":"SearchAction","target":{"@type":"EntryPoint","urlTemplate":"https:\/\/www.nedzink.com\/ro\/?s={search_term_string}"},"query-input":{"@type":"PropertyValueSpecification","valueRequired":true,"valueName":"search_term_string"}}],"inLanguage":"ro-RO"},{"@type":"Organization","@id":"https:\/\/www.nedzink.com\/ro\/#organization","name":"NedZink","url":"https:\/\/www.nedzink.com\/ro\/","logo":{"@type":"ImageObject","inLanguage":"ro-RO","@id":"https:\/\/www.nedzink.com\/ro\/#\/schema\/logo\/image\/","url":"https:\/\/www.nedzink.com\/wp-content\/uploads\/2019\/08\/logo-nedzink_fc_zk.jpg","contentUrl":"https:\/\/www.nedzink.com\/wp-content\/uploads\/2019\/08\/logo-nedzink_fc_zk.jpg","width":2160,"height":688,"caption":"NedZink"},"image":{"@id":"https:\/\/www.nedzink.com\/ro\/#\/schema\/logo\/image\/"}}]}},"_links":{"self":[{"href":"https:\/\/www.nedzink.com\/ro\/wp-json\/wp\/v2\/pages\/30580","targetHints":{"allow":["GET"]}}],"collection":[{"href":"https:\/\/www.nedzink.com\/ro\/wp-json\/wp\/v2\/pages"}],"about":[{"href":"https:\/\/www.nedzink.com\/ro\/wp-json\/wp\/v2\/types\/page"}],"author":[{"embeddable":true,"href":"https:\/\/www.nedzink.com\/ro\/wp-json\/wp\/v2\/users\/9"}],"replies":[{"embeddable":true,"href":"https:\/\/www.nedzink.com\/ro\/wp-json\/wp\/v2\/comments?post=30580"}],"version-history":[{"count":0,"href":"https:\/\/www.nedzink.com\/ro\/wp-json\/wp\/v2\/pages\/30580\/revisions"}],"wp:attachment":[{"href":"https:\/\/www.nedzink.com\/ro\/wp-json\/wp\/v2\/media?parent=30580"}],"curies":[{"name":"wp","href":"https:\/\/api.w.org\/{rel}","templated":true}]}}