{"id":27931,"date":"2019-05-07T15:56:56","date_gmt":"2019-05-07T13:56:56","guid":{"rendered":"http:\/\/136.144.181.85\/~nedzink\/transport-si-depozitare\/"},"modified":"2023-05-23T10:45:52","modified_gmt":"2023-05-23T08:45:52","slug":"transport-si-depozitare","status":"publish","type":"page","link":"https:\/\/www.nedzink.com\/ro\/transport-si-depozitare\/","title":{"rendered":"Transport \u015fi depozitare"},"content":{"rendered":"<h3>Manipulare<\/h3>\n<p>Produsele naturale sau pre-patinate NedZink trebuie s\u0103 fie transportate \u00een condi\u0163ii uscate \u015fi ventilate. Se va evita contactul dintre tabla de titan-zinc \u0219i orice form\u0103 de umezeal\u0103 \u00een timpul manipul\u0103rii \u015fi transportului. Se va asigura o protec\u0163ie la frecare \u00een timpul transportului \u0219i se va evita transportul materialului pe pale\u0163i umezi.<\/p>\n<p>Dac\u0103 nu sunt \u00eendep\u0103rtate rapid, amprentele pot cauza pete permanente datorate acidit\u0103\u0163ii transpira\u0163iei. La manipularea materialului NedZink \u00een timpul transportului, prelucr\u0103rii \u015fi a instal\u0103rii, se recomand\u0103 purtarea m\u0103nu\u015filor.<\/p>\n<p>&nbsp;<\/p>\n<h3>Depozitare<\/h3>\n<p>Depozita\u0163i produsele NedZink pe pale\u0163i usca\u0163i a\u015feza\u0163i pe o podea uscat\u0103. \u00cen timpul depozit\u0103rii, contactul dintre suprafa\u0163a de zinc \u015fi umezeal\u0103 trebuie evitat\u0103. Asigura\u0163i ventilarea materialelor acoperite. \u00cenainte de prelucrarea \u00een atelier, permite\u0163i materialelor s\u0103 stea desf\u0103cute c\u00e2teva zile la temperatura \u015fi umiditatea atelierului.<\/p>\n<p>&nbsp;<\/p>\n<h3>Folia de protec\u0163ie PP\/PE pentru o asamblare f\u0103r\u0103 cusur<\/h3>\n<p>Pentru aplica\u021bii speciale, se poate comanda material cu o pelicul\u0103 de protec\u021bie PP\/PE pe o singur\u0103 fa\u021b\u0103, pe partea vizibil\u0103. NedZink NOVA, -NEO \u0219i -NOIR sunt furnizate standard cu o folie PP\/PE autoadeziv\u0103 pentru o protec\u021bie suplimentar\u0103 a suprafe\u021bei \u00een timpul aplic\u0103rii zincului. Folia protejeaz\u0103 suprafa\u0163a de daune \u015fi contaminare \u00een timpul asambl\u0103rii sau lucr\u0103rilor ulterioare. Protec\u0163ia func\u0163ioneaz\u0103 at\u00e2t timp c\u00e2t filmul nu este deteriorat. Aderen\u0163a foliei poate fi mai puternic\u0103 \u00een perioadele reci ale anului. Folia de protec\u0163ie PE trebuie \u00eendep\u0103rtat\u0103 c\u00e2t mai cur\u00e2nd posibil dup\u0103 instalare. Temperatura zincului trebuie s\u0103 fie de cel pu\u0163in 7\u00b0C. Sub temperatura de 7\u00b0C, folia nu trebuie \u00eendep\u0103rtat\u0103. Folia nu se \u00eendep\u0103rteaz\u0103 par\u0163ial deoarece acest lucru duce la patinarea neuniform\u0103 \u015fi la formarea petelor de hidroxid de zinc. Folia nu este rezistent\u0103 la UV \u015fi este destinat\u0103 doar pentru a proteja temporar. La radia\u0163ii solare mari \u015fi temperaturi ridicate ale metalului exist\u0103 riscul ca folia s\u0103 se deterioreze. Folia nu trebuie folosit\u0103 \u00een tehnicile de prefabricare cum este fal\u0163ul vertical. <span style=\"display: none;\">\u00a0<\/span><\/p>\n<p>&nbsp;<\/p>\n<h2>\u00a0Rules for transportation and storing NedZink material<\/h2>\n<table style=\"width: 450px;\" border=\"0\" cellspacing=\"1\" cellpadding=\"1\">\n<tbody>\n<tr>\n<td>\n<p align=\"right\"><img decoding=\"async\" src=\"https:\/\/www.nedzink.com\/wp-content\/uploads\/import\/cms\/userfiles\/images\/stapeling.gif\" border=\"0\" \/><\/p>\n<\/td>\n<td style=\"vertical-align: middle;\">Depozitarea pe vertical\u0103:<\/p>\n<ul>\n<li>Max. 10 pale\u0163i pentru role<\/li>\n<\/ul>\n<\/td>\n<\/tr>\n<tr>\n<td>\n<h3 align=\"right\"><img decoding=\"async\" src=\"https:\/\/www.nedzink.com\/wp-content\/uploads\/import\/cms\/userfiles\/images\/transport.gif\" border=\"0\" \/><\/h3>\n<\/td>\n<td style=\"vertical-align: middle;\">Transport:<\/p>\n<ul>\n<li>Max. 4 pale\u0163i unul peste cel\u0103lalt<\/li>\n<\/ul>\n<\/td>\n<\/tr>\n<tr>\n<td>\n<h3 align=\"right\"><img decoding=\"async\" src=\"https:\/\/www.nedzink.com\/wp-content\/uploads\/import\/cms\/userfiles\/images\/vocht.gif\" border=\"0\" \/><\/h3>\n<\/td>\n<td style=\"vertical-align: middle;\">\n<ul>\n<li>Proteja\u0163i \u00eempotriva umezelii<\/li>\n<\/ul>\n<\/td>\n<\/tr>\n<tr>\n<td>\n<h3 align=\"right\"><img decoding=\"async\" src=\"https:\/\/www.nedzink.com\/wp-content\/uploads\/import\/cms\/userfiles\/images\/belucht.gif\" border=\"0\" \/><\/h3>\n<\/td>\n<td style=\"vertical-align: middle;\">\n<ul>\n<li>Trebuie depozitat uscat \u015fi ventilat<\/li>\n<li>Evita\u0163i condensul<\/li>\n<\/ul>\n<\/td>\n<\/tr>\n<tr>\n<td>\n<h3 align=\"right\"><img decoding=\"async\" src=\"https:\/\/www.nedzink.com\/wp-content\/uploads\/import\/cms\/userfiles\/images\/recyclebaar.gif\" border=\"0\" \/><\/h3>\n<\/td>\n<td style=\"vertical-align: middle;\">\n<ul>\n<li>NedZink NTZ poate fi reciclat complet<\/li>\n<\/ul>\n<\/td>\n<\/tr>\n<\/tbody>\n<\/table>\n<p>NedZink recomand\u0103 o umiditate maxim\u0103 de 60-70%\u00a0\u015fi o temperatur\u0103 stabil\u0103 de 12-14\u00ba Celsius.<\/p>\n<p>Preveni\u0163i \u00eempotriva deterior\u0103rilor mecanice.<\/p>\n<p>&nbsp;<\/p>\n<p>&nbsp;<\/p>\n","protected":false},"excerpt":{"rendered":"<p>Manipulare Produsele naturale sau pre-patinate NedZink trebuie s\u0103 fie transportate \u00een condi\u0163ii uscate \u015fi ventilate. Se va evita contactul dintre tabla de titan-zinc \u0219i orice form\u0103 de umezeal\u0103 \u00een timpul manipul\u0103rii \u015fi transportului. Se va asigura o protec\u0163ie la frecare \u00een timpul transportului \u0219i se va evita transportul materialului pe pale\u0163i umezi. Dac\u0103 nu sunt [&hellip;]<\/p>\n","protected":false},"author":9,"featured_media":0,"parent":0,"menu_order":1180,"comment_status":"closed","ping_status":"closed","template":"template-import.php","meta":{"_acf_changed":false,"footnotes":""},"class_list":["post-27931","page","type-page","status-publish","hentry"],"acf":[],"yoast_head":"<!-- This site is optimized with the Yoast SEO plugin v26.8 - https:\/\/yoast.com\/product\/yoast-seo-wordpress\/ -->\n<title>Transport \u015fi depozitare \u2013 NedZink<\/title>\n<meta name=\"description\" content=\"Het transport en de opslag van zink moet altijd droog en belucht plaatsvinden. Afdekking en verpakking die condens veroorzaken moet u vermijden. Lees meer!\" \/>\n<meta name=\"robots\" content=\"index, follow, max-snippet:-1, max-image-preview:large, max-video-preview:-1\" \/>\n<link rel=\"canonical\" href=\"https:\/\/www.nedzink.com\/ro\/transport-si-depozitare\/\" \/>\n<meta property=\"og:locale\" content=\"ro_RO\" \/>\n<meta property=\"og:type\" content=\"article\" \/>\n<meta property=\"og:title\" content=\"Transport \u015fi depozitare \u2013 NedZink\" \/>\n<meta property=\"og:description\" content=\"Het transport en de opslag van zink moet altijd droog en belucht plaatsvinden. Afdekking en verpakking die condens veroorzaken moet u vermijden. Lees meer!\" \/>\n<meta property=\"og:url\" content=\"https:\/\/www.nedzink.com\/ro\/transport-si-depozitare\/\" \/>\n<meta property=\"og:site_name\" content=\"NedZink\" \/>\n<meta property=\"article:modified_time\" content=\"2023-05-23T08:45:52+00:00\" \/>\n<meta property=\"og:image\" content=\"https:\/\/www.nedzink.com\/wp-content\/uploads\/import\/cms\/userfiles\/images\/stapeling.gif\" \/>\n<meta name=\"twitter:card\" content=\"summary_large_image\" \/>\n<meta name=\"twitter:label1\" content=\"Timp estimat pentru citire\" \/>\n\t<meta name=\"twitter:data1\" content=\"3 minute\" \/>\n<script type=\"application\/ld+json\" class=\"yoast-schema-graph\">{\"@context\":\"https:\/\/schema.org\",\"@graph\":[{\"@type\":\"WebPage\",\"@id\":\"https:\/\/www.nedzink.com\/ro\/transport-si-depozitare\/\",\"url\":\"https:\/\/www.nedzink.com\/ro\/transport-si-depozitare\/\",\"name\":\"Transport \u015fi depozitare \u2013 NedZink\",\"isPartOf\":{\"@id\":\"https:\/\/www.nedzink.com\/ro\/#website\"},\"primaryImageOfPage\":{\"@id\":\"https:\/\/www.nedzink.com\/ro\/transport-si-depozitare\/#primaryimage\"},\"image\":{\"@id\":\"https:\/\/www.nedzink.com\/ro\/transport-si-depozitare\/#primaryimage\"},\"thumbnailUrl\":\"https:\/\/www.nedzink.com\/wp-content\/uploads\/import\/cms\/userfiles\/images\/stapeling.gif\",\"datePublished\":\"2019-05-07T13:56:56+00:00\",\"dateModified\":\"2023-05-23T08:45:52+00:00\",\"description\":\"Het transport en de opslag van zink moet altijd droog en belucht plaatsvinden. Afdekking en verpakking die condens veroorzaken moet u vermijden. Lees meer!\",\"breadcrumb\":{\"@id\":\"https:\/\/www.nedzink.com\/ro\/transport-si-depozitare\/#breadcrumb\"},\"inLanguage\":\"ro-RO\",\"potentialAction\":[{\"@type\":\"ReadAction\",\"target\":[\"https:\/\/www.nedzink.com\/ro\/transport-si-depozitare\/\"]}]},{\"@type\":\"ImageObject\",\"inLanguage\":\"ro-RO\",\"@id\":\"https:\/\/www.nedzink.com\/ro\/transport-si-depozitare\/#primaryimage\",\"url\":\"https:\/\/www.nedzink.com\/wp-content\/uploads\/import\/cms\/userfiles\/images\/stapeling.gif\",\"contentUrl\":\"https:\/\/www.nedzink.com\/wp-content\/uploads\/import\/cms\/userfiles\/images\/stapeling.gif\"},{\"@type\":\"BreadcrumbList\",\"@id\":\"https:\/\/www.nedzink.com\/ro\/transport-si-depozitare\/#breadcrumb\",\"itemListElement\":[{\"@type\":\"ListItem\",\"position\":1,\"name\":\"Home\",\"item\":\"https:\/\/www.nedzink.com\/ro\/\"},{\"@type\":\"ListItem\",\"position\":2,\"name\":\"Transport \u015fi depozitare\"}]},{\"@type\":\"WebSite\",\"@id\":\"https:\/\/www.nedzink.com\/ro\/#website\",\"url\":\"https:\/\/www.nedzink.com\/ro\/\",\"name\":\"NedZink\",\"description\":\"Zink fabrikant\",\"publisher\":{\"@id\":\"https:\/\/www.nedzink.com\/ro\/#organization\"},\"potentialAction\":[{\"@type\":\"SearchAction\",\"target\":{\"@type\":\"EntryPoint\",\"urlTemplate\":\"https:\/\/www.nedzink.com\/ro\/?s={search_term_string}\"},\"query-input\":{\"@type\":\"PropertyValueSpecification\",\"valueRequired\":true,\"valueName\":\"search_term_string\"}}],\"inLanguage\":\"ro-RO\"},{\"@type\":\"Organization\",\"@id\":\"https:\/\/www.nedzink.com\/ro\/#organization\",\"name\":\"NedZink\",\"url\":\"https:\/\/www.nedzink.com\/ro\/\",\"logo\":{\"@type\":\"ImageObject\",\"inLanguage\":\"ro-RO\",\"@id\":\"https:\/\/www.nedzink.com\/ro\/#\/schema\/logo\/image\/\",\"url\":\"https:\/\/www.nedzink.com\/wp-content\/uploads\/2019\/08\/logo-nedzink_fc_zk.jpg\",\"contentUrl\":\"https:\/\/www.nedzink.com\/wp-content\/uploads\/2019\/08\/logo-nedzink_fc_zk.jpg\",\"width\":2160,\"height\":688,\"caption\":\"NedZink\"},\"image\":{\"@id\":\"https:\/\/www.nedzink.com\/ro\/#\/schema\/logo\/image\/\"}}]}<\/script>\n<!-- \/ Yoast SEO plugin. -->","yoast_head_json":{"title":"Transport \u015fi depozitare \u2013 NedZink","description":"Het transport en de opslag van zink moet altijd droog en belucht plaatsvinden. Afdekking en verpakking die condens veroorzaken moet u vermijden. Lees meer!","robots":{"index":"index","follow":"follow","max-snippet":"max-snippet:-1","max-image-preview":"max-image-preview:large","max-video-preview":"max-video-preview:-1"},"canonical":"https:\/\/www.nedzink.com\/ro\/transport-si-depozitare\/","og_locale":"ro_RO","og_type":"article","og_title":"Transport \u015fi depozitare \u2013 NedZink","og_description":"Het transport en de opslag van zink moet altijd droog en belucht plaatsvinden. Afdekking en verpakking die condens veroorzaken moet u vermijden. Lees meer!","og_url":"https:\/\/www.nedzink.com\/ro\/transport-si-depozitare\/","og_site_name":"NedZink","article_modified_time":"2023-05-23T08:45:52+00:00","og_image":[{"url":"https:\/\/www.nedzink.com\/wp-content\/uploads\/import\/cms\/userfiles\/images\/stapeling.gif","type":"","width":"","height":""}],"twitter_card":"summary_large_image","twitter_misc":{"Timp estimat pentru citire":"3 minute"},"schema":{"@context":"https:\/\/schema.org","@graph":[{"@type":"WebPage","@id":"https:\/\/www.nedzink.com\/ro\/transport-si-depozitare\/","url":"https:\/\/www.nedzink.com\/ro\/transport-si-depozitare\/","name":"Transport \u015fi depozitare \u2013 NedZink","isPartOf":{"@id":"https:\/\/www.nedzink.com\/ro\/#website"},"primaryImageOfPage":{"@id":"https:\/\/www.nedzink.com\/ro\/transport-si-depozitare\/#primaryimage"},"image":{"@id":"https:\/\/www.nedzink.com\/ro\/transport-si-depozitare\/#primaryimage"},"thumbnailUrl":"https:\/\/www.nedzink.com\/wp-content\/uploads\/import\/cms\/userfiles\/images\/stapeling.gif","datePublished":"2019-05-07T13:56:56+00:00","dateModified":"2023-05-23T08:45:52+00:00","description":"Het transport en de opslag van zink moet altijd droog en belucht plaatsvinden. Afdekking en verpakking die condens veroorzaken moet u vermijden. Lees meer!","breadcrumb":{"@id":"https:\/\/www.nedzink.com\/ro\/transport-si-depozitare\/#breadcrumb"},"inLanguage":"ro-RO","potentialAction":[{"@type":"ReadAction","target":["https:\/\/www.nedzink.com\/ro\/transport-si-depozitare\/"]}]},{"@type":"ImageObject","inLanguage":"ro-RO","@id":"https:\/\/www.nedzink.com\/ro\/transport-si-depozitare\/#primaryimage","url":"https:\/\/www.nedzink.com\/wp-content\/uploads\/import\/cms\/userfiles\/images\/stapeling.gif","contentUrl":"https:\/\/www.nedzink.com\/wp-content\/uploads\/import\/cms\/userfiles\/images\/stapeling.gif"},{"@type":"BreadcrumbList","@id":"https:\/\/www.nedzink.com\/ro\/transport-si-depozitare\/#breadcrumb","itemListElement":[{"@type":"ListItem","position":1,"name":"Home","item":"https:\/\/www.nedzink.com\/ro\/"},{"@type":"ListItem","position":2,"name":"Transport \u015fi depozitare"}]},{"@type":"WebSite","@id":"https:\/\/www.nedzink.com\/ro\/#website","url":"https:\/\/www.nedzink.com\/ro\/","name":"NedZink","description":"Zink fabrikant","publisher":{"@id":"https:\/\/www.nedzink.com\/ro\/#organization"},"potentialAction":[{"@type":"SearchAction","target":{"@type":"EntryPoint","urlTemplate":"https:\/\/www.nedzink.com\/ro\/?s={search_term_string}"},"query-input":{"@type":"PropertyValueSpecification","valueRequired":true,"valueName":"search_term_string"}}],"inLanguage":"ro-RO"},{"@type":"Organization","@id":"https:\/\/www.nedzink.com\/ro\/#organization","name":"NedZink","url":"https:\/\/www.nedzink.com\/ro\/","logo":{"@type":"ImageObject","inLanguage":"ro-RO","@id":"https:\/\/www.nedzink.com\/ro\/#\/schema\/logo\/image\/","url":"https:\/\/www.nedzink.com\/wp-content\/uploads\/2019\/08\/logo-nedzink_fc_zk.jpg","contentUrl":"https:\/\/www.nedzink.com\/wp-content\/uploads\/2019\/08\/logo-nedzink_fc_zk.jpg","width":2160,"height":688,"caption":"NedZink"},"image":{"@id":"https:\/\/www.nedzink.com\/ro\/#\/schema\/logo\/image\/"}}]}},"_links":{"self":[{"href":"https:\/\/www.nedzink.com\/ro\/wp-json\/wp\/v2\/pages\/27931","targetHints":{"allow":["GET"]}}],"collection":[{"href":"https:\/\/www.nedzink.com\/ro\/wp-json\/wp\/v2\/pages"}],"about":[{"href":"https:\/\/www.nedzink.com\/ro\/wp-json\/wp\/v2\/types\/page"}],"author":[{"embeddable":true,"href":"https:\/\/www.nedzink.com\/ro\/wp-json\/wp\/v2\/users\/9"}],"replies":[{"embeddable":true,"href":"https:\/\/www.nedzink.com\/ro\/wp-json\/wp\/v2\/comments?post=27931"}],"version-history":[{"count":2,"href":"https:\/\/www.nedzink.com\/ro\/wp-json\/wp\/v2\/pages\/27931\/revisions"}],"predecessor-version":[{"id":126626,"href":"https:\/\/www.nedzink.com\/ro\/wp-json\/wp\/v2\/pages\/27931\/revisions\/126626"}],"wp:attachment":[{"href":"https:\/\/www.nedzink.com\/ro\/wp-json\/wp\/v2\/media?parent=27931"}],"curies":[{"name":"wp","href":"https:\/\/api.w.org\/{rel}","templated":true}]}}