{"id":27921,"date":"2019-05-07T15:56:53","date_gmt":"2019-05-07T13:56:53","guid":{"rendered":"http:\/\/136.144.181.85\/~nedzink\/garantie-3\/"},"modified":"2019-08-05T15:51:55","modified_gmt":"2019-08-05T13:51:55","slug":"garantie-3","status":"publish","type":"page","link":"https:\/\/www.nedzink.com\/ro\/garantie-3\/","title":{"rendered":"Garan\u0163ie"},"content":{"rendered":"<p><img decoding=\"async\" alt=\"\" src=\"https:\/\/www.nedzink.com\/wp-content\/uploads\/import\/cms\/userfiles\/images\/gmbh_4.jpg\" style=\"width: 250px; height: 250px; border-width: 0px; border-style: solid; margin: 10px; float: right;\" \/>Cuno\u015ftin\u0163ele tehnice \u015fi managementul inteligent g&acirc;ndit al NedZink B.V., al\u0103turi de testele de calitate periodice realizate de c\u0103tre organisme independente de control, garanteaz\u0103 calitatea &icirc;nalt\u0103 \u0219i uniform\u0103 a produselor semifinite \u015fi finite. Totu\u015fi, este posibil s\u0103 fie obiec\u021bii &icirc;n ceea ce prive\u015fte produsele. &Icirc;n acest caz, NedZink ofer\u0103 beneficiarilor, profesioni\u0219tilor \u0219i proiectan\u021bilor certitudinea imediat\u0103 pentru remedierea rapid\u0103 \u015fi profesional\u0103 a oric\u0103rei daune pe o durat\u0103 de 10 ani.<\/p>\n<p>&nbsp;<\/p>\n","protected":false},"excerpt":{"rendered":"<p>Cuno\u015ftin\u0163ele tehnice \u015fi managementul inteligent g&acirc;ndit al NedZink B.V., al\u0103turi de testele de calitate periodice realizate de c\u0103tre organisme independente de control, garanteaz\u0103 calitatea &icirc;nalt\u0103 \u0219i uniform\u0103 a produselor semifinite \u015fi finite. Totu\u015fi, este posibil s\u0103 fie obiec\u021bii &icirc;n ceea ce prive\u015fte produsele. &Icirc;n acest caz, NedZink ofer\u0103 beneficiarilor, profesioni\u0219tilor \u0219i proiectan\u021bilor certitudinea imediat\u0103 pentru [&hellip;]<\/p>\n","protected":false},"author":9,"featured_media":0,"parent":0,"menu_order":1170,"comment_status":"closed","ping_status":"closed","template":"template-import.php","meta":{"_acf_changed":false,"footnotes":""},"class_list":["post-27921","page","type-page","status-publish","hentry"],"acf":[],"yoast_head":"<!-- This site is optimized with the Yoast SEO plugin v26.8 - https:\/\/yoast.com\/product\/yoast-seo-wordpress\/ -->\n<title>Garan\u0163ie \u2013 NedZink<\/title>\n<meta name=\"description\" content=\"NedZink biedt zijn klanten 10 jaar garantie op geproduceerde halffabricaten en afgewerkte producten van zink. Wij lossen het probleem graag samen met u op!\" \/>\n<meta name=\"robots\" content=\"index, follow, max-snippet:-1, max-image-preview:large, max-video-preview:-1\" \/>\n<link rel=\"canonical\" href=\"https:\/\/www.nedzink.com\/ro\/garantie-3\/\" \/>\n<meta property=\"og:locale\" content=\"ro_RO\" \/>\n<meta property=\"og:type\" content=\"article\" \/>\n<meta property=\"og:title\" content=\"Garan\u0163ie \u2013 NedZink\" \/>\n<meta property=\"og:description\" content=\"NedZink biedt zijn klanten 10 jaar garantie op geproduceerde halffabricaten en afgewerkte producten van zink. Wij lossen het probleem graag samen met u op!\" \/>\n<meta property=\"og:url\" content=\"https:\/\/www.nedzink.com\/ro\/garantie-3\/\" \/>\n<meta property=\"og:site_name\" content=\"NedZink\" \/>\n<meta property=\"article:modified_time\" content=\"2019-08-05T13:51:55+00:00\" \/>\n<meta property=\"og:image\" content=\"https:\/\/www.nedzink.com\/wp-content\/uploads\/import\/cms\/userfiles\/images\/gmbh_4.jpg\" \/>\n<meta name=\"twitter:card\" content=\"summary_large_image\" \/>\n<script type=\"application\/ld+json\" class=\"yoast-schema-graph\">{\"@context\":\"https:\/\/schema.org\",\"@graph\":[{\"@type\":\"WebPage\",\"@id\":\"https:\/\/www.nedzink.com\/ro\/garantie-3\/\",\"url\":\"https:\/\/www.nedzink.com\/ro\/garantie-3\/\",\"name\":\"Garan\u0163ie \u2013 NedZink\",\"isPartOf\":{\"@id\":\"https:\/\/www.nedzink.com\/ro\/#website\"},\"primaryImageOfPage\":{\"@id\":\"https:\/\/www.nedzink.com\/ro\/garantie-3\/#primaryimage\"},\"image\":{\"@id\":\"https:\/\/www.nedzink.com\/ro\/garantie-3\/#primaryimage\"},\"thumbnailUrl\":\"https:\/\/www.nedzink.com\/wp-content\/uploads\/import\/cms\/userfiles\/images\/gmbh_4.jpg\",\"datePublished\":\"2019-05-07T13:56:53+00:00\",\"dateModified\":\"2019-08-05T13:51:55+00:00\",\"description\":\"NedZink biedt zijn klanten 10 jaar garantie op geproduceerde halffabricaten en afgewerkte producten van zink. Wij lossen het probleem graag samen met u op!\",\"breadcrumb\":{\"@id\":\"https:\/\/www.nedzink.com\/ro\/garantie-3\/#breadcrumb\"},\"inLanguage\":\"ro-RO\",\"potentialAction\":[{\"@type\":\"ReadAction\",\"target\":[\"https:\/\/www.nedzink.com\/ro\/garantie-3\/\"]}]},{\"@type\":\"ImageObject\",\"inLanguage\":\"ro-RO\",\"@id\":\"https:\/\/www.nedzink.com\/ro\/garantie-3\/#primaryimage\",\"url\":\"https:\/\/www.nedzink.com\/wp-content\/uploads\/import\/cms\/userfiles\/images\/gmbh_4.jpg\",\"contentUrl\":\"https:\/\/www.nedzink.com\/wp-content\/uploads\/import\/cms\/userfiles\/images\/gmbh_4.jpg\"},{\"@type\":\"BreadcrumbList\",\"@id\":\"https:\/\/www.nedzink.com\/ro\/garantie-3\/#breadcrumb\",\"itemListElement\":[{\"@type\":\"ListItem\",\"position\":1,\"name\":\"Home\",\"item\":\"https:\/\/www.nedzink.com\/ro\/\"},{\"@type\":\"ListItem\",\"position\":2,\"name\":\"Garan\u0163ie\"}]},{\"@type\":\"WebSite\",\"@id\":\"https:\/\/www.nedzink.com\/ro\/#website\",\"url\":\"https:\/\/www.nedzink.com\/ro\/\",\"name\":\"NedZink\",\"description\":\"Zink fabrikant\",\"publisher\":{\"@id\":\"https:\/\/www.nedzink.com\/ro\/#organization\"},\"potentialAction\":[{\"@type\":\"SearchAction\",\"target\":{\"@type\":\"EntryPoint\",\"urlTemplate\":\"https:\/\/www.nedzink.com\/ro\/?s={search_term_string}\"},\"query-input\":{\"@type\":\"PropertyValueSpecification\",\"valueRequired\":true,\"valueName\":\"search_term_string\"}}],\"inLanguage\":\"ro-RO\"},{\"@type\":\"Organization\",\"@id\":\"https:\/\/www.nedzink.com\/ro\/#organization\",\"name\":\"NedZink\",\"url\":\"https:\/\/www.nedzink.com\/ro\/\",\"logo\":{\"@type\":\"ImageObject\",\"inLanguage\":\"ro-RO\",\"@id\":\"https:\/\/www.nedzink.com\/ro\/#\/schema\/logo\/image\/\",\"url\":\"https:\/\/www.nedzink.com\/wp-content\/uploads\/2019\/08\/logo-nedzink_fc_zk.jpg\",\"contentUrl\":\"https:\/\/www.nedzink.com\/wp-content\/uploads\/2019\/08\/logo-nedzink_fc_zk.jpg\",\"width\":2160,\"height\":688,\"caption\":\"NedZink\"},\"image\":{\"@id\":\"https:\/\/www.nedzink.com\/ro\/#\/schema\/logo\/image\/\"}}]}<\/script>\n<!-- \/ Yoast SEO plugin. -->","yoast_head_json":{"title":"Garan\u0163ie \u2013 NedZink","description":"NedZink biedt zijn klanten 10 jaar garantie op geproduceerde halffabricaten en afgewerkte producten van zink. Wij lossen het probleem graag samen met u op!","robots":{"index":"index","follow":"follow","max-snippet":"max-snippet:-1","max-image-preview":"max-image-preview:large","max-video-preview":"max-video-preview:-1"},"canonical":"https:\/\/www.nedzink.com\/ro\/garantie-3\/","og_locale":"ro_RO","og_type":"article","og_title":"Garan\u0163ie \u2013 NedZink","og_description":"NedZink biedt zijn klanten 10 jaar garantie op geproduceerde halffabricaten en afgewerkte producten van zink. Wij lossen het probleem graag samen met u op!","og_url":"https:\/\/www.nedzink.com\/ro\/garantie-3\/","og_site_name":"NedZink","article_modified_time":"2019-08-05T13:51:55+00:00","og_image":[{"url":"https:\/\/www.nedzink.com\/wp-content\/uploads\/import\/cms\/userfiles\/images\/gmbh_4.jpg","type":"","width":"","height":""}],"twitter_card":"summary_large_image","schema":{"@context":"https:\/\/schema.org","@graph":[{"@type":"WebPage","@id":"https:\/\/www.nedzink.com\/ro\/garantie-3\/","url":"https:\/\/www.nedzink.com\/ro\/garantie-3\/","name":"Garan\u0163ie \u2013 NedZink","isPartOf":{"@id":"https:\/\/www.nedzink.com\/ro\/#website"},"primaryImageOfPage":{"@id":"https:\/\/www.nedzink.com\/ro\/garantie-3\/#primaryimage"},"image":{"@id":"https:\/\/www.nedzink.com\/ro\/garantie-3\/#primaryimage"},"thumbnailUrl":"https:\/\/www.nedzink.com\/wp-content\/uploads\/import\/cms\/userfiles\/images\/gmbh_4.jpg","datePublished":"2019-05-07T13:56:53+00:00","dateModified":"2019-08-05T13:51:55+00:00","description":"NedZink biedt zijn klanten 10 jaar garantie op geproduceerde halffabricaten en afgewerkte producten van zink. Wij lossen het probleem graag samen met u op!","breadcrumb":{"@id":"https:\/\/www.nedzink.com\/ro\/garantie-3\/#breadcrumb"},"inLanguage":"ro-RO","potentialAction":[{"@type":"ReadAction","target":["https:\/\/www.nedzink.com\/ro\/garantie-3\/"]}]},{"@type":"ImageObject","inLanguage":"ro-RO","@id":"https:\/\/www.nedzink.com\/ro\/garantie-3\/#primaryimage","url":"https:\/\/www.nedzink.com\/wp-content\/uploads\/import\/cms\/userfiles\/images\/gmbh_4.jpg","contentUrl":"https:\/\/www.nedzink.com\/wp-content\/uploads\/import\/cms\/userfiles\/images\/gmbh_4.jpg"},{"@type":"BreadcrumbList","@id":"https:\/\/www.nedzink.com\/ro\/garantie-3\/#breadcrumb","itemListElement":[{"@type":"ListItem","position":1,"name":"Home","item":"https:\/\/www.nedzink.com\/ro\/"},{"@type":"ListItem","position":2,"name":"Garan\u0163ie"}]},{"@type":"WebSite","@id":"https:\/\/www.nedzink.com\/ro\/#website","url":"https:\/\/www.nedzink.com\/ro\/","name":"NedZink","description":"Zink fabrikant","publisher":{"@id":"https:\/\/www.nedzink.com\/ro\/#organization"},"potentialAction":[{"@type":"SearchAction","target":{"@type":"EntryPoint","urlTemplate":"https:\/\/www.nedzink.com\/ro\/?s={search_term_string}"},"query-input":{"@type":"PropertyValueSpecification","valueRequired":true,"valueName":"search_term_string"}}],"inLanguage":"ro-RO"},{"@type":"Organization","@id":"https:\/\/www.nedzink.com\/ro\/#organization","name":"NedZink","url":"https:\/\/www.nedzink.com\/ro\/","logo":{"@type":"ImageObject","inLanguage":"ro-RO","@id":"https:\/\/www.nedzink.com\/ro\/#\/schema\/logo\/image\/","url":"https:\/\/www.nedzink.com\/wp-content\/uploads\/2019\/08\/logo-nedzink_fc_zk.jpg","contentUrl":"https:\/\/www.nedzink.com\/wp-content\/uploads\/2019\/08\/logo-nedzink_fc_zk.jpg","width":2160,"height":688,"caption":"NedZink"},"image":{"@id":"https:\/\/www.nedzink.com\/ro\/#\/schema\/logo\/image\/"}}]}},"_links":{"self":[{"href":"https:\/\/www.nedzink.com\/ro\/wp-json\/wp\/v2\/pages\/27921","targetHints":{"allow":["GET"]}}],"collection":[{"href":"https:\/\/www.nedzink.com\/ro\/wp-json\/wp\/v2\/pages"}],"about":[{"href":"https:\/\/www.nedzink.com\/ro\/wp-json\/wp\/v2\/types\/page"}],"author":[{"embeddable":true,"href":"https:\/\/www.nedzink.com\/ro\/wp-json\/wp\/v2\/users\/9"}],"replies":[{"embeddable":true,"href":"https:\/\/www.nedzink.com\/ro\/wp-json\/wp\/v2\/comments?post=27921"}],"version-history":[{"count":0,"href":"https:\/\/www.nedzink.com\/ro\/wp-json\/wp\/v2\/pages\/27921\/revisions"}],"wp:attachment":[{"href":"https:\/\/www.nedzink.com\/ro\/wp-json\/wp\/v2\/media?parent=27921"}],"curies":[{"name":"wp","href":"https:\/\/api.w.org\/{rel}","templated":true}]}}