{"id":24864,"date":"2019-05-06T16:26:04","date_gmt":"2019-05-06T14:26:04","guid":{"rendered":"http:\/\/136.144.181.85\/~nedzink\/caracteristicile-titan-zincului\/"},"modified":"2022-02-22T10:35:27","modified_gmt":"2022-02-22T09:35:27","slug":"caracteristicile-titan-zincului","status":"publish","type":"page","link":"https:\/\/www.nedzink.com\/ro\/caracteristicile-titan-zincului\/","title":{"rendered":"Caracteristicile titan-zincului"},"content":{"rendered":"<p>NedZink produce titan-zinc conform EN 988, un aliaj bazat pe zinc purificat electrolitic, cu puritate de min. 99.995% Zn (Z1 conform EN 1179) cu mici cantit\u0103\u0163i de cupru, titaniu \u015fi aluminiu.<\/p>\n<p>\u00cen certificatul KOMO al produsului \u015fi certificatul produsului de la LRQA, Schema de calitate industrial\u0103 a Sistemelor de control al calit\u0103\u0163ii (aprobare nr. QIS) sunt determinate urm\u0103toarele indicatoare de calitate:<\/p>\n<ul>\n<li>compozi\u0163ia chimic\u0103<\/li>\n<li>propriet\u0103\u0163ile fizice \u015fi mecanice<\/li>\n<li>toleran\u0163e dimensionale<\/li>\n<\/ul>\n<p>Conformitatea cu setul de propriet\u0103\u0163i ale materialului este verificat\u0103 la intervale regulate (de c\u00e2teva ori pe an) de c\u0103tre un institut independent \u015fi neutru, LRQA. Acest certificat de produs \u015fi certificatul ISO 9001:2008 pentru calitatea sistemului de management al NedZink, asigur\u0103 un standard \u00eenalt de calitate, constant \u015fi uniform, conform cu standardul intern \u015fi dep\u0103\u015find cu mult prevederile EN 988.<\/p>\n<p>Materialele sunt livrate cu o marcare continu\u0103 conform prevederilor EN 988, care men\u0163ioneaz\u0103:<\/p>\n<ul>\n<li>produc\u0103torul NedZink NTZ<\/li>\n<li>descrierea produsului \u00een limbile olandez\u0103, german\u0103, francez\u0103 \u015fi englez\u0103<\/li>\n<li>grosimea nominal\u0103<\/li>\n<li>num\u0103r lot<\/li>\n<li>anul produc\u0163iei<\/li>\n<li>logo-urile institutelor de control KOMO (K7054) \u015fi LRQA<\/li>\n<\/ul>\n<p>&nbsp;<\/p>\n","protected":false},"excerpt":{"rendered":"<p>NedZink produce titan-zinc conform EN 988, un aliaj bazat pe zinc purificat electrolitic, cu puritate de min. 99.995% Zn (Z1 conform EN 1179) cu mici cantit\u0103\u0163i de cupru, titaniu \u015fi aluminiu. \u00cen certificatul KOMO al produsului \u015fi certificatul produsului de la LRQA, Schema de calitate industrial\u0103 a Sistemelor de control al calit\u0103\u0163ii (aprobare nr. QIS) [&hellip;]<\/p>\n","protected":false},"author":9,"featured_media":0,"parent":0,"menu_order":410,"comment_status":"closed","ping_status":"closed","template":"template-import.php","meta":{"_acf_changed":false,"footnotes":""},"class_list":["post-24864","page","type-page","status-publish","hentry"],"acf":[],"yoast_head":"<!-- This site is optimized with the Yoast SEO plugin v26.8 - https:\/\/yoast.com\/product\/yoast-seo-wordpress\/ -->\n<title>Caracteristicile titan-zincului \u2013 NedZink<\/title>\n<meta name=\"description\" content=\"De producteigenschappen van NedZink Titaanzink wordt omschreven in EN 988, KOMO-productcertificaat en het productcertificaat van Lloyd\u2019s Register\" \/>\n<meta name=\"robots\" content=\"index, follow, max-snippet:-1, max-image-preview:large, max-video-preview:-1\" \/>\n<link rel=\"canonical\" href=\"https:\/\/www.nedzink.com\/ro\/caracteristicile-titan-zincului\/\" \/>\n<meta property=\"og:locale\" content=\"ro_RO\" \/>\n<meta property=\"og:type\" content=\"article\" \/>\n<meta property=\"og:title\" content=\"Caracteristicile titan-zincului \u2013 NedZink\" \/>\n<meta property=\"og:description\" content=\"De producteigenschappen van NedZink Titaanzink wordt omschreven in EN 988, KOMO-productcertificaat en het productcertificaat van Lloyd\u2019s Register\" \/>\n<meta property=\"og:url\" content=\"https:\/\/www.nedzink.com\/ro\/caracteristicile-titan-zincului\/\" \/>\n<meta property=\"og:site_name\" content=\"NedZink\" \/>\n<meta property=\"article:modified_time\" content=\"2022-02-22T09:35:27+00:00\" \/>\n<meta name=\"twitter:card\" content=\"summary_large_image\" \/>\n<meta name=\"twitter:label1\" content=\"Timp estimat pentru citire\" \/>\n\t<meta name=\"twitter:data1\" content=\"1 minut\" \/>\n<script type=\"application\/ld+json\" class=\"yoast-schema-graph\">{\"@context\":\"https:\/\/schema.org\",\"@graph\":[{\"@type\":\"WebPage\",\"@id\":\"https:\/\/www.nedzink.com\/ro\/caracteristicile-titan-zincului\/\",\"url\":\"https:\/\/www.nedzink.com\/ro\/caracteristicile-titan-zincului\/\",\"name\":\"Caracteristicile titan-zincului \u2013 NedZink\",\"isPartOf\":{\"@id\":\"https:\/\/www.nedzink.com\/ro\/#website\"},\"datePublished\":\"2019-05-06T14:26:04+00:00\",\"dateModified\":\"2022-02-22T09:35:27+00:00\",\"description\":\"De producteigenschappen van NedZink Titaanzink wordt omschreven in EN 988, KOMO-productcertificaat en het productcertificaat van Lloyd\u2019s Register\",\"breadcrumb\":{\"@id\":\"https:\/\/www.nedzink.com\/ro\/caracteristicile-titan-zincului\/#breadcrumb\"},\"inLanguage\":\"ro-RO\",\"potentialAction\":[{\"@type\":\"ReadAction\",\"target\":[\"https:\/\/www.nedzink.com\/ro\/caracteristicile-titan-zincului\/\"]}]},{\"@type\":\"BreadcrumbList\",\"@id\":\"https:\/\/www.nedzink.com\/ro\/caracteristicile-titan-zincului\/#breadcrumb\",\"itemListElement\":[{\"@type\":\"ListItem\",\"position\":1,\"name\":\"Home\",\"item\":\"https:\/\/www.nedzink.com\/ro\/\"},{\"@type\":\"ListItem\",\"position\":2,\"name\":\"Caracteristicile titan-zincului\"}]},{\"@type\":\"WebSite\",\"@id\":\"https:\/\/www.nedzink.com\/ro\/#website\",\"url\":\"https:\/\/www.nedzink.com\/ro\/\",\"name\":\"NedZink\",\"description\":\"Zink fabrikant\",\"publisher\":{\"@id\":\"https:\/\/www.nedzink.com\/ro\/#organization\"},\"potentialAction\":[{\"@type\":\"SearchAction\",\"target\":{\"@type\":\"EntryPoint\",\"urlTemplate\":\"https:\/\/www.nedzink.com\/ro\/?s={search_term_string}\"},\"query-input\":{\"@type\":\"PropertyValueSpecification\",\"valueRequired\":true,\"valueName\":\"search_term_string\"}}],\"inLanguage\":\"ro-RO\"},{\"@type\":\"Organization\",\"@id\":\"https:\/\/www.nedzink.com\/ro\/#organization\",\"name\":\"NedZink\",\"url\":\"https:\/\/www.nedzink.com\/ro\/\",\"logo\":{\"@type\":\"ImageObject\",\"inLanguage\":\"ro-RO\",\"@id\":\"https:\/\/www.nedzink.com\/ro\/#\/schema\/logo\/image\/\",\"url\":\"https:\/\/www.nedzink.com\/wp-content\/uploads\/2019\/08\/logo-nedzink_fc_zk.jpg\",\"contentUrl\":\"https:\/\/www.nedzink.com\/wp-content\/uploads\/2019\/08\/logo-nedzink_fc_zk.jpg\",\"width\":2160,\"height\":688,\"caption\":\"NedZink\"},\"image\":{\"@id\":\"https:\/\/www.nedzink.com\/ro\/#\/schema\/logo\/image\/\"}}]}<\/script>\n<!-- \/ Yoast SEO plugin. -->","yoast_head_json":{"title":"Caracteristicile titan-zincului \u2013 NedZink","description":"De producteigenschappen van NedZink Titaanzink wordt omschreven in EN 988, KOMO-productcertificaat en het productcertificaat van Lloyd\u2019s Register","robots":{"index":"index","follow":"follow","max-snippet":"max-snippet:-1","max-image-preview":"max-image-preview:large","max-video-preview":"max-video-preview:-1"},"canonical":"https:\/\/www.nedzink.com\/ro\/caracteristicile-titan-zincului\/","og_locale":"ro_RO","og_type":"article","og_title":"Caracteristicile titan-zincului \u2013 NedZink","og_description":"De producteigenschappen van NedZink Titaanzink wordt omschreven in EN 988, KOMO-productcertificaat en het productcertificaat van Lloyd\u2019s Register","og_url":"https:\/\/www.nedzink.com\/ro\/caracteristicile-titan-zincului\/","og_site_name":"NedZink","article_modified_time":"2022-02-22T09:35:27+00:00","twitter_card":"summary_large_image","twitter_misc":{"Timp estimat pentru citire":"1 minut"},"schema":{"@context":"https:\/\/schema.org","@graph":[{"@type":"WebPage","@id":"https:\/\/www.nedzink.com\/ro\/caracteristicile-titan-zincului\/","url":"https:\/\/www.nedzink.com\/ro\/caracteristicile-titan-zincului\/","name":"Caracteristicile titan-zincului \u2013 NedZink","isPartOf":{"@id":"https:\/\/www.nedzink.com\/ro\/#website"},"datePublished":"2019-05-06T14:26:04+00:00","dateModified":"2022-02-22T09:35:27+00:00","description":"De producteigenschappen van NedZink Titaanzink wordt omschreven in EN 988, KOMO-productcertificaat en het productcertificaat van Lloyd\u2019s Register","breadcrumb":{"@id":"https:\/\/www.nedzink.com\/ro\/caracteristicile-titan-zincului\/#breadcrumb"},"inLanguage":"ro-RO","potentialAction":[{"@type":"ReadAction","target":["https:\/\/www.nedzink.com\/ro\/caracteristicile-titan-zincului\/"]}]},{"@type":"BreadcrumbList","@id":"https:\/\/www.nedzink.com\/ro\/caracteristicile-titan-zincului\/#breadcrumb","itemListElement":[{"@type":"ListItem","position":1,"name":"Home","item":"https:\/\/www.nedzink.com\/ro\/"},{"@type":"ListItem","position":2,"name":"Caracteristicile titan-zincului"}]},{"@type":"WebSite","@id":"https:\/\/www.nedzink.com\/ro\/#website","url":"https:\/\/www.nedzink.com\/ro\/","name":"NedZink","description":"Zink fabrikant","publisher":{"@id":"https:\/\/www.nedzink.com\/ro\/#organization"},"potentialAction":[{"@type":"SearchAction","target":{"@type":"EntryPoint","urlTemplate":"https:\/\/www.nedzink.com\/ro\/?s={search_term_string}"},"query-input":{"@type":"PropertyValueSpecification","valueRequired":true,"valueName":"search_term_string"}}],"inLanguage":"ro-RO"},{"@type":"Organization","@id":"https:\/\/www.nedzink.com\/ro\/#organization","name":"NedZink","url":"https:\/\/www.nedzink.com\/ro\/","logo":{"@type":"ImageObject","inLanguage":"ro-RO","@id":"https:\/\/www.nedzink.com\/ro\/#\/schema\/logo\/image\/","url":"https:\/\/www.nedzink.com\/wp-content\/uploads\/2019\/08\/logo-nedzink_fc_zk.jpg","contentUrl":"https:\/\/www.nedzink.com\/wp-content\/uploads\/2019\/08\/logo-nedzink_fc_zk.jpg","width":2160,"height":688,"caption":"NedZink"},"image":{"@id":"https:\/\/www.nedzink.com\/ro\/#\/schema\/logo\/image\/"}}]}},"_links":{"self":[{"href":"https:\/\/www.nedzink.com\/ro\/wp-json\/wp\/v2\/pages\/24864","targetHints":{"allow":["GET"]}}],"collection":[{"href":"https:\/\/www.nedzink.com\/ro\/wp-json\/wp\/v2\/pages"}],"about":[{"href":"https:\/\/www.nedzink.com\/ro\/wp-json\/wp\/v2\/types\/page"}],"author":[{"embeddable":true,"href":"https:\/\/www.nedzink.com\/ro\/wp-json\/wp\/v2\/users\/9"}],"replies":[{"embeddable":true,"href":"https:\/\/www.nedzink.com\/ro\/wp-json\/wp\/v2\/comments?post=24864"}],"version-history":[{"count":0,"href":"https:\/\/www.nedzink.com\/ro\/wp-json\/wp\/v2\/pages\/24864\/revisions"}],"wp:attachment":[{"href":"https:\/\/www.nedzink.com\/ro\/wp-json\/wp\/v2\/media?parent=24864"}],"curies":[{"name":"wp","href":"https:\/\/api.w.org\/{rel}","templated":true}]}}