{"id":12366,"date":"2019-04-10T09:29:46","date_gmt":"2019-04-10T07:29:46","guid":{"rendered":"http:\/\/136.144.181.85\/~nedzink\/over-nedzink-2\/newsletter-nedzink-world\/"},"modified":"2019-09-02T15:56:07","modified_gmt":"2019-09-02T13:56:07","slug":"buletin-informativ-nedzink","status":"publish","type":"page","link":"https:\/\/www.nedzink.com\/ro\/despre-nedzink\/buletin-informativ-nedzink\/","title":{"rendered":"Buletin informativ NedZink"},"content":{"rendered":"[vc_row][vc_column][vc_column_text css=&#8221;.vc_custom_1566301412967{margin-bottom: 0px !important;}&#8221;]NedZink World prezint\u0103 aplica\u0163ii remarcabile ale zincului ca material de construc\u0163ii. Ve\u0163i g\u0103si exemple de proiecte cu Nedzink Natural, dar \u015fi versiuni de aplica\u0163ii cu zinc prepatinat Nedzink NOVA \u015fi Nedzink NOIR.<\/p>\n<p>Ai realizat un proict cu materiale Nedzink \u015fi dore\u0219ti s\u0103 public\u0103m proiectul \u00een NedZink World? Ai aceast\u0103 oportunitate!<\/p>\n<p>Trimite pe e-mail pozele \u015fi informa\u0163iile proiectului c\u0103tre editorul Nedzink, iar noi ne vom asigura c\u0103 toat\u0103 lumea va \u00eenv\u0103\u021ba din proiectul t\u0103u despre varietatea de posibilit\u0103\u0163i ale zincului.<\/p>\n<p><a href=\"mailto:redactie@nedzink.com\"><span style=\"color: #0066cc;\">info@nedzink.com<\/span><\/a>[\/vc_column_text][\/vc_column][\/vc_row][vc_row][vc_column][mk_padding_divider size=&#8221;20&#8243;][vc_column_text css=&#8221;.vc_custom_1566300978446{margin-bottom: 0px !important;}&#8221;]<div class=\"dflip-books\"><div class=\"_df_thumb \" id=\"df_48373\"  books=\"nedzink-world-en\" wpoptions=\"true\" thumb=\"https:\/\/www.nedzink.com\/wp-content\/uploads\/2019\/09\/nzworldokt15-150x213.jpg\" thumbtype=\"img\" >NedZink World International Refereces<\/div><script data-cfasync=\"false\">var option_df_48373 = {\"outline\":[],\"forceFit\":\"true\",\"autoEnableOutline\":\"false\",\"autoEnableThumbnail\":\"false\",\"overwritePDFOutline\":\"false\",\"direction\":\"1\",\"pageMode\":\"0\",\"source\":\"https:\\\/\\\/www.nedzink.com\\\/wp-content\\\/uploads\\\/2019\\\/06\\\/nedzink-world-2015-international-references-def.pdf\",\"wpOptions\":\"true\"}; if(window.DFLIP && DFLIP.parseBooks){DFLIP.parseBooks();}<\/script><\/div>[\/vc_column_text][\/vc_column][\/vc_row]\n","protected":false},"excerpt":{"rendered":"<p>[vc_row][vc_column][vc_column_text css=&#8221;.vc_custom_1566301412967{margin-bottom: 0px !important;}&#8221;]NedZink World prezint\u0103 aplica\u0163ii remarcabile ale zincului ca material de construc\u0163ii. Ve\u0163i g\u0103si exemple de proiecte cu Nedzink Natural, dar \u015fi versiuni de aplica\u0163ii cu zinc prepatinat Nedzink NOVA \u015fi Nedzink NOIR. Ai realizat un proict cu materiale Nedzink \u015fi dore\u0219ti s\u0103 public\u0103m proiectul \u00een NedZink World? Ai aceast\u0103 oportunitate! Trimite pe [&hellip;]<\/p>\n","protected":false},"author":9,"featured_media":0,"parent":12346,"menu_order":140,"comment_status":"closed","ping_status":"closed","template":"template-import.php","meta":{"_acf_changed":false,"footnotes":""},"class_list":["post-12366","page","type-page","status-publish","hentry"],"acf":[],"yoast_head":"<!-- This site is optimized with the Yoast SEO plugin v26.8 - https:\/\/yoast.com\/product\/yoast-seo-wordpress\/ -->\n<title>Buletin informativ NedZink \u2013 NedZink<\/title>\n<meta name=\"description\" content=\"Meld u aan voor onze nieuwsbrief. De NedZink World toont opmerkelijke toepassingen en voorbeelden van zink als bouwmateriaal.\" \/>\n<meta name=\"robots\" content=\"index, follow, max-snippet:-1, max-image-preview:large, max-video-preview:-1\" \/>\n<link rel=\"canonical\" href=\"https:\/\/www.nedzink.com\/ro\/despre-nedzink\/buletin-informativ-nedzink\/\" \/>\n<meta property=\"og:locale\" content=\"ro_RO\" \/>\n<meta property=\"og:type\" content=\"article\" \/>\n<meta property=\"og:title\" content=\"Buletin informativ NedZink \u2013 NedZink\" \/>\n<meta property=\"og:description\" content=\"Meld u aan voor onze nieuwsbrief. De NedZink World toont opmerkelijke toepassingen en voorbeelden van zink als bouwmateriaal.\" \/>\n<meta property=\"og:url\" content=\"https:\/\/www.nedzink.com\/ro\/despre-nedzink\/buletin-informativ-nedzink\/\" \/>\n<meta property=\"og:site_name\" content=\"NedZink\" \/>\n<meta property=\"article:modified_time\" content=\"2019-09-02T13:56:07+00:00\" \/>\n<meta name=\"twitter:card\" content=\"summary_large_image\" \/>\n<meta name=\"twitter:label1\" content=\"Timp estimat pentru citire\" \/>\n\t<meta name=\"twitter:data1\" content=\"1 minut\" \/>\n<script type=\"application\/ld+json\" class=\"yoast-schema-graph\">{\"@context\":\"https:\/\/schema.org\",\"@graph\":[{\"@type\":\"WebPage\",\"@id\":\"https:\/\/www.nedzink.com\/ro\/despre-nedzink\/buletin-informativ-nedzink\/\",\"url\":\"https:\/\/www.nedzink.com\/ro\/despre-nedzink\/buletin-informativ-nedzink\/\",\"name\":\"Buletin informativ NedZink \u2013 NedZink\",\"isPartOf\":{\"@id\":\"https:\/\/www.nedzink.com\/ro\/#website\"},\"datePublished\":\"2019-04-10T07:29:46+00:00\",\"dateModified\":\"2019-09-02T13:56:07+00:00\",\"description\":\"Meld u aan voor onze nieuwsbrief. De NedZink World toont opmerkelijke toepassingen en voorbeelden van zink als bouwmateriaal.\",\"breadcrumb\":{\"@id\":\"https:\/\/www.nedzink.com\/ro\/despre-nedzink\/buletin-informativ-nedzink\/#breadcrumb\"},\"inLanguage\":\"ro-RO\",\"potentialAction\":[{\"@type\":\"ReadAction\",\"target\":[\"https:\/\/www.nedzink.com\/ro\/despre-nedzink\/buletin-informativ-nedzink\/\"]}]},{\"@type\":\"BreadcrumbList\",\"@id\":\"https:\/\/www.nedzink.com\/ro\/despre-nedzink\/buletin-informativ-nedzink\/#breadcrumb\",\"itemListElement\":[{\"@type\":\"ListItem\",\"position\":1,\"name\":\"Home\",\"item\":\"https:\/\/www.nedzink.com\/ro\/\"},{\"@type\":\"ListItem\",\"position\":2,\"name\":\"Despre NedZink\",\"item\":\"https:\/\/www.nedzink.com\/ro\/despre-nedzink\/\"},{\"@type\":\"ListItem\",\"position\":3,\"name\":\"Buletin informativ NedZink\"}]},{\"@type\":\"WebSite\",\"@id\":\"https:\/\/www.nedzink.com\/ro\/#website\",\"url\":\"https:\/\/www.nedzink.com\/ro\/\",\"name\":\"NedZink\",\"description\":\"Zink fabrikant\",\"publisher\":{\"@id\":\"https:\/\/www.nedzink.com\/ro\/#organization\"},\"potentialAction\":[{\"@type\":\"SearchAction\",\"target\":{\"@type\":\"EntryPoint\",\"urlTemplate\":\"https:\/\/www.nedzink.com\/ro\/?s={search_term_string}\"},\"query-input\":{\"@type\":\"PropertyValueSpecification\",\"valueRequired\":true,\"valueName\":\"search_term_string\"}}],\"inLanguage\":\"ro-RO\"},{\"@type\":\"Organization\",\"@id\":\"https:\/\/www.nedzink.com\/ro\/#organization\",\"name\":\"NedZink\",\"url\":\"https:\/\/www.nedzink.com\/ro\/\",\"logo\":{\"@type\":\"ImageObject\",\"inLanguage\":\"ro-RO\",\"@id\":\"https:\/\/www.nedzink.com\/ro\/#\/schema\/logo\/image\/\",\"url\":\"https:\/\/www.nedzink.com\/wp-content\/uploads\/2019\/08\/logo-nedzink_fc_zk.jpg\",\"contentUrl\":\"https:\/\/www.nedzink.com\/wp-content\/uploads\/2019\/08\/logo-nedzink_fc_zk.jpg\",\"width\":2160,\"height\":688,\"caption\":\"NedZink\"},\"image\":{\"@id\":\"https:\/\/www.nedzink.com\/ro\/#\/schema\/logo\/image\/\"}}]}<\/script>\n<!-- \/ Yoast SEO plugin. -->","yoast_head_json":{"title":"Buletin informativ NedZink \u2013 NedZink","description":"Meld u aan voor onze nieuwsbrief. De NedZink World toont opmerkelijke toepassingen en voorbeelden van zink als bouwmateriaal.","robots":{"index":"index","follow":"follow","max-snippet":"max-snippet:-1","max-image-preview":"max-image-preview:large","max-video-preview":"max-video-preview:-1"},"canonical":"https:\/\/www.nedzink.com\/ro\/despre-nedzink\/buletin-informativ-nedzink\/","og_locale":"ro_RO","og_type":"article","og_title":"Buletin informativ NedZink \u2013 NedZink","og_description":"Meld u aan voor onze nieuwsbrief. De NedZink World toont opmerkelijke toepassingen en voorbeelden van zink als bouwmateriaal.","og_url":"https:\/\/www.nedzink.com\/ro\/despre-nedzink\/buletin-informativ-nedzink\/","og_site_name":"NedZink","article_modified_time":"2019-09-02T13:56:07+00:00","twitter_card":"summary_large_image","twitter_misc":{"Timp estimat pentru citire":"1 minut"},"schema":{"@context":"https:\/\/schema.org","@graph":[{"@type":"WebPage","@id":"https:\/\/www.nedzink.com\/ro\/despre-nedzink\/buletin-informativ-nedzink\/","url":"https:\/\/www.nedzink.com\/ro\/despre-nedzink\/buletin-informativ-nedzink\/","name":"Buletin informativ NedZink \u2013 NedZink","isPartOf":{"@id":"https:\/\/www.nedzink.com\/ro\/#website"},"datePublished":"2019-04-10T07:29:46+00:00","dateModified":"2019-09-02T13:56:07+00:00","description":"Meld u aan voor onze nieuwsbrief. De NedZink World toont opmerkelijke toepassingen en voorbeelden van zink als bouwmateriaal.","breadcrumb":{"@id":"https:\/\/www.nedzink.com\/ro\/despre-nedzink\/buletin-informativ-nedzink\/#breadcrumb"},"inLanguage":"ro-RO","potentialAction":[{"@type":"ReadAction","target":["https:\/\/www.nedzink.com\/ro\/despre-nedzink\/buletin-informativ-nedzink\/"]}]},{"@type":"BreadcrumbList","@id":"https:\/\/www.nedzink.com\/ro\/despre-nedzink\/buletin-informativ-nedzink\/#breadcrumb","itemListElement":[{"@type":"ListItem","position":1,"name":"Home","item":"https:\/\/www.nedzink.com\/ro\/"},{"@type":"ListItem","position":2,"name":"Despre NedZink","item":"https:\/\/www.nedzink.com\/ro\/despre-nedzink\/"},{"@type":"ListItem","position":3,"name":"Buletin informativ NedZink"}]},{"@type":"WebSite","@id":"https:\/\/www.nedzink.com\/ro\/#website","url":"https:\/\/www.nedzink.com\/ro\/","name":"NedZink","description":"Zink fabrikant","publisher":{"@id":"https:\/\/www.nedzink.com\/ro\/#organization"},"potentialAction":[{"@type":"SearchAction","target":{"@type":"EntryPoint","urlTemplate":"https:\/\/www.nedzink.com\/ro\/?s={search_term_string}"},"query-input":{"@type":"PropertyValueSpecification","valueRequired":true,"valueName":"search_term_string"}}],"inLanguage":"ro-RO"},{"@type":"Organization","@id":"https:\/\/www.nedzink.com\/ro\/#organization","name":"NedZink","url":"https:\/\/www.nedzink.com\/ro\/","logo":{"@type":"ImageObject","inLanguage":"ro-RO","@id":"https:\/\/www.nedzink.com\/ro\/#\/schema\/logo\/image\/","url":"https:\/\/www.nedzink.com\/wp-content\/uploads\/2019\/08\/logo-nedzink_fc_zk.jpg","contentUrl":"https:\/\/www.nedzink.com\/wp-content\/uploads\/2019\/08\/logo-nedzink_fc_zk.jpg","width":2160,"height":688,"caption":"NedZink"},"image":{"@id":"https:\/\/www.nedzink.com\/ro\/#\/schema\/logo\/image\/"}}]}},"_links":{"self":[{"href":"https:\/\/www.nedzink.com\/ro\/wp-json\/wp\/v2\/pages\/12366","targetHints":{"allow":["GET"]}}],"collection":[{"href":"https:\/\/www.nedzink.com\/ro\/wp-json\/wp\/v2\/pages"}],"about":[{"href":"https:\/\/www.nedzink.com\/ro\/wp-json\/wp\/v2\/types\/page"}],"author":[{"embeddable":true,"href":"https:\/\/www.nedzink.com\/ro\/wp-json\/wp\/v2\/users\/9"}],"replies":[{"embeddable":true,"href":"https:\/\/www.nedzink.com\/ro\/wp-json\/wp\/v2\/comments?post=12366"}],"version-history":[{"count":0,"href":"https:\/\/www.nedzink.com\/ro\/wp-json\/wp\/v2\/pages\/12366\/revisions"}],"up":[{"embeddable":true,"href":"https:\/\/www.nedzink.com\/ro\/wp-json\/wp\/v2\/pages\/12346"}],"wp:attachment":[{"href":"https:\/\/www.nedzink.com\/ro\/wp-json\/wp\/v2\/media?parent=12366"}],"curies":[{"name":"wp","href":"https:\/\/api.w.org\/{rel}","templated":true}]}}