{"id":12346,"date":"2019-04-10T09:29:43","date_gmt":"2019-04-10T07:29:43","guid":{"rendered":"http:\/\/136.144.181.85\/~nedzink\/over-nedzink-2\/"},"modified":"2024-11-12T10:38:24","modified_gmt":"2024-11-12T09:38:24","slug":"despre-nedzink","status":"publish","type":"page","link":"https:\/\/www.nedzink.com\/ro\/despre-nedzink\/","title":{"rendered":"Despre NedZink"},"content":{"rendered":"[vc_row visibility=&#8221;visible-dt-v2&#8243;][vc_column][mk_padding_divider][\/vc_column][\/vc_row][vc_row][vc_column el_class=&#8221;rij-wit-schaduw&#8221; offset=&#8221;vc_col-xs-12&#8243;][mk_padding_divider size=&#8221;30&#8243;][vc_column_text css=&#8221;.vc_custom_1565266543105{margin-bottom: 0px !important;}&#8221;]\n<h1>Despre NedZink<\/h1>\n[\/vc_column_text][vc_column_text css=&#8221;.vc_custom_1713788528540{margin-bottom: 0px !important;}&#8221;]\n<h6><strong>NedZink: peste 130 de ani de experien\u0163\u0103, calitate \u015fi flexibilitate<\/strong><\/h6>\n[\/vc_column_text][vc_column_text css=&#8221;.vc_custom_1731404271575{margin-bottom: 0px !important;}&#8221;]<a href=\"https:\/\/www.nedzink.com\/wp-content\/uploads\/2024\/11\/nyr_1566-300x200.jpg\"><img loading=\"lazy\" decoding=\"async\" class=\"alignright wp-image-132507 size-medium\" src=\"https:\/\/www.nedzink.com\/wp-content\/uploads\/2024\/11\/nyr_1566-300x200.jpg\" alt=\"\" width=\"300\" height=\"200\" srcset=\"https:\/\/www.nedzink.com\/wp-content\/uploads\/2024\/11\/nyr_1566-300x200.jpg 300w, https:\/\/www.nedzink.com\/wp-content\/uploads\/2024\/11\/nyr_1566-131x87.jpg 131w, https:\/\/www.nedzink.com\/wp-content\/uploads\/2024\/11\/nyr_1566-272x181.jpg 272w, https:\/\/www.nedzink.com\/wp-content\/uploads\/2024\/11\/nyr_1566-54x36.jpg 54w, https:\/\/www.nedzink.com\/wp-content\/uploads\/2024\/11\/nyr_1566-212x141.jpg 212w, https:\/\/www.nedzink.com\/wp-content\/uploads\/2024\/11\/nyr_1566.jpg 1024w\" sizes=\"auto, (max-width: 300px) 100vw, 300px\" \/><\/a><\/p>\n<p>\u00cen anul 1892 a fost fondat\u0103 compania &#8222;Kempensche Zinc Company&#8221; KZM de c\u0103tre familia belgian\u0103 Dor. \u00cen anul 1968, Billiton a achizi\u0163ionat 50% din ac\u0163iunile KZM, dup\u0103 care la r\u00e2ndul s\u0103u, \u00een 1970, a devenit parte a Royal Shell Group. \u00cen anul 1973 s-a \u00eenceput produc\u0163a de titan-zinc (de la un proces termic la un proces electrolitic prin care se ob\u021bine o concentra\u021bie de 99,995% a zincului).<\/p>\n<p>\u00cen anul 1995 produc\u0163ia de titan-zinc a fost v\u00e2ndut\u0103 prestigioasei companii interna\u0163ionale &#8222;Koramic Investment Group&#8221;, iar numele fabricii a fost schimbat \u00een &#8222;NedZink BV\u201d. Produc\u0163ia este realizat\u0103 \u00een ora\u015ful olandez Budel-Dorplein, iar birouri de v\u00e2nzare sunt \u00een Olanda, Belgia, Germania \u0219i Fran\u0163a.<\/p>\n<p>Ca prim produc\u0103tor de titan-zinc asigurat conform EN-ISO 9001:2015, NedZink este un stimulator al durabilit\u0103\u0163ii \u015fi al aplica\u0163iilor tehnice de \u00eenalt\u0103 calitate din zinc. Ca partener comercial, NedZink inspir\u0103 \u00eencredere, cuno\u0219tin\u021be solide \u0219i calitate a serviciilor. Ca lider de pia\u0163\u0103 \u00een Olanda, NedZink este un promotor al posibilit\u0103\u0163ilor creative cu zinc.<\/p>\n<p>Puterea NedZink const\u0103 \u00een calitatea \u015fi durabilitatea materialului produs \u015fi \u00een tradi\u0163ia de lung\u0103 durat\u0103 a antreprenoriatului deliberat, cu acceptarea responsabilit\u0103\u0163ii \u00een ceea ce prive\u015fte oamenii \u015fi mediul. Cu un management orientat c\u0103tre viitor \u015fi cu investi\u0163ii de ultim\u0103 or\u0103 \u00een tehnici de produc\u0163ie, NedZink \u00ee\u015fi consolideaz\u0103 pozi\u0163ia pe pia\u0163\u0103 \u015fi face loc pentru noi direc\u0163ii de dezvoltare.[\/vc_column_text][vc_column_text css=&#8221;.vc_custom_1565266721861{margin-bottom: 0px !important;}&#8221;]\n<h6><strong>Inova\u0163ia r\u0103m\u00e2ne fascinant\u0103 \u015fi inspira\u0163ional\u0103<\/strong><\/h6>\n[\/vc_column_text][vc_column_text css=&#8221;.vc_custom_1565266621174{margin-bottom: 0px !important;}&#8221;]Pe l\u00e2ng\u0103 g\u00e2ndirea \u015fi actiunea \u00een sensul calit\u0103\u0163ii, NedZink se concentreaz\u0103 constant pe viitor \u0219i caut\u0103 noi aplica\u0163ii ale zincului \u00een construc\u0163ii. Zincul, ca material, are o tradi\u0163ie de secole. Aplic\u00e2nd noi forme produselor existente, r\u0103m\u00e2ne la fel de fascinant \u015fi inspira\u0163ional ca o nou\u0103 descoperire. Un exemplu uimitor al unei noi utiliz\u0103ri \u00een pia\u0163\u0103 este gama de produse prepatinate NedZink Nova, NedZink Natural \u0219i NedZink Nuance, variante de titan-zinc prepatinat \u0219i pigmentat de la NedZink, produse pentru aplica\u021bii moderne \u015fi estetice \u00een construc\u0163ii.[\/vc_column_text][vc_single_image image=&#8221;132519&#8243; img_size=&#8221;full&#8221;][mk_padding_divider size=&#8221;20&#8243;][vc_column_text css=&#8221;.vc_custom_1713788542092{margin-bottom: 0px !important;}&#8221;]NedZink: peste 130 de ani de experien\u0163\u0103, calitate \u015fi flexibilitate![\/vc_column_text][mk_padding_divider size=&#8221;50&#8243;][vc_column_text css=&#8221;.vc_custom_1698048025017{margin-bottom: 0px !important;}&#8221;]<a href=\"https:\/\/www.koramic.be\/\"><img loading=\"lazy\" decoding=\"async\" class=\"alignnone size-medium wp-image-128361\" src=\"https:\/\/www.nedzink.com\/wp-content\/uploads\/2023\/10\/koramic-holding-300x77.png\" alt=\"\" width=\"300\" height=\"77\" srcset=\"https:\/\/www.nedzink.com\/wp-content\/uploads\/2023\/10\/koramic-holding-300x77.png 300w, https:\/\/www.nedzink.com\/wp-content\/uploads\/2023\/10\/koramic-holding-1024x263.png 1024w, https:\/\/www.nedzink.com\/wp-content\/uploads\/2023\/10\/koramic-holding-1536x395.png 1536w, https:\/\/www.nedzink.com\/wp-content\/uploads\/2023\/10\/koramic-holding-2048x526.png 2048w, https:\/\/www.nedzink.com\/wp-content\/uploads\/2023\/10\/koramic-holding-339x87.png 339w, https:\/\/www.nedzink.com\/wp-content\/uploads\/2023\/10\/koramic-holding-56x14.png 56w, https:\/\/www.nedzink.com\/wp-content\/uploads\/2023\/10\/koramic-holding-212x54.png 212w\" sizes=\"auto, (max-width: 300px) 100vw, 300px\" \/><\/a> \u00a0 \u00a0 \u00a0 \u00a0 \u00a0 \u00a0 \u00a0 \u00a0 \u00a0 \u00a0 \u00a0 \u00a0 \u00a0 \u00a0 \u00a0 \u00a0 \u00a0 \u00a0 <a href=\"https:\/\/www.elvalhalcor.com\/\"><img loading=\"lazy\" decoding=\"async\" class=\"alignnone wp-image-57331 size-medium\" src=\"https:\/\/www.nedzink.com\/wp-content\/uploads\/2020\/08\/logo-elvalhalcor-300x142.png\" alt=\"Logo ElvalHalcor\" width=\"300\" height=\"142\" srcset=\"https:\/\/www.nedzink.com\/wp-content\/uploads\/2020\/08\/logo-elvalhalcor-300x142.png 300w, https:\/\/www.nedzink.com\/wp-content\/uploads\/2020\/08\/logo-elvalhalcor-184x87.png 184w, https:\/\/www.nedzink.com\/wp-content\/uploads\/2020\/08\/logo-elvalhalcor-56x27.png 56w, https:\/\/www.nedzink.com\/wp-content\/uploads\/2020\/08\/logo-elvalhalcor-212x100.png 212w, https:\/\/www.nedzink.com\/wp-content\/uploads\/2020\/08\/logo-elvalhalcor.png 560w\" sizes=\"auto, (max-width: 300px) 100vw, 300px\" \/><\/a>[\/vc_column_text][\/vc_column][\/vc_row]\n","protected":false},"excerpt":{"rendered":"<p>[vc_row visibility=&#8221;visible-dt-v2&#8243;][vc_column][mk_padding_divider][\/vc_column][\/vc_row][vc_row][vc_column el_class=&#8221;rij-wit-schaduw&#8221; offset=&#8221;vc_col-xs-12&#8243;][mk_padding_divider size=&#8221;30&#8243;][vc_column_text css=&#8221;.vc_custom_1565266543105{margin-bottom: 0px !important;}&#8221;] Despre NedZink [\/vc_column_text][vc_column_text css=&#8221;.vc_custom_1713788528540{margin-bottom: 0px !important;}&#8221;] NedZink: peste 130 de ani de experien\u0163\u0103, calitate \u015fi flexibilitate [\/vc_column_text][vc_column_text css=&#8221;.vc_custom_1731404271575{margin-bottom: 0px !important;}&#8221;] \u00cen anul 1892 a fost fondat\u0103 compania &#8222;Kempensche Zinc Company&#8221; KZM de c\u0103tre familia belgian\u0103 Dor. \u00cen anul 1968, Billiton a achizi\u0163ionat 50% din ac\u0163iunile KZM, dup\u0103 [&hellip;]<\/p>\n","protected":false},"author":9,"featured_media":0,"parent":0,"menu_order":1000,"comment_status":"closed","ping_status":"closed","template":"","meta":{"_acf_changed":false,"footnotes":""},"class_list":["post-12346","page","type-page","status-publish","hentry"],"acf":[],"yoast_head":"<!-- This site is optimized with the Yoast SEO plugin v26.8 - https:\/\/yoast.com\/product\/yoast-seo-wordpress\/ -->\n<title>Despre NedZink \u2013 NedZink<\/title>\n<meta name=\"description\" content=\"Als handelspartner is NedZink een inspirator door betrouwbare levering van kennis, kwaliteit en dienstverlening. Lees meer over NedZink op onze site\" \/>\n<meta name=\"robots\" content=\"index, follow, max-snippet:-1, max-image-preview:large, max-video-preview:-1\" \/>\n<link rel=\"canonical\" href=\"https:\/\/www.nedzink.com\/ro\/despre-nedzink\/\" \/>\n<meta property=\"og:locale\" content=\"ro_RO\" \/>\n<meta property=\"og:type\" content=\"article\" \/>\n<meta property=\"og:title\" content=\"Despre NedZink \u2013 NedZink\" \/>\n<meta property=\"og:description\" content=\"Als handelspartner is NedZink een inspirator door betrouwbare levering van kennis, kwaliteit en dienstverlening. Lees meer over NedZink op onze site\" \/>\n<meta property=\"og:url\" content=\"https:\/\/www.nedzink.com\/ro\/despre-nedzink\/\" \/>\n<meta property=\"og:site_name\" content=\"NedZink\" \/>\n<meta property=\"article:modified_time\" content=\"2024-11-12T09:38:24+00:00\" \/>\n<meta property=\"og:image\" content=\"https:\/\/www.nedzink.com\/wp-content\/uploads\/2024\/11\/nyr_1566.jpg\" \/>\n\t<meta property=\"og:image:width\" content=\"1024\" \/>\n\t<meta property=\"og:image:height\" content=\"682\" \/>\n\t<meta property=\"og:image:type\" content=\"image\/jpeg\" \/>\n<meta name=\"twitter:card\" content=\"summary_large_image\" \/>\n<meta name=\"twitter:label1\" content=\"Timp estimat pentru citire\" \/>\n\t<meta name=\"twitter:data1\" content=\"3 minute\" \/>\n<script type=\"application\/ld+json\" class=\"yoast-schema-graph\">{\"@context\":\"https:\/\/schema.org\",\"@graph\":[{\"@type\":\"WebPage\",\"@id\":\"https:\/\/www.nedzink.com\/ro\/despre-nedzink\/\",\"url\":\"https:\/\/www.nedzink.com\/ro\/despre-nedzink\/\",\"name\":\"Despre NedZink \u2013 NedZink\",\"isPartOf\":{\"@id\":\"https:\/\/www.nedzink.com\/ro\/#website\"},\"primaryImageOfPage\":{\"@id\":\"https:\/\/www.nedzink.com\/ro\/despre-nedzink\/#primaryimage\"},\"image\":{\"@id\":\"https:\/\/www.nedzink.com\/ro\/despre-nedzink\/#primaryimage\"},\"thumbnailUrl\":\"https:\/\/www.nedzink.com\/wp-content\/uploads\/2024\/11\/nyr_1566-300x200.jpg\",\"datePublished\":\"2019-04-10T07:29:43+00:00\",\"dateModified\":\"2024-11-12T09:38:24+00:00\",\"description\":\"Als handelspartner is NedZink een inspirator door betrouwbare levering van kennis, kwaliteit en dienstverlening. Lees meer over NedZink op onze site\",\"breadcrumb\":{\"@id\":\"https:\/\/www.nedzink.com\/ro\/despre-nedzink\/#breadcrumb\"},\"inLanguage\":\"ro-RO\",\"potentialAction\":[{\"@type\":\"ReadAction\",\"target\":[\"https:\/\/www.nedzink.com\/ro\/despre-nedzink\/\"]}]},{\"@type\":\"ImageObject\",\"inLanguage\":\"ro-RO\",\"@id\":\"https:\/\/www.nedzink.com\/ro\/despre-nedzink\/#primaryimage\",\"url\":\"https:\/\/www.nedzink.com\/wp-content\/uploads\/2024\/11\/nyr_1566-300x200.jpg\",\"contentUrl\":\"https:\/\/www.nedzink.com\/wp-content\/uploads\/2024\/11\/nyr_1566-300x200.jpg\"},{\"@type\":\"BreadcrumbList\",\"@id\":\"https:\/\/www.nedzink.com\/ro\/despre-nedzink\/#breadcrumb\",\"itemListElement\":[{\"@type\":\"ListItem\",\"position\":1,\"name\":\"Home\",\"item\":\"https:\/\/www.nedzink.com\/ro\/\"},{\"@type\":\"ListItem\",\"position\":2,\"name\":\"Despre NedZink\"}]},{\"@type\":\"WebSite\",\"@id\":\"https:\/\/www.nedzink.com\/ro\/#website\",\"url\":\"https:\/\/www.nedzink.com\/ro\/\",\"name\":\"NedZink\",\"description\":\"Zink fabrikant\",\"publisher\":{\"@id\":\"https:\/\/www.nedzink.com\/ro\/#organization\"},\"potentialAction\":[{\"@type\":\"SearchAction\",\"target\":{\"@type\":\"EntryPoint\",\"urlTemplate\":\"https:\/\/www.nedzink.com\/ro\/?s={search_term_string}\"},\"query-input\":{\"@type\":\"PropertyValueSpecification\",\"valueRequired\":true,\"valueName\":\"search_term_string\"}}],\"inLanguage\":\"ro-RO\"},{\"@type\":\"Organization\",\"@id\":\"https:\/\/www.nedzink.com\/ro\/#organization\",\"name\":\"NedZink\",\"url\":\"https:\/\/www.nedzink.com\/ro\/\",\"logo\":{\"@type\":\"ImageObject\",\"inLanguage\":\"ro-RO\",\"@id\":\"https:\/\/www.nedzink.com\/ro\/#\/schema\/logo\/image\/\",\"url\":\"https:\/\/www.nedzink.com\/wp-content\/uploads\/2019\/08\/logo-nedzink_fc_zk.jpg\",\"contentUrl\":\"https:\/\/www.nedzink.com\/wp-content\/uploads\/2019\/08\/logo-nedzink_fc_zk.jpg\",\"width\":2160,\"height\":688,\"caption\":\"NedZink\"},\"image\":{\"@id\":\"https:\/\/www.nedzink.com\/ro\/#\/schema\/logo\/image\/\"}}]}<\/script>\n<!-- \/ Yoast SEO plugin. -->","yoast_head_json":{"title":"Despre NedZink \u2013 NedZink","description":"Als handelspartner is NedZink een inspirator door betrouwbare levering van kennis, kwaliteit en dienstverlening. Lees meer over NedZink op onze site","robots":{"index":"index","follow":"follow","max-snippet":"max-snippet:-1","max-image-preview":"max-image-preview:large","max-video-preview":"max-video-preview:-1"},"canonical":"https:\/\/www.nedzink.com\/ro\/despre-nedzink\/","og_locale":"ro_RO","og_type":"article","og_title":"Despre NedZink \u2013 NedZink","og_description":"Als handelspartner is NedZink een inspirator door betrouwbare levering van kennis, kwaliteit en dienstverlening. Lees meer over NedZink op onze site","og_url":"https:\/\/www.nedzink.com\/ro\/despre-nedzink\/","og_site_name":"NedZink","article_modified_time":"2024-11-12T09:38:24+00:00","og_image":[{"width":1024,"height":682,"url":"https:\/\/www.nedzink.com\/wp-content\/uploads\/2024\/11\/nyr_1566.jpg","type":"image\/jpeg"}],"twitter_card":"summary_large_image","twitter_misc":{"Timp estimat pentru citire":"3 minute"},"schema":{"@context":"https:\/\/schema.org","@graph":[{"@type":"WebPage","@id":"https:\/\/www.nedzink.com\/ro\/despre-nedzink\/","url":"https:\/\/www.nedzink.com\/ro\/despre-nedzink\/","name":"Despre NedZink \u2013 NedZink","isPartOf":{"@id":"https:\/\/www.nedzink.com\/ro\/#website"},"primaryImageOfPage":{"@id":"https:\/\/www.nedzink.com\/ro\/despre-nedzink\/#primaryimage"},"image":{"@id":"https:\/\/www.nedzink.com\/ro\/despre-nedzink\/#primaryimage"},"thumbnailUrl":"https:\/\/www.nedzink.com\/wp-content\/uploads\/2024\/11\/nyr_1566-300x200.jpg","datePublished":"2019-04-10T07:29:43+00:00","dateModified":"2024-11-12T09:38:24+00:00","description":"Als handelspartner is NedZink een inspirator door betrouwbare levering van kennis, kwaliteit en dienstverlening. Lees meer over NedZink op onze site","breadcrumb":{"@id":"https:\/\/www.nedzink.com\/ro\/despre-nedzink\/#breadcrumb"},"inLanguage":"ro-RO","potentialAction":[{"@type":"ReadAction","target":["https:\/\/www.nedzink.com\/ro\/despre-nedzink\/"]}]},{"@type":"ImageObject","inLanguage":"ro-RO","@id":"https:\/\/www.nedzink.com\/ro\/despre-nedzink\/#primaryimage","url":"https:\/\/www.nedzink.com\/wp-content\/uploads\/2024\/11\/nyr_1566-300x200.jpg","contentUrl":"https:\/\/www.nedzink.com\/wp-content\/uploads\/2024\/11\/nyr_1566-300x200.jpg"},{"@type":"BreadcrumbList","@id":"https:\/\/www.nedzink.com\/ro\/despre-nedzink\/#breadcrumb","itemListElement":[{"@type":"ListItem","position":1,"name":"Home","item":"https:\/\/www.nedzink.com\/ro\/"},{"@type":"ListItem","position":2,"name":"Despre NedZink"}]},{"@type":"WebSite","@id":"https:\/\/www.nedzink.com\/ro\/#website","url":"https:\/\/www.nedzink.com\/ro\/","name":"NedZink","description":"Zink fabrikant","publisher":{"@id":"https:\/\/www.nedzink.com\/ro\/#organization"},"potentialAction":[{"@type":"SearchAction","target":{"@type":"EntryPoint","urlTemplate":"https:\/\/www.nedzink.com\/ro\/?s={search_term_string}"},"query-input":{"@type":"PropertyValueSpecification","valueRequired":true,"valueName":"search_term_string"}}],"inLanguage":"ro-RO"},{"@type":"Organization","@id":"https:\/\/www.nedzink.com\/ro\/#organization","name":"NedZink","url":"https:\/\/www.nedzink.com\/ro\/","logo":{"@type":"ImageObject","inLanguage":"ro-RO","@id":"https:\/\/www.nedzink.com\/ro\/#\/schema\/logo\/image\/","url":"https:\/\/www.nedzink.com\/wp-content\/uploads\/2019\/08\/logo-nedzink_fc_zk.jpg","contentUrl":"https:\/\/www.nedzink.com\/wp-content\/uploads\/2019\/08\/logo-nedzink_fc_zk.jpg","width":2160,"height":688,"caption":"NedZink"},"image":{"@id":"https:\/\/www.nedzink.com\/ro\/#\/schema\/logo\/image\/"}}]}},"_links":{"self":[{"href":"https:\/\/www.nedzink.com\/ro\/wp-json\/wp\/v2\/pages\/12346","targetHints":{"allow":["GET"]}}],"collection":[{"href":"https:\/\/www.nedzink.com\/ro\/wp-json\/wp\/v2\/pages"}],"about":[{"href":"https:\/\/www.nedzink.com\/ro\/wp-json\/wp\/v2\/types\/page"}],"author":[{"embeddable":true,"href":"https:\/\/www.nedzink.com\/ro\/wp-json\/wp\/v2\/users\/9"}],"replies":[{"embeddable":true,"href":"https:\/\/www.nedzink.com\/ro\/wp-json\/wp\/v2\/comments?post=12346"}],"version-history":[{"count":4,"href":"https:\/\/www.nedzink.com\/ro\/wp-json\/wp\/v2\/pages\/12346\/revisions"}],"predecessor-version":[{"id":132535,"href":"https:\/\/www.nedzink.com\/ro\/wp-json\/wp\/v2\/pages\/12346\/revisions\/132535"}],"wp:attachment":[{"href":"https:\/\/www.nedzink.com\/ro\/wp-json\/wp\/v2\/media?parent=12346"}],"curies":[{"name":"wp","href":"https:\/\/api.w.org\/{rel}","templated":true}]}}