{"id":12335,"date":"2019-04-09T14:30:44","date_gmt":"2019-04-09T12:30:44","guid":{"rendered":"http:\/\/136.144.181.85\/~nedzink\/mediul\/faq\/"},"modified":"2019-09-30T14:37:47","modified_gmt":"2019-09-30T12:37:47","slug":"faq","status":"publish","type":"page","link":"https:\/\/www.nedzink.com\/ro\/mediul\/faq\/","title":{"rendered":"FAQ"},"content":{"rendered":"<h3><strong>Zincul d\u0103uneaz\u0103 mediului \u00eenconjur\u0103tor?\u00a0<\/strong><\/h3>\n<p style=\"margin-left: 35.4pt;\">Nu, zincul nu d\u0103uneaz\u0103 mediului \u00eencojur\u0103tor. Zincul se aplic\u0103 \u00een construc\u0163ii, agricultur\u0103 \u015fi \u00een trafic. Toate aplica\u0163iile au ca rezultat emisii care nu produc prejudicii mediului \u00eenconjur\u0103tor. Exist\u0103 doar c\u00e2teva materiale de construc\u0163ii pentru care echilibrul total asupra mediului \u00eenconjur\u0103tor este at\u00e2t de bun ca cel al zincului.<\/p>\n<p style=\"margin-left: 35.4pt;\">\n<h3><strong>Metalele sunt re\u0163inute pentru totdeauna \u00een sol?<\/strong><\/h3>\n<p style=\"margin-left: 35.4pt;\">Da, sunt acolo de milioane de ani \u015fi vor fi acolo p\u00e2n\u0103 la sf\u00e2r\u015fitul timpului. Cunoa\u015ftem faptul c\u0103\u00a0 elementele contaminante de natur\u0103 organic\u0103 sunt transformate \u00een compu\u015fi organici, iar c\u0103 ace\u015ftia se descompun \u00een cele din urm\u0103 \u00een CO2 \u015fi ap\u0103. Metalele apar\u0163in naturii. Exist\u0103 un num\u0103r mare de procese fizice \u015fi chimice care determin\u0103 forma natural\u0103 a metalelor prezente \u00een sol.<\/p>\n<p style=\"margin-left: 35.4pt;\">\n<h3><strong>Ce determin\u0103 cauza ecotoxicit\u0103\u0163ii metalelor \u00een sol?<\/strong><\/h3>\n<p style=\"margin-left: 40px;\">Aceasta este determiat\u0103 de caracterul specific al metalului \u015fi de concentra\u0163ia biologic\u0103 disponibil\u0103 a acelui metal \u00een sol.<\/p>\n<p style=\"margin-left: 40px;\">\n<h3><strong>Ce este acumularea natural\u0103 a metalelor?<\/strong><\/h3>\n<p style=\"margin-left: 35.4pt;\">Pe m\u0103sur\u0103 ce plantele cresc acestea elimin\u0103 zinc, cupru \u015fi alte elemente esen\u0163iale prin r\u0103d\u0103cinile acestora \u00een diferite straturi ale solului. Plantele con\u0163in \u00een medie 10 mg de zinc \u015fi 1 mg de cupru pe kg. Plantele mor, iar resturile vegetale r\u0103m\u00e2n pe suprafa\u0163a solului. Cu toate acestea, for\u021ba de legare a solului pentru metale este at\u00e2t de mare \u00eenc\u00e2t metalul nu dep\u0103\u0219e\u0219te c\u00e2\u021biva centimetri de la suprafa\u0163\u0103. \u00cencet, metalul este dus \u00een straturile mai profunde ale solului de c\u0103tre ap\u0103. Acest proces rezult\u0103 \u00een acumularea metalului \u00een stratul superior al solului. Aceast\u0103 acumulare natural\u0103 poate, \u00een anumite circumstan\u0163e, s\u0103 \u00ee\u015fi dubleze concentra\u0163ia.<\/p>\n","protected":false},"excerpt":{"rendered":"<p>Zincul d\u0103uneaz\u0103 mediului \u00eenconjur\u0103tor?\u00a0 Nu, zincul nu d\u0103uneaz\u0103 mediului \u00eencojur\u0103tor. Zincul se aplic\u0103 \u00een construc\u0163ii, agricultur\u0103 \u015fi \u00een trafic. Toate aplica\u0163iile au ca rezultat emisii care nu produc prejudicii mediului \u00eenconjur\u0103tor. Exist\u0103 doar c\u00e2teva materiale de construc\u0163ii pentru care echilibrul total asupra mediului \u00eenconjur\u0103tor este at\u00e2t de bun ca cel al zincului. Metalele sunt re\u0163inute [&hellip;]<\/p>\n","protected":false},"author":9,"featured_media":0,"parent":12305,"menu_order":990,"comment_status":"closed","ping_status":"closed","template":"template-import.php","meta":{"_acf_changed":false,"footnotes":""},"class_list":["post-12335","page","type-page","status-publish","hentry"],"acf":[],"yoast_head":"<!-- This site is optimized with the Yoast SEO plugin v26.8 - https:\/\/yoast.com\/product\/yoast-seo-wordpress\/ -->\n<title>FAQ \u2013 NedZink<\/title>\n<meta name=\"description\" content=\"De vragen die het meest gesteld worden over zink hebben we voor u op een rijtje gezet. Bekijk ze op onze website.\" \/>\n<meta name=\"robots\" content=\"index, follow, max-snippet:-1, max-image-preview:large, max-video-preview:-1\" \/>\n<link rel=\"canonical\" href=\"https:\/\/www.nedzink.com\/ro\/mediul\/faq\/\" \/>\n<meta property=\"og:locale\" content=\"ro_RO\" \/>\n<meta property=\"og:type\" content=\"article\" \/>\n<meta property=\"og:title\" content=\"FAQ \u2013 NedZink\" \/>\n<meta property=\"og:description\" content=\"De vragen die het meest gesteld worden over zink hebben we voor u op een rijtje gezet. Bekijk ze op onze website.\" \/>\n<meta property=\"og:url\" content=\"https:\/\/www.nedzink.com\/ro\/mediul\/faq\/\" \/>\n<meta property=\"og:site_name\" content=\"NedZink\" \/>\n<meta property=\"article:modified_time\" content=\"2019-09-30T12:37:47+00:00\" \/>\n<meta name=\"twitter:card\" content=\"summary_large_image\" \/>\n<meta name=\"twitter:label1\" content=\"Timp estimat pentru citire\" \/>\n\t<meta name=\"twitter:data1\" content=\"1 minut\" \/>\n<script type=\"application\/ld+json\" class=\"yoast-schema-graph\">{\"@context\":\"https:\/\/schema.org\",\"@graph\":[{\"@type\":\"WebPage\",\"@id\":\"https:\/\/www.nedzink.com\/ro\/mediul\/faq\/\",\"url\":\"https:\/\/www.nedzink.com\/ro\/mediul\/faq\/\",\"name\":\"FAQ \u2013 NedZink\",\"isPartOf\":{\"@id\":\"https:\/\/www.nedzink.com\/ro\/#website\"},\"datePublished\":\"2019-04-09T12:30:44+00:00\",\"dateModified\":\"2019-09-30T12:37:47+00:00\",\"description\":\"De vragen die het meest gesteld worden over zink hebben we voor u op een rijtje gezet. Bekijk ze op onze website.\",\"breadcrumb\":{\"@id\":\"https:\/\/www.nedzink.com\/ro\/mediul\/faq\/#breadcrumb\"},\"inLanguage\":\"ro-RO\",\"potentialAction\":[{\"@type\":\"ReadAction\",\"target\":[\"https:\/\/www.nedzink.com\/ro\/mediul\/faq\/\"]}]},{\"@type\":\"BreadcrumbList\",\"@id\":\"https:\/\/www.nedzink.com\/ro\/mediul\/faq\/#breadcrumb\",\"itemListElement\":[{\"@type\":\"ListItem\",\"position\":1,\"name\":\"Home\",\"item\":\"https:\/\/www.nedzink.com\/ro\/\"},{\"@type\":\"ListItem\",\"position\":2,\"name\":\"Mediul\",\"item\":\"https:\/\/www.nedzink.com\/ro\/mediul\/\"},{\"@type\":\"ListItem\",\"position\":3,\"name\":\"FAQ\"}]},{\"@type\":\"WebSite\",\"@id\":\"https:\/\/www.nedzink.com\/ro\/#website\",\"url\":\"https:\/\/www.nedzink.com\/ro\/\",\"name\":\"NedZink\",\"description\":\"Zink fabrikant\",\"publisher\":{\"@id\":\"https:\/\/www.nedzink.com\/ro\/#organization\"},\"potentialAction\":[{\"@type\":\"SearchAction\",\"target\":{\"@type\":\"EntryPoint\",\"urlTemplate\":\"https:\/\/www.nedzink.com\/ro\/?s={search_term_string}\"},\"query-input\":{\"@type\":\"PropertyValueSpecification\",\"valueRequired\":true,\"valueName\":\"search_term_string\"}}],\"inLanguage\":\"ro-RO\"},{\"@type\":\"Organization\",\"@id\":\"https:\/\/www.nedzink.com\/ro\/#organization\",\"name\":\"NedZink\",\"url\":\"https:\/\/www.nedzink.com\/ro\/\",\"logo\":{\"@type\":\"ImageObject\",\"inLanguage\":\"ro-RO\",\"@id\":\"https:\/\/www.nedzink.com\/ro\/#\/schema\/logo\/image\/\",\"url\":\"https:\/\/www.nedzink.com\/wp-content\/uploads\/2019\/08\/logo-nedzink_fc_zk.jpg\",\"contentUrl\":\"https:\/\/www.nedzink.com\/wp-content\/uploads\/2019\/08\/logo-nedzink_fc_zk.jpg\",\"width\":2160,\"height\":688,\"caption\":\"NedZink\"},\"image\":{\"@id\":\"https:\/\/www.nedzink.com\/ro\/#\/schema\/logo\/image\/\"}}]}<\/script>\n<!-- \/ Yoast SEO plugin. -->","yoast_head_json":{"title":"FAQ \u2013 NedZink","description":"De vragen die het meest gesteld worden over zink hebben we voor u op een rijtje gezet. Bekijk ze op onze website.","robots":{"index":"index","follow":"follow","max-snippet":"max-snippet:-1","max-image-preview":"max-image-preview:large","max-video-preview":"max-video-preview:-1"},"canonical":"https:\/\/www.nedzink.com\/ro\/mediul\/faq\/","og_locale":"ro_RO","og_type":"article","og_title":"FAQ \u2013 NedZink","og_description":"De vragen die het meest gesteld worden over zink hebben we voor u op een rijtje gezet. Bekijk ze op onze website.","og_url":"https:\/\/www.nedzink.com\/ro\/mediul\/faq\/","og_site_name":"NedZink","article_modified_time":"2019-09-30T12:37:47+00:00","twitter_card":"summary_large_image","twitter_misc":{"Timp estimat pentru citire":"1 minut"},"schema":{"@context":"https:\/\/schema.org","@graph":[{"@type":"WebPage","@id":"https:\/\/www.nedzink.com\/ro\/mediul\/faq\/","url":"https:\/\/www.nedzink.com\/ro\/mediul\/faq\/","name":"FAQ \u2013 NedZink","isPartOf":{"@id":"https:\/\/www.nedzink.com\/ro\/#website"},"datePublished":"2019-04-09T12:30:44+00:00","dateModified":"2019-09-30T12:37:47+00:00","description":"De vragen die het meest gesteld worden over zink hebben we voor u op een rijtje gezet. Bekijk ze op onze website.","breadcrumb":{"@id":"https:\/\/www.nedzink.com\/ro\/mediul\/faq\/#breadcrumb"},"inLanguage":"ro-RO","potentialAction":[{"@type":"ReadAction","target":["https:\/\/www.nedzink.com\/ro\/mediul\/faq\/"]}]},{"@type":"BreadcrumbList","@id":"https:\/\/www.nedzink.com\/ro\/mediul\/faq\/#breadcrumb","itemListElement":[{"@type":"ListItem","position":1,"name":"Home","item":"https:\/\/www.nedzink.com\/ro\/"},{"@type":"ListItem","position":2,"name":"Mediul","item":"https:\/\/www.nedzink.com\/ro\/mediul\/"},{"@type":"ListItem","position":3,"name":"FAQ"}]},{"@type":"WebSite","@id":"https:\/\/www.nedzink.com\/ro\/#website","url":"https:\/\/www.nedzink.com\/ro\/","name":"NedZink","description":"Zink fabrikant","publisher":{"@id":"https:\/\/www.nedzink.com\/ro\/#organization"},"potentialAction":[{"@type":"SearchAction","target":{"@type":"EntryPoint","urlTemplate":"https:\/\/www.nedzink.com\/ro\/?s={search_term_string}"},"query-input":{"@type":"PropertyValueSpecification","valueRequired":true,"valueName":"search_term_string"}}],"inLanguage":"ro-RO"},{"@type":"Organization","@id":"https:\/\/www.nedzink.com\/ro\/#organization","name":"NedZink","url":"https:\/\/www.nedzink.com\/ro\/","logo":{"@type":"ImageObject","inLanguage":"ro-RO","@id":"https:\/\/www.nedzink.com\/ro\/#\/schema\/logo\/image\/","url":"https:\/\/www.nedzink.com\/wp-content\/uploads\/2019\/08\/logo-nedzink_fc_zk.jpg","contentUrl":"https:\/\/www.nedzink.com\/wp-content\/uploads\/2019\/08\/logo-nedzink_fc_zk.jpg","width":2160,"height":688,"caption":"NedZink"},"image":{"@id":"https:\/\/www.nedzink.com\/ro\/#\/schema\/logo\/image\/"}}]}},"_links":{"self":[{"href":"https:\/\/www.nedzink.com\/ro\/wp-json\/wp\/v2\/pages\/12335","targetHints":{"allow":["GET"]}}],"collection":[{"href":"https:\/\/www.nedzink.com\/ro\/wp-json\/wp\/v2\/pages"}],"about":[{"href":"https:\/\/www.nedzink.com\/ro\/wp-json\/wp\/v2\/types\/page"}],"author":[{"embeddable":true,"href":"https:\/\/www.nedzink.com\/ro\/wp-json\/wp\/v2\/users\/9"}],"replies":[{"embeddable":true,"href":"https:\/\/www.nedzink.com\/ro\/wp-json\/wp\/v2\/comments?post=12335"}],"version-history":[{"count":0,"href":"https:\/\/www.nedzink.com\/ro\/wp-json\/wp\/v2\/pages\/12335\/revisions"}],"up":[{"embeddable":true,"href":"https:\/\/www.nedzink.com\/ro\/wp-json\/wp\/v2\/pages\/12305"}],"wp:attachment":[{"href":"https:\/\/www.nedzink.com\/ro\/wp-json\/wp\/v2\/media?parent=12335"}],"curies":[{"name":"wp","href":"https:\/\/api.w.org\/{rel}","templated":true}]}}