{"id":12328,"date":"2019-04-09T14:30:43","date_gmt":"2019-04-09T12:30:43","guid":{"rendered":"http:\/\/136.144.181.85\/~nedzink\/mediul\/zincul-si-sanatatea-ta\/"},"modified":"2019-09-30T14:42:41","modified_gmt":"2019-09-30T12:42:41","slug":"zincul-si-sanatatea-ta","status":"publish","type":"page","link":"https:\/\/www.nedzink.com\/ro\/mediul\/zincul-si-sanatatea-ta\/","title":{"rendered":"Zincul \u015fi s\u0103n\u0103tatea ta"},"content":{"rendered":"<p>Zincul joac\u0103 un rol esen\u0163ial \u00een procesul biologic al omului, faunei \u015fi florei. Zincul este unul din mineralele vitale ale performan\u0163elor organismului \u015fi pentru diverse func\u0163ii biologice ale acestuia. Corpul t\u0103u are nevoie de zinc pentru a crea mu\u015fchi, oase \u015fi p\u0103r.\u00a0 O deficien\u0163\u0103 de zinc poate duce la \u00eent\u00e2rzierea cre\u015fterii. Sistemul imunitar are de asemenea nevoie de zinc pentru a func\u0163iona corect.<\/p>\n<p><img decoding=\"async\" style=\"width: 182px; float: right; height: 100px;\" src=\"https:\/\/www.nedzink.com\/wp-content\/uploads\/import\/cms\/userfiles\/images\/divers\/ZSK-Banner-Dutch-no-logo-unicef.jpg\" alt=\"\" \/>Asocia\u0163ia Interna\u0163ional\u0103 de Zinc, prin programul \u2018Zincul salveaz\u0103 copiii&#8217;\u00a0 sus\u0163ine copiii subnutri\u0163i din \u0163\u0103rile \u00een curs de dezvoltare. Ace\u015fti copiii sufer\u0103 de probleme de s\u0103n\u0103tate legate direct de deficien\u0163a de zinc. Suplimentele care con\u0163in zinc au efect curativ rapid, u\u015for \u015fi eficient.<\/p>\n<p><span style=\"display: none;\">\u00a0<\/span><\/p>\n","protected":false},"excerpt":{"rendered":"<p>Zincul joac\u0103 un rol esen\u0163ial \u00een procesul biologic al omului, faunei \u015fi florei. Zincul este unul din mineralele vitale ale performan\u0163elor organismului \u015fi pentru diverse func\u0163ii biologice ale acestuia. Corpul t\u0103u are nevoie de zinc pentru a crea mu\u015fchi, oase \u015fi p\u0103r.\u00a0 O deficien\u0163\u0103 de zinc poate duce la \u00eent\u00e2rzierea cre\u015fterii. Sistemul imunitar are de [&hellip;]<\/p>\n","protected":false},"author":9,"featured_media":0,"parent":12305,"menu_order":990,"comment_status":"closed","ping_status":"closed","template":"template-import.php","meta":{"_acf_changed":false,"footnotes":""},"class_list":["post-12328","page","type-page","status-publish","hentry"],"acf":[],"yoast_head":"<!-- This site is optimized with the Yoast SEO plugin v26.8 - https:\/\/yoast.com\/product\/yoast-seo-wordpress\/ -->\n<title>Zincul \u015fi s\u0103n\u0103tatea ta \u2013 NedZink<\/title>\n<meta name=\"robots\" content=\"index, follow, max-snippet:-1, max-image-preview:large, max-video-preview:-1\" \/>\n<link rel=\"canonical\" href=\"https:\/\/www.nedzink.com\/ro\/mediul\/zincul-si-sanatatea-ta\/\" \/>\n<meta property=\"og:locale\" content=\"ro_RO\" \/>\n<meta property=\"og:type\" content=\"article\" \/>\n<meta property=\"og:title\" content=\"Zincul \u015fi s\u0103n\u0103tatea ta \u2013 NedZink\" \/>\n<meta property=\"og:description\" content=\"Zincul joac\u0103 un rol esen\u0163ial \u00een procesul biologic al omului, faunei \u015fi florei. Zincul este unul din mineralele vitale ale performan\u0163elor organismului \u015fi pentru diverse func\u0163ii biologice ale acestuia. Corpul t\u0103u are nevoie de zinc pentru a crea mu\u015fchi, oase \u015fi p\u0103r.\u00a0 O deficien\u0163\u0103 de zinc poate duce la \u00eent\u00e2rzierea cre\u015fterii. Sistemul imunitar are de [&hellip;]\" \/>\n<meta property=\"og:url\" content=\"https:\/\/www.nedzink.com\/ro\/mediul\/zincul-si-sanatatea-ta\/\" \/>\n<meta property=\"og:site_name\" content=\"NedZink\" \/>\n<meta property=\"article:modified_time\" content=\"2019-09-30T12:42:41+00:00\" \/>\n<meta property=\"og:image\" content=\"https:\/\/www.nedzink.com\/wp-content\/uploads\/import\/cms\/userfiles\/images\/divers\/ZSK-Banner-Dutch-no-logo-unicef.jpg\" \/>\n<meta name=\"twitter:card\" content=\"summary_large_image\" \/>\n<meta name=\"twitter:label1\" content=\"Timp estimat pentru citire\" \/>\n\t<meta name=\"twitter:data1\" content=\"1 minut\" \/>\n<script type=\"application\/ld+json\" class=\"yoast-schema-graph\">{\"@context\":\"https:\/\/schema.org\",\"@graph\":[{\"@type\":\"WebPage\",\"@id\":\"https:\/\/www.nedzink.com\/ro\/mediul\/zincul-si-sanatatea-ta\/\",\"url\":\"https:\/\/www.nedzink.com\/ro\/mediul\/zincul-si-sanatatea-ta\/\",\"name\":\"Zincul \u015fi s\u0103n\u0103tatea ta \u2013 NedZink\",\"isPartOf\":{\"@id\":\"https:\/\/www.nedzink.com\/ro\/#website\"},\"primaryImageOfPage\":{\"@id\":\"https:\/\/www.nedzink.com\/ro\/mediul\/zincul-si-sanatatea-ta\/#primaryimage\"},\"image\":{\"@id\":\"https:\/\/www.nedzink.com\/ro\/mediul\/zincul-si-sanatatea-ta\/#primaryimage\"},\"thumbnailUrl\":\"https:\/\/www.nedzink.com\/wp-content\/uploads\/import\/cms\/userfiles\/images\/divers\/ZSK-Banner-Dutch-no-logo-unicef.jpg\",\"datePublished\":\"2019-04-09T12:30:43+00:00\",\"dateModified\":\"2019-09-30T12:42:41+00:00\",\"breadcrumb\":{\"@id\":\"https:\/\/www.nedzink.com\/ro\/mediul\/zincul-si-sanatatea-ta\/#breadcrumb\"},\"inLanguage\":\"ro-RO\",\"potentialAction\":[{\"@type\":\"ReadAction\",\"target\":[\"https:\/\/www.nedzink.com\/ro\/mediul\/zincul-si-sanatatea-ta\/\"]}]},{\"@type\":\"ImageObject\",\"inLanguage\":\"ro-RO\",\"@id\":\"https:\/\/www.nedzink.com\/ro\/mediul\/zincul-si-sanatatea-ta\/#primaryimage\",\"url\":\"https:\/\/www.nedzink.com\/wp-content\/uploads\/import\/cms\/userfiles\/images\/divers\/ZSK-Banner-Dutch-no-logo-unicef.jpg\",\"contentUrl\":\"https:\/\/www.nedzink.com\/wp-content\/uploads\/import\/cms\/userfiles\/images\/divers\/ZSK-Banner-Dutch-no-logo-unicef.jpg\"},{\"@type\":\"BreadcrumbList\",\"@id\":\"https:\/\/www.nedzink.com\/ro\/mediul\/zincul-si-sanatatea-ta\/#breadcrumb\",\"itemListElement\":[{\"@type\":\"ListItem\",\"position\":1,\"name\":\"Home\",\"item\":\"https:\/\/www.nedzink.com\/ro\/\"},{\"@type\":\"ListItem\",\"position\":2,\"name\":\"Mediul\",\"item\":\"https:\/\/www.nedzink.com\/ro\/mediul\/\"},{\"@type\":\"ListItem\",\"position\":3,\"name\":\"Zincul \u015fi s\u0103n\u0103tatea ta\"}]},{\"@type\":\"WebSite\",\"@id\":\"https:\/\/www.nedzink.com\/ro\/#website\",\"url\":\"https:\/\/www.nedzink.com\/ro\/\",\"name\":\"NedZink\",\"description\":\"Zink fabrikant\",\"publisher\":{\"@id\":\"https:\/\/www.nedzink.com\/ro\/#organization\"},\"potentialAction\":[{\"@type\":\"SearchAction\",\"target\":{\"@type\":\"EntryPoint\",\"urlTemplate\":\"https:\/\/www.nedzink.com\/ro\/?s={search_term_string}\"},\"query-input\":{\"@type\":\"PropertyValueSpecification\",\"valueRequired\":true,\"valueName\":\"search_term_string\"}}],\"inLanguage\":\"ro-RO\"},{\"@type\":\"Organization\",\"@id\":\"https:\/\/www.nedzink.com\/ro\/#organization\",\"name\":\"NedZink\",\"url\":\"https:\/\/www.nedzink.com\/ro\/\",\"logo\":{\"@type\":\"ImageObject\",\"inLanguage\":\"ro-RO\",\"@id\":\"https:\/\/www.nedzink.com\/ro\/#\/schema\/logo\/image\/\",\"url\":\"https:\/\/www.nedzink.com\/wp-content\/uploads\/2019\/08\/logo-nedzink_fc_zk.jpg\",\"contentUrl\":\"https:\/\/www.nedzink.com\/wp-content\/uploads\/2019\/08\/logo-nedzink_fc_zk.jpg\",\"width\":2160,\"height\":688,\"caption\":\"NedZink\"},\"image\":{\"@id\":\"https:\/\/www.nedzink.com\/ro\/#\/schema\/logo\/image\/\"}}]}<\/script>\n<!-- \/ Yoast SEO plugin. -->","yoast_head_json":{"title":"Zincul \u015fi s\u0103n\u0103tatea ta \u2013 NedZink","robots":{"index":"index","follow":"follow","max-snippet":"max-snippet:-1","max-image-preview":"max-image-preview:large","max-video-preview":"max-video-preview:-1"},"canonical":"https:\/\/www.nedzink.com\/ro\/mediul\/zincul-si-sanatatea-ta\/","og_locale":"ro_RO","og_type":"article","og_title":"Zincul \u015fi s\u0103n\u0103tatea ta \u2013 NedZink","og_description":"Zincul joac\u0103 un rol esen\u0163ial \u00een procesul biologic al omului, faunei \u015fi florei. Zincul este unul din mineralele vitale ale performan\u0163elor organismului \u015fi pentru diverse func\u0163ii biologice ale acestuia. Corpul t\u0103u are nevoie de zinc pentru a crea mu\u015fchi, oase \u015fi p\u0103r.\u00a0 O deficien\u0163\u0103 de zinc poate duce la \u00eent\u00e2rzierea cre\u015fterii. Sistemul imunitar are de [&hellip;]","og_url":"https:\/\/www.nedzink.com\/ro\/mediul\/zincul-si-sanatatea-ta\/","og_site_name":"NedZink","article_modified_time":"2019-09-30T12:42:41+00:00","og_image":[{"url":"https:\/\/www.nedzink.com\/wp-content\/uploads\/import\/cms\/userfiles\/images\/divers\/ZSK-Banner-Dutch-no-logo-unicef.jpg","type":"","width":"","height":""}],"twitter_card":"summary_large_image","twitter_misc":{"Timp estimat pentru citire":"1 minut"},"schema":{"@context":"https:\/\/schema.org","@graph":[{"@type":"WebPage","@id":"https:\/\/www.nedzink.com\/ro\/mediul\/zincul-si-sanatatea-ta\/","url":"https:\/\/www.nedzink.com\/ro\/mediul\/zincul-si-sanatatea-ta\/","name":"Zincul \u015fi s\u0103n\u0103tatea ta \u2013 NedZink","isPartOf":{"@id":"https:\/\/www.nedzink.com\/ro\/#website"},"primaryImageOfPage":{"@id":"https:\/\/www.nedzink.com\/ro\/mediul\/zincul-si-sanatatea-ta\/#primaryimage"},"image":{"@id":"https:\/\/www.nedzink.com\/ro\/mediul\/zincul-si-sanatatea-ta\/#primaryimage"},"thumbnailUrl":"https:\/\/www.nedzink.com\/wp-content\/uploads\/import\/cms\/userfiles\/images\/divers\/ZSK-Banner-Dutch-no-logo-unicef.jpg","datePublished":"2019-04-09T12:30:43+00:00","dateModified":"2019-09-30T12:42:41+00:00","breadcrumb":{"@id":"https:\/\/www.nedzink.com\/ro\/mediul\/zincul-si-sanatatea-ta\/#breadcrumb"},"inLanguage":"ro-RO","potentialAction":[{"@type":"ReadAction","target":["https:\/\/www.nedzink.com\/ro\/mediul\/zincul-si-sanatatea-ta\/"]}]},{"@type":"ImageObject","inLanguage":"ro-RO","@id":"https:\/\/www.nedzink.com\/ro\/mediul\/zincul-si-sanatatea-ta\/#primaryimage","url":"https:\/\/www.nedzink.com\/wp-content\/uploads\/import\/cms\/userfiles\/images\/divers\/ZSK-Banner-Dutch-no-logo-unicef.jpg","contentUrl":"https:\/\/www.nedzink.com\/wp-content\/uploads\/import\/cms\/userfiles\/images\/divers\/ZSK-Banner-Dutch-no-logo-unicef.jpg"},{"@type":"BreadcrumbList","@id":"https:\/\/www.nedzink.com\/ro\/mediul\/zincul-si-sanatatea-ta\/#breadcrumb","itemListElement":[{"@type":"ListItem","position":1,"name":"Home","item":"https:\/\/www.nedzink.com\/ro\/"},{"@type":"ListItem","position":2,"name":"Mediul","item":"https:\/\/www.nedzink.com\/ro\/mediul\/"},{"@type":"ListItem","position":3,"name":"Zincul \u015fi s\u0103n\u0103tatea ta"}]},{"@type":"WebSite","@id":"https:\/\/www.nedzink.com\/ro\/#website","url":"https:\/\/www.nedzink.com\/ro\/","name":"NedZink","description":"Zink fabrikant","publisher":{"@id":"https:\/\/www.nedzink.com\/ro\/#organization"},"potentialAction":[{"@type":"SearchAction","target":{"@type":"EntryPoint","urlTemplate":"https:\/\/www.nedzink.com\/ro\/?s={search_term_string}"},"query-input":{"@type":"PropertyValueSpecification","valueRequired":true,"valueName":"search_term_string"}}],"inLanguage":"ro-RO"},{"@type":"Organization","@id":"https:\/\/www.nedzink.com\/ro\/#organization","name":"NedZink","url":"https:\/\/www.nedzink.com\/ro\/","logo":{"@type":"ImageObject","inLanguage":"ro-RO","@id":"https:\/\/www.nedzink.com\/ro\/#\/schema\/logo\/image\/","url":"https:\/\/www.nedzink.com\/wp-content\/uploads\/2019\/08\/logo-nedzink_fc_zk.jpg","contentUrl":"https:\/\/www.nedzink.com\/wp-content\/uploads\/2019\/08\/logo-nedzink_fc_zk.jpg","width":2160,"height":688,"caption":"NedZink"},"image":{"@id":"https:\/\/www.nedzink.com\/ro\/#\/schema\/logo\/image\/"}}]}},"_links":{"self":[{"href":"https:\/\/www.nedzink.com\/ro\/wp-json\/wp\/v2\/pages\/12328","targetHints":{"allow":["GET"]}}],"collection":[{"href":"https:\/\/www.nedzink.com\/ro\/wp-json\/wp\/v2\/pages"}],"about":[{"href":"https:\/\/www.nedzink.com\/ro\/wp-json\/wp\/v2\/types\/page"}],"author":[{"embeddable":true,"href":"https:\/\/www.nedzink.com\/ro\/wp-json\/wp\/v2\/users\/9"}],"replies":[{"embeddable":true,"href":"https:\/\/www.nedzink.com\/ro\/wp-json\/wp\/v2\/comments?post=12328"}],"version-history":[{"count":0,"href":"https:\/\/www.nedzink.com\/ro\/wp-json\/wp\/v2\/pages\/12328\/revisions"}],"up":[{"embeddable":true,"href":"https:\/\/www.nedzink.com\/ro\/wp-json\/wp\/v2\/pages\/12305"}],"wp:attachment":[{"href":"https:\/\/www.nedzink.com\/ro\/wp-json\/wp\/v2\/media?parent=12328"}],"curies":[{"name":"wp","href":"https:\/\/api.w.org\/{rel}","templated":true}]}}