{"id":12321,"date":"2019-04-09T14:30:43","date_gmt":"2019-04-09T12:30:43","guid":{"rendered":"http:\/\/136.144.181.85\/~nedzink\/mediul\/durabilitate\/"},"modified":"2019-09-30T14:46:05","modified_gmt":"2019-09-30T12:46:05","slug":"durabilitate","status":"publish","type":"page","link":"https:\/\/www.nedzink.com\/ro\/mediul\/durabilitate\/","title":{"rendered":"Durabilitate"},"content":{"rendered":"<p><img decoding=\"async\" style=\"width: 133px; float: right; height: 100px; margin-left: 42px; margin-right: 42px;\" src=\"https:\/\/www.nedzink.com\/wp-content\/uploads\/import\/cms\/userfiles\/images\/divers\/1383224_green_leaves[1].jpg\" alt=\"\" \/><\/p>\n<p style=\"text-align: justify;\">Zincul este \u00een perfect\u0103 armonie cu o societate sustenabil\u0103. Este un element puternic care poate fi g\u0103sit \u00een piatr\u0103, pam\u00e2nt, aer \u015fi ap\u0103. Adi\u0163ional, zincul joac\u0103 un rol esen\u0163ial \u00een procesul biologic pentru oameni, faun\u0103 \u015fi flor\u0103.<\/p>\n<p style=\"text-align: justify;\">Zincul este un material de construc\u0163ii de \u00eencredere \u015fi o surs\u0103 regenerabil\u0103 pentru viitor.<\/p>\n<p>Avantajele zincului sunt:<\/p>\n<ul>\n<li>100% reciclabil<\/li>\n<li>Nu necesit\u0103 mentenan\u0163\u0103<\/li>\n<li>Drenaj u\u015for a apei pluviale<\/li>\n<\/ul>\n<p style=\"text-align: justify;\">Pe scurt, prin propriet\u0103\u0163ile sale cheie, zincul este o substan\u0163\u0103 esen\u0163ial\u0103 pentru o societate sustenabil\u0103. Industria de zinc este con\u015ftient\u0103 de acest lucru, iar acesta este motivul pentru care continu\u0103 s\u0103 emit\u0103 informa\u021bii \u0219tiin\u021bifice corecte asupra durabilit\u0103\u021bii zincului \u0219i a produselor de zinc.<span style=\"display: none;\">\u00a0<\/span><\/p>\n","protected":false},"excerpt":{"rendered":"<p>Zincul este \u00een perfect\u0103 armonie cu o societate sustenabil\u0103. Este un element puternic care poate fi g\u0103sit \u00een piatr\u0103, pam\u00e2nt, aer \u015fi ap\u0103. Adi\u0163ional, zincul joac\u0103 un rol esen\u0163ial \u00een procesul biologic pentru oameni, faun\u0103 \u015fi flor\u0103. Zincul este un material de construc\u0163ii de \u00eencredere \u015fi o surs\u0103 regenerabil\u0103 pentru viitor. Avantajele zincului sunt: 100% [&hellip;]<\/p>\n","protected":false},"author":9,"featured_media":0,"parent":12305,"menu_order":990,"comment_status":"closed","ping_status":"closed","template":"template-import.php","meta":{"_acf_changed":false,"footnotes":""},"class_list":["post-12321","page","type-page","status-publish","hentry"],"acf":[],"yoast_head":"<!-- This site is optimized with the Yoast SEO plugin v26.8 - https:\/\/yoast.com\/product\/yoast-seo-wordpress\/ -->\n<title>Durabilitate \u2013 NedZink<\/title>\n<meta name=\"description\" content=\"Zink is een betrouwbaar bouwmateriaal met een zeer lange levensduur dat na zijn levensduur opnieuw gebruikt kan worden. Ontdek de voordelen van zink!\" \/>\n<meta name=\"robots\" content=\"index, follow, max-snippet:-1, max-image-preview:large, max-video-preview:-1\" \/>\n<link rel=\"canonical\" href=\"https:\/\/www.nedzink.com\/ro\/mediul\/durabilitate\/\" \/>\n<meta property=\"og:locale\" content=\"ro_RO\" \/>\n<meta property=\"og:type\" content=\"article\" \/>\n<meta property=\"og:title\" content=\"Durabilitate \u2013 NedZink\" \/>\n<meta property=\"og:description\" content=\"Zink is een betrouwbaar bouwmateriaal met een zeer lange levensduur dat na zijn levensduur opnieuw gebruikt kan worden. Ontdek de voordelen van zink!\" \/>\n<meta property=\"og:url\" content=\"https:\/\/www.nedzink.com\/ro\/mediul\/durabilitate\/\" \/>\n<meta property=\"og:site_name\" content=\"NedZink\" \/>\n<meta property=\"article:modified_time\" content=\"2019-09-30T12:46:05+00:00\" \/>\n<meta property=\"og:image\" content=\"https:\/\/www.nedzink.com\/wp-content\/uploads\/import\/cms\/userfiles\/images\/divers\/1383224_green_leaves%5B1%5D.jpg\" \/>\n<meta name=\"twitter:card\" content=\"summary_large_image\" \/>\n<meta name=\"twitter:label1\" content=\"Timp estimat pentru citire\" \/>\n\t<meta name=\"twitter:data1\" content=\"1 minut\" \/>\n<script type=\"application\/ld+json\" class=\"yoast-schema-graph\">{\"@context\":\"https:\/\/schema.org\",\"@graph\":[{\"@type\":\"WebPage\",\"@id\":\"https:\/\/www.nedzink.com\/ro\/mediul\/durabilitate\/\",\"url\":\"https:\/\/www.nedzink.com\/ro\/mediul\/durabilitate\/\",\"name\":\"Durabilitate \u2013 NedZink\",\"isPartOf\":{\"@id\":\"https:\/\/www.nedzink.com\/ro\/#website\"},\"primaryImageOfPage\":{\"@id\":\"https:\/\/www.nedzink.com\/ro\/mediul\/durabilitate\/#primaryimage\"},\"image\":{\"@id\":\"https:\/\/www.nedzink.com\/ro\/mediul\/durabilitate\/#primaryimage\"},\"thumbnailUrl\":\"https:\/\/www.nedzink.com\/wp-content\/uploads\/import\/cms\/userfiles\/images\/divers\/1383224_green_leaves[1].jpg\",\"datePublished\":\"2019-04-09T12:30:43+00:00\",\"dateModified\":\"2019-09-30T12:46:05+00:00\",\"description\":\"Zink is een betrouwbaar bouwmateriaal met een zeer lange levensduur dat na zijn levensduur opnieuw gebruikt kan worden. Ontdek de voordelen van zink!\",\"breadcrumb\":{\"@id\":\"https:\/\/www.nedzink.com\/ro\/mediul\/durabilitate\/#breadcrumb\"},\"inLanguage\":\"ro-RO\",\"potentialAction\":[{\"@type\":\"ReadAction\",\"target\":[\"https:\/\/www.nedzink.com\/ro\/mediul\/durabilitate\/\"]}]},{\"@type\":\"ImageObject\",\"inLanguage\":\"ro-RO\",\"@id\":\"https:\/\/www.nedzink.com\/ro\/mediul\/durabilitate\/#primaryimage\",\"url\":\"https:\/\/www.nedzink.com\/wp-content\/uploads\/import\/cms\/userfiles\/images\/divers\/1383224_green_leaves[1].jpg\",\"contentUrl\":\"https:\/\/www.nedzink.com\/wp-content\/uploads\/import\/cms\/userfiles\/images\/divers\/1383224_green_leaves[1].jpg\"},{\"@type\":\"BreadcrumbList\",\"@id\":\"https:\/\/www.nedzink.com\/ro\/mediul\/durabilitate\/#breadcrumb\",\"itemListElement\":[{\"@type\":\"ListItem\",\"position\":1,\"name\":\"Home\",\"item\":\"https:\/\/www.nedzink.com\/ro\/\"},{\"@type\":\"ListItem\",\"position\":2,\"name\":\"Mediul\",\"item\":\"https:\/\/www.nedzink.com\/ro\/mediul\/\"},{\"@type\":\"ListItem\",\"position\":3,\"name\":\"Durabilitate\"}]},{\"@type\":\"WebSite\",\"@id\":\"https:\/\/www.nedzink.com\/ro\/#website\",\"url\":\"https:\/\/www.nedzink.com\/ro\/\",\"name\":\"NedZink\",\"description\":\"Zink fabrikant\",\"publisher\":{\"@id\":\"https:\/\/www.nedzink.com\/ro\/#organization\"},\"potentialAction\":[{\"@type\":\"SearchAction\",\"target\":{\"@type\":\"EntryPoint\",\"urlTemplate\":\"https:\/\/www.nedzink.com\/ro\/?s={search_term_string}\"},\"query-input\":{\"@type\":\"PropertyValueSpecification\",\"valueRequired\":true,\"valueName\":\"search_term_string\"}}],\"inLanguage\":\"ro-RO\"},{\"@type\":\"Organization\",\"@id\":\"https:\/\/www.nedzink.com\/ro\/#organization\",\"name\":\"NedZink\",\"url\":\"https:\/\/www.nedzink.com\/ro\/\",\"logo\":{\"@type\":\"ImageObject\",\"inLanguage\":\"ro-RO\",\"@id\":\"https:\/\/www.nedzink.com\/ro\/#\/schema\/logo\/image\/\",\"url\":\"https:\/\/www.nedzink.com\/wp-content\/uploads\/2019\/08\/logo-nedzink_fc_zk.jpg\",\"contentUrl\":\"https:\/\/www.nedzink.com\/wp-content\/uploads\/2019\/08\/logo-nedzink_fc_zk.jpg\",\"width\":2160,\"height\":688,\"caption\":\"NedZink\"},\"image\":{\"@id\":\"https:\/\/www.nedzink.com\/ro\/#\/schema\/logo\/image\/\"}}]}<\/script>\n<!-- \/ Yoast SEO plugin. -->","yoast_head_json":{"title":"Durabilitate \u2013 NedZink","description":"Zink is een betrouwbaar bouwmateriaal met een zeer lange levensduur dat na zijn levensduur opnieuw gebruikt kan worden. Ontdek de voordelen van zink!","robots":{"index":"index","follow":"follow","max-snippet":"max-snippet:-1","max-image-preview":"max-image-preview:large","max-video-preview":"max-video-preview:-1"},"canonical":"https:\/\/www.nedzink.com\/ro\/mediul\/durabilitate\/","og_locale":"ro_RO","og_type":"article","og_title":"Durabilitate \u2013 NedZink","og_description":"Zink is een betrouwbaar bouwmateriaal met een zeer lange levensduur dat na zijn levensduur opnieuw gebruikt kan worden. Ontdek de voordelen van zink!","og_url":"https:\/\/www.nedzink.com\/ro\/mediul\/durabilitate\/","og_site_name":"NedZink","article_modified_time":"2019-09-30T12:46:05+00:00","og_image":[{"url":"https:\/\/www.nedzink.com\/wp-content\/uploads\/import\/cms\/userfiles\/images\/divers\/1383224_green_leaves[1].jpg","type":"","width":"","height":""}],"twitter_card":"summary_large_image","twitter_misc":{"Timp estimat pentru citire":"1 minut"},"schema":{"@context":"https:\/\/schema.org","@graph":[{"@type":"WebPage","@id":"https:\/\/www.nedzink.com\/ro\/mediul\/durabilitate\/","url":"https:\/\/www.nedzink.com\/ro\/mediul\/durabilitate\/","name":"Durabilitate \u2013 NedZink","isPartOf":{"@id":"https:\/\/www.nedzink.com\/ro\/#website"},"primaryImageOfPage":{"@id":"https:\/\/www.nedzink.com\/ro\/mediul\/durabilitate\/#primaryimage"},"image":{"@id":"https:\/\/www.nedzink.com\/ro\/mediul\/durabilitate\/#primaryimage"},"thumbnailUrl":"https:\/\/www.nedzink.com\/wp-content\/uploads\/import\/cms\/userfiles\/images\/divers\/1383224_green_leaves[1].jpg","datePublished":"2019-04-09T12:30:43+00:00","dateModified":"2019-09-30T12:46:05+00:00","description":"Zink is een betrouwbaar bouwmateriaal met een zeer lange levensduur dat na zijn levensduur opnieuw gebruikt kan worden. Ontdek de voordelen van zink!","breadcrumb":{"@id":"https:\/\/www.nedzink.com\/ro\/mediul\/durabilitate\/#breadcrumb"},"inLanguage":"ro-RO","potentialAction":[{"@type":"ReadAction","target":["https:\/\/www.nedzink.com\/ro\/mediul\/durabilitate\/"]}]},{"@type":"ImageObject","inLanguage":"ro-RO","@id":"https:\/\/www.nedzink.com\/ro\/mediul\/durabilitate\/#primaryimage","url":"https:\/\/www.nedzink.com\/wp-content\/uploads\/import\/cms\/userfiles\/images\/divers\/1383224_green_leaves[1].jpg","contentUrl":"https:\/\/www.nedzink.com\/wp-content\/uploads\/import\/cms\/userfiles\/images\/divers\/1383224_green_leaves[1].jpg"},{"@type":"BreadcrumbList","@id":"https:\/\/www.nedzink.com\/ro\/mediul\/durabilitate\/#breadcrumb","itemListElement":[{"@type":"ListItem","position":1,"name":"Home","item":"https:\/\/www.nedzink.com\/ro\/"},{"@type":"ListItem","position":2,"name":"Mediul","item":"https:\/\/www.nedzink.com\/ro\/mediul\/"},{"@type":"ListItem","position":3,"name":"Durabilitate"}]},{"@type":"WebSite","@id":"https:\/\/www.nedzink.com\/ro\/#website","url":"https:\/\/www.nedzink.com\/ro\/","name":"NedZink","description":"Zink fabrikant","publisher":{"@id":"https:\/\/www.nedzink.com\/ro\/#organization"},"potentialAction":[{"@type":"SearchAction","target":{"@type":"EntryPoint","urlTemplate":"https:\/\/www.nedzink.com\/ro\/?s={search_term_string}"},"query-input":{"@type":"PropertyValueSpecification","valueRequired":true,"valueName":"search_term_string"}}],"inLanguage":"ro-RO"},{"@type":"Organization","@id":"https:\/\/www.nedzink.com\/ro\/#organization","name":"NedZink","url":"https:\/\/www.nedzink.com\/ro\/","logo":{"@type":"ImageObject","inLanguage":"ro-RO","@id":"https:\/\/www.nedzink.com\/ro\/#\/schema\/logo\/image\/","url":"https:\/\/www.nedzink.com\/wp-content\/uploads\/2019\/08\/logo-nedzink_fc_zk.jpg","contentUrl":"https:\/\/www.nedzink.com\/wp-content\/uploads\/2019\/08\/logo-nedzink_fc_zk.jpg","width":2160,"height":688,"caption":"NedZink"},"image":{"@id":"https:\/\/www.nedzink.com\/ro\/#\/schema\/logo\/image\/"}}]}},"_links":{"self":[{"href":"https:\/\/www.nedzink.com\/ro\/wp-json\/wp\/v2\/pages\/12321","targetHints":{"allow":["GET"]}}],"collection":[{"href":"https:\/\/www.nedzink.com\/ro\/wp-json\/wp\/v2\/pages"}],"about":[{"href":"https:\/\/www.nedzink.com\/ro\/wp-json\/wp\/v2\/types\/page"}],"author":[{"embeddable":true,"href":"https:\/\/www.nedzink.com\/ro\/wp-json\/wp\/v2\/users\/9"}],"replies":[{"embeddable":true,"href":"https:\/\/www.nedzink.com\/ro\/wp-json\/wp\/v2\/comments?post=12321"}],"version-history":[{"count":0,"href":"https:\/\/www.nedzink.com\/ro\/wp-json\/wp\/v2\/pages\/12321\/revisions"}],"up":[{"embeddable":true,"href":"https:\/\/www.nedzink.com\/ro\/wp-json\/wp\/v2\/pages\/12305"}],"wp:attachment":[{"href":"https:\/\/www.nedzink.com\/ro\/wp-json\/wp\/v2\/media?parent=12321"}],"curies":[{"name":"wp","href":"https:\/\/api.w.org\/{rel}","templated":true}]}}