{"id":12314,"date":"2019-04-09T14:30:42","date_gmt":"2019-04-09T12:30:42","guid":{"rendered":"http:\/\/136.144.181.85\/~nedzink\/mediul\/declaratia-de-mediu\/"},"modified":"2021-06-16T15:04:16","modified_gmt":"2021-06-16T13:04:16","slug":"declaratia-de-mediu","status":"publish","type":"page","link":"https:\/\/www.nedzink.com\/ro\/mediul\/declaratia-de-mediu\/","title":{"rendered":"Declara\u0163ia de mediu"},"content":{"rendered":"<h3>Alegere u\u015foar\u0103 a produsului compar\u00e2nd declara\u0163iile de mediu<\/h3>\n<p style=\"text-align: justify;\">Institutul independent German Bauen und Umwelt (IBU) a acordat c\u0103tre NedZink o declara\u0163ie de mediu (EPD) pentru produsele NedZink NATURAL, NedZink NOVA, NedZink NEO \u015fi NedZink NOIR. Aceste declara\u0163ii (EPD), care au primit \u015fi eticheta platformei ECO, asigur\u0103 informa\u0163ii despre baza de date al impactului asupra mediului \u00eenconjur\u0103tor pentru produs, asupra anlizei ciclului de via\u0163\u0103 sau asupra amprentei ecologice. Compar\u00e2nd diferite declara\u0163ii de mediu (EPD) pentru produs, clientul poate alege un produs cu u\u015furin\u0163\u0103 (con\u015ftient de mediul \u00eenconjur\u0103tor). Dup\u0103 acest certificat, NedZink a f\u0103cut un nou pas \u00eenainte \u00een ceea ce prive\u015fte durabilitatea \u015fi calitatea.<\/p>\n<p><span style=\"font-size: 10pt; font-family: 'Arial',sans-serif; mso-fareast-font-family: Cambria; mso-ansi-language: NL; mso-fareast-language: EN-US; mso-bidi-language: AR-SA;\">\u00a0 \u00a0 \u00a0 <a href=\"https:\/\/www.nedzink.com\/wp-content\/uploads\/2021\/06\/nedzink-epd-2021-samen-min.jpg\"><img loading=\"lazy\" decoding=\"async\" class=\"alignleft size-medium wp-image-64126\" src=\"https:\/\/www.nedzink.com\/wp-content\/uploads\/2021\/06\/nedzink-epd-2021-samen-min-300x228.jpg\" alt=\"\" width=\"300\" height=\"228\" srcset=\"https:\/\/www.nedzink.com\/wp-content\/uploads\/2021\/06\/nedzink-epd-2021-samen-min-300x228.jpg 300w, https:\/\/www.nedzink.com\/wp-content\/uploads\/2021\/06\/nedzink-epd-2021-samen-min-1024x778.jpg 1024w, https:\/\/www.nedzink.com\/wp-content\/uploads\/2021\/06\/nedzink-epd-2021-samen-min-1536x1167.jpg 1536w, https:\/\/www.nedzink.com\/wp-content\/uploads\/2021\/06\/nedzink-epd-2021-samen-min-2048x1556.jpg 2048w, https:\/\/www.nedzink.com\/wp-content\/uploads\/2021\/06\/nedzink-epd-2021-samen-min-114x87.jpg 114w, https:\/\/www.nedzink.com\/wp-content\/uploads\/2021\/06\/nedzink-epd-2021-samen-min-47x36.jpg 47w, https:\/\/www.nedzink.com\/wp-content\/uploads\/2021\/06\/nedzink-epd-2021-samen-min-212x161.jpg 212w\" sizes=\"auto, (max-width: 300px) 100vw, 300px\" \/><\/a>\u00a0 \u00a0\u00a0<a href=\"http:\/\/construction-environment.com\/hp426\/Metals-for-buildings.htm\"><img decoding=\"async\" style=\"height: 143px; width: 300px;\" src=\"https:\/\/www.nedzink.com\/wp-content\/uploads\/import\/cms\/userfiles\/images\/news\/2014\/EPD_BV_RGB.jpg\" alt=\"\" \/><\/a><\/span><\/p>\n<p>&nbsp;<\/p>\n<p>&nbsp;<\/p>\n<p>&nbsp;<\/p>\n<p>&nbsp;<\/p>\n<p><strong>Analiza ciclului de via\u0163\u0103<\/strong><\/p>\n<p style=\"text-align: justify;\">Declara\u0163iile de mediu pentru produs (EPD) sunt esen\u0163iale pentru evaluarea sustenabil\u0103 a cl\u0103dirilor conform proiectului European pentru \u201dSustenabilitate a cl\u0103dirilor\u201d. Institutul independent IBU, \u00een m\u0103sura compar\u0103rii obiective a impactului asupra mediului \u00eenconjur\u0103tor a produselor NedZink NATURAL, NedZink NOVA, NedZink NEO \u015fi NedZink NOIR, testeaz\u0103 \u0219i valideaz\u0103 aceste materiale conform standardelor ISO 14025, 14040 \u015fi 15804. A fost\u00a0 examinat\u0103 analiza ciclului de via\u0163\u0103 (LCA) a fiec\u0103ruia dintre cele trei produse de zinc. Ciclul de via\u0163\u0103 (LCA) este \u00eencercat \u015fi testat ca metod\u0103 prin care s\u0103 fac\u0103 posibil\u0103 evaluarea \u015fi cuantificarea impactul asupra mediului \u00eenconjur\u0103tor al produsului \u00een fiecare faz\u0103 a ciclului de via\u0163\u0103. Se include pe l\u00e2ng\u0103 altele, emisiile de CO2, energia, consumul \u0219i poluarea aerului. Declara\u0163iile de mediu pentru produs (EPD) pot fi comparate \u00eentre ele pe baza acestor indicatori facilit\u00e2nd alegerea unui produs din punct de vedere con\u015ftient de impactul pe care \u00eel are asupra mediului \u00eenconjur\u0103tor.<\/p>\n","protected":false},"excerpt":{"rendered":"<p>Alegere u\u015foar\u0103 a produsului compar\u00e2nd declara\u0163iile de mediu Institutul independent German Bauen und Umwelt (IBU) a acordat c\u0103tre NedZink o declara\u0163ie de mediu (EPD) pentru produsele NedZink NATURAL, NedZink NOVA, NedZink NEO \u015fi NedZink NOIR. Aceste declara\u0163ii (EPD), care au primit \u015fi eticheta platformei ECO, asigur\u0103 informa\u0163ii despre baza de date al impactului asupra mediului [&hellip;]<\/p>\n","protected":false},"author":9,"featured_media":0,"parent":12305,"menu_order":10,"comment_status":"closed","ping_status":"closed","template":"template-import.php","meta":{"_acf_changed":false,"footnotes":""},"class_list":["post-12314","page","type-page","status-publish","hentry"],"acf":[],"yoast_head":"<!-- This site is optimized with the Yoast SEO plugin v26.8 - https:\/\/yoast.com\/product\/yoast-seo-wordpress\/ -->\n<title>Declara\u0163ia de mediu &#8211; NedZink<\/title>\n<meta name=\"robots\" content=\"index, follow, max-snippet:-1, max-image-preview:large, max-video-preview:-1\" \/>\n<link rel=\"canonical\" href=\"https:\/\/www.nedzink.com\/ro\/mediul\/declaratia-de-mediu\/\" \/>\n<meta property=\"og:locale\" content=\"ro_RO\" \/>\n<meta property=\"og:type\" content=\"article\" \/>\n<meta property=\"og:title\" content=\"Declara\u0163ia de mediu &#8211; NedZink\" \/>\n<meta property=\"og:description\" content=\"Alegere u\u015foar\u0103 a produsului compar\u00e2nd declara\u0163iile de mediu Institutul independent German Bauen und Umwelt (IBU) a acordat c\u0103tre NedZink o declara\u0163ie de mediu (EPD) pentru produsele NedZink NATURAL, NedZink NOVA, NedZink NEO \u015fi NedZink NOIR. Aceste declara\u0163ii (EPD), care au primit \u015fi eticheta platformei ECO, asigur\u0103 informa\u0163ii despre baza de date al impactului asupra mediului [&hellip;]\" \/>\n<meta property=\"og:url\" content=\"https:\/\/www.nedzink.com\/ro\/mediul\/declaratia-de-mediu\/\" \/>\n<meta property=\"og:site_name\" content=\"NedZink\" \/>\n<meta property=\"article:modified_time\" content=\"2021-06-16T13:04:16+00:00\" \/>\n<meta property=\"og:image\" content=\"https:\/\/www.nedzink.com\/wp-content\/uploads\/2021\/06\/nedzink-epd-2021-samen-min-300x228.jpg\" \/>\n<meta name=\"twitter:card\" content=\"summary_large_image\" \/>\n<meta name=\"twitter:label1\" content=\"Timp estimat pentru citire\" \/>\n\t<meta name=\"twitter:data1\" content=\"2 minute\" \/>\n<script type=\"application\/ld+json\" class=\"yoast-schema-graph\">{\"@context\":\"https:\/\/schema.org\",\"@graph\":[{\"@type\":\"WebPage\",\"@id\":\"https:\/\/www.nedzink.com\/ro\/mediul\/declaratia-de-mediu\/\",\"url\":\"https:\/\/www.nedzink.com\/ro\/mediul\/declaratia-de-mediu\/\",\"name\":\"Declara\u0163ia de mediu &#8211; NedZink\",\"isPartOf\":{\"@id\":\"https:\/\/www.nedzink.com\/ro\/#website\"},\"primaryImageOfPage\":{\"@id\":\"https:\/\/www.nedzink.com\/ro\/mediul\/declaratia-de-mediu\/#primaryimage\"},\"image\":{\"@id\":\"https:\/\/www.nedzink.com\/ro\/mediul\/declaratia-de-mediu\/#primaryimage\"},\"thumbnailUrl\":\"https:\/\/www.nedzink.com\/wp-content\/uploads\/2021\/06\/nedzink-epd-2021-samen-min-300x228.jpg\",\"datePublished\":\"2019-04-09T12:30:42+00:00\",\"dateModified\":\"2021-06-16T13:04:16+00:00\",\"breadcrumb\":{\"@id\":\"https:\/\/www.nedzink.com\/ro\/mediul\/declaratia-de-mediu\/#breadcrumb\"},\"inLanguage\":\"ro-RO\",\"potentialAction\":[{\"@type\":\"ReadAction\",\"target\":[\"https:\/\/www.nedzink.com\/ro\/mediul\/declaratia-de-mediu\/\"]}]},{\"@type\":\"ImageObject\",\"inLanguage\":\"ro-RO\",\"@id\":\"https:\/\/www.nedzink.com\/ro\/mediul\/declaratia-de-mediu\/#primaryimage\",\"url\":\"https:\/\/www.nedzink.com\/wp-content\/uploads\/2021\/06\/nedzink-epd-2021-samen-min-300x228.jpg\",\"contentUrl\":\"https:\/\/www.nedzink.com\/wp-content\/uploads\/2021\/06\/nedzink-epd-2021-samen-min-300x228.jpg\"},{\"@type\":\"BreadcrumbList\",\"@id\":\"https:\/\/www.nedzink.com\/ro\/mediul\/declaratia-de-mediu\/#breadcrumb\",\"itemListElement\":[{\"@type\":\"ListItem\",\"position\":1,\"name\":\"Home\",\"item\":\"https:\/\/www.nedzink.com\/ro\/\"},{\"@type\":\"ListItem\",\"position\":2,\"name\":\"Mediul\",\"item\":\"https:\/\/www.nedzink.com\/ro\/mediul\/\"},{\"@type\":\"ListItem\",\"position\":3,\"name\":\"Declara\u0163ia de mediu\"}]},{\"@type\":\"WebSite\",\"@id\":\"https:\/\/www.nedzink.com\/ro\/#website\",\"url\":\"https:\/\/www.nedzink.com\/ro\/\",\"name\":\"NedZink\",\"description\":\"Zink fabrikant\",\"publisher\":{\"@id\":\"https:\/\/www.nedzink.com\/ro\/#organization\"},\"potentialAction\":[{\"@type\":\"SearchAction\",\"target\":{\"@type\":\"EntryPoint\",\"urlTemplate\":\"https:\/\/www.nedzink.com\/ro\/?s={search_term_string}\"},\"query-input\":{\"@type\":\"PropertyValueSpecification\",\"valueRequired\":true,\"valueName\":\"search_term_string\"}}],\"inLanguage\":\"ro-RO\"},{\"@type\":\"Organization\",\"@id\":\"https:\/\/www.nedzink.com\/ro\/#organization\",\"name\":\"NedZink\",\"url\":\"https:\/\/www.nedzink.com\/ro\/\",\"logo\":{\"@type\":\"ImageObject\",\"inLanguage\":\"ro-RO\",\"@id\":\"https:\/\/www.nedzink.com\/ro\/#\/schema\/logo\/image\/\",\"url\":\"https:\/\/www.nedzink.com\/wp-content\/uploads\/2019\/08\/logo-nedzink_fc_zk.jpg\",\"contentUrl\":\"https:\/\/www.nedzink.com\/wp-content\/uploads\/2019\/08\/logo-nedzink_fc_zk.jpg\",\"width\":2160,\"height\":688,\"caption\":\"NedZink\"},\"image\":{\"@id\":\"https:\/\/www.nedzink.com\/ro\/#\/schema\/logo\/image\/\"}}]}<\/script>\n<!-- \/ Yoast SEO plugin. -->","yoast_head_json":{"title":"Declara\u0163ia de mediu &#8211; NedZink","robots":{"index":"index","follow":"follow","max-snippet":"max-snippet:-1","max-image-preview":"max-image-preview:large","max-video-preview":"max-video-preview:-1"},"canonical":"https:\/\/www.nedzink.com\/ro\/mediul\/declaratia-de-mediu\/","og_locale":"ro_RO","og_type":"article","og_title":"Declara\u0163ia de mediu &#8211; NedZink","og_description":"Alegere u\u015foar\u0103 a produsului compar\u00e2nd declara\u0163iile de mediu Institutul independent German Bauen und Umwelt (IBU) a acordat c\u0103tre NedZink o declara\u0163ie de mediu (EPD) pentru produsele NedZink NATURAL, NedZink NOVA, NedZink NEO \u015fi NedZink NOIR. Aceste declara\u0163ii (EPD), care au primit \u015fi eticheta platformei ECO, asigur\u0103 informa\u0163ii despre baza de date al impactului asupra mediului [&hellip;]","og_url":"https:\/\/www.nedzink.com\/ro\/mediul\/declaratia-de-mediu\/","og_site_name":"NedZink","article_modified_time":"2021-06-16T13:04:16+00:00","og_image":[{"url":"https:\/\/www.nedzink.com\/wp-content\/uploads\/2021\/06\/nedzink-epd-2021-samen-min-300x228.jpg","type":"","width":"","height":""}],"twitter_card":"summary_large_image","twitter_misc":{"Timp estimat pentru citire":"2 minute"},"schema":{"@context":"https:\/\/schema.org","@graph":[{"@type":"WebPage","@id":"https:\/\/www.nedzink.com\/ro\/mediul\/declaratia-de-mediu\/","url":"https:\/\/www.nedzink.com\/ro\/mediul\/declaratia-de-mediu\/","name":"Declara\u0163ia de mediu &#8211; NedZink","isPartOf":{"@id":"https:\/\/www.nedzink.com\/ro\/#website"},"primaryImageOfPage":{"@id":"https:\/\/www.nedzink.com\/ro\/mediul\/declaratia-de-mediu\/#primaryimage"},"image":{"@id":"https:\/\/www.nedzink.com\/ro\/mediul\/declaratia-de-mediu\/#primaryimage"},"thumbnailUrl":"https:\/\/www.nedzink.com\/wp-content\/uploads\/2021\/06\/nedzink-epd-2021-samen-min-300x228.jpg","datePublished":"2019-04-09T12:30:42+00:00","dateModified":"2021-06-16T13:04:16+00:00","breadcrumb":{"@id":"https:\/\/www.nedzink.com\/ro\/mediul\/declaratia-de-mediu\/#breadcrumb"},"inLanguage":"ro-RO","potentialAction":[{"@type":"ReadAction","target":["https:\/\/www.nedzink.com\/ro\/mediul\/declaratia-de-mediu\/"]}]},{"@type":"ImageObject","inLanguage":"ro-RO","@id":"https:\/\/www.nedzink.com\/ro\/mediul\/declaratia-de-mediu\/#primaryimage","url":"https:\/\/www.nedzink.com\/wp-content\/uploads\/2021\/06\/nedzink-epd-2021-samen-min-300x228.jpg","contentUrl":"https:\/\/www.nedzink.com\/wp-content\/uploads\/2021\/06\/nedzink-epd-2021-samen-min-300x228.jpg"},{"@type":"BreadcrumbList","@id":"https:\/\/www.nedzink.com\/ro\/mediul\/declaratia-de-mediu\/#breadcrumb","itemListElement":[{"@type":"ListItem","position":1,"name":"Home","item":"https:\/\/www.nedzink.com\/ro\/"},{"@type":"ListItem","position":2,"name":"Mediul","item":"https:\/\/www.nedzink.com\/ro\/mediul\/"},{"@type":"ListItem","position":3,"name":"Declara\u0163ia de mediu"}]},{"@type":"WebSite","@id":"https:\/\/www.nedzink.com\/ro\/#website","url":"https:\/\/www.nedzink.com\/ro\/","name":"NedZink","description":"Zink fabrikant","publisher":{"@id":"https:\/\/www.nedzink.com\/ro\/#organization"},"potentialAction":[{"@type":"SearchAction","target":{"@type":"EntryPoint","urlTemplate":"https:\/\/www.nedzink.com\/ro\/?s={search_term_string}"},"query-input":{"@type":"PropertyValueSpecification","valueRequired":true,"valueName":"search_term_string"}}],"inLanguage":"ro-RO"},{"@type":"Organization","@id":"https:\/\/www.nedzink.com\/ro\/#organization","name":"NedZink","url":"https:\/\/www.nedzink.com\/ro\/","logo":{"@type":"ImageObject","inLanguage":"ro-RO","@id":"https:\/\/www.nedzink.com\/ro\/#\/schema\/logo\/image\/","url":"https:\/\/www.nedzink.com\/wp-content\/uploads\/2019\/08\/logo-nedzink_fc_zk.jpg","contentUrl":"https:\/\/www.nedzink.com\/wp-content\/uploads\/2019\/08\/logo-nedzink_fc_zk.jpg","width":2160,"height":688,"caption":"NedZink"},"image":{"@id":"https:\/\/www.nedzink.com\/ro\/#\/schema\/logo\/image\/"}}]}},"_links":{"self":[{"href":"https:\/\/www.nedzink.com\/ro\/wp-json\/wp\/v2\/pages\/12314","targetHints":{"allow":["GET"]}}],"collection":[{"href":"https:\/\/www.nedzink.com\/ro\/wp-json\/wp\/v2\/pages"}],"about":[{"href":"https:\/\/www.nedzink.com\/ro\/wp-json\/wp\/v2\/types\/page"}],"author":[{"embeddable":true,"href":"https:\/\/www.nedzink.com\/ro\/wp-json\/wp\/v2\/users\/9"}],"replies":[{"embeddable":true,"href":"https:\/\/www.nedzink.com\/ro\/wp-json\/wp\/v2\/comments?post=12314"}],"version-history":[{"count":0,"href":"https:\/\/www.nedzink.com\/ro\/wp-json\/wp\/v2\/pages\/12314\/revisions"}],"up":[{"embeddable":true,"href":"https:\/\/www.nedzink.com\/ro\/wp-json\/wp\/v2\/pages\/12305"}],"wp:attachment":[{"href":"https:\/\/www.nedzink.com\/ro\/wp-json\/wp\/v2\/media?parent=12314"}],"curies":[{"name":"wp","href":"https:\/\/api.w.org\/{rel}","templated":true}]}}