{"id":12305,"date":"2019-04-09T14:30:41","date_gmt":"2019-04-09T12:30:41","guid":{"rendered":"http:\/\/136.144.181.85\/~nedzink\/mediul\/"},"modified":"2019-08-05T15:55:01","modified_gmt":"2019-08-05T13:55:01","slug":"mediul","status":"publish","type":"page","link":"https:\/\/www.nedzink.com\/ro\/mediul\/","title":{"rendered":"Mediul"},"content":{"rendered":"<h3><img decoding=\"async\" alt=\"\" src=\"https:\/\/www.nedzink.com\/wp-content\/uploads\/import\/cms\/userfiles\/images\/zinkviooltje.jpg\" style=\"height: 150px; width: 150px; float: right; margin: 1px 10px\" \/>Zincul are un loc natural &icirc;n ciclurile noastre de procesare<\/h3>\n<p style=\"text-align: justify\">Zincul ajut\u0103 substan\u0163ial la conservarea mediului nostru &icirc;nconjur\u0103tor.&nbsp; Datorit\u0103 acidit\u0103\u0163ii reduse a apei de ploaie, durata de via\u0163\u0103 considerabil\u0103 a zincului se m\u0103re\u015fte. Deoarece zincul este 100% reciclabil, metalul de baz\u0103 poate fi folosit din nou f\u0103r\u0103 a-\u015fi pierde propriet\u0103\u0163ile. Astfel se reduce consumul de energie pe parcursul &icirc;ntregului ciclu de via\u021b\u0103 (datorit\u0103 recicl\u0103rii) \u0219i se reduc semnificativ cantit\u0103\u021bile de emisii \u0219i de\u0219euri.<\/p>\n<h3>Cea mai bun\u0103 alegere pentru o durat\u0103 lung\u0103 de via\u0163\u0103 \u0219i pentru aspect<\/h3>\n<p style=\"text-align: justify\">Ca material pentru acoperi\u015furi, fa\u0163ade \u015fi sisteme pluviale, zincul este sustenabil datorit\u0103 durabilit\u0103\u0163ii \u015fi pentru c\u0103 poate fi folosit din nou ulterior. Arhitec\u0163ii care utilizeaz\u0103 zinc sunt entuziasma\u0163i &icirc;n mod particular de posibilit\u0103\u0163ile de aplicare \u015fi de aspect, iar clien\u0163ii sunt con\u015ftien\u0163i de valoarea ad\u0103ugat\u0103 a bunurilor imobile pe care le acoper\u0103 cu zinc. De asemenea ace\u015ftia pot conta pe lipsa costurilor de mentenan\u0163\u0103. Multe Guverne din diferite \u021b\u0103ri stimuleaz\u0103 aceste alegeri care contribuie la protec\u0163ia \u015fi &icirc;nfrumuse\u0163area mediului &icirc;nconjur\u0103tor.<\/p>\n<h3><a href=\"https:\/\/www.nedzink.com\/wp-content\/uploads\/import\/cms\/userfiles\/files\/downloads\/en\/Zinc_in_the_Environment_-_Understanding_the_Issues_2014.pdf\"><img decoding=\"async\" alt=\"\" src=\"https:\/\/www.nedzink.com\/wp-content\/uploads\/import\/cms\/userfiles\/images\/divers\/cover-zinc-in-the-environment.jpg\" style=\"height: 195px; width: 150px; float: left; margin: 10px\" \/><\/a>Informa\u0163ii suplimentare<\/h3>\n<p>G\u0103si\u0163i informa\u0163ii suplimentare &icirc;n bro\u015fura IZA (Asocia\u0163ia Interna\u0163ional\u0103 de Zinc)<\/p>\n<p><a href=\"https:\/\/www.nedzink.com\/wp-content\/uploads\/import\/cms\/userfiles\/files\/downloads\/en\/Zinc_in_the_Environment_-_Understanding_the_Issues_2014.pdf\"><font color=\"#0063a2\"><font face=\"Arial, serif\"><font size=\"2\" style=\"font-size: 9pt\"><span style=\"background: #ffffff\">&#39;Zinc in the Environment&#39;<\/span><\/font><\/font><\/font><\/a>.<\/p>\n","protected":false},"excerpt":{"rendered":"<p>Zincul are un loc natural &icirc;n ciclurile noastre de procesare Zincul ajut\u0103 substan\u0163ial la conservarea mediului nostru &icirc;nconjur\u0103tor.&nbsp; Datorit\u0103 acidit\u0103\u0163ii reduse a apei de ploaie, durata de via\u0163\u0103 considerabil\u0103 a zincului se m\u0103re\u015fte. Deoarece zincul este 100% reciclabil, metalul de baz\u0103 poate fi folosit din nou f\u0103r\u0103 a-\u015fi pierde propriet\u0103\u0163ile. Astfel se reduce consumul de [&hellip;]<\/p>\n","protected":false},"author":9,"featured_media":0,"parent":0,"menu_order":60,"comment_status":"closed","ping_status":"closed","template":"template-import.php","meta":{"_acf_changed":false,"footnotes":""},"class_list":["post-12305","page","type-page","status-publish","hentry"],"acf":[],"yoast_head":"<!-- This site is optimized with the Yoast SEO plugin v26.8 - https:\/\/yoast.com\/product\/yoast-seo-wordpress\/ -->\n<title>Mediul \u2013 NedZink<\/title>\n<meta name=\"description\" content=\"Zink heeft een natuurlijke plaats in onze kringloop en helpt substantieel bij de verduurzaming van ons leefklimaat. Zink is 100% recyclebaar.\" \/>\n<meta name=\"robots\" content=\"index, follow, max-snippet:-1, max-image-preview:large, max-video-preview:-1\" \/>\n<link rel=\"canonical\" href=\"https:\/\/www.nedzink.com\/ro\/mediul\/\" \/>\n<meta property=\"og:locale\" content=\"ro_RO\" \/>\n<meta property=\"og:type\" content=\"article\" \/>\n<meta property=\"og:title\" content=\"Mediul \u2013 NedZink\" \/>\n<meta property=\"og:description\" content=\"Zink heeft een natuurlijke plaats in onze kringloop en helpt substantieel bij de verduurzaming van ons leefklimaat. Zink is 100% recyclebaar.\" \/>\n<meta property=\"og:url\" content=\"https:\/\/www.nedzink.com\/ro\/mediul\/\" \/>\n<meta property=\"og:site_name\" content=\"NedZink\" \/>\n<meta property=\"article:modified_time\" content=\"2019-08-05T13:55:01+00:00\" \/>\n<meta property=\"og:image\" content=\"https:\/\/www.nedzink.com\/wp-content\/uploads\/import\/cms\/userfiles\/images\/zinkviooltje.jpg\" \/>\n<meta name=\"twitter:card\" content=\"summary_large_image\" \/>\n<meta name=\"twitter:label1\" content=\"Timp estimat pentru citire\" \/>\n\t<meta name=\"twitter:data1\" content=\"1 minut\" \/>\n<script type=\"application\/ld+json\" class=\"yoast-schema-graph\">{\"@context\":\"https:\/\/schema.org\",\"@graph\":[{\"@type\":\"WebPage\",\"@id\":\"https:\/\/www.nedzink.com\/ro\/mediul\/\",\"url\":\"https:\/\/www.nedzink.com\/ro\/mediul\/\",\"name\":\"Mediul \u2013 NedZink\",\"isPartOf\":{\"@id\":\"https:\/\/www.nedzink.com\/ro\/#website\"},\"primaryImageOfPage\":{\"@id\":\"https:\/\/www.nedzink.com\/ro\/mediul\/#primaryimage\"},\"image\":{\"@id\":\"https:\/\/www.nedzink.com\/ro\/mediul\/#primaryimage\"},\"thumbnailUrl\":\"https:\/\/www.nedzink.com\/wp-content\/uploads\/import\/cms\/userfiles\/images\/zinkviooltje.jpg\",\"datePublished\":\"2019-04-09T12:30:41+00:00\",\"dateModified\":\"2019-08-05T13:55:01+00:00\",\"description\":\"Zink heeft een natuurlijke plaats in onze kringloop en helpt substantieel bij de verduurzaming van ons leefklimaat. Zink is 100% recyclebaar.\",\"breadcrumb\":{\"@id\":\"https:\/\/www.nedzink.com\/ro\/mediul\/#breadcrumb\"},\"inLanguage\":\"ro-RO\",\"potentialAction\":[{\"@type\":\"ReadAction\",\"target\":[\"https:\/\/www.nedzink.com\/ro\/mediul\/\"]}]},{\"@type\":\"ImageObject\",\"inLanguage\":\"ro-RO\",\"@id\":\"https:\/\/www.nedzink.com\/ro\/mediul\/#primaryimage\",\"url\":\"https:\/\/www.nedzink.com\/wp-content\/uploads\/import\/cms\/userfiles\/images\/zinkviooltje.jpg\",\"contentUrl\":\"https:\/\/www.nedzink.com\/wp-content\/uploads\/import\/cms\/userfiles\/images\/zinkviooltje.jpg\"},{\"@type\":\"BreadcrumbList\",\"@id\":\"https:\/\/www.nedzink.com\/ro\/mediul\/#breadcrumb\",\"itemListElement\":[{\"@type\":\"ListItem\",\"position\":1,\"name\":\"Home\",\"item\":\"https:\/\/www.nedzink.com\/ro\/\"},{\"@type\":\"ListItem\",\"position\":2,\"name\":\"Mediul\"}]},{\"@type\":\"WebSite\",\"@id\":\"https:\/\/www.nedzink.com\/ro\/#website\",\"url\":\"https:\/\/www.nedzink.com\/ro\/\",\"name\":\"NedZink\",\"description\":\"Zink fabrikant\",\"publisher\":{\"@id\":\"https:\/\/www.nedzink.com\/ro\/#organization\"},\"potentialAction\":[{\"@type\":\"SearchAction\",\"target\":{\"@type\":\"EntryPoint\",\"urlTemplate\":\"https:\/\/www.nedzink.com\/ro\/?s={search_term_string}\"},\"query-input\":{\"@type\":\"PropertyValueSpecification\",\"valueRequired\":true,\"valueName\":\"search_term_string\"}}],\"inLanguage\":\"ro-RO\"},{\"@type\":\"Organization\",\"@id\":\"https:\/\/www.nedzink.com\/ro\/#organization\",\"name\":\"NedZink\",\"url\":\"https:\/\/www.nedzink.com\/ro\/\",\"logo\":{\"@type\":\"ImageObject\",\"inLanguage\":\"ro-RO\",\"@id\":\"https:\/\/www.nedzink.com\/ro\/#\/schema\/logo\/image\/\",\"url\":\"https:\/\/www.nedzink.com\/wp-content\/uploads\/2019\/08\/logo-nedzink_fc_zk.jpg\",\"contentUrl\":\"https:\/\/www.nedzink.com\/wp-content\/uploads\/2019\/08\/logo-nedzink_fc_zk.jpg\",\"width\":2160,\"height\":688,\"caption\":\"NedZink\"},\"image\":{\"@id\":\"https:\/\/www.nedzink.com\/ro\/#\/schema\/logo\/image\/\"}}]}<\/script>\n<!-- \/ Yoast SEO plugin. -->","yoast_head_json":{"title":"Mediul \u2013 NedZink","description":"Zink heeft een natuurlijke plaats in onze kringloop en helpt substantieel bij de verduurzaming van ons leefklimaat. Zink is 100% recyclebaar.","robots":{"index":"index","follow":"follow","max-snippet":"max-snippet:-1","max-image-preview":"max-image-preview:large","max-video-preview":"max-video-preview:-1"},"canonical":"https:\/\/www.nedzink.com\/ro\/mediul\/","og_locale":"ro_RO","og_type":"article","og_title":"Mediul \u2013 NedZink","og_description":"Zink heeft een natuurlijke plaats in onze kringloop en helpt substantieel bij de verduurzaming van ons leefklimaat. Zink is 100% recyclebaar.","og_url":"https:\/\/www.nedzink.com\/ro\/mediul\/","og_site_name":"NedZink","article_modified_time":"2019-08-05T13:55:01+00:00","og_image":[{"url":"https:\/\/www.nedzink.com\/wp-content\/uploads\/import\/cms\/userfiles\/images\/zinkviooltje.jpg","type":"","width":"","height":""}],"twitter_card":"summary_large_image","twitter_misc":{"Timp estimat pentru citire":"1 minut"},"schema":{"@context":"https:\/\/schema.org","@graph":[{"@type":"WebPage","@id":"https:\/\/www.nedzink.com\/ro\/mediul\/","url":"https:\/\/www.nedzink.com\/ro\/mediul\/","name":"Mediul \u2013 NedZink","isPartOf":{"@id":"https:\/\/www.nedzink.com\/ro\/#website"},"primaryImageOfPage":{"@id":"https:\/\/www.nedzink.com\/ro\/mediul\/#primaryimage"},"image":{"@id":"https:\/\/www.nedzink.com\/ro\/mediul\/#primaryimage"},"thumbnailUrl":"https:\/\/www.nedzink.com\/wp-content\/uploads\/import\/cms\/userfiles\/images\/zinkviooltje.jpg","datePublished":"2019-04-09T12:30:41+00:00","dateModified":"2019-08-05T13:55:01+00:00","description":"Zink heeft een natuurlijke plaats in onze kringloop en helpt substantieel bij de verduurzaming van ons leefklimaat. Zink is 100% recyclebaar.","breadcrumb":{"@id":"https:\/\/www.nedzink.com\/ro\/mediul\/#breadcrumb"},"inLanguage":"ro-RO","potentialAction":[{"@type":"ReadAction","target":["https:\/\/www.nedzink.com\/ro\/mediul\/"]}]},{"@type":"ImageObject","inLanguage":"ro-RO","@id":"https:\/\/www.nedzink.com\/ro\/mediul\/#primaryimage","url":"https:\/\/www.nedzink.com\/wp-content\/uploads\/import\/cms\/userfiles\/images\/zinkviooltje.jpg","contentUrl":"https:\/\/www.nedzink.com\/wp-content\/uploads\/import\/cms\/userfiles\/images\/zinkviooltje.jpg"},{"@type":"BreadcrumbList","@id":"https:\/\/www.nedzink.com\/ro\/mediul\/#breadcrumb","itemListElement":[{"@type":"ListItem","position":1,"name":"Home","item":"https:\/\/www.nedzink.com\/ro\/"},{"@type":"ListItem","position":2,"name":"Mediul"}]},{"@type":"WebSite","@id":"https:\/\/www.nedzink.com\/ro\/#website","url":"https:\/\/www.nedzink.com\/ro\/","name":"NedZink","description":"Zink fabrikant","publisher":{"@id":"https:\/\/www.nedzink.com\/ro\/#organization"},"potentialAction":[{"@type":"SearchAction","target":{"@type":"EntryPoint","urlTemplate":"https:\/\/www.nedzink.com\/ro\/?s={search_term_string}"},"query-input":{"@type":"PropertyValueSpecification","valueRequired":true,"valueName":"search_term_string"}}],"inLanguage":"ro-RO"},{"@type":"Organization","@id":"https:\/\/www.nedzink.com\/ro\/#organization","name":"NedZink","url":"https:\/\/www.nedzink.com\/ro\/","logo":{"@type":"ImageObject","inLanguage":"ro-RO","@id":"https:\/\/www.nedzink.com\/ro\/#\/schema\/logo\/image\/","url":"https:\/\/www.nedzink.com\/wp-content\/uploads\/2019\/08\/logo-nedzink_fc_zk.jpg","contentUrl":"https:\/\/www.nedzink.com\/wp-content\/uploads\/2019\/08\/logo-nedzink_fc_zk.jpg","width":2160,"height":688,"caption":"NedZink"},"image":{"@id":"https:\/\/www.nedzink.com\/ro\/#\/schema\/logo\/image\/"}}]}},"_links":{"self":[{"href":"https:\/\/www.nedzink.com\/ro\/wp-json\/wp\/v2\/pages\/12305","targetHints":{"allow":["GET"]}}],"collection":[{"href":"https:\/\/www.nedzink.com\/ro\/wp-json\/wp\/v2\/pages"}],"about":[{"href":"https:\/\/www.nedzink.com\/ro\/wp-json\/wp\/v2\/types\/page"}],"author":[{"embeddable":true,"href":"https:\/\/www.nedzink.com\/ro\/wp-json\/wp\/v2\/users\/9"}],"replies":[{"embeddable":true,"href":"https:\/\/www.nedzink.com\/ro\/wp-json\/wp\/v2\/comments?post=12305"}],"version-history":[{"count":0,"href":"https:\/\/www.nedzink.com\/ro\/wp-json\/wp\/v2\/pages\/12305\/revisions"}],"wp:attachment":[{"href":"https:\/\/www.nedzink.com\/ro\/wp-json\/wp\/v2\/media?parent=12305"}],"curies":[{"name":"wp","href":"https:\/\/api.w.org\/{rel}","templated":true}]}}