{"id":12224,"date":"2019-04-09T14:29:57","date_gmt":"2019-04-09T12:29:57","guid":{"rendered":"http:\/\/136.144.181.85\/~nedzink\/produse\/foi\/"},"modified":"2024-03-04T15:23:06","modified_gmt":"2024-03-04T14:23:06","slug":"foi","status":"publish","type":"page","link":"https:\/\/www.nedzink.com\/ro\/produse\/foi\/","title":{"rendered":"NedZink Foi"},"content":{"rendered":"[vc_row][vc_column][vc_column_text css=&#8221;.vc_custom_1709562157795{margin-bottom: 0px !important;}&#8221;]<img decoding=\"async\" style=\"width: 300px; float: right; height: 109px;\" src=\"https:\/\/www.nedzink.com\/wp-content\/uploads\/import\/cms\/userfiles\/images\/products\/blad%201.jpg\" alt=\"\" \/><\/p>\n<table border=\"0\" cellspacing=\"0\" cellpadding=\"0\">\n<colgroup>\n<col \/>\n<col \/> <\/colgroup>\n<tbody>\n<tr>\n<td style=\"height: 20px;\" height=\"20\">\n<p style=\"margin-bottom: 0cm; line-height: 100%;\">Dimensiuni standard:<\/p>\n<\/td>\n<td style=\"width: 321px;\">1000&#215;2000 mm<\/p>\n<p>1000&#215;2250 mm<\/p>\n<p>1000&#215;3000 mm<\/td>\n<\/tr>\n<tr>\n<td style=\"height: 20px;\" height=\"20\">\n<p style=\"margin-bottom: 0cm; line-height: 100%;\">Grosimea materialului:<\/p>\n<\/td>\n<td>0,60 &#8211; 0,65 \u2013 0,70 \u2013 0,80 \u2013 1,00 mm<\/td>\n<\/tr>\n<tr>\n<td style=\"height: 20px;\" height=\"20\">\n<p style=\"margin-bottom: 0cm; line-height: 100%;\">Ambalare:<\/p>\n<\/td>\n<td>paleti de aprox. 1000 kg<\/td>\n<\/tr>\n<\/tbody>\n<\/table>\n<p><em><span style=\"font-size: 10px;\">Alte dimensiuni \u015fi grosimi la cerere.<\/span><\/em>[\/vc_column_text][\/vc_column][\/vc_row]\n","protected":false},"excerpt":{"rendered":"<p>[vc_row][vc_column][vc_column_text css=&#8221;.vc_custom_1709562157795{margin-bottom: 0px !important;}&#8221;] Dimensiuni standard: 1000&#215;2000 mm 1000&#215;2250 mm 1000&#215;3000 mm Grosimea materialului: 0,60 &#8211; 0,65 \u2013 0,70 \u2013 0,80 \u2013 1,00 mm Ambalare: paleti de aprox. 1000 kg Alte dimensiuni \u015fi grosimi la cerere.[\/vc_column_text][\/vc_column][\/vc_row]<\/p>\n","protected":false},"author":9,"featured_media":0,"parent":12204,"menu_order":270,"comment_status":"closed","ping_status":"closed","template":"template-import.php","meta":{"_acf_changed":false,"footnotes":""},"class_list":["post-12224","page","type-page","status-publish","hentry"],"acf":[],"yoast_head":"<!-- This site is optimized with the Yoast SEO plugin v26.8 - https:\/\/yoast.com\/product\/yoast-seo-wordpress\/ -->\n<title>Foi \u2013 NedZink<\/title>\n<meta name=\"description\" content=\"\u2022 Handelsafmetingen: 1000\u00d72000 mm - 1000\u00d72250 mm - 1000\u00d73000 mm \u2022 Materiaaldikte: 0,65 \u2013 0,70 \u2013 0,80 \u2013 1,00 mm \u2022 Overige maten en diktes zijn op aanvraag.\" \/>\n<meta name=\"robots\" content=\"index, follow, max-snippet:-1, max-image-preview:large, max-video-preview:-1\" \/>\n<link rel=\"canonical\" href=\"https:\/\/www.nedzink.com\/ro\/produse\/foi\/\" \/>\n<meta property=\"og:locale\" content=\"ro_RO\" \/>\n<meta property=\"og:type\" content=\"article\" \/>\n<meta property=\"og:title\" content=\"Foi \u2013 NedZink\" \/>\n<meta property=\"og:description\" content=\"\u2022 Handelsafmetingen: 1000\u00d72000 mm - 1000\u00d72250 mm - 1000\u00d73000 mm \u2022 Materiaaldikte: 0,65 \u2013 0,70 \u2013 0,80 \u2013 1,00 mm \u2022 Overige maten en diktes zijn op aanvraag.\" \/>\n<meta property=\"og:url\" content=\"https:\/\/www.nedzink.com\/ro\/produse\/foi\/\" \/>\n<meta property=\"og:site_name\" content=\"NedZink\" \/>\n<meta property=\"article:modified_time\" content=\"2024-03-04T14:23:06+00:00\" \/>\n<meta property=\"og:image\" content=\"https:\/\/www.nedzink.com\/wp-content\/uploads\/import\/cms\/userfiles\/images\/products\/blad%201.jpg\" \/>\n<meta name=\"twitter:card\" content=\"summary_large_image\" \/>\n<meta name=\"twitter:label1\" content=\"Timp estimat pentru citire\" \/>\n\t<meta name=\"twitter:data1\" content=\"1 minut\" \/>\n<script type=\"application\/ld+json\" class=\"yoast-schema-graph\">{\"@context\":\"https:\/\/schema.org\",\"@graph\":[{\"@type\":\"WebPage\",\"@id\":\"https:\/\/www.nedzink.com\/ro\/produse\/foi\/\",\"url\":\"https:\/\/www.nedzink.com\/ro\/produse\/foi\/\",\"name\":\"Foi \u2013 NedZink\",\"isPartOf\":{\"@id\":\"https:\/\/www.nedzink.com\/ro\/#website\"},\"primaryImageOfPage\":{\"@id\":\"https:\/\/www.nedzink.com\/ro\/produse\/foi\/#primaryimage\"},\"image\":{\"@id\":\"https:\/\/www.nedzink.com\/ro\/produse\/foi\/#primaryimage\"},\"thumbnailUrl\":\"https:\/\/www.nedzink.com\/wp-content\/uploads\/import\/cms\/userfiles\/images\/products\/blad%201.jpg\",\"datePublished\":\"2019-04-09T12:29:57+00:00\",\"dateModified\":\"2024-03-04T14:23:06+00:00\",\"description\":\"\u2022 Handelsafmetingen: 1000\u00d72000 mm - 1000\u00d72250 mm - 1000\u00d73000 mm \u2022 Materiaaldikte: 0,65 \u2013 0,70 \u2013 0,80 \u2013 1,00 mm \u2022 Overige maten en diktes zijn op aanvraag.\",\"breadcrumb\":{\"@id\":\"https:\/\/www.nedzink.com\/ro\/produse\/foi\/#breadcrumb\"},\"inLanguage\":\"ro-RO\",\"potentialAction\":[{\"@type\":\"ReadAction\",\"target\":[\"https:\/\/www.nedzink.com\/ro\/produse\/foi\/\"]}]},{\"@type\":\"ImageObject\",\"inLanguage\":\"ro-RO\",\"@id\":\"https:\/\/www.nedzink.com\/ro\/produse\/foi\/#primaryimage\",\"url\":\"https:\/\/www.nedzink.com\/wp-content\/uploads\/import\/cms\/userfiles\/images\/products\/blad%201.jpg\",\"contentUrl\":\"https:\/\/www.nedzink.com\/wp-content\/uploads\/import\/cms\/userfiles\/images\/products\/blad%201.jpg\"},{\"@type\":\"BreadcrumbList\",\"@id\":\"https:\/\/www.nedzink.com\/ro\/produse\/foi\/#breadcrumb\",\"itemListElement\":[{\"@type\":\"ListItem\",\"position\":1,\"name\":\"Home\",\"item\":\"https:\/\/www.nedzink.com\/ro\/\"},{\"@type\":\"ListItem\",\"position\":2,\"name\":\"Produse\",\"item\":\"https:\/\/www.nedzink.com\/ro\/produse\/\"},{\"@type\":\"ListItem\",\"position\":3,\"name\":\"NedZink Foi\"}]},{\"@type\":\"WebSite\",\"@id\":\"https:\/\/www.nedzink.com\/ro\/#website\",\"url\":\"https:\/\/www.nedzink.com\/ro\/\",\"name\":\"NedZink\",\"description\":\"Zink fabrikant\",\"publisher\":{\"@id\":\"https:\/\/www.nedzink.com\/ro\/#organization\"},\"potentialAction\":[{\"@type\":\"SearchAction\",\"target\":{\"@type\":\"EntryPoint\",\"urlTemplate\":\"https:\/\/www.nedzink.com\/ro\/?s={search_term_string}\"},\"query-input\":{\"@type\":\"PropertyValueSpecification\",\"valueRequired\":true,\"valueName\":\"search_term_string\"}}],\"inLanguage\":\"ro-RO\"},{\"@type\":\"Organization\",\"@id\":\"https:\/\/www.nedzink.com\/ro\/#organization\",\"name\":\"NedZink\",\"url\":\"https:\/\/www.nedzink.com\/ro\/\",\"logo\":{\"@type\":\"ImageObject\",\"inLanguage\":\"ro-RO\",\"@id\":\"https:\/\/www.nedzink.com\/ro\/#\/schema\/logo\/image\/\",\"url\":\"https:\/\/www.nedzink.com\/wp-content\/uploads\/2019\/08\/logo-nedzink_fc_zk.jpg\",\"contentUrl\":\"https:\/\/www.nedzink.com\/wp-content\/uploads\/2019\/08\/logo-nedzink_fc_zk.jpg\",\"width\":2160,\"height\":688,\"caption\":\"NedZink\"},\"image\":{\"@id\":\"https:\/\/www.nedzink.com\/ro\/#\/schema\/logo\/image\/\"}}]}<\/script>\n<!-- \/ Yoast SEO plugin. -->","yoast_head_json":{"title":"Foi \u2013 NedZink","description":"\u2022 Handelsafmetingen: 1000\u00d72000 mm - 1000\u00d72250 mm - 1000\u00d73000 mm \u2022 Materiaaldikte: 0,65 \u2013 0,70 \u2013 0,80 \u2013 1,00 mm \u2022 Overige maten en diktes zijn op aanvraag.","robots":{"index":"index","follow":"follow","max-snippet":"max-snippet:-1","max-image-preview":"max-image-preview:large","max-video-preview":"max-video-preview:-1"},"canonical":"https:\/\/www.nedzink.com\/ro\/produse\/foi\/","og_locale":"ro_RO","og_type":"article","og_title":"Foi \u2013 NedZink","og_description":"\u2022 Handelsafmetingen: 1000\u00d72000 mm - 1000\u00d72250 mm - 1000\u00d73000 mm \u2022 Materiaaldikte: 0,65 \u2013 0,70 \u2013 0,80 \u2013 1,00 mm \u2022 Overige maten en diktes zijn op aanvraag.","og_url":"https:\/\/www.nedzink.com\/ro\/produse\/foi\/","og_site_name":"NedZink","article_modified_time":"2024-03-04T14:23:06+00:00","og_image":[{"url":"https:\/\/www.nedzink.com\/wp-content\/uploads\/import\/cms\/userfiles\/images\/products\/blad%201.jpg","type":"","width":"","height":""}],"twitter_card":"summary_large_image","twitter_misc":{"Timp estimat pentru citire":"1 minut"},"schema":{"@context":"https:\/\/schema.org","@graph":[{"@type":"WebPage","@id":"https:\/\/www.nedzink.com\/ro\/produse\/foi\/","url":"https:\/\/www.nedzink.com\/ro\/produse\/foi\/","name":"Foi \u2013 NedZink","isPartOf":{"@id":"https:\/\/www.nedzink.com\/ro\/#website"},"primaryImageOfPage":{"@id":"https:\/\/www.nedzink.com\/ro\/produse\/foi\/#primaryimage"},"image":{"@id":"https:\/\/www.nedzink.com\/ro\/produse\/foi\/#primaryimage"},"thumbnailUrl":"https:\/\/www.nedzink.com\/wp-content\/uploads\/import\/cms\/userfiles\/images\/products\/blad%201.jpg","datePublished":"2019-04-09T12:29:57+00:00","dateModified":"2024-03-04T14:23:06+00:00","description":"\u2022 Handelsafmetingen: 1000\u00d72000 mm - 1000\u00d72250 mm - 1000\u00d73000 mm \u2022 Materiaaldikte: 0,65 \u2013 0,70 \u2013 0,80 \u2013 1,00 mm \u2022 Overige maten en diktes zijn op aanvraag.","breadcrumb":{"@id":"https:\/\/www.nedzink.com\/ro\/produse\/foi\/#breadcrumb"},"inLanguage":"ro-RO","potentialAction":[{"@type":"ReadAction","target":["https:\/\/www.nedzink.com\/ro\/produse\/foi\/"]}]},{"@type":"ImageObject","inLanguage":"ro-RO","@id":"https:\/\/www.nedzink.com\/ro\/produse\/foi\/#primaryimage","url":"https:\/\/www.nedzink.com\/wp-content\/uploads\/import\/cms\/userfiles\/images\/products\/blad%201.jpg","contentUrl":"https:\/\/www.nedzink.com\/wp-content\/uploads\/import\/cms\/userfiles\/images\/products\/blad%201.jpg"},{"@type":"BreadcrumbList","@id":"https:\/\/www.nedzink.com\/ro\/produse\/foi\/#breadcrumb","itemListElement":[{"@type":"ListItem","position":1,"name":"Home","item":"https:\/\/www.nedzink.com\/ro\/"},{"@type":"ListItem","position":2,"name":"Produse","item":"https:\/\/www.nedzink.com\/ro\/produse\/"},{"@type":"ListItem","position":3,"name":"NedZink Foi"}]},{"@type":"WebSite","@id":"https:\/\/www.nedzink.com\/ro\/#website","url":"https:\/\/www.nedzink.com\/ro\/","name":"NedZink","description":"Zink fabrikant","publisher":{"@id":"https:\/\/www.nedzink.com\/ro\/#organization"},"potentialAction":[{"@type":"SearchAction","target":{"@type":"EntryPoint","urlTemplate":"https:\/\/www.nedzink.com\/ro\/?s={search_term_string}"},"query-input":{"@type":"PropertyValueSpecification","valueRequired":true,"valueName":"search_term_string"}}],"inLanguage":"ro-RO"},{"@type":"Organization","@id":"https:\/\/www.nedzink.com\/ro\/#organization","name":"NedZink","url":"https:\/\/www.nedzink.com\/ro\/","logo":{"@type":"ImageObject","inLanguage":"ro-RO","@id":"https:\/\/www.nedzink.com\/ro\/#\/schema\/logo\/image\/","url":"https:\/\/www.nedzink.com\/wp-content\/uploads\/2019\/08\/logo-nedzink_fc_zk.jpg","contentUrl":"https:\/\/www.nedzink.com\/wp-content\/uploads\/2019\/08\/logo-nedzink_fc_zk.jpg","width":2160,"height":688,"caption":"NedZink"},"image":{"@id":"https:\/\/www.nedzink.com\/ro\/#\/schema\/logo\/image\/"}}]}},"_links":{"self":[{"href":"https:\/\/www.nedzink.com\/ro\/wp-json\/wp\/v2\/pages\/12224","targetHints":{"allow":["GET"]}}],"collection":[{"href":"https:\/\/www.nedzink.com\/ro\/wp-json\/wp\/v2\/pages"}],"about":[{"href":"https:\/\/www.nedzink.com\/ro\/wp-json\/wp\/v2\/types\/page"}],"author":[{"embeddable":true,"href":"https:\/\/www.nedzink.com\/ro\/wp-json\/wp\/v2\/users\/9"}],"replies":[{"embeddable":true,"href":"https:\/\/www.nedzink.com\/ro\/wp-json\/wp\/v2\/comments?post=12224"}],"version-history":[{"count":2,"href":"https:\/\/www.nedzink.com\/ro\/wp-json\/wp\/v2\/pages\/12224\/revisions"}],"predecessor-version":[{"id":129666,"href":"https:\/\/www.nedzink.com\/ro\/wp-json\/wp\/v2\/pages\/12224\/revisions\/129666"}],"up":[{"embeddable":true,"href":"https:\/\/www.nedzink.com\/ro\/wp-json\/wp\/v2\/pages\/12204"}],"wp:attachment":[{"href":"https:\/\/www.nedzink.com\/ro\/wp-json\/wp\/v2\/media?parent=12224"}],"curies":[{"name":"wp","href":"https:\/\/api.w.org\/{rel}","templated":true}]}}