{"id":12154,"date":"2019-04-09T14:28:02","date_gmt":"2019-04-09T12:28:02","guid":{"rendered":"http:\/\/136.144.181.85\/~nedzink\/material\/nedzink-nova-structure\/"},"modified":"2019-04-09T14:28:02","modified_gmt":"2019-04-09T12:28:02","slug":"nedzink-nova-structure","status":"publish","type":"page","link":"https:\/\/www.nedzink.com\/ro\/nedzink-nova-structure\/","title":{"rendered":"NedZink NOVA STRUCTURE"},"content":{"rendered":"<h2 class=\"western\">Titan-zinc pre-patinat structurat<\/h2>\n<table border=\"0\" cellpadding=\"0\" cellspacing=\"0\" style=\"float: right;\">\n<tbody>\n<tr>\n<td style=\"vertical-align: top;\">\n<p>&nbsp;<\/p>\n<\/td>\n<td>\n<table border=\"0\" cellpadding=\"0\" cellspacing=\"0\">\n<tbody>\n<tr>\n<td><img decoding=\"async\" alt=\"NOVA Structure Amsterdam\" src=\"https:\/\/www.nedzink.com\/wp-content\/uploads\/import\/cms\/userfiles\/images\/products\/structure_amsterdam.jpg\" style=\"border-bottom: 0px solid; border-left: 0px solid; margin: 10px; width: 125px; border-top: 0px solid; border-right: 0px solid\" \/><\/td>\n<td><img decoding=\"async\" alt=\"NOVA Structure Brasilia\" src=\"https:\/\/www.nedzink.com\/wp-content\/uploads\/import\/cms\/userfiles\/images\/products\/structure_brasilia.jpg\" style=\"border-bottom: 0px solid; border-left: 0px solid; margin: 10px; width: 125px; border-top: 0px solid; border-right: 0px solid\" \/><\/td>\n<\/tr>\n<tr>\n<td style=\"text-align: center;\">Amsterdam<\/td>\n<td style=\"text-align: center;\">Brasilia<\/td>\n<\/tr>\n<tr>\n<td><img decoding=\"async\" alt=\"NOVA Structure New York\" src=\"https:\/\/www.nedzink.com\/wp-content\/uploads\/import\/cms\/userfiles\/images\/products\/structure_newyork.jpg\" style=\"border-bottom: 0px solid; border-left: 0px solid; margin: 10px; width: 125px; border-top: 0px solid; border-right: 0px solid\" \/><\/td>\n<td><img decoding=\"async\" alt=\"NOVA Structure Paris\" src=\"https:\/\/www.nedzink.com\/wp-content\/uploads\/import\/cms\/userfiles\/images\/products\/structure_paris.jpg\" style=\"border-bottom: 0px solid; border-left: 0px solid; margin: 10px; width: 125px; border-top: 0px solid; border-right: 0px solid\" \/><\/td>\n<\/tr>\n<tr>\n<td style=\"text-align: center;\">New York<\/td>\n<td style=\"text-align: center;\">Paris<\/td>\n<\/tr>\n<\/tbody>\n<\/table>\n<\/td>\n<\/tr>\n<\/tbody>\n<\/table>\n<p>NedZink NOVA STRUCTURE este un titan-zinc pre-patinat care are o suprafa\u0163\u0103 structurat\u0103. Materialul este rulat prin role cu imprimeu, rezult&acirc;nd astfel un material structurat, at&acirc;t pe partea superioar\u0103 c&acirc;t \u015fi pe cea inferioar\u0103. Acest proces se nume\u015fte rulare structurat\u0103.<\/p>\n<p style=\"margin-bottom: 0cm; line-height: 100%\"><a href=\"https:\/\/www.nedzink.com\/wp-content\/uploads\/import\/nedzink.com\/downloads\/pdf\/63\/13425-UK-Datasheet_4_NOVA%20STRUCTURE_v3.pdf\">Fi\u015f\u0103 tehnic\u0103 NedZink NOVA STRUCTURAT<\/a><\/p>\n<h3 style=\"text-align: justify;\">Titan-zinc pre-patinat structurat<\/h3>\n<h2 style=\"text-align: justify;\">NedZink NOVA STRUCTURE<\/h2>\n<p style=\"text-align: justify;\"><img decoding=\"async\" alt=\"\" src=\"https:\/\/www.nedzink.com\/wp-content\/uploads\/import\/cms\/userfiles\/images\/divers\/2015\/structure-foto-1.jpg\" style=\"height: 121px; width: 119px\" \/>&nbsp;&nbsp;<img decoding=\"async\" alt=\"\" src=\"https:\/\/www.nedzink.com\/wp-content\/uploads\/import\/cms\/userfiles\/images\/divers\/2015\/structure-foto-2.jpg\" style=\"height: 121px; width: 205px\" \/>&nbsp; <img decoding=\"async\" alt=\"\" src=\"https:\/\/www.nedzink.com\/wp-content\/uploads\/import\/cms\/userfiles\/images\/divers\/2015\/structure-foto-3.jpg\" style=\"height: 121px; width: 207px\" \/>&nbsp;&nbsp;<img decoding=\"async\" alt=\"\" src=\"https:\/\/www.nedzink.com\/wp-content\/uploads\/import\/cms\/userfiles\/images\/divers\/2015\/structure-foto-4.jpg\" style=\"height: 119px; width: 122px\" \/><\/p>\n<h3 style=\"text-align: justify;\">Descrierea produsului<\/h3>\n<p style=\"text-align: justify;\">NedZink NOVA STRUCTURE este un titan-zinc structurat disponibil &icirc;n diferite modele. NedZink NOVA ca material de baz\u0103 este un titan-zinc conform EN 988 supus unui proces de patinare. Compozi\u0163ia chimic\u0103, propriet\u0103\u0163ile mecanice \u015fi fizice \u0219i m\u0103surarea toleran\u0163elor sunt determinate de certificatul KOMO \u015fi de certificarea produsului de c\u0103tre Loyd&rsquo; s Register, LRIQS (Aprobare nr. QIS122).<\/p>\n<p style=\"text-align: justify;\">Propriet\u0103\u0163ile finite ale materialului sunt verificate periodic de c\u0103tre un institut de cercetare independent. Aceast\u0103 certificare a produsului \u015fi certificatul ISO 9001:2008 pentru calitatea sistemului de management al NedZink asigur\u0103 un standard de calitate constant \u015fi uniform, dep\u0103\u015find cu mult prevederile standardului EN 988. NedZink NOVA STRUCTURE este folosit cu preponderen\u0163\u0103 pentru aplica\u0163ii estetice de &icirc;nalt\u0103 calitate: &icirc;n exterior la fa\u0163ade \u015fi acoperi\u015furi, iar la interior la diverse aplica\u0163ii de design.<\/p>\n<h3 style=\"text-align: justify;\">Structurile suprafe\u021bei<\/h3>\n<p style=\"text-align: justify;\"><span style=\"font-size: 14px\"><img decoding=\"async\" alt=\"\" src=\"https:\/\/www.nedzink.com\/wp-content\/uploads\/import\/cms\/userfiles\/images\/divers\/2015\/Amsterdam.jpg\" style=\"height: 121px; width: 334px\" \/>&nbsp; <img decoding=\"async\" alt=\"\" src=\"https:\/\/www.nedzink.com\/wp-content\/uploads\/import\/cms\/userfiles\/images\/divers\/2015\/Brasilia.jpg\" style=\"height: 121px; width: 334px\" \/><\/span><\/p>\n<p style=\"text-align: justify;\"><span style=\"font-size: 14px\"><span style=\"font-size: 10px\">NOVA STRUCTURE Amsterdam&nbsp;&nbsp;&nbsp;&nbsp;&nbsp;&nbsp;&nbsp;&nbsp;&nbsp;&nbsp;&nbsp;&nbsp;&nbsp;&nbsp;&nbsp;&nbsp;&nbsp;&nbsp;&nbsp;&nbsp;&nbsp;&nbsp;&nbsp;&nbsp;&nbsp;&nbsp;&nbsp;&nbsp;&nbsp;&nbsp;&nbsp;&nbsp;&nbsp;&nbsp;&nbsp;&nbsp;&nbsp;&nbsp;&nbsp;&nbsp;&nbsp;&nbsp;&nbsp;&nbsp;&nbsp;&nbsp;&nbsp;&nbsp;&nbsp;&nbsp;&nbsp;&nbsp;&nbsp;&nbsp;&nbsp;&nbsp;&nbsp;&nbsp;&nbsp;&nbsp;&nbsp;&nbsp;&nbsp;&nbsp;&nbsp;&nbsp;&nbsp;&nbsp;&nbsp;&nbsp;NOVA STRUCTURE Brasilia<\/span><\/span><\/p>\n<p style=\"text-align: justify;\"><span style=\"font-size: 14px\"><span style=\"font-size: 10px\"><span style=\"font-size: 14px\"><img decoding=\"async\" alt=\"\" src=\"https:\/\/www.nedzink.com\/wp-content\/uploads\/import\/cms\/userfiles\/images\/divers\/2015\/New-York.jpg\" style=\"height: 122px; width: 334px\" \/>&nbsp; <img decoding=\"async\" alt=\"\" src=\"https:\/\/www.nedzink.com\/wp-content\/uploads\/import\/cms\/userfiles\/images\/divers\/2015\/Paris.jpg\" style=\"height: 121px; width: 334px\" \/><\/span><\/span><\/span><\/p>\n<p style=\"text-align: justify;\"><span style=\"font-size: 14px\"><span style=\"font-size: 10px\"><span style=\"font-size: 14px\"><span style=\"font-size: 10px\">NOVA STRUCTURE New York&nbsp;&nbsp;&nbsp;&nbsp;&nbsp;&nbsp;&nbsp;&nbsp;&nbsp;&nbsp;&nbsp;&nbsp;&nbsp;&nbsp;&nbsp;&nbsp;&nbsp;&nbsp;&nbsp;&nbsp;&nbsp;&nbsp;&nbsp;&nbsp;&nbsp;&nbsp;&nbsp;&nbsp;&nbsp;&nbsp;&nbsp;&nbsp;&nbsp;&nbsp;&nbsp;&nbsp;&nbsp;&nbsp;&nbsp;&nbsp;&nbsp;&nbsp;&nbsp;&nbsp;&nbsp;&nbsp;&nbsp;&nbsp;&nbsp;&nbsp;&nbsp;&nbsp;&nbsp;&nbsp;&nbsp;&nbsp;&nbsp;&nbsp;&nbsp;&nbsp;&nbsp;&nbsp;&nbsp;&nbsp;&nbsp;&nbsp;&nbsp;&nbsp;&nbsp;&nbsp;&nbsp;&nbsp; NOVA STRUCTURE Paris<\/span><\/span><\/span><\/span><\/p>\n<h3 style=\"text-align: justify;\">Gama de produse<\/h3>\n<p style=\"text-align: justify;\"><img decoding=\"async\" alt=\"\" src=\"https:\/\/www.nedzink.com\/wp-content\/uploads\/import\/cms\/userfiles\/images\/images_RO\/RO_Structure_01.jpg\" style=\"width: 530px; height: 98px;\" \/><\/p>\n<h3 style=\"text-align: justify;\">Transport \u015fi depozitare<\/h3>\n<p style=\"text-align: justify;\">Produsele NedZink sunt &icirc;mpachetate \u015fi livrate &icirc;ntr-un mediu uscat. Se recomand\u0103 ca depozitarea titan-zincului s\u0103 se fac\u0103 &icirc;ntr-un mediu uscat \u015fi cu o temperatur\u0103 constant\u0103 pe c&acirc;t posibil. Depozitarea &icirc;n acest mod reduce probabilitatea form\u0103rii condensului.<\/p>\n<h3 style=\"text-align: justify;\">Suprafa\u0163\u0103<\/h3>\n<p style=\"text-align: justify;\">NedZink NOVA STRUCTURE este un titan-zinc pre-patinat care are o suprafa\u0163\u0103 structurat\u0103. Materialul este rulat prin role cu imprimeu, rezult&acirc;nd astfel un aspect structurat al produsului NedZink NOVA, at&acirc;t pe partea superioar\u0103 c&acirc;t \u015fi pe cea inferioar\u0103. Propriet\u0103\u0163ile zincului ca material de construc\u0163ii r\u0103m&acirc;n neschimbate.<\/p>\n<h3 style=\"text-align: justify;\">Propriet\u0103\u0163ile materialului<\/h3>\n<p style=\"text-align: justify;\">O \u015ftampil\u0103 continu\u0103 este aplicat\u0103 pe spatele tuturor produselor &icirc;n concordan\u0163\u0103 cu prevederile normativului EN 988 cu urm\u0103toarele marcaje:<br \/>\n&#8211; NedZink NTZ<br \/>\n&#8211; Numele titan-zincului &icirc;n 4 limbi: olandez\u0103, german\u0103, francez\u0103 \u015fi englez\u0103.<br \/>\n&#8211; Standard produs EN 988<br \/>\n&#8211; Grosimea nominal\u0103<br \/>\n&#8211; Num\u0103r lot<br \/>\n&#8211; Anul produc\u0163iei<br \/>\n&#8211; Logouri KOMO \u015fi Lloyd&rsquo;s Register<\/p>\n<p style=\"text-align: justify;\">Produsele furnizate pentru a fi elemente componente ale unui sistem, conform cu principiile de procesare \u015fi punere &icirc;n oper\u0103, vor r\u0103m&acirc;ne rezistente la ap\u0103 \u015fi f\u0103r\u0103 perfora\u0163ii datorate defectelor de fabricare.<\/p>\n<p style=\"text-align: justify;\">Pentru informa\u0163ii despre gama de produse \u015fi procesarea produselor Nedzink, accesa\u0163i www.nedzink.com.<\/p>\n","protected":false},"excerpt":{"rendered":"<p>Titan-zinc pre-patinat structurat &nbsp; Amsterdam Brasilia New York Paris NedZink NOVA STRUCTURE este un titan-zinc pre-patinat care are o suprafa\u0163\u0103 structurat\u0103. Materialul este rulat prin role cu imprimeu, rezult&acirc;nd astfel un material structurat, at&acirc;t pe partea superioar\u0103 c&acirc;t \u015fi pe cea inferioar\u0103. Acest proces se nume\u015fte rulare structurat\u0103. Fi\u015f\u0103 tehnic\u0103 NedZink NOVA STRUCTURAT Titan-zinc pre-patinat [&hellip;]<\/p>\n","protected":false},"author":9,"featured_media":0,"parent":0,"menu_order":210,"comment_status":"closed","ping_status":"closed","template":"template-import.php","meta":{"_acf_changed":false,"footnotes":""},"class_list":["post-12154","page","type-page","status-publish","hentry"],"acf":[],"yoast_head":"<!-- This site is optimized with the Yoast SEO plugin v26.8 - https:\/\/yoast.com\/product\/yoast-seo-wordpress\/ -->\n<title>NedZink NOVA STRUCTURE \u2013 NedZink<\/title>\n<meta name=\"robots\" content=\"index, follow, max-snippet:-1, max-image-preview:large, max-video-preview:-1\" \/>\n<link rel=\"canonical\" href=\"https:\/\/www.nedzink.com\/ro\/nedzink-nova-structure\/\" \/>\n<meta property=\"og:locale\" content=\"ro_RO\" \/>\n<meta property=\"og:type\" content=\"article\" \/>\n<meta property=\"og:title\" content=\"NedZink NOVA STRUCTURE \u2013 NedZink\" \/>\n<meta property=\"og:description\" content=\"Titan-zinc pre-patinat structurat &nbsp; Amsterdam Brasilia New York Paris NedZink NOVA STRUCTURE este un titan-zinc pre-patinat care are o suprafa\u0163\u0103 structurat\u0103. Materialul este rulat prin role cu imprimeu, rezult&acirc;nd astfel un material structurat, at&acirc;t pe partea superioar\u0103 c&acirc;t \u015fi pe cea inferioar\u0103. Acest proces se nume\u015fte rulare structurat\u0103. Fi\u015f\u0103 tehnic\u0103 NedZink NOVA STRUCTURAT Titan-zinc pre-patinat [&hellip;]\" \/>\n<meta property=\"og:url\" content=\"https:\/\/www.nedzink.com\/ro\/nedzink-nova-structure\/\" \/>\n<meta property=\"og:site_name\" content=\"NedZink\" \/>\n<meta property=\"og:image\" content=\"https:\/\/www.nedzink.com\/wp-content\/uploads\/import\/cms\/userfiles\/images\/products\/structure_amsterdam.jpg\" \/>\n<meta name=\"twitter:card\" content=\"summary_large_image\" \/>\n<meta name=\"twitter:label1\" content=\"Timp estimat pentru citire\" \/>\n\t<meta name=\"twitter:data1\" content=\"3 minute\" \/>\n<script type=\"application\/ld+json\" class=\"yoast-schema-graph\">{\"@context\":\"https:\/\/schema.org\",\"@graph\":[{\"@type\":\"WebPage\",\"@id\":\"https:\/\/www.nedzink.com\/ro\/nedzink-nova-structure\/\",\"url\":\"https:\/\/www.nedzink.com\/ro\/nedzink-nova-structure\/\",\"name\":\"NedZink NOVA STRUCTURE \u2013 NedZink\",\"isPartOf\":{\"@id\":\"https:\/\/www.nedzink.com\/ro\/#website\"},\"primaryImageOfPage\":{\"@id\":\"https:\/\/www.nedzink.com\/ro\/nedzink-nova-structure\/#primaryimage\"},\"image\":{\"@id\":\"https:\/\/www.nedzink.com\/ro\/nedzink-nova-structure\/#primaryimage\"},\"thumbnailUrl\":\"https:\/\/www.nedzink.com\/wp-content\/uploads\/import\/cms\/userfiles\/images\/products\/structure_amsterdam.jpg\",\"datePublished\":\"2019-04-09T12:28:02+00:00\",\"breadcrumb\":{\"@id\":\"https:\/\/www.nedzink.com\/ro\/nedzink-nova-structure\/#breadcrumb\"},\"inLanguage\":\"ro-RO\",\"potentialAction\":[{\"@type\":\"ReadAction\",\"target\":[\"https:\/\/www.nedzink.com\/ro\/nedzink-nova-structure\/\"]}]},{\"@type\":\"ImageObject\",\"inLanguage\":\"ro-RO\",\"@id\":\"https:\/\/www.nedzink.com\/ro\/nedzink-nova-structure\/#primaryimage\",\"url\":\"https:\/\/www.nedzink.com\/wp-content\/uploads\/import\/cms\/userfiles\/images\/products\/structure_amsterdam.jpg\",\"contentUrl\":\"https:\/\/www.nedzink.com\/wp-content\/uploads\/import\/cms\/userfiles\/images\/products\/structure_amsterdam.jpg\"},{\"@type\":\"BreadcrumbList\",\"@id\":\"https:\/\/www.nedzink.com\/ro\/nedzink-nova-structure\/#breadcrumb\",\"itemListElement\":[{\"@type\":\"ListItem\",\"position\":1,\"name\":\"Home\",\"item\":\"https:\/\/www.nedzink.com\/ro\/\"},{\"@type\":\"ListItem\",\"position\":2,\"name\":\"NedZink NOVA STRUCTURE\"}]},{\"@type\":\"WebSite\",\"@id\":\"https:\/\/www.nedzink.com\/ro\/#website\",\"url\":\"https:\/\/www.nedzink.com\/ro\/\",\"name\":\"NedZink\",\"description\":\"Zink fabrikant\",\"publisher\":{\"@id\":\"https:\/\/www.nedzink.com\/ro\/#organization\"},\"potentialAction\":[{\"@type\":\"SearchAction\",\"target\":{\"@type\":\"EntryPoint\",\"urlTemplate\":\"https:\/\/www.nedzink.com\/ro\/?s={search_term_string}\"},\"query-input\":{\"@type\":\"PropertyValueSpecification\",\"valueRequired\":true,\"valueName\":\"search_term_string\"}}],\"inLanguage\":\"ro-RO\"},{\"@type\":\"Organization\",\"@id\":\"https:\/\/www.nedzink.com\/ro\/#organization\",\"name\":\"NedZink\",\"url\":\"https:\/\/www.nedzink.com\/ro\/\",\"logo\":{\"@type\":\"ImageObject\",\"inLanguage\":\"ro-RO\",\"@id\":\"https:\/\/www.nedzink.com\/ro\/#\/schema\/logo\/image\/\",\"url\":\"https:\/\/www.nedzink.com\/wp-content\/uploads\/2019\/08\/logo-nedzink_fc_zk.jpg\",\"contentUrl\":\"https:\/\/www.nedzink.com\/wp-content\/uploads\/2019\/08\/logo-nedzink_fc_zk.jpg\",\"width\":2160,\"height\":688,\"caption\":\"NedZink\"},\"image\":{\"@id\":\"https:\/\/www.nedzink.com\/ro\/#\/schema\/logo\/image\/\"}}]}<\/script>\n<!-- \/ Yoast SEO plugin. -->","yoast_head_json":{"title":"NedZink NOVA STRUCTURE \u2013 NedZink","robots":{"index":"index","follow":"follow","max-snippet":"max-snippet:-1","max-image-preview":"max-image-preview:large","max-video-preview":"max-video-preview:-1"},"canonical":"https:\/\/www.nedzink.com\/ro\/nedzink-nova-structure\/","og_locale":"ro_RO","og_type":"article","og_title":"NedZink NOVA STRUCTURE \u2013 NedZink","og_description":"Titan-zinc pre-patinat structurat &nbsp; Amsterdam Brasilia New York Paris NedZink NOVA STRUCTURE este un titan-zinc pre-patinat care are o suprafa\u0163\u0103 structurat\u0103. Materialul este rulat prin role cu imprimeu, rezult&acirc;nd astfel un material structurat, at&acirc;t pe partea superioar\u0103 c&acirc;t \u015fi pe cea inferioar\u0103. Acest proces se nume\u015fte rulare structurat\u0103. Fi\u015f\u0103 tehnic\u0103 NedZink NOVA STRUCTURAT Titan-zinc pre-patinat [&hellip;]","og_url":"https:\/\/www.nedzink.com\/ro\/nedzink-nova-structure\/","og_site_name":"NedZink","og_image":[{"url":"https:\/\/www.nedzink.com\/wp-content\/uploads\/import\/cms\/userfiles\/images\/products\/structure_amsterdam.jpg","type":"","width":"","height":""}],"twitter_card":"summary_large_image","twitter_misc":{"Timp estimat pentru citire":"3 minute"},"schema":{"@context":"https:\/\/schema.org","@graph":[{"@type":"WebPage","@id":"https:\/\/www.nedzink.com\/ro\/nedzink-nova-structure\/","url":"https:\/\/www.nedzink.com\/ro\/nedzink-nova-structure\/","name":"NedZink NOVA STRUCTURE \u2013 NedZink","isPartOf":{"@id":"https:\/\/www.nedzink.com\/ro\/#website"},"primaryImageOfPage":{"@id":"https:\/\/www.nedzink.com\/ro\/nedzink-nova-structure\/#primaryimage"},"image":{"@id":"https:\/\/www.nedzink.com\/ro\/nedzink-nova-structure\/#primaryimage"},"thumbnailUrl":"https:\/\/www.nedzink.com\/wp-content\/uploads\/import\/cms\/userfiles\/images\/products\/structure_amsterdam.jpg","datePublished":"2019-04-09T12:28:02+00:00","breadcrumb":{"@id":"https:\/\/www.nedzink.com\/ro\/nedzink-nova-structure\/#breadcrumb"},"inLanguage":"ro-RO","potentialAction":[{"@type":"ReadAction","target":["https:\/\/www.nedzink.com\/ro\/nedzink-nova-structure\/"]}]},{"@type":"ImageObject","inLanguage":"ro-RO","@id":"https:\/\/www.nedzink.com\/ro\/nedzink-nova-structure\/#primaryimage","url":"https:\/\/www.nedzink.com\/wp-content\/uploads\/import\/cms\/userfiles\/images\/products\/structure_amsterdam.jpg","contentUrl":"https:\/\/www.nedzink.com\/wp-content\/uploads\/import\/cms\/userfiles\/images\/products\/structure_amsterdam.jpg"},{"@type":"BreadcrumbList","@id":"https:\/\/www.nedzink.com\/ro\/nedzink-nova-structure\/#breadcrumb","itemListElement":[{"@type":"ListItem","position":1,"name":"Home","item":"https:\/\/www.nedzink.com\/ro\/"},{"@type":"ListItem","position":2,"name":"NedZink NOVA STRUCTURE"}]},{"@type":"WebSite","@id":"https:\/\/www.nedzink.com\/ro\/#website","url":"https:\/\/www.nedzink.com\/ro\/","name":"NedZink","description":"Zink fabrikant","publisher":{"@id":"https:\/\/www.nedzink.com\/ro\/#organization"},"potentialAction":[{"@type":"SearchAction","target":{"@type":"EntryPoint","urlTemplate":"https:\/\/www.nedzink.com\/ro\/?s={search_term_string}"},"query-input":{"@type":"PropertyValueSpecification","valueRequired":true,"valueName":"search_term_string"}}],"inLanguage":"ro-RO"},{"@type":"Organization","@id":"https:\/\/www.nedzink.com\/ro\/#organization","name":"NedZink","url":"https:\/\/www.nedzink.com\/ro\/","logo":{"@type":"ImageObject","inLanguage":"ro-RO","@id":"https:\/\/www.nedzink.com\/ro\/#\/schema\/logo\/image\/","url":"https:\/\/www.nedzink.com\/wp-content\/uploads\/2019\/08\/logo-nedzink_fc_zk.jpg","contentUrl":"https:\/\/www.nedzink.com\/wp-content\/uploads\/2019\/08\/logo-nedzink_fc_zk.jpg","width":2160,"height":688,"caption":"NedZink"},"image":{"@id":"https:\/\/www.nedzink.com\/ro\/#\/schema\/logo\/image\/"}}]}},"_links":{"self":[{"href":"https:\/\/www.nedzink.com\/ro\/wp-json\/wp\/v2\/pages\/12154","targetHints":{"allow":["GET"]}}],"collection":[{"href":"https:\/\/www.nedzink.com\/ro\/wp-json\/wp\/v2\/pages"}],"about":[{"href":"https:\/\/www.nedzink.com\/ro\/wp-json\/wp\/v2\/types\/page"}],"author":[{"embeddable":true,"href":"https:\/\/www.nedzink.com\/ro\/wp-json\/wp\/v2\/users\/9"}],"replies":[{"embeddable":true,"href":"https:\/\/www.nedzink.com\/ro\/wp-json\/wp\/v2\/comments?post=12154"}],"version-history":[{"count":0,"href":"https:\/\/www.nedzink.com\/ro\/wp-json\/wp\/v2\/pages\/12154\/revisions"}],"wp:attachment":[{"href":"https:\/\/www.nedzink.com\/ro\/wp-json\/wp\/v2\/media?parent=12154"}],"curies":[{"name":"wp","href":"https:\/\/api.w.org\/{rel}","templated":true}]}}