{"id":12124,"date":"2019-04-09T14:27:58","date_gmt":"2019-04-09T12:27:58","guid":{"rendered":"http:\/\/136.144.181.85\/~nedzink\/material\/nedzink-nuance-blue\/"},"modified":"2019-04-09T14:27:58","modified_gmt":"2019-04-09T12:27:58","slug":"nedzink-nuance-blue","status":"publish","type":"page","link":"https:\/\/www.nedzink.com\/ro\/nedzink-nuance-blue\/","title":{"rendered":"NedZink Nuance Blue"},"content":{"rendered":"<h2><img decoding=\"async\" alt=\"\" src=\"https:\/\/www.nedzink.com\/wp-content\/uploads\/import\/cms\/userfiles\/images\/products\/nuance-blue-hv.jpg\" style=\"width: 120px; height: 116px; margin-right: 10px; margin-left: 10px; float: right;\" \/><\/h2>\n<p><strong>NedZink NUANCE<\/strong> este un titan-zinc pre-patinat c\u0103ruia i se aplic\u0103 pigmen\u0163i de culoare.&nbsp;Rezultatele depind de pigmentul selectat pentru pre-patinarea zincului, cu nuan\u0163e de culoare albastru, ro\u015fu sau verde.<\/p>\n<p style=\"margin-bottom: 0cm; line-height: 100%\"><strong><u>NedZink NUANCE Blue<\/u><\/strong> este un titan-zinc pre-patinat &icirc;ntr-o nuan\u0163\u0103 de albastru.<\/p>\n<p>Propriet\u0103\u0163ile naturale ale titan-zincului, durabilitatea, lipsa mentenan\u0163ei \u015fi maleabilitatea excelent\u0103, r\u0103m&acirc;n neschimbate.<\/p>\n<p>NedZink NUANCE este folosit cu preponderen\u0163\u0103 pentru aplica\u0163ii estetice de &icirc;nalt\u0103 calitate: &icirc;n exterior la fa\u0163ade \u015fi acoperi\u015furi, iar la interior la diverse aplica\u0163ii de design.<\/p>\n<p>&nbsp;<\/p>\n<h3>Titan-zinc pre-patinat cu nuan\u0163e de culoare<\/h3>\n<h2 align=\"left\">NedZink NUANCE<\/h2>\n<p><img decoding=\"async\" alt=\"\" src=\"https:\/\/www.nedzink.com\/wp-content\/uploads\/import\/cms\/userfiles\/images\/divers\/2016\/project-blue.jpg\" style=\"width: 283px; height: 121px;\" \/>&nbsp;&nbsp;<img decoding=\"async\" alt=\"\" src=\"https:\/\/www.nedzink.com\/wp-content\/uploads\/import\/cms\/userfiles\/images\/divers\/2016\/project-red.jpg\" style=\"width: 226px; height: 121px;\" \/> &nbsp;<img decoding=\"async\" alt=\"\" src=\"https:\/\/www.nedzink.com\/wp-content\/uploads\/import\/cms\/userfiles\/images\/divers\/2016\/project-green.jpg\" style=\"width: 157px; height: 121px;\" \/>&nbsp;&nbsp;<\/p>\n<h3>Descrierea produsului<\/h3>\n<p style=\"text-align: justify;\">NedZink NUANCE&nbsp;este un titan-zinc pre-patinat c\u0103ruia i se aplic\u0103 pigmen\u0163i de culoare.&nbsp;Rezultatele depind de pigmentul selectat pentru pre-patinarea zincului cu nuan\u0163e de culoare albastru, ro\u015fu sau verde. Ace\u015fti pigmen\u0163i asigur\u0103 o protec\u0163ie suplimentar\u0103 titan-zincului.<\/p>\n<p style=\"text-align: justify;\">Propriet\u0103\u0163ile naturale ale titan-zincului, durabilitatea, lipsa mentenan\u0163ei \u015fi maleabilitatea excelent\u0103, r\u0103m&acirc;n neschimbate.<\/p>\n<p style=\"text-align: justify;\">NedZink NUANCE este folosit cu preponderen\u0163\u0103 pentru aplica\u0163ii estetice de &icirc;nalt\u0103 calitate: &icirc;n exterior la fa\u0163ade \u015fi acoperi\u015furi, iar la interior la diverse aplica\u0163ii de design.<\/p>\n<p style=\"text-align: justify;\">Gama de produse NedZink NUANCE este disponibil\u0103 &icirc;n trei variante de finisare:<\/p>\n<p style=\"text-align: justify;\"><img decoding=\"async\" alt=\"\" src=\"https:\/\/www.nedzink.com\/wp-content\/uploads\/import\/cms\/userfiles\/images\/products\/nuance-blue-hv.jpg\" style=\"width: 126px; height: 121px;\" \/>&nbsp;&nbsp;&nbsp;&nbsp;&nbsp;&nbsp;&nbsp;&nbsp;&nbsp;&nbsp;&nbsp;&nbsp;&nbsp; &nbsp;&nbsp;&nbsp;&nbsp;&nbsp; <img decoding=\"async\" alt=\"\" src=\"https:\/\/www.nedzink.com\/wp-content\/uploads\/import\/cms\/userfiles\/images\/products\/nuance-red-hv.jpg\" style=\"width: 128px; height: 121px;\" \/>&nbsp;&nbsp;&nbsp;&nbsp;&nbsp;&nbsp;&nbsp;&nbsp;&nbsp;&nbsp;&nbsp;&nbsp;&nbsp;&nbsp;&nbsp; &nbsp;&nbsp;&nbsp; <img decoding=\"async\" alt=\"\" src=\"https:\/\/www.nedzink.com\/wp-content\/uploads\/import\/cms\/userfiles\/images\/products\/nuance-green-hv.jpg\" style=\"width: 121px; height: 121px;\" \/><\/p>\n<p style=\"text-align: justify;\"><strong>NUANCE &#39;Blue&#39;&nbsp;&nbsp;&nbsp;&nbsp;&nbsp;&nbsp;&nbsp;&nbsp;&nbsp;&nbsp;&nbsp;&nbsp;&nbsp;&nbsp;&nbsp;&nbsp;&nbsp;&nbsp;&nbsp;&nbsp;&nbsp;&nbsp;&nbsp;&nbsp;&nbsp;&nbsp;&nbsp;&nbsp;&nbsp;&nbsp; NUANCE &#39;Red&#39;&nbsp;&nbsp;&nbsp;&nbsp;&nbsp;&nbsp;&nbsp;&nbsp;&nbsp;&nbsp;&nbsp;&nbsp;&nbsp;&nbsp;&nbsp;&nbsp;&nbsp;&nbsp;&nbsp;&nbsp;&nbsp;&nbsp;&nbsp;&nbsp;&nbsp;&nbsp;&nbsp;&nbsp;&nbsp;&nbsp;&nbsp; NUANCE &#39;Green&#39;<\/strong><\/p>\n<p style=\"text-align: justify;\">Nedzink NUANCE este un titan-zinc produs conform EN 988 c\u0103ruia i se aplic\u0103 un proces de patinare. &Icirc;n componen\u0163a aliajului intr\u0103 mici cantit\u0103\u0163i de cupru, titaniu \u015fi aluminiu ad\u0103ugate zincului rafinat electrolitic (cu o puritate de min. 99,995% Zn, Z1 conform EN 1179) bazat pe EN 988. Compozi\u0163ia chimic\u0103, propriet\u0103\u0163ile mecanice \u015fi fizice \u0219i m\u0103surarea toleran\u0163elor sunt determinate de certificatul KOMO \u015fi de certificarea produsului de c\u0103tre Loyd&rsquo; s Register, LRIQS (Aprobare nr. QIS122).<\/p>\n<p style=\"text-align: justify;\">Propriet\u0103\u0163ile finite ale materialului sunt verificate periodic de c\u0103tre un institut de cercetare independent. Aceast\u0103 certificare a produsului \u015fi certificatul ISO 9001:2008 pentru calitatea sistemului de management al NedZink asigur\u0103 un standard de calitate constant \u015fi uniform, dep\u0103\u015find cu mult prevederile standardului EN 988.<\/p>\n<h3>Gama de produse<\/h3>\n<p><img loading=\"lazy\" decoding=\"async\" alt=\"\" height=\"120\" src=\"https:\/\/www.nedzink.com\/wp-content\/uploads\/import\/cms\/userfiles\/images\/images_RO\/RO_Nuance_01.jpg\" width=\"538\" \/><\/p>\n<h3>Transport \u015fi depozitare<\/h3>\n<p style=\"text-align: justify;\">Produsele NedZink sunt &icirc;mpachetate \u015fi livrate &icirc;ntr-un mediu uscat. Se recomand\u0103 ca depozitarea titan-zincului s\u0103 se fac\u0103 &icirc;ntr-un mediu uscat \u015fi cu o temperatur\u0103 constant\u0103 pe c&acirc;t posibil. Depozitarea &icirc;n acest mod reduce probabilitatea form\u0103rii condensului.<\/p>\n<h3>Procesare \u015fi recomand\u0103ri specifice<\/h3>\n<p style=\"text-align: justify;\">NedZink NUANCE este instalat cu partea vizibil\u0103 c\u0103tre exterior. Direc\u0163ia instal\u0103rii, indicat\u0103 prin s\u0103ge\u0163i pe spate, trebuie respectat\u0103 &icirc;ntotdeauna. NedZink NUANCE este un produs natural \u015fi &icirc;n consecin\u0163\u0103 pot ap\u0103rea diferen\u0163e mici de nuan\u0163\u0103. Printr-un proces unic de fabrica\u0163ie rezult\u0103 o culoare uniform\u0103, dar exist\u0103 posibilitatea ca nuan\u0163a s\u0103 varieze (legat\u0103 de lotul de fabrica\u0163ie). Se recomand\u0103 folosirea materialului din acela\u015fi lot de fabrica\u0163ie pentru fiecare proiect &icirc;n parte pentru a evita varia\u0163iile de nuan\u0163\u0103.<\/p>\n<p style=\"text-align: justify;\">La cerere, NedZink NUANCE este disponibil cu o folie de protec\u0163ie pentru protejarea produsului &icirc;n timpul transportului \u015fi asambl\u0103rii. Aceast\u0103 folie trebuie &icirc;nl\u0103turat\u0103 printr-o mi\u015fcare lin\u0103, imediat dup\u0103 instalarea produsului. Deformarea mecanic\u0103 a zincului sub o temperatur\u0103 de 7\u2070C a materialului nu este permis\u0103.<\/p>\n<p style=\"text-align: justify;\">Pentru cositorirea corespunz\u0103toare a NedZink NUANCE, suprafa\u0163a trebuie cur\u0103\u0163at\u0103 de pigmen\u0163i \u015fi de stratul de fosfat p&acirc;n\u0103 c&acirc;nd str\u0103lucirea metalic\u0103 specific\u0103 zincului nou este vizibil\u0103.<\/p>\n<h3>Garan\u0163ie<\/h3>\n<p style=\"text-align: justify;\">Pentru NedZink NUANCE este valabil\u0103 garan\u0163ia materialului standard. Durabilitatea culorii depinde de mediul &icirc;n care este pus &icirc;n oper\u0103, NedZink nu garanteaz\u0103 durata de via\u0163\u0103 a culorii.<\/p>\n<h3>Propriet\u0103\u0163ile materialului<\/h3>\n<p style=\"text-align: justify;\">O \u015ftampil\u0103 continu\u0103 este aplicat\u0103 pe spatele tuturor produselor &icirc;n concordan\u0163\u0103 cu prevederile normativului EN 988 cu urm\u0103toarele marcaje:<br \/>\n&#8211; NedZink NTZ<br \/>\n&#8211; Numele titan-zincului &icirc;n 4 limbi: olandez\u0103, german\u0103, francez\u0103 \u015fi englez\u0103.<br \/>\n&#8211; Standard produs EN 988<br \/>\n&#8211; Grosimea nominal\u0103<br \/>\n&#8211; Num\u0103r lot<br \/>\n&#8211; Anul produc\u0163iei<br \/>\n&#8211; Logouri KOMO \u015fi Lloyd&rsquo;s Register<\/p>\n<p style=\"text-align: justify;\">Pentru informa\u0163ii despre gama de produse \u015fi procesarea produselor Nedzink, accesa\u0163i www.nedzink.com.<\/p>\n","protected":false},"excerpt":{"rendered":"<p>NedZink NUANCE este un titan-zinc pre-patinat c\u0103ruia i se aplic\u0103 pigmen\u0163i de culoare.&nbsp;Rezultatele depind de pigmentul selectat pentru pre-patinarea zincului, cu nuan\u0163e de culoare albastru, ro\u015fu sau verde. NedZink NUANCE Blue este un titan-zinc pre-patinat &icirc;ntr-o nuan\u0163\u0103 de albastru. Propriet\u0103\u0163ile naturale ale titan-zincului, durabilitatea, lipsa mentenan\u0163ei \u015fi maleabilitatea excelent\u0103, r\u0103m&acirc;n neschimbate. NedZink NUANCE este folosit [&hellip;]<\/p>\n","protected":false},"author":9,"featured_media":0,"parent":0,"menu_order":40,"comment_status":"closed","ping_status":"closed","template":"template-import.php","meta":{"_acf_changed":false,"footnotes":""},"class_list":["post-12124","page","type-page","status-publish","hentry"],"acf":[],"yoast_head":"<!-- This site is optimized with the Yoast SEO plugin v26.8 - https:\/\/yoast.com\/product\/yoast-seo-wordpress\/ -->\n<title>NedZink Nuance Blue \u2013 NedZink<\/title>\n<meta name=\"robots\" content=\"index, follow, max-snippet:-1, max-image-preview:large, max-video-preview:-1\" \/>\n<link rel=\"canonical\" href=\"https:\/\/www.nedzink.com\/ro\/nedzink-nuance-blue\/\" \/>\n<meta property=\"og:locale\" content=\"ro_RO\" \/>\n<meta property=\"og:type\" content=\"article\" \/>\n<meta property=\"og:title\" content=\"NedZink Nuance Blue \u2013 NedZink\" \/>\n<meta property=\"og:description\" content=\"NedZink NUANCE este un titan-zinc pre-patinat c\u0103ruia i se aplic\u0103 pigmen\u0163i de culoare.&nbsp;Rezultatele depind de pigmentul selectat pentru pre-patinarea zincului, cu nuan\u0163e de culoare albastru, ro\u015fu sau verde. NedZink NUANCE Blue este un titan-zinc pre-patinat &icirc;ntr-o nuan\u0163\u0103 de albastru. Propriet\u0103\u0163ile naturale ale titan-zincului, durabilitatea, lipsa mentenan\u0163ei \u015fi maleabilitatea excelent\u0103, r\u0103m&acirc;n neschimbate. NedZink NUANCE este folosit [&hellip;]\" \/>\n<meta property=\"og:url\" content=\"https:\/\/www.nedzink.com\/ro\/nedzink-nuance-blue\/\" \/>\n<meta property=\"og:site_name\" content=\"NedZink\" \/>\n<meta property=\"og:image\" content=\"https:\/\/www.nedzink.com\/wp-content\/uploads\/import\/cms\/userfiles\/images\/products\/nuance-blue-hv.jpg\" \/>\n<meta name=\"twitter:card\" content=\"summary_large_image\" \/>\n<meta name=\"twitter:label1\" content=\"Timp estimat pentru citire\" \/>\n\t<meta name=\"twitter:data1\" content=\"4 minute\" \/>\n<script type=\"application\/ld+json\" class=\"yoast-schema-graph\">{\"@context\":\"https:\/\/schema.org\",\"@graph\":[{\"@type\":\"WebPage\",\"@id\":\"https:\/\/www.nedzink.com\/ro\/nedzink-nuance-blue\/\",\"url\":\"https:\/\/www.nedzink.com\/ro\/nedzink-nuance-blue\/\",\"name\":\"NedZink Nuance Blue \u2013 NedZink\",\"isPartOf\":{\"@id\":\"https:\/\/www.nedzink.com\/ro\/#website\"},\"primaryImageOfPage\":{\"@id\":\"https:\/\/www.nedzink.com\/ro\/nedzink-nuance-blue\/#primaryimage\"},\"image\":{\"@id\":\"https:\/\/www.nedzink.com\/ro\/nedzink-nuance-blue\/#primaryimage\"},\"thumbnailUrl\":\"https:\/\/www.nedzink.com\/wp-content\/uploads\/import\/cms\/userfiles\/images\/products\/nuance-blue-hv.jpg\",\"datePublished\":\"2019-04-09T12:27:58+00:00\",\"breadcrumb\":{\"@id\":\"https:\/\/www.nedzink.com\/ro\/nedzink-nuance-blue\/#breadcrumb\"},\"inLanguage\":\"ro-RO\",\"potentialAction\":[{\"@type\":\"ReadAction\",\"target\":[\"https:\/\/www.nedzink.com\/ro\/nedzink-nuance-blue\/\"]}]},{\"@type\":\"ImageObject\",\"inLanguage\":\"ro-RO\",\"@id\":\"https:\/\/www.nedzink.com\/ro\/nedzink-nuance-blue\/#primaryimage\",\"url\":\"https:\/\/www.nedzink.com\/wp-content\/uploads\/import\/cms\/userfiles\/images\/products\/nuance-blue-hv.jpg\",\"contentUrl\":\"https:\/\/www.nedzink.com\/wp-content\/uploads\/import\/cms\/userfiles\/images\/products\/nuance-blue-hv.jpg\"},{\"@type\":\"BreadcrumbList\",\"@id\":\"https:\/\/www.nedzink.com\/ro\/nedzink-nuance-blue\/#breadcrumb\",\"itemListElement\":[{\"@type\":\"ListItem\",\"position\":1,\"name\":\"Home\",\"item\":\"https:\/\/www.nedzink.com\/ro\/\"},{\"@type\":\"ListItem\",\"position\":2,\"name\":\"NedZink Nuance Blue\"}]},{\"@type\":\"WebSite\",\"@id\":\"https:\/\/www.nedzink.com\/ro\/#website\",\"url\":\"https:\/\/www.nedzink.com\/ro\/\",\"name\":\"NedZink\",\"description\":\"Zink fabrikant\",\"publisher\":{\"@id\":\"https:\/\/www.nedzink.com\/ro\/#organization\"},\"potentialAction\":[{\"@type\":\"SearchAction\",\"target\":{\"@type\":\"EntryPoint\",\"urlTemplate\":\"https:\/\/www.nedzink.com\/ro\/?s={search_term_string}\"},\"query-input\":{\"@type\":\"PropertyValueSpecification\",\"valueRequired\":true,\"valueName\":\"search_term_string\"}}],\"inLanguage\":\"ro-RO\"},{\"@type\":\"Organization\",\"@id\":\"https:\/\/www.nedzink.com\/ro\/#organization\",\"name\":\"NedZink\",\"url\":\"https:\/\/www.nedzink.com\/ro\/\",\"logo\":{\"@type\":\"ImageObject\",\"inLanguage\":\"ro-RO\",\"@id\":\"https:\/\/www.nedzink.com\/ro\/#\/schema\/logo\/image\/\",\"url\":\"https:\/\/www.nedzink.com\/wp-content\/uploads\/2019\/08\/logo-nedzink_fc_zk.jpg\",\"contentUrl\":\"https:\/\/www.nedzink.com\/wp-content\/uploads\/2019\/08\/logo-nedzink_fc_zk.jpg\",\"width\":2160,\"height\":688,\"caption\":\"NedZink\"},\"image\":{\"@id\":\"https:\/\/www.nedzink.com\/ro\/#\/schema\/logo\/image\/\"}}]}<\/script>\n<!-- \/ Yoast SEO plugin. -->","yoast_head_json":{"title":"NedZink Nuance Blue \u2013 NedZink","robots":{"index":"index","follow":"follow","max-snippet":"max-snippet:-1","max-image-preview":"max-image-preview:large","max-video-preview":"max-video-preview:-1"},"canonical":"https:\/\/www.nedzink.com\/ro\/nedzink-nuance-blue\/","og_locale":"ro_RO","og_type":"article","og_title":"NedZink Nuance Blue \u2013 NedZink","og_description":"NedZink NUANCE este un titan-zinc pre-patinat c\u0103ruia i se aplic\u0103 pigmen\u0163i de culoare.&nbsp;Rezultatele depind de pigmentul selectat pentru pre-patinarea zincului, cu nuan\u0163e de culoare albastru, ro\u015fu sau verde. NedZink NUANCE Blue este un titan-zinc pre-patinat &icirc;ntr-o nuan\u0163\u0103 de albastru. Propriet\u0103\u0163ile naturale ale titan-zincului, durabilitatea, lipsa mentenan\u0163ei \u015fi maleabilitatea excelent\u0103, r\u0103m&acirc;n neschimbate. NedZink NUANCE este folosit [&hellip;]","og_url":"https:\/\/www.nedzink.com\/ro\/nedzink-nuance-blue\/","og_site_name":"NedZink","og_image":[{"url":"https:\/\/www.nedzink.com\/wp-content\/uploads\/import\/cms\/userfiles\/images\/products\/nuance-blue-hv.jpg","type":"","width":"","height":""}],"twitter_card":"summary_large_image","twitter_misc":{"Timp estimat pentru citire":"4 minute"},"schema":{"@context":"https:\/\/schema.org","@graph":[{"@type":"WebPage","@id":"https:\/\/www.nedzink.com\/ro\/nedzink-nuance-blue\/","url":"https:\/\/www.nedzink.com\/ro\/nedzink-nuance-blue\/","name":"NedZink Nuance Blue \u2013 NedZink","isPartOf":{"@id":"https:\/\/www.nedzink.com\/ro\/#website"},"primaryImageOfPage":{"@id":"https:\/\/www.nedzink.com\/ro\/nedzink-nuance-blue\/#primaryimage"},"image":{"@id":"https:\/\/www.nedzink.com\/ro\/nedzink-nuance-blue\/#primaryimage"},"thumbnailUrl":"https:\/\/www.nedzink.com\/wp-content\/uploads\/import\/cms\/userfiles\/images\/products\/nuance-blue-hv.jpg","datePublished":"2019-04-09T12:27:58+00:00","breadcrumb":{"@id":"https:\/\/www.nedzink.com\/ro\/nedzink-nuance-blue\/#breadcrumb"},"inLanguage":"ro-RO","potentialAction":[{"@type":"ReadAction","target":["https:\/\/www.nedzink.com\/ro\/nedzink-nuance-blue\/"]}]},{"@type":"ImageObject","inLanguage":"ro-RO","@id":"https:\/\/www.nedzink.com\/ro\/nedzink-nuance-blue\/#primaryimage","url":"https:\/\/www.nedzink.com\/wp-content\/uploads\/import\/cms\/userfiles\/images\/products\/nuance-blue-hv.jpg","contentUrl":"https:\/\/www.nedzink.com\/wp-content\/uploads\/import\/cms\/userfiles\/images\/products\/nuance-blue-hv.jpg"},{"@type":"BreadcrumbList","@id":"https:\/\/www.nedzink.com\/ro\/nedzink-nuance-blue\/#breadcrumb","itemListElement":[{"@type":"ListItem","position":1,"name":"Home","item":"https:\/\/www.nedzink.com\/ro\/"},{"@type":"ListItem","position":2,"name":"NedZink Nuance Blue"}]},{"@type":"WebSite","@id":"https:\/\/www.nedzink.com\/ro\/#website","url":"https:\/\/www.nedzink.com\/ro\/","name":"NedZink","description":"Zink fabrikant","publisher":{"@id":"https:\/\/www.nedzink.com\/ro\/#organization"},"potentialAction":[{"@type":"SearchAction","target":{"@type":"EntryPoint","urlTemplate":"https:\/\/www.nedzink.com\/ro\/?s={search_term_string}"},"query-input":{"@type":"PropertyValueSpecification","valueRequired":true,"valueName":"search_term_string"}}],"inLanguage":"ro-RO"},{"@type":"Organization","@id":"https:\/\/www.nedzink.com\/ro\/#organization","name":"NedZink","url":"https:\/\/www.nedzink.com\/ro\/","logo":{"@type":"ImageObject","inLanguage":"ro-RO","@id":"https:\/\/www.nedzink.com\/ro\/#\/schema\/logo\/image\/","url":"https:\/\/www.nedzink.com\/wp-content\/uploads\/2019\/08\/logo-nedzink_fc_zk.jpg","contentUrl":"https:\/\/www.nedzink.com\/wp-content\/uploads\/2019\/08\/logo-nedzink_fc_zk.jpg","width":2160,"height":688,"caption":"NedZink"},"image":{"@id":"https:\/\/www.nedzink.com\/ro\/#\/schema\/logo\/image\/"}}]}},"_links":{"self":[{"href":"https:\/\/www.nedzink.com\/ro\/wp-json\/wp\/v2\/pages\/12124","targetHints":{"allow":["GET"]}}],"collection":[{"href":"https:\/\/www.nedzink.com\/ro\/wp-json\/wp\/v2\/pages"}],"about":[{"href":"https:\/\/www.nedzink.com\/ro\/wp-json\/wp\/v2\/types\/page"}],"author":[{"embeddable":true,"href":"https:\/\/www.nedzink.com\/ro\/wp-json\/wp\/v2\/users\/9"}],"replies":[{"embeddable":true,"href":"https:\/\/www.nedzink.com\/ro\/wp-json\/wp\/v2\/comments?post=12124"}],"version-history":[{"count":0,"href":"https:\/\/www.nedzink.com\/ro\/wp-json\/wp\/v2\/pages\/12124\/revisions"}],"wp:attachment":[{"href":"https:\/\/www.nedzink.com\/ro\/wp-json\/wp\/v2\/media?parent=12124"}],"curies":[{"name":"wp","href":"https:\/\/api.w.org\/{rel}","templated":true}]}}