{"id":12094,"date":"2019-04-09T14:27:54","date_gmt":"2019-04-09T12:27:54","guid":{"rendered":"http:\/\/136.144.181.85\/~nedzink\/material\/nedzink-natural\/"},"modified":"2019-04-09T14:27:54","modified_gmt":"2019-04-09T12:27:54","slug":"nedzink-natural","status":"publish","type":"page","link":"https:\/\/www.nedzink.com\/ro\/nedzink-natural\/","title":{"rendered":"NedZink NATURAL"},"content":{"rendered":"<h2><img decoding=\"async\" alt=\"\" src=\"https:\/\/www.nedzink.com\/wp-content\/uploads\/import\/cms\/userfiles\/images\/products\/walsblank2.jpg\" style=\"border-bottom: 0px solid; border-left: 0px solid; margin: 10px; width: 150px; float: right; height: 150px; border-top: 0px solid; border-right: 0px solid\" \/>Titan zinc Natural &icirc;n foi, benzi sau rulouri<\/h2>\n<p>NedZink NATURAL este un material estetic \u015fi durabil care dezvolt\u0103 de-a lungul timpului un farmec aparte printr-o patinare progresiv\u0103 sub influen\u0163a condi\u0163iilor meteorologice. Un strat de patin\u0103 se formeaz\u0103 pe suprafa\u0163a materialului. Aceast\u0103 proprietate face ca Nedzink Natural s\u0103 fie folosit &icirc;n mod principal unde sunt necesare aspectul natural \u0219i plin de via\u0163\u0103, costul eficient \u015fi durabilitatea.<\/p>\n<p>&nbsp;<\/p>\n<p>&nbsp;<a href=\"https:\/\/www.nedzink.com\/wp-content\/uploads\/import\/downloads\/pdf\/35\/13425-UK-Datasheet_3_NATUREL_v3.pdf\" target=\"PDF\" rel=\"noopener noreferrer\">Fi\u015f\u0103 tehnic\u0103 NedZink NATURAL<\/a><\/p>\n<h3>Titan-zinc Natural &icirc;n foi, benzi sau rulouri<\/h3>\n<h2 align=\"left\">NedZink NATURAL<\/h2>\n<p><img decoding=\"async\" alt=\"\" src=\"https:\/\/www.nedzink.com\/wp-content\/uploads\/import\/cms\/userfiles\/images\/divers\/2015\/naturel-foto1.jpg\" style=\"height: 121px; width: 121px\" \/>&nbsp; <img decoding=\"async\" alt=\"\" src=\"https:\/\/www.nedzink.com\/wp-content\/uploads\/import\/cms\/userfiles\/images\/divers\/2015\/naturel-foto-2.jpg\" style=\"height: 122px; width: 206px\" \/>&nbsp;&nbsp;<img decoding=\"async\" alt=\"\" src=\"https:\/\/www.nedzink.com\/wp-content\/uploads\/import\/cms\/userfiles\/images\/divers\/2015\/naturel-foto-3.jpg\" style=\"height: 121px; width: 208px\" \/>&nbsp;&nbsp;<img decoding=\"async\" alt=\"\" src=\"https:\/\/www.nedzink.com\/wp-content\/uploads\/import\/cms\/userfiles\/images\/divers\/2015\/naturel-foto-4.jpg\" style=\"height: 121px; width: 121px\" \/><\/p>\n<h3>Descrierea produsului<\/h3>\n<p style=\"text-align: justify;\">NedZink NATURAL este un titan-zinc produs de c\u0103tre NedZink conform standardului EN 988.<\/p>\n<p style=\"text-align: justify;\">Este folosit cu preponderen\u0163\u0103 la acoperi\u015furi, fa\u0163ade, sisteme de drenaj pluvial \u015fi accesorii ale acestora.<\/p>\n<p style=\"text-align: justify;\">&Icirc;n componen\u0163a aliajului intr\u0103 mici cantit\u0103\u0163i de cupru, titaniu \u015fi aluminiu, ad\u0103ugate zincului rafinat electrolitic (cu o puritate de min. 99,995% Zn, Z1 conform EN 1179) bazat pe EN 988. Compozi\u0163ia chimic\u0103, propriet\u0103\u0163ile mecanice \u015fi fizice \u0219i m\u0103surarea toleran\u0163elor sunt determinate de certificatul KOMO \u015fi de certificarea produsului de c\u0103tre Loyd&rsquo; s Register, LRIQS (Aprobare nr. QIS122).<\/p>\n<p style=\"text-align: justify;\">Propriet\u0103\u0163ile finite ale materialului sunt verificate periodic de c\u0103tre un institut de cercetare independent. Aceast\u0103 certificare a produsului \u015fi certificatul ISO 9001:2008 pentru calitatea sistemului de management al Nedzink, asigur\u0103 un standard de calitate constant \u015fi uniform, dep\u0103\u015find cu mult prevederile standardului EN 988.<\/p>\n<h3>Forme \u015fi dimensiuni<\/h3>\n<p><img loading=\"lazy\" decoding=\"async\" alt=\"\" height=\"512\" src=\"https:\/\/www.nedzink.com\/wp-content\/uploads\/import\/cms\/userfiles\/images\/images_RO\/RO_Natural.jpg\" width=\"533\" \/><\/p>\n<h3>Transport \u015fi depozitare<\/h3>\n<p style=\"text-align: justify;\">Produsele NedZink sunt &icirc;mpachetate \u015fi trimise &icirc;ntr-un mediu uscat. Se recomand\u0103 ca depozitarea titan-zincului s\u0103 se fac\u0103 &icirc;ntr-un mediu uscat \u015fi cu o temperatur\u0103 constant\u0103 pe c&acirc;t posibil. Depozitarea &icirc;n acest mod reduce probabilitatea form\u0103rii condensului.<\/p>\n<h3>Suprafa\u0163a<\/h3>\n<p style=\"text-align: justify;\">NedZink NATURAL are o suprafa\u0163\u0103 neted\u0103. Dup\u0103 punerea &icirc;n oper\u0103, un strat de patin\u0103 insolubil se formeaz\u0103 dup\u0103 o perioad\u0103 de timp, sub influen\u0163a condi\u0163iilor meteorologice. &Icirc;n timp este inevitabil ca suprafa\u0163a s\u0103 nu capete un aspect neregulat. Dac\u0103 de la &icirc;nceput este necesar\u0103 o culoare natural\u0103 de gri sau negru antracit, recomand\u0103m folosirea NedZink NOVA sau NedZink NOIR. Acestea sunt dou\u0103 nuan\u0163e diferite de titan-zinc de la NedZink.<\/p>\n<h3>Procesare<\/h3>\n<p>Deformarea mecanic\u0103 a zincului sub o temperatur\u0103 de 7\u2070C a materialului nu este permis\u0103.<\/p>\n<h3>Propriet\u0103\u0163ile materialului<\/h3>\n<p style=\"text-align: justify;\">O \u015ftampil\u0103 continu\u0103 este aplicat\u0103 pe spatele tuturor produselor, &icirc;n concordan\u0163\u0103 cu prevederile normativului EN 988, cu urm\u0103toarele marcaje:<br \/>\n&#8211; NedZink NTZ<br \/>\n&#8211; Numele titan-zincului &icirc;n 4 limbi: olandez\u0103, german\u0103, francez\u0103 \u015fi englez\u0103.<br \/>\n&#8211; Standard produs EN 988<br \/>\n&#8211; Grosimea nominal\u0103<br \/>\n&#8211; Num\u0103r lot<br \/>\n&#8211; Anul produc\u0163iei<br \/>\n&#8211; Logouri KOMO \u015fi Lloyd&rsquo;s Register<\/p>\n<p style=\"text-align: justify;\">Produsele furnizate pentru a fi elemente componente ale unui sistem, conform cu principiile de procesare \u015fi punere &icirc;n oper\u0103, vor r\u0103m&acirc;ne rezistente la ap\u0103 \u015fi f\u0103r\u0103 perfora\u0163ii datorate defectelor de fabricare.<\/p>\n<p style=\"text-align: justify;\">Pentru informa\u0163ii despre gama de produse \u015fi procesarea produselor NedZink, accesa\u0163i www.nedzink.com.<\/p>\n","protected":false},"excerpt":{"rendered":"<p>Titan zinc Natural &icirc;n foi, benzi sau rulouri NedZink NATURAL este un material estetic \u015fi durabil care dezvolt\u0103 de-a lungul timpului un farmec aparte printr-o patinare progresiv\u0103 sub influen\u0163a condi\u0163iilor meteorologice. Un strat de patin\u0103 se formeaz\u0103 pe suprafa\u0163a materialului. Aceast\u0103 proprietate face ca Nedzink Natural s\u0103 fie folosit &icirc;n mod principal unde sunt necesare [&hellip;]<\/p>\n","protected":false},"author":9,"featured_media":0,"parent":0,"menu_order":10,"comment_status":"closed","ping_status":"closed","template":"template-import.php","meta":{"_acf_changed":false,"footnotes":""},"class_list":["post-12094","page","type-page","status-publish","hentry"],"acf":[],"yoast_head":"<!-- This site is optimized with the Yoast SEO plugin v26.8 - https:\/\/yoast.com\/product\/yoast-seo-wordpress\/ -->\n<title>NedZink NATURAL &#8211; NedZink<\/title>\n<meta name=\"robots\" content=\"index, follow, max-snippet:-1, max-image-preview:large, max-video-preview:-1\" \/>\n<link rel=\"canonical\" href=\"https:\/\/www.nedzink.com\/ro\/nedzink-natural\/\" \/>\n<meta property=\"og:locale\" content=\"ro_RO\" \/>\n<meta property=\"og:type\" content=\"article\" \/>\n<meta property=\"og:title\" content=\"NedZink NATURAL &#8211; NedZink\" \/>\n<meta property=\"og:description\" content=\"Titan zinc Natural &icirc;n foi, benzi sau rulouri NedZink NATURAL este un material estetic \u015fi durabil care dezvolt\u0103 de-a lungul timpului un farmec aparte printr-o patinare progresiv\u0103 sub influen\u0163a condi\u0163iilor meteorologice. Un strat de patin\u0103 se formeaz\u0103 pe suprafa\u0163a materialului. Aceast\u0103 proprietate face ca Nedzink Natural s\u0103 fie folosit &icirc;n mod principal unde sunt necesare [&hellip;]\" \/>\n<meta property=\"og:url\" content=\"https:\/\/www.nedzink.com\/ro\/nedzink-natural\/\" \/>\n<meta property=\"og:site_name\" content=\"NedZink\" \/>\n<meta property=\"og:image\" content=\"https:\/\/www.nedzink.com\/wp-content\/uploads\/import\/cms\/userfiles\/images\/products\/walsblank2.jpg\" \/>\n<meta name=\"twitter:card\" content=\"summary_large_image\" \/>\n<meta name=\"twitter:label1\" content=\"Timp estimat pentru citire\" \/>\n\t<meta name=\"twitter:data1\" content=\"2 minute\" \/>\n<script type=\"application\/ld+json\" class=\"yoast-schema-graph\">{\"@context\":\"https:\/\/schema.org\",\"@graph\":[{\"@type\":\"WebPage\",\"@id\":\"https:\/\/www.nedzink.com\/ro\/nedzink-natural\/\",\"url\":\"https:\/\/www.nedzink.com\/ro\/nedzink-natural\/\",\"name\":\"NedZink NATURAL &#8211; NedZink\",\"isPartOf\":{\"@id\":\"https:\/\/www.nedzink.com\/ro\/#website\"},\"primaryImageOfPage\":{\"@id\":\"https:\/\/www.nedzink.com\/ro\/nedzink-natural\/#primaryimage\"},\"image\":{\"@id\":\"https:\/\/www.nedzink.com\/ro\/nedzink-natural\/#primaryimage\"},\"thumbnailUrl\":\"https:\/\/www.nedzink.com\/wp-content\/uploads\/import\/cms\/userfiles\/images\/products\/walsblank2.jpg\",\"datePublished\":\"2019-04-09T12:27:54+00:00\",\"breadcrumb\":{\"@id\":\"https:\/\/www.nedzink.com\/ro\/nedzink-natural\/#breadcrumb\"},\"inLanguage\":\"ro-RO\",\"potentialAction\":[{\"@type\":\"ReadAction\",\"target\":[\"https:\/\/www.nedzink.com\/ro\/nedzink-natural\/\"]}]},{\"@type\":\"ImageObject\",\"inLanguage\":\"ro-RO\",\"@id\":\"https:\/\/www.nedzink.com\/ro\/nedzink-natural\/#primaryimage\",\"url\":\"https:\/\/www.nedzink.com\/wp-content\/uploads\/import\/cms\/userfiles\/images\/products\/walsblank2.jpg\",\"contentUrl\":\"https:\/\/www.nedzink.com\/wp-content\/uploads\/import\/cms\/userfiles\/images\/products\/walsblank2.jpg\"},{\"@type\":\"BreadcrumbList\",\"@id\":\"https:\/\/www.nedzink.com\/ro\/nedzink-natural\/#breadcrumb\",\"itemListElement\":[{\"@type\":\"ListItem\",\"position\":1,\"name\":\"Home\",\"item\":\"https:\/\/www.nedzink.com\/ro\/\"},{\"@type\":\"ListItem\",\"position\":2,\"name\":\"NedZink NATURAL\"}]},{\"@type\":\"WebSite\",\"@id\":\"https:\/\/www.nedzink.com\/ro\/#website\",\"url\":\"https:\/\/www.nedzink.com\/ro\/\",\"name\":\"NedZink\",\"description\":\"Zink fabrikant\",\"publisher\":{\"@id\":\"https:\/\/www.nedzink.com\/ro\/#organization\"},\"potentialAction\":[{\"@type\":\"SearchAction\",\"target\":{\"@type\":\"EntryPoint\",\"urlTemplate\":\"https:\/\/www.nedzink.com\/ro\/?s={search_term_string}\"},\"query-input\":{\"@type\":\"PropertyValueSpecification\",\"valueRequired\":true,\"valueName\":\"search_term_string\"}}],\"inLanguage\":\"ro-RO\"},{\"@type\":\"Organization\",\"@id\":\"https:\/\/www.nedzink.com\/ro\/#organization\",\"name\":\"NedZink\",\"url\":\"https:\/\/www.nedzink.com\/ro\/\",\"logo\":{\"@type\":\"ImageObject\",\"inLanguage\":\"ro-RO\",\"@id\":\"https:\/\/www.nedzink.com\/ro\/#\/schema\/logo\/image\/\",\"url\":\"https:\/\/www.nedzink.com\/wp-content\/uploads\/2019\/08\/logo-nedzink_fc_zk.jpg\",\"contentUrl\":\"https:\/\/www.nedzink.com\/wp-content\/uploads\/2019\/08\/logo-nedzink_fc_zk.jpg\",\"width\":2160,\"height\":688,\"caption\":\"NedZink\"},\"image\":{\"@id\":\"https:\/\/www.nedzink.com\/ro\/#\/schema\/logo\/image\/\"}}]}<\/script>\n<!-- \/ Yoast SEO plugin. -->","yoast_head_json":{"title":"NedZink NATURAL &#8211; NedZink","robots":{"index":"index","follow":"follow","max-snippet":"max-snippet:-1","max-image-preview":"max-image-preview:large","max-video-preview":"max-video-preview:-1"},"canonical":"https:\/\/www.nedzink.com\/ro\/nedzink-natural\/","og_locale":"ro_RO","og_type":"article","og_title":"NedZink NATURAL &#8211; NedZink","og_description":"Titan zinc Natural &icirc;n foi, benzi sau rulouri NedZink NATURAL este un material estetic \u015fi durabil care dezvolt\u0103 de-a lungul timpului un farmec aparte printr-o patinare progresiv\u0103 sub influen\u0163a condi\u0163iilor meteorologice. Un strat de patin\u0103 se formeaz\u0103 pe suprafa\u0163a materialului. Aceast\u0103 proprietate face ca Nedzink Natural s\u0103 fie folosit &icirc;n mod principal unde sunt necesare [&hellip;]","og_url":"https:\/\/www.nedzink.com\/ro\/nedzink-natural\/","og_site_name":"NedZink","og_image":[{"url":"https:\/\/www.nedzink.com\/wp-content\/uploads\/import\/cms\/userfiles\/images\/products\/walsblank2.jpg","type":"","width":"","height":""}],"twitter_card":"summary_large_image","twitter_misc":{"Timp estimat pentru citire":"2 minute"},"schema":{"@context":"https:\/\/schema.org","@graph":[{"@type":"WebPage","@id":"https:\/\/www.nedzink.com\/ro\/nedzink-natural\/","url":"https:\/\/www.nedzink.com\/ro\/nedzink-natural\/","name":"NedZink NATURAL &#8211; NedZink","isPartOf":{"@id":"https:\/\/www.nedzink.com\/ro\/#website"},"primaryImageOfPage":{"@id":"https:\/\/www.nedzink.com\/ro\/nedzink-natural\/#primaryimage"},"image":{"@id":"https:\/\/www.nedzink.com\/ro\/nedzink-natural\/#primaryimage"},"thumbnailUrl":"https:\/\/www.nedzink.com\/wp-content\/uploads\/import\/cms\/userfiles\/images\/products\/walsblank2.jpg","datePublished":"2019-04-09T12:27:54+00:00","breadcrumb":{"@id":"https:\/\/www.nedzink.com\/ro\/nedzink-natural\/#breadcrumb"},"inLanguage":"ro-RO","potentialAction":[{"@type":"ReadAction","target":["https:\/\/www.nedzink.com\/ro\/nedzink-natural\/"]}]},{"@type":"ImageObject","inLanguage":"ro-RO","@id":"https:\/\/www.nedzink.com\/ro\/nedzink-natural\/#primaryimage","url":"https:\/\/www.nedzink.com\/wp-content\/uploads\/import\/cms\/userfiles\/images\/products\/walsblank2.jpg","contentUrl":"https:\/\/www.nedzink.com\/wp-content\/uploads\/import\/cms\/userfiles\/images\/products\/walsblank2.jpg"},{"@type":"BreadcrumbList","@id":"https:\/\/www.nedzink.com\/ro\/nedzink-natural\/#breadcrumb","itemListElement":[{"@type":"ListItem","position":1,"name":"Home","item":"https:\/\/www.nedzink.com\/ro\/"},{"@type":"ListItem","position":2,"name":"NedZink NATURAL"}]},{"@type":"WebSite","@id":"https:\/\/www.nedzink.com\/ro\/#website","url":"https:\/\/www.nedzink.com\/ro\/","name":"NedZink","description":"Zink fabrikant","publisher":{"@id":"https:\/\/www.nedzink.com\/ro\/#organization"},"potentialAction":[{"@type":"SearchAction","target":{"@type":"EntryPoint","urlTemplate":"https:\/\/www.nedzink.com\/ro\/?s={search_term_string}"},"query-input":{"@type":"PropertyValueSpecification","valueRequired":true,"valueName":"search_term_string"}}],"inLanguage":"ro-RO"},{"@type":"Organization","@id":"https:\/\/www.nedzink.com\/ro\/#organization","name":"NedZink","url":"https:\/\/www.nedzink.com\/ro\/","logo":{"@type":"ImageObject","inLanguage":"ro-RO","@id":"https:\/\/www.nedzink.com\/ro\/#\/schema\/logo\/image\/","url":"https:\/\/www.nedzink.com\/wp-content\/uploads\/2019\/08\/logo-nedzink_fc_zk.jpg","contentUrl":"https:\/\/www.nedzink.com\/wp-content\/uploads\/2019\/08\/logo-nedzink_fc_zk.jpg","width":2160,"height":688,"caption":"NedZink"},"image":{"@id":"https:\/\/www.nedzink.com\/ro\/#\/schema\/logo\/image\/"}}]}},"_links":{"self":[{"href":"https:\/\/www.nedzink.com\/ro\/wp-json\/wp\/v2\/pages\/12094","targetHints":{"allow":["GET"]}}],"collection":[{"href":"https:\/\/www.nedzink.com\/ro\/wp-json\/wp\/v2\/pages"}],"about":[{"href":"https:\/\/www.nedzink.com\/ro\/wp-json\/wp\/v2\/types\/page"}],"author":[{"embeddable":true,"href":"https:\/\/www.nedzink.com\/ro\/wp-json\/wp\/v2\/users\/9"}],"replies":[{"embeddable":true,"href":"https:\/\/www.nedzink.com\/ro\/wp-json\/wp\/v2\/comments?post=12094"}],"version-history":[{"count":0,"href":"https:\/\/www.nedzink.com\/ro\/wp-json\/wp\/v2\/pages\/12094\/revisions"}],"wp:attachment":[{"href":"https:\/\/www.nedzink.com\/ro\/wp-json\/wp\/v2\/media?parent=12094"}],"curies":[{"name":"wp","href":"https:\/\/api.w.org\/{rel}","templated":true}]}}