{"id":47662,"date":"2019-08-14T11:22:41","date_gmt":"2019-08-14T09:22:41","guid":{"rendered":"http:\/\/136.144.181.85\/~nedzink\/?page_id=47662"},"modified":"2019-09-03T09:27:08","modified_gmt":"2019-09-03T07:27:08","slug":"zapisz-sie-do-newslettera","status":"publish","type":"page","link":"https:\/\/www.nedzink.com\/pl\/zapisz-sie-do-newslettera\/","title":{"rendered":"Zapisz si\u0119 do newslettera"},"content":{"rendered":"[vc_row][vc_column][mk_padding_divider size=&#8221;75&#8243; visibility=&#8221;hidden-sm&#8221;][\/vc_column][\/vc_row][vc_row equal_columns=&#8221;true&#8221; attached=&#8221;true&#8221; column_padding=&#8221;3&#8243; el_class=&#8221;rij-wit-schaduw&#8221;][vc_column][vc_column_text css=&#8221;.vc_custom_1567495598135{margin-bottom: 0px !important;}&#8221;]\n<h1>Zapisz si\u0119 do newslettera<\/h1>\n<p>Dzi\u0119ki naszemu biuletynowi b\u0119dziesz na bie\u017c\u0105co informowany o naszych produktach, aplikacjach i projektach.[\/vc_column_text][vc_column_text css=&#8221;.vc_custom_1567495612475{margin-bottom: 0px !important;}&#8221;]\n<div class=\"caldera-grid\" id=\"caldera_form_1\" data-cf-ver=\"1.9.6\" data-cf-form-id=\"CF5d6e0c542b680\"><div id=\"caldera_notices_1\" data-spinner=\"https:\/\/www.nedzink.com\/wp-admin\/images\/spinner.gif\"><\/div><form data-instance=\"1\" class=\"CF5d6e0c542b680 caldera_forms_form cfajax-trigger\" method=\"POST\" enctype=\"multipart\/form-data\" id=\"CF5d6e0c542b680_1\" data-form-id=\"CF5d6e0c542b680\" aria-label=\"Nieuwsbrief Inschrijving PL\" data-target=\"#caldera_notices_1\" data-template=\"#cfajax_CF5d6e0c542b680-tmpl\" data-cfajax=\"CF5d6e0c542b680\" data-load-element=\"_parent\" data-load-class=\"cf_processing\" data-post-disable=\"0\" data-action=\"cf_process_ajax_submit\" data-request=\"https:\/\/www.nedzink.com\/pl\/\/cf-api\/CF5d6e0c542b680\" data-custom-callback=\"formSubmitCaldera\" data-hiderows=\"true\">\r\n<input type=\"hidden\" id=\"_cf_verify_CF5d6e0c542b680\" name=\"_cf_verify\" value=\"4460c0b443\"  data-nonce-time=\"1775404987\" \/><input type=\"hidden\" name=\"_wp_http_referer\" value=\"\/pl\/wp-json\/wp\/v2\/pages\/47662\" \/><div id=\"cf2-CF5d6e0c542b680_1\"><\/div><input type=\"hidden\" name=\"_cf_frm_id\" value=\"CF5d6e0c542b680\">\r\n<input type=\"hidden\" name=\"_cf_frm_ct\" value=\"1\">\r\n<input type=\"hidden\" name=\"cfajax\" value=\"CF5d6e0c542b680\">\r\n<input type=\"hidden\" name=\"_cf_cr_pst\" value=\"47662\">\r\n<div class=\"hide\" style=\"display:none; overflow:hidden;height:0;width:0;\">\r\n<label>Company<\/label><input type=\"text\" name=\"company\" value=\"\" autocomplete=\"off\">\r\n<\/div><div id=\"CF5d6e0c542b680_1-row-1\"  class=\"row  single\"><div  class=\"col-sm-12  single\"><div data-field-wrapper=\"fld_5647657\" class=\"form-group\" id=\"fld_5647657_1-wrap\">\r\n<label id=\"fld_5647657Label\" for=\"fld_5647657_1\" class=\"control-label\">Tytu\u0142owanie<\/label>\r\n<div class=\"\">\r\n\t\t\t\t\t<div class=\"radio\">\n\t\t\t\t<label data-label=\"Pan\" for=\"fld_5647657_1_opt1535178\"><input type=\"radio\" id=\"fld_5647657_1_opt1535178\" data-field=\"fld_5647657\" class=\"fld_5647657_1\" name=\"fld_5647657\" value=\"Pan\"    data-radio-field=\"fld_5647657_1\" data-type=\"radio\" data-calc-value=\"Pan\" \/>\n\t\t\tPan\t\t<\/label>\n\t\t\t\t\t<\/div>\n\t\t\t\t\t\t\t\t\t<div class=\"radio\">\n\t\t\t\t<label data-label=\"Pani\" for=\"fld_5647657_1_opt1676741\"><input type=\"radio\" id=\"fld_5647657_1_opt1676741\" data-field=\"fld_5647657\" class=\"fld_5647657_1\" name=\"fld_5647657\" value=\"Pani\"    data-radio-field=\"fld_5647657_1\" data-type=\"radio\" data-calc-value=\"Pani\" \/>\n\t\t\tPani\t\t<\/label>\n\t\t\t\t\t<\/div>\n\t\t\t\t<\/div>\r\n<\/div>\r\n<div data-field-wrapper=\"fld_9970286\" class=\"form-group\" id=\"fld_9970286_1-wrap\">\r\n\t<label id=\"fld_9970286Label\" for=\"fld_9970286_1\" class=\"control-label\">Imi\u0119 <span aria-hidden=\"true\" role=\"presentation\" class=\"field_required\" style=\"color:#ee0000;\">*<\/span><\/label>\r\n\t<div class=\"\">\r\n\t\t<input   required type=\"text\" data-field=\"fld_9970286\" class=\" form-control\" id=\"fld_9970286_1\" name=\"fld_9970286\" value=\"\" data-type=\"text\" aria-required=\"true\"   aria-labelledby=\"fld_9970286Label\" >\t\t\t<\/div>\r\n<\/div>\r\n<div data-field-wrapper=\"fld_8768091\" class=\"form-group\" id=\"fld_8768091_1-wrap\">\r\n\t<label id=\"fld_8768091Label\" for=\"fld_8768091_1\" class=\"control-label\">Nazwisko <span aria-hidden=\"true\" role=\"presentation\" class=\"field_required\" style=\"color:#ee0000;\">*<\/span><\/label>\r\n\t<div class=\"\">\r\n\t\t<input   required type=\"text\" data-field=\"fld_8768091\" class=\" form-control\" id=\"fld_8768091_1\" name=\"fld_8768091\" value=\"\" data-type=\"text\" aria-required=\"true\"   aria-labelledby=\"fld_8768091Label\" >\t\t\t<\/div>\r\n<\/div>\r\n<div data-field-wrapper=\"fld_1024919\" class=\"form-group\" id=\"fld_1024919_1-wrap\">\r\n\t<label id=\"fld_1024919Label\" for=\"fld_1024919_1\" class=\"control-label\">Firma<\/label>\r\n\t<div class=\"\">\r\n\t\t<input    type=\"text\" data-field=\"fld_1024919\" class=\" form-control\" id=\"fld_1024919_1\" name=\"fld_1024919\" value=\"\" data-type=\"text\"   aria-labelledby=\"fld_1024919Label\" >\t\t\t<\/div>\r\n<\/div>\r\n<span class=\"caldera-forms-conditional-field\" role=\"region\" aria-live=\"polite\" id=\"conditional_fld_8072286_1\" data-field-id=\"fld_8072286_1\"><\/span><span class=\"caldera-forms-conditional-field\" role=\"region\" aria-live=\"polite\" id=\"conditional_fld_3015761_1\" data-field-id=\"fld_3015761_1\"><\/span><span class=\"caldera-forms-conditional-field\" role=\"region\" aria-live=\"polite\" id=\"conditional_fld_1120046_1\" data-field-id=\"fld_1120046_1\"><\/span><div data-field-wrapper=\"fld_6503439\" class=\"form-group\" id=\"fld_6503439_1-wrap\">\r\n\t<label id=\"fld_6503439Label\" for=\"fld_6503439_1\" class=\"control-label\">Pa\u0144stwo<\/label>\r\n\t<div class=\"\">\r\n\t\t<input    type=\"text\" data-field=\"fld_6503439\" class=\" form-control\" id=\"fld_6503439_1\" name=\"fld_6503439\" value=\"\" data-type=\"text\"   aria-labelledby=\"fld_6503439Label\" >\t\t\t<\/div>\r\n<\/div>\r\n<div data-field-wrapper=\"fld_7706217\" class=\"form-group\" id=\"fld_7706217_1-wrap\">\r\n\t<label id=\"fld_7706217Label\" for=\"fld_7706217_1\" class=\"control-label\">Tel<\/label>\r\n\t<div class=\"\">\r\n\t\t<input    type=\"tel\" data-field=\"fld_7706217\" class=\" form-control\" id=\"fld_7706217_1\" name=\"fld_7706217\" value=\"\" data-type=\"phone_better\"   aria-labelledby=\"fld_7706217Label\" >\t\t\t<\/div>\r\n<\/div>\r\n<div data-field-wrapper=\"fld_6009157\" class=\"form-group\" id=\"fld_6009157_1-wrap\">\r\n\t<label id=\"fld_6009157Label\" for=\"fld_6009157_1\" class=\"control-label\">Email <span aria-hidden=\"true\" role=\"presentation\" class=\"field_required\" style=\"color:#ee0000;\">*<\/span><\/label>\r\n\t<div class=\"\">\r\n\t\t<input   required type=\"email\" data-field=\"fld_6009157\" class=\" form-control\" id=\"fld_6009157_1\" name=\"fld_6009157\" value=\"\" data-type=\"email\" aria-required=\"true\"   aria-labelledby=\"fld_6009157Label\" >\t\t\t<\/div>\r\n<\/div>\r\n<div data-field-wrapper=\"fld_2169860\" class=\"form-group\" id=\"fld_2169860_1-wrap\">\r\n\t<label id=\"fld_2169860Label\" for=\"fld_2169860_1\" class=\"control-label\">Strona internetowa<\/label>\r\n\t<div class=\"\">\r\n\t\t<input    type=\"text\" data-field=\"fld_2169860\" class=\" form-control\" id=\"fld_2169860_1\" name=\"fld_2169860\" value=\"\" data-type=\"text\"   aria-labelledby=\"fld_2169860Label\" >\t\t\t<\/div>\r\n<\/div>\r\n<div data-field-wrapper=\"fld_106185\" class=\"form-group\" id=\"fld_106185_1-wrap\">\r\n\n\n<div class=\"\">\r\n\n<input placeholder=\"captcha\"  required type=\"hidden\" data-field=\"fld_106185\" class=\" form-control\" id=\"fld_106185_1\" name=\"fld_106185\" value=\"\" data-type=\"recaptcha\" aria-required=\"true\"   aria-labelledby=\"fld_106185Label\" >\n\t<div id=\"capfld_106185_1\"><\/div>\n\n\n<\/div>\r\n\n<\/div>\r\n<div data-field-wrapper=\"fld_7908577\" class=\"form-group\" id=\"fld_7908577_1-wrap\">\r\n<div class=\"\">\r\n\t<input  class=\"btn btn-default\" type=\"submit\" name=\"fld_7908577\" id=\"fld_7908577_1\" value=\"Zarejestruj si\u0119\" data-field=\"fld_7908577\"  >\n<\/div>\r\n<\/div>\r\n\t<input class=\"button_trigger_1\" type=\"hidden\" name=\"fld_7908577\" id=\"fld_7908577_1_btn\" value=\"\" data-field=\"fld_7908577\"  \/>\n<\/div><\/div><\/form>\r\n<\/div>\r\n<script type=\"text\/javascript\">\r\nif( typeof caldera_conditionals === \"undefined\" ){ var caldera_conditionals = {}; }caldera_conditionals.CF5d6e0c542b680_1 = {\"fld_8072286_1\":{\"type\":\"show\",\"group\":{\"rw6620689084263763\":{\"cl5603772618491990\":{\"parent\":\"rw6620689084263763\",\"field\":\"fld_9840722\",\"compare\":\"is\",\"value\":\"opt1980173\"}}}},\"fld_3015761_1\":{\"type\":\"show\",\"group\":{\"rw6620689084263763\":{\"cl5603772618491990\":{\"parent\":\"rw6620689084263763\",\"field\":\"fld_9840722\",\"compare\":\"is\",\"value\":\"opt1980173\"}}}},\"fld_1120046_1\":{\"type\":\"show\",\"group\":{\"rw6620689084263763\":{\"cl5603772618491990\":{\"parent\":\"rw6620689084263763\",\"field\":\"fld_9840722\",\"compare\":\"is\",\"value\":\"opt1980173\"}}}}};\r\n<\/script>\r\n<script type=\"text\/html\" id=\"conditional-fld_8072286_1-tmpl\">\r\n<div data-field-wrapper=\"fld_8072286\" class=\"form-group\" id=\"fld_8072286_1-wrap\">\r\n\t<label id=\"fld_8072286Label\" for=\"fld_8072286_1\" class=\"control-label\">Ulica<\/label>\r\n\t<div class=\"\">\r\n\t\t<input    type=\"text\" data-field=\"fld_8072286\" class=\" form-control\" id=\"fld_8072286_1\" name=\"fld_8072286\" value=\"\" data-type=\"text\"   aria-labelledby=\"fld_8072286Label\" >\t\t\t<\/div>\r\n<\/div>\r\n<\/script>\r\n\r\n<script type=\"text\/html\" id=\"conditional-fld_3015761_1-tmpl\">\r\n<div data-field-wrapper=\"fld_3015761\" class=\"form-group\" id=\"fld_3015761_1-wrap\">\r\n\t<label id=\"fld_3015761Label\" for=\"fld_3015761_1\" class=\"control-label\">Kod pocztowy<\/label>\r\n\t<div class=\"\">\r\n\t\t<input    type=\"text\" data-field=\"fld_3015761\" class=\" form-control\" id=\"fld_3015761_1\" name=\"fld_3015761\" value=\"\" data-type=\"text\"   aria-labelledby=\"fld_3015761Label\" >\t\t\t<\/div>\r\n<\/div>\r\n<\/script>\r\n\r\n<script type=\"text\/html\" id=\"conditional-fld_1120046_1-tmpl\">\r\n<div data-field-wrapper=\"fld_1120046\" class=\"form-group\" id=\"fld_1120046_1-wrap\">\r\n\t<label id=\"fld_1120046Label\" for=\"fld_1120046_1\" class=\"control-label\">Miasto<\/label>\r\n\t<div class=\"\">\r\n\t\t<input    type=\"text\" data-field=\"fld_1120046\" class=\" form-control\" id=\"fld_1120046_1\" name=\"fld_1120046\" value=\"\" data-type=\"text\"   aria-labelledby=\"fld_1120046Label\" >\t\t\t<\/div>\r\n<\/div>\r\n<\/script>\r\n\n[\/vc_column_text][\/vc_column][\/vc_row][vc_row][vc_column][mk_padding_divider size=&#8221;50&#8243;][\/vc_column][\/vc_row]\n","protected":false},"excerpt":{"rendered":"<p>[vc_row][vc_column][mk_padding_divider size=&#8221;75&#8243; visibility=&#8221;hidden-sm&#8221;][\/vc_column][\/vc_row][vc_row equal_columns=&#8221;true&#8221; attached=&#8221;true&#8221; column_padding=&#8221;3&#8243; el_class=&#8221;rij-wit-schaduw&#8221;][vc_column][vc_column_text css=&#8221;.vc_custom_1567495598135{margin-bottom: 0px !important;}&#8221;] Zapisz si\u0119 do newslettera Dzi\u0119ki naszemu biuletynowi b\u0119dziesz na bie\u017c\u0105co informowany o naszych produktach, aplikacjach i projektach.[\/vc_column_text][vc_column_text css=&#8221;.vc_custom_1567495612475{margin-bottom: 0px !important;}&#8221;] [\/vc_column_text][\/vc_column][\/vc_row][vc_row][vc_column][mk_padding_divider size=&#8221;50&#8243;][\/vc_column][\/vc_row]<\/p>\n","protected":false},"author":9,"featured_media":0,"parent":0,"menu_order":0,"comment_status":"closed","ping_status":"closed","template":"","meta":{"_acf_changed":false,"footnotes":""},"class_list":["post-47662","page","type-page","status-publish","hentry"],"acf":[],"yoast_head":"<!-- This site is optimized with the Yoast SEO plugin v26.8 - https:\/\/yoast.com\/product\/yoast-seo-wordpress\/ -->\n<title>Zapisz si\u0119 do newslettera \u2013 NedZink<\/title>\n<meta name=\"robots\" content=\"index, follow, max-snippet:-1, max-image-preview:large, max-video-preview:-1\" \/>\n<link rel=\"canonical\" href=\"https:\/\/www.nedzink.com\/pl\/zapisz-sie-do-newslettera\/\" \/>\n<meta property=\"og:locale\" content=\"pl_PL\" \/>\n<meta property=\"og:type\" content=\"article\" \/>\n<meta property=\"og:title\" content=\"Zapisz si\u0119 do newslettera \u2013 NedZink\" \/>\n<meta property=\"og:description\" content=\"[vc_row][vc_column][mk_padding_divider size=&#8221;75&#8243; visibility=&#8221;hidden-sm&#8221;][\/vc_column][\/vc_row][vc_row equal_columns=&#8221;true&#8221; attached=&#8221;true&#8221; column_padding=&#8221;3&#8243; el_class=&#8221;rij-wit-schaduw&#8221;][vc_column][vc_column_text css=&#8221;.vc_custom_1567495598135{margin-bottom: 0px !important;}&#8221;] Zapisz si\u0119 do newslettera Dzi\u0119ki naszemu biuletynowi b\u0119dziesz na bie\u017c\u0105co informowany o naszych produktach, aplikacjach i projektach.[\/vc_column_text][vc_column_text css=&#8221;.vc_custom_1567495612475{margin-bottom: 0px !important;}&#8221;] [\/vc_column_text][\/vc_column][\/vc_row][vc_row][vc_column][mk_padding_divider size=&#8221;50&#8243;][\/vc_column][\/vc_row]\" \/>\n<meta property=\"og:url\" content=\"https:\/\/www.nedzink.com\/pl\/zapisz-sie-do-newslettera\/\" \/>\n<meta property=\"og:site_name\" content=\"NedZink\" \/>\n<meta property=\"article:modified_time\" content=\"2019-09-03T07:27:08+00:00\" \/>\n<meta name=\"twitter:card\" content=\"summary_large_image\" \/>\n<script type=\"application\/ld+json\" class=\"yoast-schema-graph\">{\"@context\":\"https:\/\/schema.org\",\"@graph\":[{\"@type\":\"WebPage\",\"@id\":\"https:\/\/www.nedzink.com\/pl\/zapisz-sie-do-newslettera\/\",\"url\":\"https:\/\/www.nedzink.com\/pl\/zapisz-sie-do-newslettera\/\",\"name\":\"Zapisz si\u0119 do newslettera \u2013 NedZink\",\"isPartOf\":{\"@id\":\"https:\/\/www.nedzink.com\/pl\/#website\"},\"datePublished\":\"2019-08-14T09:22:41+00:00\",\"dateModified\":\"2019-09-03T07:27:08+00:00\",\"breadcrumb\":{\"@id\":\"https:\/\/www.nedzink.com\/pl\/zapisz-sie-do-newslettera\/#breadcrumb\"},\"inLanguage\":\"pl-PL\",\"potentialAction\":[{\"@type\":\"ReadAction\",\"target\":[\"https:\/\/www.nedzink.com\/pl\/zapisz-sie-do-newslettera\/\"]}]},{\"@type\":\"BreadcrumbList\",\"@id\":\"https:\/\/www.nedzink.com\/pl\/zapisz-sie-do-newslettera\/#breadcrumb\",\"itemListElement\":[{\"@type\":\"ListItem\",\"position\":1,\"name\":\"Home\",\"item\":\"https:\/\/www.nedzink.com\/pl\/\"},{\"@type\":\"ListItem\",\"position\":2,\"name\":\"Zapisz si\u0119 do newslettera\"}]},{\"@type\":\"WebSite\",\"@id\":\"https:\/\/www.nedzink.com\/pl\/#website\",\"url\":\"https:\/\/www.nedzink.com\/pl\/\",\"name\":\"NedZink\",\"description\":\"Zink fabrikant\",\"publisher\":{\"@id\":\"https:\/\/www.nedzink.com\/pl\/#organization\"},\"potentialAction\":[{\"@type\":\"SearchAction\",\"target\":{\"@type\":\"EntryPoint\",\"urlTemplate\":\"https:\/\/www.nedzink.com\/pl\/?s={search_term_string}\"},\"query-input\":{\"@type\":\"PropertyValueSpecification\",\"valueRequired\":true,\"valueName\":\"search_term_string\"}}],\"inLanguage\":\"pl-PL\"},{\"@type\":\"Organization\",\"@id\":\"https:\/\/www.nedzink.com\/pl\/#organization\",\"name\":\"NedZink\",\"url\":\"https:\/\/www.nedzink.com\/pl\/\",\"logo\":{\"@type\":\"ImageObject\",\"inLanguage\":\"pl-PL\",\"@id\":\"https:\/\/www.nedzink.com\/pl\/#\/schema\/logo\/image\/\",\"url\":\"https:\/\/www.nedzink.com\/wp-content\/uploads\/2019\/08\/logo-nedzink_fc_zk.jpg\",\"contentUrl\":\"https:\/\/www.nedzink.com\/wp-content\/uploads\/2019\/08\/logo-nedzink_fc_zk.jpg\",\"width\":2160,\"height\":688,\"caption\":\"NedZink\"},\"image\":{\"@id\":\"https:\/\/www.nedzink.com\/pl\/#\/schema\/logo\/image\/\"}}]}<\/script>\n<!-- \/ Yoast SEO plugin. -->","yoast_head_json":{"title":"Zapisz si\u0119 do newslettera \u2013 NedZink","robots":{"index":"index","follow":"follow","max-snippet":"max-snippet:-1","max-image-preview":"max-image-preview:large","max-video-preview":"max-video-preview:-1"},"canonical":"https:\/\/www.nedzink.com\/pl\/zapisz-sie-do-newslettera\/","og_locale":"pl_PL","og_type":"article","og_title":"Zapisz si\u0119 do newslettera \u2013 NedZink","og_description":"[vc_row][vc_column][mk_padding_divider size=&#8221;75&#8243; visibility=&#8221;hidden-sm&#8221;][\/vc_column][\/vc_row][vc_row equal_columns=&#8221;true&#8221; attached=&#8221;true&#8221; column_padding=&#8221;3&#8243; el_class=&#8221;rij-wit-schaduw&#8221;][vc_column][vc_column_text css=&#8221;.vc_custom_1567495598135{margin-bottom: 0px !important;}&#8221;] Zapisz si\u0119 do newslettera Dzi\u0119ki naszemu biuletynowi b\u0119dziesz na bie\u017c\u0105co informowany o naszych produktach, aplikacjach i projektach.[\/vc_column_text][vc_column_text css=&#8221;.vc_custom_1567495612475{margin-bottom: 0px !important;}&#8221;] [\/vc_column_text][\/vc_column][\/vc_row][vc_row][vc_column][mk_padding_divider size=&#8221;50&#8243;][\/vc_column][\/vc_row]","og_url":"https:\/\/www.nedzink.com\/pl\/zapisz-sie-do-newslettera\/","og_site_name":"NedZink","article_modified_time":"2019-09-03T07:27:08+00:00","twitter_card":"summary_large_image","schema":{"@context":"https:\/\/schema.org","@graph":[{"@type":"WebPage","@id":"https:\/\/www.nedzink.com\/pl\/zapisz-sie-do-newslettera\/","url":"https:\/\/www.nedzink.com\/pl\/zapisz-sie-do-newslettera\/","name":"Zapisz si\u0119 do newslettera \u2013 NedZink","isPartOf":{"@id":"https:\/\/www.nedzink.com\/pl\/#website"},"datePublished":"2019-08-14T09:22:41+00:00","dateModified":"2019-09-03T07:27:08+00:00","breadcrumb":{"@id":"https:\/\/www.nedzink.com\/pl\/zapisz-sie-do-newslettera\/#breadcrumb"},"inLanguage":"pl-PL","potentialAction":[{"@type":"ReadAction","target":["https:\/\/www.nedzink.com\/pl\/zapisz-sie-do-newslettera\/"]}]},{"@type":"BreadcrumbList","@id":"https:\/\/www.nedzink.com\/pl\/zapisz-sie-do-newslettera\/#breadcrumb","itemListElement":[{"@type":"ListItem","position":1,"name":"Home","item":"https:\/\/www.nedzink.com\/pl\/"},{"@type":"ListItem","position":2,"name":"Zapisz si\u0119 do newslettera"}]},{"@type":"WebSite","@id":"https:\/\/www.nedzink.com\/pl\/#website","url":"https:\/\/www.nedzink.com\/pl\/","name":"NedZink","description":"Zink fabrikant","publisher":{"@id":"https:\/\/www.nedzink.com\/pl\/#organization"},"potentialAction":[{"@type":"SearchAction","target":{"@type":"EntryPoint","urlTemplate":"https:\/\/www.nedzink.com\/pl\/?s={search_term_string}"},"query-input":{"@type":"PropertyValueSpecification","valueRequired":true,"valueName":"search_term_string"}}],"inLanguage":"pl-PL"},{"@type":"Organization","@id":"https:\/\/www.nedzink.com\/pl\/#organization","name":"NedZink","url":"https:\/\/www.nedzink.com\/pl\/","logo":{"@type":"ImageObject","inLanguage":"pl-PL","@id":"https:\/\/www.nedzink.com\/pl\/#\/schema\/logo\/image\/","url":"https:\/\/www.nedzink.com\/wp-content\/uploads\/2019\/08\/logo-nedzink_fc_zk.jpg","contentUrl":"https:\/\/www.nedzink.com\/wp-content\/uploads\/2019\/08\/logo-nedzink_fc_zk.jpg","width":2160,"height":688,"caption":"NedZink"},"image":{"@id":"https:\/\/www.nedzink.com\/pl\/#\/schema\/logo\/image\/"}}]}},"_links":{"self":[{"href":"https:\/\/www.nedzink.com\/pl\/wp-json\/wp\/v2\/pages\/47662","targetHints":{"allow":["GET"]}}],"collection":[{"href":"https:\/\/www.nedzink.com\/pl\/wp-json\/wp\/v2\/pages"}],"about":[{"href":"https:\/\/www.nedzink.com\/pl\/wp-json\/wp\/v2\/types\/page"}],"author":[{"embeddable":true,"href":"https:\/\/www.nedzink.com\/pl\/wp-json\/wp\/v2\/users\/9"}],"replies":[{"embeddable":true,"href":"https:\/\/www.nedzink.com\/pl\/wp-json\/wp\/v2\/comments?post=47662"}],"version-history":[{"count":0,"href":"https:\/\/www.nedzink.com\/pl\/wp-json\/wp\/v2\/pages\/47662\/revisions"}],"wp:attachment":[{"href":"https:\/\/www.nedzink.com\/pl\/wp-json\/wp\/v2\/media?parent=47662"}],"curies":[{"name":"wp","href":"https:\/\/api.w.org\/{rel}","templated":true}]}}