{"id":46838,"date":"2019-04-19T09:15:59","date_gmt":"2019-04-19T07:15:59","guid":{"rendered":"http:\/\/136.144.181.85\/~nedzink\/materialen-kleuren\/"},"modified":"2024-09-19T20:25:12","modified_gmt":"2024-09-19T18:25:12","slug":"materialy-i-kolory","status":"publish","type":"page","link":"https:\/\/www.nedzink.com\/pl\/materialy-i-kolory\/","title":{"rendered":"Materia\u0142y i kolory"},"content":{"rendered":"[vc_row fullwidth=&#8221;true&#8221;][vc_column] AAAAAAAAAA\n<div id=\"rev_slider_39_1_wrapper\" class=\"rev_slider_wrapper fullwidthbanner-container\" data-source=\"gallery\" style=\"margin:0px auto;background:transparent;padding:0px;margin-top:0px;margin-bottom:0px;\">\n<!-- START REVOLUTION SLIDER 5.4.8 auto mode -->\n\t<div id=\"rev_slider_39_1\" class=\"rev_slider fullwidthabanner tp-overflow-hidden\" style=\"display:none;\" data-version=\"5.4.8\">\n<ul>\t<!-- SLIDE  -->\n\t<li data-index=\"rs-110\" data-transition=\"fade\" data-slotamount=\"default\" data-hideafterloop=\"0\" data-hideslideonmobile=\"off\"  data-easein=\"default\" data-easeout=\"default\" data-masterspeed=\"300\"  data-rotate=\"0\"  data-saveperformance=\"off\"  data-title=\"Slide\" data-param1=\"\" data-param2=\"\" data-param3=\"\" data-param4=\"\" data-param5=\"\" data-param6=\"\" data-param7=\"\" data-param8=\"\" data-param9=\"\" data-param10=\"\" data-description=\"\">\n\t\t<!-- MAIN IMAGE -->\n\t\t<img loading=\"lazy\" decoding=\"async\" src=\"https:\/\/www.nedzink.com\/wp-content\/uploads\/2019\/04\/mg_5177-edit-min.jpg\"  alt=\"\" title=\"mg_5177-edit-min\"  width=\"1920\" height=\"610\" data-bgposition=\"center center\" data-bgfit=\"cover\" data-bgrepeat=\"no-repeat\" class=\"rev-slidebg\" data-no-retina>\n\t\t<!-- LAYERS -->\n\t<\/li>\n<\/ul>\n<div style=\"\" class=\"tp-static-layers\">\n\n\t\t<!-- LAYER NR. 1 -->\n\t\t<div class=\"tp-caption tp-shape tp-shapewrapper tp-layer-selectable  tp-resizeme tp-static-layer\" \n\t\t\t id=\"slider-39-layer-12\" \n\t\t\t data-x=\"1492\" \n\t\t\t data-y=\"271\" \n\t\t\t\t\t\tdata-width=\"['339']\"\n\t\t\tdata-height=\"['73']\"\n \n\t\t\tdata-type=\"shape\" \n\t\t\tdata-responsive_offset=\"on\" \n\n\t\t\tdata-startslide=\"0\" \n\t\t\tdata-endslide=\"0\" \n\t\t\tdata-frames='[{\"delay\":10,\"speed\":300,\"frame\":\"0\",\"from\":\"opacity:0;\",\"to\":\"o:1;\",\"ease\":\"Power3.easeInOut\"},{\"delay\":\"+3190\",\"speed\":300,\"frame\":\"999\",\"to\":\"opacity:0;\",\"ease\":\"Power3.easeInOut\"}]'\n\t\t\tdata-textAlign=\"['inherit','inherit','inherit','inherit']\"\n\t\t\tdata-paddingtop=\"[0,0,0,0]\"\n\t\t\tdata-paddingright=\"[0,0,0,0]\"\n\t\t\tdata-paddingbottom=\"[0,0,0,0]\"\n\t\t\tdata-paddingleft=\"[0,0,0,0]\"\n\n\t\t\tstyle=\"z-index: 5;font-family:Arial;background-color:rgba(0,0,0,0);border-color:rgb(255,255,255);border-style:solid;border-width:4px 4px 4px 4px;\"> <\/div>\n\n\t\t<!-- LAYER NR. 2 -->\n\t\t<div class=\"tp-caption tp-layer-selectable  tp-resizeme tp-static-layer\" \n\t\t\t id=\"slider-39-layer-13\" \n\t\t\t data-x=\"1511\" \n\t\t\t data-y=\"286\" \n\t\t\t\t\t\tdata-width=\"['auto']\"\n\t\t\tdata-height=\"['auto']\"\n \n\t\t\tdata-type=\"text\" \n\t\t\tdata-responsive_offset=\"on\" \n\n\t\t\tdata-startslide=\"0\" \n\t\t\tdata-endslide=\"0\" \n\t\t\tdata-frames='[{\"delay\":360,\"speed\":300,\"frame\":\"0\",\"from\":\"opacity:0;\",\"to\":\"o:1;\",\"ease\":\"Power3.easeInOut\"},{\"delay\":\"+2840\",\"speed\":300,\"frame\":\"999\",\"to\":\"opacity:0;\",\"ease\":\"Power3.easeInOut\"}]'\n\t\t\tdata-textAlign=\"['inherit','inherit','inherit','inherit']\"\n\t\t\tdata-paddingtop=\"[0,0,0,0]\"\n\t\t\tdata-paddingright=\"[0,0,0,0]\"\n\t\t\tdata-paddingbottom=\"[0,0,0,0]\"\n\t\t\tdata-paddingleft=\"[0,0,0,0]\"\n\n\t\t\tstyle=\"z-index: 6; white-space: nowrap; font-size: 36px; line-height: 36px; font-weight: 600; color: #ffffff; letter-spacing: 0px;font-family:Arial;text-shadow:0px 1px 4px rgba(79, 79, 79, 0.75);\">Materia\u0142y i kolory <\/div>\n\n\t\t<!-- LAYER NR. 3 -->\n\t\t<div class=\"tp-caption tp-shape tp-shapewrapper tp-layer-selectable  tp-resizeme tp-static-layer\" \n\t\t\t id=\"slider-39-layer-14\" \n\t\t\t data-x=\"right\" data-hoffset=\"\" \n\t\t\t data-y=\"-1\" \n\t\t\t\t\t\tdata-width=\"['490']\"\n\t\t\tdata-height=\"['610']\"\n \n\t\t\tdata-type=\"shape\" \n\t\t\tdata-responsive_offset=\"on\" \n\n\t\t\tdata-startslide=\"0\" \n\t\t\tdata-endslide=\"0\" \n\t\t\tdata-frames='[{\"delay\":10,\"speed\":300,\"frame\":\"0\",\"from\":\"opacity:0;\",\"to\":\"o:1;\",\"ease\":\"Power3.easeInOut\"},{\"delay\":\"+3190\",\"speed\":300,\"frame\":\"999\",\"to\":\"opacity:0;\",\"ease\":\"Power3.easeInOut\"}]'\n\t\t\tdata-textAlign=\"['inherit','inherit','inherit','inherit']\"\n\t\t\tdata-paddingtop=\"[0,0,0,0]\"\n\t\t\tdata-paddingright=\"[0,0,0,0]\"\n\t\t\tdata-paddingbottom=\"[0,0,0,0]\"\n\t\t\tdata-paddingleft=\"[0,0,0,0]\"\n\n\t\t\tstyle=\"z-index: 7;font-family:Arial;background-color:rgba(255,255,255,0.26);\"> <\/div>\n<\/div>\n<div class=\"tp-bannertimer tp-bottom\" style=\"visibility: hidden !important;\"><\/div>\t<\/div>\n<script>\n\t\t\t\t\tvar htmlDivCss = ' #rev_slider_39_1_wrapper .tp-loader.spinner2{ background-color: #b0b0b0 !important; } ';\n\t\t\t\t\tvar htmlDiv = document.getElementById('rs-plugin-settings-inline-css');\n\t\t\t\t\tif(htmlDiv) {\n\t\t\t\t\t\thtmlDiv.innerHTML = htmlDiv.innerHTML + htmlDivCss;\n\t\t\t\t\t}\n\t\t\t\t\telse{\n\t\t\t\t\t\tvar htmlDiv = document.createElement('div');\n\t\t\t\t\t\thtmlDiv.innerHTML = '<style>' + htmlDivCss + '<\/style>';\n\t\t\t\t\t\tdocument.getElementsByTagName('head')[0].appendChild(htmlDiv.childNodes[0]);\n\t\t\t\t\t}\n\t\t\t\t\t<\/script>\n\t\t\t\t\t<\/div><!-- END REVOLUTION SLIDER -->[\/vc_column][\/vc_row][vc_row][vc_column][mk_padding_divider size=&#8221;50&#8243;][\/vc_column][\/vc_row][mk_page_section el_class=&#8221;materialenkleurenpadding&#8221; sidebar=&#8221;sidebar-1&#8243;][vc_column][vc_row_inner css=&#8221;.vc_custom_1556546889255{margin-bottom: 50px !important;padding-bottom: 35px !important;background-color: #ffffff !important;}&#8221; el_class=&#8221;rij-wit-schaduw architecten-materialen2&#8243; el_id=&#8221;naturel&#8221;][vc_column_inner el_class=&#8221;materiaalkolom&#8221; width=&#8221;3\/4&#8243;][mk_padding_divider size=&#8221;30&#8243;][vc_column_text el_class=&#8221;kleurenm&#8221; css=&#8221;.vc_custom_1558514633011{margin-bottom: 0px !important;}&#8221;]\n<h2 id=\"naturel\">NedZink NATUREL<\/h2>\n[\/vc_column_text][vc_single_image image=&#8221;32978&#8243; img_size=&#8221;full&#8221; css=&#8221;.vc_custom_1559909092531{padding-top: 0px !important;padding-bottom: 30px !important;}&#8221; el_class=&#8221;kleurenm&#8221;][vc_column_text el_class=&#8221;kleurenm&#8221; css=&#8221;.vc_custom_1570619663208{margin-bottom: 0px !important;}&#8221;]<strong>NedZink NATUREL<\/strong> to trwa\u0142y, estetyczny i niewymagaj\u0105cy konserwacji materia\u0142 budowlany, kt\u00f3ry wraz z up\u0142ywem czasu, na skutek oddzia\u0142ywania czynnik\u00f3w atmosferycznych, staje si\u0119 jeszcze bardziej atrakcyjny. Na jego powierzchni tworzy si\u0119 naturalna warstwa patyny cynkowej. Ze wzgl\u0119du na t\u0119 w\u0142a\u015bciwo\u015b\u0107 blacha <strong>NedZink NATUREL<\/strong> jest wybierana przez klient\u00f3w poszukuj\u0105cych naturalnego i \u017cywego wygl\u0105du oraz wysokiej op\u0142acalno\u015bci i d\u0142ugiej \u017cywotno\u015bci.[\/vc_column_text][\/vc_column_inner][vc_column_inner width=&#8221;1\/4&#8243;][mk_padding_divider size=&#8221;75&#8243; visibility=&#8221;hidden-sm&#8221;][vc_single_image image=&#8221;53711&#8243; img_size=&#8221;275&#215;275&#8243; alignment=&#8221;center&#8221; css=&#8221;.vc_custom_1584107301670{margin-top: 1px !important;}&#8221;][\/vc_column_inner][\/vc_row_inner][vc_row_inner css=&#8221;.vc_custom_1583138520349{margin-bottom: 50px !important;padding-bottom: 35px !important;background-color: #ffffff !important;}&#8221; el_class=&#8221;rij-wit-schaduw architecten-materialen2&#8243; el_id=&#8221;neo&#8221;][vc_column_inner el_class=&#8221;materiaalkolom&#8221; width=&#8221;3\/4&#8243;][mk_padding_divider size=&#8221;30&#8243;][vc_column_text css=&#8221;.vc_custom_1583138529143{margin-bottom: 0px !important;}&#8221;]\n<h2>NedZink NEO<\/h2>\n[\/vc_column_text][vc_single_image image=&#8221;51904&#8243; img_size=&#8221;full&#8221; css=&#8221;.vc_custom_1583138582356{padding-top: 0px !important;padding-bottom: 30px !important;}&#8221;][vc_column_text css=&#8221;.vc_custom_1585648379414{margin-bottom: 0px !important;}&#8221;]<strong>NedZink NEO<\/strong> to tytan cynk o wysokiej jako\u015bci, subtelnej matowej powierzchni, w odcieniu mineralnej szaro\u015bci.<\/p>\n<p>Elegancka jednorodna powierzchnia <strong>NedZink NEO<\/strong> powsta\u0142a naturalnie, bez zastosowania procesu powlekania i bez u\u017cycia lakieru. W warunkach fabrycznych blacha tytan cynk, zosta\u0142a poddana procesowi patynowania poprzez wytworzenie odpowiednich parametr\u00f3w, podobnych do naturalnych czynnik\u00f3w atmosferycznych, w kt\u00f3rych nast\u0119puje proces patynowania, co pozwoli\u0142o w pe\u0142ni zachowa\u0107 naturalne w\u0142a\u015bciwo\u015bci tytan cynku.<\/p>\n<p>Je\u015bli poszukujesz blachy tytan cynk w kolorze naturalnej mineralnej szaro\u015bci, polecamy <strong>NedZink NEO<\/strong>![\/vc_column_text][\/vc_column_inner][vc_column_inner width=&#8221;1\/4&#8243;][mk_padding_divider size=&#8221;75&#8243; visibility=&#8221;hidden-sm&#8221;][vc_single_image image=&#8221;53631&#8243; img_size=&#8221;275&#215;275&#8243; alignment=&#8221;center&#8221; css=&#8221;.vc_custom_1584107315800{margin-top: 1px !important;}&#8221;][\/vc_column_inner][\/vc_row_inner][vc_row_inner css=&#8221;.vc_custom_1556546898239{margin-bottom: 50px !important;padding-bottom: 35px !important;background-color: #ffffff !important;}&#8221; el_class=&#8221;rij-wit-schaduw architecten-materialen2&#8243;][vc_column_inner el_class=&#8221;materiaalkolom&#8221; width=&#8221;3\/4&#8243;][mk_padding_divider size=&#8221;30&#8243;][vc_column_text css=&#8221;.vc_custom_1558514699602{margin-bottom: 0px !important;}&#8221;]\n<h2>NedZink NOVA<\/h2>\n[\/vc_column_text][vc_single_image image=&#8221;32968&#8243; img_size=&#8221;full&#8221; css=&#8221;.vc_custom_1559909191304{padding-top: 0px !important;padding-bottom: 30px !important;}&#8221;][vc_column_text css=&#8221;.vc_custom_1570619711410{margin-bottom: 0px !important;}&#8221;]<strong>NedZink NOVA<\/strong> to patynowana blacha cynkowo-tytanowa o matowej, subtelnie szczotkowanej powierzchni w naturalnym \u015brednioszarym odcieniu.<\/p>\n<p>Jednolita, szara powierzchnia blachy <strong>NedZink NOVA<\/strong> powstaje na skutek chemicznej obr\u00f3bki powierzchni po procesie walcowania. Na blach\u0119 nie nak\u0142ada si\u0119 pow\u0142oki ani warstwy lakieru. Proces odtwarza struktur\u0119 i sk\u0142ad warstwy patyny powstaj\u0105cej naturalnie w wyniku oddzia\u0142ywania czynnik\u00f3w atmosferycznych, dzi\u0119ki czemu naturalne w\u0142a\u015bciwo\u015bci blachy cynkowo-tytanowej s\u0105 w pe\u0142ni zachowane.<\/p>\n<p>Je\u015bli wolisz naturaln\u0105 szar\u0105 powierzchni\u0119, zalecamy <strong>NedZink NOVA<\/strong>.[\/vc_column_text][\/vc_column_inner][vc_column_inner width=&#8221;1\/4&#8243;][mk_padding_divider size=&#8221;75&#8243; visibility=&#8221;hidden-sm&#8221;][vc_single_image image=&#8221;53651&#8243; img_size=&#8221;275&#215;275&#8243; alignment=&#8221;center&#8221; css=&#8221;.vc_custom_1584107332656{margin-top: 1px !important;}&#8221;][\/vc_column_inner][\/vc_row_inner][vc_row_inner css=&#8221;.vc_custom_1556546906671{margin-bottom: 50px !important;padding-bottom: 35px !important;background-color: #ffffff !important;}&#8221; el_class=&#8221;rij-wit-schaduw architecten-materialen2&#8243; el_id=&#8221;noir&#8221;][vc_column_inner el_class=&#8221;materiaalkolom&#8221; width=&#8221;3\/4&#8243;][mk_padding_divider size=&#8221;30&#8243;][vc_column_text css=&#8221;.vc_custom_1558514723874{margin-bottom: 0px !important;}&#8221;]\n<h2>NedZink NOIR<\/h2>\n[\/vc_column_text][vc_single_image image=&#8221;33620&#8243; img_size=&#8221;full&#8221; css=&#8221;.vc_custom_1560320259455{padding-top: 0px !important;padding-bottom: 30px !important;}&#8221;][vc_column_text css=&#8221;.vc_custom_1570619742463{margin-bottom: 0px !important;}&#8221;]<strong>NedZink NOIR<\/strong> to patynowana blacha cynkowo-tytanowa w kolorze antracytowym.<\/p>\n<p><strong>NedZink NOIR<\/strong> powstaje w wyniku chemicznej obr\u00f3bki powierzchni po procesie frezowania. Wszystkie w\u0142a\u015bciwo\u015bci blachy cynkowo-tytanowej zostaj\u0105 w pe\u0142ni zachowane. NedZink NOIR jest drugim obok NedZink NOVA wariantem kolorystycznym patynowanej blachy cynkowo-tytanowej.<\/p>\n<p>Klientom, kt\u00f3rzy wol\u0105 ciemne powierzchnie, polecamy <strong>NedZink NOIR<\/strong>.[\/vc_column_text][\/vc_column_inner][vc_column_inner width=&#8221;1\/4&#8243;][mk_padding_divider size=&#8221;76&#8243; visibility=&#8221;hidden-sm&#8221;][vc_single_image image=&#8221;53641&#8243; img_size=&#8221;275&#215;275&#8243; alignment=&#8221;center&#8221;][\/vc_column_inner][\/vc_row_inner][vc_row_inner css=&#8221;.vc_custom_1556548069799{margin-bottom: 50px !important;padding-bottom: 35px !important;background-color: #ffffff !important;}&#8221; el_class=&#8221;rij-wit-schaduw architecten-materialen2&#8243; el_id=&#8221;nuance&#8221;][vc_column_inner el_class=&#8221;materiaalkolom&#8221; width=&#8221;3\/4&#8243;][mk_padding_divider size=&#8221;30&#8243;][vc_column_text css=&#8221;.vc_custom_1558514805794{margin-bottom: 0px !important;}&#8221;]\n<h2>NedZink NUANCE<\/h2>\n[\/vc_column_text][vc_single_image image=&#8221;32958&#8243; img_size=&#8221;full&#8221; css=&#8221;.vc_custom_1559909219123{padding-top: 0px !important;padding-bottom: 30px !important;}&#8221;][vc_column_text css=&#8221;.vc_custom_1647263288823{margin-bottom: 0px !important;}&#8221;]<strong>NedZink NUANCE<\/strong> to patynowana blacha cynkowo-tytanowa z dodatkiem pigment\u00f3w. W zale\u017cno\u015bci od wybranego pigmentu pozwala na uzyskanie patynowanej blachy cynkowej w niebieskim, czerwonym, br\u0105zowym lub zielonym odcieniu.<\/p>\n<p>Naturalne w\u0142a\u015bciwo\u015bci blachy cynkowo-tytanowej, jej wysoka trwa\u0142o\u015b\u0107 i wytrzyma\u0142o\u015b\u0107 na odkszta\u0142cania s\u0105 w pe\u0142ni zachowane. Ponadto wyr\u00f3b nie wymaga konserwacji.<\/p>\n<p>Blach <strong>NedZink NUANCE<\/strong> s\u0142u\u017cy g\u0142\u00f3wnie do zastosowa\u0144 budowlanych o wysokiej jako\u015bci estetycznej: na zewn\u0105trz do dach\u00f3w i fasad lub wewn\u0105trz pomieszcze\u0144 do r\u00f3\u017cnych zastosowa\u0144 projektowych.[\/vc_column_text][\/vc_column_inner][vc_column_inner width=&#8221;1\/4&#8243;][mk_padding_divider size=&#8221;76&#8243; visibility=&#8221;hidden-sm&#8221;][vc_single_image image=&#8221;106829&#8243; img_size=&#8221;275&#215;275&#8243; alignment=&#8221;center&#8221;][\/vc_column_inner][\/vc_row_inner][vc_row_inner css=&#8221;.vc_custom_1555674404577{padding-bottom: 35px !important;background-color: #ffffff !important;}&#8221; el_class=&#8221;rij-wit-schaduw architecten-materialen2&#8243; el_id=&#8221;protec&#8221;][vc_column_inner el_class=&#8221;materiaalkolom&#8221; width=&#8221;3\/4&#8243;][mk_padding_divider size=&#8221;30&#8243;][vc_column_text css=&#8221;.vc_custom_1559026275810{margin-bottom: 0px !important;}&#8221;]\n<h2>NedZink Pro-Tec<\/h2>\n[\/vc_column_text][vc_single_image image=&#8221;28513&#8243; img_size=&#8221;full&#8221; css=&#8221;.vc_custom_1557309395889{padding-top: 0px !important;padding-bottom: 30px !important;}&#8221;][vc_column_text css=&#8221;.vc_custom_1683275659249{margin-bottom: 0px !important;}&#8221;]<strong>NedZink Pro-Tec<\/strong> to wytwarzana w specjalnym procesie blacha cynkowo-tytanowa z pow\u0142ok\u0105 ochronn\u0105 na tylnej stronie do stosowania na konstrukcjach odpornych na dzia\u0142anie wilgoci lub niskich temperatur. Warstwa ochronna zabezpiecza blach\u0119 cynkow\u0105 przed niekorzystnym wp\u0142ywem pary wodnej i innych substancji. Doskona\u0142e w\u0142a\u015bciwo\u015bci przetw\u00f3rcze zapewniane przez cynk s\u0105 w pe\u0142ni zachowane.<\/p>\n<p>Model <strong>NedZink Pro-Tec<\/strong> mo\u017cna stosowa\u0107 we wszystkich standardowych systemach, ale jest zalecany szczeg\u00f3lnie do niewentylowanych, mocno nagrzewaj\u0105cych si\u0119 hydroizolowanych konstrukcji dachowych i zewn\u0119trznych ok\u0142adzin \u015bciennych.<\/p>\n<p>Model <strong>NedZink Pro-Tec<\/strong> jest dost\u0119pny w nast\u0119puj\u0105cych wariantach:<br \/>\n\u2013 NedZink NATUREL Pro-Tec<br \/>\n\u2013 NedZink NOVA Pro-Tec<br \/>\n\u2013 NedZink NEO Pro-Tec<br \/>\n\u2013 NedZink NOIR Pro-Tec<br \/>\n\u2013 NedZink NUANCE Pro-Tec[\/vc_column_text][\/vc_column_inner][vc_column_inner width=&#8221;1\/4&#8243;][mk_padding_divider size=&#8221;76&#8243; visibility=&#8221;hidden-sm&#8221;][vc_single_image image=&#8221;53701&#8243; img_size=&#8221;275&#215;275&#8243; alignment=&#8221;center&#8221;][\/vc_column_inner][\/vc_row_inner][\/vc_column][\/mk_page_section]\n","protected":false},"excerpt":{"rendered":"<p>[vc_row fullwidth=&#8221;true&#8221;][vc_column][\/vc_column][\/vc_row][vc_row][vc_column][mk_padding_divider size=&#8221;50&#8243;][\/vc_column][\/vc_row][mk_page_section el_class=&#8221;materialenkleurenpadding&#8221; sidebar=&#8221;sidebar-1&#8243;][vc_column][vc_row_inner css=&#8221;.vc_custom_1556546889255{margin-bottom: 50px !important;padding-bottom: 35px !important;background-color: #ffffff !important;}&#8221; el_class=&#8221;rij-wit-schaduw architecten-materialen2&#8243; el_id=&#8221;naturel&#8221;][vc_column_inner el_class=&#8221;materiaalkolom&#8221; width=&#8221;3\/4&#8243;][mk_padding_divider size=&#8221;30&#8243;][vc_column_text el_class=&#8221;kleurenm&#8221; css=&#8221;.vc_custom_1558514633011{margin-bottom: 0px !important;}&#8221;] NedZink NATUREL [\/vc_column_text][vc_single_image image=&#8221;32978&#8243; img_size=&#8221;full&#8221; css=&#8221;.vc_custom_1559909092531{padding-top: 0px !important;padding-bottom: 30px !important;}&#8221; el_class=&#8221;kleurenm&#8221;][vc_column_text el_class=&#8221;kleurenm&#8221; css=&#8221;.vc_custom_1570619663208{margin-bottom: 0px !important;}&#8221;]NedZink NATUREL to trwa\u0142y, estetyczny i niewymagaj\u0105cy konserwacji materia\u0142 budowlany, kt\u00f3ry wraz z up\u0142ywem czasu, na skutek oddzia\u0142ywania czynnik\u00f3w [&hellip;]<\/p>\n","protected":false},"author":9,"featured_media":0,"parent":0,"menu_order":0,"comment_status":"closed","ping_status":"closed","template":"","meta":{"_acf_changed":false,"footnotes":""},"class_list":["post-46838","page","type-page","status-publish","hentry"],"acf":[],"yoast_head":"<!-- This site is optimized with the Yoast SEO plugin v26.8 - https:\/\/yoast.com\/product\/yoast-seo-wordpress\/ -->\n<title>Materia\u0142y i kolory \u2013 NedZink<\/title>\n<meta name=\"description\" content=\"Titaanzink is verkrijgbaar in de kleuren Naturel, Nova, Noir, Composite en Nuance. Ontdek de kleuren, materialen en toepassingen van titaanzink bij NedZink.\" \/>\n<meta name=\"robots\" content=\"index, follow, max-snippet:-1, max-image-preview:large, max-video-preview:-1\" \/>\n<link rel=\"canonical\" href=\"https:\/\/www.nedzink.com\/pl\/materialy-i-kolory\/\" \/>\n<meta property=\"og:locale\" content=\"pl_PL\" \/>\n<meta property=\"og:type\" content=\"article\" \/>\n<meta property=\"og:title\" content=\"Materia\u0142y i kolory \u2013 NedZink\" \/>\n<meta property=\"og:description\" content=\"Titaanzink is verkrijgbaar in de kleuren Naturel, Nova, Noir, Composite en Nuance. Ontdek de kleuren, materialen en toepassingen van titaanzink bij NedZink.\" \/>\n<meta property=\"og:url\" content=\"https:\/\/www.nedzink.com\/pl\/materialy-i-kolory\/\" \/>\n<meta property=\"og:site_name\" content=\"NedZink\" \/>\n<meta property=\"article:modified_time\" content=\"2024-09-19T18:25:12+00:00\" \/>\n<meta name=\"twitter:card\" content=\"summary_large_image\" \/>\n<meta name=\"twitter:label1\" content=\"Szacowany czas czytania\" \/>\n\t<meta name=\"twitter:data1\" content=\"4 minuty\" \/>\n<script type=\"application\/ld+json\" class=\"yoast-schema-graph\">{\"@context\":\"https:\/\/schema.org\",\"@graph\":[{\"@type\":\"WebPage\",\"@id\":\"https:\/\/www.nedzink.com\/pl\/materialy-i-kolory\/\",\"url\":\"https:\/\/www.nedzink.com\/pl\/materialy-i-kolory\/\",\"name\":\"Materia\u0142y i kolory \u2013 NedZink\",\"isPartOf\":{\"@id\":\"https:\/\/www.nedzink.com\/pl\/#website\"},\"datePublished\":\"2019-04-19T07:15:59+00:00\",\"dateModified\":\"2024-09-19T18:25:12+00:00\",\"description\":\"Titaanzink is verkrijgbaar in de kleuren Naturel, Nova, Noir, Composite en Nuance. Ontdek de kleuren, materialen en toepassingen van titaanzink bij NedZink.\",\"breadcrumb\":{\"@id\":\"https:\/\/www.nedzink.com\/pl\/materialy-i-kolory\/#breadcrumb\"},\"inLanguage\":\"pl-PL\",\"potentialAction\":[{\"@type\":\"ReadAction\",\"target\":[\"https:\/\/www.nedzink.com\/pl\/materialy-i-kolory\/\"]}]},{\"@type\":\"BreadcrumbList\",\"@id\":\"https:\/\/www.nedzink.com\/pl\/materialy-i-kolory\/#breadcrumb\",\"itemListElement\":[{\"@type\":\"ListItem\",\"position\":1,\"name\":\"Home\",\"item\":\"https:\/\/www.nedzink.com\/pl\/\"},{\"@type\":\"ListItem\",\"position\":2,\"name\":\"Materia\u0142y i kolory\"}]},{\"@type\":\"WebSite\",\"@id\":\"https:\/\/www.nedzink.com\/pl\/#website\",\"url\":\"https:\/\/www.nedzink.com\/pl\/\",\"name\":\"NedZink\",\"description\":\"Zink fabrikant\",\"publisher\":{\"@id\":\"https:\/\/www.nedzink.com\/pl\/#organization\"},\"potentialAction\":[{\"@type\":\"SearchAction\",\"target\":{\"@type\":\"EntryPoint\",\"urlTemplate\":\"https:\/\/www.nedzink.com\/pl\/?s={search_term_string}\"},\"query-input\":{\"@type\":\"PropertyValueSpecification\",\"valueRequired\":true,\"valueName\":\"search_term_string\"}}],\"inLanguage\":\"pl-PL\"},{\"@type\":\"Organization\",\"@id\":\"https:\/\/www.nedzink.com\/pl\/#organization\",\"name\":\"NedZink\",\"url\":\"https:\/\/www.nedzink.com\/pl\/\",\"logo\":{\"@type\":\"ImageObject\",\"inLanguage\":\"pl-PL\",\"@id\":\"https:\/\/www.nedzink.com\/pl\/#\/schema\/logo\/image\/\",\"url\":\"https:\/\/www.nedzink.com\/wp-content\/uploads\/2019\/08\/logo-nedzink_fc_zk.jpg\",\"contentUrl\":\"https:\/\/www.nedzink.com\/wp-content\/uploads\/2019\/08\/logo-nedzink_fc_zk.jpg\",\"width\":2160,\"height\":688,\"caption\":\"NedZink\"},\"image\":{\"@id\":\"https:\/\/www.nedzink.com\/pl\/#\/schema\/logo\/image\/\"}}]}<\/script>\n<!-- \/ Yoast SEO plugin. -->","yoast_head_json":{"title":"Materia\u0142y i kolory \u2013 NedZink","description":"Titaanzink is verkrijgbaar in de kleuren Naturel, Nova, Noir, Composite en Nuance. Ontdek de kleuren, materialen en toepassingen van titaanzink bij NedZink.","robots":{"index":"index","follow":"follow","max-snippet":"max-snippet:-1","max-image-preview":"max-image-preview:large","max-video-preview":"max-video-preview:-1"},"canonical":"https:\/\/www.nedzink.com\/pl\/materialy-i-kolory\/","og_locale":"pl_PL","og_type":"article","og_title":"Materia\u0142y i kolory \u2013 NedZink","og_description":"Titaanzink is verkrijgbaar in de kleuren Naturel, Nova, Noir, Composite en Nuance. Ontdek de kleuren, materialen en toepassingen van titaanzink bij NedZink.","og_url":"https:\/\/www.nedzink.com\/pl\/materialy-i-kolory\/","og_site_name":"NedZink","article_modified_time":"2024-09-19T18:25:12+00:00","twitter_card":"summary_large_image","twitter_misc":{"Szacowany czas czytania":"4 minuty"},"schema":{"@context":"https:\/\/schema.org","@graph":[{"@type":"WebPage","@id":"https:\/\/www.nedzink.com\/pl\/materialy-i-kolory\/","url":"https:\/\/www.nedzink.com\/pl\/materialy-i-kolory\/","name":"Materia\u0142y i kolory \u2013 NedZink","isPartOf":{"@id":"https:\/\/www.nedzink.com\/pl\/#website"},"datePublished":"2019-04-19T07:15:59+00:00","dateModified":"2024-09-19T18:25:12+00:00","description":"Titaanzink is verkrijgbaar in de kleuren Naturel, Nova, Noir, Composite en Nuance. Ontdek de kleuren, materialen en toepassingen van titaanzink bij NedZink.","breadcrumb":{"@id":"https:\/\/www.nedzink.com\/pl\/materialy-i-kolory\/#breadcrumb"},"inLanguage":"pl-PL","potentialAction":[{"@type":"ReadAction","target":["https:\/\/www.nedzink.com\/pl\/materialy-i-kolory\/"]}]},{"@type":"BreadcrumbList","@id":"https:\/\/www.nedzink.com\/pl\/materialy-i-kolory\/#breadcrumb","itemListElement":[{"@type":"ListItem","position":1,"name":"Home","item":"https:\/\/www.nedzink.com\/pl\/"},{"@type":"ListItem","position":2,"name":"Materia\u0142y i kolory"}]},{"@type":"WebSite","@id":"https:\/\/www.nedzink.com\/pl\/#website","url":"https:\/\/www.nedzink.com\/pl\/","name":"NedZink","description":"Zink fabrikant","publisher":{"@id":"https:\/\/www.nedzink.com\/pl\/#organization"},"potentialAction":[{"@type":"SearchAction","target":{"@type":"EntryPoint","urlTemplate":"https:\/\/www.nedzink.com\/pl\/?s={search_term_string}"},"query-input":{"@type":"PropertyValueSpecification","valueRequired":true,"valueName":"search_term_string"}}],"inLanguage":"pl-PL"},{"@type":"Organization","@id":"https:\/\/www.nedzink.com\/pl\/#organization","name":"NedZink","url":"https:\/\/www.nedzink.com\/pl\/","logo":{"@type":"ImageObject","inLanguage":"pl-PL","@id":"https:\/\/www.nedzink.com\/pl\/#\/schema\/logo\/image\/","url":"https:\/\/www.nedzink.com\/wp-content\/uploads\/2019\/08\/logo-nedzink_fc_zk.jpg","contentUrl":"https:\/\/www.nedzink.com\/wp-content\/uploads\/2019\/08\/logo-nedzink_fc_zk.jpg","width":2160,"height":688,"caption":"NedZink"},"image":{"@id":"https:\/\/www.nedzink.com\/pl\/#\/schema\/logo\/image\/"}}]}},"_links":{"self":[{"href":"https:\/\/www.nedzink.com\/pl\/wp-json\/wp\/v2\/pages\/46838","targetHints":{"allow":["GET"]}}],"collection":[{"href":"https:\/\/www.nedzink.com\/pl\/wp-json\/wp\/v2\/pages"}],"about":[{"href":"https:\/\/www.nedzink.com\/pl\/wp-json\/wp\/v2\/types\/page"}],"author":[{"embeddable":true,"href":"https:\/\/www.nedzink.com\/pl\/wp-json\/wp\/v2\/users\/9"}],"replies":[{"embeddable":true,"href":"https:\/\/www.nedzink.com\/pl\/wp-json\/wp\/v2\/comments?post=46838"}],"version-history":[{"count":2,"href":"https:\/\/www.nedzink.com\/pl\/wp-json\/wp\/v2\/pages\/46838\/revisions"}],"predecessor-version":[{"id":131933,"href":"https:\/\/www.nedzink.com\/pl\/wp-json\/wp\/v2\/pages\/46838\/revisions\/131933"}],"wp:attachment":[{"href":"https:\/\/www.nedzink.com\/pl\/wp-json\/wp\/v2\/media?parent=46838"}],"curies":[{"name":"wp","href":"https:\/\/api.w.org\/{rel}","templated":true}]}}