{"id":45,"date":"2019-02-27T15:34:07","date_gmt":"2019-02-27T14:34:07","guid":{"rendered":"http:\/\/136.144.181.85\/~nedzink\/home\/"},"modified":"2025-03-25T15:09:35","modified_gmt":"2025-03-25T14:09:35","slug":"home","status":"publish","type":"page","link":"https:\/\/www.nedzink.com\/pl\/","title":{"rendered":"Home"},"content":{"rendered":"[vc_row fullwidth=&#8221;true&#8221;][vc_column][vc_column_text css=&#8221;.vc_custom_1670319597434{margin-bottom: 0px !important;}&#8221;][\/vc_column_text][\/vc_column][\/vc_row][vc_row][vc_column][mk_padding_divider size=&#8221;50&#8243;][\/vc_column][\/vc_row][vc_row attached=&#8221;true&#8221; el_class=&#8221;home-branches-blokken&#8221;][vc_column width=&#8221;1\/3&#8243;][vc_column_text align=&#8221;center&#8221; el_class=&#8221;consumenten&#8221; css=&#8221;.vc_custom_1568790729250{margin-bottom: 0px !important;}&#8221;]\n<h3><a href=\"https:\/\/www.nedzink.com\/pl\/consumenten\/\">Konsumenci<\/a><\/h3>\n[\/vc_column_text][\/vc_column][vc_column width=&#8221;1\/3&#8243; el_class=&#8221;architecten&#8221;][vc_column_text align=&#8221;center&#8221; css=&#8221;.vc_custom_1568790763415{margin-bottom: 0px !important;}&#8221;]\n<h3><a href=\"https:\/\/www.nedzink.com\/pl\/architecten\/\">Architekci<\/a><\/h3>\n[\/vc_column_text][\/vc_column][vc_column width=&#8221;1\/3&#8243;][vc_column_text align=&#8221;center&#8221; el_class=&#8221;installateurs&#8221; css=&#8221;.vc_custom_1568790800294{margin-bottom: 0px !important;}&#8221;]\n<h3><a href=\"https:\/\/www.nedzink.com\/pl\/installateurs\/\">Instalatorzy<\/a><\/h3>\n[\/vc_column_text][\/vc_column][\/vc_row][vc_row][vc_column][mk_padding_divider size=&#8221;50&#8243;][\/vc_column][\/vc_row][vc_row attached=&#8221;true&#8221; column_padding=&#8221;3&#8243; el_class=&#8221;home-intro rij-wit-schaduw&#8221;][vc_column width=&#8221;1\/2&#8243; offset=&#8221;vc_col-lg-4 vc_col-md-4 vc_col-xs-12&#8243;][vc_column_text css=&#8221;.vc_custom_1570615865814{margin-bottom: 0px !important;}&#8221;]\n<h1>Holenderski producent najwy\u017cszej jako\u015bci cynku posiadaj\u0105cy ponad 125 lat do\u015bwiadczenia w bran\u017cy. To w\u0142a\u015bnie firma NedZink!<\/h1>\n[\/vc_column_text][\/vc_column][vc_column width=&#8221;1\/2&#8243; el_class=&#8221;introtekst&#8221; offset=&#8221;vc_col-lg-4 vc_col-md-4 vc_col-xs-12&#8243;][vc_column_text css=&#8221;.vc_custom_1742911763302{margin-bottom: 0px !important;}&#8221;]NedZink jest wiod\u0105cym holenderskim producentem walcowanej blachy cynkowo-tytanowej do zastosowa\u0144 w ok\u0142adzinach elewacyjnych, pokryciach dachowych, rynnach i systemach odprowadzania wody deszczowej. Od ponad 125 lat firma NedZink wytwarza najwy\u017cszej jako\u015bci produkty cynkowe stosowane zar\u00f3wno w du\u017cych, jak i ma\u0142ych projektach na ca\u0142ym \u015bwiecie.<\/p>\n<p>Jako wiod\u0105ce przedsi\u0119biorstwo na rynku holenderskim firma NedZink promuje kreatywne zastosowania cynku. Oferujemy produkty, takie jak walcowana blacha cynkowa jasna (NATUREL), patynowana blacha cynkowa szara (NOVA) i patynowana blacha cynkowa czarna (NOIR). Stale wykorzystujemy istniej\u0105ce produkty w nowy spos\u00f3b i w nowej formie, dzi\u0119ki czemu cynk nadal jest fascynuj\u0105cym i inspiruj\u0105cym wyrobem. Takie podej\u015bcie zaowocowa\u0142o opracowaniem produkt\u00f3w, takich jak NedZink Pro-Tec i NedZink NUANCE.<\/p>\n<p><em>NedZink trademarks: NedZink<sup>\u00ae<\/sup> NATUREL, NedZink<sup>\u00ae<\/sup> NEO, NedZink<sup>\u00ae<\/sup> NOVA, NedZink<sup>\u00ae<\/sup> NOIR, NedZink<sup>\u00ae<\/sup> NUANCE,\u00a0NedZink<sup>\u00ae<\/sup> Pro-Tec.<\/em>[\/vc_column_text][\/vc_column][vc_column offset=&#8221;vc_col-lg-4 vc_col-md-4 vc_col-xs-12&#8243;][vc_row_inner css=&#8221;.vc_custom_1551707105796{padding-right: 36px !important;padding-left: 36px !important;}&#8221;][vc_column_inner][vc_single_image image=&#8221;473&#8243; img_size=&#8221;full&#8221; alignment=&#8221;center&#8221;][mk_padding_divider size=&#8221;20&#8243;][vc_column_text align=&#8221;center&#8221; css=&#8221;.vc_custom_1570615979576{margin-bottom: 0px !important;}&#8221;]\n<h2>Czy wiesz, \u017ce blacha cynkowo-tytanowa jest najtrwalszym metalem konstrukcyjnym?<\/h2>\n[\/vc_column_text][vc_column_text align=&#8221;center&#8221; css=&#8221;.vc_custom_1570616031668{margin-bottom: 0px !important;}&#8221;]<span style=\"color: #009ad8;\">Jej wyj\u0105tkowe w\u0142a\u015bciwo\u015bci przetw\u00f3rcze sprawiaj\u0105, \u017ce materia\u0142 ten <\/span><span style=\"color: #009ad8;\">bardzo \u0142atwo si\u0119 nak\u0142ada. Ponadto jest to tworzywo, kt\u00f3re w 100% nadaje si\u0119 do recyklingu.<\/span>[\/vc_column_text][\/vc_column_inner][\/vc_row_inner][\/vc_column][\/vc_row][vc_row][vc_column][mk_padding_divider size=&#8221;50&#8243;][\/vc_column][\/vc_row][vc_row equal_columns=&#8221;true&#8221; attached=&#8221;true&#8221; column_padding=&#8221;1&#8243; el_class=&#8221;home-projecten-nieuws rij-wit-schaduw&#8221;][vc_column width=&#8221;3\/4&#8243; el_class=&#8221;projecten&#8221;][vc_column_text css=&#8221;.vc_custom_1570616050240{margin-bottom: 0px !important;}&#8221;]\n<h2>Projekty<\/h2>\n[\/vc_column_text][mk_blog_carousel count=&#8221;-1&#8243; cat=&#8221;41, 43, 42&#8243;][\/vc_column][vc_column width=&#8221;1\/4&#8243; el_class=&#8221;nieuws&#8221;][vc_column_text css=&#8221;.vc_custom_1570616066762{margin-bottom: 0px !important;}&#8221;]\n<h2>Aktualno\u015bci<\/h2>\n[\/vc_column_text][mk_blog style=&#8221;thumbnail&#8221; image_size=&#8221;full&#8221; post_count=&#8221;3&#8243; excerpt_length=&#8221;0&#8243; pagination=&#8221;false&#8221;][\/vc_column][\/vc_row][vc_row el_class=&#8221;home-projecten-nieuws-padding&#8221;][vc_column][mk_padding_divider size=&#8221;50&#8243;][\/vc_column][\/vc_row][vc_row equal_columns=&#8221;true&#8221; attached=&#8221;true&#8221; el_class=&#8221;home-waarom-nedzink rij-wit-schaduw&#8221;][vc_column][mk_padding_divider size=&#8221;30&#8243;][vc_column_text align=&#8221;center&#8221; css=&#8221;.vc_custom_1570616089096{margin-bottom: 0px !important;}&#8221;]\n<h2>Dlaczego NedZink?<\/h2>\n[\/vc_column_text][vc_row_inner attached=&#8221;true&#8221; column_padding=&#8221;1&#8243;][vc_column_inner el_class=&#8221;waaromnedzink&#8221; width=&#8221;1\/3&#8243; offset=&#8221;vc_col-lg-2 vc_col-md-4 vc_col-xs-12&#8243;][vc_single_image image=&#8221;890&#8243; img_size=&#8221;full&#8221; alignment=&#8221;center&#8221;][vc_column_text align=&#8221;center&#8221; el_class=&#8221;titel&#8221; css=&#8221;.vc_custom_1570616119119{margin-bottom: 0px !important;}&#8221;]\n<h3>Szybka dostawa<\/h3>\n[\/vc_column_text][vc_column_text align=&#8221;center&#8221; css=&#8221;.vc_custom_1570616130145{margin-bottom: 0px !important;}&#8221;]Wi\u0119kszo\u015b\u0107 produkt\u00f3w jest zazwyczaj na stanie w jednym z naszych magazyn\u00f3w lub u jednego z naszych dystrybutor\u00f3w na ca\u0142ym \u015bwiecie.[\/vc_column_text][\/vc_column_inner][vc_column_inner el_class=&#8221;waaromnedzink&#8221; width=&#8221;1\/3&#8243; offset=&#8221;vc_col-lg-2 vc_col-md-4 vc_col-xs-12&#8243;][vc_single_image image=&#8221;850&#8243; img_size=&#8221;full&#8221; alignment=&#8221;center&#8221;][vc_column_text align=&#8221;center&#8221; el_class=&#8221;titel&#8221; css=&#8221;.vc_custom_1570616153209{margin-bottom: 0px !important;}&#8221;]\n<h3>Ponad 125 lat do\u015bwiadczenia<\/h3>\n[\/vc_column_text][vc_column_text align=&#8221;center&#8221; css=&#8221;.vc_custom_1570616173363{margin-bottom: 0px !important;}&#8221;]Ponad 125 lat do\u015bwiadczenia umo\u017cliwi\u0142o firmie NedZink zbudowanie du\u017cej sieci wewn\u0119trznej i zewn\u0119trznej, kt\u00f3rej cz\u0142onkowie stale wymieniaj\u0105 si\u0119 wiedz\u0105 i do\u015bwiadczeniem.[\/vc_column_text][\/vc_column_inner][vc_column_inner el_class=&#8221;waaromnedzink&#8221; width=&#8221;1\/3&#8243; offset=&#8221;vc_col-lg-2 vc_col-md-4 vc_col-xs-12&#8243;][vc_single_image image=&#8221;870&#8243; img_size=&#8221;full&#8221; alignment=&#8221;center&#8221;][vc_column_text align=&#8221;center&#8221; el_class=&#8221;titel&#8221; css=&#8221;.vc_custom_1570616183329{margin-bottom: 0px !important;}&#8221;]\n<h3>Gwarantowana jako\u015b\u0107<\/h3>\n[\/vc_column_text][vc_column_text align=&#8221;center&#8221; css=&#8221;.vc_custom_1570616194098{margin-bottom: 0px !important;}&#8221;]Produkty firmy NedZink to trwa\u0142e i technicznie zaawansowane blachy cynkowe z gwarancj\u0105 jako\u015bci zgodn\u0105 z norm\u0105 NEN-EN-ISO 9001:2015.[\/vc_column_text][\/vc_column_inner][vc_column_inner el_class=&#8221;waaromnedzink&#8221; width=&#8221;1\/3&#8243; offset=&#8221;vc_col-lg-2 vc_col-md-4 vc_col-xs-12&#8243;][vc_single_image image=&#8221;900&#8243; img_size=&#8221;full&#8221; alignment=&#8221;center&#8221;][vc_column_text align=&#8221;center&#8221; el_class=&#8221;titel&#8221; css=&#8221;.vc_custom_1570616218973{margin-bottom: 0px !important;}&#8221;]\n<h3>Globalny gracz<\/h3>\n[\/vc_column_text][vc_column_text align=&#8221;center&#8221; css=&#8221;.vc_custom_1570616208665{margin-bottom: 0px !important;}&#8221;]Produkty NedZink s\u0105 stosowane na ca\u0142ym \u015bwiecie! Dzi\u0119ki du\u017cej sieci dystrybucyjnej produkty NedZink s\u0105 wdra\u017cane w innowacyjny i kreatywny spos\u00f3b na ca\u0142ym \u015bwiecie.[\/vc_column_text][\/vc_column_inner][vc_column_inner el_class=&#8221;waaromnedzink&#8221; width=&#8221;1\/3&#8243; offset=&#8221;vc_col-lg-2 vc_col-md-4 vc_col-xs-12&#8243;][vc_single_image image=&#8221;880&#8243; img_size=&#8221;full&#8221; alignment=&#8221;center&#8221;][vc_column_text align=&#8221;center&#8221; el_class=&#8221;titel&#8221; css=&#8221;.vc_custom_1570616229095{margin-bottom: 0px !important;}&#8221;]\n<h3>Niezr\u00f3wnana znajomo\u015b\u0107 rynku<\/h3>\n[\/vc_column_text][vc_column_text align=&#8221;center&#8221; css=&#8221;.vc_custom_1570616238798{margin-bottom: 0px !important;}&#8221;]Jeste\u015bmy mi\u0119dzynarodowym przedsi\u0119biorstwem, posiadaj\u0105cym ponad 125 lat do\u015bwiadczenia, co czyni nas najlepszym partnerem w bran\u017cy.[\/vc_column_text][\/vc_column_inner][vc_column_inner el_class=&#8221;waaromnedzink&#8221; width=&#8221;1\/3&#8243; offset=&#8221;vc_col-lg-2 vc_col-md-4 vc_col-xs-12&#8243;][vc_single_image image=&#8221;860&#8243; img_size=&#8221;full&#8221; alignment=&#8221;center&#8221;][vc_column_text align=&#8221;center&#8221; el_class=&#8221;titel&#8221; css=&#8221;.vc_custom_1570616248656{margin-bottom: 0px !important;}&#8221;]\n<h3>Umowa to umowa<\/h3>\n[\/vc_column_text][vc_column_text align=&#8221;center&#8221; css=&#8221;.vc_custom_1570616259197{margin-bottom: 0px !important;}&#8221;]NedZink to do\u015bwiadczony i niezawodny partner handlowy, kt\u00f3ry szczyci si\u0119 wysok\u0105 jako\u015bci\u0105 produkt\u00f3w i us\u0142ug.[\/vc_column_text][\/vc_column_inner][\/vc_row_inner][mk_padding_divider size=&#8221;30&#8243;][\/vc_column][\/vc_row][vc_row css=&#8221;.vc_custom_1556890547379{padding-top: 0px !important;padding-right: 0px !important;padding-bottom: 0px !important;padding-left: 0px !important;}&#8221;][vc_column][mk_padding_divider size=&#8221;50&#8243;][\/vc_column][\/vc_row][vc_row el_class=&#8221;home-logos-keurmerken&#8221;][vc_column][vc_column_text align=&#8221;center&#8221; css=&#8221;.vc_custom_1570616277825{margin-bottom: 0px !important;}&#8221;]\n<h2>NedZink \u2014 logiczny wyb\u00f3r!<\/h2>\n[\/vc_column_text][mk_padding_divider size=&#8221;20&#8243;][vc_column_text align=&#8221;center&#8221; css=&#8221;.vc_custom_1647252260406{margin-bottom: 0px !important;}&#8221;]<a href=\"https:\/\/www.nedzink.com\/pl\/#lloyd\"><img loading=\"lazy\" decoding=\"async\" class=\"alignnone wp-image-106801\" src=\"https:\/\/www.nedzink.com\/wp-content\/uploads\/2022\/03\/rva-and-iso-9001-cmyk.jpg\" alt=\"\" width=\"110\" height=\"69\" srcset=\"https:\/\/www.nedzink.com\/wp-content\/uploads\/2022\/03\/rva-and-iso-9001-cmyk.jpg 1881w, https:\/\/www.nedzink.com\/wp-content\/uploads\/2022\/03\/rva-and-iso-9001-cmyk-300x188.jpg 300w, https:\/\/www.nedzink.com\/wp-content\/uploads\/2022\/03\/rva-and-iso-9001-cmyk-1024x643.jpg 1024w, https:\/\/www.nedzink.com\/wp-content\/uploads\/2022\/03\/rva-and-iso-9001-cmyk-1536x964.jpg 1536w, https:\/\/www.nedzink.com\/wp-content\/uploads\/2022\/03\/rva-and-iso-9001-cmyk-139x87.jpg 139w, https:\/\/www.nedzink.com\/wp-content\/uploads\/2022\/03\/rva-and-iso-9001-cmyk-56x36.jpg 56w, https:\/\/www.nedzink.com\/wp-content\/uploads\/2022\/03\/rva-and-iso-9001-cmyk-212x133.jpg 212w\" sizes=\"auto, (max-width: 110px) 100vw, 110px\" \/><\/a><a href=\"https:\/\/www.komoquality.com\/\" target=\"_blank\" rel=\"noopener noreferrer\"><img loading=\"lazy\" decoding=\"async\" class=\"logohomeonder\" src=\"https:\/\/www.nedzink.com\/wp-content\/uploads\/2019\/03\/komo.png\" alt=\"\" width=\"89\" height=\"78\" \/><\/a><a href=\"https:\/\/www.kiwaregister.nl\/\"><img loading=\"lazy\" decoding=\"async\" class=\"logohomeonder\" src=\"https:\/\/www.nedzink.com\/wp-content\/uploads\/2019\/10\/kiwa.png\" alt=\"\" width=\"141\" height=\"50\" \/><\/a><a href=\"https:\/\/www.nedzink.com\/pl\/srodowisko\/certyfikacja-srodowiskowa-epd\/\"><img loading=\"lazy\" decoding=\"async\" class=\"logohomeonder\" src=\"https:\/\/www.nedzink.com\/wp-content\/uploads\/2019\/03\/epd.png\" alt=\"\" width=\"165\" height=\"79\" \/><\/a><a href=\"http:\/\/www.zincsaveskids.org\/\" target=\"_blank\" rel=\"noopener noreferrer\"><img loading=\"lazy\" decoding=\"async\" class=\"logohomeonder alignnone\" src=\"https:\/\/www.nedzink.com\/wp-content\/uploads\/2019\/03\/zinc_saves_kids.png\" alt=\"\" width=\"330\" height=\"62\" \/><\/a><a href=\"http:\/\/www.zinc.org\/\" target=\"_blank\" rel=\"noopener noreferrer\"><img loading=\"lazy\" decoding=\"async\" class=\"logohomeonder alignnone\" src=\"https:\/\/www.nedzink.com\/wp-content\/uploads\/2019\/03\/zinc_essential.png\" alt=\"\" width=\"136\" height=\"53\" \/><\/a>[\/vc_column_text][mk_padding_divider size=&#8221;20&#8243;][\/vc_column][\/vc_row]\n","protected":false},"excerpt":{"rendered":"<p>[vc_row fullwidth=&#8221;true&#8221;][vc_column][vc_column_text css=&#8221;.vc_custom_1670319597434{margin-bottom: 0px !important;}&#8221;][\/vc_column_text][\/vc_column][\/vc_row][vc_row][vc_column][mk_padding_divider size=&#8221;50&#8243;][\/vc_column][\/vc_row][vc_row attached=&#8221;true&#8221; el_class=&#8221;home-branches-blokken&#8221;][vc_column width=&#8221;1\/3&#8243;][vc_column_text align=&#8221;center&#8221; el_class=&#8221;consumenten&#8221; css=&#8221;.vc_custom_1568790729250{margin-bottom: 0px !important;}&#8221;] Konsumenci [\/vc_column_text][\/vc_column][vc_column width=&#8221;1\/3&#8243; el_class=&#8221;architecten&#8221;][vc_column_text align=&#8221;center&#8221; css=&#8221;.vc_custom_1568790763415{margin-bottom: 0px !important;}&#8221;] Architekci [\/vc_column_text][\/vc_column][vc_column width=&#8221;1\/3&#8243;][vc_column_text align=&#8221;center&#8221; el_class=&#8221;installateurs&#8221; css=&#8221;.vc_custom_1568790800294{margin-bottom: 0px !important;}&#8221;] Instalatorzy [\/vc_column_text][\/vc_column][\/vc_row][vc_row][vc_column][mk_padding_divider size=&#8221;50&#8243;][\/vc_column][\/vc_row][vc_row attached=&#8221;true&#8221; column_padding=&#8221;3&#8243; el_class=&#8221;home-intro rij-wit-schaduw&#8221;][vc_column width=&#8221;1\/2&#8243; offset=&#8221;vc_col-lg-4 vc_col-md-4 vc_col-xs-12&#8243;][vc_column_text css=&#8221;.vc_custom_1570615865814{margin-bottom: 0px !important;}&#8221;] Holenderski producent najwy\u017cszej jako\u015bci cynku posiadaj\u0105cy ponad 125 lat do\u015bwiadczenia w [&hellip;]<\/p>\n","protected":false},"author":9,"featured_media":0,"parent":0,"menu_order":0,"comment_status":"closed","ping_status":"closed","template":"","meta":{"_acf_changed":false,"footnotes":""},"class_list":["post-45","page","type-page","status-publish","hentry"],"acf":[],"yoast_head":"<!-- This site is optimized with the Yoast SEO plugin v26.8 - https:\/\/yoast.com\/product\/yoast-seo-wordpress\/ -->\n<title>Home \u2013 NedZink<\/title>\n<meta name=\"description\" content=\"NedZink is d\u00e9 Nederlandse zinkfabrikant van gewalst titaanzink voor toepassingen in gevelbekleding, dakbedekking, dakgoten en hemelwaterafvoersystemen.\" \/>\n<meta name=\"robots\" content=\"index, follow, max-snippet:-1, max-image-preview:large, max-video-preview:-1\" \/>\n<link rel=\"canonical\" href=\"https:\/\/www.nedzink.com\/pl\/\" \/>\n<meta property=\"og:locale\" content=\"pl_PL\" \/>\n<meta property=\"og:type\" content=\"article\" \/>\n<meta property=\"og:title\" content=\"Home \u2013 NedZink\" \/>\n<meta property=\"og:description\" content=\"NedZink is d\u00e9 Nederlandse zinkfabrikant van gewalst titaanzink voor toepassingen in gevelbekleding, dakbedekking, dakgoten en hemelwaterafvoersystemen.\" \/>\n<meta property=\"og:url\" content=\"https:\/\/www.nedzink.com\/pl\/\" \/>\n<meta property=\"og:site_name\" content=\"NedZink\" \/>\n<meta property=\"article:modified_time\" content=\"2025-03-25T14:09:35+00:00\" \/>\n<meta property=\"og:image\" content=\"https:\/\/www.nedzink.com\/wp-content\/uploads\/2022\/03\/rva-and-iso-9001-cmyk.jpg\" \/>\n<meta name=\"twitter:card\" content=\"summary_large_image\" \/>\n<meta name=\"twitter:label1\" content=\"Szacowany czas czytania\" \/>\n\t<meta name=\"twitter:data1\" content=\"4 minuty\" \/>\n<script type=\"application\/ld+json\" class=\"yoast-schema-graph\">{\"@context\":\"https:\/\/schema.org\",\"@graph\":[{\"@type\":\"WebPage\",\"@id\":\"https:\/\/www.nedzink.com\/pl\/\",\"url\":\"https:\/\/www.nedzink.com\/pl\/\",\"name\":\"Home \u2013 NedZink\",\"isPartOf\":{\"@id\":\"https:\/\/www.nedzink.com\/pl\/#website\"},\"primaryImageOfPage\":{\"@id\":\"https:\/\/www.nedzink.com\/pl\/#primaryimage\"},\"image\":{\"@id\":\"https:\/\/www.nedzink.com\/pl\/#primaryimage\"},\"thumbnailUrl\":\"https:\/\/www.nedzink.com\/wp-content\/uploads\/2022\/03\/rva-and-iso-9001-cmyk.jpg\",\"datePublished\":\"2019-02-27T14:34:07+00:00\",\"dateModified\":\"2025-03-25T14:09:35+00:00\",\"description\":\"NedZink is d\u00e9 Nederlandse zinkfabrikant van gewalst titaanzink voor toepassingen in gevelbekleding, dakbedekking, dakgoten en hemelwaterafvoersystemen.\",\"breadcrumb\":{\"@id\":\"https:\/\/www.nedzink.com\/pl\/#breadcrumb\"},\"inLanguage\":\"pl-PL\",\"potentialAction\":[{\"@type\":\"ReadAction\",\"target\":[\"https:\/\/www.nedzink.com\/pl\/\"]}]},{\"@type\":\"ImageObject\",\"inLanguage\":\"pl-PL\",\"@id\":\"https:\/\/www.nedzink.com\/pl\/#primaryimage\",\"url\":\"https:\/\/www.nedzink.com\/wp-content\/uploads\/2022\/03\/rva-and-iso-9001-cmyk.jpg\",\"contentUrl\":\"https:\/\/www.nedzink.com\/wp-content\/uploads\/2022\/03\/rva-and-iso-9001-cmyk.jpg\"},{\"@type\":\"BreadcrumbList\",\"@id\":\"https:\/\/www.nedzink.com\/pl\/#breadcrumb\",\"itemListElement\":[{\"@type\":\"ListItem\",\"position\":1,\"name\":\"Home\",\"item\":\"https:\/\/www.nedzink.com\/pl\/\"},{\"@type\":\"ListItem\",\"position\":2,\"name\":\"Home\"}]},{\"@type\":\"WebSite\",\"@id\":\"https:\/\/www.nedzink.com\/pl\/#website\",\"url\":\"https:\/\/www.nedzink.com\/pl\/\",\"name\":\"NedZink\",\"description\":\"Zink fabrikant\",\"publisher\":{\"@id\":\"https:\/\/www.nedzink.com\/pl\/#organization\"},\"potentialAction\":[{\"@type\":\"SearchAction\",\"target\":{\"@type\":\"EntryPoint\",\"urlTemplate\":\"https:\/\/www.nedzink.com\/pl\/?s={search_term_string}\"},\"query-input\":{\"@type\":\"PropertyValueSpecification\",\"valueRequired\":true,\"valueName\":\"search_term_string\"}}],\"inLanguage\":\"pl-PL\"},{\"@type\":\"Organization\",\"@id\":\"https:\/\/www.nedzink.com\/pl\/#organization\",\"name\":\"NedZink\",\"url\":\"https:\/\/www.nedzink.com\/pl\/\",\"logo\":{\"@type\":\"ImageObject\",\"inLanguage\":\"pl-PL\",\"@id\":\"https:\/\/www.nedzink.com\/pl\/#\/schema\/logo\/image\/\",\"url\":\"https:\/\/www.nedzink.com\/wp-content\/uploads\/2019\/08\/logo-nedzink_fc_zk.jpg\",\"contentUrl\":\"https:\/\/www.nedzink.com\/wp-content\/uploads\/2019\/08\/logo-nedzink_fc_zk.jpg\",\"width\":2160,\"height\":688,\"caption\":\"NedZink\"},\"image\":{\"@id\":\"https:\/\/www.nedzink.com\/pl\/#\/schema\/logo\/image\/\"}}]}<\/script>\n<!-- \/ Yoast SEO plugin. -->","yoast_head_json":{"title":"Home \u2013 NedZink","description":"NedZink is d\u00e9 Nederlandse zinkfabrikant van gewalst titaanzink voor toepassingen in gevelbekleding, dakbedekking, dakgoten en hemelwaterafvoersystemen.","robots":{"index":"index","follow":"follow","max-snippet":"max-snippet:-1","max-image-preview":"max-image-preview:large","max-video-preview":"max-video-preview:-1"},"canonical":"https:\/\/www.nedzink.com\/pl\/","og_locale":"pl_PL","og_type":"article","og_title":"Home \u2013 NedZink","og_description":"NedZink is d\u00e9 Nederlandse zinkfabrikant van gewalst titaanzink voor toepassingen in gevelbekleding, dakbedekking, dakgoten en hemelwaterafvoersystemen.","og_url":"https:\/\/www.nedzink.com\/pl\/","og_site_name":"NedZink","article_modified_time":"2025-03-25T14:09:35+00:00","og_image":[{"url":"https:\/\/www.nedzink.com\/wp-content\/uploads\/2022\/03\/rva-and-iso-9001-cmyk.jpg","type":"","width":"","height":""}],"twitter_card":"summary_large_image","twitter_misc":{"Szacowany czas czytania":"4 minuty"},"schema":{"@context":"https:\/\/schema.org","@graph":[{"@type":"WebPage","@id":"https:\/\/www.nedzink.com\/pl\/","url":"https:\/\/www.nedzink.com\/pl\/","name":"Home \u2013 NedZink","isPartOf":{"@id":"https:\/\/www.nedzink.com\/pl\/#website"},"primaryImageOfPage":{"@id":"https:\/\/www.nedzink.com\/pl\/#primaryimage"},"image":{"@id":"https:\/\/www.nedzink.com\/pl\/#primaryimage"},"thumbnailUrl":"https:\/\/www.nedzink.com\/wp-content\/uploads\/2022\/03\/rva-and-iso-9001-cmyk.jpg","datePublished":"2019-02-27T14:34:07+00:00","dateModified":"2025-03-25T14:09:35+00:00","description":"NedZink is d\u00e9 Nederlandse zinkfabrikant van gewalst titaanzink voor toepassingen in gevelbekleding, dakbedekking, dakgoten en hemelwaterafvoersystemen.","breadcrumb":{"@id":"https:\/\/www.nedzink.com\/pl\/#breadcrumb"},"inLanguage":"pl-PL","potentialAction":[{"@type":"ReadAction","target":["https:\/\/www.nedzink.com\/pl\/"]}]},{"@type":"ImageObject","inLanguage":"pl-PL","@id":"https:\/\/www.nedzink.com\/pl\/#primaryimage","url":"https:\/\/www.nedzink.com\/wp-content\/uploads\/2022\/03\/rva-and-iso-9001-cmyk.jpg","contentUrl":"https:\/\/www.nedzink.com\/wp-content\/uploads\/2022\/03\/rva-and-iso-9001-cmyk.jpg"},{"@type":"BreadcrumbList","@id":"https:\/\/www.nedzink.com\/pl\/#breadcrumb","itemListElement":[{"@type":"ListItem","position":1,"name":"Home","item":"https:\/\/www.nedzink.com\/pl\/"},{"@type":"ListItem","position":2,"name":"Home"}]},{"@type":"WebSite","@id":"https:\/\/www.nedzink.com\/pl\/#website","url":"https:\/\/www.nedzink.com\/pl\/","name":"NedZink","description":"Zink fabrikant","publisher":{"@id":"https:\/\/www.nedzink.com\/pl\/#organization"},"potentialAction":[{"@type":"SearchAction","target":{"@type":"EntryPoint","urlTemplate":"https:\/\/www.nedzink.com\/pl\/?s={search_term_string}"},"query-input":{"@type":"PropertyValueSpecification","valueRequired":true,"valueName":"search_term_string"}}],"inLanguage":"pl-PL"},{"@type":"Organization","@id":"https:\/\/www.nedzink.com\/pl\/#organization","name":"NedZink","url":"https:\/\/www.nedzink.com\/pl\/","logo":{"@type":"ImageObject","inLanguage":"pl-PL","@id":"https:\/\/www.nedzink.com\/pl\/#\/schema\/logo\/image\/","url":"https:\/\/www.nedzink.com\/wp-content\/uploads\/2019\/08\/logo-nedzink_fc_zk.jpg","contentUrl":"https:\/\/www.nedzink.com\/wp-content\/uploads\/2019\/08\/logo-nedzink_fc_zk.jpg","width":2160,"height":688,"caption":"NedZink"},"image":{"@id":"https:\/\/www.nedzink.com\/pl\/#\/schema\/logo\/image\/"}}]}},"_links":{"self":[{"href":"https:\/\/www.nedzink.com\/pl\/wp-json\/wp\/v2\/pages\/45","targetHints":{"allow":["GET"]}}],"collection":[{"href":"https:\/\/www.nedzink.com\/pl\/wp-json\/wp\/v2\/pages"}],"about":[{"href":"https:\/\/www.nedzink.com\/pl\/wp-json\/wp\/v2\/types\/page"}],"author":[{"embeddable":true,"href":"https:\/\/www.nedzink.com\/pl\/wp-json\/wp\/v2\/users\/9"}],"replies":[{"embeddable":true,"href":"https:\/\/www.nedzink.com\/pl\/wp-json\/wp\/v2\/comments?post=45"}],"version-history":[{"count":5,"href":"https:\/\/www.nedzink.com\/pl\/wp-json\/wp\/v2\/pages\/45\/revisions"}],"predecessor-version":[{"id":135865,"href":"https:\/\/www.nedzink.com\/pl\/wp-json\/wp\/v2\/pages\/45\/revisions\/135865"}],"wp:attachment":[{"href":"https:\/\/www.nedzink.com\/pl\/wp-json\/wp\/v2\/media?parent=45"}],"curies":[{"name":"wp","href":"https:\/\/api.w.org\/{rel}","templated":true}]}}