{"id":31173,"date":"2019-06-04T14:58:39","date_gmt":"2019-06-04T12:58:39","guid":{"rendered":"http:\/\/136.144.181.85\/~nedzink\/informacje-techniczne\/teksty-przetargow\/"},"modified":"2019-06-04T14:58:39","modified_gmt":"2019-06-04T12:58:39","slug":"teksty-przetargow","status":"publish","type":"page","link":"https:\/\/www.nedzink.com\/pl\/teksty-przetargow\/","title":{"rendered":"Teksty przetarg\u00f3w"},"content":{"rendered":"<p>\n\tSzanowny interesancie,<\/p>\n<p>\n\tponi\u017cej znale\u017a\u0107 mo\u017cna dla Pa\u0144stwa wsparcia w zakresie wykazu us\u0142ug oraz kompletnych przetarg&oacute;w, program przetargowy oraz bibliotek\u0119 pozycji us\u0142ugowych.<\/p>\n<table border=\"0\" cellpadding=\"1\" cellspacing=\"1\" style=\"WIDTH: 100%\">\n<tbody>\n<tr>\n<td>\n\t\t\t\t<img decoding=\"async\" alt=\"\" src=\"https:\/\/www.nedzink.com\/wp-content\/uploads\/import\/cms\/userfiles\/images\/leistungspositionen.png\" style=\"width: 200px; border-width: 0px; border-style: solid; height: 136px;\" \/><\/td>\n<td style=\"VERTICAL-ALIGN: middle\">\n<p>\n\t\t\t\t\tTo umo\u017cliwia Pa\u0144stwu:<\/p>\n<ul>\n<li>\n\t\t\t\t\t\tproste stworzenie kompletnych ofert przetargowych pokry\u0107 dachowych, ok\u0142adzin fasadowych i odwodnienia dach&oacute;w.<\/li>\n<li>\n\t\t\t\t\t\t<span style=\"color:#a9a9a9;\">przej\u0119cie tekst&oacute;w ofertowo-przetargowych i szczeg&oacute;\u0142owych szkic&oacute;w do Pa\u0144stwa w\u0142asnego oprogramowania<\/span><\/li>\n<li>\n\t\t\t\t\t\t<span style=\"color:#a9a9a9;\">tworzenie i administrowanie w\u0142asnych tekst&oacute;w przetargowych.<\/span><\/li>\n<\/ul>\n<p>\n\t\t\t\t\t&nbsp;<\/p>\n<\/td>\n<\/tr>\n<\/tbody>\n<\/table>\n<p>\n\t&nbsp;<\/p>\n<p>\n\t<span style=\"color:#696969;\">Mo\u017cliwe s\u0105 dwa nast\u0119puj\u0105ce sposoby dzia\u0142ania: <\/span><\/p>\n<ol>\n<li>\n\t\t<span style=\"color:#696969;\">Przej\u0119cie pojedynczych pozycji do listy z biblioteki pozycji.<\/span><\/li>\n<li>\n\t\t<span style=\"color:#696969;\">Pobranie programu przetargowego, wstawienie wybranych pozycji i stworzenie kompletnej oferty przetargowej do wydruku lub przej\u0119cie jej do w\u0142asnego oprogramowania <\/span><\/li>\n<\/ol>\n<p align=\"center\">\n\t&nbsp;<\/p>\n<p align=\"center\">\n\t<font color=\"#6e7276\">&nbsp;<\/font><\/p>\n<h1 align=\"center\">\n\t<a href=\"http:\/\/crm.nedzink.nl\/bestekservice_gmbh\/index.php\" onclick=\"window.open(this.href, 'Ausschreibungstexte', 'resizable=yes,status=no,location=yes,toolbar=no,menubar=no,fullscreen=no,scrollbars=yes,dependent=no,width=1000,height=600'); return false;\"><span style=\"color:#0000ff;\">Uruchom pozycje us\u0142ug NedZink przez Internet<\/span><\/a><\/h1>\n<h1 align=\"center\">\n\t<a class=\"RTE_URL_Link\" href=\"http:\/\/crm.nedzink.nl\/downloads\/NZ_LV_Setup.exe\" target=\"_blank\" title=\"http:\/\/crm.nedzink.nl\/downloads\/NZ_LV_Setup.exe\" rel=\"noopener noreferrer\"><span style=\"color:#0000ff;\">Pobierz program przetragowy<\/span><\/a><\/h1>\n","protected":false},"excerpt":{"rendered":"<p>Szanowny interesancie, poni\u017cej znale\u017a\u0107 mo\u017cna dla Pa\u0144stwa wsparcia w zakresie wykazu us\u0142ug oraz kompletnych przetarg&oacute;w, program przetargowy oraz bibliotek\u0119 pozycji us\u0142ugowych. To umo\u017cliwia Pa\u0144stwu: proste stworzenie kompletnych ofert przetargowych pokry\u0107 dachowych, ok\u0142adzin fasadowych i odwodnienia dach&oacute;w. przej\u0119cie tekst&oacute;w ofertowo-przetargowych i szczeg&oacute;\u0142owych szkic&oacute;w do Pa\u0144stwa w\u0142asnego oprogramowania tworzenie i administrowanie w\u0142asnych tekst&oacute;w przetargowych. &nbsp; &nbsp; Mo\u017cliwe [&hellip;]<\/p>\n","protected":false},"author":9,"featured_media":0,"parent":0,"menu_order":1160,"comment_status":"closed","ping_status":"closed","template":"template-import.php","meta":{"_acf_changed":false,"footnotes":""},"class_list":["post-31173","page","type-page","status-publish","hentry"],"acf":[],"yoast_head":"<!-- This site is optimized with the Yoast SEO plugin v26.8 - https:\/\/yoast.com\/product\/yoast-seo-wordpress\/ -->\n<title>Teksty przetarg\u00f3w \u2013 NedZink<\/title>\n<meta name=\"robots\" content=\"index, follow, max-snippet:-1, max-image-preview:large, max-video-preview:-1\" \/>\n<link rel=\"canonical\" href=\"https:\/\/www.nedzink.com\/pl\/teksty-przetargow\/\" \/>\n<meta property=\"og:locale\" content=\"pl_PL\" \/>\n<meta property=\"og:type\" content=\"article\" \/>\n<meta property=\"og:title\" content=\"Teksty przetarg\u00f3w \u2013 NedZink\" \/>\n<meta property=\"og:description\" content=\"Szanowny interesancie, poni\u017cej znale\u017a\u0107 mo\u017cna dla Pa\u0144stwa wsparcia w zakresie wykazu us\u0142ug oraz kompletnych przetarg&oacute;w, program przetargowy oraz bibliotek\u0119 pozycji us\u0142ugowych. To umo\u017cliwia Pa\u0144stwu: proste stworzenie kompletnych ofert przetargowych pokry\u0107 dachowych, ok\u0142adzin fasadowych i odwodnienia dach&oacute;w. przej\u0119cie tekst&oacute;w ofertowo-przetargowych i szczeg&oacute;\u0142owych szkic&oacute;w do Pa\u0144stwa w\u0142asnego oprogramowania tworzenie i administrowanie w\u0142asnych tekst&oacute;w przetargowych. &nbsp; &nbsp; Mo\u017cliwe [&hellip;]\" \/>\n<meta property=\"og:url\" content=\"https:\/\/www.nedzink.com\/pl\/teksty-przetargow\/\" \/>\n<meta property=\"og:site_name\" content=\"NedZink\" \/>\n<meta property=\"og:image\" content=\"https:\/\/www.nedzink.com\/wp-content\/uploads\/import\/cms\/userfiles\/images\/leistungspositionen.png\" \/>\n<meta name=\"twitter:card\" content=\"summary_large_image\" \/>\n<meta name=\"twitter:label1\" content=\"Szacowany czas czytania\" \/>\n\t<meta name=\"twitter:data1\" content=\"1 minuta\" \/>\n<script type=\"application\/ld+json\" class=\"yoast-schema-graph\">{\"@context\":\"https:\/\/schema.org\",\"@graph\":[{\"@type\":\"WebPage\",\"@id\":\"https:\/\/www.nedzink.com\/pl\/teksty-przetargow\/\",\"url\":\"https:\/\/www.nedzink.com\/pl\/teksty-przetargow\/\",\"name\":\"Teksty przetarg\u00f3w \u2013 NedZink\",\"isPartOf\":{\"@id\":\"https:\/\/www.nedzink.com\/pl\/#website\"},\"primaryImageOfPage\":{\"@id\":\"https:\/\/www.nedzink.com\/pl\/teksty-przetargow\/#primaryimage\"},\"image\":{\"@id\":\"https:\/\/www.nedzink.com\/pl\/teksty-przetargow\/#primaryimage\"},\"thumbnailUrl\":\"https:\/\/www.nedzink.com\/wp-content\/uploads\/import\/cms\/userfiles\/images\/leistungspositionen.png\",\"datePublished\":\"2019-06-04T12:58:39+00:00\",\"breadcrumb\":{\"@id\":\"https:\/\/www.nedzink.com\/pl\/teksty-przetargow\/#breadcrumb\"},\"inLanguage\":\"pl-PL\",\"potentialAction\":[{\"@type\":\"ReadAction\",\"target\":[\"https:\/\/www.nedzink.com\/pl\/teksty-przetargow\/\"]}]},{\"@type\":\"ImageObject\",\"inLanguage\":\"pl-PL\",\"@id\":\"https:\/\/www.nedzink.com\/pl\/teksty-przetargow\/#primaryimage\",\"url\":\"https:\/\/www.nedzink.com\/wp-content\/uploads\/import\/cms\/userfiles\/images\/leistungspositionen.png\",\"contentUrl\":\"https:\/\/www.nedzink.com\/wp-content\/uploads\/import\/cms\/userfiles\/images\/leistungspositionen.png\"},{\"@type\":\"BreadcrumbList\",\"@id\":\"https:\/\/www.nedzink.com\/pl\/teksty-przetargow\/#breadcrumb\",\"itemListElement\":[{\"@type\":\"ListItem\",\"position\":1,\"name\":\"Home\",\"item\":\"https:\/\/www.nedzink.com\/pl\/\"},{\"@type\":\"ListItem\",\"position\":2,\"name\":\"Teksty przetarg\u00f3w\"}]},{\"@type\":\"WebSite\",\"@id\":\"https:\/\/www.nedzink.com\/pl\/#website\",\"url\":\"https:\/\/www.nedzink.com\/pl\/\",\"name\":\"NedZink\",\"description\":\"Zink fabrikant\",\"publisher\":{\"@id\":\"https:\/\/www.nedzink.com\/pl\/#organization\"},\"potentialAction\":[{\"@type\":\"SearchAction\",\"target\":{\"@type\":\"EntryPoint\",\"urlTemplate\":\"https:\/\/www.nedzink.com\/pl\/?s={search_term_string}\"},\"query-input\":{\"@type\":\"PropertyValueSpecification\",\"valueRequired\":true,\"valueName\":\"search_term_string\"}}],\"inLanguage\":\"pl-PL\"},{\"@type\":\"Organization\",\"@id\":\"https:\/\/www.nedzink.com\/pl\/#organization\",\"name\":\"NedZink\",\"url\":\"https:\/\/www.nedzink.com\/pl\/\",\"logo\":{\"@type\":\"ImageObject\",\"inLanguage\":\"pl-PL\",\"@id\":\"https:\/\/www.nedzink.com\/pl\/#\/schema\/logo\/image\/\",\"url\":\"https:\/\/www.nedzink.com\/wp-content\/uploads\/2019\/08\/logo-nedzink_fc_zk.jpg\",\"contentUrl\":\"https:\/\/www.nedzink.com\/wp-content\/uploads\/2019\/08\/logo-nedzink_fc_zk.jpg\",\"width\":2160,\"height\":688,\"caption\":\"NedZink\"},\"image\":{\"@id\":\"https:\/\/www.nedzink.com\/pl\/#\/schema\/logo\/image\/\"}}]}<\/script>\n<!-- \/ Yoast SEO plugin. -->","yoast_head_json":{"title":"Teksty przetarg\u00f3w \u2013 NedZink","robots":{"index":"index","follow":"follow","max-snippet":"max-snippet:-1","max-image-preview":"max-image-preview:large","max-video-preview":"max-video-preview:-1"},"canonical":"https:\/\/www.nedzink.com\/pl\/teksty-przetargow\/","og_locale":"pl_PL","og_type":"article","og_title":"Teksty przetarg\u00f3w \u2013 NedZink","og_description":"Szanowny interesancie, poni\u017cej znale\u017a\u0107 mo\u017cna dla Pa\u0144stwa wsparcia w zakresie wykazu us\u0142ug oraz kompletnych przetarg&oacute;w, program przetargowy oraz bibliotek\u0119 pozycji us\u0142ugowych. To umo\u017cliwia Pa\u0144stwu: proste stworzenie kompletnych ofert przetargowych pokry\u0107 dachowych, ok\u0142adzin fasadowych i odwodnienia dach&oacute;w. przej\u0119cie tekst&oacute;w ofertowo-przetargowych i szczeg&oacute;\u0142owych szkic&oacute;w do Pa\u0144stwa w\u0142asnego oprogramowania tworzenie i administrowanie w\u0142asnych tekst&oacute;w przetargowych. &nbsp; &nbsp; Mo\u017cliwe [&hellip;]","og_url":"https:\/\/www.nedzink.com\/pl\/teksty-przetargow\/","og_site_name":"NedZink","og_image":[{"url":"https:\/\/www.nedzink.com\/wp-content\/uploads\/import\/cms\/userfiles\/images\/leistungspositionen.png","type":"","width":"","height":""}],"twitter_card":"summary_large_image","twitter_misc":{"Szacowany czas czytania":"1 minuta"},"schema":{"@context":"https:\/\/schema.org","@graph":[{"@type":"WebPage","@id":"https:\/\/www.nedzink.com\/pl\/teksty-przetargow\/","url":"https:\/\/www.nedzink.com\/pl\/teksty-przetargow\/","name":"Teksty przetarg\u00f3w \u2013 NedZink","isPartOf":{"@id":"https:\/\/www.nedzink.com\/pl\/#website"},"primaryImageOfPage":{"@id":"https:\/\/www.nedzink.com\/pl\/teksty-przetargow\/#primaryimage"},"image":{"@id":"https:\/\/www.nedzink.com\/pl\/teksty-przetargow\/#primaryimage"},"thumbnailUrl":"https:\/\/www.nedzink.com\/wp-content\/uploads\/import\/cms\/userfiles\/images\/leistungspositionen.png","datePublished":"2019-06-04T12:58:39+00:00","breadcrumb":{"@id":"https:\/\/www.nedzink.com\/pl\/teksty-przetargow\/#breadcrumb"},"inLanguage":"pl-PL","potentialAction":[{"@type":"ReadAction","target":["https:\/\/www.nedzink.com\/pl\/teksty-przetargow\/"]}]},{"@type":"ImageObject","inLanguage":"pl-PL","@id":"https:\/\/www.nedzink.com\/pl\/teksty-przetargow\/#primaryimage","url":"https:\/\/www.nedzink.com\/wp-content\/uploads\/import\/cms\/userfiles\/images\/leistungspositionen.png","contentUrl":"https:\/\/www.nedzink.com\/wp-content\/uploads\/import\/cms\/userfiles\/images\/leistungspositionen.png"},{"@type":"BreadcrumbList","@id":"https:\/\/www.nedzink.com\/pl\/teksty-przetargow\/#breadcrumb","itemListElement":[{"@type":"ListItem","position":1,"name":"Home","item":"https:\/\/www.nedzink.com\/pl\/"},{"@type":"ListItem","position":2,"name":"Teksty przetarg\u00f3w"}]},{"@type":"WebSite","@id":"https:\/\/www.nedzink.com\/pl\/#website","url":"https:\/\/www.nedzink.com\/pl\/","name":"NedZink","description":"Zink fabrikant","publisher":{"@id":"https:\/\/www.nedzink.com\/pl\/#organization"},"potentialAction":[{"@type":"SearchAction","target":{"@type":"EntryPoint","urlTemplate":"https:\/\/www.nedzink.com\/pl\/?s={search_term_string}"},"query-input":{"@type":"PropertyValueSpecification","valueRequired":true,"valueName":"search_term_string"}}],"inLanguage":"pl-PL"},{"@type":"Organization","@id":"https:\/\/www.nedzink.com\/pl\/#organization","name":"NedZink","url":"https:\/\/www.nedzink.com\/pl\/","logo":{"@type":"ImageObject","inLanguage":"pl-PL","@id":"https:\/\/www.nedzink.com\/pl\/#\/schema\/logo\/image\/","url":"https:\/\/www.nedzink.com\/wp-content\/uploads\/2019\/08\/logo-nedzink_fc_zk.jpg","contentUrl":"https:\/\/www.nedzink.com\/wp-content\/uploads\/2019\/08\/logo-nedzink_fc_zk.jpg","width":2160,"height":688,"caption":"NedZink"},"image":{"@id":"https:\/\/www.nedzink.com\/pl\/#\/schema\/logo\/image\/"}}]}},"_links":{"self":[{"href":"https:\/\/www.nedzink.com\/pl\/wp-json\/wp\/v2\/pages\/31173","targetHints":{"allow":["GET"]}}],"collection":[{"href":"https:\/\/www.nedzink.com\/pl\/wp-json\/wp\/v2\/pages"}],"about":[{"href":"https:\/\/www.nedzink.com\/pl\/wp-json\/wp\/v2\/types\/page"}],"author":[{"embeddable":true,"href":"https:\/\/www.nedzink.com\/pl\/wp-json\/wp\/v2\/users\/9"}],"replies":[{"embeddable":true,"href":"https:\/\/www.nedzink.com\/pl\/wp-json\/wp\/v2\/comments?post=31173"}],"version-history":[{"count":0,"href":"https:\/\/www.nedzink.com\/pl\/wp-json\/wp\/v2\/pages\/31173\/revisions"}],"wp:attachment":[{"href":"https:\/\/www.nedzink.com\/pl\/wp-json\/wp\/v2\/media?parent=31173"}],"curies":[{"name":"wp","href":"https:\/\/api.w.org\/{rel}","templated":true}]}}