{"id":31163,"date":"2019-06-04T14:58:37","date_gmt":"2019-06-04T12:58:37","guid":{"rendered":"http:\/\/136.144.181.85\/~nedzink\/informacje-techniczne\/systemy-odwodnienia-dachu\/akcesoria-odwodnienia-dachu\/"},"modified":"2019-06-04T14:58:37","modified_gmt":"2019-06-04T12:58:37","slug":"akcesoria-odwodnienia-dachu","status":"publish","type":"page","link":"https:\/\/www.nedzink.com\/pl\/akcesoria-odwodnienia-dachu\/","title":{"rendered":"Akcesoria odwodnienia dachu"},"content":{"rendered":"<p>\n\tAkcesoria odwodnienia dachu uzupe\u0142niaj\u0105 program produktowy i s\u0105 dost\u0119pne w powszechnych wymiarach standardowych rynien i rur spustowych.<\/p>\n<p>\n\tPoza r&oacute;\u017cnorodnymi profilami kantowanymi, takimi jak blachy okapowe, blachy rynnowe i r&oacute;\u017cne profile specjalne, do programu dostaw NOVA nale\u017c\u0105 nast\u0119puj\u0105ce akcesoria produktowe:<\/p>\n<table border=\"0\" cellpadding=\"1\" cellspacing=\"1\" style=\"width: 500px\">\n<tbody>\n<tr>\n<td>\n\t\t\t\t<strong>Denka rynnowe<\/strong><\/td>\n<td>\n<p align=\"center\">\n\t\t\t\t\t&nbsp;<img decoding=\"async\" src=\"https:\/\/www.nedzink.com\/wp-content\/uploads\/import\/cms\/userfiles\/images\/kopschot_mastgoot.png\" style=\"border-bottom: 0px solid; border-left: 0px solid; width: 80px; height: 45px; border-top: 0px solid; border-right: 0px solid\" \/><\/p>\n<\/td>\n<td>\n<p align=\"center\">\n\t\t\t\t\t<img decoding=\"async\" border=\"0\" src=\"https:\/\/www.nedzink.com\/wp-content\/uploads\/import\/cms\/userfiles\/images\/kopschot_bakgoot.png\" \/><\/p>\n<\/td>\n<\/tr>\n<tr>\n<td>\n\t\t\t\t<strong>Naro\u017cniki rynnowe<\/strong> &nbsp;&nbsp;<\/td>\n<td>\n<p align=\"center\">\n\t\t\t\t\t<img decoding=\"async\" border=\"0\" src=\"https:\/\/www.nedzink.com\/wp-content\/uploads\/import\/cms\/userfiles\/images\/hoek_mastgoot.png\" \/><\/p>\n<\/td>\n<td>\n<p align=\"center\">\n\t\t\t\t\t<img decoding=\"async\" border=\"0\" src=\"https:\/\/www.nedzink.com\/wp-content\/uploads\/import\/cms\/userfiles\/images\/hoek_bakgoot.png\" \/><\/p>\n<\/td>\n<\/tr>\n<tr>\n<td>\n\t\t\t\t<strong>Kolana<\/strong>&nbsp; &nbsp;&nbsp;&nbsp;&nbsp;&nbsp;<\/td>\n<td>\n<p align=\"center\">\n\t\t\t\t\t<img decoding=\"async\" border=\"0\" src=\"https:\/\/www.nedzink.com\/wp-content\/uploads\/import\/cms\/userfiles\/images\/bocht1.gif\" \/><\/p>\n<\/td>\n<td>\n<p align=\"center\">\n\t\t\t\t\t<img decoding=\"async\" border=\"0\" src=\"https:\/\/www.nedzink.com\/wp-content\/uploads\/import\/cms\/userfiles\/images\/bocht2.gif\" \/><\/p>\n<\/td>\n<\/tr>\n<tr>\n<td>\n\t\t\t\t<strong>Haki rynnowe<\/strong>&nbsp; &nbsp;<\/td>\n<td>\n<p align=\"center\">\n\t\t\t\t\t<img decoding=\"async\" border=\"0\" src=\"https:\/\/www.nedzink.com\/wp-content\/uploads\/import\/cms\/userfiles\/images\/beugel_mast.png\" \/><\/p>\n<p align=\"center\">\n\t\t\t\t\t&nbsp;<\/p>\n<\/td>\n<td>\n\t\t\t\t<img decoding=\"async\" border=\"0\" src=\"https:\/\/www.nedzink.com\/wp-content\/uploads\/import\/cms\/userfiles\/images\/beugel_bak.png\" \/><\/p>\n<p align=\"center\">\n\t\t\t\t\t&nbsp;<\/p>\n<\/td>\n<\/tr>\n<tr>\n<td>\n\t\t\t\t<strong>Uchwyty rur<\/strong><\/td>\n<td>\n<p align=\"center\">\n\t\t\t\t\t&nbsp;<img decoding=\"async\" border=\"0\" src=\"https:\/\/www.nedzink.com\/wp-content\/uploads\/import\/cms\/userfiles\/images\/muurbeugel1.png\" \/><\/p>\n<\/td>\n<td>\n<p align=\"center\">\n\t\t\t\t\t<img decoding=\"async\" border=\"0\" src=\"https:\/\/www.nedzink.com\/wp-content\/uploads\/import\/cms\/userfiles\/images\/muurbeugel2.png\" \/><\/p>\n<\/td>\n<\/tr>\n<tr>\n<td>\n\t\t\t\t<strong>Ko\u0142nierze zamykaj\u0105ce<\/strong>&nbsp;&nbsp;&nbsp;&nbsp; &nbsp;&nbsp;&nbsp;<\/td>\n<td>\n<p align=\"center\">\n\t\t\t\t\t<img decoding=\"async\" border=\"0\" src=\"https:\/\/www.nedzink.com\/wp-content\/uploads\/import\/cms\/userfiles\/images\/standrohrkappe1.png\" \/><\/p>\n<\/td>\n<td>\n<p align=\"center\">\n\t\t\t\t\t<img decoding=\"async\" border=\"0\" src=\"https:\/\/www.nedzink.com\/wp-content\/uploads\/import\/cms\/userfiles\/images\/standrohrkappe2.png\" \/><\/p>\n<\/td>\n<\/tr>\n<tr>\n<td>\n\t\t\t\t<strong>Zbieracze wody<\/strong><\/td>\n<td>\n<p align=\"center\">\n\t\t\t\t\t<img decoding=\"async\" border=\"0\" src=\"https:\/\/www.nedzink.com\/wp-content\/uploads\/import\/cms\/userfiles\/images\/regenrohrkappe.png\" \/><\/p>\n<\/td>\n<td>\n<p align=\"center\">\n\t\t\t\t\t&nbsp;<\/p>\n<\/td>\n<\/tr>\n<tr>\n<td>\n\t\t\t\t<strong>Naczynia zbiorcze \/ Sztucery<\/strong><\/td>\n<td>\n<p align=\"center\">\n\t\t\t\t\t<img decoding=\"async\" border=\"0\" src=\"https:\/\/www.nedzink.com\/wp-content\/uploads\/import\/cms\/userfiles\/images\/einhangstutzen.png\" \/><\/p>\n<\/td>\n<td>\n<p align=\"center\">\n\t\t\t\t\t&nbsp;<\/p>\n<\/td>\n<\/tr>\n<tr>\n<td>\n\t\t\t\t<strong>Redukcje\/Mufy<\/strong>&nbsp;&nbsp;&nbsp;&nbsp;&nbsp; &nbsp;&nbsp;&nbsp;&nbsp;&nbsp;<\/td>\n<td>\n<p align=\"center\">\n\t\t\t\t\t<img decoding=\"async\" border=\"0\" src=\"https:\/\/www.nedzink.com\/wp-content\/uploads\/import\/cms\/userfiles\/images\/reduzier1.png\" \/><\/p>\n<\/td>\n<td>\n<p align=\"center\">\n\t\t\t\t\t<img decoding=\"async\" border=\"0\" src=\"https:\/\/www.nedzink.com\/wp-content\/uploads\/import\/cms\/userfiles\/images\/reduzier2.png\" \/><\/p>\n<\/td>\n<\/tr>\n<tr>\n<td>\n\t\t\t\t<strong>Dylatacje<\/strong> &nbsp;&nbsp;&nbsp;<\/td>\n<td>\n<p align=\"center\">\n\t\t\t\t\t<img decoding=\"async\" border=\"0\" src=\"https:\/\/www.nedzink.com\/wp-content\/uploads\/import\/cms\/userfiles\/images\/expansie1.png\" \/><\/p>\n<\/td>\n<td>\n<p align=\"center\">\n\t\t\t\t\t<img decoding=\"async\" border=\"0\" src=\"https:\/\/www.nedzink.com\/wp-content\/uploads\/import\/cms\/userfiles\/images\/expansie2.gif\" \/><\/p>\n<\/td>\n<\/tr>\n<\/tbody>\n<\/table>\n<p>\n\t&nbsp;<\/p>\n","protected":false},"excerpt":{"rendered":"<p>Akcesoria odwodnienia dachu uzupe\u0142niaj\u0105 program produktowy i s\u0105 dost\u0119pne w powszechnych wymiarach standardowych rynien i rur spustowych. Poza r&oacute;\u017cnorodnymi profilami kantowanymi, takimi jak blachy okapowe, blachy rynnowe i r&oacute;\u017cne profile specjalne, do programu dostaw NOVA nale\u017c\u0105 nast\u0119puj\u0105ce akcesoria produktowe: Denka rynnowe &nbsp; Naro\u017cniki rynnowe &nbsp;&nbsp; Kolana&nbsp; &nbsp;&nbsp;&nbsp;&nbsp;&nbsp; Haki rynnowe&nbsp; &nbsp; &nbsp; &nbsp; Uchwyty rur &nbsp; [&hellip;]<\/p>\n","protected":false},"author":9,"featured_media":0,"parent":0,"menu_order":1150,"comment_status":"closed","ping_status":"closed","template":"template-import.php","meta":{"_acf_changed":false,"footnotes":""},"class_list":["post-31163","page","type-page","status-publish","hentry"],"acf":[],"yoast_head":"<!-- This site is optimized with the Yoast SEO plugin v26.8 - https:\/\/yoast.com\/product\/yoast-seo-wordpress\/ -->\n<title>Akcesoria odwodnienia dachu \u2013 NedZink<\/title>\n<meta name=\"robots\" content=\"index, follow, max-snippet:-1, max-image-preview:large, max-video-preview:-1\" \/>\n<link rel=\"canonical\" href=\"https:\/\/www.nedzink.com\/pl\/akcesoria-odwodnienia-dachu\/\" \/>\n<meta property=\"og:locale\" content=\"pl_PL\" \/>\n<meta property=\"og:type\" content=\"article\" \/>\n<meta property=\"og:title\" content=\"Akcesoria odwodnienia dachu \u2013 NedZink\" \/>\n<meta property=\"og:description\" content=\"Akcesoria odwodnienia dachu uzupe\u0142niaj\u0105 program produktowy i s\u0105 dost\u0119pne w powszechnych wymiarach standardowych rynien i rur spustowych. Poza r&oacute;\u017cnorodnymi profilami kantowanymi, takimi jak blachy okapowe, blachy rynnowe i r&oacute;\u017cne profile specjalne, do programu dostaw NOVA nale\u017c\u0105 nast\u0119puj\u0105ce akcesoria produktowe: Denka rynnowe &nbsp; Naro\u017cniki rynnowe &nbsp;&nbsp; Kolana&nbsp; &nbsp;&nbsp;&nbsp;&nbsp;&nbsp; Haki rynnowe&nbsp; &nbsp; &nbsp; &nbsp; Uchwyty rur &nbsp; [&hellip;]\" \/>\n<meta property=\"og:url\" content=\"https:\/\/www.nedzink.com\/pl\/akcesoria-odwodnienia-dachu\/\" \/>\n<meta property=\"og:site_name\" content=\"NedZink\" \/>\n<meta property=\"og:image\" content=\"https:\/\/www.nedzink.com\/wp-content\/uploads\/import\/cms\/userfiles\/images\/kopschot_mastgoot.png\" \/>\n<meta name=\"twitter:card\" content=\"summary_large_image\" \/>\n<meta name=\"twitter:label1\" content=\"Szacowany czas czytania\" \/>\n\t<meta name=\"twitter:data1\" content=\"1 minuta\" \/>\n<script type=\"application\/ld+json\" class=\"yoast-schema-graph\">{\"@context\":\"https:\/\/schema.org\",\"@graph\":[{\"@type\":\"WebPage\",\"@id\":\"https:\/\/www.nedzink.com\/pl\/akcesoria-odwodnienia-dachu\/\",\"url\":\"https:\/\/www.nedzink.com\/pl\/akcesoria-odwodnienia-dachu\/\",\"name\":\"Akcesoria odwodnienia dachu \u2013 NedZink\",\"isPartOf\":{\"@id\":\"https:\/\/www.nedzink.com\/pl\/#website\"},\"primaryImageOfPage\":{\"@id\":\"https:\/\/www.nedzink.com\/pl\/akcesoria-odwodnienia-dachu\/#primaryimage\"},\"image\":{\"@id\":\"https:\/\/www.nedzink.com\/pl\/akcesoria-odwodnienia-dachu\/#primaryimage\"},\"thumbnailUrl\":\"https:\/\/www.nedzink.com\/wp-content\/uploads\/import\/cms\/userfiles\/images\/kopschot_mastgoot.png\",\"datePublished\":\"2019-06-04T12:58:37+00:00\",\"breadcrumb\":{\"@id\":\"https:\/\/www.nedzink.com\/pl\/akcesoria-odwodnienia-dachu\/#breadcrumb\"},\"inLanguage\":\"pl-PL\",\"potentialAction\":[{\"@type\":\"ReadAction\",\"target\":[\"https:\/\/www.nedzink.com\/pl\/akcesoria-odwodnienia-dachu\/\"]}]},{\"@type\":\"ImageObject\",\"inLanguage\":\"pl-PL\",\"@id\":\"https:\/\/www.nedzink.com\/pl\/akcesoria-odwodnienia-dachu\/#primaryimage\",\"url\":\"https:\/\/www.nedzink.com\/wp-content\/uploads\/import\/cms\/userfiles\/images\/kopschot_mastgoot.png\",\"contentUrl\":\"https:\/\/www.nedzink.com\/wp-content\/uploads\/import\/cms\/userfiles\/images\/kopschot_mastgoot.png\"},{\"@type\":\"BreadcrumbList\",\"@id\":\"https:\/\/www.nedzink.com\/pl\/akcesoria-odwodnienia-dachu\/#breadcrumb\",\"itemListElement\":[{\"@type\":\"ListItem\",\"position\":1,\"name\":\"Home\",\"item\":\"https:\/\/www.nedzink.com\/pl\/\"},{\"@type\":\"ListItem\",\"position\":2,\"name\":\"Akcesoria odwodnienia dachu\"}]},{\"@type\":\"WebSite\",\"@id\":\"https:\/\/www.nedzink.com\/pl\/#website\",\"url\":\"https:\/\/www.nedzink.com\/pl\/\",\"name\":\"NedZink\",\"description\":\"Zink fabrikant\",\"publisher\":{\"@id\":\"https:\/\/www.nedzink.com\/pl\/#organization\"},\"potentialAction\":[{\"@type\":\"SearchAction\",\"target\":{\"@type\":\"EntryPoint\",\"urlTemplate\":\"https:\/\/www.nedzink.com\/pl\/?s={search_term_string}\"},\"query-input\":{\"@type\":\"PropertyValueSpecification\",\"valueRequired\":true,\"valueName\":\"search_term_string\"}}],\"inLanguage\":\"pl-PL\"},{\"@type\":\"Organization\",\"@id\":\"https:\/\/www.nedzink.com\/pl\/#organization\",\"name\":\"NedZink\",\"url\":\"https:\/\/www.nedzink.com\/pl\/\",\"logo\":{\"@type\":\"ImageObject\",\"inLanguage\":\"pl-PL\",\"@id\":\"https:\/\/www.nedzink.com\/pl\/#\/schema\/logo\/image\/\",\"url\":\"https:\/\/www.nedzink.com\/wp-content\/uploads\/2019\/08\/logo-nedzink_fc_zk.jpg\",\"contentUrl\":\"https:\/\/www.nedzink.com\/wp-content\/uploads\/2019\/08\/logo-nedzink_fc_zk.jpg\",\"width\":2160,\"height\":688,\"caption\":\"NedZink\"},\"image\":{\"@id\":\"https:\/\/www.nedzink.com\/pl\/#\/schema\/logo\/image\/\"}}]}<\/script>\n<!-- \/ Yoast SEO plugin. -->","yoast_head_json":{"title":"Akcesoria odwodnienia dachu \u2013 NedZink","robots":{"index":"index","follow":"follow","max-snippet":"max-snippet:-1","max-image-preview":"max-image-preview:large","max-video-preview":"max-video-preview:-1"},"canonical":"https:\/\/www.nedzink.com\/pl\/akcesoria-odwodnienia-dachu\/","og_locale":"pl_PL","og_type":"article","og_title":"Akcesoria odwodnienia dachu \u2013 NedZink","og_description":"Akcesoria odwodnienia dachu uzupe\u0142niaj\u0105 program produktowy i s\u0105 dost\u0119pne w powszechnych wymiarach standardowych rynien i rur spustowych. Poza r&oacute;\u017cnorodnymi profilami kantowanymi, takimi jak blachy okapowe, blachy rynnowe i r&oacute;\u017cne profile specjalne, do programu dostaw NOVA nale\u017c\u0105 nast\u0119puj\u0105ce akcesoria produktowe: Denka rynnowe &nbsp; Naro\u017cniki rynnowe &nbsp;&nbsp; Kolana&nbsp; &nbsp;&nbsp;&nbsp;&nbsp;&nbsp; Haki rynnowe&nbsp; &nbsp; &nbsp; &nbsp; Uchwyty rur &nbsp; [&hellip;]","og_url":"https:\/\/www.nedzink.com\/pl\/akcesoria-odwodnienia-dachu\/","og_site_name":"NedZink","og_image":[{"url":"https:\/\/www.nedzink.com\/wp-content\/uploads\/import\/cms\/userfiles\/images\/kopschot_mastgoot.png","type":"","width":"","height":""}],"twitter_card":"summary_large_image","twitter_misc":{"Szacowany czas czytania":"1 minuta"},"schema":{"@context":"https:\/\/schema.org","@graph":[{"@type":"WebPage","@id":"https:\/\/www.nedzink.com\/pl\/akcesoria-odwodnienia-dachu\/","url":"https:\/\/www.nedzink.com\/pl\/akcesoria-odwodnienia-dachu\/","name":"Akcesoria odwodnienia dachu \u2013 NedZink","isPartOf":{"@id":"https:\/\/www.nedzink.com\/pl\/#website"},"primaryImageOfPage":{"@id":"https:\/\/www.nedzink.com\/pl\/akcesoria-odwodnienia-dachu\/#primaryimage"},"image":{"@id":"https:\/\/www.nedzink.com\/pl\/akcesoria-odwodnienia-dachu\/#primaryimage"},"thumbnailUrl":"https:\/\/www.nedzink.com\/wp-content\/uploads\/import\/cms\/userfiles\/images\/kopschot_mastgoot.png","datePublished":"2019-06-04T12:58:37+00:00","breadcrumb":{"@id":"https:\/\/www.nedzink.com\/pl\/akcesoria-odwodnienia-dachu\/#breadcrumb"},"inLanguage":"pl-PL","potentialAction":[{"@type":"ReadAction","target":["https:\/\/www.nedzink.com\/pl\/akcesoria-odwodnienia-dachu\/"]}]},{"@type":"ImageObject","inLanguage":"pl-PL","@id":"https:\/\/www.nedzink.com\/pl\/akcesoria-odwodnienia-dachu\/#primaryimage","url":"https:\/\/www.nedzink.com\/wp-content\/uploads\/import\/cms\/userfiles\/images\/kopschot_mastgoot.png","contentUrl":"https:\/\/www.nedzink.com\/wp-content\/uploads\/import\/cms\/userfiles\/images\/kopschot_mastgoot.png"},{"@type":"BreadcrumbList","@id":"https:\/\/www.nedzink.com\/pl\/akcesoria-odwodnienia-dachu\/#breadcrumb","itemListElement":[{"@type":"ListItem","position":1,"name":"Home","item":"https:\/\/www.nedzink.com\/pl\/"},{"@type":"ListItem","position":2,"name":"Akcesoria odwodnienia dachu"}]},{"@type":"WebSite","@id":"https:\/\/www.nedzink.com\/pl\/#website","url":"https:\/\/www.nedzink.com\/pl\/","name":"NedZink","description":"Zink fabrikant","publisher":{"@id":"https:\/\/www.nedzink.com\/pl\/#organization"},"potentialAction":[{"@type":"SearchAction","target":{"@type":"EntryPoint","urlTemplate":"https:\/\/www.nedzink.com\/pl\/?s={search_term_string}"},"query-input":{"@type":"PropertyValueSpecification","valueRequired":true,"valueName":"search_term_string"}}],"inLanguage":"pl-PL"},{"@type":"Organization","@id":"https:\/\/www.nedzink.com\/pl\/#organization","name":"NedZink","url":"https:\/\/www.nedzink.com\/pl\/","logo":{"@type":"ImageObject","inLanguage":"pl-PL","@id":"https:\/\/www.nedzink.com\/pl\/#\/schema\/logo\/image\/","url":"https:\/\/www.nedzink.com\/wp-content\/uploads\/2019\/08\/logo-nedzink_fc_zk.jpg","contentUrl":"https:\/\/www.nedzink.com\/wp-content\/uploads\/2019\/08\/logo-nedzink_fc_zk.jpg","width":2160,"height":688,"caption":"NedZink"},"image":{"@id":"https:\/\/www.nedzink.com\/pl\/#\/schema\/logo\/image\/"}}]}},"_links":{"self":[{"href":"https:\/\/www.nedzink.com\/pl\/wp-json\/wp\/v2\/pages\/31163","targetHints":{"allow":["GET"]}}],"collection":[{"href":"https:\/\/www.nedzink.com\/pl\/wp-json\/wp\/v2\/pages"}],"about":[{"href":"https:\/\/www.nedzink.com\/pl\/wp-json\/wp\/v2\/types\/page"}],"author":[{"embeddable":true,"href":"https:\/\/www.nedzink.com\/pl\/wp-json\/wp\/v2\/users\/9"}],"replies":[{"embeddable":true,"href":"https:\/\/www.nedzink.com\/pl\/wp-json\/wp\/v2\/comments?post=31163"}],"version-history":[{"count":0,"href":"https:\/\/www.nedzink.com\/pl\/wp-json\/wp\/v2\/pages\/31163\/revisions"}],"wp:attachment":[{"href":"https:\/\/www.nedzink.com\/pl\/wp-json\/wp\/v2\/media?parent=31163"}],"curies":[{"name":"wp","href":"https:\/\/api.w.org\/{rel}","templated":true}]}}