{"id":31153,"date":"2019-06-04T14:58:34","date_gmt":"2019-06-04T12:58:34","guid":{"rendered":"http:\/\/136.144.181.85\/~nedzink\/informacje-techniczne\/systemy-odwodnienia-dachu\/rury-spustowe\/"},"modified":"2019-06-04T14:58:34","modified_gmt":"2019-06-04T12:58:34","slug":"rury-spustowe","status":"publish","type":"page","link":"https:\/\/www.nedzink.com\/pl\/rury-spustowe\/","title":{"rendered":"Rury spustowe"},"content":{"rendered":"<div class=\"contentStyle\" style=\"margin: 10px 0px\">\n<p>\n\t\tWed\u0142ug kszta\u0142tu przekroju poprzecznego rozr&oacute;\u017cnia si\u0119 pomi\u0119dzy okr\u0105g\u0142ymi i kwadratowymi rurami spustowymi.<br \/>\n\t\tSpoina wzd\u0142u\u017cna mo\u017ce by\u0107 wykonana nast\u0119puj\u0105co:<\/p>\n<ul>\n<li>\n\t\t\tlutowana<\/li>\n<li>\n\t\t\tspawana<\/li>\n<li>\n\t\t\tfalcowana (falc prze\u0142o\u017cony)<\/li>\n<\/ul>\n<h3>\n\t\t<img decoding=\"async\" alt=\"\" src=\"https:\/\/www.nedzink.com\/wp-content\/uploads\/import\/cms\/userfiles\/images\/bild-92_1.jpg\" style=\"border-bottom: 0px solid; border-left: 0px solid; margin: 1px 3px; width: 310px; float: right; height: 101px; border-top: 0px solid; border-right: 0px solid\" \/><br \/>\n\t\tRury spustowe okr\u0105g\u0142e<\/h3>\n<p>\n\t\tWymiary i tolerancje do utrzymania<br clear=\"all\" \/><\/p>\n<p>\t\t<b>Tabela 4<\/b><\/p>\n<table border=\"1\">\n<tbody>\n<tr>\n<td align=\"center\" width=\"50\">\n\t\t\t\t\t<strong>Rozmiar nominalny<\/strong><\/td>\n<td align=\"center\" width=\"70\">\n\t\t\t\t\t<strong>\u015arednica (wewn\u0105trz)<br \/>\n\t\t\t\t\t&plusmn;1<\/strong><\/td>\n<td align=\"center\" width=\"50\">\n\t\t\t\t\t<strong>Wtykanie<\/p>\n<p>\t\t\t\t\tmin.<\/strong><\/td>\n<td align=\"center\" width=\"70\">\n\t\t\t\t\t<strong>Szeroko\u015b\u0107 spoiny lutowanej (wi\u0105zanej)<br \/>\n\t\t\t\t\tmin.<\/strong><\/td>\n<td align=\"center\">\n\t\t\t\t\t<strong>Szeroko\u015b\u0107 spoiny spawanej<\/strong><\/td>\n<td align=\"center\" width=\"100\">\n\t\t\t\t\t<strong>Szeroko\u015b\u0107 falcu<br \/>\n\t\t\t\t\t(prze\u0142o\u017conego)<\/p>\n<p>\t\t\t\t\tmin.<\/strong><\/td>\n<td align=\"center\" width=\"100\">\n\t\t\t\t\t<strong>Nominalna grubo\u015b\u0107 blachy<\/strong><\/p>\n<p>\t\t\t\t\t<strong>min.<\/strong><\/td>\n<\/tr>\n<tr>\n<td align=\"center\">\n\t\t\t\t\t060<\/td>\n<td align=\"center\">\n\t\t\t\t\t060<\/td>\n<td align=\"center\">\n\t\t\t\t\t50<\/td>\n<td align=\"center\">\n\t\t\t\t\t5<\/td>\n<td align=\"center\">\n\t\t\t\t\tzale\u017cne od procesu<\/td>\n<td align=\"center\">\n\t\t\t\t\t6<\/td>\n<td align=\"center\">\n\t\t\t\t\t0,65<\/td>\n<\/tr>\n<tr>\n<td align=\"center\">\n\t\t\t\t\t076<\/td>\n<td align=\"center\">\n\t\t\t\t\t076<\/td>\n<td align=\"center\">\n\t\t\t\t\t50<\/td>\n<td align=\"center\">\n\t\t\t\t\t5<\/td>\n<td align=\"center\">\n\t\t\t\t\tzale\u017cne od procesu<\/td>\n<td align=\"center\">\n\t\t\t\t\t6<\/td>\n<td align=\"center\">\n\t\t\t\t\t0,65<\/td>\n<\/tr>\n<tr>\n<td align=\"center\">\n\t\t\t\t\t080<\/td>\n<td align=\"center\">\n\t\t\t\t\t080<\/td>\n<td align=\"center\">\n\t\t\t\t\t50<\/td>\n<td align=\"center\">\n\t\t\t\t\t5<\/td>\n<td align=\"center\">\n\t\t\t\t\tzale\u017cne od procesu<\/td>\n<td align=\"center\">\n\t\t\t\t\t6<\/td>\n<td align=\"center\">\n\t\t\t\t\t0,65<\/td>\n<\/tr>\n<tr>\n<td align=\"center\">\n\t\t\t\t\t087<\/td>\n<td align=\"center\">\n\t\t\t\t\t087<\/td>\n<td align=\"center\">\n\t\t\t\t\t50<\/td>\n<td align=\"center\">\n\t\t\t\t\t5<\/td>\n<td align=\"center\">\n\t\t\t\t\tzale\u017cne od procesu<\/td>\n<td align=\"center\">\n\t\t\t\t\t6<\/td>\n<td align=\"center\">\n\t\t\t\t\t0,65<\/td>\n<\/tr>\n<tr>\n<td align=\"center\">\n\t\t\t\t\t100<\/td>\n<td align=\"center\">\n\t\t\t\t\t100<\/td>\n<td align=\"center\">\n\t\t\t\t\t50<\/td>\n<td align=\"center\">\n\t\t\t\t\t5<\/td>\n<td align=\"center\">\n\t\t\t\t\tzale\u017cne od procesu<\/td>\n<td align=\"center\">\n\t\t\t\t\t6<\/td>\n<td align=\"center\">\n\t\t\t\t\t0,65<\/td>\n<\/tr>\n<tr>\n<td align=\"center\">\n\t\t\t\t\t120<\/td>\n<td align=\"center\">\n\t\t\t\t\t120<\/td>\n<td align=\"center\">\n\t\t\t\t\t50<\/td>\n<td align=\"center\">\n\t\t\t\t\t5<\/td>\n<td align=\"center\">\n\t\t\t\t\tzale\u017cne od procesu<\/td>\n<td align=\"center\">\n\t\t\t\t\t6<\/td>\n<td align=\"center\">\n\t\t\t\t\t0,70<\/td>\n<\/tr>\n<tr>\n<td align=\"center\">\n\t\t\t\t\t150<\/td>\n<td align=\"center\">\n\t\t\t\t\t150<\/td>\n<td align=\"center\">\n\t\t\t\t\t50<\/td>\n<td align=\"center\">\n\t\t\t\t\t5<\/td>\n<td align=\"center\">\n\t\t\t\t\tzale\u017cne od procesu<\/td>\n<td align=\"center\">\n\t\t\t\t\t6<\/td>\n<td align=\"center\">\n\t\t\t\t\t0,70<\/td>\n<\/tr>\n<\/tbody>\n<\/table>\n<p>\n\t\t<span style=\"font-size:8px;\">Wszystkie wymiary w mm<\/span><\/p>\n<p>\n\t\t&nbsp;<\/p>\n<table border=\"0\" cellpadding=\"1\" cellspacing=\"1\" style=\"width: 100%\">\n<tbody>\n<tr>\n<td>\n<p align=\"center\">\n\t\t\t\t\t\t<img decoding=\"async\" src=\"https:\/\/www.nedzink.com\/wp-content\/uploads\/import\/cms\/userfiles\/images\/74_fallrohre-1__custom_.jpg\" style=\"border-bottom: 0px solid; border-left: 0px solid; width: 250px; height: 250px; border-top: 0px solid; border-right: 0px solid\" \/><\/p>\n<\/td>\n<td>\n<p align=\"center\">\n\t\t\t\t\t\t<img decoding=\"async\" src=\"https:\/\/www.nedzink.com\/wp-content\/uploads\/import\/cms\/userfiles\/images\/74_fallrohre-2__custom_.jpg\" style=\"border-bottom: 0px solid; border-left: 0px solid; width: 250px; height: 250px; border-top: 0px solid; border-right: 0px solid\" \/><\/p>\n<\/td>\n<\/tr>\n<\/tbody>\n<\/table>\n<p>\n\t\t&nbsp;<\/p>\n<h3>\n\t\tKwadratowe rury spustowe<\/h3>\n<p>\n\t\tWymiary i tolerancje do utrzymania<\/p>\n<p>\t\t<b>Tabela 5<\/b><\/p>\n<table border=\"1\">\n<tbody>\n<tr>\n<td align=\"center\" width=\"50\">\n\t\t\t\t\t<strong>Rozmiar nominalny<\/strong><\/td>\n<td align=\"center\" width=\"70\">\n\t\t\t\t\t<strong>Wymiar wewn\u0119trzny (g&oacute;ra)<br \/>\n\t\t\t\t\t&plusmn;1<\/strong><\/td>\n<td align=\"center\" width=\"50\">\n\t\t\t\t\t<strong>Wtykanie<\/p>\n<p>\t\t\t\t\tmin.<\/strong><\/td>\n<td align=\"center\" width=\"70\">\n\t\t\t\t\t<strong>Szeroko\u015b\u0107 spoiny lutowanej (wi\u0105zanej)<br \/>\n\t\t\t\t\tmin.<\/strong><\/td>\n<td align=\"center\">\n\t\t\t\t\t<strong>Szeroko\u015b\u0107 spoiny spawanej<\/strong><\/td>\n<td align=\"center\" width=\"100\">\n\t\t\t\t\t<strong>Szeroko\u015b\u0107 falcu<br \/>\n\t\t\t\t\t(prze\u0142o\u017conego)<\/p>\n<p>\t\t\t\t\tmin.<\/strong><\/td>\n<td align=\"center\" width=\"100\">\n\t\t\t\t\t<strong>Nominalna grubo\u015b\u0107 blachy<\/strong><\/p>\n<p>\t\t\t\t\t<strong>min.<\/strong><\/td>\n<\/tr>\n<tr>\n<td align=\"center\">\n\t\t\t\t\t060<\/td>\n<td align=\"center\">\n\t\t\t\t\t160 x 160<\/td>\n<td align=\"center\">\n\t\t\t\t\t50<\/td>\n<td align=\"center\">\n\t\t\t\t\t5<\/td>\n<td align=\"center\">\n\t\t\t\t\tzale\u017cne od procesu<\/td>\n<td align=\"center\">\n\t\t\t\t\t6<\/td>\n<td align=\"center\">\n\t\t\t\t\t0,65<\/td>\n<\/tr>\n<tr>\n<td align=\"center\">\n\t\t\t\t\t080<\/td>\n<td align=\"center\">\n\t\t\t\t\t180 x 180<\/td>\n<td align=\"center\">\n\t\t\t\t\t50<\/td>\n<td align=\"center\">\n\t\t\t\t\t5<\/td>\n<td align=\"center\">\n\t\t\t\t\tzale\u017cne od procesu<\/td>\n<td align=\"center\">\n\t\t\t\t\t6<\/td>\n<td align=\"center\">\n\t\t\t\t\t0,65<\/td>\n<\/tr>\n<tr>\n<td align=\"center\">\n\t\t\t\t\t095<\/td>\n<td align=\"center\">\n\t\t\t\t\t195 x 195<\/td>\n<td align=\"center\">\n\t\t\t\t\t50<\/td>\n<td align=\"center\">\n\t\t\t\t\t5<\/td>\n<td align=\"center\">\n\t\t\t\t\tzale\u017cne od procesu<\/td>\n<td align=\"center\">\n\t\t\t\t\t6<\/td>\n<td align=\"center\">\n\t\t\t\t\t0,70<\/td>\n<\/tr>\n<tr>\n<td align=\"center\">\n\t\t\t\t\t100<\/td>\n<td align=\"center\">\n\t\t\t\t\t100 x 100<\/td>\n<td align=\"center\">\n\t\t\t\t\t50<\/td>\n<td align=\"center\">\n\t\t\t\t\t5<\/td>\n<td align=\"center\">\n\t\t\t\t\tzale\u017cne od procesu<\/td>\n<td align=\"center\">\n\t\t\t\t\t6<\/td>\n<td align=\"center\">\n\t\t\t\t\t0,70<\/td>\n<\/tr>\n<tr>\n<td align=\"center\">\n\t\t\t\t\t120<\/td>\n<td align=\"center\">\n\t\t\t\t\t120 x 120<\/td>\n<td align=\"center\">\n\t\t\t\t\t50<\/td>\n<td align=\"center\">\n\t\t\t\t\t5<\/td>\n<td align=\"center\">\n\t\t\t\t\tzale\u017cne od procesu<\/td>\n<td align=\"center\">\n\t\t\t\t\t6<\/td>\n<td align=\"center\">\n\t\t\t\t\t0,80<\/td>\n<\/tr>\n<\/tbody>\n<\/table>\n<p>\n\t\t<span style=\"font-size:8px;\">Wszystkie wymiary w mm<\/span><\/p>\n<\/div>\n","protected":false},"excerpt":{"rendered":"<p>Wed\u0142ug kszta\u0142tu przekroju poprzecznego rozr&oacute;\u017cnia si\u0119 pomi\u0119dzy okr\u0105g\u0142ymi i kwadratowymi rurami spustowymi. Spoina wzd\u0142u\u017cna mo\u017ce by\u0107 wykonana nast\u0119puj\u0105co: lutowana spawana falcowana (falc prze\u0142o\u017cony) Rury spustowe okr\u0105g\u0142e Wymiary i tolerancje do utrzymania Tabela 4 Rozmiar nominalny \u015arednica (wewn\u0105trz) &plusmn;1 Wtykanie min. Szeroko\u015b\u0107 spoiny lutowanej (wi\u0105zanej) min. Szeroko\u015b\u0107 spoiny spawanej Szeroko\u015b\u0107 falcu (prze\u0142o\u017conego) min. Nominalna grubo\u015b\u0107 blachy [&hellip;]<\/p>\n","protected":false},"author":9,"featured_media":0,"parent":0,"menu_order":1140,"comment_status":"closed","ping_status":"closed","template":"template-import.php","meta":{"_acf_changed":false,"footnotes":""},"class_list":["post-31153","page","type-page","status-publish","hentry"],"acf":[],"yoast_head":"<!-- This site is optimized with the Yoast SEO plugin v26.8 - https:\/\/yoast.com\/product\/yoast-seo-wordpress\/ -->\n<title>Rury spustowe &#8211; NedZink<\/title>\n<meta name=\"robots\" content=\"index, follow, max-snippet:-1, max-image-preview:large, max-video-preview:-1\" \/>\n<link rel=\"canonical\" href=\"https:\/\/www.nedzink.com\/pl\/rury-spustowe\/\" \/>\n<meta property=\"og:locale\" content=\"pl_PL\" \/>\n<meta property=\"og:type\" content=\"article\" \/>\n<meta property=\"og:title\" content=\"Rury spustowe &#8211; NedZink\" \/>\n<meta property=\"og:description\" content=\"Wed\u0142ug kszta\u0142tu przekroju poprzecznego rozr&oacute;\u017cnia si\u0119 pomi\u0119dzy okr\u0105g\u0142ymi i kwadratowymi rurami spustowymi. Spoina wzd\u0142u\u017cna mo\u017ce by\u0107 wykonana nast\u0119puj\u0105co: lutowana spawana falcowana (falc prze\u0142o\u017cony) Rury spustowe okr\u0105g\u0142e Wymiary i tolerancje do utrzymania Tabela 4 Rozmiar nominalny \u015arednica (wewn\u0105trz) &plusmn;1 Wtykanie min. Szeroko\u015b\u0107 spoiny lutowanej (wi\u0105zanej) min. Szeroko\u015b\u0107 spoiny spawanej Szeroko\u015b\u0107 falcu (prze\u0142o\u017conego) min. Nominalna grubo\u015b\u0107 blachy [&hellip;]\" \/>\n<meta property=\"og:url\" content=\"https:\/\/www.nedzink.com\/pl\/rury-spustowe\/\" \/>\n<meta property=\"og:site_name\" content=\"NedZink\" \/>\n<meta property=\"og:image\" content=\"https:\/\/www.nedzink.com\/wp-content\/uploads\/import\/cms\/userfiles\/images\/bild-92_1.jpg\" \/>\n<meta name=\"twitter:card\" content=\"summary_large_image\" \/>\n<meta name=\"twitter:label1\" content=\"Szacowany czas czytania\" \/>\n\t<meta name=\"twitter:data1\" content=\"1 minuta\" \/>\n<script type=\"application\/ld+json\" class=\"yoast-schema-graph\">{\"@context\":\"https:\/\/schema.org\",\"@graph\":[{\"@type\":\"WebPage\",\"@id\":\"https:\/\/www.nedzink.com\/pl\/rury-spustowe\/\",\"url\":\"https:\/\/www.nedzink.com\/pl\/rury-spustowe\/\",\"name\":\"Rury spustowe &#8211; NedZink\",\"isPartOf\":{\"@id\":\"https:\/\/www.nedzink.com\/pl\/#website\"},\"primaryImageOfPage\":{\"@id\":\"https:\/\/www.nedzink.com\/pl\/rury-spustowe\/#primaryimage\"},\"image\":{\"@id\":\"https:\/\/www.nedzink.com\/pl\/rury-spustowe\/#primaryimage\"},\"thumbnailUrl\":\"https:\/\/www.nedzink.com\/wp-content\/uploads\/import\/cms\/userfiles\/images\/bild-92_1.jpg\",\"datePublished\":\"2019-06-04T12:58:34+00:00\",\"breadcrumb\":{\"@id\":\"https:\/\/www.nedzink.com\/pl\/rury-spustowe\/#breadcrumb\"},\"inLanguage\":\"pl-PL\",\"potentialAction\":[{\"@type\":\"ReadAction\",\"target\":[\"https:\/\/www.nedzink.com\/pl\/rury-spustowe\/\"]}]},{\"@type\":\"ImageObject\",\"inLanguage\":\"pl-PL\",\"@id\":\"https:\/\/www.nedzink.com\/pl\/rury-spustowe\/#primaryimage\",\"url\":\"https:\/\/www.nedzink.com\/wp-content\/uploads\/import\/cms\/userfiles\/images\/bild-92_1.jpg\",\"contentUrl\":\"https:\/\/www.nedzink.com\/wp-content\/uploads\/import\/cms\/userfiles\/images\/bild-92_1.jpg\"},{\"@type\":\"BreadcrumbList\",\"@id\":\"https:\/\/www.nedzink.com\/pl\/rury-spustowe\/#breadcrumb\",\"itemListElement\":[{\"@type\":\"ListItem\",\"position\":1,\"name\":\"Home\",\"item\":\"https:\/\/www.nedzink.com\/pl\/\"},{\"@type\":\"ListItem\",\"position\":2,\"name\":\"Rury spustowe\"}]},{\"@type\":\"WebSite\",\"@id\":\"https:\/\/www.nedzink.com\/pl\/#website\",\"url\":\"https:\/\/www.nedzink.com\/pl\/\",\"name\":\"NedZink\",\"description\":\"Zink fabrikant\",\"publisher\":{\"@id\":\"https:\/\/www.nedzink.com\/pl\/#organization\"},\"potentialAction\":[{\"@type\":\"SearchAction\",\"target\":{\"@type\":\"EntryPoint\",\"urlTemplate\":\"https:\/\/www.nedzink.com\/pl\/?s={search_term_string}\"},\"query-input\":{\"@type\":\"PropertyValueSpecification\",\"valueRequired\":true,\"valueName\":\"search_term_string\"}}],\"inLanguage\":\"pl-PL\"},{\"@type\":\"Organization\",\"@id\":\"https:\/\/www.nedzink.com\/pl\/#organization\",\"name\":\"NedZink\",\"url\":\"https:\/\/www.nedzink.com\/pl\/\",\"logo\":{\"@type\":\"ImageObject\",\"inLanguage\":\"pl-PL\",\"@id\":\"https:\/\/www.nedzink.com\/pl\/#\/schema\/logo\/image\/\",\"url\":\"https:\/\/www.nedzink.com\/wp-content\/uploads\/2019\/08\/logo-nedzink_fc_zk.jpg\",\"contentUrl\":\"https:\/\/www.nedzink.com\/wp-content\/uploads\/2019\/08\/logo-nedzink_fc_zk.jpg\",\"width\":2160,\"height\":688,\"caption\":\"NedZink\"},\"image\":{\"@id\":\"https:\/\/www.nedzink.com\/pl\/#\/schema\/logo\/image\/\"}}]}<\/script>\n<!-- \/ Yoast SEO plugin. -->","yoast_head_json":{"title":"Rury spustowe &#8211; NedZink","robots":{"index":"index","follow":"follow","max-snippet":"max-snippet:-1","max-image-preview":"max-image-preview:large","max-video-preview":"max-video-preview:-1"},"canonical":"https:\/\/www.nedzink.com\/pl\/rury-spustowe\/","og_locale":"pl_PL","og_type":"article","og_title":"Rury spustowe &#8211; NedZink","og_description":"Wed\u0142ug kszta\u0142tu przekroju poprzecznego rozr&oacute;\u017cnia si\u0119 pomi\u0119dzy okr\u0105g\u0142ymi i kwadratowymi rurami spustowymi. Spoina wzd\u0142u\u017cna mo\u017ce by\u0107 wykonana nast\u0119puj\u0105co: lutowana spawana falcowana (falc prze\u0142o\u017cony) Rury spustowe okr\u0105g\u0142e Wymiary i tolerancje do utrzymania Tabela 4 Rozmiar nominalny \u015arednica (wewn\u0105trz) &plusmn;1 Wtykanie min. Szeroko\u015b\u0107 spoiny lutowanej (wi\u0105zanej) min. Szeroko\u015b\u0107 spoiny spawanej Szeroko\u015b\u0107 falcu (prze\u0142o\u017conego) min. Nominalna grubo\u015b\u0107 blachy [&hellip;]","og_url":"https:\/\/www.nedzink.com\/pl\/rury-spustowe\/","og_site_name":"NedZink","og_image":[{"url":"https:\/\/www.nedzink.com\/wp-content\/uploads\/import\/cms\/userfiles\/images\/bild-92_1.jpg","type":"","width":"","height":""}],"twitter_card":"summary_large_image","twitter_misc":{"Szacowany czas czytania":"1 minuta"},"schema":{"@context":"https:\/\/schema.org","@graph":[{"@type":"WebPage","@id":"https:\/\/www.nedzink.com\/pl\/rury-spustowe\/","url":"https:\/\/www.nedzink.com\/pl\/rury-spustowe\/","name":"Rury spustowe &#8211; NedZink","isPartOf":{"@id":"https:\/\/www.nedzink.com\/pl\/#website"},"primaryImageOfPage":{"@id":"https:\/\/www.nedzink.com\/pl\/rury-spustowe\/#primaryimage"},"image":{"@id":"https:\/\/www.nedzink.com\/pl\/rury-spustowe\/#primaryimage"},"thumbnailUrl":"https:\/\/www.nedzink.com\/wp-content\/uploads\/import\/cms\/userfiles\/images\/bild-92_1.jpg","datePublished":"2019-06-04T12:58:34+00:00","breadcrumb":{"@id":"https:\/\/www.nedzink.com\/pl\/rury-spustowe\/#breadcrumb"},"inLanguage":"pl-PL","potentialAction":[{"@type":"ReadAction","target":["https:\/\/www.nedzink.com\/pl\/rury-spustowe\/"]}]},{"@type":"ImageObject","inLanguage":"pl-PL","@id":"https:\/\/www.nedzink.com\/pl\/rury-spustowe\/#primaryimage","url":"https:\/\/www.nedzink.com\/wp-content\/uploads\/import\/cms\/userfiles\/images\/bild-92_1.jpg","contentUrl":"https:\/\/www.nedzink.com\/wp-content\/uploads\/import\/cms\/userfiles\/images\/bild-92_1.jpg"},{"@type":"BreadcrumbList","@id":"https:\/\/www.nedzink.com\/pl\/rury-spustowe\/#breadcrumb","itemListElement":[{"@type":"ListItem","position":1,"name":"Home","item":"https:\/\/www.nedzink.com\/pl\/"},{"@type":"ListItem","position":2,"name":"Rury spustowe"}]},{"@type":"WebSite","@id":"https:\/\/www.nedzink.com\/pl\/#website","url":"https:\/\/www.nedzink.com\/pl\/","name":"NedZink","description":"Zink fabrikant","publisher":{"@id":"https:\/\/www.nedzink.com\/pl\/#organization"},"potentialAction":[{"@type":"SearchAction","target":{"@type":"EntryPoint","urlTemplate":"https:\/\/www.nedzink.com\/pl\/?s={search_term_string}"},"query-input":{"@type":"PropertyValueSpecification","valueRequired":true,"valueName":"search_term_string"}}],"inLanguage":"pl-PL"},{"@type":"Organization","@id":"https:\/\/www.nedzink.com\/pl\/#organization","name":"NedZink","url":"https:\/\/www.nedzink.com\/pl\/","logo":{"@type":"ImageObject","inLanguage":"pl-PL","@id":"https:\/\/www.nedzink.com\/pl\/#\/schema\/logo\/image\/","url":"https:\/\/www.nedzink.com\/wp-content\/uploads\/2019\/08\/logo-nedzink_fc_zk.jpg","contentUrl":"https:\/\/www.nedzink.com\/wp-content\/uploads\/2019\/08\/logo-nedzink_fc_zk.jpg","width":2160,"height":688,"caption":"NedZink"},"image":{"@id":"https:\/\/www.nedzink.com\/pl\/#\/schema\/logo\/image\/"}}]}},"_links":{"self":[{"href":"https:\/\/www.nedzink.com\/pl\/wp-json\/wp\/v2\/pages\/31153","targetHints":{"allow":["GET"]}}],"collection":[{"href":"https:\/\/www.nedzink.com\/pl\/wp-json\/wp\/v2\/pages"}],"about":[{"href":"https:\/\/www.nedzink.com\/pl\/wp-json\/wp\/v2\/types\/page"}],"author":[{"embeddable":true,"href":"https:\/\/www.nedzink.com\/pl\/wp-json\/wp\/v2\/users\/9"}],"replies":[{"embeddable":true,"href":"https:\/\/www.nedzink.com\/pl\/wp-json\/wp\/v2\/comments?post=31153"}],"version-history":[{"count":0,"href":"https:\/\/www.nedzink.com\/pl\/wp-json\/wp\/v2\/pages\/31153\/revisions"}],"wp:attachment":[{"href":"https:\/\/www.nedzink.com\/pl\/wp-json\/wp\/v2\/media?parent=31153"}],"curies":[{"name":"wp","href":"https:\/\/api.w.org\/{rel}","templated":true}]}}