{"id":31099,"date":"2019-06-04T14:56:24","date_gmt":"2019-06-04T12:56:24","guid":{"rendered":"http:\/\/136.144.181.85\/~nedzink\/informacje-techniczne\/elementy-budowlane\/profile-budowlane-profile-specjalne\/"},"modified":"2019-06-04T14:56:24","modified_gmt":"2019-06-04T12:56:24","slug":"profile-budowlane-profile-specjalne","status":"publish","type":"page","link":"https:\/\/www.nedzink.com\/pl\/elementy-budowlane\/profile-budowlane-profile-specjalne\/","title":{"rendered":"Profile budowlane, profile specjalne"},"content":{"rendered":"<div class=\"contentStyle\" style=\"margin: 10px 0px\">\n<p>\n\t\tDodatkowo do profili omawianych w innych rozdzia\u0142ach, mo\u017cliwe s\u0105 tak\u017ce inne dowolnie formowalne produkty. Faktyczny kszta\u0142t profilu wynika z mo\u017cliwo\u015bci stosowanych narz\u0119dzi formuj\u0105cych.<\/p>\n<p>\n\t\t<strong>Profile prasowane<\/strong><\/p>\n<p>\n\t\tProsta blacha formowana jest ci\u015bnieniem pomi\u0119dzy form\u0105 pozytywn\u0105 i negatywn\u0105. Ci\u015bnienie to pierwotnie powstawa\u0142o poprzez spadanie ci\u0119\u017carka. Dzi\u015b produkcja prasowanych profili mo\u017cliwa ju\u017c jednak jest przy u\u017cyciu nowoczesnych pras.<\/p>\n<p>\n\t\tPrzyk\u0142ady: blachy gontowe, blachy ochronne \u017caluzji<\/p>\n<p>\n\t\t<strong>Profile \u015bciskane <\/strong><\/p>\n<p>\n\t\tPoprzez \u015bciskanie produkuje si\u0119 symetryczne elementy rotacyjne. Blacha rozpi\u0119ta jest na rotuj\u0105cym wale i zostaje \u015bci\u015bni\u0119ta do oczekiwanej formy za pomoc\u0105 dr\u0105\u017cka przez \u0142o\u017cysko oporowe.<\/p>\n<p>\n\t\tPrzyk\u0142ad: P&oacute;\u0142kula\/Kula<\/p>\n<p>\n\t\t<strong>Profile z pras kraw\u0119dziowych<\/strong><\/p>\n<p>\n\t\tDodatkowo poza profilami produkowanymi zwyk\u0142ymi zaginarkami, do skomplikowanych przegi\u0119\u0107 zastosowane mog\u0105 zosta\u0107 tak\u017ce prasy kraw\u0119dziowe.<\/p>\n<p>\tPrzyk\u0142ad: Profile po\u0142\u0105czeniowe z wi\u0119ksz\u0105 ilo\u015bci\u0105 wygi\u0119\u0107 180 stopni.<\/p><\/div>\n","protected":false},"excerpt":{"rendered":"<p>Dodatkowo do profili omawianych w innych rozdzia\u0142ach, mo\u017cliwe s\u0105 tak\u017ce inne dowolnie formowalne produkty. Faktyczny kszta\u0142t profilu wynika z mo\u017cliwo\u015bci stosowanych narz\u0119dzi formuj\u0105cych. Profile prasowane Prosta blacha formowana jest ci\u015bnieniem pomi\u0119dzy form\u0105 pozytywn\u0105 i negatywn\u0105. Ci\u015bnienie to pierwotnie powstawa\u0142o poprzez spadanie ci\u0119\u017carka. Dzi\u015b produkcja prasowanych profili mo\u017cliwa ju\u017c jednak jest przy u\u017cyciu nowoczesnych pras. Przyk\u0142ady: [&hellip;]<\/p>\n","protected":false},"author":9,"featured_media":0,"parent":31009,"menu_order":1080,"comment_status":"closed","ping_status":"closed","template":"template-import.php","meta":{"_acf_changed":false,"footnotes":""},"class_list":["post-31099","page","type-page","status-publish","hentry"],"acf":[],"yoast_head":"<!-- This site is optimized with the Yoast SEO plugin v26.8 - https:\/\/yoast.com\/product\/yoast-seo-wordpress\/ -->\n<title>Profile budowlane, profile specjalne \u2013 NedZink<\/title>\n<meta name=\"robots\" content=\"index, follow, max-snippet:-1, max-image-preview:large, max-video-preview:-1\" \/>\n<link rel=\"canonical\" href=\"https:\/\/www.nedzink.com\/pl\/elementy-budowlane\/profile-budowlane-profile-specjalne\/\" \/>\n<meta property=\"og:locale\" content=\"pl_PL\" \/>\n<meta property=\"og:type\" content=\"article\" \/>\n<meta property=\"og:title\" content=\"Profile budowlane, profile specjalne \u2013 NedZink\" \/>\n<meta property=\"og:description\" content=\"Dodatkowo do profili omawianych w innych rozdzia\u0142ach, mo\u017cliwe s\u0105 tak\u017ce inne dowolnie formowalne produkty. Faktyczny kszta\u0142t profilu wynika z mo\u017cliwo\u015bci stosowanych narz\u0119dzi formuj\u0105cych. Profile prasowane Prosta blacha formowana jest ci\u015bnieniem pomi\u0119dzy form\u0105 pozytywn\u0105 i negatywn\u0105. Ci\u015bnienie to pierwotnie powstawa\u0142o poprzez spadanie ci\u0119\u017carka. Dzi\u015b produkcja prasowanych profili mo\u017cliwa ju\u017c jednak jest przy u\u017cyciu nowoczesnych pras. Przyk\u0142ady: [&hellip;]\" \/>\n<meta property=\"og:url\" content=\"https:\/\/www.nedzink.com\/pl\/elementy-budowlane\/profile-budowlane-profile-specjalne\/\" \/>\n<meta property=\"og:site_name\" content=\"NedZink\" \/>\n<meta name=\"twitter:card\" content=\"summary_large_image\" \/>\n<meta name=\"twitter:label1\" content=\"Szacowany czas czytania\" \/>\n\t<meta name=\"twitter:data1\" content=\"1 minuta\" \/>\n<script type=\"application\/ld+json\" class=\"yoast-schema-graph\">{\"@context\":\"https:\/\/schema.org\",\"@graph\":[{\"@type\":\"WebPage\",\"@id\":\"https:\/\/www.nedzink.com\/pl\/elementy-budowlane\/profile-budowlane-profile-specjalne\/\",\"url\":\"https:\/\/www.nedzink.com\/pl\/elementy-budowlane\/profile-budowlane-profile-specjalne\/\",\"name\":\"Profile budowlane, profile specjalne \u2013 NedZink\",\"isPartOf\":{\"@id\":\"https:\/\/www.nedzink.com\/pl\/#website\"},\"datePublished\":\"2019-06-04T12:56:24+00:00\",\"breadcrumb\":{\"@id\":\"https:\/\/www.nedzink.com\/pl\/elementy-budowlane\/profile-budowlane-profile-specjalne\/#breadcrumb\"},\"inLanguage\":\"pl-PL\",\"potentialAction\":[{\"@type\":\"ReadAction\",\"target\":[\"https:\/\/www.nedzink.com\/pl\/elementy-budowlane\/profile-budowlane-profile-specjalne\/\"]}]},{\"@type\":\"BreadcrumbList\",\"@id\":\"https:\/\/www.nedzink.com\/pl\/elementy-budowlane\/profile-budowlane-profile-specjalne\/#breadcrumb\",\"itemListElement\":[{\"@type\":\"ListItem\",\"position\":1,\"name\":\"Home\",\"item\":\"https:\/\/www.nedzink.com\/pl\/\"},{\"@type\":\"ListItem\",\"position\":2,\"name\":\"Elementy budowlane\",\"item\":\"https:\/\/www.nedzink.com\/pl\/elementy-budowlane\/\"},{\"@type\":\"ListItem\",\"position\":3,\"name\":\"Profile budowlane, profile specjalne\"}]},{\"@type\":\"WebSite\",\"@id\":\"https:\/\/www.nedzink.com\/pl\/#website\",\"url\":\"https:\/\/www.nedzink.com\/pl\/\",\"name\":\"NedZink\",\"description\":\"Zink fabrikant\",\"publisher\":{\"@id\":\"https:\/\/www.nedzink.com\/pl\/#organization\"},\"potentialAction\":[{\"@type\":\"SearchAction\",\"target\":{\"@type\":\"EntryPoint\",\"urlTemplate\":\"https:\/\/www.nedzink.com\/pl\/?s={search_term_string}\"},\"query-input\":{\"@type\":\"PropertyValueSpecification\",\"valueRequired\":true,\"valueName\":\"search_term_string\"}}],\"inLanguage\":\"pl-PL\"},{\"@type\":\"Organization\",\"@id\":\"https:\/\/www.nedzink.com\/pl\/#organization\",\"name\":\"NedZink\",\"url\":\"https:\/\/www.nedzink.com\/pl\/\",\"logo\":{\"@type\":\"ImageObject\",\"inLanguage\":\"pl-PL\",\"@id\":\"https:\/\/www.nedzink.com\/pl\/#\/schema\/logo\/image\/\",\"url\":\"https:\/\/www.nedzink.com\/wp-content\/uploads\/2019\/08\/logo-nedzink_fc_zk.jpg\",\"contentUrl\":\"https:\/\/www.nedzink.com\/wp-content\/uploads\/2019\/08\/logo-nedzink_fc_zk.jpg\",\"width\":2160,\"height\":688,\"caption\":\"NedZink\"},\"image\":{\"@id\":\"https:\/\/www.nedzink.com\/pl\/#\/schema\/logo\/image\/\"}}]}<\/script>\n<!-- \/ Yoast SEO plugin. -->","yoast_head_json":{"title":"Profile budowlane, profile specjalne \u2013 NedZink","robots":{"index":"index","follow":"follow","max-snippet":"max-snippet:-1","max-image-preview":"max-image-preview:large","max-video-preview":"max-video-preview:-1"},"canonical":"https:\/\/www.nedzink.com\/pl\/elementy-budowlane\/profile-budowlane-profile-specjalne\/","og_locale":"pl_PL","og_type":"article","og_title":"Profile budowlane, profile specjalne \u2013 NedZink","og_description":"Dodatkowo do profili omawianych w innych rozdzia\u0142ach, mo\u017cliwe s\u0105 tak\u017ce inne dowolnie formowalne produkty. Faktyczny kszta\u0142t profilu wynika z mo\u017cliwo\u015bci stosowanych narz\u0119dzi formuj\u0105cych. Profile prasowane Prosta blacha formowana jest ci\u015bnieniem pomi\u0119dzy form\u0105 pozytywn\u0105 i negatywn\u0105. Ci\u015bnienie to pierwotnie powstawa\u0142o poprzez spadanie ci\u0119\u017carka. Dzi\u015b produkcja prasowanych profili mo\u017cliwa ju\u017c jednak jest przy u\u017cyciu nowoczesnych pras. Przyk\u0142ady: [&hellip;]","og_url":"https:\/\/www.nedzink.com\/pl\/elementy-budowlane\/profile-budowlane-profile-specjalne\/","og_site_name":"NedZink","twitter_card":"summary_large_image","twitter_misc":{"Szacowany czas czytania":"1 minuta"},"schema":{"@context":"https:\/\/schema.org","@graph":[{"@type":"WebPage","@id":"https:\/\/www.nedzink.com\/pl\/elementy-budowlane\/profile-budowlane-profile-specjalne\/","url":"https:\/\/www.nedzink.com\/pl\/elementy-budowlane\/profile-budowlane-profile-specjalne\/","name":"Profile budowlane, profile specjalne \u2013 NedZink","isPartOf":{"@id":"https:\/\/www.nedzink.com\/pl\/#website"},"datePublished":"2019-06-04T12:56:24+00:00","breadcrumb":{"@id":"https:\/\/www.nedzink.com\/pl\/elementy-budowlane\/profile-budowlane-profile-specjalne\/#breadcrumb"},"inLanguage":"pl-PL","potentialAction":[{"@type":"ReadAction","target":["https:\/\/www.nedzink.com\/pl\/elementy-budowlane\/profile-budowlane-profile-specjalne\/"]}]},{"@type":"BreadcrumbList","@id":"https:\/\/www.nedzink.com\/pl\/elementy-budowlane\/profile-budowlane-profile-specjalne\/#breadcrumb","itemListElement":[{"@type":"ListItem","position":1,"name":"Home","item":"https:\/\/www.nedzink.com\/pl\/"},{"@type":"ListItem","position":2,"name":"Elementy budowlane","item":"https:\/\/www.nedzink.com\/pl\/elementy-budowlane\/"},{"@type":"ListItem","position":3,"name":"Profile budowlane, profile specjalne"}]},{"@type":"WebSite","@id":"https:\/\/www.nedzink.com\/pl\/#website","url":"https:\/\/www.nedzink.com\/pl\/","name":"NedZink","description":"Zink fabrikant","publisher":{"@id":"https:\/\/www.nedzink.com\/pl\/#organization"},"potentialAction":[{"@type":"SearchAction","target":{"@type":"EntryPoint","urlTemplate":"https:\/\/www.nedzink.com\/pl\/?s={search_term_string}"},"query-input":{"@type":"PropertyValueSpecification","valueRequired":true,"valueName":"search_term_string"}}],"inLanguage":"pl-PL"},{"@type":"Organization","@id":"https:\/\/www.nedzink.com\/pl\/#organization","name":"NedZink","url":"https:\/\/www.nedzink.com\/pl\/","logo":{"@type":"ImageObject","inLanguage":"pl-PL","@id":"https:\/\/www.nedzink.com\/pl\/#\/schema\/logo\/image\/","url":"https:\/\/www.nedzink.com\/wp-content\/uploads\/2019\/08\/logo-nedzink_fc_zk.jpg","contentUrl":"https:\/\/www.nedzink.com\/wp-content\/uploads\/2019\/08\/logo-nedzink_fc_zk.jpg","width":2160,"height":688,"caption":"NedZink"},"image":{"@id":"https:\/\/www.nedzink.com\/pl\/#\/schema\/logo\/image\/"}}]}},"_links":{"self":[{"href":"https:\/\/www.nedzink.com\/pl\/wp-json\/wp\/v2\/pages\/31099","targetHints":{"allow":["GET"]}}],"collection":[{"href":"https:\/\/www.nedzink.com\/pl\/wp-json\/wp\/v2\/pages"}],"about":[{"href":"https:\/\/www.nedzink.com\/pl\/wp-json\/wp\/v2\/types\/page"}],"author":[{"embeddable":true,"href":"https:\/\/www.nedzink.com\/pl\/wp-json\/wp\/v2\/users\/9"}],"replies":[{"embeddable":true,"href":"https:\/\/www.nedzink.com\/pl\/wp-json\/wp\/v2\/comments?post=31099"}],"version-history":[{"count":0,"href":"https:\/\/www.nedzink.com\/pl\/wp-json\/wp\/v2\/pages\/31099\/revisions"}],"up":[{"embeddable":true,"href":"https:\/\/www.nedzink.com\/pl\/wp-json\/wp\/v2\/pages\/31009"}],"wp:attachment":[{"href":"https:\/\/www.nedzink.com\/pl\/wp-json\/wp\/v2\/media?parent=31099"}],"curies":[{"name":"wp","href":"https:\/\/api.w.org\/{rel}","templated":true}]}}